{"id":3098,"date":"2021-05-16T14:43:55","date_gmt":"2021-05-16T12:43:55","guid":{"rendered":"https:\/\/sikati.de\/?page_id=3098"},"modified":"2025-10-22T02:48:41","modified_gmt":"2025-10-22T00:48:41","slug":"versand-zahlung","status":"publish","type":"page","link":"https:\/\/www.sikati.de\/en\/versand-zahlung\/","title":{"rendered":"VERSAND &#038; ZAHLUNG"},"content":{"rendered":"<div data-elementor-type=\"wp-page\" data-elementor-id=\"3098\" class=\"elementor elementor-3098\">\n\t\t\t\t\t\t<section class=\"elementor-section elementor-top-section elementor-element elementor-element-3df583f elementor-section-boxed elementor-section-height-default elementor-section-height-default\" data-id=\"3df583f\" data-element_type=\"section\" data-e-type=\"section\">\n\t\t\t\t\t\t<div class=\"elementor-container elementor-column-gap-default\">\n\t\t\t\t\t<div class=\"elementor-column elementor-col-100 elementor-top-column elementor-element elementor-element-3c8dacc\" data-id=\"3c8dacc\" data-element_type=\"column\" data-e-type=\"column\">\n\t\t\t<div class=\"elementor-column-wrap--3c8dacc elementor-widget-wrap elementor-element-populated\">\n\t\t\t\t\t\t<div class=\"elementor-element elementor-element-c95bcc5 elementor-widget elementor-widget-heading\" data-id=\"c95bcc5\" data-element_type=\"widget\" data-e-type=\"widget\" data-widget_type=\"heading.default\">\n\t\t\t\t<div class=\"elementor-widget-container\">\n\t\t\t\t\t<h2 class=\"elementor-heading-title elementor-size-default\">SHIPPING &amp; PAYMENT<\/h2>\t\t\t\t<\/div>\n\t\t\t\t<\/div>\n\t\t\t\t\t<\/div>\n\t\t<\/div>\n\t\t\t\t\t<\/div>\n\t\t<\/section>\n\t\t\t\t<section class=\"elementor-section elementor-top-section elementor-element elementor-element-72c03f9 elementor-section-boxed elementor-section-height-default elementor-section-height-default\" data-id=\"72c03f9\" data-element_type=\"section\" data-e-type=\"section\">\n\t\t\t\t\t\t<div class=\"elementor-container elementor-column-gap-default\">\n\t\t\t\t\t<div class=\"elementor-column elementor-col-100 elementor-top-column elementor-element elementor-element-c83445c\" data-id=\"c83445c\" data-element_type=\"column\" data-e-type=\"column\">\n\t\t\t<div class=\"elementor-column-wrap--c83445c elementor-widget-wrap elementor-element-populated\">\n\t\t\t\t\t\t<div class=\"elementor-element elementor-element-50631fa elementor-widget elementor-widget-image\" data-id=\"50631fa\" data-element_type=\"widget\" data-e-type=\"widget\" data-widget_type=\"image.default\">\n\t\t\t\t<div class=\"elementor-widget-container\">\n\t\t\t\t\t\t\t\t\t\t\t\t\t\t\t<img decoding=\"async\" src=\"https:\/\/sikati.de\/wp-content\/uploads\/2019\/03\/hermes-logo.png\" title=\"\" alt=\"\" loading=\"lazy\" \/>\t\t\t\t\t\t\t\t\t\t\t\t\t\t\t<\/div>\n\t\t\t\t<\/div>\n\t\t\t\t<div class=\"elementor-element elementor-element-d35e138 elementor-widget elementor-widget-text-editor\" data-id=\"d35e138\" data-element_type=\"widget\" data-e-type=\"widget\" data-widget_type=\"text-editor.default\">\n\t\t\t\t<div class=\"elementor-widget-container\">\n\t\t\t\t\t\t\t\t\t<p><b>SHIPMENT<\/b><\/p><p>Our goods are shipped via DHL\/Hermes.<\/p>\t\t\t\t\t\t\t\t<\/div>\n\t\t\t\t<\/div>\n\t\t\t\t\t<\/div>\n\t\t<\/div>\n\t\t\t\t\t<\/div>\n\t\t<\/section>\n\t\t\t\t<section class=\"elementor-section elementor-top-section elementor-element elementor-element-08f0d25 elementor-section-boxed elementor-section-height-default elementor-section-height-default\" data-id=\"08f0d25\" data-element_type=\"section\" data-e-type=\"section\">\n\t\t\t\t\t\t<div class=\"elementor-container elementor-column-gap-default\">\n\t\t\t\t\t<div class=\"elementor-column elementor-col-100 elementor-top-column elementor-element elementor-element-233300e\" data-id=\"233300e\" data-element_type=\"column\" data-e-type=\"column\">\n\t\t\t<div class=\"elementor-column-wrap--233300e elementor-widget-wrap elementor-element-populated\">\n\t\t\t\t\t\t<div class=\"elementor-element elementor-element-2573853 elementor-widget elementor-widget-text-editor\" data-id=\"2573853\" data-element_type=\"widget\" data-e-type=\"widget\" data-widget_type=\"text-editor.default\">\n\t\t\t\t<div class=\"elementor-widget-container\">\n\t\t\t\t\t\t\t\t\t<p><b>IMPORTANT NOTE ABOUT OUR ARTICLES<\/b>\u00a0<\/p><p>Die in unserem Onlineshop angebotenen Artikel sind keine Massenanfertigungen, sondern einzigartige Unikate, die wir in enger Zusammenarbeit mit unseren Kunsthandwerkern und Schneidern in Afrika entwerfen und herstellen.<br data-start=\"537\" data-end=\"540\" \/>Daher k\u00f6nnen minimale Abweichungen vom abgebildeten Produktfoto auftreten \u2013 zum Beispiel durch nat\u00fcrliche Unterschiede in Maserung, Farbe oder Struktur der verwendeten Materialien.<br data-start=\"730\" data-end=\"733\" data-is-only-node=\"\" \/>Diese handwerklichen Besonderheiten sind kein Reklamationsgrund, sondern unterstreichen auf liebevolle Weise die Einmaligkeit und Authentizit\u00e4t jedes einzelnen St\u00fccks.<\/p><p><b>SHIPPING TIME<\/b><\/p><p>*Wir verschicken <strong>versandkostenfrei<\/strong> innerhalb Deutschlands.<\/p><table cellspacing=\"0\" cellpadding=\"0\"><tbody><tr><td valign=\"bottom\"><b>Delivery time\u00a0<\/b><\/td><td valign=\"bottom\"><b>Goods in stock<\/b><\/td><td valign=\"bottom\"><b>Goods on backorder<\/b><\/td><\/tr><tr><td valign=\"bottom\">\u00a0<\/td><td valign=\"bottom\">\u00a0<\/td><td valign=\"bottom\">\u00a0<\/td><\/tr><tr><td valign=\"bottom\">Versand innerhalb Deutschland (DE)<\/td><td valign=\"bottom\">2 &#8211; 5 Werktage<\/td><td valign=\"bottom\">1 \u2013 4 weeks<\/td><\/tr><tr><td valign=\"bottom\"><p style=\"text-align: left;\">Versand innerhalb der Europ\u00e4ischen Union (EU)<\/p><\/td><td valign=\"bottom\"><p>5 &#8211; 10 Werktage<\/p><\/td><td valign=\"bottom\"><p>1 \u2013 4 weeks<\/p><\/td><\/tr><tr><td valign=\"bottom\">Versand in die Schweiz (CH)<\/td><td valign=\"bottom\">5 &#8211; 10 Werktage<\/td><td valign=\"bottom\">1 \u2013 4 weeks<\/td><\/tr><\/tbody><\/table><p>*Internationale Lieferungen dauern in der Regel zwischen 7 und 21 Werktagen, abh\u00e4ngig vom Zielland und der Zollabwicklung.<\/p><p><b>SHIPPING ABROAD<\/b><\/p><p>Bei Lieferungen von Paketen und P\u00e4ckchen in L\u00e4nder au\u00dferhalb der Europ\u00e4ischen Union k\u00f6nnen Z\u00f6lle, Steuern und zus\u00e4tzliche Geb\u00fchren anfallen, die nicht im angezeigten Gesamtpreis enthalten sind. Diese Kosten werden vom Empf\u00e4nger beim Erhalt des Pakets getragen.<br data-start=\"430\" data-end=\"433\" \/>Bitte beachten Sie au\u00dferdem die individuellen Versandkosten sowie die Einfuhr- und Zollbestimmungen des jeweiligen Ziellandes.<\/p><p><b style=\"background-color: var(--body-bg-color); color: var(--body-color); font-family: var(--body-font-family); font-size: var(--body-font-size);\">PAYMENT OPTIONS<\/b><\/p><p>We accept the following payment methods:<\/p><ul><li>Paypal<\/li><li>Visa<\/li><li>American Express<\/li><li>Mastercard<\/li><li>Transfer<\/li><li>Direct debit<\/li><li>Instant bank transfer<\/li><\/ul>\t\t\t\t\t\t\t\t<\/div>\n\t\t\t\t<\/div>\n\t\t\t\t\t<\/div>\n\t\t<\/div>\n\t\t\t\t\t<\/div>\n\t\t<\/section>\n\t\t\t\t<\/div>","protected":false},"excerpt":{"rendered":"<p>VERSAND &amp; ZAHLUNG VERSAND Der Versand unserer Ware erfolgt \u00fcber DHL\/Hermes. WICHTIGER HINWEIS ZUR UNSEREN ARTIKELN\u00a0 Die in unserem Onlineshop angebotenen Artikel sind keine Massenanfertigungen, sondern einzigartige Unikate, die wir in enger Zusammenarbeit mit unseren Kunsthandwerkern und Schneidern in Afrika entwerfen und herstellen.Daher k\u00f6nnen minimale Abweichungen vom abgebildeten Produktfoto auftreten \u2013 zum Beispiel durch nat\u00fcrliche [&hellip;]<\/p>\n","protected":false},"author":1,"featured_media":0,"parent":0,"menu_order":0,"comment_status":"closed","ping_status":"closed","template":"elementor_header_footer","meta":{"_acf_changed":false,"footnotes":""},"class_list":["post-3098","page","type-page","status-publish","hentry"],"acf":[],"yoast_head":"<!-- This site is optimized with the Yoast SEO plugin v27.3 - https:\/\/yoast.com\/product\/yoast-seo-wordpress\/ -->\n<title>VERSAND &amp; ZAHLUNG - Sikat\u00ed<\/title>\n<meta name=\"robots\" content=\"index, follow, max-snippet:-1, max-image-preview:large, max-video-preview:-1\" \/>\n<link rel=\"canonical\" href=\"https:\/\/www.sikati.de\/en\/versand-zahlung\/\" \/>\n<meta property=\"og:locale\" content=\"en_US\" \/>\n<meta property=\"og:type\" content=\"article\" \/>\n<meta property=\"og:title\" content=\"VERSAND &amp; ZAHLUNG - Sikat\u00ed\" \/>\n<meta property=\"og:description\" content=\"VERSAND &amp; ZAHLUNG VERSAND Der Versand unserer Ware erfolgt \u00fcber DHL\/Hermes. WICHTIGER HINWEIS ZUR UNSEREN ARTIKELN\u00a0 Die in unserem Onlineshop angebotenen Artikel sind keine Massenanfertigungen, sondern einzigartige Unikate, die wir in enger Zusammenarbeit mit unseren Kunsthandwerkern und Schneidern in Afrika entwerfen und herstellen.Daher k\u00f6nnen minimale Abweichungen vom abgebildeten Produktfoto auftreten \u2013 zum Beispiel durch nat\u00fcrliche [&hellip;]\" \/>\n<meta property=\"og:url\" content=\"https:\/\/www.sikati.de\/en\/versand-zahlung\/\" \/>\n<meta property=\"og:site_name\" content=\"Sikat\u00ed\" \/>\n<meta property=\"article:publisher\" content=\"https:\/\/www.facebook.com\/Arts.Decoration.Style\" \/>\n<meta property=\"article:modified_time\" content=\"2025-10-22T00:48:41+00:00\" \/>\n<meta property=\"og:image\" content=\"https:\/\/sikati.de\/wp-content\/uploads\/2019\/03\/hermes-logo.png\" \/>\n<meta name=\"twitter:card\" content=\"summary_large_image\" \/>\n<meta name=\"twitter:label1\" content=\"Est. reading time\" \/>\n\t<meta name=\"twitter:data1\" content=\"2 minutes\" \/>\n<script type=\"application\/ld+json\" class=\"yoast-schema-graph\">{\"@context\":\"https:\\\/\\\/schema.org\",\"@graph\":[{\"@type\":\"WebPage\",\"@id\":\"https:\\\/\\\/www.sikati.de\\\/versand-zahlung\\\/\",\"url\":\"https:\\\/\\\/www.sikati.de\\\/versand-zahlung\\\/\",\"name\":\"VERSAND & ZAHLUNG - Sikat\u00ed\",\"isPartOf\":{\"@id\":\"https:\\\/\\\/www.sikati.de\\\/#website\"},\"primaryImageOfPage\":{\"@id\":\"https:\\\/\\\/www.sikati.de\\\/versand-zahlung\\\/#primaryimage\"},\"image\":{\"@id\":\"https:\\\/\\\/www.sikati.de\\\/versand-zahlung\\\/#primaryimage\"},\"thumbnailUrl\":\"https:\\\/\\\/sikati.de\\\/wp-content\\\/uploads\\\/2019\\\/03\\\/hermes-logo.png\",\"datePublished\":\"2021-05-16T12:43:55+00:00\",\"dateModified\":\"2025-10-22T00:48:41+00:00\",\"breadcrumb\":{\"@id\":\"https:\\\/\\\/www.sikati.de\\\/versand-zahlung\\\/#breadcrumb\"},\"inLanguage\":\"en-US\",\"potentialAction\":[{\"@type\":\"ReadAction\",\"target\":[\"https:\\\/\\\/www.sikati.de\\\/versand-zahlung\\\/\"]}]},{\"@type\":\"ImageObject\",\"inLanguage\":\"en-US\",\"@id\":\"https:\\\/\\\/www.sikati.de\\\/versand-zahlung\\\/#primaryimage\",\"url\":\"https:\\\/\\\/sikati.de\\\/wp-content\\\/uploads\\\/2019\\\/03\\\/hermes-logo.png\",\"contentUrl\":\"https:\\\/\\\/sikati.de\\\/wp-content\\\/uploads\\\/2019\\\/03\\\/hermes-logo.png\"},{\"@type\":\"BreadcrumbList\",\"@id\":\"https:\\\/\\\/www.sikati.de\\\/versand-zahlung\\\/#breadcrumb\",\"itemListElement\":[{\"@type\":\"ListItem\",\"position\":1,\"name\":\"Startseite\",\"item\":\"https:\\\/\\\/www.sikati.de\\\/\"},{\"@type\":\"ListItem\",\"position\":2,\"name\":\"VERSAND &#038; ZAHLUNG\"}]},{\"@type\":\"WebSite\",\"@id\":\"https:\\\/\\\/www.sikati.de\\\/#website\",\"url\":\"https:\\\/\\\/www.sikati.de\\\/\",\"name\":\"Sikat\u00ed\",\"description\":\"Afro Contemporary Fashion &amp; Living\",\"publisher\":{\"@id\":\"https:\\\/\\\/www.sikati.de\\\/#organization\"},\"potentialAction\":[{\"@type\":\"SearchAction\",\"target\":{\"@type\":\"EntryPoint\",\"urlTemplate\":\"https:\\\/\\\/www.sikati.de\\\/?s={search_term_string}\"},\"query-input\":{\"@type\":\"PropertyValueSpecification\",\"valueRequired\":true,\"valueName\":\"search_term_string\"}}],\"inLanguage\":\"en-US\"},{\"@type\":\"Organization\",\"@id\":\"https:\\\/\\\/www.sikati.de\\\/#organization\",\"name\":\"Sikat\u00ed\",\"url\":\"https:\\\/\\\/www.sikati.de\\\/\",\"logo\":{\"@type\":\"ImageObject\",\"inLanguage\":\"en-US\",\"@id\":\"https:\\\/\\\/www.sikati.de\\\/#\\\/schema\\\/logo\\\/image\\\/\",\"url\":\"https:\\\/\\\/www.sikati.de\\\/wp-content\\\/uploads\\\/2019\\\/03\\\/cropped-cropped-sikati-logo.png\",\"contentUrl\":\"https:\\\/\\\/www.sikati.de\\\/wp-content\\\/uploads\\\/2019\\\/03\\\/cropped-cropped-sikati-logo.png\",\"width\":500,\"height\":201,\"caption\":\"Sikat\u00ed\"},\"image\":{\"@id\":\"https:\\\/\\\/www.sikati.de\\\/#\\\/schema\\\/logo\\\/image\\\/\"},\"sameAs\":[\"https:\\\/\\\/www.facebook.com\\\/Arts.Decoration.Style\",\"https:\\\/\\\/www.instagram.com\\\/sikati_arts\\\/\",\"https:\\\/\\\/www.tiktok.com\\\/@sikati_arts\"]}]}<\/script>\n<!-- \/ Yoast SEO plugin. -->","yoast_head_json":{"title":"VERSAND & ZAHLUNG - Sikat\u00ed","robots":{"index":"index","follow":"follow","max-snippet":"max-snippet:-1","max-image-preview":"max-image-preview:large","max-video-preview":"max-video-preview:-1"},"canonical":"https:\/\/www.sikati.de\/en\/versand-zahlung\/","og_locale":"en_US","og_type":"article","og_title":"VERSAND & ZAHLUNG - Sikat\u00ed","og_description":"VERSAND &amp; ZAHLUNG VERSAND Der Versand unserer Ware erfolgt \u00fcber DHL\/Hermes. WICHTIGER HINWEIS ZUR UNSEREN ARTIKELN\u00a0 Die in unserem Onlineshop angebotenen Artikel sind keine Massenanfertigungen, sondern einzigartige Unikate, die wir in enger Zusammenarbeit mit unseren Kunsthandwerkern und Schneidern in Afrika entwerfen und herstellen.Daher k\u00f6nnen minimale Abweichungen vom abgebildeten Produktfoto auftreten \u2013 zum Beispiel durch nat\u00fcrliche [&hellip;]","og_url":"https:\/\/www.sikati.de\/en\/versand-zahlung\/","og_site_name":"Sikat\u00ed","article_publisher":"https:\/\/www.facebook.com\/Arts.Decoration.Style","article_modified_time":"2025-10-22T00:48:41+00:00","og_image":[{"url":"https:\/\/sikati.de\/wp-content\/uploads\/2019\/03\/hermes-logo.png","type":"","width":"","height":""}],"twitter_card":"summary_large_image","twitter_misc":{"Est. reading time":"2 minutes"},"schema":{"@context":"https:\/\/schema.org","@graph":[{"@type":"WebPage","@id":"https:\/\/www.sikati.de\/versand-zahlung\/","url":"https:\/\/www.sikati.de\/versand-zahlung\/","name":"VERSAND & ZAHLUNG - Sikat\u00ed","isPartOf":{"@id":"https:\/\/www.sikati.de\/#website"},"primaryImageOfPage":{"@id":"https:\/\/www.sikati.de\/versand-zahlung\/#primaryimage"},"image":{"@id":"https:\/\/www.sikati.de\/versand-zahlung\/#primaryimage"},"thumbnailUrl":"https:\/\/sikati.de\/wp-content\/uploads\/2019\/03\/hermes-logo.png","datePublished":"2021-05-16T12:43:55+00:00","dateModified":"2025-10-22T00:48:41+00:00","breadcrumb":{"@id":"https:\/\/www.sikati.de\/versand-zahlung\/#breadcrumb"},"inLanguage":"en-US","potentialAction":[{"@type":"ReadAction","target":["https:\/\/www.sikati.de\/versand-zahlung\/"]}]},{"@type":"ImageObject","inLanguage":"en-US","@id":"https:\/\/www.sikati.de\/versand-zahlung\/#primaryimage","url":"https:\/\/sikati.de\/wp-content\/uploads\/2019\/03\/hermes-logo.png","contentUrl":"https:\/\/sikati.de\/wp-content\/uploads\/2019\/03\/hermes-logo.png"},{"@type":"BreadcrumbList","@id":"https:\/\/www.sikati.de\/versand-zahlung\/#breadcrumb","itemListElement":[{"@type":"ListItem","position":1,"name":"Startseite","item":"https:\/\/www.sikati.de\/"},{"@type":"ListItem","position":2,"name":"VERSAND &#038; ZAHLUNG"}]},{"@type":"WebSite","@id":"https:\/\/www.sikati.de\/#website","url":"https:\/\/www.sikati.de\/","name":"Sikati","description":"Afro Contemporary Fashion &amp; Living","publisher":{"@id":"https:\/\/www.sikati.de\/#organization"},"potentialAction":[{"@type":"SearchAction","target":{"@type":"EntryPoint","urlTemplate":"https:\/\/www.sikati.de\/?s={search_term_string}"},"query-input":{"@type":"PropertyValueSpecification","valueRequired":true,"valueName":"search_term_string"}}],"inLanguage":"en-US"},{"@type":"Organization","@id":"https:\/\/www.sikati.de\/#organization","name":"Sikati","url":"https:\/\/www.sikati.de\/","logo":{"@type":"ImageObject","inLanguage":"en-US","@id":"https:\/\/www.sikati.de\/#\/schema\/logo\/image\/","url":"https:\/\/www.sikati.de\/wp-content\/uploads\/2019\/03\/cropped-cropped-sikati-logo.png","contentUrl":"https:\/\/www.sikati.de\/wp-content\/uploads\/2019\/03\/cropped-cropped-sikati-logo.png","width":500,"height":201,"caption":"Sikat\u00ed"},"image":{"@id":"https:\/\/www.sikati.de\/#\/schema\/logo\/image\/"},"sameAs":["https:\/\/www.facebook.com\/Arts.Decoration.Style","https:\/\/www.instagram.com\/sikati_arts\/","https:\/\/www.tiktok.com\/@sikati_arts"]}]}},"_links":{"self":[{"href":"https:\/\/www.sikati.de\/en\/wp-json\/wp\/v2\/pages\/3098","targetHints":{"allow":["GET"]}}],"collection":[{"href":"https:\/\/www.sikati.de\/en\/wp-json\/wp\/v2\/pages"}],"about":[{"href":"https:\/\/www.sikati.de\/en\/wp-json\/wp\/v2\/types\/page"}],"author":[{"embeddable":true,"href":"https:\/\/www.sikati.de\/en\/wp-json\/wp\/v2\/users\/1"}],"replies":[{"embeddable":true,"href":"https:\/\/www.sikati.de\/en\/wp-json\/wp\/v2\/comments?post=3098"}],"version-history":[{"count":0,"href":"https:\/\/www.sikati.de\/en\/wp-json\/wp\/v2\/pages\/3098\/revisions"}],"wp:attachment":[{"href":"https:\/\/www.sikati.de\/en\/wp-json\/wp\/v2\/media?parent=3098"}],"curies":[{"name":"wp","href":"https:\/\/api.w.org\/{rel}","templated":true}]}}