{"id":12572,"date":"2025-07-13T17:18:40","date_gmt":"2025-07-13T15:18:40","guid":{"rendered":"https:\/\/www.sikati.de\/?post_type=product&#038;p=12572"},"modified":"2026-03-20T20:57:07","modified_gmt":"2026-03-20T19:57:07","slug":"kaftankleid-midnight-sparkle","status":"publish","type":"product","link":"https:\/\/www.sikati.de\/en\/product\/kaftankleid-midnight-sparkle\/","title":{"rendered":"Sikat\u00ed Swing Dress \u201eSun &#038; Snow\u201c"},"content":{"rendered":"<p data-start=\"107\" data-end=\"615\">Exklusives Sikat\u00ed \u201eSunshine Runway Dress\u201c, pr\u00e4sentiert auf der Hamburger Fashion Show (HFS). Dieses auff\u00e4llige Mini Oversized Dress verbindet kr\u00e4ftiges Sonnengelb mit eleganten wei\u00dfen Statement-\u00c4rmeln. Die leichte A-Linien-Form sorgt f\u00fcr eine flie\u00dfende Bewegung und schmeichelt jeder Figur. Perfekt f\u00fcr Events, besondere Anl\u00e4sse und Fashion-Liebhaberinnen, die ein echtes Highlight suchen. Designerst\u00fcck mit moderner Eleganz und ikonischem Runway-Look.<\/p>\n<p data-start=\"617\" data-end=\"629\"><strong data-start=\"617\" data-end=\"629\">Details:<\/strong><\/p>\n<ul data-start=\"630\" data-end=\"860\">\n<li data-start=\"630\" data-end=\"659\">\n<p data-start=\"632\" data-end=\"659\">Colors: Sunny Yellow &amp; White<\/p>\n<\/li>\n<li data-start=\"630\" data-end=\"659\">\n<p data-start=\"632\" data-end=\"659\">Material: Hochwertiger schwerer Duchesse Satin<\/p>\n<\/li>\n<li data-start=\"630\" data-end=\"659\">\n<p data-start=\"632\" data-end=\"659\">Top with soft faux fur, flared skirt<\/p>\n<\/li>\n<li data-start=\"630\" data-end=\"659\">\n<p data-start=\"632\" data-end=\"659\">Wide trumpet sleeves<\/p>\n<\/li>\n<li data-start=\"630\" data-end=\"659\">\n<p data-start=\"632\" data-end=\"659\">Gr\u00f6\u00dfe: One Size (ideal f\u00fcr Gr. 42\u201350)<\/p>\n<\/li>\n<li data-start=\"630\" data-end=\"659\">The model wears size 42 \u2013 the dress fits comfortably and flatteringly.<\/li>\n<\/ul>\n<p>&nbsp;<\/p>","protected":false},"excerpt":{"rendered":"<p data-start=\"1557\" data-end=\"1746\">Exklusives <strong data-start=\"1568\" data-end=\"1591\">SIKAT\u00cd Runway Dress<\/strong>, getragen bei der <strong data-start=\"1610\" data-end=\"1642\">Hamburger Fashion Show (HFS)<\/strong>. Strahlendes gelbes Mini Oversized Dress mit wei\u00dfen Statement-\u00c4rmeln \u2013 modern, elegant &amp; einzigartig. One Size (ideal f\u00fcr Gr. 42 &#8211; 52)<\/p>\n<p data-start=\"1557\" data-end=\"1746\">Fashionbild: \u00a9 KOWA Berlin<\/p>\n<p data-start=\"1748\" data-end=\"1818\">No VAT identification, as small business according to \u00a719 (1) UStG.<\/p>\n<p>&nbsp;<\/p>\n<p>&nbsp;<\/p>","protected":false},"featured_media":14398,"template":"","meta":{"_acf_changed":false},"product_brand":[],"product_cat":[2117,2114,2037],"product_tag":[1853,2218,2222,2217,2220,2219,2224,2223,2215,2221,2216],"class_list":{"0":"post-12572","1":"product","2":"type-product","3":"status-publish","4":"has-post-thumbnail","6":"product_cat-damen-afwc-2025","7":"product_cat-afwc-2025","8":"product_cat-runway-collection","9":"product_tag-a-linien-kleid","10":"product_tag-designer-kleid","11":"product_tag-festliches-kleid-gelb","12":"product_tag-gelbes-oversized-kleid","13":"product_tag-hamburger-fashion-show-kleid","14":"product_tag-hfs-runway","15":"product_tag-high-fashion-kleid","16":"product_tag-sikati-mode","17":"product_tag-sikati-runway-dress","18":"product_tag-statement-aermel","19":"product_tag-sunshine-dress","21":"first","22":"instock","23":"sale","24":"shipping-taxable","25":"purchasable","26":"product-type-simple"},"acf":[],"yoast_head":"<!-- This site is optimized with the Yoast SEO plugin v27.3 - https:\/\/yoast.com\/product\/yoast-seo-wordpress\/ -->\n<title>Sikat\u00ed Swing Dress \u201eSun &amp; Snow\u201c - Sikat\u00ed<\/title>\n<meta name=\"description\" content=\"%\" \/>\n<meta name=\"robots\" content=\"index, follow, max-snippet:-1, max-image-preview:large, max-video-preview:-1\" \/>\n<link rel=\"canonical\" href=\"https:\/\/www.sikati.de\/en\/product\/kaftankleid-midnight-sparkle\/\" \/>\n<meta property=\"og:locale\" content=\"en_US\" \/>\n<meta property=\"og:type\" content=\"article\" \/>\n<meta property=\"og:title\" content=\"Sikat\u00ed Swing Dress \u201eSun &amp; Snow\u201c - Sikat\u00ed\" \/>\n<meta property=\"og:description\" content=\"%\" \/>\n<meta property=\"og:url\" content=\"https:\/\/www.sikati.de\/en\/product\/kaftankleid-midnight-sparkle\/\" \/>\n<meta property=\"og:site_name\" content=\"Sikat\u00ed\" \/>\n<meta property=\"article:publisher\" content=\"https:\/\/www.facebook.com\/Arts.Decoration.Style\" \/>\n<meta property=\"article:modified_time\" content=\"2026-03-20T19:57:07+00:00\" \/>\n<meta property=\"og:image\" content=\"https:\/\/www.sikati.de\/wp-content\/uploads\/2026\/03\/38A6040.jpg\" \/>\n\t<meta property=\"og:image:width\" content=\"683\" \/>\n\t<meta property=\"og:image:height\" content=\"1024\" \/>\n\t<meta property=\"og:image:type\" content=\"image\/jpeg\" \/>\n<meta name=\"twitter:card\" content=\"summary_large_image\" \/>\n<meta name=\"twitter:label1\" content=\"Est. reading time\" \/>\n\t<meta name=\"twitter:data1\" content=\"1 minute\" \/>\n<script type=\"application\/ld+json\" class=\"yoast-schema-graph\">{\"@context\":\"https:\\\/\\\/schema.org\",\"@graph\":[{\"@type\":\"WebPage\",\"@id\":\"https:\\\/\\\/www.sikati.de\\\/produkt\\\/kaftankleid-midnight-sparkle\\\/\",\"url\":\"https:\\\/\\\/www.sikati.de\\\/produkt\\\/kaftankleid-midnight-sparkle\\\/\",\"name\":\"Sikat\u00ed Swing Dress \u201eSun & Snow\u201c - Sikat\u00ed\",\"isPartOf\":{\"@id\":\"https:\\\/\\\/www.sikati.de\\\/#website\"},\"primaryImageOfPage\":{\"@id\":\"https:\\\/\\\/www.sikati.de\\\/produkt\\\/kaftankleid-midnight-sparkle\\\/#primaryimage\"},\"image\":{\"@id\":\"https:\\\/\\\/www.sikati.de\\\/produkt\\\/kaftankleid-midnight-sparkle\\\/#primaryimage\"},\"thumbnailUrl\":\"https:\\\/\\\/www.sikati.de\\\/wp-content\\\/uploads\\\/2026\\\/03\\\/38A6040.jpg\",\"datePublished\":\"2025-07-13T15:18:40+00:00\",\"dateModified\":\"2026-03-20T19:57:07+00:00\",\"description\":\"%\",\"breadcrumb\":{\"@id\":\"https:\\\/\\\/www.sikati.de\\\/produkt\\\/kaftankleid-midnight-sparkle\\\/#breadcrumb\"},\"inLanguage\":\"en-US\",\"potentialAction\":[{\"@type\":\"ReadAction\",\"target\":[\"https:\\\/\\\/www.sikati.de\\\/produkt\\\/kaftankleid-midnight-sparkle\\\/\"]}]},{\"@type\":\"ImageObject\",\"inLanguage\":\"en-US\",\"@id\":\"https:\\\/\\\/www.sikati.de\\\/produkt\\\/kaftankleid-midnight-sparkle\\\/#primaryimage\",\"url\":\"https:\\\/\\\/www.sikati.de\\\/wp-content\\\/uploads\\\/2026\\\/03\\\/38A6040.jpg\",\"contentUrl\":\"https:\\\/\\\/www.sikati.de\\\/wp-content\\\/uploads\\\/2026\\\/03\\\/38A6040.jpg\",\"width\":7000,\"height\":10500},{\"@type\":\"BreadcrumbList\",\"@id\":\"https:\\\/\\\/www.sikati.de\\\/produkt\\\/kaftankleid-midnight-sparkle\\\/#breadcrumb\",\"itemListElement\":[{\"@type\":\"ListItem\",\"position\":1,\"name\":\"Startseite\",\"item\":\"https:\\\/\\\/www.sikati.de\\\/\"},{\"@type\":\"ListItem\",\"position\":2,\"name\":\"Produkte\",\"item\":\"https:\\\/\\\/www.sikati.de\\\/shop\\\/\"},{\"@type\":\"ListItem\",\"position\":3,\"name\":\"Sikat\u00ed Swing Dress \u201eSun &#038; Snow\u201c\"}]},{\"@type\":\"WebSite\",\"@id\":\"https:\\\/\\\/www.sikati.de\\\/#website\",\"url\":\"https:\\\/\\\/www.sikati.de\\\/\",\"name\":\"Sikat\u00ed\",\"description\":\"Afro Contemporary Fashion &amp; Living\",\"publisher\":{\"@id\":\"https:\\\/\\\/www.sikati.de\\\/#organization\"},\"potentialAction\":[{\"@type\":\"SearchAction\",\"target\":{\"@type\":\"EntryPoint\",\"urlTemplate\":\"https:\\\/\\\/www.sikati.de\\\/?s={search_term_string}\"},\"query-input\":{\"@type\":\"PropertyValueSpecification\",\"valueRequired\":true,\"valueName\":\"search_term_string\"}}],\"inLanguage\":\"en-US\"},{\"@type\":\"Organization\",\"@id\":\"https:\\\/\\\/www.sikati.de\\\/#organization\",\"name\":\"Sikat\u00ed\",\"url\":\"https:\\\/\\\/www.sikati.de\\\/\",\"logo\":{\"@type\":\"ImageObject\",\"inLanguage\":\"en-US\",\"@id\":\"https:\\\/\\\/www.sikati.de\\\/#\\\/schema\\\/logo\\\/image\\\/\",\"url\":\"https:\\\/\\\/www.sikati.de\\\/wp-content\\\/uploads\\\/2019\\\/03\\\/cropped-cropped-sikati-logo.png\",\"contentUrl\":\"https:\\\/\\\/www.sikati.de\\\/wp-content\\\/uploads\\\/2019\\\/03\\\/cropped-cropped-sikati-logo.png\",\"width\":500,\"height\":201,\"caption\":\"Sikat\u00ed\"},\"image\":{\"@id\":\"https:\\\/\\\/www.sikati.de\\\/#\\\/schema\\\/logo\\\/image\\\/\"},\"sameAs\":[\"https:\\\/\\\/www.facebook.com\\\/Arts.Decoration.Style\",\"https:\\\/\\\/www.instagram.com\\\/sikati_arts\\\/\",\"https:\\\/\\\/www.tiktok.com\\\/@sikati_arts\"]}]}<\/script>\n<!-- \/ Yoast SEO plugin. -->","yoast_head_json":{"title":"Sikat\u00ed Swing Dress \u201eSun & Snow\u201c - Sikat\u00ed","description":"%","robots":{"index":"index","follow":"follow","max-snippet":"max-snippet:-1","max-image-preview":"max-image-preview:large","max-video-preview":"max-video-preview:-1"},"canonical":"https:\/\/www.sikati.de\/en\/product\/kaftankleid-midnight-sparkle\/","og_locale":"en_US","og_type":"article","og_title":"Sikat\u00ed Swing Dress \u201eSun & Snow\u201c - Sikat\u00ed","og_description":"%","og_url":"https:\/\/www.sikati.de\/en\/product\/kaftankleid-midnight-sparkle\/","og_site_name":"Sikat\u00ed","article_publisher":"https:\/\/www.facebook.com\/Arts.Decoration.Style","article_modified_time":"2026-03-20T19:57:07+00:00","og_image":[{"url":"https:\/\/www.sikati.de\/wp-content\/uploads\/2026\/03\/38A6040.jpg","width":683,"height":1024,"type":"image\/jpeg"}],"twitter_card":"summary_large_image","twitter_misc":{"Est. reading time":"1 minute"},"schema":{"@context":"https:\/\/schema.org","@graph":[{"@type":"WebPage","@id":"https:\/\/www.sikati.de\/produkt\/kaftankleid-midnight-sparkle\/","url":"https:\/\/www.sikati.de\/produkt\/kaftankleid-midnight-sparkle\/","name":"Sikat\u00ed Swing Dress \u201eSun & Snow\u201c - Sikat\u00ed","isPartOf":{"@id":"https:\/\/www.sikati.de\/#website"},"primaryImageOfPage":{"@id":"https:\/\/www.sikati.de\/produkt\/kaftankleid-midnight-sparkle\/#primaryimage"},"image":{"@id":"https:\/\/www.sikati.de\/produkt\/kaftankleid-midnight-sparkle\/#primaryimage"},"thumbnailUrl":"https:\/\/www.sikati.de\/wp-content\/uploads\/2026\/03\/38A6040.jpg","datePublished":"2025-07-13T15:18:40+00:00","dateModified":"2026-03-20T19:57:07+00:00","description":"%","breadcrumb":{"@id":"https:\/\/www.sikati.de\/produkt\/kaftankleid-midnight-sparkle\/#breadcrumb"},"inLanguage":"en-US","potentialAction":[{"@type":"ReadAction","target":["https:\/\/www.sikati.de\/produkt\/kaftankleid-midnight-sparkle\/"]}]},{"@type":"ImageObject","inLanguage":"en-US","@id":"https:\/\/www.sikati.de\/produkt\/kaftankleid-midnight-sparkle\/#primaryimage","url":"https:\/\/www.sikati.de\/wp-content\/uploads\/2026\/03\/38A6040.jpg","contentUrl":"https:\/\/www.sikati.de\/wp-content\/uploads\/2026\/03\/38A6040.jpg","width":7000,"height":10500},{"@type":"BreadcrumbList","@id":"https:\/\/www.sikati.de\/produkt\/kaftankleid-midnight-sparkle\/#breadcrumb","itemListElement":[{"@type":"ListItem","position":1,"name":"Startseite","item":"https:\/\/www.sikati.de\/"},{"@type":"ListItem","position":2,"name":"Produkte","item":"https:\/\/www.sikati.de\/shop\/"},{"@type":"ListItem","position":3,"name":"Sikat\u00ed Swing Dress \u201eSun &#038; Snow\u201c"}]},{"@type":"WebSite","@id":"https:\/\/www.sikati.de\/#website","url":"https:\/\/www.sikati.de\/","name":"Sikati","description":"Afro Contemporary Fashion &amp; Living","publisher":{"@id":"https:\/\/www.sikati.de\/#organization"},"potentialAction":[{"@type":"SearchAction","target":{"@type":"EntryPoint","urlTemplate":"https:\/\/www.sikati.de\/?s={search_term_string}"},"query-input":{"@type":"PropertyValueSpecification","valueRequired":true,"valueName":"search_term_string"}}],"inLanguage":"en-US"},{"@type":"Organization","@id":"https:\/\/www.sikati.de\/#organization","name":"Sikati","url":"https:\/\/www.sikati.de\/","logo":{"@type":"ImageObject","inLanguage":"en-US","@id":"https:\/\/www.sikati.de\/#\/schema\/logo\/image\/","url":"https:\/\/www.sikati.de\/wp-content\/uploads\/2019\/03\/cropped-cropped-sikati-logo.png","contentUrl":"https:\/\/www.sikati.de\/wp-content\/uploads\/2019\/03\/cropped-cropped-sikati-logo.png","width":500,"height":201,"caption":"Sikat\u00ed"},"image":{"@id":"https:\/\/www.sikati.de\/#\/schema\/logo\/image\/"},"sameAs":["https:\/\/www.facebook.com\/Arts.Decoration.Style","https:\/\/www.instagram.com\/sikati_arts\/","https:\/\/www.tiktok.com\/@sikati_arts"]}]}},"_links":{"self":[{"href":"https:\/\/www.sikati.de\/en\/wp-json\/wp\/v2\/product\/12572","targetHints":{"allow":["GET"]}}],"collection":[{"href":"https:\/\/www.sikati.de\/en\/wp-json\/wp\/v2\/product"}],"about":[{"href":"https:\/\/www.sikati.de\/en\/wp-json\/wp\/v2\/types\/product"}],"wp:featuredmedia":[{"embeddable":true,"href":"https:\/\/www.sikati.de\/en\/wp-json\/wp\/v2\/media\/14398"}],"wp:attachment":[{"href":"https:\/\/www.sikati.de\/en\/wp-json\/wp\/v2\/media?parent=12572"}],"wp:term":[{"taxonomy":"product_brand","embeddable":true,"href":"https:\/\/www.sikati.de\/en\/wp-json\/wp\/v2\/product_brand?post=12572"},{"taxonomy":"product_cat","embeddable":true,"href":"https:\/\/www.sikati.de\/en\/wp-json\/wp\/v2\/product_cat?post=12572"},{"taxonomy":"product_tag","embeddable":true,"href":"https:\/\/www.sikati.de\/en\/wp-json\/wp\/v2\/product_tag?post=12572"}],"curies":[{"name":"wp","href":"https:\/\/api.w.org\/{rel}","templated":true}]}}