{"id":13290,"date":"2025-09-23T13:54:44","date_gmt":"2025-09-23T11:54:44","guid":{"rendered":"https:\/\/www.sikati.de\/?post_type=product&#038;p=13290"},"modified":"2026-03-07T11:07:26","modified_gmt":"2026-03-07T10:07:26","slug":"zweiteiler-set-in-tuerkis-kimono-shorts","status":"publish","type":"product","link":"https:\/\/www.sikati.de\/en\/product\/zweiteiler-set-in-tuerkis-kimono-shorts\/","title":{"rendered":"Zweiteiler-Set in T\u00fcrkis \u2013 Kimono &#038; Shorts"},"content":{"rendered":"<p data-start=\"242\" data-end=\"683\">Dieses modische Zweiteiler-Set besteht aus einer luftigen Kimono-Jacke mit kurzen \u00c4rmeln und einer passenden Shorts. Das leuchtende T\u00fcrkis mit schwarzem Muster macht das Outfit zum absoluten Blickfang. Ideal f\u00fcr warme Tage, Strandspazierg\u00e4nge oder entspannte Freizeit-Looks. Die Shorts haben einen elastischen Bund f\u00fcr guten Tragekomfort, der Kimono kann offen getragen oder mit einem G\u00fcrtel kombiniert werden.<\/p>\n<ul data-start=\"685\" data-end=\"1016\">\n<li data-start=\"685\" data-end=\"727\">\n<p data-start=\"687\" data-end=\"727\"><strong data-start=\"687\" data-end=\"697\">Farbe:<\/strong> T\u00fcrkis mit schwarzem Muster<\/p>\n<\/li>\n<li data-start=\"728\" data-end=\"765\">\n<p data-start=\"730\" data-end=\"765\"><strong data-start=\"730\" data-end=\"738\">Set:<\/strong> Kimono\/\u00dcberwurf + Shorts<\/p>\n<\/li>\n<li data-start=\"766\" data-end=\"838\">\n<p data-start=\"768\" data-end=\"838\"><strong data-start=\"768\" data-end=\"781\">Material:<\/strong> Polyester-Baumwoll-Mischung<\/p>\n<\/li>\n<li data-start=\"839\" data-end=\"872\">\n<p data-start=\"841\" data-end=\"872\"><strong data-start=\"841\" data-end=\"854\">Passform:<\/strong> Locker &amp; bequem<\/p>\n<\/li>\n<li data-start=\"873\" data-end=\"941\">\n<p data-start=\"875\" data-end=\"941\"><strong data-start=\"875\" data-end=\"894\">Besonderheiten:<\/strong> Vielseitig kombinierbar, modern &amp; sommerlich<\/p>\n<\/li>\n<li data-start=\"942\" data-end=\"1016\">\n<p data-start=\"944\" data-end=\"1016\"><strong data-start=\"944\" data-end=\"962\">Pflegehinweis:<\/strong> Schonw\u00e4sche 30\u00b0C, nicht bleichen, auf links waschen<\/p>\n<\/li>\n<\/ul>","protected":false},"excerpt":{"rendered":"<p>Trendiges Zweiteiler-Set in T\u00fcrkis mit Kimono und Shorts \u2013 bequem, stilvoll und perfekt f\u00fcr den Sommer.<\/p>\n<p>Kein Mehrwertsteuerausweis, da Kleinunternehmer nach \u00a719 (1) UStG.<\/p>","protected":false},"featured_media":13322,"template":"","meta":{"_acf_changed":false},"product_brand":[],"product_cat":[871,2150,1456,163],"product_tag":[2007,2009,2008,2010,2006],"class_list":{"0":"post-13290","1":"product","2":"type-product","3":"status-publish","4":"has-post-thumbnail","6":"product_cat-damen-mode","7":"product_cat-prints","8":"product_cat-sets-damen-mode","9":"product_cat-sikati-designs","10":"product_tag-kimono-shorts-set-tuerkis","11":"product_tag-shorts-set-damen-elegant","12":"product_tag-sommer-set-damen","13":"product_tag-zweiteiler-outfit-sommer","14":"product_tag-zweiteiler-set-damen","16":"first","17":"instock","18":"shipping-taxable","19":"purchasable","20":"product-type-variable"},"acf":[],"yoast_head":"<!-- This site is optimized with the Yoast SEO plugin v27.3 - https:\/\/yoast.com\/product\/yoast-seo-wordpress\/ -->\n<title>Zweiteiler-Set in T\u00fcrkis \u2013 Kimono &amp; Shorts - Sikat\u00ed<\/title>\n<meta name=\"description\" content=\"%\" \/>\n<meta name=\"robots\" content=\"index, follow, max-snippet:-1, max-image-preview:large, max-video-preview:-1\" \/>\n<link rel=\"canonical\" href=\"https:\/\/www.sikati.de\/en\/product\/zweiteiler-set-in-tuerkis-kimono-shorts\/\" \/>\n<meta property=\"og:locale\" content=\"en_GB\" \/>\n<meta property=\"og:type\" content=\"article\" \/>\n<meta property=\"og:title\" content=\"Zweiteiler-Set in T\u00fcrkis \u2013 Kimono &amp; Shorts - Sikat\u00ed\" \/>\n<meta property=\"og:description\" content=\"%\" \/>\n<meta property=\"og:url\" content=\"https:\/\/www.sikati.de\/en\/product\/zweiteiler-set-in-tuerkis-kimono-shorts\/\" \/>\n<meta property=\"og:site_name\" content=\"Sikat\u00ed\" \/>\n<meta property=\"article:publisher\" content=\"https:\/\/www.facebook.com\/Arts.Decoration.Style\" \/>\n<meta property=\"article:modified_time\" content=\"2026-03-07T10:07:26+00:00\" \/>\n<meta property=\"og:image\" content=\"https:\/\/www.sikati.de\/wp-content\/uploads\/2025\/09\/Photoroom-20250923_130416_7.png\" \/>\n\t<meta property=\"og:image:width\" content=\"1706\" \/>\n\t<meta property=\"og:image:height\" content=\"2560\" \/>\n\t<meta property=\"og:image:type\" content=\"image\/png\" \/>\n<meta name=\"twitter:card\" content=\"summary_large_image\" \/>\n<meta name=\"twitter:label1\" content=\"Estimated reading time\" \/>\n\t<meta name=\"twitter:data1\" content=\"1 minute\" \/>\n<script type=\"application\/ld+json\" class=\"yoast-schema-graph\">{\"@context\":\"https:\\\/\\\/schema.org\",\"@graph\":[{\"@type\":\"WebPage\",\"@id\":\"https:\\\/\\\/www.sikati.de\\\/produkt\\\/zweiteiler-set-in-tuerkis-kimono-shorts\\\/\",\"url\":\"https:\\\/\\\/www.sikati.de\\\/produkt\\\/zweiteiler-set-in-tuerkis-kimono-shorts\\\/\",\"name\":\"Zweiteiler-Set in T\u00fcrkis \u2013 Kimono & Shorts - Sikat\u00ed\",\"isPartOf\":{\"@id\":\"https:\\\/\\\/www.sikati.de\\\/#website\"},\"primaryImageOfPage\":{\"@id\":\"https:\\\/\\\/www.sikati.de\\\/produkt\\\/zweiteiler-set-in-tuerkis-kimono-shorts\\\/#primaryimage\"},\"image\":{\"@id\":\"https:\\\/\\\/www.sikati.de\\\/produkt\\\/zweiteiler-set-in-tuerkis-kimono-shorts\\\/#primaryimage\"},\"thumbnailUrl\":\"https:\\\/\\\/www.sikati.de\\\/wp-content\\\/uploads\\\/2025\\\/09\\\/Photoroom-20250923_130416_7.png\",\"datePublished\":\"2025-09-23T11:54:44+00:00\",\"dateModified\":\"2026-03-07T10:07:26+00:00\",\"description\":\"%\",\"breadcrumb\":{\"@id\":\"https:\\\/\\\/www.sikati.de\\\/produkt\\\/zweiteiler-set-in-tuerkis-kimono-shorts\\\/#breadcrumb\"},\"inLanguage\":\"en-GB\",\"potentialAction\":[{\"@type\":\"ReadAction\",\"target\":[\"https:\\\/\\\/www.sikati.de\\\/produkt\\\/zweiteiler-set-in-tuerkis-kimono-shorts\\\/\"]}]},{\"@type\":\"ImageObject\",\"inLanguage\":\"en-GB\",\"@id\":\"https:\\\/\\\/www.sikati.de\\\/produkt\\\/zweiteiler-set-in-tuerkis-kimono-shorts\\\/#primaryimage\",\"url\":\"https:\\\/\\\/www.sikati.de\\\/wp-content\\\/uploads\\\/2025\\\/09\\\/Photoroom-20250923_130416_7.png\",\"contentUrl\":\"https:\\\/\\\/www.sikati.de\\\/wp-content\\\/uploads\\\/2025\\\/09\\\/Photoroom-20250923_130416_7.png\",\"width\":1706,\"height\":2560},{\"@type\":\"BreadcrumbList\",\"@id\":\"https:\\\/\\\/www.sikati.de\\\/produkt\\\/zweiteiler-set-in-tuerkis-kimono-shorts\\\/#breadcrumb\",\"itemListElement\":[{\"@type\":\"ListItem\",\"position\":1,\"name\":\"Startseite\",\"item\":\"https:\\\/\\\/www.sikati.de\\\/\"},{\"@type\":\"ListItem\",\"position\":2,\"name\":\"Produkte\",\"item\":\"https:\\\/\\\/www.sikati.de\\\/shop\\\/\"},{\"@type\":\"ListItem\",\"position\":3,\"name\":\"Zweiteiler-Set in T\u00fcrkis \u2013 Kimono &#038; Shorts\"}]},{\"@type\":\"WebSite\",\"@id\":\"https:\\\/\\\/www.sikati.de\\\/#website\",\"url\":\"https:\\\/\\\/www.sikati.de\\\/\",\"name\":\"Sikat\u00ed\",\"description\":\"Afro Contemporary Fashion &amp; Living\",\"publisher\":{\"@id\":\"https:\\\/\\\/www.sikati.de\\\/#organization\"},\"potentialAction\":[{\"@type\":\"SearchAction\",\"target\":{\"@type\":\"EntryPoint\",\"urlTemplate\":\"https:\\\/\\\/www.sikati.de\\\/?s={search_term_string}\"},\"query-input\":{\"@type\":\"PropertyValueSpecification\",\"valueRequired\":true,\"valueName\":\"search_term_string\"}}],\"inLanguage\":\"en-GB\"},{\"@type\":\"Organization\",\"@id\":\"https:\\\/\\\/www.sikati.de\\\/#organization\",\"name\":\"Sikat\u00ed\",\"url\":\"https:\\\/\\\/www.sikati.de\\\/\",\"logo\":{\"@type\":\"ImageObject\",\"inLanguage\":\"en-GB\",\"@id\":\"https:\\\/\\\/www.sikati.de\\\/#\\\/schema\\\/logo\\\/image\\\/\",\"url\":\"https:\\\/\\\/www.sikati.de\\\/wp-content\\\/uploads\\\/2019\\\/03\\\/cropped-cropped-sikati-logo.png\",\"contentUrl\":\"https:\\\/\\\/www.sikati.de\\\/wp-content\\\/uploads\\\/2019\\\/03\\\/cropped-cropped-sikati-logo.png\",\"width\":500,\"height\":201,\"caption\":\"Sikat\u00ed\"},\"image\":{\"@id\":\"https:\\\/\\\/www.sikati.de\\\/#\\\/schema\\\/logo\\\/image\\\/\"},\"sameAs\":[\"https:\\\/\\\/www.facebook.com\\\/Arts.Decoration.Style\",\"https:\\\/\\\/www.instagram.com\\\/sikati_arts\\\/\",\"https:\\\/\\\/www.tiktok.com\\\/@sikati_arts\"]}]}<\/script>\n<!-- \/ Yoast SEO plugin. -->","yoast_head_json":{"title":"Zweiteiler-Set in T\u00fcrkis \u2013 Kimono & Shorts - Sikat\u00ed","description":"%","robots":{"index":"index","follow":"follow","max-snippet":"max-snippet:-1","max-image-preview":"max-image-preview:large","max-video-preview":"max-video-preview:-1"},"canonical":"https:\/\/www.sikati.de\/en\/product\/zweiteiler-set-in-tuerkis-kimono-shorts\/","og_locale":"en_GB","og_type":"article","og_title":"Zweiteiler-Set in T\u00fcrkis \u2013 Kimono & Shorts - Sikat\u00ed","og_description":"%","og_url":"https:\/\/www.sikati.de\/en\/product\/zweiteiler-set-in-tuerkis-kimono-shorts\/","og_site_name":"Sikat\u00ed","article_publisher":"https:\/\/www.facebook.com\/Arts.Decoration.Style","article_modified_time":"2026-03-07T10:07:26+00:00","og_image":[{"width":1706,"height":2560,"url":"https:\/\/www.sikati.de\/wp-content\/uploads\/2025\/09\/Photoroom-20250923_130416_7.png","type":"image\/png"}],"twitter_card":"summary_large_image","twitter_misc":{"Estimated reading time":"1 minute"},"schema":{"@context":"https:\/\/schema.org","@graph":[{"@type":"WebPage","@id":"https:\/\/www.sikati.de\/produkt\/zweiteiler-set-in-tuerkis-kimono-shorts\/","url":"https:\/\/www.sikati.de\/produkt\/zweiteiler-set-in-tuerkis-kimono-shorts\/","name":"Zweiteiler-Set in T\u00fcrkis \u2013 Kimono & Shorts - Sikat\u00ed","isPartOf":{"@id":"https:\/\/www.sikati.de\/#website"},"primaryImageOfPage":{"@id":"https:\/\/www.sikati.de\/produkt\/zweiteiler-set-in-tuerkis-kimono-shorts\/#primaryimage"},"image":{"@id":"https:\/\/www.sikati.de\/produkt\/zweiteiler-set-in-tuerkis-kimono-shorts\/#primaryimage"},"thumbnailUrl":"https:\/\/www.sikati.de\/wp-content\/uploads\/2025\/09\/Photoroom-20250923_130416_7.png","datePublished":"2025-09-23T11:54:44+00:00","dateModified":"2026-03-07T10:07:26+00:00","description":"%","breadcrumb":{"@id":"https:\/\/www.sikati.de\/produkt\/zweiteiler-set-in-tuerkis-kimono-shorts\/#breadcrumb"},"inLanguage":"en-GB","potentialAction":[{"@type":"ReadAction","target":["https:\/\/www.sikati.de\/produkt\/zweiteiler-set-in-tuerkis-kimono-shorts\/"]}]},{"@type":"ImageObject","inLanguage":"en-GB","@id":"https:\/\/www.sikati.de\/produkt\/zweiteiler-set-in-tuerkis-kimono-shorts\/#primaryimage","url":"https:\/\/www.sikati.de\/wp-content\/uploads\/2025\/09\/Photoroom-20250923_130416_7.png","contentUrl":"https:\/\/www.sikati.de\/wp-content\/uploads\/2025\/09\/Photoroom-20250923_130416_7.png","width":1706,"height":2560},{"@type":"BreadcrumbList","@id":"https:\/\/www.sikati.de\/produkt\/zweiteiler-set-in-tuerkis-kimono-shorts\/#breadcrumb","itemListElement":[{"@type":"ListItem","position":1,"name":"Startseite","item":"https:\/\/www.sikati.de\/"},{"@type":"ListItem","position":2,"name":"Produkte","item":"https:\/\/www.sikati.de\/shop\/"},{"@type":"ListItem","position":3,"name":"Zweiteiler-Set in T\u00fcrkis \u2013 Kimono &#038; Shorts"}]},{"@type":"WebSite","@id":"https:\/\/www.sikati.de\/#website","url":"https:\/\/www.sikati.de\/","name":"Sikat\u00ed","description":"Afro Contemporary Fashion &amp; Living","publisher":{"@id":"https:\/\/www.sikati.de\/#organization"},"potentialAction":[{"@type":"SearchAction","target":{"@type":"EntryPoint","urlTemplate":"https:\/\/www.sikati.de\/?s={search_term_string}"},"query-input":{"@type":"PropertyValueSpecification","valueRequired":true,"valueName":"search_term_string"}}],"inLanguage":"en-GB"},{"@type":"Organization","@id":"https:\/\/www.sikati.de\/#organization","name":"Sikat\u00ed","url":"https:\/\/www.sikati.de\/","logo":{"@type":"ImageObject","inLanguage":"en-GB","@id":"https:\/\/www.sikati.de\/#\/schema\/logo\/image\/","url":"https:\/\/www.sikati.de\/wp-content\/uploads\/2019\/03\/cropped-cropped-sikati-logo.png","contentUrl":"https:\/\/www.sikati.de\/wp-content\/uploads\/2019\/03\/cropped-cropped-sikati-logo.png","width":500,"height":201,"caption":"Sikat\u00ed"},"image":{"@id":"https:\/\/www.sikati.de\/#\/schema\/logo\/image\/"},"sameAs":["https:\/\/www.facebook.com\/Arts.Decoration.Style","https:\/\/www.instagram.com\/sikati_arts\/","https:\/\/www.tiktok.com\/@sikati_arts"]}]}},"_links":{"self":[{"href":"https:\/\/www.sikati.de\/en\/wp-json\/wp\/v2\/product\/13290","targetHints":{"allow":["GET"]}}],"collection":[{"href":"https:\/\/www.sikati.de\/en\/wp-json\/wp\/v2\/product"}],"about":[{"href":"https:\/\/www.sikati.de\/en\/wp-json\/wp\/v2\/types\/product"}],"wp:featuredmedia":[{"embeddable":true,"href":"https:\/\/www.sikati.de\/en\/wp-json\/wp\/v2\/media\/13322"}],"wp:attachment":[{"href":"https:\/\/www.sikati.de\/en\/wp-json\/wp\/v2\/media?parent=13290"}],"wp:term":[{"taxonomy":"product_brand","embeddable":true,"href":"https:\/\/www.sikati.de\/en\/wp-json\/wp\/v2\/product_brand?post=13290"},{"taxonomy":"product_cat","embeddable":true,"href":"https:\/\/www.sikati.de\/en\/wp-json\/wp\/v2\/product_cat?post=13290"},{"taxonomy":"product_tag","embeddable":true,"href":"https:\/\/www.sikati.de\/en\/wp-json\/wp\/v2\/product_tag?post=13290"}],"curies":[{"name":"wp","href":"https:\/\/api.w.org\/{rel}","templated":true}]}}