{"id":13582,"date":"2025-09-27T00:13:14","date_gmt":"2025-09-26T22:13:14","guid":{"rendered":"https:\/\/www.sikati.de\/?post_type=product&#038;p=13582"},"modified":"2026-03-21T18:31:14","modified_gmt":"2026-03-21T17:31:14","slug":"pinkfarbenes-zweiteiler-set-mit-off-shoulder-top-maxirock-mit-schlitz-sommer-abendlook","status":"publish","type":"product","link":"https:\/\/www.sikati.de\/en\/product\/pinkfarbenes-zweiteiler-set-mit-off-shoulder-top-maxirock-mit-schlitz-sommer-abendlook\/","title":{"rendered":"Sikat\u00ed Runway Set \u201eRos\u00e1\u201c \u2013 Zweiteiler Off-Shoulder in Rosa-Pink"},"content":{"rendered":"<p data-start=\"343\" data-end=\"621\">Dieses Sikat\u00ed Runway Set ist ein exklusiver Zweiteiler in einem kr\u00e4ftigen Rosa-Pink. Das Off-Shoulder-Top mit weich fallenden \u00c4rmeln und der elegante Maxirock sorgen f\u00fcr einen modernen, femininen Look, der auf dem Laufsteg pr\u00e4sentiert wurde. Die hochwertige Stoffqualit\u00e4t und die klare Silhouette machen dieses Set ideal f\u00fcr Events, Fotoshootings oder besondere Anl\u00e4sse.<\/p>\n<ul data-start=\"823\" data-end=\"1087\">\n<li data-start=\"823\" data-end=\"838\">\n<p data-start=\"825\" data-end=\"838\">Farbe: Pink<\/p>\n<\/li>\n<li data-start=\"839\" data-end=\"858\">\n<p data-start=\"841\" data-end=\"858\">Material: Krepp<\/p>\n<\/li>\n<li data-start=\"859\" data-end=\"911\">\n<p data-start=\"861\" data-end=\"911\">Schnitt: Off-Shoulder Top + Maxirock mit Schlitz<\/p>\n<\/li>\n<li data-start=\"912\" data-end=\"964\">\n<p data-start=\"914\" data-end=\"964\">R\u00fccken: Offene R\u00fcckenpartie mit Schleifenbindung<\/p>\n<\/li>\n<li data-start=\"965\" data-end=\"996\">\n<p data-start=\"967\" data-end=\"996\">Passform: Feminin &amp; elegant<\/p>\n<\/li>\n<li data-start=\"997\" data-end=\"1068\">\n<p data-start=\"999\" data-end=\"1068\">Pflege: Waschbar bei 40 \u00b0C (Schonwaschgang)<\/p>\n<\/li>\n<\/ul>\n<p data-start=\"1089\" data-end=\"1169\">","protected":false},"excerpt":{"rendered":"<p>Exklusives Sikat\u00ed Runway Set \u2013 Zweiteiler mit Off-Shoulder Top und Maxirock in intensivem Rosa-Pink.<\/p>\n<p>Fashionbild \u00a9 Inxframe<\/p>\n<p>Kein Mehrwertsteuerausweis, da Kleinunternehmer nach \u00a719 (1) UStG.<\/p>","protected":false},"featured_media":13538,"template":"","meta":{"_acf_changed":false},"product_brand":[],"product_cat":[871,2117,2149,2114,1456,163,2037],"product_tag":[1671,2238,2266,2265,2256,2267,2263,2262,2264,2223,2250],"class_list":{"0":"post-13582","1":"product","2":"type-product","3":"status-publish","4":"has-post-thumbnail","6":"product_cat-damen-mode","7":"product_cat-damen-afwc-2025","8":"product_cat-one-colour","9":"product_cat-afwc-2025","10":"product_cat-sets-damen-mode","11":"product_cat-sikati-designs","12":"product_cat-runway-collection","13":"product_tag-abendmode-damen","14":"product_tag-designer-zweiteiler","15":"product_tag-elegantes-set-damen","16":"product_tag-fashion-week-look","17":"product_tag-maxirock-damen","18":"product_tag-modern-african-style","19":"product_tag-off-shoulder-set","20":"product_tag-rosa-pink-zweiteiler","21":"product_tag-runway-outfit","22":"product_tag-sikati-mode","23":"product_tag-sikati-runway-set","25":"first","26":"instock","27":"sale","28":"shipping-taxable","29":"purchasable","30":"product-type-variable"},"acf":[],"yoast_head":"<!-- This site is optimized with the Yoast SEO plugin v27.3 - https:\/\/yoast.com\/product\/yoast-seo-wordpress\/ -->\n<title>Sikat\u00ed Runway Set \u201eRos\u00e1\u201c \u2013 Zweiteiler Off-Shoulder in Rosa-Pink - Sikat\u00ed<\/title>\n<meta name=\"description\" content=\"%\" \/>\n<meta name=\"robots\" content=\"index, follow, max-snippet:-1, max-image-preview:large, max-video-preview:-1\" \/>\n<link rel=\"canonical\" href=\"https:\/\/www.sikati.de\/en\/product\/pinkfarbenes-zweiteiler-set-mit-off-shoulder-top-maxirock-mit-schlitz-sommer-abendlook\/\" \/>\n<meta property=\"og:locale\" content=\"en_GB\" \/>\n<meta property=\"og:type\" content=\"article\" \/>\n<meta property=\"og:title\" content=\"Sikat\u00ed Runway Set \u201eRos\u00e1\u201c \u2013 Zweiteiler Off-Shoulder in Rosa-Pink - Sikat\u00ed\" \/>\n<meta property=\"og:description\" content=\"%\" \/>\n<meta property=\"og:url\" content=\"https:\/\/www.sikati.de\/en\/product\/pinkfarbenes-zweiteiler-set-mit-off-shoulder-top-maxirock-mit-schlitz-sommer-abendlook\/\" \/>\n<meta property=\"og:site_name\" content=\"Sikat\u00ed\" \/>\n<meta property=\"article:publisher\" content=\"https:\/\/www.facebook.com\/Arts.Decoration.Style\" \/>\n<meta property=\"article:modified_time\" content=\"2026-03-21T17:31:14+00:00\" \/>\n<meta property=\"og:image\" content=\"https:\/\/www.sikati.de\/wp-content\/uploads\/2025\/09\/Photoroom-20250912_161934_4.png\" \/>\n\t<meta property=\"og:image:width\" content=\"1706\" \/>\n\t<meta property=\"og:image:height\" content=\"2560\" \/>\n\t<meta property=\"og:image:type\" content=\"image\/png\" \/>\n<meta name=\"twitter:card\" content=\"summary_large_image\" \/>\n<meta name=\"twitter:label1\" content=\"Estimated reading time\" \/>\n\t<meta name=\"twitter:data1\" content=\"1 minute\" \/>\n<script type=\"application\/ld+json\" class=\"yoast-schema-graph\">{\"@context\":\"https:\\\/\\\/schema.org\",\"@graph\":[{\"@type\":\"WebPage\",\"@id\":\"https:\\\/\\\/www.sikati.de\\\/produkt\\\/pinkfarbenes-zweiteiler-set-mit-off-shoulder-top-maxirock-mit-schlitz-sommer-abendlook\\\/\",\"url\":\"https:\\\/\\\/www.sikati.de\\\/produkt\\\/pinkfarbenes-zweiteiler-set-mit-off-shoulder-top-maxirock-mit-schlitz-sommer-abendlook\\\/\",\"name\":\"Sikat\u00ed Runway Set \u201eRos\u00e1\u201c \u2013 Zweiteiler Off-Shoulder in Rosa-Pink - Sikat\u00ed\",\"isPartOf\":{\"@id\":\"https:\\\/\\\/www.sikati.de\\\/#website\"},\"primaryImageOfPage\":{\"@id\":\"https:\\\/\\\/www.sikati.de\\\/produkt\\\/pinkfarbenes-zweiteiler-set-mit-off-shoulder-top-maxirock-mit-schlitz-sommer-abendlook\\\/#primaryimage\"},\"image\":{\"@id\":\"https:\\\/\\\/www.sikati.de\\\/produkt\\\/pinkfarbenes-zweiteiler-set-mit-off-shoulder-top-maxirock-mit-schlitz-sommer-abendlook\\\/#primaryimage\"},\"thumbnailUrl\":\"https:\\\/\\\/www.sikati.de\\\/wp-content\\\/uploads\\\/2025\\\/09\\\/Photoroom-20250912_161934_4.png\",\"datePublished\":\"2025-09-26T22:13:14+00:00\",\"dateModified\":\"2026-03-21T17:31:14+00:00\",\"description\":\"%\",\"breadcrumb\":{\"@id\":\"https:\\\/\\\/www.sikati.de\\\/produkt\\\/pinkfarbenes-zweiteiler-set-mit-off-shoulder-top-maxirock-mit-schlitz-sommer-abendlook\\\/#breadcrumb\"},\"inLanguage\":\"en-GB\",\"potentialAction\":[{\"@type\":\"ReadAction\",\"target\":[\"https:\\\/\\\/www.sikati.de\\\/produkt\\\/pinkfarbenes-zweiteiler-set-mit-off-shoulder-top-maxirock-mit-schlitz-sommer-abendlook\\\/\"]}]},{\"@type\":\"ImageObject\",\"inLanguage\":\"en-GB\",\"@id\":\"https:\\\/\\\/www.sikati.de\\\/produkt\\\/pinkfarbenes-zweiteiler-set-mit-off-shoulder-top-maxirock-mit-schlitz-sommer-abendlook\\\/#primaryimage\",\"url\":\"https:\\\/\\\/www.sikati.de\\\/wp-content\\\/uploads\\\/2025\\\/09\\\/Photoroom-20250912_161934_4.png\",\"contentUrl\":\"https:\\\/\\\/www.sikati.de\\\/wp-content\\\/uploads\\\/2025\\\/09\\\/Photoroom-20250912_161934_4.png\",\"width\":1706,\"height\":2560},{\"@type\":\"BreadcrumbList\",\"@id\":\"https:\\\/\\\/www.sikati.de\\\/produkt\\\/pinkfarbenes-zweiteiler-set-mit-off-shoulder-top-maxirock-mit-schlitz-sommer-abendlook\\\/#breadcrumb\",\"itemListElement\":[{\"@type\":\"ListItem\",\"position\":1,\"name\":\"Startseite\",\"item\":\"https:\\\/\\\/www.sikati.de\\\/\"},{\"@type\":\"ListItem\",\"position\":2,\"name\":\"Produkte\",\"item\":\"https:\\\/\\\/www.sikati.de\\\/shop\\\/\"},{\"@type\":\"ListItem\",\"position\":3,\"name\":\"Sikat\u00ed Runway Set \u201eRos\u00e1\u201c \u2013 Zweiteiler Off-Shoulder in Rosa-Pink\"}]},{\"@type\":\"WebSite\",\"@id\":\"https:\\\/\\\/www.sikati.de\\\/#website\",\"url\":\"https:\\\/\\\/www.sikati.de\\\/\",\"name\":\"Sikat\u00ed\",\"description\":\"Afro Contemporary Fashion &amp; Living\",\"publisher\":{\"@id\":\"https:\\\/\\\/www.sikati.de\\\/#organization\"},\"potentialAction\":[{\"@type\":\"SearchAction\",\"target\":{\"@type\":\"EntryPoint\",\"urlTemplate\":\"https:\\\/\\\/www.sikati.de\\\/?s={search_term_string}\"},\"query-input\":{\"@type\":\"PropertyValueSpecification\",\"valueRequired\":true,\"valueName\":\"search_term_string\"}}],\"inLanguage\":\"en-GB\"},{\"@type\":\"Organization\",\"@id\":\"https:\\\/\\\/www.sikati.de\\\/#organization\",\"name\":\"Sikat\u00ed\",\"url\":\"https:\\\/\\\/www.sikati.de\\\/\",\"logo\":{\"@type\":\"ImageObject\",\"inLanguage\":\"en-GB\",\"@id\":\"https:\\\/\\\/www.sikati.de\\\/#\\\/schema\\\/logo\\\/image\\\/\",\"url\":\"https:\\\/\\\/www.sikati.de\\\/wp-content\\\/uploads\\\/2019\\\/03\\\/cropped-cropped-sikati-logo.png\",\"contentUrl\":\"https:\\\/\\\/www.sikati.de\\\/wp-content\\\/uploads\\\/2019\\\/03\\\/cropped-cropped-sikati-logo.png\",\"width\":500,\"height\":201,\"caption\":\"Sikat\u00ed\"},\"image\":{\"@id\":\"https:\\\/\\\/www.sikati.de\\\/#\\\/schema\\\/logo\\\/image\\\/\"},\"sameAs\":[\"https:\\\/\\\/www.facebook.com\\\/Arts.Decoration.Style\",\"https:\\\/\\\/www.instagram.com\\\/sikati_arts\\\/\",\"https:\\\/\\\/www.tiktok.com\\\/@sikati_arts\"]}]}<\/script>\n<!-- \/ Yoast SEO plugin. -->","yoast_head_json":{"title":"Sikat\u00ed Runway Set \u201eRos\u00e1\u201c \u2013 Zweiteiler Off-Shoulder in Rosa-Pink - Sikat\u00ed","description":"%","robots":{"index":"index","follow":"follow","max-snippet":"max-snippet:-1","max-image-preview":"max-image-preview:large","max-video-preview":"max-video-preview:-1"},"canonical":"https:\/\/www.sikati.de\/en\/product\/pinkfarbenes-zweiteiler-set-mit-off-shoulder-top-maxirock-mit-schlitz-sommer-abendlook\/","og_locale":"en_GB","og_type":"article","og_title":"Sikat\u00ed Runway Set \u201eRos\u00e1\u201c \u2013 Zweiteiler Off-Shoulder in Rosa-Pink - Sikat\u00ed","og_description":"%","og_url":"https:\/\/www.sikati.de\/en\/product\/pinkfarbenes-zweiteiler-set-mit-off-shoulder-top-maxirock-mit-schlitz-sommer-abendlook\/","og_site_name":"Sikat\u00ed","article_publisher":"https:\/\/www.facebook.com\/Arts.Decoration.Style","article_modified_time":"2026-03-21T17:31:14+00:00","og_image":[{"width":1706,"height":2560,"url":"https:\/\/www.sikati.de\/wp-content\/uploads\/2025\/09\/Photoroom-20250912_161934_4.png","type":"image\/png"}],"twitter_card":"summary_large_image","twitter_misc":{"Estimated reading time":"1 minute"},"schema":{"@context":"https:\/\/schema.org","@graph":[{"@type":"WebPage","@id":"https:\/\/www.sikati.de\/produkt\/pinkfarbenes-zweiteiler-set-mit-off-shoulder-top-maxirock-mit-schlitz-sommer-abendlook\/","url":"https:\/\/www.sikati.de\/produkt\/pinkfarbenes-zweiteiler-set-mit-off-shoulder-top-maxirock-mit-schlitz-sommer-abendlook\/","name":"Sikat\u00ed Runway Set \u201eRos\u00e1\u201c \u2013 Zweiteiler Off-Shoulder in Rosa-Pink - Sikat\u00ed","isPartOf":{"@id":"https:\/\/www.sikati.de\/#website"},"primaryImageOfPage":{"@id":"https:\/\/www.sikati.de\/produkt\/pinkfarbenes-zweiteiler-set-mit-off-shoulder-top-maxirock-mit-schlitz-sommer-abendlook\/#primaryimage"},"image":{"@id":"https:\/\/www.sikati.de\/produkt\/pinkfarbenes-zweiteiler-set-mit-off-shoulder-top-maxirock-mit-schlitz-sommer-abendlook\/#primaryimage"},"thumbnailUrl":"https:\/\/www.sikati.de\/wp-content\/uploads\/2025\/09\/Photoroom-20250912_161934_4.png","datePublished":"2025-09-26T22:13:14+00:00","dateModified":"2026-03-21T17:31:14+00:00","description":"%","breadcrumb":{"@id":"https:\/\/www.sikati.de\/produkt\/pinkfarbenes-zweiteiler-set-mit-off-shoulder-top-maxirock-mit-schlitz-sommer-abendlook\/#breadcrumb"},"inLanguage":"en-GB","potentialAction":[{"@type":"ReadAction","target":["https:\/\/www.sikati.de\/produkt\/pinkfarbenes-zweiteiler-set-mit-off-shoulder-top-maxirock-mit-schlitz-sommer-abendlook\/"]}]},{"@type":"ImageObject","inLanguage":"en-GB","@id":"https:\/\/www.sikati.de\/produkt\/pinkfarbenes-zweiteiler-set-mit-off-shoulder-top-maxirock-mit-schlitz-sommer-abendlook\/#primaryimage","url":"https:\/\/www.sikati.de\/wp-content\/uploads\/2025\/09\/Photoroom-20250912_161934_4.png","contentUrl":"https:\/\/www.sikati.de\/wp-content\/uploads\/2025\/09\/Photoroom-20250912_161934_4.png","width":1706,"height":2560},{"@type":"BreadcrumbList","@id":"https:\/\/www.sikati.de\/produkt\/pinkfarbenes-zweiteiler-set-mit-off-shoulder-top-maxirock-mit-schlitz-sommer-abendlook\/#breadcrumb","itemListElement":[{"@type":"ListItem","position":1,"name":"Startseite","item":"https:\/\/www.sikati.de\/"},{"@type":"ListItem","position":2,"name":"Produkte","item":"https:\/\/www.sikati.de\/shop\/"},{"@type":"ListItem","position":3,"name":"Sikat\u00ed Runway Set \u201eRos\u00e1\u201c \u2013 Zweiteiler Off-Shoulder in Rosa-Pink"}]},{"@type":"WebSite","@id":"https:\/\/www.sikati.de\/#website","url":"https:\/\/www.sikati.de\/","name":"Sikat\u00ed","description":"Afro Contemporary Fashion &amp; Living","publisher":{"@id":"https:\/\/www.sikati.de\/#organization"},"potentialAction":[{"@type":"SearchAction","target":{"@type":"EntryPoint","urlTemplate":"https:\/\/www.sikati.de\/?s={search_term_string}"},"query-input":{"@type":"PropertyValueSpecification","valueRequired":true,"valueName":"search_term_string"}}],"inLanguage":"en-GB"},{"@type":"Organization","@id":"https:\/\/www.sikati.de\/#organization","name":"Sikat\u00ed","url":"https:\/\/www.sikati.de\/","logo":{"@type":"ImageObject","inLanguage":"en-GB","@id":"https:\/\/www.sikati.de\/#\/schema\/logo\/image\/","url":"https:\/\/www.sikati.de\/wp-content\/uploads\/2019\/03\/cropped-cropped-sikati-logo.png","contentUrl":"https:\/\/www.sikati.de\/wp-content\/uploads\/2019\/03\/cropped-cropped-sikati-logo.png","width":500,"height":201,"caption":"Sikat\u00ed"},"image":{"@id":"https:\/\/www.sikati.de\/#\/schema\/logo\/image\/"},"sameAs":["https:\/\/www.facebook.com\/Arts.Decoration.Style","https:\/\/www.instagram.com\/sikati_arts\/","https:\/\/www.tiktok.com\/@sikati_arts"]}]}},"_links":{"self":[{"href":"https:\/\/www.sikati.de\/en\/wp-json\/wp\/v2\/product\/13582","targetHints":{"allow":["GET"]}}],"collection":[{"href":"https:\/\/www.sikati.de\/en\/wp-json\/wp\/v2\/product"}],"about":[{"href":"https:\/\/www.sikati.de\/en\/wp-json\/wp\/v2\/types\/product"}],"wp:featuredmedia":[{"embeddable":true,"href":"https:\/\/www.sikati.de\/en\/wp-json\/wp\/v2\/media\/13538"}],"wp:attachment":[{"href":"https:\/\/www.sikati.de\/en\/wp-json\/wp\/v2\/media?parent=13582"}],"wp:term":[{"taxonomy":"product_brand","embeddable":true,"href":"https:\/\/www.sikati.de\/en\/wp-json\/wp\/v2\/product_brand?post=13582"},{"taxonomy":"product_cat","embeddable":true,"href":"https:\/\/www.sikati.de\/en\/wp-json\/wp\/v2\/product_cat?post=13582"},{"taxonomy":"product_tag","embeddable":true,"href":"https:\/\/www.sikati.de\/en\/wp-json\/wp\/v2\/product_tag?post=13582"}],"curies":[{"name":"wp","href":"https:\/\/api.w.org\/{rel}","templated":true}]}}