{"id":5680,"date":"2023-04-20T10:58:05","date_gmt":"2023-04-20T08:58:05","guid":{"rendered":"https:\/\/sikati.de\/?post_type=product&#038;p=5680"},"modified":"2025-07-15T01:44:19","modified_gmt":"2025-07-14T23:44:19","slug":"juju-hut-colourful","status":"publish","type":"product","link":"https:\/\/www.sikati.de\/en\/product\/juju-hut-colourful\/","title":{"rendered":"JuJu-Hut Colourful"},"content":{"rendered":"<p>Der Juju-Hut ist ein kamerunischer Kopfschmuck, der w\u00e4hrend traditioneller Zeremonien der Bamileke-St\u00e4mme als Symbol f\u00fcr Wohlstand, Sch\u00f6nheit und Freude getragen wird. Im Laufe der Jahre sind Juju-H\u00fcte zu einem der wichtigsten \u201cMust Have\u201d-Elemente der Inneneinrichtung auf der ganzen Welt geworden. Ob als mutiges Statement oder kunstvoller Akzent, machen sie ein au\u00dfergew\u00f6hnliches auff\u00e4lliges Wanddekor. Juju-H\u00fcte eignen sich perfekt als Wandbeh\u00e4nge in H\u00e4usern, Hotels, Bars, Restaurants und allen Arten von Innen- und Au\u00dfenr\u00e4umen. Juju-H\u00fcte werden in Handarbeit aus Bast und H\u00fchnerfedern angefertigt. Diese wundersch\u00f6nen Unikate aus echten Federn verleihen ihr Interieur eine originale Note. Alle Juju-H\u00fcte k\u00f6nnen an der Wand aufgeh\u00e4ngt werden. Bei Nichtgebrauch kann der Juju-Hut zur einfachen Aufbewahrung sauber wieder eingeklappt werden.<\/p>\n<p>Unsere Juju-H\u00fcte sind ab Gr\u00f6\u00dfe 20 cm bis 1 m auf Bestellung erh\u00e4ltlich. Bei uns kannst du deinen Juju-Hut nach deinem pers\u00f6nlichen Geschmack (Gr\u00f6\u00dfe, Farbe) anfertigen lassen.<\/p>","protected":false},"excerpt":{"rendered":"<p>Mit diesem Juju-Hut l\u00e4sst sich jeden Raum stilvoll aufpeppen.<\/p>\n<p>Kein Mehrwertsteuerausweis, da Kleinunternehmer nach \u00a719 (1) UStG.<\/p>","protected":false},"featured_media":4615,"template":"","meta":{"_acf_changed":false},"product_brand":[],"product_cat":[1814,576,434,206],"product_tag":[889,888,214,215,219,218],"class_list":{"0":"post-5680","1":"product","2":"type-product","3":"status-publish","4":"has-post-thumbnail","6":"product_cat-sikati-wohnen","7":"product_cat-wandbehaenge","8":"product_cat-wanddekoration","9":"product_cat-wohnaccessoires","10":"product_tag-dekoration","11":"product_tag-echtfeder","12":"product_tag-jujuhat","13":"product_tag-jujuhut","14":"product_tag-wandbehang","15":"product_tag-wanddekoration","17":"first","18":"instock","19":"sale","20":"featured","21":"shipping-taxable","22":"purchasable","23":"product-type-variable"},"acf":[],"yoast_head":"<!-- This site is optimized with the Yoast SEO plugin v27.3 - https:\/\/yoast.com\/product\/yoast-seo-wordpress\/ -->\n<title>JuJu-Hut Colourful - Sikat\u00ed<\/title>\n<meta name=\"description\" content=\"%\" \/>\n<meta name=\"robots\" content=\"index, follow, max-snippet:-1, max-image-preview:large, max-video-preview:-1\" \/>\n<link rel=\"canonical\" href=\"https:\/\/www.sikati.de\/en\/product\/juju-hut-colourful\/\" \/>\n<meta property=\"og:locale\" content=\"en_GB\" \/>\n<meta property=\"og:type\" content=\"article\" \/>\n<meta property=\"og:title\" content=\"JuJu-Hut Colourful - Sikat\u00ed\" \/>\n<meta property=\"og:description\" content=\"%\" \/>\n<meta property=\"og:url\" content=\"https:\/\/www.sikati.de\/en\/product\/juju-hut-colourful\/\" \/>\n<meta property=\"og:site_name\" content=\"Sikat\u00ed\" \/>\n<meta property=\"article:publisher\" content=\"https:\/\/www.facebook.com\/Arts.Decoration.Style\" \/>\n<meta property=\"article:modified_time\" content=\"2025-07-14T23:44:19+00:00\" \/>\n<meta property=\"og:image\" content=\"https:\/\/www.sikati.de\/wp-content\/uploads\/2022\/04\/20220419_164457-scaled.jpg\" \/>\n\t<meta property=\"og:image:width\" content=\"2560\" \/>\n\t<meta property=\"og:image:height\" content=\"1920\" \/>\n\t<meta property=\"og:image:type\" content=\"image\/jpeg\" \/>\n<meta name=\"twitter:card\" content=\"summary_large_image\" \/>\n<meta name=\"twitter:label1\" content=\"Estimated reading time\" \/>\n\t<meta name=\"twitter:data1\" content=\"1 minute\" \/>\n<script type=\"application\/ld+json\" class=\"yoast-schema-graph\">{\"@context\":\"https:\\\/\\\/schema.org\",\"@graph\":[{\"@type\":\"WebPage\",\"@id\":\"https:\\\/\\\/www.sikati.de\\\/produkt\\\/juju-hut-colourful\\\/\",\"url\":\"https:\\\/\\\/www.sikati.de\\\/produkt\\\/juju-hut-colourful\\\/\",\"name\":\"JuJu-Hut Colourful - Sikat\u00ed\",\"isPartOf\":{\"@id\":\"https:\\\/\\\/www.sikati.de\\\/#website\"},\"primaryImageOfPage\":{\"@id\":\"https:\\\/\\\/www.sikati.de\\\/produkt\\\/juju-hut-colourful\\\/#primaryimage\"},\"image\":{\"@id\":\"https:\\\/\\\/www.sikati.de\\\/produkt\\\/juju-hut-colourful\\\/#primaryimage\"},\"thumbnailUrl\":\"https:\\\/\\\/www.sikati.de\\\/wp-content\\\/uploads\\\/2022\\\/04\\\/20220419_164457-scaled.jpg\",\"datePublished\":\"2023-04-20T08:58:05+00:00\",\"dateModified\":\"2025-07-14T23:44:19+00:00\",\"description\":\"%\",\"breadcrumb\":{\"@id\":\"https:\\\/\\\/www.sikati.de\\\/produkt\\\/juju-hut-colourful\\\/#breadcrumb\"},\"inLanguage\":\"en-GB\",\"potentialAction\":[{\"@type\":\"ReadAction\",\"target\":[\"https:\\\/\\\/www.sikati.de\\\/produkt\\\/juju-hut-colourful\\\/\"]}]},{\"@type\":\"ImageObject\",\"inLanguage\":\"en-GB\",\"@id\":\"https:\\\/\\\/www.sikati.de\\\/produkt\\\/juju-hut-colourful\\\/#primaryimage\",\"url\":\"https:\\\/\\\/www.sikati.de\\\/wp-content\\\/uploads\\\/2022\\\/04\\\/20220419_164457-scaled.jpg\",\"contentUrl\":\"https:\\\/\\\/www.sikati.de\\\/wp-content\\\/uploads\\\/2022\\\/04\\\/20220419_164457-scaled.jpg\",\"width\":2560,\"height\":1920},{\"@type\":\"BreadcrumbList\",\"@id\":\"https:\\\/\\\/www.sikati.de\\\/produkt\\\/juju-hut-colourful\\\/#breadcrumb\",\"itemListElement\":[{\"@type\":\"ListItem\",\"position\":1,\"name\":\"Startseite\",\"item\":\"https:\\\/\\\/www.sikati.de\\\/\"},{\"@type\":\"ListItem\",\"position\":2,\"name\":\"Produkte\",\"item\":\"https:\\\/\\\/www.sikati.de\\\/shop\\\/\"},{\"@type\":\"ListItem\",\"position\":3,\"name\":\"JuJu-Hut Colourful\"}]},{\"@type\":\"WebSite\",\"@id\":\"https:\\\/\\\/www.sikati.de\\\/#website\",\"url\":\"https:\\\/\\\/www.sikati.de\\\/\",\"name\":\"Sikat\u00ed\",\"description\":\"Afro Contemporary Fashion &amp; Living\",\"publisher\":{\"@id\":\"https:\\\/\\\/www.sikati.de\\\/#organization\"},\"potentialAction\":[{\"@type\":\"SearchAction\",\"target\":{\"@type\":\"EntryPoint\",\"urlTemplate\":\"https:\\\/\\\/www.sikati.de\\\/?s={search_term_string}\"},\"query-input\":{\"@type\":\"PropertyValueSpecification\",\"valueRequired\":true,\"valueName\":\"search_term_string\"}}],\"inLanguage\":\"en-GB\"},{\"@type\":\"Organization\",\"@id\":\"https:\\\/\\\/www.sikati.de\\\/#organization\",\"name\":\"Sikat\u00ed\",\"url\":\"https:\\\/\\\/www.sikati.de\\\/\",\"logo\":{\"@type\":\"ImageObject\",\"inLanguage\":\"en-GB\",\"@id\":\"https:\\\/\\\/www.sikati.de\\\/#\\\/schema\\\/logo\\\/image\\\/\",\"url\":\"https:\\\/\\\/www.sikati.de\\\/wp-content\\\/uploads\\\/2019\\\/03\\\/cropped-cropped-sikati-logo.png\",\"contentUrl\":\"https:\\\/\\\/www.sikati.de\\\/wp-content\\\/uploads\\\/2019\\\/03\\\/cropped-cropped-sikati-logo.png\",\"width\":500,\"height\":201,\"caption\":\"Sikat\u00ed\"},\"image\":{\"@id\":\"https:\\\/\\\/www.sikati.de\\\/#\\\/schema\\\/logo\\\/image\\\/\"},\"sameAs\":[\"https:\\\/\\\/www.facebook.com\\\/Arts.Decoration.Style\",\"https:\\\/\\\/www.instagram.com\\\/sikati_arts\\\/\",\"https:\\\/\\\/www.tiktok.com\\\/@sikati_arts\"]}]}<\/script>\n<!-- \/ Yoast SEO plugin. -->","yoast_head_json":{"title":"JuJu-Hut Colourful - Sikat\u00ed","description":"%","robots":{"index":"index","follow":"follow","max-snippet":"max-snippet:-1","max-image-preview":"max-image-preview:large","max-video-preview":"max-video-preview:-1"},"canonical":"https:\/\/www.sikati.de\/en\/product\/juju-hut-colourful\/","og_locale":"en_GB","og_type":"article","og_title":"JuJu-Hut Colourful - Sikat\u00ed","og_description":"%","og_url":"https:\/\/www.sikati.de\/en\/product\/juju-hut-colourful\/","og_site_name":"Sikat\u00ed","article_publisher":"https:\/\/www.facebook.com\/Arts.Decoration.Style","article_modified_time":"2025-07-14T23:44:19+00:00","og_image":[{"width":2560,"height":1920,"url":"https:\/\/www.sikati.de\/wp-content\/uploads\/2022\/04\/20220419_164457-scaled.jpg","type":"image\/jpeg"}],"twitter_card":"summary_large_image","twitter_misc":{"Estimated reading time":"1 minute"},"schema":{"@context":"https:\/\/schema.org","@graph":[{"@type":"WebPage","@id":"https:\/\/www.sikati.de\/produkt\/juju-hut-colourful\/","url":"https:\/\/www.sikati.de\/produkt\/juju-hut-colourful\/","name":"JuJu-Hut Colourful - Sikat\u00ed","isPartOf":{"@id":"https:\/\/www.sikati.de\/#website"},"primaryImageOfPage":{"@id":"https:\/\/www.sikati.de\/produkt\/juju-hut-colourful\/#primaryimage"},"image":{"@id":"https:\/\/www.sikati.de\/produkt\/juju-hut-colourful\/#primaryimage"},"thumbnailUrl":"https:\/\/www.sikati.de\/wp-content\/uploads\/2022\/04\/20220419_164457-scaled.jpg","datePublished":"2023-04-20T08:58:05+00:00","dateModified":"2025-07-14T23:44:19+00:00","description":"%","breadcrumb":{"@id":"https:\/\/www.sikati.de\/produkt\/juju-hut-colourful\/#breadcrumb"},"inLanguage":"en-GB","potentialAction":[{"@type":"ReadAction","target":["https:\/\/www.sikati.de\/produkt\/juju-hut-colourful\/"]}]},{"@type":"ImageObject","inLanguage":"en-GB","@id":"https:\/\/www.sikati.de\/produkt\/juju-hut-colourful\/#primaryimage","url":"https:\/\/www.sikati.de\/wp-content\/uploads\/2022\/04\/20220419_164457-scaled.jpg","contentUrl":"https:\/\/www.sikati.de\/wp-content\/uploads\/2022\/04\/20220419_164457-scaled.jpg","width":2560,"height":1920},{"@type":"BreadcrumbList","@id":"https:\/\/www.sikati.de\/produkt\/juju-hut-colourful\/#breadcrumb","itemListElement":[{"@type":"ListItem","position":1,"name":"Startseite","item":"https:\/\/www.sikati.de\/"},{"@type":"ListItem","position":2,"name":"Produkte","item":"https:\/\/www.sikati.de\/shop\/"},{"@type":"ListItem","position":3,"name":"JuJu-Hut Colourful"}]},{"@type":"WebSite","@id":"https:\/\/www.sikati.de\/#website","url":"https:\/\/www.sikati.de\/","name":"Sikat\u00ed","description":"Afro Contemporary Fashion &amp; Living","publisher":{"@id":"https:\/\/www.sikati.de\/#organization"},"potentialAction":[{"@type":"SearchAction","target":{"@type":"EntryPoint","urlTemplate":"https:\/\/www.sikati.de\/?s={search_term_string}"},"query-input":{"@type":"PropertyValueSpecification","valueRequired":true,"valueName":"search_term_string"}}],"inLanguage":"en-GB"},{"@type":"Organization","@id":"https:\/\/www.sikati.de\/#organization","name":"Sikat\u00ed","url":"https:\/\/www.sikati.de\/","logo":{"@type":"ImageObject","inLanguage":"en-GB","@id":"https:\/\/www.sikati.de\/#\/schema\/logo\/image\/","url":"https:\/\/www.sikati.de\/wp-content\/uploads\/2019\/03\/cropped-cropped-sikati-logo.png","contentUrl":"https:\/\/www.sikati.de\/wp-content\/uploads\/2019\/03\/cropped-cropped-sikati-logo.png","width":500,"height":201,"caption":"Sikat\u00ed"},"image":{"@id":"https:\/\/www.sikati.de\/#\/schema\/logo\/image\/"},"sameAs":["https:\/\/www.facebook.com\/Arts.Decoration.Style","https:\/\/www.instagram.com\/sikati_arts\/","https:\/\/www.tiktok.com\/@sikati_arts"]}]}},"_links":{"self":[{"href":"https:\/\/www.sikati.de\/en\/wp-json\/wp\/v2\/product\/5680","targetHints":{"allow":["GET"]}}],"collection":[{"href":"https:\/\/www.sikati.de\/en\/wp-json\/wp\/v2\/product"}],"about":[{"href":"https:\/\/www.sikati.de\/en\/wp-json\/wp\/v2\/types\/product"}],"wp:featuredmedia":[{"embeddable":true,"href":"https:\/\/www.sikati.de\/en\/wp-json\/wp\/v2\/media\/4615"}],"wp:attachment":[{"href":"https:\/\/www.sikati.de\/en\/wp-json\/wp\/v2\/media?parent=5680"}],"wp:term":[{"taxonomy":"product_brand","embeddable":true,"href":"https:\/\/www.sikati.de\/en\/wp-json\/wp\/v2\/product_brand?post=5680"},{"taxonomy":"product_cat","embeddable":true,"href":"https:\/\/www.sikati.de\/en\/wp-json\/wp\/v2\/product_cat?post=5680"},{"taxonomy":"product_tag","embeddable":true,"href":"https:\/\/www.sikati.de\/en\/wp-json\/wp\/v2\/product_tag?post=5680"}],"curies":[{"name":"wp","href":"https:\/\/api.w.org\/{rel}","templated":true}]}}