{"id":5741,"date":"2023-04-22T21:22:21","date_gmt":"2023-04-22T19:22:21","guid":{"rendered":"https:\/\/sikati.de\/?post_type=product&#038;p=5741"},"modified":"2026-03-21T21:23:54","modified_gmt":"2026-03-21T20:23:54","slug":"wandbehang-grassfields-ndop","status":"publish","type":"product","link":"https:\/\/www.sikati.de\/en\/product\/wandbehang-grassfields-ndop\/","title":{"rendered":"Wandbeh\u00e4nge Grassfields Ndop"},"content":{"rendered":"","protected":false},"excerpt":{"rendered":"<p>Ein sehr sch\u00f6nes Dekorationsst\u00fcck, das als Untersetzer benutzt oder an die Wand geh\u00e4ngt werden kann.<\/p>\n<p>Kein Mehrwertsteuerausweis, da Kleinunternehmer nach \u00a719 (1) UStG.<\/p>","protected":false},"featured_media":5148,"template":"","meta":{"_acf_changed":false},"product_brand":[],"product_cat":[576,434,206],"product_tag":[],"class_list":{"0":"post-5741","1":"product","2":"type-product","3":"status-publish","4":"has-post-thumbnail","6":"product_cat-wandbehaenge","7":"product_cat-wanddekoration","8":"product_cat-wohnaccessoires","10":"first","11":"instock","12":"sale","13":"featured","14":"shipping-taxable","15":"purchasable","16":"product-type-variable"},"acf":[],"yoast_head":"<!-- This site is optimized with the Yoast SEO plugin v27.3 - https:\/\/yoast.com\/product\/yoast-seo-wordpress\/ -->\n<title>Wandbeh\u00e4nge Grassfields Ndop - Sikat\u00ed<\/title>\n<meta name=\"description\" content=\"%\" \/>\n<meta name=\"robots\" content=\"index, follow, max-snippet:-1, max-image-preview:large, max-video-preview:-1\" \/>\n<link rel=\"canonical\" href=\"https:\/\/www.sikati.de\/en\/product\/wandbehang-grassfields-ndop\/\" \/>\n<meta property=\"og:locale\" content=\"en_GB\" \/>\n<meta property=\"og:type\" content=\"article\" \/>\n<meta property=\"og:title\" content=\"Wandbeh\u00e4nge Grassfields Ndop - Sikat\u00ed\" \/>\n<meta property=\"og:description\" content=\"%\" \/>\n<meta property=\"og:url\" content=\"https:\/\/www.sikati.de\/en\/product\/wandbehang-grassfields-ndop\/\" \/>\n<meta property=\"og:site_name\" content=\"Sikat\u00ed\" \/>\n<meta property=\"article:publisher\" content=\"https:\/\/www.facebook.com\/Arts.Decoration.Style\" \/>\n<meta property=\"article:modified_time\" content=\"2026-03-21T20:23:54+00:00\" \/>\n<meta property=\"og:image\" content=\"https:\/\/www.sikati.de\/wp-content\/uploads\/2022\/06\/PhotoRoom-20220504_232016_90.png\" \/>\n\t<meta property=\"og:image:width\" content=\"2000\" \/>\n\t<meta property=\"og:image:height\" content=\"2000\" \/>\n\t<meta property=\"og:image:type\" content=\"image\/png\" \/>\n<meta name=\"twitter:card\" content=\"summary_large_image\" \/>\n<meta name=\"twitter:label1\" content=\"Estimated reading time\" \/>\n\t<meta name=\"twitter:data1\" content=\"1 minute\" \/>\n<script type=\"application\/ld+json\" class=\"yoast-schema-graph\">{\"@context\":\"https:\\\/\\\/schema.org\",\"@graph\":[{\"@type\":\"WebPage\",\"@id\":\"https:\\\/\\\/www.sikati.de\\\/produkt\\\/wandbehang-grassfields-ndop\\\/\",\"url\":\"https:\\\/\\\/www.sikati.de\\\/produkt\\\/wandbehang-grassfields-ndop\\\/\",\"name\":\"Wandbeh\u00e4nge Grassfields Ndop - Sikat\u00ed\",\"isPartOf\":{\"@id\":\"https:\\\/\\\/www.sikati.de\\\/#website\"},\"primaryImageOfPage\":{\"@id\":\"https:\\\/\\\/www.sikati.de\\\/produkt\\\/wandbehang-grassfields-ndop\\\/#primaryimage\"},\"image\":{\"@id\":\"https:\\\/\\\/www.sikati.de\\\/produkt\\\/wandbehang-grassfields-ndop\\\/#primaryimage\"},\"thumbnailUrl\":\"https:\\\/\\\/www.sikati.de\\\/wp-content\\\/uploads\\\/2022\\\/06\\\/PhotoRoom-20220504_232016_90.png\",\"datePublished\":\"2023-04-22T19:22:21+00:00\",\"dateModified\":\"2026-03-21T20:23:54+00:00\",\"description\":\"%\",\"breadcrumb\":{\"@id\":\"https:\\\/\\\/www.sikati.de\\\/produkt\\\/wandbehang-grassfields-ndop\\\/#breadcrumb\"},\"inLanguage\":\"en-GB\",\"potentialAction\":[{\"@type\":\"ReadAction\",\"target\":[\"https:\\\/\\\/www.sikati.de\\\/produkt\\\/wandbehang-grassfields-ndop\\\/\"]}]},{\"@type\":\"ImageObject\",\"inLanguage\":\"en-GB\",\"@id\":\"https:\\\/\\\/www.sikati.de\\\/produkt\\\/wandbehang-grassfields-ndop\\\/#primaryimage\",\"url\":\"https:\\\/\\\/www.sikati.de\\\/wp-content\\\/uploads\\\/2022\\\/06\\\/PhotoRoom-20220504_232016_90.png\",\"contentUrl\":\"https:\\\/\\\/www.sikati.de\\\/wp-content\\\/uploads\\\/2022\\\/06\\\/PhotoRoom-20220504_232016_90.png\",\"width\":2000,\"height\":2000},{\"@type\":\"BreadcrumbList\",\"@id\":\"https:\\\/\\\/www.sikati.de\\\/produkt\\\/wandbehang-grassfields-ndop\\\/#breadcrumb\",\"itemListElement\":[{\"@type\":\"ListItem\",\"position\":1,\"name\":\"Startseite\",\"item\":\"https:\\\/\\\/www.sikati.de\\\/\"},{\"@type\":\"ListItem\",\"position\":2,\"name\":\"Produkte\",\"item\":\"https:\\\/\\\/www.sikati.de\\\/shop\\\/\"},{\"@type\":\"ListItem\",\"position\":3,\"name\":\"Wandbeh\u00e4nge Grassfields Ndop\"}]},{\"@type\":\"WebSite\",\"@id\":\"https:\\\/\\\/www.sikati.de\\\/#website\",\"url\":\"https:\\\/\\\/www.sikati.de\\\/\",\"name\":\"Sikat\u00ed\",\"description\":\"Afro Contemporary Fashion &amp; Living\",\"publisher\":{\"@id\":\"https:\\\/\\\/www.sikati.de\\\/#organization\"},\"potentialAction\":[{\"@type\":\"SearchAction\",\"target\":{\"@type\":\"EntryPoint\",\"urlTemplate\":\"https:\\\/\\\/www.sikati.de\\\/?s={search_term_string}\"},\"query-input\":{\"@type\":\"PropertyValueSpecification\",\"valueRequired\":true,\"valueName\":\"search_term_string\"}}],\"inLanguage\":\"en-GB\"},{\"@type\":\"Organization\",\"@id\":\"https:\\\/\\\/www.sikati.de\\\/#organization\",\"name\":\"Sikat\u00ed\",\"url\":\"https:\\\/\\\/www.sikati.de\\\/\",\"logo\":{\"@type\":\"ImageObject\",\"inLanguage\":\"en-GB\",\"@id\":\"https:\\\/\\\/www.sikati.de\\\/#\\\/schema\\\/logo\\\/image\\\/\",\"url\":\"https:\\\/\\\/www.sikati.de\\\/wp-content\\\/uploads\\\/2019\\\/03\\\/cropped-cropped-sikati-logo.png\",\"contentUrl\":\"https:\\\/\\\/www.sikati.de\\\/wp-content\\\/uploads\\\/2019\\\/03\\\/cropped-cropped-sikati-logo.png\",\"width\":500,\"height\":201,\"caption\":\"Sikat\u00ed\"},\"image\":{\"@id\":\"https:\\\/\\\/www.sikati.de\\\/#\\\/schema\\\/logo\\\/image\\\/\"},\"sameAs\":[\"https:\\\/\\\/www.facebook.com\\\/Arts.Decoration.Style\",\"https:\\\/\\\/www.instagram.com\\\/sikati_arts\\\/\",\"https:\\\/\\\/www.tiktok.com\\\/@sikati_arts\"]}]}<\/script>\n<!-- \/ Yoast SEO plugin. -->","yoast_head_json":{"title":"Wandbeh\u00e4nge Grassfields Ndop - Sikat\u00ed","description":"%","robots":{"index":"index","follow":"follow","max-snippet":"max-snippet:-1","max-image-preview":"max-image-preview:large","max-video-preview":"max-video-preview:-1"},"canonical":"https:\/\/www.sikati.de\/en\/product\/wandbehang-grassfields-ndop\/","og_locale":"en_GB","og_type":"article","og_title":"Wandbeh\u00e4nge Grassfields Ndop - Sikat\u00ed","og_description":"%","og_url":"https:\/\/www.sikati.de\/en\/product\/wandbehang-grassfields-ndop\/","og_site_name":"Sikat\u00ed","article_publisher":"https:\/\/www.facebook.com\/Arts.Decoration.Style","article_modified_time":"2026-03-21T20:23:54+00:00","og_image":[{"width":2000,"height":2000,"url":"https:\/\/www.sikati.de\/wp-content\/uploads\/2022\/06\/PhotoRoom-20220504_232016_90.png","type":"image\/png"}],"twitter_card":"summary_large_image","twitter_misc":{"Estimated reading time":"1 minute"},"schema":{"@context":"https:\/\/schema.org","@graph":[{"@type":"WebPage","@id":"https:\/\/www.sikati.de\/produkt\/wandbehang-grassfields-ndop\/","url":"https:\/\/www.sikati.de\/produkt\/wandbehang-grassfields-ndop\/","name":"Wandbeh\u00e4nge Grassfields Ndop - Sikat\u00ed","isPartOf":{"@id":"https:\/\/www.sikati.de\/#website"},"primaryImageOfPage":{"@id":"https:\/\/www.sikati.de\/produkt\/wandbehang-grassfields-ndop\/#primaryimage"},"image":{"@id":"https:\/\/www.sikati.de\/produkt\/wandbehang-grassfields-ndop\/#primaryimage"},"thumbnailUrl":"https:\/\/www.sikati.de\/wp-content\/uploads\/2022\/06\/PhotoRoom-20220504_232016_90.png","datePublished":"2023-04-22T19:22:21+00:00","dateModified":"2026-03-21T20:23:54+00:00","description":"%","breadcrumb":{"@id":"https:\/\/www.sikati.de\/produkt\/wandbehang-grassfields-ndop\/#breadcrumb"},"inLanguage":"en-GB","potentialAction":[{"@type":"ReadAction","target":["https:\/\/www.sikati.de\/produkt\/wandbehang-grassfields-ndop\/"]}]},{"@type":"ImageObject","inLanguage":"en-GB","@id":"https:\/\/www.sikati.de\/produkt\/wandbehang-grassfields-ndop\/#primaryimage","url":"https:\/\/www.sikati.de\/wp-content\/uploads\/2022\/06\/PhotoRoom-20220504_232016_90.png","contentUrl":"https:\/\/www.sikati.de\/wp-content\/uploads\/2022\/06\/PhotoRoom-20220504_232016_90.png","width":2000,"height":2000},{"@type":"BreadcrumbList","@id":"https:\/\/www.sikati.de\/produkt\/wandbehang-grassfields-ndop\/#breadcrumb","itemListElement":[{"@type":"ListItem","position":1,"name":"Startseite","item":"https:\/\/www.sikati.de\/"},{"@type":"ListItem","position":2,"name":"Produkte","item":"https:\/\/www.sikati.de\/shop\/"},{"@type":"ListItem","position":3,"name":"Wandbeh\u00e4nge Grassfields Ndop"}]},{"@type":"WebSite","@id":"https:\/\/www.sikati.de\/#website","url":"https:\/\/www.sikati.de\/","name":"Sikat\u00ed","description":"Afro Contemporary Fashion &amp; Living","publisher":{"@id":"https:\/\/www.sikati.de\/#organization"},"potentialAction":[{"@type":"SearchAction","target":{"@type":"EntryPoint","urlTemplate":"https:\/\/www.sikati.de\/?s={search_term_string}"},"query-input":{"@type":"PropertyValueSpecification","valueRequired":true,"valueName":"search_term_string"}}],"inLanguage":"en-GB"},{"@type":"Organization","@id":"https:\/\/www.sikati.de\/#organization","name":"Sikat\u00ed","url":"https:\/\/www.sikati.de\/","logo":{"@type":"ImageObject","inLanguage":"en-GB","@id":"https:\/\/www.sikati.de\/#\/schema\/logo\/image\/","url":"https:\/\/www.sikati.de\/wp-content\/uploads\/2019\/03\/cropped-cropped-sikati-logo.png","contentUrl":"https:\/\/www.sikati.de\/wp-content\/uploads\/2019\/03\/cropped-cropped-sikati-logo.png","width":500,"height":201,"caption":"Sikat\u00ed"},"image":{"@id":"https:\/\/www.sikati.de\/#\/schema\/logo\/image\/"},"sameAs":["https:\/\/www.facebook.com\/Arts.Decoration.Style","https:\/\/www.instagram.com\/sikati_arts\/","https:\/\/www.tiktok.com\/@sikati_arts"]}]}},"_links":{"self":[{"href":"https:\/\/www.sikati.de\/en\/wp-json\/wp\/v2\/product\/5741","targetHints":{"allow":["GET"]}}],"collection":[{"href":"https:\/\/www.sikati.de\/en\/wp-json\/wp\/v2\/product"}],"about":[{"href":"https:\/\/www.sikati.de\/en\/wp-json\/wp\/v2\/types\/product"}],"wp:featuredmedia":[{"embeddable":true,"href":"https:\/\/www.sikati.de\/en\/wp-json\/wp\/v2\/media\/5148"}],"wp:attachment":[{"href":"https:\/\/www.sikati.de\/en\/wp-json\/wp\/v2\/media?parent=5741"}],"wp:term":[{"taxonomy":"product_brand","embeddable":true,"href":"https:\/\/www.sikati.de\/en\/wp-json\/wp\/v2\/product_brand?post=5741"},{"taxonomy":"product_cat","embeddable":true,"href":"https:\/\/www.sikati.de\/en\/wp-json\/wp\/v2\/product_cat?post=5741"},{"taxonomy":"product_tag","embeddable":true,"href":"https:\/\/www.sikati.de\/en\/wp-json\/wp\/v2\/product_tag?post=5741"}],"curies":[{"name":"wp","href":"https:\/\/api.w.org\/{rel}","templated":true}]}}