{"id":22,"date":"2021-01-25T11:58:38","date_gmt":"2021-01-25T10:58:38","guid":{"rendered":"http:\/\/sikati.de\/?page_id=22"},"modified":"2025-06-07T09:55:21","modified_gmt":"2025-06-07T07:55:21","slug":"ueber-uns","status":"publish","type":"page","link":"https:\/\/www.sikati.de\/fr\/ueber-uns\/","title":{"rendered":"\u00c0 propos de nous"},"content":{"rendered":"<div data-elementor-type=\"wp-page\" data-elementor-id=\"22\" class=\"elementor elementor-22\">\n\t\t\t\t\t\t<section class=\"elementor-section elementor-top-section elementor-element elementor-element-3386963d elementor-section-height-min-height rey-section-bg--classic elementor-section-items-stretch elementor-section-boxed elementor-section-height-default\" data-id=\"3386963d\" data-element_type=\"section\" data-e-type=\"section\" data-settings=\"{&quot;background_background&quot;:&quot;classic&quot;}\">\n\t\t\t\t\t\t\t<div class=\"elementor-background-overlay\"><\/div>\n\t\t\t\t\t\t\t<div class=\"elementor-container elementor-column-gap-custom\">\n\t\t\t\t\t<div class=\"elementor-column elementor-col-100 elementor-top-column elementor-element elementor-element-779dfaba\" data-id=\"779dfaba\" data-element_type=\"column\" data-e-type=\"column\">\n\t\t\t<div class=\"elementor-column-wrap--779dfaba elementor-widget-wrap\">\n\t\t\t\t\t\t\t<\/div>\n\t\t<\/div>\n\t\t\t\t\t<\/div>\n\t\t<\/section>\n\t\t\t\t<section class=\"elementor-section elementor-top-section elementor-element elementor-element-bb14fe7 elementor-section-boxed elementor-section-height-default elementor-section-height-default\" data-id=\"bb14fe7\" data-element_type=\"section\" data-e-type=\"section\">\n\t\t\t\t\t\t<div class=\"elementor-container elementor-column-gap-default\">\n\t\t\t\t\t<div class=\"elementor-column elementor-col-100 elementor-top-column elementor-element elementor-element-7aaff1e6\" data-id=\"7aaff1e6\" data-element_type=\"column\" data-e-type=\"column\">\n\t\t\t<div class=\"elementor-column-wrap--7aaff1e6 elementor-widget-wrap elementor-element-populated\">\n\t\t\t\t\t\t<div class=\"elementor-element elementor-element-25cdb630 elementor-widget elementor-widget-heading\" data-id=\"25cdb630\" data-element_type=\"widget\" data-e-type=\"widget\" data-widget_type=\"heading.default\">\n\t\t\t\t<div class=\"elementor-widget-container\">\n\t\t\t\t\t<h2 class=\"elementor-heading-title elementor-size-default\">Notre identit\u00e9 et notre offre<\/h2>\t\t\t\t<\/div>\n\t\t\t\t<\/div>\n\t\t\t\t<div class=\"elementor-element elementor-element-478e7c84 elementor-widget elementor-widget-text-editor\" data-id=\"478e7c84\" data-element_type=\"widget\" data-e-type=\"widget\" data-widget_type=\"text-editor.default\">\n\t\t\t\t<div class=\"elementor-widget-container\">\n\t\t\t\t\t\t\t\t\t<p data-start=\"279\" data-end=\"596\">Bienvenue sur <strong data-start=\"303\" data-end=\"313\">Sika\u00ed<\/strong>, votre boutique en ligne de d\u00e9coration int\u00e9rieure originale et d&#039;accessoires de mode uniques. <strong data-start=\"401\" data-end=\"411\">Sika\u00ed<\/strong>, un magnifique pr\u00e9nom camerounais, signifie \u201e Dieu ne dort pas \u201c \u2013 un principe qui refl\u00e8te notre qu\u00eate constante du talent et de la cr\u00e9ativit\u00e9 artistiques africains.<\/p><p data-start=\"598\" data-end=\"920\">Nous sommes fiers de vous proposer une s\u00e9lection exclusive d&#039;\u0153uvres d&#039;art, d&#039;accessoires de d\u00e9coration et de v\u00eatements artisanaux, con\u00e7us en \u00e9troite collaboration avec des artisans africains talentueux. Nos produits sont faits main, ce qui rend chaque pi\u00e8ce unique \u2013 loin de la production de masse.<\/p><p data-start=\"922\" data-end=\"1210\">Gr\u00e2ce \u00e0 notre mobilier d&#039;exception et \u00e0 nos \u00e9l\u00e9ments de d\u00e9coration impressionnants, vous pouvez donner \u00e0 votre int\u00e9rieur une touche unique et trouver des id\u00e9es cadeaux originales. D\u00e9couvrez \u00e9galement nos accessoires de mode \u00e9l\u00e9gants, qui apporteront la touche finale parfaite \u00e0 votre garde-robe.<\/p>\t\t\t\t\t\t\t\t<\/div>\n\t\t\t\t<\/div>\n\t\t\t\t\t<\/div>\n\t\t<\/div>\n\t\t\t\t\t<\/div>\n\t\t<\/section>\n\t\t\t\t<section class=\"elementor-section elementor-top-section elementor-element elementor-element-22c6030c elementor-section-boxed elementor-section-height-default elementor-section-height-default\" data-id=\"22c6030c\" data-element_type=\"section\" data-e-type=\"section\">\n\t\t\t\t\t\t<div class=\"elementor-container elementor-column-gap-no\">\n\t\t\t\t\t<div class=\"elementor-column elementor-col-50 elementor-top-column elementor-element elementor-element-3565f3ee rey-colbg--classic\" data-id=\"3565f3ee\" data-element_type=\"column\" data-e-type=\"column\" data-settings=\"{&quot;background_background&quot;:&quot;classic&quot;}\">\n\t\t\t<div class=\"elementor-column-wrap--3565f3ee elementor-widget-wrap elementor-element-populated\">\n\t\t\t\t\t\t<div class=\"elementor-element elementor-element-68a02d22 elementor-widget__width-initial elementor-widget elementor-widget-heading\" data-id=\"68a02d22\" data-element_type=\"widget\" data-e-type=\"widget\" data-widget_type=\"heading.default\">\n\t\t\t\t<div class=\"elementor-widget-container\">\n\t\t\t\t\t<h2 class=\"elementor-heading-title elementor-size-default\">Nos valeurs et notre engagement<\/h2>\t\t\t\t<\/div>\n\t\t\t\t<\/div>\n\t\t\t\t<div class=\"elementor-element elementor-element-1c5607d elementor-widget elementor-widget-text-editor\" data-id=\"1c5607d\" data-element_type=\"widget\" data-e-type=\"widget\" data-widget_type=\"text-editor.default\">\n\t\t\t\t<div class=\"elementor-widget-container\">\n\t\t\t\t\t\t\t\t\t<p><span style=\"text-align: center;\">Ici,\u00a0<\/span><span style=\"text-align: center; font-weight: 600;\" data-start=\"1263\" data-end=\"1273\">Sika\u00ed<\/span><span style=\"text-align: center;\">\u00a0Nous sommes bien plus qu&#039;une simple entreprise. <\/span><span style=\"text-align: center;\">Notre<\/span><span style=\"text-align: center;\"> Les pierres angulaires sont <strong>Passion, curiosit\u00e9, cr\u00e9ativit\u00e9, qualit\u00e9 et responsabilit\u00e9 sociale<\/strong>. Ces valeurs nous guident et constituent l&#039;essence m\u00eame de tout ce que nous faisons. Nous sommes passionn\u00e9s par le partage des richesses culturelles de l&#039;Afrique et avides de d\u00e9couvrir de nouvelles \u0153uvres d&#039;art, de nouveaux artistes et de nouvelles cr\u00e9ations. Notre cr\u00e9ativit\u00e9 est le moteur de nos offres uniques et diversifi\u00e9es. Chaque article que nous proposons est un chef-d&#039;\u0153uvre artisanal, r\u00e9alis\u00e9 avec le plus grand soin et la plus grande pr\u00e9cision.<\/span><\/p><p style=\"text-align: center;\">\u00a0<\/p>\t\t\t\t\t\t\t\t<\/div>\n\t\t\t\t<\/div>\n\t\t\t\t\t<\/div>\n\t\t<\/div>\n\t\t\t\t<div class=\"elementor-column elementor-col-50 elementor-top-column elementor-element elementor-element-3c9c12f rey-colbg--classic\" data-id=\"3c9c12f\" data-element_type=\"column\" data-e-type=\"column\" data-settings=\"{&quot;background_background&quot;:&quot;classic&quot;}\">\n\t\t\t<div class=\"elementor-column-wrap--3c9c12f elementor-widget-wrap elementor-element-populated\">\n\t\t\t\t\t\t<div class=\"elementor-element elementor-element-33bad72e elementor-widget elementor-widget-image\" data-id=\"33bad72e\" data-element_type=\"widget\" data-e-type=\"widget\" data-widget_type=\"image.default\">\n\t\t\t\t<div class=\"elementor-widget-container\">\n\t\t\t\t\t\t\t\t\t\t\t\t\t\t\t<img fetchpriority=\"high\" decoding=\"async\" width=\"1024\" height=\"684\" src=\"https:\/\/www.sikati.de\/wp-content\/uploads\/2021\/04\/DSC3691-copie-1024x684.jpg\" class=\"attachment-large size-large wp-image-2976\" alt=\"\" srcset=\"https:\/\/www.sikati.de\/wp-content\/uploads\/2021\/04\/DSC3691-copie-1024x684.jpg 1024w, https:\/\/www.sikati.de\/wp-content\/uploads\/2021\/04\/DSC3691-copie-300x200.jpg 300w, https:\/\/www.sikati.de\/wp-content\/uploads\/2021\/04\/DSC3691-copie-scaled-600x401.jpg 600w, https:\/\/www.sikati.de\/wp-content\/uploads\/2021\/04\/DSC3691-copie-768x513.jpg 768w, https:\/\/www.sikati.de\/wp-content\/uploads\/2021\/04\/DSC3691-copie-1536x1025.jpg 1536w, https:\/\/www.sikati.de\/wp-content\/uploads\/2021\/04\/DSC3691-copie-2048x1367.jpg 2048w, https:\/\/www.sikati.de\/wp-content\/uploads\/2021\/04\/DSC3691-copie-800x534.jpg 800w\" sizes=\"(max-width: 1024px) 100vw, 1024px\" \/>\t\t\t\t\t\t\t\t\t\t\t\t\t\t\t<\/div>\n\t\t\t\t<\/div>\n\t\t\t\t\t<\/div>\n\t\t<\/div>\n\t\t\t\t\t<\/div>\n\t\t<\/section>\n\t\t\t\t<section class=\"elementor-section elementor-top-section elementor-element elementor-element-14efcad6 elementor-section-boxed elementor-section-height-default elementor-section-height-default\" data-id=\"14efcad6\" data-element_type=\"section\" data-e-type=\"section\">\n\t\t\t\t\t\t<div class=\"elementor-container elementor-column-gap-no\">\n\t\t\t\t\t<div class=\"elementor-column elementor-col-50 elementor-top-column elementor-element elementor-element-4ed04757 rey-colbg--classic\" data-id=\"4ed04757\" data-element_type=\"column\" data-e-type=\"column\" data-settings=\"{&quot;background_background&quot;:&quot;classic&quot;}\">\n\t\t\t<div class=\"elementor-column-wrap--4ed04757 elementor-widget-wrap elementor-element-populated\">\n\t\t\t\t\t\t<div class=\"elementor-element elementor-element-3fd9dea1 elementor-widget elementor-widget-image\" data-id=\"3fd9dea1\" data-element_type=\"widget\" data-e-type=\"widget\" data-widget_type=\"image.default\">\n\t\t\t\t<div class=\"elementor-widget-container\">\n\t\t\t\t\t\t\t\t\t\t\t\t\t\t\t<img decoding=\"async\" width=\"2560\" height=\"1709\" src=\"https:\/\/www.sikati.de\/wp-content\/uploads\/2021\/04\/DSC5308-scaled.jpg\" class=\"attachment-full size-full wp-image-2956\" alt=\"\" srcset=\"https:\/\/www.sikati.de\/wp-content\/uploads\/2021\/04\/DSC5308-scaled.jpg 2560w, https:\/\/www.sikati.de\/wp-content\/uploads\/2021\/04\/DSC5308-300x200.jpg 300w, https:\/\/www.sikati.de\/wp-content\/uploads\/2021\/04\/DSC5308-scaled-600x401.jpg 600w, https:\/\/www.sikati.de\/wp-content\/uploads\/2021\/04\/DSC5308-1024x683.jpg 1024w, https:\/\/www.sikati.de\/wp-content\/uploads\/2021\/04\/DSC5308-768x513.jpg 768w, https:\/\/www.sikati.de\/wp-content\/uploads\/2021\/04\/DSC5308-1536x1025.jpg 1536w, https:\/\/www.sikati.de\/wp-content\/uploads\/2021\/04\/DSC5308-2048x1367.jpg 2048w, https:\/\/www.sikati.de\/wp-content\/uploads\/2021\/04\/DSC5308-800x534.jpg 800w\" sizes=\"(max-width: 2560px) 100vw, 2560px\" \/>\t\t\t\t\t\t\t\t\t\t\t\t\t\t\t<\/div>\n\t\t\t\t<\/div>\n\t\t\t\t\t<\/div>\n\t\t<\/div>\n\t\t\t\t<div class=\"elementor-column elementor-col-50 elementor-top-column elementor-element elementor-element-7c66a6c3 rey-colbg--classic\" data-id=\"7c66a6c3\" data-element_type=\"column\" data-e-type=\"column\" data-settings=\"{&quot;background_background&quot;:&quot;classic&quot;}\">\n\t\t\t<div class=\"elementor-column-wrap--7c66a6c3 elementor-widget-wrap elementor-element-populated\">\n\t\t\t\t\t\t<div class=\"elementor-element elementor-element-cf6224 elementor-widget elementor-widget-heading\" data-id=\"cf6224\" data-element_type=\"widget\" data-e-type=\"widget\" data-widget_type=\"heading.default\">\n\t\t\t\t<div class=\"elementor-widget-container\">\n\t\t\t\t\t<h2 class=\"elementor-heading-title elementor-size-default\">Notre mission et notre groupe cible<\/h2>\t\t\t\t<\/div>\n\t\t\t\t<\/div>\n\t\t\t\t<div class=\"elementor-element elementor-element-7f518263 elementor-widget elementor-widget-text-editor\" data-id=\"7f518263\" data-element_type=\"widget\" data-e-type=\"widget\" data-widget_type=\"text-editor.default\">\n\t\t\t\t<div class=\"elementor-widget-container\">\n\t\t\t\t\t\t\t\t\t<p><strong data-start=\"1937\" data-end=\"1947\">Sika\u00ed<\/strong> Notre boutique s&#039;adresse \u00e0 tous ceux qui appr\u00e9cient des pi\u00e8ces uniques, de grande qualit\u00e9 et charg\u00e9es de sens culturel. Nous souhaitons offrir aux Allemands et au monde entier l&#039;opportunit\u00e9 de d\u00e9couvrir la culture africaine d&#039;une mani\u00e8re in\u00e9dite et passionnante. Nos produits sont non seulement esth\u00e9tiques, mais aussi les ambassadeurs d&#039;une culture riche et diverse. Chaque achat chez nous contribue \u00e0 notre succ\u00e8s. <strong data-start=\"2340\" data-end=\"2350\">Sika\u00ed<\/strong> Nous soutenons les artisans locaux et promouvons la richesse et le dynamisme de la culture africaine. Rejoignez-nous et participez \u00e0 notre mission\u00a0: partager et c\u00e9l\u00e9brer la beaut\u00e9 et la diversit\u00e9 de l\u2019Afrique.<\/p>\t\t\t\t\t\t\t\t<\/div>\n\t\t\t\t<\/div>\n\t\t\t\t\t<\/div>\n\t\t<\/div>\n\t\t\t\t\t<\/div>\n\t\t<\/section>\n\t\t<div class=\"e-con-top elementor-element elementor-element-c3f99bf e-con-full e-flex e-con e-parent\" data-id=\"c3f99bf\" data-element_type=\"container\" data-e-type=\"container\">\n\t\t\t\t<div class=\"elementor-element elementor-element-a26c5f5 elementor-widget elementor-widget-heading\" data-id=\"a26c5f5\" data-element_type=\"widget\" data-e-type=\"widget\" data-widget_type=\"heading.default\">\n\t\t\t\t<div class=\"elementor-widget-container\">\n\t\t\t\t\t<h2 class=\"elementor-heading-title elementor-size-default\"><br><br>Lyne Collections<\/h2>\t\t\t\t<\/div>\n\t\t\t\t<\/div>\n\t\t\t\t<div class=\"elementor-element elementor-element-6782bd9 elementor-widget__width-initial elementor-widget elementor-widget-text-editor\" data-id=\"6782bd9\" data-element_type=\"widget\" data-e-type=\"widget\" data-widget_type=\"text-editor.default\">\n\t\t\t\t<div class=\"elementor-widget-container\">\n\t\t\t\t\t\t\t\t\t<p><strong data-start=\"2601\" data-end=\"2621\">Lyne Collections<\/strong> Lyne Collections est notre marque de mode f\u00e9minine ind\u00e9pendante qui allie les tendances europ\u00e9ennes \u00e0 des tenues \u00e9l\u00e9gantes et intemporelles. Vous y trouverez des mod\u00e8les soigneusement s\u00e9lectionn\u00e9s pour les f\u00eates, les occasions sp\u00e9ciales et les moments chics du quotidien. Inspir\u00e9e par un sens aigu de la mode, Lyne Collections marie des touches de modernit\u00e9 \u00e0 des silhouettes classiques \u2013 pour les femmes qui aiment une mode qui refl\u00e8te leur go\u00fbt personnel.<\/p>\t\t\t\t\t\t\t\t<\/div>\n\t\t\t\t<\/div>\n\t\t\t\t<\/div>\n\t\t<div class=\"e-con-top elementor-element elementor-element-6629546 e-flex e-con-boxed e-con e-parent\" data-id=\"6629546\" data-element_type=\"container\" data-e-type=\"container\">\n\t\t\t\t\t<div class=\"e-con-inner\">\n\t\t\t\t\t<\/div>\n\t\t\t\t<\/div>\n\t\t\t\t<\/div>","protected":false},"excerpt":{"rendered":"<p>Unsere Identit\u00e4t &amp; unser Angebot Herzlich willkommen bei Sikat\u00ed, Ihrem Online-Shop f\u00fcr ungew\u00f6hnliche Wohndekoration und individuelle Mode-Accessoires. Sikat\u00ed, ein wundersch\u00f6ner kamerunischer Name, bedeutet \u201eGott schl\u00e4ft nicht\u201c \u2013 ein Prinzip, das unser stetiges Streben nach afrikanischer k\u00fcnstlerischer Begabung und Kreativit\u00e4t widerspiegelt. Wir sind stolz darauf, eine besondere Auswahl an handgefertigten Kunstwerken, Wohnaccessoires und Modest\u00fccken anzubieten, die [&hellip;]<\/p>\n","protected":false},"author":1,"featured_media":0,"parent":0,"menu_order":0,"comment_status":"closed","ping_status":"closed","template":"template-builder.php","meta":{"_acf_changed":false,"footnotes":""},"class_list":["post-22","page","type-page","status-publish","hentry"],"acf":[],"yoast_head":"<!-- This site is optimized with the Yoast SEO plugin v27.4 - https:\/\/yoast.com\/product\/yoast-seo-wordpress\/ -->\n<title>\u00dcber uns - Sikat\u00ed<\/title>\n<meta name=\"description\" content=\"African Arts, Decoration &amp; Style - Entdecke mehr afroschick in unserem Onlineshop. Sichere Bezahlung, kostenloser Versand deutschlandweit\" \/>\n<meta name=\"robots\" content=\"index, follow, max-snippet:-1, max-image-preview:large, max-video-preview:-1\" \/>\n<link rel=\"canonical\" href=\"https:\/\/www.sikati.de\/fr\/ueber-uns\/\" \/>\n<meta property=\"og:locale\" content=\"fr_FR\" \/>\n<meta property=\"og:type\" content=\"article\" \/>\n<meta property=\"og:title\" content=\"\u00dcber uns - Sikat\u00ed\" \/>\n<meta property=\"og:description\" content=\"African Arts, Decoration &amp; Style - Entdecke mehr afroschick in unserem Onlineshop. Sichere Bezahlung, kostenloser Versand deutschlandweit\" \/>\n<meta property=\"og:url\" content=\"https:\/\/www.sikati.de\/fr\/ueber-uns\/\" \/>\n<meta property=\"og:site_name\" content=\"Sikat\u00ed\" \/>\n<meta property=\"article:publisher\" content=\"https:\/\/www.facebook.com\/Arts.Decoration.Style\" \/>\n<meta property=\"article:modified_time\" content=\"2025-06-07T07:55:21+00:00\" \/>\n<meta property=\"og:image\" content=\"https:\/\/www.sikati.de\/wp-content\/uploads\/2021\/04\/DSC3691-copie-scaled.jpg\" \/>\n\t<meta property=\"og:image:width\" content=\"2560\" \/>\n\t<meta property=\"og:image:height\" content=\"1709\" \/>\n\t<meta property=\"og:image:type\" content=\"image\/jpeg\" \/>\n<meta name=\"twitter:card\" content=\"summary_large_image\" \/>\n<meta name=\"twitter:label1\" content=\"Dur\u00e9e de lecture estim\u00e9e\" \/>\n\t<meta name=\"twitter:data1\" content=\"3 minutes\" \/>\n<script type=\"application\/ld+json\" class=\"yoast-schema-graph\">{\"@context\":\"https:\\\/\\\/schema.org\",\"@graph\":[{\"@type\":\"WebPage\",\"@id\":\"https:\\\/\\\/www.sikati.de\\\/ueber-uns\\\/\",\"url\":\"https:\\\/\\\/www.sikati.de\\\/ueber-uns\\\/\",\"name\":\"\u00dcber uns - Sikat\u00ed\",\"isPartOf\":{\"@id\":\"https:\\\/\\\/www.sikati.de\\\/#website\"},\"primaryImageOfPage\":{\"@id\":\"https:\\\/\\\/www.sikati.de\\\/ueber-uns\\\/#primaryimage\"},\"image\":{\"@id\":\"https:\\\/\\\/www.sikati.de\\\/ueber-uns\\\/#primaryimage\"},\"thumbnailUrl\":\"https:\\\/\\\/www.sikati.de\\\/wp-content\\\/uploads\\\/2021\\\/04\\\/DSC3691-copie-1024x684.jpg\",\"datePublished\":\"2021-01-25T10:58:38+00:00\",\"dateModified\":\"2025-06-07T07:55:21+00:00\",\"description\":\"African Arts, Decoration & Style - Entdecke mehr afroschick in unserem Onlineshop. Sichere Bezahlung, kostenloser Versand deutschlandweit\",\"breadcrumb\":{\"@id\":\"https:\\\/\\\/www.sikati.de\\\/ueber-uns\\\/#breadcrumb\"},\"inLanguage\":\"fr-FR\",\"potentialAction\":[{\"@type\":\"ReadAction\",\"target\":[\"https:\\\/\\\/www.sikati.de\\\/ueber-uns\\\/\"]}]},{\"@type\":\"ImageObject\",\"inLanguage\":\"fr-FR\",\"@id\":\"https:\\\/\\\/www.sikati.de\\\/ueber-uns\\\/#primaryimage\",\"url\":\"https:\\\/\\\/www.sikati.de\\\/wp-content\\\/uploads\\\/2021\\\/04\\\/DSC3691-copie-1024x684.jpg\",\"contentUrl\":\"https:\\\/\\\/www.sikati.de\\\/wp-content\\\/uploads\\\/2021\\\/04\\\/DSC3691-copie-1024x684.jpg\"},{\"@type\":\"BreadcrumbList\",\"@id\":\"https:\\\/\\\/www.sikati.de\\\/ueber-uns\\\/#breadcrumb\",\"itemListElement\":[{\"@type\":\"ListItem\",\"position\":1,\"name\":\"Startseite\",\"item\":\"https:\\\/\\\/www.sikati.de\\\/\"},{\"@type\":\"ListItem\",\"position\":2,\"name\":\"\u00dcber uns\"}]},{\"@type\":\"WebSite\",\"@id\":\"https:\\\/\\\/www.sikati.de\\\/#website\",\"url\":\"https:\\\/\\\/www.sikati.de\\\/\",\"name\":\"Sikat\u00ed\",\"description\":\"Afro Contemporary Fashion &amp; Living\",\"publisher\":{\"@id\":\"https:\\\/\\\/www.sikati.de\\\/#organization\"},\"potentialAction\":[{\"@type\":\"SearchAction\",\"target\":{\"@type\":\"EntryPoint\",\"urlTemplate\":\"https:\\\/\\\/www.sikati.de\\\/?s={search_term_string}\"},\"query-input\":{\"@type\":\"PropertyValueSpecification\",\"valueRequired\":true,\"valueName\":\"search_term_string\"}}],\"inLanguage\":\"fr-FR\"},{\"@type\":\"Organization\",\"@id\":\"https:\\\/\\\/www.sikati.de\\\/#organization\",\"name\":\"Sikat\u00ed\",\"url\":\"https:\\\/\\\/www.sikati.de\\\/\",\"logo\":{\"@type\":\"ImageObject\",\"inLanguage\":\"fr-FR\",\"@id\":\"https:\\\/\\\/www.sikati.de\\\/#\\\/schema\\\/logo\\\/image\\\/\",\"url\":\"https:\\\/\\\/www.sikati.de\\\/wp-content\\\/uploads\\\/2019\\\/03\\\/cropped-cropped-sikati-logo.png\",\"contentUrl\":\"https:\\\/\\\/www.sikati.de\\\/wp-content\\\/uploads\\\/2019\\\/03\\\/cropped-cropped-sikati-logo.png\",\"width\":500,\"height\":201,\"caption\":\"Sikat\u00ed\"},\"image\":{\"@id\":\"https:\\\/\\\/www.sikati.de\\\/#\\\/schema\\\/logo\\\/image\\\/\"},\"sameAs\":[\"https:\\\/\\\/www.facebook.com\\\/Arts.Decoration.Style\",\"https:\\\/\\\/www.instagram.com\\\/sikati_arts\\\/\",\"https:\\\/\\\/www.tiktok.com\\\/@sikati_arts\"]}]}<\/script>\n<!-- \/ Yoast SEO plugin. -->","yoast_head_json":{"title":"\u00dcber uns - Sikat\u00ed","description":"African Arts, Decoration & Style - Entdecke mehr afroschick in unserem Onlineshop. Sichere Bezahlung, kostenloser Versand deutschlandweit","robots":{"index":"index","follow":"follow","max-snippet":"max-snippet:-1","max-image-preview":"max-image-preview:large","max-video-preview":"max-video-preview:-1"},"canonical":"https:\/\/www.sikati.de\/fr\/ueber-uns\/","og_locale":"fr_FR","og_type":"article","og_title":"\u00dcber uns - Sikat\u00ed","og_description":"African Arts, Decoration & Style - Entdecke mehr afroschick in unserem Onlineshop. Sichere Bezahlung, kostenloser Versand deutschlandweit","og_url":"https:\/\/www.sikati.de\/fr\/ueber-uns\/","og_site_name":"Sikat\u00ed","article_publisher":"https:\/\/www.facebook.com\/Arts.Decoration.Style","article_modified_time":"2025-06-07T07:55:21+00:00","og_image":[{"width":2560,"height":1709,"url":"https:\/\/www.sikati.de\/wp-content\/uploads\/2021\/04\/DSC3691-copie-scaled.jpg","type":"image\/jpeg"}],"twitter_card":"summary_large_image","twitter_misc":{"Dur\u00e9e de lecture estim\u00e9e":"3 minutes"},"schema":{"@context":"https:\/\/schema.org","@graph":[{"@type":"WebPage","@id":"https:\/\/www.sikati.de\/ueber-uns\/","url":"https:\/\/www.sikati.de\/ueber-uns\/","name":"\u00dcber uns - Sikat\u00ed","isPartOf":{"@id":"https:\/\/www.sikati.de\/#website"},"primaryImageOfPage":{"@id":"https:\/\/www.sikati.de\/ueber-uns\/#primaryimage"},"image":{"@id":"https:\/\/www.sikati.de\/ueber-uns\/#primaryimage"},"thumbnailUrl":"https:\/\/www.sikati.de\/wp-content\/uploads\/2021\/04\/DSC3691-copie-1024x684.jpg","datePublished":"2021-01-25T10:58:38+00:00","dateModified":"2025-06-07T07:55:21+00:00","description":"African Arts, Decoration & Style - Entdecke mehr afroschick in unserem Onlineshop. Sichere Bezahlung, kostenloser Versand deutschlandweit","breadcrumb":{"@id":"https:\/\/www.sikati.de\/ueber-uns\/#breadcrumb"},"inLanguage":"fr-FR","potentialAction":[{"@type":"ReadAction","target":["https:\/\/www.sikati.de\/ueber-uns\/"]}]},{"@type":"ImageObject","inLanguage":"fr-FR","@id":"https:\/\/www.sikati.de\/ueber-uns\/#primaryimage","url":"https:\/\/www.sikati.de\/wp-content\/uploads\/2021\/04\/DSC3691-copie-1024x684.jpg","contentUrl":"https:\/\/www.sikati.de\/wp-content\/uploads\/2021\/04\/DSC3691-copie-1024x684.jpg"},{"@type":"BreadcrumbList","@id":"https:\/\/www.sikati.de\/ueber-uns\/#breadcrumb","itemListElement":[{"@type":"ListItem","position":1,"name":"Startseite","item":"https:\/\/www.sikati.de\/"},{"@type":"ListItem","position":2,"name":"\u00dcber uns"}]},{"@type":"WebSite","@id":"https:\/\/www.sikati.de\/#website","url":"https:\/\/www.sikati.de\/","name":"Sika\u00ed","description":"Afro Contemporary Fashion &amp; Living","publisher":{"@id":"https:\/\/www.sikati.de\/#organization"},"potentialAction":[{"@type":"SearchAction","target":{"@type":"EntryPoint","urlTemplate":"https:\/\/www.sikati.de\/?s={search_term_string}"},"query-input":{"@type":"PropertyValueSpecification","valueRequired":true,"valueName":"search_term_string"}}],"inLanguage":"fr-FR"},{"@type":"Organization","@id":"https:\/\/www.sikati.de\/#organization","name":"Sika\u00ed","url":"https:\/\/www.sikati.de\/","logo":{"@type":"ImageObject","inLanguage":"fr-FR","@id":"https:\/\/www.sikati.de\/#\/schema\/logo\/image\/","url":"https:\/\/www.sikati.de\/wp-content\/uploads\/2019\/03\/cropped-cropped-sikati-logo.png","contentUrl":"https:\/\/www.sikati.de\/wp-content\/uploads\/2019\/03\/cropped-cropped-sikati-logo.png","width":500,"height":201,"caption":"Sikat\u00ed"},"image":{"@id":"https:\/\/www.sikati.de\/#\/schema\/logo\/image\/"},"sameAs":["https:\/\/www.facebook.com\/Arts.Decoration.Style","https:\/\/www.instagram.com\/sikati_arts\/","https:\/\/www.tiktok.com\/@sikati_arts"]}]}},"_links":{"self":[{"href":"https:\/\/www.sikati.de\/fr\/wp-json\/wp\/v2\/pages\/22","targetHints":{"allow":["GET"]}}],"collection":[{"href":"https:\/\/www.sikati.de\/fr\/wp-json\/wp\/v2\/pages"}],"about":[{"href":"https:\/\/www.sikati.de\/fr\/wp-json\/wp\/v2\/types\/page"}],"author":[{"embeddable":true,"href":"https:\/\/www.sikati.de\/fr\/wp-json\/wp\/v2\/users\/1"}],"replies":[{"embeddable":true,"href":"https:\/\/www.sikati.de\/fr\/wp-json\/wp\/v2\/comments?post=22"}],"version-history":[{"count":0,"href":"https:\/\/www.sikati.de\/fr\/wp-json\/wp\/v2\/pages\/22\/revisions"}],"wp:attachment":[{"href":"https:\/\/www.sikati.de\/fr\/wp-json\/wp\/v2\/media?parent=22"}],"curies":[{"name":"wp","href":"https:\/\/api.w.org\/{rel}","templated":true}]}}