{"id":10281,"date":"2024-08-26T12:25:22","date_gmt":"2024-08-26T10:25:22","guid":{"rendered":"https:\/\/www.sikati.de\/?post_type=product&#038;p=10281"},"modified":"2024-08-26T19:59:01","modified_gmt":"2024-08-26T17:59:01","slug":"afrikanischer-schild-aus-perlen-und-kaurimuschel-blau","status":"publish","type":"product","link":"https:\/\/www.sikati.de\/fr\/product\/afrikanischer-schild-aus-perlen-und-kaurimuschel-blau\/","title":{"rendered":"Afrikanischer Schild aus Perlen- und Kaurimuschel, Blau"},"content":{"rendered":"<p>Perlenschilder mit Kaurimuscheln aus Afrika sind ein einzigartiges und exotisches Accessoire. Sie werden aus echten Kaurimuscheln hergestellt, die in den Gew\u00e4ssern Afrikas zu finden sind. Diese Schilde k\u00f6nnen bei Initiationsriten, Hochzeiten oder andere Zeremonien verwendet werden. Sie dienen oft auch als Schmuckst\u00fccke oder Statussymbole, die die Stellung und den Wohlstand ihres Besitzers anzeigen. Der Perlenschild ist ein wichtiger Teil des kulturellen Erbes und wird h\u00e4ufig als Kunstwerk gesch\u00e4tzt. Die Kaurimuscheln haben eine faszinierende Geschichte und sind seit Jahrhunderten ein Symbol f\u00fcr Sch\u00f6nheit und Reichtum.<\/p>","protected":false},"excerpt":{"rendered":"<p>Ein sehr sch\u00f6nes ethnisches und authentisches Dekorationsst\u00fcck, das aufgestellt oder an die Wand geh\u00e4ngt werden kann.<\/p>\n<p>Pas de facture de TVA, en tant que petite entreprise selon l&#039;article 19 (1) de la loi allemande sur la TVA (UStG).<\/p>","protected":false},"featured_media":3779,"template":"","meta":{"_acf_changed":false},"product_brand":[],"product_cat":[110,798,916,206],"product_tag":[914,896,897,906,900,913,908,912,905,910,898,895,903,904,901,911,899,902,909,907],"class_list":{"0":"post-10281","1":"product","2":"type-product","3":"status-publish","4":"has-post-thumbnail","6":"product_cat-dekoration","7":"product_cat-glasperlen-deko","8":"product_cat-perlenschilder","9":"product_cat-wohnaccessoires","10":"product_tag-afrikanischer-schmuck","11":"product_tag-boho-schmuck","12":"product_tag-ethno-accessoires","13":"product_tag-exotische-muscheln","14":"product_tag-handgefertigte-kunst","15":"product_tag-handgewebte-perlenkunst","16":"product_tag-hochzeitsdekoration","17":"product_tag-kulturelle-symbole","18":"product_tag-kulturelles-erbe","19":"product_tag-kunsthandwerk","20":"product_tag-meeresschmuck","21":"product_tag-natuerliche-dekoration","22":"product_tag-naturmaterialien","23":"product_tag-spiritueller-schmuck","24":"product_tag-strand-inspiration","25":"product_tag-symbolischer-schmuck","26":"product_tag-traditionelle-verzierungen","27":"product_tag-tropisches-design","28":"product_tag-vintage-charme","29":"product_tag-zeremonielle-kunst","31":"first","32":"instock","33":"sale","34":"shipping-taxable","35":"purchasable","36":"product-type-variable"},"acf":[],"yoast_head":"<!-- This site is optimized with the Yoast SEO plugin v27.3 - https:\/\/yoast.com\/product\/yoast-seo-wordpress\/ -->\n<title>Afrikanischer Schild aus Perlen- und Kaurimuschel, Blau - Sikat\u00ed<\/title>\n<meta name=\"description\" content=\"%\" \/>\n<meta name=\"robots\" content=\"index, follow, max-snippet:-1, max-image-preview:large, max-video-preview:-1\" \/>\n<link rel=\"canonical\" href=\"https:\/\/www.sikati.de\/fr\/product\/afrikanischer-schild-aus-perlen-und-kaurimuschel-blau\/\" \/>\n<meta property=\"og:locale\" content=\"fr_FR\" \/>\n<meta property=\"og:type\" content=\"article\" \/>\n<meta property=\"og:title\" content=\"Afrikanischer Schild aus Perlen- und Kaurimuschel, Blau - Sikat\u00ed\" \/>\n<meta property=\"og:description\" content=\"%\" \/>\n<meta property=\"og:url\" content=\"https:\/\/www.sikati.de\/fr\/product\/afrikanischer-schild-aus-perlen-und-kaurimuschel-blau\/\" \/>\n<meta property=\"og:site_name\" content=\"Sikat\u00ed\" \/>\n<meta property=\"article:publisher\" content=\"https:\/\/www.facebook.com\/Arts.Decoration.Style\" \/>\n<meta property=\"article:modified_time\" content=\"2024-08-26T17:59:01+00:00\" \/>\n<meta property=\"og:image\" content=\"https:\/\/www.sikati.de\/wp-content\/uploads\/2022\/03\/2021-07-22-11.07.44-scaled.jpeg\" \/>\n\t<meta property=\"og:image:width\" content=\"1709\" \/>\n\t<meta property=\"og:image:height\" content=\"2560\" \/>\n\t<meta property=\"og:image:type\" content=\"image\/jpeg\" \/>\n<meta name=\"twitter:card\" content=\"summary_large_image\" \/>\n<meta name=\"twitter:label1\" content=\"Est. reading time\" \/>\n\t<meta name=\"twitter:data1\" content=\"1 minute\" \/>\n<script type=\"application\/ld+json\" class=\"yoast-schema-graph\">{\"@context\":\"https:\\\/\\\/schema.org\",\"@graph\":[{\"@type\":\"WebPage\",\"@id\":\"https:\\\/\\\/www.sikati.de\\\/produkt\\\/afrikanischer-schild-aus-perlen-und-kaurimuschel-blau\\\/\",\"url\":\"https:\\\/\\\/www.sikati.de\\\/produkt\\\/afrikanischer-schild-aus-perlen-und-kaurimuschel-blau\\\/\",\"name\":\"Afrikanischer Schild aus Perlen- und Kaurimuschel, Blau - Sikat\u00ed\",\"isPartOf\":{\"@id\":\"https:\\\/\\\/www.sikati.de\\\/#website\"},\"primaryImageOfPage\":{\"@id\":\"https:\\\/\\\/www.sikati.de\\\/produkt\\\/afrikanischer-schild-aus-perlen-und-kaurimuschel-blau\\\/#primaryimage\"},\"image\":{\"@id\":\"https:\\\/\\\/www.sikati.de\\\/produkt\\\/afrikanischer-schild-aus-perlen-und-kaurimuschel-blau\\\/#primaryimage\"},\"thumbnailUrl\":\"https:\\\/\\\/www.sikati.de\\\/wp-content\\\/uploads\\\/2022\\\/03\\\/2021-07-22-11.07.44-scaled.jpeg\",\"datePublished\":\"2024-08-26T10:25:22+00:00\",\"dateModified\":\"2024-08-26T17:59:01+00:00\",\"description\":\"%\",\"breadcrumb\":{\"@id\":\"https:\\\/\\\/www.sikati.de\\\/produkt\\\/afrikanischer-schild-aus-perlen-und-kaurimuschel-blau\\\/#breadcrumb\"},\"inLanguage\":\"fr-FR\",\"potentialAction\":[{\"@type\":\"ReadAction\",\"target\":[\"https:\\\/\\\/www.sikati.de\\\/produkt\\\/afrikanischer-schild-aus-perlen-und-kaurimuschel-blau\\\/\"]}]},{\"@type\":\"ImageObject\",\"inLanguage\":\"fr-FR\",\"@id\":\"https:\\\/\\\/www.sikati.de\\\/produkt\\\/afrikanischer-schild-aus-perlen-und-kaurimuschel-blau\\\/#primaryimage\",\"url\":\"https:\\\/\\\/www.sikati.de\\\/wp-content\\\/uploads\\\/2022\\\/03\\\/2021-07-22-11.07.44-scaled.jpeg\",\"contentUrl\":\"https:\\\/\\\/www.sikati.de\\\/wp-content\\\/uploads\\\/2022\\\/03\\\/2021-07-22-11.07.44-scaled.jpeg\",\"width\":1709,\"height\":2560},{\"@type\":\"BreadcrumbList\",\"@id\":\"https:\\\/\\\/www.sikati.de\\\/produkt\\\/afrikanischer-schild-aus-perlen-und-kaurimuschel-blau\\\/#breadcrumb\",\"itemListElement\":[{\"@type\":\"ListItem\",\"position\":1,\"name\":\"Startseite\",\"item\":\"https:\\\/\\\/www.sikati.de\\\/\"},{\"@type\":\"ListItem\",\"position\":2,\"name\":\"Produkte\",\"item\":\"https:\\\/\\\/www.sikati.de\\\/shop\\\/\"},{\"@type\":\"ListItem\",\"position\":3,\"name\":\"Afrikanischer Schild aus Perlen- und Kaurimuschel, Blau\"}]},{\"@type\":\"WebSite\",\"@id\":\"https:\\\/\\\/www.sikati.de\\\/#website\",\"url\":\"https:\\\/\\\/www.sikati.de\\\/\",\"name\":\"Sikat\u00ed\",\"description\":\"Afro Contemporary Fashion &amp; Living\",\"publisher\":{\"@id\":\"https:\\\/\\\/www.sikati.de\\\/#organization\"},\"potentialAction\":[{\"@type\":\"SearchAction\",\"target\":{\"@type\":\"EntryPoint\",\"urlTemplate\":\"https:\\\/\\\/www.sikati.de\\\/?s={search_term_string}\"},\"query-input\":{\"@type\":\"PropertyValueSpecification\",\"valueRequired\":true,\"valueName\":\"search_term_string\"}}],\"inLanguage\":\"fr-FR\"},{\"@type\":\"Organization\",\"@id\":\"https:\\\/\\\/www.sikati.de\\\/#organization\",\"name\":\"Sikat\u00ed\",\"url\":\"https:\\\/\\\/www.sikati.de\\\/\",\"logo\":{\"@type\":\"ImageObject\",\"inLanguage\":\"fr-FR\",\"@id\":\"https:\\\/\\\/www.sikati.de\\\/#\\\/schema\\\/logo\\\/image\\\/\",\"url\":\"https:\\\/\\\/www.sikati.de\\\/wp-content\\\/uploads\\\/2019\\\/03\\\/cropped-cropped-sikati-logo.png\",\"contentUrl\":\"https:\\\/\\\/www.sikati.de\\\/wp-content\\\/uploads\\\/2019\\\/03\\\/cropped-cropped-sikati-logo.png\",\"width\":500,\"height\":201,\"caption\":\"Sikat\u00ed\"},\"image\":{\"@id\":\"https:\\\/\\\/www.sikati.de\\\/#\\\/schema\\\/logo\\\/image\\\/\"},\"sameAs\":[\"https:\\\/\\\/www.facebook.com\\\/Arts.Decoration.Style\",\"https:\\\/\\\/www.instagram.com\\\/sikati_arts\\\/\",\"https:\\\/\\\/www.tiktok.com\\\/@sikati_arts\"]}]}<\/script>\n<!-- \/ Yoast SEO plugin. -->","yoast_head_json":{"title":"Afrikanischer Schild aus Perlen- und Kaurimuschel, Blau - Sikat\u00ed","description":"%","robots":{"index":"index","follow":"follow","max-snippet":"max-snippet:-1","max-image-preview":"max-image-preview:large","max-video-preview":"max-video-preview:-1"},"canonical":"https:\/\/www.sikati.de\/fr\/product\/afrikanischer-schild-aus-perlen-und-kaurimuschel-blau\/","og_locale":"fr_FR","og_type":"article","og_title":"Afrikanischer Schild aus Perlen- und Kaurimuschel, Blau - Sikat\u00ed","og_description":"%","og_url":"https:\/\/www.sikati.de\/fr\/product\/afrikanischer-schild-aus-perlen-und-kaurimuschel-blau\/","og_site_name":"Sikat\u00ed","article_publisher":"https:\/\/www.facebook.com\/Arts.Decoration.Style","article_modified_time":"2024-08-26T17:59:01+00:00","og_image":[{"width":1709,"height":2560,"url":"https:\/\/www.sikati.de\/wp-content\/uploads\/2022\/03\/2021-07-22-11.07.44-scaled.jpeg","type":"image\/jpeg"}],"twitter_card":"summary_large_image","twitter_misc":{"Est. reading time":"1 minute"},"schema":{"@context":"https:\/\/schema.org","@graph":[{"@type":"WebPage","@id":"https:\/\/www.sikati.de\/produkt\/afrikanischer-schild-aus-perlen-und-kaurimuschel-blau\/","url":"https:\/\/www.sikati.de\/produkt\/afrikanischer-schild-aus-perlen-und-kaurimuschel-blau\/","name":"Afrikanischer Schild aus Perlen- und Kaurimuschel, Blau - Sikat\u00ed","isPartOf":{"@id":"https:\/\/www.sikati.de\/#website"},"primaryImageOfPage":{"@id":"https:\/\/www.sikati.de\/produkt\/afrikanischer-schild-aus-perlen-und-kaurimuschel-blau\/#primaryimage"},"image":{"@id":"https:\/\/www.sikati.de\/produkt\/afrikanischer-schild-aus-perlen-und-kaurimuschel-blau\/#primaryimage"},"thumbnailUrl":"https:\/\/www.sikati.de\/wp-content\/uploads\/2022\/03\/2021-07-22-11.07.44-scaled.jpeg","datePublished":"2024-08-26T10:25:22+00:00","dateModified":"2024-08-26T17:59:01+00:00","description":"%","breadcrumb":{"@id":"https:\/\/www.sikati.de\/produkt\/afrikanischer-schild-aus-perlen-und-kaurimuschel-blau\/#breadcrumb"},"inLanguage":"fr-FR","potentialAction":[{"@type":"ReadAction","target":["https:\/\/www.sikati.de\/produkt\/afrikanischer-schild-aus-perlen-und-kaurimuschel-blau\/"]}]},{"@type":"ImageObject","inLanguage":"fr-FR","@id":"https:\/\/www.sikati.de\/produkt\/afrikanischer-schild-aus-perlen-und-kaurimuschel-blau\/#primaryimage","url":"https:\/\/www.sikati.de\/wp-content\/uploads\/2022\/03\/2021-07-22-11.07.44-scaled.jpeg","contentUrl":"https:\/\/www.sikati.de\/wp-content\/uploads\/2022\/03\/2021-07-22-11.07.44-scaled.jpeg","width":1709,"height":2560},{"@type":"BreadcrumbList","@id":"https:\/\/www.sikati.de\/produkt\/afrikanischer-schild-aus-perlen-und-kaurimuschel-blau\/#breadcrumb","itemListElement":[{"@type":"ListItem","position":1,"name":"Startseite","item":"https:\/\/www.sikati.de\/"},{"@type":"ListItem","position":2,"name":"Produkte","item":"https:\/\/www.sikati.de\/shop\/"},{"@type":"ListItem","position":3,"name":"Afrikanischer Schild aus Perlen- und Kaurimuschel, Blau"}]},{"@type":"WebSite","@id":"https:\/\/www.sikati.de\/#website","url":"https:\/\/www.sikati.de\/","name":"Sika\u00ed","description":"Afro Contemporary Fashion &amp; Living","publisher":{"@id":"https:\/\/www.sikati.de\/#organization"},"potentialAction":[{"@type":"SearchAction","target":{"@type":"EntryPoint","urlTemplate":"https:\/\/www.sikati.de\/?s={search_term_string}"},"query-input":{"@type":"PropertyValueSpecification","valueRequired":true,"valueName":"search_term_string"}}],"inLanguage":"fr-FR"},{"@type":"Organization","@id":"https:\/\/www.sikati.de\/#organization","name":"Sika\u00ed","url":"https:\/\/www.sikati.de\/","logo":{"@type":"ImageObject","inLanguage":"fr-FR","@id":"https:\/\/www.sikati.de\/#\/schema\/logo\/image\/","url":"https:\/\/www.sikati.de\/wp-content\/uploads\/2019\/03\/cropped-cropped-sikati-logo.png","contentUrl":"https:\/\/www.sikati.de\/wp-content\/uploads\/2019\/03\/cropped-cropped-sikati-logo.png","width":500,"height":201,"caption":"Sikat\u00ed"},"image":{"@id":"https:\/\/www.sikati.de\/#\/schema\/logo\/image\/"},"sameAs":["https:\/\/www.facebook.com\/Arts.Decoration.Style","https:\/\/www.instagram.com\/sikati_arts\/","https:\/\/www.tiktok.com\/@sikati_arts"]}]}},"_links":{"self":[{"href":"https:\/\/www.sikati.de\/fr\/wp-json\/wp\/v2\/product\/10281","targetHints":{"allow":["GET"]}}],"collection":[{"href":"https:\/\/www.sikati.de\/fr\/wp-json\/wp\/v2\/product"}],"about":[{"href":"https:\/\/www.sikati.de\/fr\/wp-json\/wp\/v2\/types\/product"}],"wp:featuredmedia":[{"embeddable":true,"href":"https:\/\/www.sikati.de\/fr\/wp-json\/wp\/v2\/media\/3779"}],"wp:attachment":[{"href":"https:\/\/www.sikati.de\/fr\/wp-json\/wp\/v2\/media?parent=10281"}],"wp:term":[{"taxonomy":"product_brand","embeddable":true,"href":"https:\/\/www.sikati.de\/fr\/wp-json\/wp\/v2\/product_brand?post=10281"},{"taxonomy":"product_cat","embeddable":true,"href":"https:\/\/www.sikati.de\/fr\/wp-json\/wp\/v2\/product_cat?post=10281"},{"taxonomy":"product_tag","embeddable":true,"href":"https:\/\/www.sikati.de\/fr\/wp-json\/wp\/v2\/product_tag?post=10281"}],"curies":[{"name":"wp","href":"https:\/\/api.w.org\/{rel}","templated":true}]}}