{"id":10458,"date":"2024-08-29T02:24:36","date_gmt":"2024-08-29T00:24:36","guid":{"rendered":"https:\/\/www.sikati.de\/?post_type=product&#038;p=10458"},"modified":"2024-08-29T02:59:12","modified_gmt":"2024-08-29T00:59:12","slug":"mahagoni-obsidian-edelsteinkette","status":"publish","type":"product","link":"https:\/\/www.sikati.de\/fr\/produit\/mahagoni-obsidian-edelsteinkette\/","title":{"rendered":"Collier en obsidienne acajou"},"content":{"rendered":"<p>Le <strong>Cha\u00eene de Feu Terrestre<\/strong> Ce collier est bien plus qu&#039;un simple bijou\u00a0: c&#039;est un symbole de force int\u00e9rieure et d&#039;ancrage. Parfait au quotidien comme pour les grandes occasions, il apporte une touche \u00e0 la fois subtile et affirm\u00e9e \u00e0 votre style. Le charme naturel de l&#039;obsidienne acajou harmonise femmes et hommes gr\u00e2ce \u00e0 la puissance apaisante de la nature.<\/p>\n<p>Ensemble : collier et bracelet | Longueur du collier : 24 cm | Longueur du bracelet : 8 cm<\/p>","protected":false},"excerpt":{"rendered":"<p>Plongez-vous dans la puissance profonde et connect\u00e9e \u00e0 la terre de notre <strong>Feu de Terre \u2013 Collier en obsidienne acajou<\/strong>. Ce magnifique collier associe des perles d&#039;obsidienne acajou polies, pris\u00e9es pour leurs propri\u00e9t\u00e9s protectrices et stabilisatrices. L&#039;obsidienne acajou, avec ses riches nuances brun-rouge et son \u00e9clat naturel, symbolise l&#039;\u00e9nergie et la chaleur de la terre.<\/p>\n<p>Pas de facture de TVA, en tant que petite entreprise selon l&#039;article 19 (1) de la loi allemande sur la TVA (UStG).<\/p>","protected":false},"featured_media":9347,"template":"","meta":{"_acf_changed":false},"product_brand":[],"product_cat":[202,200],"product_tag":[1236,1204,1209,1238,1219,1207,1235,1237,1218,1239,1220,1206,823,1216],"class_list":{"0":"post-10458","1":"product","2":"type-product","3":"status-publish","4":"has-post-thumbnail","6":"product_cat-ketten","7":"product_cat-schmuck","8":"product_tag-braun","9":"product_tag-edelsteinkette","10":"product_tag-energie","11":"product_tag-erdung","12":"product_tag-geschenkidee","13":"product_tag-handarbeit","14":"product_tag-herren-und-damenschmuck","15":"product_tag-mahagoni-obsidian","16":"product_tag-modeaccessoire","17":"product_tag-natur","18":"product_tag-naturmaterial","19":"product_tag-naturstein","20":"product_tag-schmuck","21":"product_tag-schutz","23":"first","24":"instock","25":"shipping-taxable","26":"purchasable","27":"product-type-simple"},"acf":[],"yoast_head":"<!-- This site is optimized with the Yoast SEO plugin v27.3 - https:\/\/yoast.com\/product\/yoast-seo-wordpress\/ -->\n<title>Mahagoni-Obsidian Edelsteinkette - Sikat\u00ed<\/title>\n<meta name=\"description\" content=\"%\" \/>\n<meta name=\"robots\" content=\"index, follow, max-snippet:-1, max-image-preview:large, max-video-preview:-1\" \/>\n<link rel=\"canonical\" href=\"https:\/\/www.sikati.de\/fr\/produit\/mahagoni-obsidian-edelsteinkette\/\" \/>\n<meta property=\"og:locale\" content=\"fr_FR\" \/>\n<meta property=\"og:type\" content=\"article\" \/>\n<meta property=\"og:title\" content=\"Mahagoni-Obsidian Edelsteinkette - Sikat\u00ed\" \/>\n<meta property=\"og:description\" content=\"%\" \/>\n<meta property=\"og:url\" content=\"https:\/\/www.sikati.de\/fr\/produit\/mahagoni-obsidian-edelsteinkette\/\" \/>\n<meta property=\"og:site_name\" content=\"Sikat\u00ed\" \/>\n<meta property=\"article:publisher\" content=\"https:\/\/www.facebook.com\/Arts.Decoration.Style\" \/>\n<meta property=\"article:modified_time\" content=\"2024-08-29T00:59:12+00:00\" \/>\n<meta property=\"og:image\" content=\"https:\/\/www.sikati.de\/wp-content\/uploads\/2024\/02\/Photoroom-20240223_191448_30.png\" \/>\n\t<meta property=\"og:image:width\" content=\"2000\" \/>\n\t<meta property=\"og:image:height\" content=\"2000\" \/>\n\t<meta property=\"og:image:type\" content=\"image\/png\" \/>\n<meta name=\"twitter:card\" content=\"summary_large_image\" \/>\n<meta name=\"twitter:label1\" content=\"Dur\u00e9e de lecture estim\u00e9e\" \/>\n\t<meta name=\"twitter:data1\" content=\"1 minute\" \/>\n<script type=\"application\/ld+json\" class=\"yoast-schema-graph\">{\"@context\":\"https:\\\/\\\/schema.org\",\"@graph\":[{\"@type\":\"WebPage\",\"@id\":\"https:\\\/\\\/www.sikati.de\\\/produkt\\\/mahagoni-obsidian-edelsteinkette\\\/\",\"url\":\"https:\\\/\\\/www.sikati.de\\\/produkt\\\/mahagoni-obsidian-edelsteinkette\\\/\",\"name\":\"Mahagoni-Obsidian Edelsteinkette - Sikat\u00ed\",\"isPartOf\":{\"@id\":\"https:\\\/\\\/www.sikati.de\\\/#website\"},\"primaryImageOfPage\":{\"@id\":\"https:\\\/\\\/www.sikati.de\\\/produkt\\\/mahagoni-obsidian-edelsteinkette\\\/#primaryimage\"},\"image\":{\"@id\":\"https:\\\/\\\/www.sikati.de\\\/produkt\\\/mahagoni-obsidian-edelsteinkette\\\/#primaryimage\"},\"thumbnailUrl\":\"https:\\\/\\\/www.sikati.de\\\/wp-content\\\/uploads\\\/2024\\\/02\\\/Photoroom-20240223_191448_30.png\",\"datePublished\":\"2024-08-29T00:24:36+00:00\",\"dateModified\":\"2024-08-29T00:59:12+00:00\",\"description\":\"%\",\"breadcrumb\":{\"@id\":\"https:\\\/\\\/www.sikati.de\\\/produkt\\\/mahagoni-obsidian-edelsteinkette\\\/#breadcrumb\"},\"inLanguage\":\"fr-FR\",\"potentialAction\":[{\"@type\":\"ReadAction\",\"target\":[\"https:\\\/\\\/www.sikati.de\\\/produkt\\\/mahagoni-obsidian-edelsteinkette\\\/\"]}]},{\"@type\":\"ImageObject\",\"inLanguage\":\"fr-FR\",\"@id\":\"https:\\\/\\\/www.sikati.de\\\/produkt\\\/mahagoni-obsidian-edelsteinkette\\\/#primaryimage\",\"url\":\"https:\\\/\\\/www.sikati.de\\\/wp-content\\\/uploads\\\/2024\\\/02\\\/Photoroom-20240223_191448_30.png\",\"contentUrl\":\"https:\\\/\\\/www.sikati.de\\\/wp-content\\\/uploads\\\/2024\\\/02\\\/Photoroom-20240223_191448_30.png\",\"width\":2000,\"height\":2000},{\"@type\":\"BreadcrumbList\",\"@id\":\"https:\\\/\\\/www.sikati.de\\\/produkt\\\/mahagoni-obsidian-edelsteinkette\\\/#breadcrumb\",\"itemListElement\":[{\"@type\":\"ListItem\",\"position\":1,\"name\":\"Startseite\",\"item\":\"https:\\\/\\\/www.sikati.de\\\/\"},{\"@type\":\"ListItem\",\"position\":2,\"name\":\"Produkte\",\"item\":\"https:\\\/\\\/www.sikati.de\\\/shop\\\/\"},{\"@type\":\"ListItem\",\"position\":3,\"name\":\"Mahagoni-Obsidian Edelsteinkette\"}]},{\"@type\":\"WebSite\",\"@id\":\"https:\\\/\\\/www.sikati.de\\\/#website\",\"url\":\"https:\\\/\\\/www.sikati.de\\\/\",\"name\":\"Sikat\u00ed\",\"description\":\"Afro Contemporary Fashion &amp; Living\",\"publisher\":{\"@id\":\"https:\\\/\\\/www.sikati.de\\\/#organization\"},\"potentialAction\":[{\"@type\":\"SearchAction\",\"target\":{\"@type\":\"EntryPoint\",\"urlTemplate\":\"https:\\\/\\\/www.sikati.de\\\/?s={search_term_string}\"},\"query-input\":{\"@type\":\"PropertyValueSpecification\",\"valueRequired\":true,\"valueName\":\"search_term_string\"}}],\"inLanguage\":\"fr-FR\"},{\"@type\":\"Organization\",\"@id\":\"https:\\\/\\\/www.sikati.de\\\/#organization\",\"name\":\"Sikat\u00ed\",\"url\":\"https:\\\/\\\/www.sikati.de\\\/\",\"logo\":{\"@type\":\"ImageObject\",\"inLanguage\":\"fr-FR\",\"@id\":\"https:\\\/\\\/www.sikati.de\\\/#\\\/schema\\\/logo\\\/image\\\/\",\"url\":\"https:\\\/\\\/www.sikati.de\\\/wp-content\\\/uploads\\\/2019\\\/03\\\/cropped-cropped-sikati-logo.png\",\"contentUrl\":\"https:\\\/\\\/www.sikati.de\\\/wp-content\\\/uploads\\\/2019\\\/03\\\/cropped-cropped-sikati-logo.png\",\"width\":500,\"height\":201,\"caption\":\"Sikat\u00ed\"},\"image\":{\"@id\":\"https:\\\/\\\/www.sikati.de\\\/#\\\/schema\\\/logo\\\/image\\\/\"},\"sameAs\":[\"https:\\\/\\\/www.facebook.com\\\/Arts.Decoration.Style\",\"https:\\\/\\\/www.instagram.com\\\/sikati_arts\\\/\",\"https:\\\/\\\/www.tiktok.com\\\/@sikati_arts\"]}]}<\/script>\n<!-- \/ Yoast SEO plugin. -->","yoast_head_json":{"title":"Mahagoni-Obsidian Edelsteinkette - Sikat\u00ed","description":"%","robots":{"index":"index","follow":"follow","max-snippet":"max-snippet:-1","max-image-preview":"max-image-preview:large","max-video-preview":"max-video-preview:-1"},"canonical":"https:\/\/www.sikati.de\/fr\/produit\/mahagoni-obsidian-edelsteinkette\/","og_locale":"fr_FR","og_type":"article","og_title":"Mahagoni-Obsidian Edelsteinkette - Sikat\u00ed","og_description":"%","og_url":"https:\/\/www.sikati.de\/fr\/produit\/mahagoni-obsidian-edelsteinkette\/","og_site_name":"Sikat\u00ed","article_publisher":"https:\/\/www.facebook.com\/Arts.Decoration.Style","article_modified_time":"2024-08-29T00:59:12+00:00","og_image":[{"width":2000,"height":2000,"url":"https:\/\/www.sikati.de\/wp-content\/uploads\/2024\/02\/Photoroom-20240223_191448_30.png","type":"image\/png"}],"twitter_card":"summary_large_image","twitter_misc":{"Dur\u00e9e de lecture estim\u00e9e":"1 minute"},"schema":{"@context":"https:\/\/schema.org","@graph":[{"@type":"WebPage","@id":"https:\/\/www.sikati.de\/produkt\/mahagoni-obsidian-edelsteinkette\/","url":"https:\/\/www.sikati.de\/produkt\/mahagoni-obsidian-edelsteinkette\/","name":"Mahagoni-Obsidian Edelsteinkette - Sikat\u00ed","isPartOf":{"@id":"https:\/\/www.sikati.de\/#website"},"primaryImageOfPage":{"@id":"https:\/\/www.sikati.de\/produkt\/mahagoni-obsidian-edelsteinkette\/#primaryimage"},"image":{"@id":"https:\/\/www.sikati.de\/produkt\/mahagoni-obsidian-edelsteinkette\/#primaryimage"},"thumbnailUrl":"https:\/\/www.sikati.de\/wp-content\/uploads\/2024\/02\/Photoroom-20240223_191448_30.png","datePublished":"2024-08-29T00:24:36+00:00","dateModified":"2024-08-29T00:59:12+00:00","description":"%","breadcrumb":{"@id":"https:\/\/www.sikati.de\/produkt\/mahagoni-obsidian-edelsteinkette\/#breadcrumb"},"inLanguage":"fr-FR","potentialAction":[{"@type":"ReadAction","target":["https:\/\/www.sikati.de\/produkt\/mahagoni-obsidian-edelsteinkette\/"]}]},{"@type":"ImageObject","inLanguage":"fr-FR","@id":"https:\/\/www.sikati.de\/produkt\/mahagoni-obsidian-edelsteinkette\/#primaryimage","url":"https:\/\/www.sikati.de\/wp-content\/uploads\/2024\/02\/Photoroom-20240223_191448_30.png","contentUrl":"https:\/\/www.sikati.de\/wp-content\/uploads\/2024\/02\/Photoroom-20240223_191448_30.png","width":2000,"height":2000},{"@type":"BreadcrumbList","@id":"https:\/\/www.sikati.de\/produkt\/mahagoni-obsidian-edelsteinkette\/#breadcrumb","itemListElement":[{"@type":"ListItem","position":1,"name":"Startseite","item":"https:\/\/www.sikati.de\/"},{"@type":"ListItem","position":2,"name":"Produkte","item":"https:\/\/www.sikati.de\/shop\/"},{"@type":"ListItem","position":3,"name":"Mahagoni-Obsidian Edelsteinkette"}]},{"@type":"WebSite","@id":"https:\/\/www.sikati.de\/#website","url":"https:\/\/www.sikati.de\/","name":"Sika\u00ed","description":"Afro Contemporary Fashion &amp; Living","publisher":{"@id":"https:\/\/www.sikati.de\/#organization"},"potentialAction":[{"@type":"SearchAction","target":{"@type":"EntryPoint","urlTemplate":"https:\/\/www.sikati.de\/?s={search_term_string}"},"query-input":{"@type":"PropertyValueSpecification","valueRequired":true,"valueName":"search_term_string"}}],"inLanguage":"fr-FR"},{"@type":"Organization","@id":"https:\/\/www.sikati.de\/#organization","name":"Sika\u00ed","url":"https:\/\/www.sikati.de\/","logo":{"@type":"ImageObject","inLanguage":"fr-FR","@id":"https:\/\/www.sikati.de\/#\/schema\/logo\/image\/","url":"https:\/\/www.sikati.de\/wp-content\/uploads\/2019\/03\/cropped-cropped-sikati-logo.png","contentUrl":"https:\/\/www.sikati.de\/wp-content\/uploads\/2019\/03\/cropped-cropped-sikati-logo.png","width":500,"height":201,"caption":"Sikat\u00ed"},"image":{"@id":"https:\/\/www.sikati.de\/#\/schema\/logo\/image\/"},"sameAs":["https:\/\/www.facebook.com\/Arts.Decoration.Style","https:\/\/www.instagram.com\/sikati_arts\/","https:\/\/www.tiktok.com\/@sikati_arts"]}]}},"_links":{"self":[{"href":"https:\/\/www.sikati.de\/fr\/wp-json\/wp\/v2\/product\/10458","targetHints":{"allow":["GET"]}}],"collection":[{"href":"https:\/\/www.sikati.de\/fr\/wp-json\/wp\/v2\/product"}],"about":[{"href":"https:\/\/www.sikati.de\/fr\/wp-json\/wp\/v2\/types\/product"}],"wp:featuredmedia":[{"embeddable":true,"href":"https:\/\/www.sikati.de\/fr\/wp-json\/wp\/v2\/media\/9347"}],"wp:attachment":[{"href":"https:\/\/www.sikati.de\/fr\/wp-json\/wp\/v2\/media?parent=10458"}],"wp:term":[{"taxonomy":"product_brand","embeddable":true,"href":"https:\/\/www.sikati.de\/fr\/wp-json\/wp\/v2\/product_brand?post=10458"},{"taxonomy":"product_cat","embeddable":true,"href":"https:\/\/www.sikati.de\/fr\/wp-json\/wp\/v2\/product_cat?post=10458"},{"taxonomy":"product_tag","embeddable":true,"href":"https:\/\/www.sikati.de\/fr\/wp-json\/wp\/v2\/product_tag?post=10458"}],"curies":[{"name":"wp","href":"https:\/\/api.w.org\/{rel}","templated":true}]}}