{"id":11112,"date":"2025-01-15T02:28:37","date_gmt":"2025-01-15T01:28:37","guid":{"rendered":"https:\/\/www.sikati.de\/?post_type=product&#038;p=11112"},"modified":"2026-03-20T21:38:23","modified_gmt":"2026-03-20T20:38:23","slug":"gemusterter-strickpullover-in-gruen-mit-rechteck-design","status":"publish","type":"product","link":"https:\/\/www.sikati.de\/fr\/produit\/gemusterter-strickpullover-in-gruen-mit-rechteck-design\/","title":{"rendered":"Pull vert oversize \u00e0 motifs color\u00e9s"},"content":{"rendered":"<p data-start=\"227\" data-end=\"341\">Confortable <strong data-start=\"239\" data-end=\"263\">Pull vert olive<\/strong> avec un motif color\u00e9 sur toute la surface \u2013 parfait pour un look d\u00e9contract\u00e9 par temps frais.<\/p>\n<ul data-start=\"342\" data-end=\"964\">\n<li data-start=\"342\" data-end=\"409\">\n<p data-start=\"344\" data-end=\"409\"><strong data-start=\"344\" data-end=\"354\">Couleur:<\/strong> Vert olive avec des accents rouges, blancs et vert fonc\u00e9<\/p>\n<\/li>\n<li data-start=\"410\" data-end=\"470\">\n<p data-start=\"412\" data-end=\"470\"><strong data-start=\"412\" data-end=\"424\">Couper:<\/strong> Coupe ample, surdimensionn\u00e9e, forme carr\u00e9e<\/p>\n<\/li>\n<li data-start=\"471\" data-end=\"543\">\n<p data-start=\"473\" data-end=\"543\"><strong data-start=\"473\" data-end=\"486\">Ajuster:<\/strong> Confortable, taille unique (convient aux tailles 36 \u00e0 48)<\/p>\n<\/li>\n<li data-start=\"544\" data-end=\"611\">\n<p data-start=\"546\" data-end=\"611\"><strong data-start=\"546\" data-end=\"561\">Extrait:<\/strong> Encolure ronde classique avec poignets c\u00f4tel\u00e9s<\/p>\n<\/li>\n<li data-start=\"612\" data-end=\"722\">\n<p data-start=\"614\" data-end=\"722\"><strong data-start=\"614\" data-end=\"626\">D\u00e9tails:<\/strong> Motif int\u00e9gral \u00e0 petits rectangles color\u00e9s, poignets, manches et encolure c\u00f4tel\u00e9s.<\/p>\n<\/li>\n<li data-start=\"723\" data-end=\"849\">\n<p data-start=\"725\" data-end=\"849\"><strong data-start=\"725\" data-end=\"738\">Mat\u00e9riel:<\/strong> Tissu doux m\u00e9lang\u00e9 (acrylique, polyester, coton) \u2013 agr\u00e9ablement chaud, facile d&#039;entretien et durable.<\/p>\n<\/li>\n<li data-start=\"850\" data-end=\"964\">\n<p data-start=\"852\" data-end=\"964\"><strong data-start=\"852\" data-end=\"870\">Conseils d&#039;entretien\u00a0:<\/strong> Lavage en machine \u00e0 30 \u00b0C, s\u00e9chage \u00e0 plat, ne pas utiliser d&#039;eau de Javel, repassage \u00e0 basse temp\u00e9rature<\/p>\n<\/li>\n<\/ul>","protected":false},"excerpt":{"rendered":"<p>Pull oversize vert olive \u00e0 motif color\u00e9. Taille unique (36\u201348).<br data-start=\"1082\" data-end=\"1085\" \/>Pas de facture de TVA, en tant que petite entreprise selon l&#039;article 19 (1) de la loi allemande sur la TVA (UStG).<\/p>","protected":false},"featured_media":12981,"template":"","meta":{"_acf_changed":false},"product_brand":[],"product_cat":[1430,1419,1439],"product_tag":[1946,1940,1941,1960,1943,1958,1961],"class_list":{"0":"post-11112","1":"product","2":"type-product","3":"status-publish","4":"has-post-thumbnail","6":"product_cat-fruehjahr-sommer-kollektion","7":"product_cat-lyne-collections","8":"product_cat-pullis","9":"product_tag-casual-pullover-gruen","10":"product_tag-gruener-pullover-damen","11":"product_tag-oversized-pullover-gruen","12":"product_tag-pullover-mit-muster","13":"product_tag-streetstyle-pullover-damen","14":"product_tag-trend-pullover-oversized","15":"product_tag-winterpullover-damen","17":"first","18":"instock","19":"sale","20":"shipping-taxable","21":"purchasable","22":"product-type-simple"},"acf":[],"yoast_head":"<!-- This site is optimized with the Yoast SEO plugin v27.4 - https:\/\/yoast.com\/product\/yoast-seo-wordpress\/ -->\n<title>Gr\u00fcner Oversized-Pullover mit buntem Muster - Sikat\u00ed<\/title>\n<meta name=\"description\" content=\"%\" \/>\n<meta name=\"robots\" content=\"index, follow, max-snippet:-1, max-image-preview:large, max-video-preview:-1\" \/>\n<link rel=\"canonical\" href=\"https:\/\/www.sikati.de\/fr\/produit\/gemusterter-strickpullover-in-gruen-mit-rechteck-design\/\" \/>\n<meta property=\"og:locale\" content=\"fr_FR\" \/>\n<meta property=\"og:type\" content=\"article\" \/>\n<meta property=\"og:title\" content=\"Gr\u00fcner Oversized-Pullover mit buntem Muster - Sikat\u00ed\" \/>\n<meta property=\"og:description\" content=\"%\" \/>\n<meta property=\"og:url\" content=\"https:\/\/www.sikati.de\/fr\/produit\/gemusterter-strickpullover-in-gruen-mit-rechteck-design\/\" \/>\n<meta property=\"og:site_name\" content=\"Sikat\u00ed\" \/>\n<meta property=\"article:publisher\" content=\"https:\/\/www.facebook.com\/Arts.Decoration.Style\" \/>\n<meta property=\"article:modified_time\" content=\"2026-03-20T20:38:23+00:00\" \/>\n<meta property=\"og:image\" content=\"https:\/\/www.sikati.de\/wp-content\/uploads\/2025\/09\/26052025-IMG_6349-scaled.jpg\" \/>\n\t<meta property=\"og:image:width\" content=\"1707\" \/>\n\t<meta property=\"og:image:height\" content=\"2560\" \/>\n\t<meta property=\"og:image:type\" content=\"image\/jpeg\" \/>\n<meta name=\"twitter:card\" content=\"summary_large_image\" \/>\n<meta name=\"twitter:label1\" content=\"Dur\u00e9e de lecture estim\u00e9e\" \/>\n\t<meta name=\"twitter:data1\" content=\"1 minute\" \/>\n<script type=\"application\/ld+json\" class=\"yoast-schema-graph\">{\"@context\":\"https:\\\/\\\/schema.org\",\"@graph\":[{\"@type\":\"WebPage\",\"@id\":\"https:\\\/\\\/www.sikati.de\\\/produkt\\\/gemusterter-strickpullover-in-gruen-mit-rechteck-design\\\/\",\"url\":\"https:\\\/\\\/www.sikati.de\\\/produkt\\\/gemusterter-strickpullover-in-gruen-mit-rechteck-design\\\/\",\"name\":\"Gr\u00fcner Oversized-Pullover mit buntem Muster - Sikat\u00ed\",\"isPartOf\":{\"@id\":\"https:\\\/\\\/www.sikati.de\\\/#website\"},\"primaryImageOfPage\":{\"@id\":\"https:\\\/\\\/www.sikati.de\\\/produkt\\\/gemusterter-strickpullover-in-gruen-mit-rechteck-design\\\/#primaryimage\"},\"image\":{\"@id\":\"https:\\\/\\\/www.sikati.de\\\/produkt\\\/gemusterter-strickpullover-in-gruen-mit-rechteck-design\\\/#primaryimage\"},\"thumbnailUrl\":\"https:\\\/\\\/www.sikati.de\\\/wp-content\\\/uploads\\\/2025\\\/09\\\/26052025-IMG_6349-scaled.jpg\",\"datePublished\":\"2025-01-15T01:28:37+00:00\",\"dateModified\":\"2026-03-20T20:38:23+00:00\",\"description\":\"%\",\"breadcrumb\":{\"@id\":\"https:\\\/\\\/www.sikati.de\\\/produkt\\\/gemusterter-strickpullover-in-gruen-mit-rechteck-design\\\/#breadcrumb\"},\"inLanguage\":\"fr-FR\",\"potentialAction\":[{\"@type\":\"ReadAction\",\"target\":[\"https:\\\/\\\/www.sikati.de\\\/produkt\\\/gemusterter-strickpullover-in-gruen-mit-rechteck-design\\\/\"]}]},{\"@type\":\"ImageObject\",\"inLanguage\":\"fr-FR\",\"@id\":\"https:\\\/\\\/www.sikati.de\\\/produkt\\\/gemusterter-strickpullover-in-gruen-mit-rechteck-design\\\/#primaryimage\",\"url\":\"https:\\\/\\\/www.sikati.de\\\/wp-content\\\/uploads\\\/2025\\\/09\\\/26052025-IMG_6349-scaled.jpg\",\"contentUrl\":\"https:\\\/\\\/www.sikati.de\\\/wp-content\\\/uploads\\\/2025\\\/09\\\/26052025-IMG_6349-scaled.jpg\",\"width\":1707,\"height\":2560},{\"@type\":\"BreadcrumbList\",\"@id\":\"https:\\\/\\\/www.sikati.de\\\/produkt\\\/gemusterter-strickpullover-in-gruen-mit-rechteck-design\\\/#breadcrumb\",\"itemListElement\":[{\"@type\":\"ListItem\",\"position\":1,\"name\":\"Startseite\",\"item\":\"https:\\\/\\\/www.sikati.de\\\/\"},{\"@type\":\"ListItem\",\"position\":2,\"name\":\"Produkte\",\"item\":\"https:\\\/\\\/www.sikati.de\\\/shop\\\/\"},{\"@type\":\"ListItem\",\"position\":3,\"name\":\"Gr\u00fcner Oversized-Pullover mit buntem Muster\"}]},{\"@type\":\"WebSite\",\"@id\":\"https:\\\/\\\/www.sikati.de\\\/#website\",\"url\":\"https:\\\/\\\/www.sikati.de\\\/\",\"name\":\"Sikat\u00ed\",\"description\":\"Afro Contemporary Fashion &amp; Living\",\"publisher\":{\"@id\":\"https:\\\/\\\/www.sikati.de\\\/#organization\"},\"potentialAction\":[{\"@type\":\"SearchAction\",\"target\":{\"@type\":\"EntryPoint\",\"urlTemplate\":\"https:\\\/\\\/www.sikati.de\\\/?s={search_term_string}\"},\"query-input\":{\"@type\":\"PropertyValueSpecification\",\"valueRequired\":true,\"valueName\":\"search_term_string\"}}],\"inLanguage\":\"fr-FR\"},{\"@type\":\"Organization\",\"@id\":\"https:\\\/\\\/www.sikati.de\\\/#organization\",\"name\":\"Sikat\u00ed\",\"url\":\"https:\\\/\\\/www.sikati.de\\\/\",\"logo\":{\"@type\":\"ImageObject\",\"inLanguage\":\"fr-FR\",\"@id\":\"https:\\\/\\\/www.sikati.de\\\/#\\\/schema\\\/logo\\\/image\\\/\",\"url\":\"https:\\\/\\\/www.sikati.de\\\/wp-content\\\/uploads\\\/2019\\\/03\\\/cropped-cropped-sikati-logo.png\",\"contentUrl\":\"https:\\\/\\\/www.sikati.de\\\/wp-content\\\/uploads\\\/2019\\\/03\\\/cropped-cropped-sikati-logo.png\",\"width\":500,\"height\":201,\"caption\":\"Sikat\u00ed\"},\"image\":{\"@id\":\"https:\\\/\\\/www.sikati.de\\\/#\\\/schema\\\/logo\\\/image\\\/\"},\"sameAs\":[\"https:\\\/\\\/www.facebook.com\\\/Arts.Decoration.Style\",\"https:\\\/\\\/www.instagram.com\\\/sikati_arts\\\/\",\"https:\\\/\\\/www.tiktok.com\\\/@sikati_arts\"]}]}<\/script>\n<!-- \/ Yoast SEO plugin. -->","yoast_head_json":{"title":"Gr\u00fcner Oversized-Pullover mit buntem Muster - Sikat\u00ed","description":"%","robots":{"index":"index","follow":"follow","max-snippet":"max-snippet:-1","max-image-preview":"max-image-preview:large","max-video-preview":"max-video-preview:-1"},"canonical":"https:\/\/www.sikati.de\/fr\/produit\/gemusterter-strickpullover-in-gruen-mit-rechteck-design\/","og_locale":"fr_FR","og_type":"article","og_title":"Gr\u00fcner Oversized-Pullover mit buntem Muster - Sikat\u00ed","og_description":"%","og_url":"https:\/\/www.sikati.de\/fr\/produit\/gemusterter-strickpullover-in-gruen-mit-rechteck-design\/","og_site_name":"Sikat\u00ed","article_publisher":"https:\/\/www.facebook.com\/Arts.Decoration.Style","article_modified_time":"2026-03-20T20:38:23+00:00","og_image":[{"width":1707,"height":2560,"url":"https:\/\/www.sikati.de\/wp-content\/uploads\/2025\/09\/26052025-IMG_6349-scaled.jpg","type":"image\/jpeg"}],"twitter_card":"summary_large_image","twitter_misc":{"Dur\u00e9e de lecture estim\u00e9e":"1 minute"},"schema":{"@context":"https:\/\/schema.org","@graph":[{"@type":"WebPage","@id":"https:\/\/www.sikati.de\/produkt\/gemusterter-strickpullover-in-gruen-mit-rechteck-design\/","url":"https:\/\/www.sikati.de\/produkt\/gemusterter-strickpullover-in-gruen-mit-rechteck-design\/","name":"Gr\u00fcner Oversized-Pullover mit buntem Muster - Sikat\u00ed","isPartOf":{"@id":"https:\/\/www.sikati.de\/#website"},"primaryImageOfPage":{"@id":"https:\/\/www.sikati.de\/produkt\/gemusterter-strickpullover-in-gruen-mit-rechteck-design\/#primaryimage"},"image":{"@id":"https:\/\/www.sikati.de\/produkt\/gemusterter-strickpullover-in-gruen-mit-rechteck-design\/#primaryimage"},"thumbnailUrl":"https:\/\/www.sikati.de\/wp-content\/uploads\/2025\/09\/26052025-IMG_6349-scaled.jpg","datePublished":"2025-01-15T01:28:37+00:00","dateModified":"2026-03-20T20:38:23+00:00","description":"%","breadcrumb":{"@id":"https:\/\/www.sikati.de\/produkt\/gemusterter-strickpullover-in-gruen-mit-rechteck-design\/#breadcrumb"},"inLanguage":"fr-FR","potentialAction":[{"@type":"ReadAction","target":["https:\/\/www.sikati.de\/produkt\/gemusterter-strickpullover-in-gruen-mit-rechteck-design\/"]}]},{"@type":"ImageObject","inLanguage":"fr-FR","@id":"https:\/\/www.sikati.de\/produkt\/gemusterter-strickpullover-in-gruen-mit-rechteck-design\/#primaryimage","url":"https:\/\/www.sikati.de\/wp-content\/uploads\/2025\/09\/26052025-IMG_6349-scaled.jpg","contentUrl":"https:\/\/www.sikati.de\/wp-content\/uploads\/2025\/09\/26052025-IMG_6349-scaled.jpg","width":1707,"height":2560},{"@type":"BreadcrumbList","@id":"https:\/\/www.sikati.de\/produkt\/gemusterter-strickpullover-in-gruen-mit-rechteck-design\/#breadcrumb","itemListElement":[{"@type":"ListItem","position":1,"name":"Startseite","item":"https:\/\/www.sikati.de\/"},{"@type":"ListItem","position":2,"name":"Produkte","item":"https:\/\/www.sikati.de\/shop\/"},{"@type":"ListItem","position":3,"name":"Gr\u00fcner Oversized-Pullover mit buntem Muster"}]},{"@type":"WebSite","@id":"https:\/\/www.sikati.de\/#website","url":"https:\/\/www.sikati.de\/","name":"Sika\u00ed","description":"Afro Contemporary Fashion &amp; Living","publisher":{"@id":"https:\/\/www.sikati.de\/#organization"},"potentialAction":[{"@type":"SearchAction","target":{"@type":"EntryPoint","urlTemplate":"https:\/\/www.sikati.de\/?s={search_term_string}"},"query-input":{"@type":"PropertyValueSpecification","valueRequired":true,"valueName":"search_term_string"}}],"inLanguage":"fr-FR"},{"@type":"Organization","@id":"https:\/\/www.sikati.de\/#organization","name":"Sika\u00ed","url":"https:\/\/www.sikati.de\/","logo":{"@type":"ImageObject","inLanguage":"fr-FR","@id":"https:\/\/www.sikati.de\/#\/schema\/logo\/image\/","url":"https:\/\/www.sikati.de\/wp-content\/uploads\/2019\/03\/cropped-cropped-sikati-logo.png","contentUrl":"https:\/\/www.sikati.de\/wp-content\/uploads\/2019\/03\/cropped-cropped-sikati-logo.png","width":500,"height":201,"caption":"Sikat\u00ed"},"image":{"@id":"https:\/\/www.sikati.de\/#\/schema\/logo\/image\/"},"sameAs":["https:\/\/www.facebook.com\/Arts.Decoration.Style","https:\/\/www.instagram.com\/sikati_arts\/","https:\/\/www.tiktok.com\/@sikati_arts"]}]}},"_links":{"self":[{"href":"https:\/\/www.sikati.de\/fr\/wp-json\/wp\/v2\/product\/11112","targetHints":{"allow":["GET"]}}],"collection":[{"href":"https:\/\/www.sikati.de\/fr\/wp-json\/wp\/v2\/product"}],"about":[{"href":"https:\/\/www.sikati.de\/fr\/wp-json\/wp\/v2\/types\/product"}],"wp:featuredmedia":[{"embeddable":true,"href":"https:\/\/www.sikati.de\/fr\/wp-json\/wp\/v2\/media\/12981"}],"wp:attachment":[{"href":"https:\/\/www.sikati.de\/fr\/wp-json\/wp\/v2\/media?parent=11112"}],"wp:term":[{"taxonomy":"product_brand","embeddable":true,"href":"https:\/\/www.sikati.de\/fr\/wp-json\/wp\/v2\/product_brand?post=11112"},{"taxonomy":"product_cat","embeddable":true,"href":"https:\/\/www.sikati.de\/fr\/wp-json\/wp\/v2\/product_cat?post=11112"},{"taxonomy":"product_tag","embeddable":true,"href":"https:\/\/www.sikati.de\/fr\/wp-json\/wp\/v2\/product_tag?post=11112"}],"curies":[{"name":"wp","href":"https:\/\/api.w.org\/{rel}","templated":true}]}}