{"id":11259,"date":"2025-01-26T21:11:13","date_gmt":"2025-01-26T20:11:13","guid":{"rendered":"https:\/\/www.sikati.de\/?post_type=product&#038;p=11259"},"modified":"2026-03-20T22:25:49","modified_gmt":"2026-03-20T21:25:49","slug":"kaleidoscope-rucksack-handgefertigt-aus-afrikanischem-wax","status":"publish","type":"product","link":"https:\/\/www.sikati.de\/fr\/produit\/kaleidoscope-rucksack-handgefertigt-aus-afrikanischem-wax\/","title":{"rendered":"Sac \u00e0 dos kal\u00e9idoscope"},"content":{"rendered":"<p>Le sac \u00e0 dos \u201e\u00a0Kal\u00e9idoscope\u00a0\u201c est un accessoire unique qui allie artisanat africain et style contemporain. Avec ses motifs color\u00e9s et ses mat\u00e9riaux r\u00e9sistants, ce sac \u00e0 dos est id\u00e9al pour de multiples usages\u00a0: \u00e9cole, travail ou loisirs. Il offre un espace g\u00e9n\u00e9reux pour vos affaires et s\u00e9duit par ses d\u00e9tails \u00e9l\u00e9gants, comme l\u2019association de tissu et de similicuir.<\/p>\n<p>Dimensions (H x L) : 45 x 35<br \/>\nMati\u00e8re : Tissu, textile, aspect cuir<br \/>\nConseils d&#039;entretien\u00a0: Ne pas laver, ne pas blanchir<br \/>\nCouleurs : Noir, Jaune, Bleu, Orange, Rose, Violet<br \/>\nD\u00e9tails\u00a0: Compartiment int\u00e9rieur, poches lat\u00e9rales, fermeture \u00e9clair<br \/>\nUtilisations : Bureau, universit\u00e9, \u00e9cole, courts s\u00e9jours<\/p>","protected":false},"excerpt":{"rendered":"<p>Sac \u00e0 dos \u00e9l\u00e9gant et artisanal d&#039;Afrique, orn\u00e9 de motifs color\u00e9s et d&#039;une conception robuste \u2013 id\u00e9al pour une utilisation polyvalente.<\/p>\n<p>Pas de facture de TVA, en tant que petite entreprise selon l&#039;article 19 (1) de la loi allemande sur la TVA (UStG).<\/p>","protected":false},"featured_media":11210,"template":"","meta":{"_acf_changed":false},"product_brand":[],"product_cat":[337,198],"product_tag":[1488,1484,997,1486,1489,1487,1485,1490],"class_list":{"0":"post-11259","1":"product","2":"type-product","3":"status-publish","4":"has-post-thumbnail","6":"product_cat-rucksacke-brusttaschen","7":"product_cat-taschen","8":"product_tag-abstraktes-muster","9":"product_tag-afrikanische-handwerkskunst","10":"product_tag-alltagsbegleiter","11":"product_tag-farbiges-design","12":"product_tag-freizeitrucksack","13":"product_tag-handgemacht-in-afrika","14":"product_tag-moderner-rucksack","15":"product_tag-stylischer-rucksack","17":"first","18":"instock","19":"shipping-taxable","20":"purchasable","21":"product-type-simple"},"acf":[],"yoast_head":"<!-- This site is optimized with the Yoast SEO plugin v27.4 - https:\/\/yoast.com\/product\/yoast-seo-wordpress\/ -->\n<title>Kaleidoscope Rucksack - Sikat\u00ed<\/title>\n<meta name=\"description\" content=\"Einzigartiger Rucksack \u201eKaleidoscope\u201c aus afrikanischem Wax-Stoff \u2013 handgefertigt mit Stil. Ideal f\u00fcr Alltag, Reisen &amp; Festivals. Jetzt entdecken!\" \/>\n<meta name=\"robots\" content=\"index, follow, max-snippet:-1, max-image-preview:large, max-video-preview:-1\" \/>\n<link rel=\"canonical\" href=\"https:\/\/www.sikati.de\/fr\/produit\/kaleidoscope-rucksack-handgefertigt-aus-afrikanischem-wax\/\" \/>\n<meta property=\"og:locale\" content=\"fr_FR\" \/>\n<meta property=\"og:type\" content=\"article\" \/>\n<meta property=\"og:title\" content=\"Kaleidoscope Rucksack - Sikat\u00ed\" \/>\n<meta property=\"og:description\" content=\"Einzigartiger Rucksack \u201eKaleidoscope\u201c aus afrikanischem Wax-Stoff \u2013 handgefertigt mit Stil. Ideal f\u00fcr Alltag, Reisen &amp; Festivals. Jetzt entdecken!\" \/>\n<meta property=\"og:url\" content=\"https:\/\/www.sikati.de\/fr\/produit\/kaleidoscope-rucksack-handgefertigt-aus-afrikanischem-wax\/\" \/>\n<meta property=\"og:site_name\" content=\"Sikat\u00ed\" \/>\n<meta property=\"article:publisher\" content=\"https:\/\/www.facebook.com\/Arts.Decoration.Style\" \/>\n<meta property=\"article:modified_time\" content=\"2026-03-20T21:25:49+00:00\" \/>\n<meta property=\"og:image\" content=\"https:\/\/www.sikati.de\/wp-content\/uploads\/2025\/01\/Photoroom-20250125_223052_24-1024x1024.png\" \/>\n\t<meta property=\"og:image:width\" content=\"1024\" \/>\n\t<meta property=\"og:image:height\" content=\"1024\" \/>\n\t<meta property=\"og:image:type\" content=\"image\/png\" \/>\n<meta name=\"twitter:card\" content=\"summary_large_image\" \/>\n<meta name=\"twitter:label1\" content=\"Dur\u00e9e de lecture estim\u00e9e\" \/>\n\t<meta name=\"twitter:data1\" content=\"1 minute\" \/>\n<script type=\"application\/ld+json\" class=\"yoast-schema-graph\">{\"@context\":\"https:\\\/\\\/schema.org\",\"@graph\":[{\"@type\":\"WebPage\",\"@id\":\"https:\\\/\\\/www.sikati.de\\\/produkt\\\/kaleidoscope-rucksack-handgefertigt-aus-afrikanischem-wax\\\/\",\"url\":\"https:\\\/\\\/www.sikati.de\\\/produkt\\\/kaleidoscope-rucksack-handgefertigt-aus-afrikanischem-wax\\\/\",\"name\":\"Kaleidoscope Rucksack - Sikat\u00ed\",\"isPartOf\":{\"@id\":\"https:\\\/\\\/www.sikati.de\\\/#website\"},\"primaryImageOfPage\":{\"@id\":\"https:\\\/\\\/www.sikati.de\\\/produkt\\\/kaleidoscope-rucksack-handgefertigt-aus-afrikanischem-wax\\\/#primaryimage\"},\"image\":{\"@id\":\"https:\\\/\\\/www.sikati.de\\\/produkt\\\/kaleidoscope-rucksack-handgefertigt-aus-afrikanischem-wax\\\/#primaryimage\"},\"thumbnailUrl\":\"https:\\\/\\\/www.sikati.de\\\/wp-content\\\/uploads\\\/2025\\\/01\\\/Photoroom-20250125_223052_24.png\",\"datePublished\":\"2025-01-26T20:11:13+00:00\",\"dateModified\":\"2026-03-20T21:25:49+00:00\",\"description\":\"Einzigartiger Rucksack \u201eKaleidoscope\u201c aus afrikanischem Wax-Stoff \u2013 handgefertigt mit Stil. Ideal f\u00fcr Alltag, Reisen & Festivals. Jetzt entdecken!\",\"breadcrumb\":{\"@id\":\"https:\\\/\\\/www.sikati.de\\\/produkt\\\/kaleidoscope-rucksack-handgefertigt-aus-afrikanischem-wax\\\/#breadcrumb\"},\"inLanguage\":\"fr-FR\",\"potentialAction\":[{\"@type\":\"ReadAction\",\"target\":[\"https:\\\/\\\/www.sikati.de\\\/produkt\\\/kaleidoscope-rucksack-handgefertigt-aus-afrikanischem-wax\\\/\"]}]},{\"@type\":\"ImageObject\",\"inLanguage\":\"fr-FR\",\"@id\":\"https:\\\/\\\/www.sikati.de\\\/produkt\\\/kaleidoscope-rucksack-handgefertigt-aus-afrikanischem-wax\\\/#primaryimage\",\"url\":\"https:\\\/\\\/www.sikati.de\\\/wp-content\\\/uploads\\\/2025\\\/01\\\/Photoroom-20250125_223052_24.png\",\"contentUrl\":\"https:\\\/\\\/www.sikati.de\\\/wp-content\\\/uploads\\\/2025\\\/01\\\/Photoroom-20250125_223052_24.png\",\"width\":2000,\"height\":2000},{\"@type\":\"BreadcrumbList\",\"@id\":\"https:\\\/\\\/www.sikati.de\\\/produkt\\\/kaleidoscope-rucksack-handgefertigt-aus-afrikanischem-wax\\\/#breadcrumb\",\"itemListElement\":[{\"@type\":\"ListItem\",\"position\":1,\"name\":\"Startseite\",\"item\":\"https:\\\/\\\/www.sikati.de\\\/\"},{\"@type\":\"ListItem\",\"position\":2,\"name\":\"Produkte\",\"item\":\"https:\\\/\\\/www.sikati.de\\\/shop\\\/\"},{\"@type\":\"ListItem\",\"position\":3,\"name\":\"Kaleidoscope Rucksack\"}]},{\"@type\":\"WebSite\",\"@id\":\"https:\\\/\\\/www.sikati.de\\\/#website\",\"url\":\"https:\\\/\\\/www.sikati.de\\\/\",\"name\":\"Sikat\u00ed\",\"description\":\"Afro Contemporary Fashion &amp; Living\",\"publisher\":{\"@id\":\"https:\\\/\\\/www.sikati.de\\\/#organization\"},\"potentialAction\":[{\"@type\":\"SearchAction\",\"target\":{\"@type\":\"EntryPoint\",\"urlTemplate\":\"https:\\\/\\\/www.sikati.de\\\/?s={search_term_string}\"},\"query-input\":{\"@type\":\"PropertyValueSpecification\",\"valueRequired\":true,\"valueName\":\"search_term_string\"}}],\"inLanguage\":\"fr-FR\"},{\"@type\":\"Organization\",\"@id\":\"https:\\\/\\\/www.sikati.de\\\/#organization\",\"name\":\"Sikat\u00ed\",\"url\":\"https:\\\/\\\/www.sikati.de\\\/\",\"logo\":{\"@type\":\"ImageObject\",\"inLanguage\":\"fr-FR\",\"@id\":\"https:\\\/\\\/www.sikati.de\\\/#\\\/schema\\\/logo\\\/image\\\/\",\"url\":\"https:\\\/\\\/www.sikati.de\\\/wp-content\\\/uploads\\\/2019\\\/03\\\/cropped-cropped-sikati-logo.png\",\"contentUrl\":\"https:\\\/\\\/www.sikati.de\\\/wp-content\\\/uploads\\\/2019\\\/03\\\/cropped-cropped-sikati-logo.png\",\"width\":500,\"height\":201,\"caption\":\"Sikat\u00ed\"},\"image\":{\"@id\":\"https:\\\/\\\/www.sikati.de\\\/#\\\/schema\\\/logo\\\/image\\\/\"},\"sameAs\":[\"https:\\\/\\\/www.facebook.com\\\/Arts.Decoration.Style\",\"https:\\\/\\\/www.instagram.com\\\/sikati_arts\\\/\",\"https:\\\/\\\/www.tiktok.com\\\/@sikati_arts\"]}]}<\/script>\n<!-- \/ Yoast SEO plugin. -->","yoast_head_json":{"title":"Kaleidoscope Rucksack - Sikat\u00ed","description":"Einzigartiger Rucksack \u201eKaleidoscope\u201c aus afrikanischem Wax-Stoff \u2013 handgefertigt mit Stil. Ideal f\u00fcr Alltag, Reisen & Festivals. Jetzt entdecken!","robots":{"index":"index","follow":"follow","max-snippet":"max-snippet:-1","max-image-preview":"max-image-preview:large","max-video-preview":"max-video-preview:-1"},"canonical":"https:\/\/www.sikati.de\/fr\/produit\/kaleidoscope-rucksack-handgefertigt-aus-afrikanischem-wax\/","og_locale":"fr_FR","og_type":"article","og_title":"Kaleidoscope Rucksack - Sikat\u00ed","og_description":"Einzigartiger Rucksack \u201eKaleidoscope\u201c aus afrikanischem Wax-Stoff \u2013 handgefertigt mit Stil. Ideal f\u00fcr Alltag, Reisen & Festivals. Jetzt entdecken!","og_url":"https:\/\/www.sikati.de\/fr\/produit\/kaleidoscope-rucksack-handgefertigt-aus-afrikanischem-wax\/","og_site_name":"Sikat\u00ed","article_publisher":"https:\/\/www.facebook.com\/Arts.Decoration.Style","article_modified_time":"2026-03-20T21:25:49+00:00","og_image":[{"width":1024,"height":1024,"url":"https:\/\/www.sikati.de\/wp-content\/uploads\/2025\/01\/Photoroom-20250125_223052_24-1024x1024.png","type":"image\/png"}],"twitter_card":"summary_large_image","twitter_misc":{"Dur\u00e9e de lecture estim\u00e9e":"1 minute"},"schema":{"@context":"https:\/\/schema.org","@graph":[{"@type":"WebPage","@id":"https:\/\/www.sikati.de\/produkt\/kaleidoscope-rucksack-handgefertigt-aus-afrikanischem-wax\/","url":"https:\/\/www.sikati.de\/produkt\/kaleidoscope-rucksack-handgefertigt-aus-afrikanischem-wax\/","name":"Kaleidoscope Rucksack - Sikat\u00ed","isPartOf":{"@id":"https:\/\/www.sikati.de\/#website"},"primaryImageOfPage":{"@id":"https:\/\/www.sikati.de\/produkt\/kaleidoscope-rucksack-handgefertigt-aus-afrikanischem-wax\/#primaryimage"},"image":{"@id":"https:\/\/www.sikati.de\/produkt\/kaleidoscope-rucksack-handgefertigt-aus-afrikanischem-wax\/#primaryimage"},"thumbnailUrl":"https:\/\/www.sikati.de\/wp-content\/uploads\/2025\/01\/Photoroom-20250125_223052_24.png","datePublished":"2025-01-26T20:11:13+00:00","dateModified":"2026-03-20T21:25:49+00:00","description":"Einzigartiger Rucksack \u201eKaleidoscope\u201c aus afrikanischem Wax-Stoff \u2013 handgefertigt mit Stil. Ideal f\u00fcr Alltag, Reisen & Festivals. Jetzt entdecken!","breadcrumb":{"@id":"https:\/\/www.sikati.de\/produkt\/kaleidoscope-rucksack-handgefertigt-aus-afrikanischem-wax\/#breadcrumb"},"inLanguage":"fr-FR","potentialAction":[{"@type":"ReadAction","target":["https:\/\/www.sikati.de\/produkt\/kaleidoscope-rucksack-handgefertigt-aus-afrikanischem-wax\/"]}]},{"@type":"ImageObject","inLanguage":"fr-FR","@id":"https:\/\/www.sikati.de\/produkt\/kaleidoscope-rucksack-handgefertigt-aus-afrikanischem-wax\/#primaryimage","url":"https:\/\/www.sikati.de\/wp-content\/uploads\/2025\/01\/Photoroom-20250125_223052_24.png","contentUrl":"https:\/\/www.sikati.de\/wp-content\/uploads\/2025\/01\/Photoroom-20250125_223052_24.png","width":2000,"height":2000},{"@type":"BreadcrumbList","@id":"https:\/\/www.sikati.de\/produkt\/kaleidoscope-rucksack-handgefertigt-aus-afrikanischem-wax\/#breadcrumb","itemListElement":[{"@type":"ListItem","position":1,"name":"Startseite","item":"https:\/\/www.sikati.de\/"},{"@type":"ListItem","position":2,"name":"Produkte","item":"https:\/\/www.sikati.de\/shop\/"},{"@type":"ListItem","position":3,"name":"Kaleidoscope Rucksack"}]},{"@type":"WebSite","@id":"https:\/\/www.sikati.de\/#website","url":"https:\/\/www.sikati.de\/","name":"Sika\u00ed","description":"Afro Contemporary Fashion &amp; Living","publisher":{"@id":"https:\/\/www.sikati.de\/#organization"},"potentialAction":[{"@type":"SearchAction","target":{"@type":"EntryPoint","urlTemplate":"https:\/\/www.sikati.de\/?s={search_term_string}"},"query-input":{"@type":"PropertyValueSpecification","valueRequired":true,"valueName":"search_term_string"}}],"inLanguage":"fr-FR"},{"@type":"Organization","@id":"https:\/\/www.sikati.de\/#organization","name":"Sika\u00ed","url":"https:\/\/www.sikati.de\/","logo":{"@type":"ImageObject","inLanguage":"fr-FR","@id":"https:\/\/www.sikati.de\/#\/schema\/logo\/image\/","url":"https:\/\/www.sikati.de\/wp-content\/uploads\/2019\/03\/cropped-cropped-sikati-logo.png","contentUrl":"https:\/\/www.sikati.de\/wp-content\/uploads\/2019\/03\/cropped-cropped-sikati-logo.png","width":500,"height":201,"caption":"Sikat\u00ed"},"image":{"@id":"https:\/\/www.sikati.de\/#\/schema\/logo\/image\/"},"sameAs":["https:\/\/www.facebook.com\/Arts.Decoration.Style","https:\/\/www.instagram.com\/sikati_arts\/","https:\/\/www.tiktok.com\/@sikati_arts"]}]}},"_links":{"self":[{"href":"https:\/\/www.sikati.de\/fr\/wp-json\/wp\/v2\/product\/11259","targetHints":{"allow":["GET"]}}],"collection":[{"href":"https:\/\/www.sikati.de\/fr\/wp-json\/wp\/v2\/product"}],"about":[{"href":"https:\/\/www.sikati.de\/fr\/wp-json\/wp\/v2\/types\/product"}],"wp:featuredmedia":[{"embeddable":true,"href":"https:\/\/www.sikati.de\/fr\/wp-json\/wp\/v2\/media\/11210"}],"wp:attachment":[{"href":"https:\/\/www.sikati.de\/fr\/wp-json\/wp\/v2\/media?parent=11259"}],"wp:term":[{"taxonomy":"product_brand","embeddable":true,"href":"https:\/\/www.sikati.de\/fr\/wp-json\/wp\/v2\/product_brand?post=11259"},{"taxonomy":"product_cat","embeddable":true,"href":"https:\/\/www.sikati.de\/fr\/wp-json\/wp\/v2\/product_cat?post=11259"},{"taxonomy":"product_tag","embeddable":true,"href":"https:\/\/www.sikati.de\/fr\/wp-json\/wp\/v2\/product_tag?post=11259"}],"curies":[{"name":"wp","href":"https:\/\/api.w.org\/{rel}","templated":true}]}}