{"id":11261,"date":"2025-01-26T21:41:32","date_gmt":"2025-01-26T20:41:32","guid":{"rendered":"https:\/\/www.sikati.de\/?post_type=product&#038;p=11261"},"modified":"2025-10-14T23:43:12","modified_gmt":"2025-10-14T21:43:12","slug":"geo-style-brusttasche-handgefertigt-in-afrika","status":"publish","type":"product","link":"https:\/\/www.sikati.de\/fr\/produit\/geo-style-brusttasche-handgefertigt-in-afrika\/","title":{"rendered":"Poche poitrine style g\u00e9om\u00e9trique"},"content":{"rendered":"<p>Le sac poitrine \u201e\u00a0Geo Style\u00a0\u201c offre une solution \u00e9l\u00e9gante et pratique pour transporter vos essentiels lors de vos d\u00e9placements. Fabriqu\u00e9 artisanalement en Afrique, ce sac arbore un motif g\u00e9om\u00e9trique saisissant dans des tons chauds de jaune, de noir et d&#039;orange, inspir\u00e9 des motifs traditionnels. Il dispose de plusieurs compartiments zipp\u00e9s pour une organisation optimale et d&#039;une bandouli\u00e8re r\u00e9glable en similicuir r\u00e9sistant, garantissant confort et durabilit\u00e9. Id\u00e9al pour les voyages, le quotidien ou les festivals.<\/p>\n<p>Dimensions : 16\u00d734 cm (L\u00d7H)<br \/>\nMati\u00e8re : Tissu, cuir PU<br \/>\nFermeture : Fermeture \u00e9clair<\/p>","protected":false},"excerpt":{"rendered":"<p>Sacoche de poitrine pratique \u00e0 motif g\u00e9om\u00e9trique, fabriqu\u00e9e \u00e0 la main en Afrique \u2013 id\u00e9ale pour les voyages et les loisirs.<\/p>\n<div class=\"woocommerce-product-details__short-description\">\n<p>Pas de facture de TVA, en tant que petite entreprise selon l&#039;article 19 (1) de la loi allemande sur la TVA (UStG).<\/p>\n<\/div>","protected":false},"featured_media":8444,"template":"","meta":{"_acf_changed":false},"product_brand":[],"product_cat":[337,1813,198],"product_tag":[1484,1500,1497,1487,1166,1499,1498,1501,1502],"class_list":{"0":"post-11261","1":"product","2":"type-product","3":"status-publish","4":"has-post-thumbnail","6":"product_cat-rucksacke-brusttaschen","7":"product_cat-sikati-accessoires","8":"product_cat-taschen","9":"product_tag-afrikanische-handwerkskunst","10":"product_tag-freizeitbegleiter","11":"product_tag-geometrisches-muster","12":"product_tag-handgemacht-in-afrika","13":"product_tag-kulturelles-design","14":"product_tag-modisches-accessoire","15":"product_tag-praktische-brusttasche","16":"product_tag-robuste-materialien","17":"product_tag-stilvolle-tasche","19":"first","20":"instock","21":"shipping-taxable","22":"purchasable","23":"product-type-simple"},"acf":[],"yoast_head":"<!-- This site is optimized with the Yoast SEO plugin v27.4 - https:\/\/yoast.com\/product\/yoast-seo-wordpress\/ -->\n<title>Geo Style Brusttasche - Sikat\u00ed<\/title>\n<meta name=\"description\" content=\"%\" \/>\n<meta name=\"robots\" content=\"index, follow, max-snippet:-1, max-image-preview:large, max-video-preview:-1\" \/>\n<link rel=\"canonical\" href=\"https:\/\/www.sikati.de\/fr\/produit\/geo-style-brusttasche-handgefertigt-in-afrika\/\" \/>\n<meta property=\"og:locale\" content=\"fr_FR\" \/>\n<meta property=\"og:type\" content=\"article\" \/>\n<meta property=\"og:title\" content=\"Geo Style Brusttasche - Sikat\u00ed\" \/>\n<meta property=\"og:description\" content=\"%\" \/>\n<meta property=\"og:url\" content=\"https:\/\/www.sikati.de\/fr\/produit\/geo-style-brusttasche-handgefertigt-in-afrika\/\" \/>\n<meta property=\"og:site_name\" content=\"Sikat\u00ed\" \/>\n<meta property=\"article:publisher\" content=\"https:\/\/www.facebook.com\/Arts.Decoration.Style\" \/>\n<meta property=\"article:modified_time\" content=\"2025-10-14T21:43:12+00:00\" \/>\n<meta property=\"og:image\" content=\"https:\/\/www.sikati.de\/wp-content\/uploads\/2023\/11\/PhotoRoom-20231009_222306_24.png\" \/>\n\t<meta property=\"og:image:width\" content=\"2000\" \/>\n\t<meta property=\"og:image:height\" content=\"2000\" \/>\n\t<meta property=\"og:image:type\" content=\"image\/png\" \/>\n<meta name=\"twitter:card\" content=\"summary_large_image\" \/>\n<meta name=\"twitter:label1\" content=\"Dur\u00e9e de lecture estim\u00e9e\" \/>\n\t<meta name=\"twitter:data1\" content=\"1 minute\" \/>\n<script type=\"application\/ld+json\" class=\"yoast-schema-graph\">{\"@context\":\"https:\\\/\\\/schema.org\",\"@graph\":[{\"@type\":\"WebPage\",\"@id\":\"https:\\\/\\\/www.sikati.de\\\/produkt\\\/geo-style-brusttasche-handgefertigt-in-afrika\\\/\",\"url\":\"https:\\\/\\\/www.sikati.de\\\/produkt\\\/geo-style-brusttasche-handgefertigt-in-afrika\\\/\",\"name\":\"Geo Style Brusttasche - Sikat\u00ed\",\"isPartOf\":{\"@id\":\"https:\\\/\\\/www.sikati.de\\\/#website\"},\"primaryImageOfPage\":{\"@id\":\"https:\\\/\\\/www.sikati.de\\\/produkt\\\/geo-style-brusttasche-handgefertigt-in-afrika\\\/#primaryimage\"},\"image\":{\"@id\":\"https:\\\/\\\/www.sikati.de\\\/produkt\\\/geo-style-brusttasche-handgefertigt-in-afrika\\\/#primaryimage\"},\"thumbnailUrl\":\"https:\\\/\\\/www.sikati.de\\\/wp-content\\\/uploads\\\/2023\\\/11\\\/PhotoRoom-20231009_222306_24.png\",\"datePublished\":\"2025-01-26T20:41:32+00:00\",\"dateModified\":\"2025-10-14T21:43:12+00:00\",\"description\":\"%\",\"breadcrumb\":{\"@id\":\"https:\\\/\\\/www.sikati.de\\\/produkt\\\/geo-style-brusttasche-handgefertigt-in-afrika\\\/#breadcrumb\"},\"inLanguage\":\"fr-FR\",\"potentialAction\":[{\"@type\":\"ReadAction\",\"target\":[\"https:\\\/\\\/www.sikati.de\\\/produkt\\\/geo-style-brusttasche-handgefertigt-in-afrika\\\/\"]}]},{\"@type\":\"ImageObject\",\"inLanguage\":\"fr-FR\",\"@id\":\"https:\\\/\\\/www.sikati.de\\\/produkt\\\/geo-style-brusttasche-handgefertigt-in-afrika\\\/#primaryimage\",\"url\":\"https:\\\/\\\/www.sikati.de\\\/wp-content\\\/uploads\\\/2023\\\/11\\\/PhotoRoom-20231009_222306_24.png\",\"contentUrl\":\"https:\\\/\\\/www.sikati.de\\\/wp-content\\\/uploads\\\/2023\\\/11\\\/PhotoRoom-20231009_222306_24.png\",\"width\":2000,\"height\":2000},{\"@type\":\"BreadcrumbList\",\"@id\":\"https:\\\/\\\/www.sikati.de\\\/produkt\\\/geo-style-brusttasche-handgefertigt-in-afrika\\\/#breadcrumb\",\"itemListElement\":[{\"@type\":\"ListItem\",\"position\":1,\"name\":\"Startseite\",\"item\":\"https:\\\/\\\/www.sikati.de\\\/\"},{\"@type\":\"ListItem\",\"position\":2,\"name\":\"Produkte\",\"item\":\"https:\\\/\\\/www.sikati.de\\\/shop\\\/\"},{\"@type\":\"ListItem\",\"position\":3,\"name\":\"Geo Style Brusttasche\"}]},{\"@type\":\"WebSite\",\"@id\":\"https:\\\/\\\/www.sikati.de\\\/#website\",\"url\":\"https:\\\/\\\/www.sikati.de\\\/\",\"name\":\"Sikat\u00ed\",\"description\":\"Afro Contemporary Fashion &amp; Living\",\"publisher\":{\"@id\":\"https:\\\/\\\/www.sikati.de\\\/#organization\"},\"potentialAction\":[{\"@type\":\"SearchAction\",\"target\":{\"@type\":\"EntryPoint\",\"urlTemplate\":\"https:\\\/\\\/www.sikati.de\\\/?s={search_term_string}\"},\"query-input\":{\"@type\":\"PropertyValueSpecification\",\"valueRequired\":true,\"valueName\":\"search_term_string\"}}],\"inLanguage\":\"fr-FR\"},{\"@type\":\"Organization\",\"@id\":\"https:\\\/\\\/www.sikati.de\\\/#organization\",\"name\":\"Sikat\u00ed\",\"url\":\"https:\\\/\\\/www.sikati.de\\\/\",\"logo\":{\"@type\":\"ImageObject\",\"inLanguage\":\"fr-FR\",\"@id\":\"https:\\\/\\\/www.sikati.de\\\/#\\\/schema\\\/logo\\\/image\\\/\",\"url\":\"https:\\\/\\\/www.sikati.de\\\/wp-content\\\/uploads\\\/2019\\\/03\\\/cropped-cropped-sikati-logo.png\",\"contentUrl\":\"https:\\\/\\\/www.sikati.de\\\/wp-content\\\/uploads\\\/2019\\\/03\\\/cropped-cropped-sikati-logo.png\",\"width\":500,\"height\":201,\"caption\":\"Sikat\u00ed\"},\"image\":{\"@id\":\"https:\\\/\\\/www.sikati.de\\\/#\\\/schema\\\/logo\\\/image\\\/\"},\"sameAs\":[\"https:\\\/\\\/www.facebook.com\\\/Arts.Decoration.Style\",\"https:\\\/\\\/www.instagram.com\\\/sikati_arts\\\/\",\"https:\\\/\\\/www.tiktok.com\\\/@sikati_arts\"]}]}<\/script>\n<!-- \/ Yoast SEO plugin. -->","yoast_head_json":{"title":"Geo Style Brusttasche - Sikat\u00ed","description":"%","robots":{"index":"index","follow":"follow","max-snippet":"max-snippet:-1","max-image-preview":"max-image-preview:large","max-video-preview":"max-video-preview:-1"},"canonical":"https:\/\/www.sikati.de\/fr\/produit\/geo-style-brusttasche-handgefertigt-in-afrika\/","og_locale":"fr_FR","og_type":"article","og_title":"Geo Style Brusttasche - Sikat\u00ed","og_description":"%","og_url":"https:\/\/www.sikati.de\/fr\/produit\/geo-style-brusttasche-handgefertigt-in-afrika\/","og_site_name":"Sikat\u00ed","article_publisher":"https:\/\/www.facebook.com\/Arts.Decoration.Style","article_modified_time":"2025-10-14T21:43:12+00:00","og_image":[{"width":2000,"height":2000,"url":"https:\/\/www.sikati.de\/wp-content\/uploads\/2023\/11\/PhotoRoom-20231009_222306_24.png","type":"image\/png"}],"twitter_card":"summary_large_image","twitter_misc":{"Dur\u00e9e de lecture estim\u00e9e":"1 minute"},"schema":{"@context":"https:\/\/schema.org","@graph":[{"@type":"WebPage","@id":"https:\/\/www.sikati.de\/produkt\/geo-style-brusttasche-handgefertigt-in-afrika\/","url":"https:\/\/www.sikati.de\/produkt\/geo-style-brusttasche-handgefertigt-in-afrika\/","name":"Geo Style Brusttasche - Sikat\u00ed","isPartOf":{"@id":"https:\/\/www.sikati.de\/#website"},"primaryImageOfPage":{"@id":"https:\/\/www.sikati.de\/produkt\/geo-style-brusttasche-handgefertigt-in-afrika\/#primaryimage"},"image":{"@id":"https:\/\/www.sikati.de\/produkt\/geo-style-brusttasche-handgefertigt-in-afrika\/#primaryimage"},"thumbnailUrl":"https:\/\/www.sikati.de\/wp-content\/uploads\/2023\/11\/PhotoRoom-20231009_222306_24.png","datePublished":"2025-01-26T20:41:32+00:00","dateModified":"2025-10-14T21:43:12+00:00","description":"%","breadcrumb":{"@id":"https:\/\/www.sikati.de\/produkt\/geo-style-brusttasche-handgefertigt-in-afrika\/#breadcrumb"},"inLanguage":"fr-FR","potentialAction":[{"@type":"ReadAction","target":["https:\/\/www.sikati.de\/produkt\/geo-style-brusttasche-handgefertigt-in-afrika\/"]}]},{"@type":"ImageObject","inLanguage":"fr-FR","@id":"https:\/\/www.sikati.de\/produkt\/geo-style-brusttasche-handgefertigt-in-afrika\/#primaryimage","url":"https:\/\/www.sikati.de\/wp-content\/uploads\/2023\/11\/PhotoRoom-20231009_222306_24.png","contentUrl":"https:\/\/www.sikati.de\/wp-content\/uploads\/2023\/11\/PhotoRoom-20231009_222306_24.png","width":2000,"height":2000},{"@type":"BreadcrumbList","@id":"https:\/\/www.sikati.de\/produkt\/geo-style-brusttasche-handgefertigt-in-afrika\/#breadcrumb","itemListElement":[{"@type":"ListItem","position":1,"name":"Startseite","item":"https:\/\/www.sikati.de\/"},{"@type":"ListItem","position":2,"name":"Produkte","item":"https:\/\/www.sikati.de\/shop\/"},{"@type":"ListItem","position":3,"name":"Geo Style Brusttasche"}]},{"@type":"WebSite","@id":"https:\/\/www.sikati.de\/#website","url":"https:\/\/www.sikati.de\/","name":"Sika\u00ed","description":"Afro Contemporary Fashion &amp; Living","publisher":{"@id":"https:\/\/www.sikati.de\/#organization"},"potentialAction":[{"@type":"SearchAction","target":{"@type":"EntryPoint","urlTemplate":"https:\/\/www.sikati.de\/?s={search_term_string}"},"query-input":{"@type":"PropertyValueSpecification","valueRequired":true,"valueName":"search_term_string"}}],"inLanguage":"fr-FR"},{"@type":"Organization","@id":"https:\/\/www.sikati.de\/#organization","name":"Sika\u00ed","url":"https:\/\/www.sikati.de\/","logo":{"@type":"ImageObject","inLanguage":"fr-FR","@id":"https:\/\/www.sikati.de\/#\/schema\/logo\/image\/","url":"https:\/\/www.sikati.de\/wp-content\/uploads\/2019\/03\/cropped-cropped-sikati-logo.png","contentUrl":"https:\/\/www.sikati.de\/wp-content\/uploads\/2019\/03\/cropped-cropped-sikati-logo.png","width":500,"height":201,"caption":"Sikat\u00ed"},"image":{"@id":"https:\/\/www.sikati.de\/#\/schema\/logo\/image\/"},"sameAs":["https:\/\/www.facebook.com\/Arts.Decoration.Style","https:\/\/www.instagram.com\/sikati_arts\/","https:\/\/www.tiktok.com\/@sikati_arts"]}]}},"_links":{"self":[{"href":"https:\/\/www.sikati.de\/fr\/wp-json\/wp\/v2\/product\/11261","targetHints":{"allow":["GET"]}}],"collection":[{"href":"https:\/\/www.sikati.de\/fr\/wp-json\/wp\/v2\/product"}],"about":[{"href":"https:\/\/www.sikati.de\/fr\/wp-json\/wp\/v2\/types\/product"}],"wp:featuredmedia":[{"embeddable":true,"href":"https:\/\/www.sikati.de\/fr\/wp-json\/wp\/v2\/media\/8444"}],"wp:attachment":[{"href":"https:\/\/www.sikati.de\/fr\/wp-json\/wp\/v2\/media?parent=11261"}],"wp:term":[{"taxonomy":"product_brand","embeddable":true,"href":"https:\/\/www.sikati.de\/fr\/wp-json\/wp\/v2\/product_brand?post=11261"},{"taxonomy":"product_cat","embeddable":true,"href":"https:\/\/www.sikati.de\/fr\/wp-json\/wp\/v2\/product_cat?post=11261"},{"taxonomy":"product_tag","embeddable":true,"href":"https:\/\/www.sikati.de\/fr\/wp-json\/wp\/v2\/product_tag?post=11261"}],"curies":[{"name":"wp","href":"https:\/\/api.w.org\/{rel}","templated":true}]}}