{"id":11263,"date":"2025-01-26T22:41:48","date_gmt":"2025-01-26T21:41:48","guid":{"rendered":"https:\/\/www.sikati.de\/?post_type=product&#038;p=11263"},"modified":"2026-03-21T13:57:15","modified_gmt":"2026-03-21T12:57:15","slug":"ndop-heritage-rucksack-dasie","status":"publish","type":"product","link":"https:\/\/www.sikati.de\/fr\/produit\/ndop-heritage-rucksack-dasie\/","title":{"rendered":"Sac \u00e0 dos Ndop Heritage \u2013 Daa&#039;sie"},"content":{"rendered":"<p>Le sac \u00e0 dos \u201e\u00a0Ndop Heritage\u00a0\u201c allie avec \u00e9l\u00e9gance savoir-faire camerounais traditionnel et design moderne. Confectionn\u00e9 en similicuir de haute qualit\u00e9 et orn\u00e9 de tissu Ndop authentique, ce sac \u00e0 dos respire l&#039;\u00e9l\u00e9gance et la richesse culturelle. Son syst\u00e8me de fermeture unique \u00e0 cordon et rabat assure s\u00e9curit\u00e9 et confort, tandis que son int\u00e9rieur spacieux offre un volume g\u00e9n\u00e9reux pour vos essentiels du quotidien. Les bretelles r\u00e9glables et les d\u00e9tails dor\u00e9s soulignent la qualit\u00e9 de sa fabrication. Parfait pour le travail, les loisirs ou les voyages, c&#039;est un v\u00e9ritable objet d&#039;exception, porteur d&#039;une histoire.<\/p>\n<p>Couleur : bleu, blanc<br \/>\nDimensions (H x L) : 31 x 26<br \/>\nD\u00e9tails\u00a0: Poche int\u00e9rieure, boucle<br \/>\nUtilisation : Bureau, ville, excursion<br \/>\nMati\u00e8re : Tissu Ndop v\u00e9ritable, cuir PU de haute qualit\u00e9<\/p>","protected":false},"excerpt":{"rendered":"<p>Sac \u00e0 dos \u00e9l\u00e9gant fabriqu\u00e9 en tissu Ndop de haute qualit\u00e9.<\/p>\n<div class=\"woocommerce-product-details__short-description\">\n<p>Pas de facture de TVA, en tant que petite entreprise selon l&#039;article 19 (1) de la loi allemande sur la TVA (UStG).<\/p>\n<\/div>","protected":false},"featured_media":8362,"template":"","meta":{"_acf_changed":false},"product_brand":[],"product_cat":[337,198],"product_tag":[997,1515,1513,1514,1512,1166,1485,1511,1492],"class_list":{"0":"post-11263","1":"product","2":"type-product","3":"status-publish","4":"has-post-thumbnail","6":"product_cat-rucksacke-brusttaschen","7":"product_cat-taschen","8":"product_tag-alltagsbegleiter","9":"product_tag-elegantes-accessoire","10":"product_tag-handgemacht-in-kamerun","11":"product_tag-hochwertiges-kunstleder","12":"product_tag-kamerunische-handwerkskunst","13":"product_tag-kulturelles-design","14":"product_tag-moderner-rucksack","15":"product_tag-ndop-stoff","16":"product_tag-stilvoller-rucksack","18":"first","19":"instock","20":"sale","21":"shipping-taxable","22":"purchasable","23":"product-type-simple"},"acf":[],"yoast_head":"<!-- This site is optimized with the Yoast SEO plugin v27.4 - https:\/\/yoast.com\/product\/yoast-seo-wordpress\/ -->\n<title>Ndop Heritage Rucksack - Daa&#039;sie - Sikat\u00ed<\/title>\n<meta name=\"description\" content=\"%\" \/>\n<meta name=\"robots\" content=\"index, follow, max-snippet:-1, max-image-preview:large, max-video-preview:-1\" \/>\n<link rel=\"canonical\" href=\"https:\/\/www.sikati.de\/fr\/produit\/ndop-heritage-rucksack-dasie\/\" \/>\n<meta property=\"og:locale\" content=\"fr_FR\" \/>\n<meta property=\"og:type\" content=\"article\" \/>\n<meta property=\"og:title\" content=\"Ndop Heritage Rucksack - Daa&#039;sie - Sikat\u00ed\" \/>\n<meta property=\"og:description\" content=\"%\" \/>\n<meta property=\"og:url\" content=\"https:\/\/www.sikati.de\/fr\/produit\/ndop-heritage-rucksack-dasie\/\" \/>\n<meta property=\"og:site_name\" content=\"Sikat\u00ed\" \/>\n<meta property=\"article:publisher\" content=\"https:\/\/www.facebook.com\/Arts.Decoration.Style\" \/>\n<meta property=\"article:modified_time\" content=\"2026-03-21T12:57:15+00:00\" \/>\n<meta property=\"og:image\" content=\"https:\/\/www.sikati.de\/wp-content\/uploads\/2023\/11\/PhotoRoom-20230702_174750_2.png\" \/>\n\t<meta property=\"og:image:width\" content=\"2000\" \/>\n\t<meta property=\"og:image:height\" content=\"2000\" \/>\n\t<meta property=\"og:image:type\" content=\"image\/png\" \/>\n<meta name=\"twitter:card\" content=\"summary_large_image\" \/>\n<meta name=\"twitter:label1\" content=\"Dur\u00e9e de lecture estim\u00e9e\" \/>\n\t<meta name=\"twitter:data1\" content=\"1 minute\" \/>\n<script type=\"application\/ld+json\" class=\"yoast-schema-graph\">{\"@context\":\"https:\\\/\\\/schema.org\",\"@graph\":[{\"@type\":\"WebPage\",\"@id\":\"https:\\\/\\\/www.sikati.de\\\/produkt\\\/ndop-heritage-rucksack-dasie\\\/\",\"url\":\"https:\\\/\\\/www.sikati.de\\\/produkt\\\/ndop-heritage-rucksack-dasie\\\/\",\"name\":\"Ndop Heritage Rucksack - Daa'sie - Sikat\u00ed\",\"isPartOf\":{\"@id\":\"https:\\\/\\\/www.sikati.de\\\/#website\"},\"primaryImageOfPage\":{\"@id\":\"https:\\\/\\\/www.sikati.de\\\/produkt\\\/ndop-heritage-rucksack-dasie\\\/#primaryimage\"},\"image\":{\"@id\":\"https:\\\/\\\/www.sikati.de\\\/produkt\\\/ndop-heritage-rucksack-dasie\\\/#primaryimage\"},\"thumbnailUrl\":\"https:\\\/\\\/www.sikati.de\\\/wp-content\\\/uploads\\\/2023\\\/11\\\/PhotoRoom-20230702_174750_2.png\",\"datePublished\":\"2025-01-26T21:41:48+00:00\",\"dateModified\":\"2026-03-21T12:57:15+00:00\",\"description\":\"%\",\"breadcrumb\":{\"@id\":\"https:\\\/\\\/www.sikati.de\\\/produkt\\\/ndop-heritage-rucksack-dasie\\\/#breadcrumb\"},\"inLanguage\":\"fr-FR\",\"potentialAction\":[{\"@type\":\"ReadAction\",\"target\":[\"https:\\\/\\\/www.sikati.de\\\/produkt\\\/ndop-heritage-rucksack-dasie\\\/\"]}]},{\"@type\":\"ImageObject\",\"inLanguage\":\"fr-FR\",\"@id\":\"https:\\\/\\\/www.sikati.de\\\/produkt\\\/ndop-heritage-rucksack-dasie\\\/#primaryimage\",\"url\":\"https:\\\/\\\/www.sikati.de\\\/wp-content\\\/uploads\\\/2023\\\/11\\\/PhotoRoom-20230702_174750_2.png\",\"contentUrl\":\"https:\\\/\\\/www.sikati.de\\\/wp-content\\\/uploads\\\/2023\\\/11\\\/PhotoRoom-20230702_174750_2.png\",\"width\":2000,\"height\":2000},{\"@type\":\"BreadcrumbList\",\"@id\":\"https:\\\/\\\/www.sikati.de\\\/produkt\\\/ndop-heritage-rucksack-dasie\\\/#breadcrumb\",\"itemListElement\":[{\"@type\":\"ListItem\",\"position\":1,\"name\":\"Startseite\",\"item\":\"https:\\\/\\\/www.sikati.de\\\/\"},{\"@type\":\"ListItem\",\"position\":2,\"name\":\"Produkte\",\"item\":\"https:\\\/\\\/www.sikati.de\\\/shop\\\/\"},{\"@type\":\"ListItem\",\"position\":3,\"name\":\"Ndop Heritage Rucksack &#8211; Daa&#8217;sie\"}]},{\"@type\":\"WebSite\",\"@id\":\"https:\\\/\\\/www.sikati.de\\\/#website\",\"url\":\"https:\\\/\\\/www.sikati.de\\\/\",\"name\":\"Sikat\u00ed\",\"description\":\"Afro Contemporary Fashion &amp; Living\",\"publisher\":{\"@id\":\"https:\\\/\\\/www.sikati.de\\\/#organization\"},\"potentialAction\":[{\"@type\":\"SearchAction\",\"target\":{\"@type\":\"EntryPoint\",\"urlTemplate\":\"https:\\\/\\\/www.sikati.de\\\/?s={search_term_string}\"},\"query-input\":{\"@type\":\"PropertyValueSpecification\",\"valueRequired\":true,\"valueName\":\"search_term_string\"}}],\"inLanguage\":\"fr-FR\"},{\"@type\":\"Organization\",\"@id\":\"https:\\\/\\\/www.sikati.de\\\/#organization\",\"name\":\"Sikat\u00ed\",\"url\":\"https:\\\/\\\/www.sikati.de\\\/\",\"logo\":{\"@type\":\"ImageObject\",\"inLanguage\":\"fr-FR\",\"@id\":\"https:\\\/\\\/www.sikati.de\\\/#\\\/schema\\\/logo\\\/image\\\/\",\"url\":\"https:\\\/\\\/www.sikati.de\\\/wp-content\\\/uploads\\\/2019\\\/03\\\/cropped-cropped-sikati-logo.png\",\"contentUrl\":\"https:\\\/\\\/www.sikati.de\\\/wp-content\\\/uploads\\\/2019\\\/03\\\/cropped-cropped-sikati-logo.png\",\"width\":500,\"height\":201,\"caption\":\"Sikat\u00ed\"},\"image\":{\"@id\":\"https:\\\/\\\/www.sikati.de\\\/#\\\/schema\\\/logo\\\/image\\\/\"},\"sameAs\":[\"https:\\\/\\\/www.facebook.com\\\/Arts.Decoration.Style\",\"https:\\\/\\\/www.instagram.com\\\/sikati_arts\\\/\",\"https:\\\/\\\/www.tiktok.com\\\/@sikati_arts\"]}]}<\/script>\n<!-- \/ Yoast SEO plugin. -->","yoast_head_json":{"title":"Ndop Heritage Rucksack - Daa'sie - Sikat\u00ed","description":"%","robots":{"index":"index","follow":"follow","max-snippet":"max-snippet:-1","max-image-preview":"max-image-preview:large","max-video-preview":"max-video-preview:-1"},"canonical":"https:\/\/www.sikati.de\/fr\/produit\/ndop-heritage-rucksack-dasie\/","og_locale":"fr_FR","og_type":"article","og_title":"Ndop Heritage Rucksack - Daa'sie - Sikat\u00ed","og_description":"%","og_url":"https:\/\/www.sikati.de\/fr\/produit\/ndop-heritage-rucksack-dasie\/","og_site_name":"Sikat\u00ed","article_publisher":"https:\/\/www.facebook.com\/Arts.Decoration.Style","article_modified_time":"2026-03-21T12:57:15+00:00","og_image":[{"width":2000,"height":2000,"url":"https:\/\/www.sikati.de\/wp-content\/uploads\/2023\/11\/PhotoRoom-20230702_174750_2.png","type":"image\/png"}],"twitter_card":"summary_large_image","twitter_misc":{"Dur\u00e9e de lecture estim\u00e9e":"1 minute"},"schema":{"@context":"https:\/\/schema.org","@graph":[{"@type":"WebPage","@id":"https:\/\/www.sikati.de\/produkt\/ndop-heritage-rucksack-dasie\/","url":"https:\/\/www.sikati.de\/produkt\/ndop-heritage-rucksack-dasie\/","name":"Ndop Heritage Rucksack - Daa'sie - Sikat\u00ed","isPartOf":{"@id":"https:\/\/www.sikati.de\/#website"},"primaryImageOfPage":{"@id":"https:\/\/www.sikati.de\/produkt\/ndop-heritage-rucksack-dasie\/#primaryimage"},"image":{"@id":"https:\/\/www.sikati.de\/produkt\/ndop-heritage-rucksack-dasie\/#primaryimage"},"thumbnailUrl":"https:\/\/www.sikati.de\/wp-content\/uploads\/2023\/11\/PhotoRoom-20230702_174750_2.png","datePublished":"2025-01-26T21:41:48+00:00","dateModified":"2026-03-21T12:57:15+00:00","description":"%","breadcrumb":{"@id":"https:\/\/www.sikati.de\/produkt\/ndop-heritage-rucksack-dasie\/#breadcrumb"},"inLanguage":"fr-FR","potentialAction":[{"@type":"ReadAction","target":["https:\/\/www.sikati.de\/produkt\/ndop-heritage-rucksack-dasie\/"]}]},{"@type":"ImageObject","inLanguage":"fr-FR","@id":"https:\/\/www.sikati.de\/produkt\/ndop-heritage-rucksack-dasie\/#primaryimage","url":"https:\/\/www.sikati.de\/wp-content\/uploads\/2023\/11\/PhotoRoom-20230702_174750_2.png","contentUrl":"https:\/\/www.sikati.de\/wp-content\/uploads\/2023\/11\/PhotoRoom-20230702_174750_2.png","width":2000,"height":2000},{"@type":"BreadcrumbList","@id":"https:\/\/www.sikati.de\/produkt\/ndop-heritage-rucksack-dasie\/#breadcrumb","itemListElement":[{"@type":"ListItem","position":1,"name":"Startseite","item":"https:\/\/www.sikati.de\/"},{"@type":"ListItem","position":2,"name":"Produkte","item":"https:\/\/www.sikati.de\/shop\/"},{"@type":"ListItem","position":3,"name":"Ndop Heritage Rucksack &#8211; Daa&#8217;sie"}]},{"@type":"WebSite","@id":"https:\/\/www.sikati.de\/#website","url":"https:\/\/www.sikati.de\/","name":"Sika\u00ed","description":"Afro Contemporary Fashion &amp; Living","publisher":{"@id":"https:\/\/www.sikati.de\/#organization"},"potentialAction":[{"@type":"SearchAction","target":{"@type":"EntryPoint","urlTemplate":"https:\/\/www.sikati.de\/?s={search_term_string}"},"query-input":{"@type":"PropertyValueSpecification","valueRequired":true,"valueName":"search_term_string"}}],"inLanguage":"fr-FR"},{"@type":"Organization","@id":"https:\/\/www.sikati.de\/#organization","name":"Sika\u00ed","url":"https:\/\/www.sikati.de\/","logo":{"@type":"ImageObject","inLanguage":"fr-FR","@id":"https:\/\/www.sikati.de\/#\/schema\/logo\/image\/","url":"https:\/\/www.sikati.de\/wp-content\/uploads\/2019\/03\/cropped-cropped-sikati-logo.png","contentUrl":"https:\/\/www.sikati.de\/wp-content\/uploads\/2019\/03\/cropped-cropped-sikati-logo.png","width":500,"height":201,"caption":"Sikat\u00ed"},"image":{"@id":"https:\/\/www.sikati.de\/#\/schema\/logo\/image\/"},"sameAs":["https:\/\/www.facebook.com\/Arts.Decoration.Style","https:\/\/www.instagram.com\/sikati_arts\/","https:\/\/www.tiktok.com\/@sikati_arts"]}]}},"_links":{"self":[{"href":"https:\/\/www.sikati.de\/fr\/wp-json\/wp\/v2\/product\/11263","targetHints":{"allow":["GET"]}}],"collection":[{"href":"https:\/\/www.sikati.de\/fr\/wp-json\/wp\/v2\/product"}],"about":[{"href":"https:\/\/www.sikati.de\/fr\/wp-json\/wp\/v2\/types\/product"}],"wp:featuredmedia":[{"embeddable":true,"href":"https:\/\/www.sikati.de\/fr\/wp-json\/wp\/v2\/media\/8362"}],"wp:attachment":[{"href":"https:\/\/www.sikati.de\/fr\/wp-json\/wp\/v2\/media?parent=11263"}],"wp:term":[{"taxonomy":"product_brand","embeddable":true,"href":"https:\/\/www.sikati.de\/fr\/wp-json\/wp\/v2\/product_brand?post=11263"},{"taxonomy":"product_cat","embeddable":true,"href":"https:\/\/www.sikati.de\/fr\/wp-json\/wp\/v2\/product_cat?post=11263"},{"taxonomy":"product_tag","embeddable":true,"href":"https:\/\/www.sikati.de\/fr\/wp-json\/wp\/v2\/product_tag?post=11263"}],"curies":[{"name":"wp","href":"https:\/\/api.w.org\/{rel}","templated":true}]}}