{"id":11266,"date":"2025-01-26T23:11:33","date_gmt":"2025-01-26T22:11:33","guid":{"rendered":"https:\/\/www.sikati.de\/?post_type=product&#038;p=11266"},"modified":"2026-03-21T13:59:37","modified_gmt":"2026-03-21T12:59:37","slug":"ndop-elegance-rucksack-buani","status":"publish","type":"product","link":"https:\/\/www.sikati.de\/fr\/produit\/ndop-elegance-rucksack-buani\/","title":{"rendered":"Ndop Elegance Rucksack &#8211; Buani"},"content":{"rendered":"<p>Der &#8222;Ndop Elegance Rucksack&#8220; ist ein wahres Meisterwerk kamerunischer Handwerkskunst. Mit authentischem Ndop-Stoff, der f\u00fcr seine traditionellen Muster bekannt ist, und eleganten Kunstlederdetails, vereint dieser Rucksack Stil und Funktionalit\u00e4t. Der Kordelzugverschluss sorgt f\u00fcr einfache Handhabung und Sicherheit, w\u00e4hrend das ger\u00e4umige Hauptfach Platz f\u00fcr Ihre t\u00e4glichen Essentials bietet. Die goldfarbenen Akzente und die hochwertige Verarbeitung machen diesen Rucksack zu einem stilvollen Begleiter f\u00fcr Alltag, Arbeit oder Reisen.<\/p>\n<p>Farbe: Blau, Wei\u00df<br \/>\nPassform (HxL): 32 x 28<br \/>\nDetails: Innentasche, Schnalle<br \/>\nVerwendung: B\u00fcro, Stadt, Ausflug<br \/>\nMaterial: Echtem Ndop-Stoff, hochwertigem PU-Leder<\/p>","protected":false},"excerpt":{"rendered":"<p>Eleganter Rucksack aus authentischem Ndop-Stoff.<\/p>\n<div class=\"woocommerce-product-details__short-description\">\n<p>Pas de facture de TVA, en tant que petite entreprise selon l&#039;article 19 (1) de la loi allemande sur la TVA (UStG).<\/p>\n<\/div>","protected":false},"featured_media":6625,"template":"","meta":{"_acf_changed":false},"product_brand":[],"product_cat":[337,198],"product_tag":[997,1516,1513,1514,1512,1496,1485,1511,1492],"class_list":{"0":"post-11266","1":"product","2":"type-product","3":"status-publish","4":"has-post-thumbnail","6":"product_cat-rucksacke-brusttaschen","7":"product_cat-taschen","8":"product_tag-alltagsbegleiter","9":"product_tag-einzigartiges-design","10":"product_tag-handgemacht-in-kamerun","11":"product_tag-hochwertiges-kunstleder","12":"product_tag-kamerunische-handwerkskunst","13":"product_tag-kulturelles-accessoire","14":"product_tag-moderner-rucksack","15":"product_tag-ndop-stoff","16":"product_tag-stilvoller-rucksack","18":"first","19":"instock","20":"sale","21":"shipping-taxable","22":"purchasable","23":"product-type-simple"},"acf":[],"yoast_head":"<!-- This site is optimized with the Yoast SEO plugin v27.3 - https:\/\/yoast.com\/product\/yoast-seo-wordpress\/ -->\n<title>Ndop Elegance Rucksack - Buani - Sikat\u00ed<\/title>\n<meta name=\"description\" content=\"%\" \/>\n<meta name=\"robots\" content=\"index, follow, max-snippet:-1, max-image-preview:large, max-video-preview:-1\" \/>\n<link rel=\"canonical\" href=\"https:\/\/www.sikati.de\/fr\/produit\/ndop-elegance-rucksack-buani\/\" \/>\n<meta property=\"og:locale\" content=\"fr_FR\" \/>\n<meta property=\"og:type\" content=\"article\" \/>\n<meta property=\"og:title\" content=\"Ndop Elegance Rucksack - Buani - Sikat\u00ed\" \/>\n<meta property=\"og:description\" content=\"%\" \/>\n<meta property=\"og:url\" content=\"https:\/\/www.sikati.de\/fr\/produit\/ndop-elegance-rucksack-buani\/\" \/>\n<meta property=\"og:site_name\" content=\"Sikat\u00ed\" \/>\n<meta property=\"article:publisher\" content=\"https:\/\/www.facebook.com\/Arts.Decoration.Style\" \/>\n<meta property=\"article:modified_time\" content=\"2026-03-21T12:59:37+00:00\" \/>\n<meta property=\"og:image\" content=\"https:\/\/www.sikati.de\/wp-content\/uploads\/2023\/06\/PhotoRoom-20230525_203613_4-1024x1024.png\" \/>\n\t<meta property=\"og:image:width\" content=\"1024\" \/>\n\t<meta property=\"og:image:height\" content=\"1024\" \/>\n\t<meta property=\"og:image:type\" content=\"image\/png\" \/>\n<meta name=\"twitter:card\" content=\"summary_large_image\" \/>\n<meta name=\"twitter:label1\" content=\"Dur\u00e9e de lecture estim\u00e9e\" \/>\n\t<meta name=\"twitter:data1\" content=\"1 minute\" \/>\n<script type=\"application\/ld+json\" class=\"yoast-schema-graph\">{\"@context\":\"https:\\\/\\\/schema.org\",\"@graph\":[{\"@type\":\"WebPage\",\"@id\":\"https:\\\/\\\/www.sikati.de\\\/produkt\\\/ndop-elegance-rucksack-buani\\\/\",\"url\":\"https:\\\/\\\/www.sikati.de\\\/produkt\\\/ndop-elegance-rucksack-buani\\\/\",\"name\":\"Ndop Elegance Rucksack - Buani - Sikat\u00ed\",\"isPartOf\":{\"@id\":\"https:\\\/\\\/www.sikati.de\\\/#website\"},\"primaryImageOfPage\":{\"@id\":\"https:\\\/\\\/www.sikati.de\\\/produkt\\\/ndop-elegance-rucksack-buani\\\/#primaryimage\"},\"image\":{\"@id\":\"https:\\\/\\\/www.sikati.de\\\/produkt\\\/ndop-elegance-rucksack-buani\\\/#primaryimage\"},\"thumbnailUrl\":\"https:\\\/\\\/www.sikati.de\\\/wp-content\\\/uploads\\\/2023\\\/06\\\/PhotoRoom-20230525_203613_4.png\",\"datePublished\":\"2025-01-26T22:11:33+00:00\",\"dateModified\":\"2026-03-21T12:59:37+00:00\",\"description\":\"%\",\"breadcrumb\":{\"@id\":\"https:\\\/\\\/www.sikati.de\\\/produkt\\\/ndop-elegance-rucksack-buani\\\/#breadcrumb\"},\"inLanguage\":\"fr-FR\",\"potentialAction\":[{\"@type\":\"ReadAction\",\"target\":[\"https:\\\/\\\/www.sikati.de\\\/produkt\\\/ndop-elegance-rucksack-buani\\\/\"]}]},{\"@type\":\"ImageObject\",\"inLanguage\":\"fr-FR\",\"@id\":\"https:\\\/\\\/www.sikati.de\\\/produkt\\\/ndop-elegance-rucksack-buani\\\/#primaryimage\",\"url\":\"https:\\\/\\\/www.sikati.de\\\/wp-content\\\/uploads\\\/2023\\\/06\\\/PhotoRoom-20230525_203613_4.png\",\"contentUrl\":\"https:\\\/\\\/www.sikati.de\\\/wp-content\\\/uploads\\\/2023\\\/06\\\/PhotoRoom-20230525_203613_4.png\",\"width\":2000,\"height\":2000},{\"@type\":\"BreadcrumbList\",\"@id\":\"https:\\\/\\\/www.sikati.de\\\/produkt\\\/ndop-elegance-rucksack-buani\\\/#breadcrumb\",\"itemListElement\":[{\"@type\":\"ListItem\",\"position\":1,\"name\":\"Startseite\",\"item\":\"https:\\\/\\\/www.sikati.de\\\/\"},{\"@type\":\"ListItem\",\"position\":2,\"name\":\"Produkte\",\"item\":\"https:\\\/\\\/www.sikati.de\\\/shop\\\/\"},{\"@type\":\"ListItem\",\"position\":3,\"name\":\"Ndop Elegance Rucksack &#8211; Buani\"}]},{\"@type\":\"WebSite\",\"@id\":\"https:\\\/\\\/www.sikati.de\\\/#website\",\"url\":\"https:\\\/\\\/www.sikati.de\\\/\",\"name\":\"Sikat\u00ed\",\"description\":\"Afro Contemporary Fashion &amp; Living\",\"publisher\":{\"@id\":\"https:\\\/\\\/www.sikati.de\\\/#organization\"},\"potentialAction\":[{\"@type\":\"SearchAction\",\"target\":{\"@type\":\"EntryPoint\",\"urlTemplate\":\"https:\\\/\\\/www.sikati.de\\\/?s={search_term_string}\"},\"query-input\":{\"@type\":\"PropertyValueSpecification\",\"valueRequired\":true,\"valueName\":\"search_term_string\"}}],\"inLanguage\":\"fr-FR\"},{\"@type\":\"Organization\",\"@id\":\"https:\\\/\\\/www.sikati.de\\\/#organization\",\"name\":\"Sikat\u00ed\",\"url\":\"https:\\\/\\\/www.sikati.de\\\/\",\"logo\":{\"@type\":\"ImageObject\",\"inLanguage\":\"fr-FR\",\"@id\":\"https:\\\/\\\/www.sikati.de\\\/#\\\/schema\\\/logo\\\/image\\\/\",\"url\":\"https:\\\/\\\/www.sikati.de\\\/wp-content\\\/uploads\\\/2019\\\/03\\\/cropped-cropped-sikati-logo.png\",\"contentUrl\":\"https:\\\/\\\/www.sikati.de\\\/wp-content\\\/uploads\\\/2019\\\/03\\\/cropped-cropped-sikati-logo.png\",\"width\":500,\"height\":201,\"caption\":\"Sikat\u00ed\"},\"image\":{\"@id\":\"https:\\\/\\\/www.sikati.de\\\/#\\\/schema\\\/logo\\\/image\\\/\"},\"sameAs\":[\"https:\\\/\\\/www.facebook.com\\\/Arts.Decoration.Style\",\"https:\\\/\\\/www.instagram.com\\\/sikati_arts\\\/\",\"https:\\\/\\\/www.tiktok.com\\\/@sikati_arts\"]}]}<\/script>\n<!-- \/ Yoast SEO plugin. -->","yoast_head_json":{"title":"Ndop Elegance Rucksack - Buani - Sikat\u00ed","description":"%","robots":{"index":"index","follow":"follow","max-snippet":"max-snippet:-1","max-image-preview":"max-image-preview:large","max-video-preview":"max-video-preview:-1"},"canonical":"https:\/\/www.sikati.de\/fr\/produit\/ndop-elegance-rucksack-buani\/","og_locale":"fr_FR","og_type":"article","og_title":"Ndop Elegance Rucksack - Buani - Sikat\u00ed","og_description":"%","og_url":"https:\/\/www.sikati.de\/fr\/produit\/ndop-elegance-rucksack-buani\/","og_site_name":"Sikat\u00ed","article_publisher":"https:\/\/www.facebook.com\/Arts.Decoration.Style","article_modified_time":"2026-03-21T12:59:37+00:00","og_image":[{"width":1024,"height":1024,"url":"https:\/\/www.sikati.de\/wp-content\/uploads\/2023\/06\/PhotoRoom-20230525_203613_4-1024x1024.png","type":"image\/png"}],"twitter_card":"summary_large_image","twitter_misc":{"Dur\u00e9e de lecture estim\u00e9e":"1 minute"},"schema":{"@context":"https:\/\/schema.org","@graph":[{"@type":"WebPage","@id":"https:\/\/www.sikati.de\/produkt\/ndop-elegance-rucksack-buani\/","url":"https:\/\/www.sikati.de\/produkt\/ndop-elegance-rucksack-buani\/","name":"Ndop Elegance Rucksack - Buani - Sikat\u00ed","isPartOf":{"@id":"https:\/\/www.sikati.de\/#website"},"primaryImageOfPage":{"@id":"https:\/\/www.sikati.de\/produkt\/ndop-elegance-rucksack-buani\/#primaryimage"},"image":{"@id":"https:\/\/www.sikati.de\/produkt\/ndop-elegance-rucksack-buani\/#primaryimage"},"thumbnailUrl":"https:\/\/www.sikati.de\/wp-content\/uploads\/2023\/06\/PhotoRoom-20230525_203613_4.png","datePublished":"2025-01-26T22:11:33+00:00","dateModified":"2026-03-21T12:59:37+00:00","description":"%","breadcrumb":{"@id":"https:\/\/www.sikati.de\/produkt\/ndop-elegance-rucksack-buani\/#breadcrumb"},"inLanguage":"fr-FR","potentialAction":[{"@type":"ReadAction","target":["https:\/\/www.sikati.de\/produkt\/ndop-elegance-rucksack-buani\/"]}]},{"@type":"ImageObject","inLanguage":"fr-FR","@id":"https:\/\/www.sikati.de\/produkt\/ndop-elegance-rucksack-buani\/#primaryimage","url":"https:\/\/www.sikati.de\/wp-content\/uploads\/2023\/06\/PhotoRoom-20230525_203613_4.png","contentUrl":"https:\/\/www.sikati.de\/wp-content\/uploads\/2023\/06\/PhotoRoom-20230525_203613_4.png","width":2000,"height":2000},{"@type":"BreadcrumbList","@id":"https:\/\/www.sikati.de\/produkt\/ndop-elegance-rucksack-buani\/#breadcrumb","itemListElement":[{"@type":"ListItem","position":1,"name":"Startseite","item":"https:\/\/www.sikati.de\/"},{"@type":"ListItem","position":2,"name":"Produkte","item":"https:\/\/www.sikati.de\/shop\/"},{"@type":"ListItem","position":3,"name":"Ndop Elegance Rucksack &#8211; Buani"}]},{"@type":"WebSite","@id":"https:\/\/www.sikati.de\/#website","url":"https:\/\/www.sikati.de\/","name":"Sika\u00ed","description":"Afro Contemporary Fashion &amp; Living","publisher":{"@id":"https:\/\/www.sikati.de\/#organization"},"potentialAction":[{"@type":"SearchAction","target":{"@type":"EntryPoint","urlTemplate":"https:\/\/www.sikati.de\/?s={search_term_string}"},"query-input":{"@type":"PropertyValueSpecification","valueRequired":true,"valueName":"search_term_string"}}],"inLanguage":"fr-FR"},{"@type":"Organization","@id":"https:\/\/www.sikati.de\/#organization","name":"Sika\u00ed","url":"https:\/\/www.sikati.de\/","logo":{"@type":"ImageObject","inLanguage":"fr-FR","@id":"https:\/\/www.sikati.de\/#\/schema\/logo\/image\/","url":"https:\/\/www.sikati.de\/wp-content\/uploads\/2019\/03\/cropped-cropped-sikati-logo.png","contentUrl":"https:\/\/www.sikati.de\/wp-content\/uploads\/2019\/03\/cropped-cropped-sikati-logo.png","width":500,"height":201,"caption":"Sikat\u00ed"},"image":{"@id":"https:\/\/www.sikati.de\/#\/schema\/logo\/image\/"},"sameAs":["https:\/\/www.facebook.com\/Arts.Decoration.Style","https:\/\/www.instagram.com\/sikati_arts\/","https:\/\/www.tiktok.com\/@sikati_arts"]}]}},"_links":{"self":[{"href":"https:\/\/www.sikati.de\/fr\/wp-json\/wp\/v2\/product\/11266","targetHints":{"allow":["GET"]}}],"collection":[{"href":"https:\/\/www.sikati.de\/fr\/wp-json\/wp\/v2\/product"}],"about":[{"href":"https:\/\/www.sikati.de\/fr\/wp-json\/wp\/v2\/types\/product"}],"wp:featuredmedia":[{"embeddable":true,"href":"https:\/\/www.sikati.de\/fr\/wp-json\/wp\/v2\/media\/6625"}],"wp:attachment":[{"href":"https:\/\/www.sikati.de\/fr\/wp-json\/wp\/v2\/media?parent=11266"}],"wp:term":[{"taxonomy":"product_brand","embeddable":true,"href":"https:\/\/www.sikati.de\/fr\/wp-json\/wp\/v2\/product_brand?post=11266"},{"taxonomy":"product_cat","embeddable":true,"href":"https:\/\/www.sikati.de\/fr\/wp-json\/wp\/v2\/product_cat?post=11266"},{"taxonomy":"product_tag","embeddable":true,"href":"https:\/\/www.sikati.de\/fr\/wp-json\/wp\/v2\/product_tag?post=11266"}],"curies":[{"name":"wp","href":"https:\/\/api.w.org\/{rel}","templated":true}]}}