{"id":11885,"date":"2025-04-26T22:27:16","date_gmt":"2025-04-26T20:27:16","guid":{"rendered":"https:\/\/www.sikati.de\/?post_type=product&#038;p=11885"},"modified":"2026-01-19T19:54:40","modified_gmt":"2026-01-19T18:54:40","slug":"sikati-wendebomberjacke-aus-batikstoff-in-tuerkis-braun","status":"publish","type":"product","link":"https:\/\/www.sikati.de\/fr\/produit\/sikati-wendebomberjacke-aus-batikstoff-in-tuerkis-braun\/","title":{"rendered":"Blouson aviateur r\u00e9versible Sika\u00ed en tissu batik et tissu tiss\u00e9 \u00e0 la main de fa\u00e7on traditionnelle"},"content":{"rendered":"<p>Ce blouson bomber unique de Sika\u00ed associe un batik traditionnel \u00e0 un pagne tiss\u00e9 de haute qualit\u00e9, tiss\u00e9 \u00e0 la main selon des techniques artisanales. R\u00e9versible, il pr\u00e9sente d&#039;un c\u00f4t\u00e9 un motif batik turquoise et marron \u00e9clatant, et de l&#039;autre un marron sobre orn\u00e9 d&#039;\u00e9l\u00e9gantes broderies Sika\u00ed. L&#039;alliance de ces deux mati\u00e8res conf\u00e8re au blouson un style unique et une texture agr\u00e9able. Id\u00e9al pour composer des looks cr\u00e9atifs, tant\u00f4t audacieux, tant\u00f4t discrets.<\/p>\n<p><strong data-start=\"674\" data-end=\"692\">Conseils d&#039;entretien\u00a0:<\/strong> Lavage en machine \u00e0 30\u00b0C.<\/p>","protected":false},"excerpt":{"rendered":"<p>Blouson aviateur r\u00e9versible en tissu batik avec broderie Sikati.<\/p>\n<p>Pas de facture de TVA, en tant que petite entreprise selon l&#039;article 19 (1) de la loi allemande sur la TVA (UStG).<\/p>","protected":false},"featured_media":11886,"template":"","meta":{"_acf_changed":false},"product_brand":[],"product_cat":[1457,163,1449],"product_tag":[1721,1716,1715,1519,1236,1723,1719,1531,1718,1722,1717,1720,1714],"class_list":{"0":"post-11885","1":"product","2":"type-product","3":"status-publish","4":"has-post-thumbnail","6":"product_cat-bomberjacken-unisex-sikati-style","7":"product_cat-sikati-designs","8":"product_cat-unisex","9":"product_tag-batikmode","10":"product_tag-batikstoff","11":"product_tag-beidseitig-tragbar","12":"product_tag-bomberjacke","13":"product_tag-braun","14":"product_tag-casual","15":"product_tag-damenjacke","16":"product_tag-sikati","17":"product_tag-streetstyle","18":"product_tag-traditionell-handgewebter-stoff","19":"product_tag-tuerkis","20":"product_tag-uebergangsjacke","21":"product_tag-wendeblouson","23":"first","24":"instock","25":"sale","26":"shipping-taxable","27":"purchasable","28":"product-type-variable"},"acf":[],"yoast_head":"<!-- This site is optimized with the Yoast SEO plugin v27.4 - https:\/\/yoast.com\/product\/yoast-seo-wordpress\/ -->\n<title>Sikat\u00ed Wendebomberjacke aus Batikstoff und traditionell handgewebtem Stoff - Sikat\u00ed<\/title>\n<meta name=\"description\" content=\"%\" \/>\n<meta name=\"robots\" content=\"index, follow, max-snippet:-1, max-image-preview:large, max-video-preview:-1\" \/>\n<link rel=\"canonical\" href=\"https:\/\/www.sikati.de\/fr\/produit\/sikati-wendebomberjacke-aus-batikstoff-in-tuerkis-braun\/\" \/>\n<meta property=\"og:locale\" content=\"fr_FR\" \/>\n<meta property=\"og:type\" content=\"article\" \/>\n<meta property=\"og:title\" content=\"Sikat\u00ed Wendebomberjacke aus Batikstoff und traditionell handgewebtem Stoff - Sikat\u00ed\" \/>\n<meta property=\"og:description\" content=\"%\" \/>\n<meta property=\"og:url\" content=\"https:\/\/www.sikati.de\/fr\/produit\/sikati-wendebomberjacke-aus-batikstoff-in-tuerkis-braun\/\" \/>\n<meta property=\"og:site_name\" content=\"Sikat\u00ed\" \/>\n<meta property=\"article:publisher\" content=\"https:\/\/www.facebook.com\/Arts.Decoration.Style\" \/>\n<meta property=\"article:modified_time\" content=\"2026-01-19T18:54:40+00:00\" \/>\n<meta property=\"og:image\" content=\"https:\/\/www.sikati.de\/wp-content\/uploads\/2025\/04\/14042025-IMG_5036-Kopie-scaled.jpg\" \/>\n\t<meta property=\"og:image:width\" content=\"1707\" \/>\n\t<meta property=\"og:image:height\" content=\"2560\" \/>\n\t<meta property=\"og:image:type\" content=\"image\/jpeg\" \/>\n<meta name=\"twitter:card\" content=\"summary_large_image\" \/>\n<meta name=\"twitter:label1\" content=\"Dur\u00e9e de lecture estim\u00e9e\" \/>\n\t<meta name=\"twitter:data1\" content=\"1 minute\" \/>\n<script type=\"application\/ld+json\" class=\"yoast-schema-graph\">{\"@context\":\"https:\\\/\\\/schema.org\",\"@graph\":[{\"@type\":\"WebPage\",\"@id\":\"https:\\\/\\\/www.sikati.de\\\/produkt\\\/sikati-wendebomberjacke-aus-batikstoff-in-tuerkis-braun\\\/\",\"url\":\"https:\\\/\\\/www.sikati.de\\\/produkt\\\/sikati-wendebomberjacke-aus-batikstoff-in-tuerkis-braun\\\/\",\"name\":\"Sikat\u00ed Wendebomberjacke aus Batikstoff und traditionell handgewebtem Stoff - Sikat\u00ed\",\"isPartOf\":{\"@id\":\"https:\\\/\\\/www.sikati.de\\\/#website\"},\"primaryImageOfPage\":{\"@id\":\"https:\\\/\\\/www.sikati.de\\\/produkt\\\/sikati-wendebomberjacke-aus-batikstoff-in-tuerkis-braun\\\/#primaryimage\"},\"image\":{\"@id\":\"https:\\\/\\\/www.sikati.de\\\/produkt\\\/sikati-wendebomberjacke-aus-batikstoff-in-tuerkis-braun\\\/#primaryimage\"},\"thumbnailUrl\":\"https:\\\/\\\/www.sikati.de\\\/wp-content\\\/uploads\\\/2025\\\/04\\\/14042025-IMG_5036-Kopie-scaled.jpg\",\"datePublished\":\"2025-04-26T20:27:16+00:00\",\"dateModified\":\"2026-01-19T18:54:40+00:00\",\"description\":\"%\",\"breadcrumb\":{\"@id\":\"https:\\\/\\\/www.sikati.de\\\/produkt\\\/sikati-wendebomberjacke-aus-batikstoff-in-tuerkis-braun\\\/#breadcrumb\"},\"inLanguage\":\"fr-FR\",\"potentialAction\":[{\"@type\":\"ReadAction\",\"target\":[\"https:\\\/\\\/www.sikati.de\\\/produkt\\\/sikati-wendebomberjacke-aus-batikstoff-in-tuerkis-braun\\\/\"]}]},{\"@type\":\"ImageObject\",\"inLanguage\":\"fr-FR\",\"@id\":\"https:\\\/\\\/www.sikati.de\\\/produkt\\\/sikati-wendebomberjacke-aus-batikstoff-in-tuerkis-braun\\\/#primaryimage\",\"url\":\"https:\\\/\\\/www.sikati.de\\\/wp-content\\\/uploads\\\/2025\\\/04\\\/14042025-IMG_5036-Kopie-scaled.jpg\",\"contentUrl\":\"https:\\\/\\\/www.sikati.de\\\/wp-content\\\/uploads\\\/2025\\\/04\\\/14042025-IMG_5036-Kopie-scaled.jpg\",\"width\":1707,\"height\":2560},{\"@type\":\"BreadcrumbList\",\"@id\":\"https:\\\/\\\/www.sikati.de\\\/produkt\\\/sikati-wendebomberjacke-aus-batikstoff-in-tuerkis-braun\\\/#breadcrumb\",\"itemListElement\":[{\"@type\":\"ListItem\",\"position\":1,\"name\":\"Startseite\",\"item\":\"https:\\\/\\\/www.sikati.de\\\/\"},{\"@type\":\"ListItem\",\"position\":2,\"name\":\"Produkte\",\"item\":\"https:\\\/\\\/www.sikati.de\\\/shop\\\/\"},{\"@type\":\"ListItem\",\"position\":3,\"name\":\"Sikat\u00ed Wendebomberjacke aus Batikstoff und traditionell handgewebtem Stoff\"}]},{\"@type\":\"WebSite\",\"@id\":\"https:\\\/\\\/www.sikati.de\\\/#website\",\"url\":\"https:\\\/\\\/www.sikati.de\\\/\",\"name\":\"Sikat\u00ed\",\"description\":\"Afro Contemporary Fashion &amp; Living\",\"publisher\":{\"@id\":\"https:\\\/\\\/www.sikati.de\\\/#organization\"},\"potentialAction\":[{\"@type\":\"SearchAction\",\"target\":{\"@type\":\"EntryPoint\",\"urlTemplate\":\"https:\\\/\\\/www.sikati.de\\\/?s={search_term_string}\"},\"query-input\":{\"@type\":\"PropertyValueSpecification\",\"valueRequired\":true,\"valueName\":\"search_term_string\"}}],\"inLanguage\":\"fr-FR\"},{\"@type\":\"Organization\",\"@id\":\"https:\\\/\\\/www.sikati.de\\\/#organization\",\"name\":\"Sikat\u00ed\",\"url\":\"https:\\\/\\\/www.sikati.de\\\/\",\"logo\":{\"@type\":\"ImageObject\",\"inLanguage\":\"fr-FR\",\"@id\":\"https:\\\/\\\/www.sikati.de\\\/#\\\/schema\\\/logo\\\/image\\\/\",\"url\":\"https:\\\/\\\/www.sikati.de\\\/wp-content\\\/uploads\\\/2019\\\/03\\\/cropped-cropped-sikati-logo.png\",\"contentUrl\":\"https:\\\/\\\/www.sikati.de\\\/wp-content\\\/uploads\\\/2019\\\/03\\\/cropped-cropped-sikati-logo.png\",\"width\":500,\"height\":201,\"caption\":\"Sikat\u00ed\"},\"image\":{\"@id\":\"https:\\\/\\\/www.sikati.de\\\/#\\\/schema\\\/logo\\\/image\\\/\"},\"sameAs\":[\"https:\\\/\\\/www.facebook.com\\\/Arts.Decoration.Style\",\"https:\\\/\\\/www.instagram.com\\\/sikati_arts\\\/\",\"https:\\\/\\\/www.tiktok.com\\\/@sikati_arts\"]}]}<\/script>\n<!-- \/ Yoast SEO plugin. -->","yoast_head_json":{"title":"Sikat\u00ed Wendebomberjacke aus Batikstoff und traditionell handgewebtem Stoff - Sikat\u00ed","description":"%","robots":{"index":"index","follow":"follow","max-snippet":"max-snippet:-1","max-image-preview":"max-image-preview:large","max-video-preview":"max-video-preview:-1"},"canonical":"https:\/\/www.sikati.de\/fr\/produit\/sikati-wendebomberjacke-aus-batikstoff-in-tuerkis-braun\/","og_locale":"fr_FR","og_type":"article","og_title":"Sikat\u00ed Wendebomberjacke aus Batikstoff und traditionell handgewebtem Stoff - Sikat\u00ed","og_description":"%","og_url":"https:\/\/www.sikati.de\/fr\/produit\/sikati-wendebomberjacke-aus-batikstoff-in-tuerkis-braun\/","og_site_name":"Sikat\u00ed","article_publisher":"https:\/\/www.facebook.com\/Arts.Decoration.Style","article_modified_time":"2026-01-19T18:54:40+00:00","og_image":[{"width":1707,"height":2560,"url":"https:\/\/www.sikati.de\/wp-content\/uploads\/2025\/04\/14042025-IMG_5036-Kopie-scaled.jpg","type":"image\/jpeg"}],"twitter_card":"summary_large_image","twitter_misc":{"Dur\u00e9e de lecture estim\u00e9e":"1 minute"},"schema":{"@context":"https:\/\/schema.org","@graph":[{"@type":"WebPage","@id":"https:\/\/www.sikati.de\/produkt\/sikati-wendebomberjacke-aus-batikstoff-in-tuerkis-braun\/","url":"https:\/\/www.sikati.de\/produkt\/sikati-wendebomberjacke-aus-batikstoff-in-tuerkis-braun\/","name":"Sikat\u00ed Wendebomberjacke aus Batikstoff und traditionell handgewebtem Stoff - Sikat\u00ed","isPartOf":{"@id":"https:\/\/www.sikati.de\/#website"},"primaryImageOfPage":{"@id":"https:\/\/www.sikati.de\/produkt\/sikati-wendebomberjacke-aus-batikstoff-in-tuerkis-braun\/#primaryimage"},"image":{"@id":"https:\/\/www.sikati.de\/produkt\/sikati-wendebomberjacke-aus-batikstoff-in-tuerkis-braun\/#primaryimage"},"thumbnailUrl":"https:\/\/www.sikati.de\/wp-content\/uploads\/2025\/04\/14042025-IMG_5036-Kopie-scaled.jpg","datePublished":"2025-04-26T20:27:16+00:00","dateModified":"2026-01-19T18:54:40+00:00","description":"%","breadcrumb":{"@id":"https:\/\/www.sikati.de\/produkt\/sikati-wendebomberjacke-aus-batikstoff-in-tuerkis-braun\/#breadcrumb"},"inLanguage":"fr-FR","potentialAction":[{"@type":"ReadAction","target":["https:\/\/www.sikati.de\/produkt\/sikati-wendebomberjacke-aus-batikstoff-in-tuerkis-braun\/"]}]},{"@type":"ImageObject","inLanguage":"fr-FR","@id":"https:\/\/www.sikati.de\/produkt\/sikati-wendebomberjacke-aus-batikstoff-in-tuerkis-braun\/#primaryimage","url":"https:\/\/www.sikati.de\/wp-content\/uploads\/2025\/04\/14042025-IMG_5036-Kopie-scaled.jpg","contentUrl":"https:\/\/www.sikati.de\/wp-content\/uploads\/2025\/04\/14042025-IMG_5036-Kopie-scaled.jpg","width":1707,"height":2560},{"@type":"BreadcrumbList","@id":"https:\/\/www.sikati.de\/produkt\/sikati-wendebomberjacke-aus-batikstoff-in-tuerkis-braun\/#breadcrumb","itemListElement":[{"@type":"ListItem","position":1,"name":"Startseite","item":"https:\/\/www.sikati.de\/"},{"@type":"ListItem","position":2,"name":"Produkte","item":"https:\/\/www.sikati.de\/shop\/"},{"@type":"ListItem","position":3,"name":"Sikat\u00ed Wendebomberjacke aus Batikstoff und traditionell handgewebtem Stoff"}]},{"@type":"WebSite","@id":"https:\/\/www.sikati.de\/#website","url":"https:\/\/www.sikati.de\/","name":"Sika\u00ed","description":"Afro Contemporary Fashion &amp; Living","publisher":{"@id":"https:\/\/www.sikati.de\/#organization"},"potentialAction":[{"@type":"SearchAction","target":{"@type":"EntryPoint","urlTemplate":"https:\/\/www.sikati.de\/?s={search_term_string}"},"query-input":{"@type":"PropertyValueSpecification","valueRequired":true,"valueName":"search_term_string"}}],"inLanguage":"fr-FR"},{"@type":"Organization","@id":"https:\/\/www.sikati.de\/#organization","name":"Sika\u00ed","url":"https:\/\/www.sikati.de\/","logo":{"@type":"ImageObject","inLanguage":"fr-FR","@id":"https:\/\/www.sikati.de\/#\/schema\/logo\/image\/","url":"https:\/\/www.sikati.de\/wp-content\/uploads\/2019\/03\/cropped-cropped-sikati-logo.png","contentUrl":"https:\/\/www.sikati.de\/wp-content\/uploads\/2019\/03\/cropped-cropped-sikati-logo.png","width":500,"height":201,"caption":"Sikat\u00ed"},"image":{"@id":"https:\/\/www.sikati.de\/#\/schema\/logo\/image\/"},"sameAs":["https:\/\/www.facebook.com\/Arts.Decoration.Style","https:\/\/www.instagram.com\/sikati_arts\/","https:\/\/www.tiktok.com\/@sikati_arts"]}]}},"_links":{"self":[{"href":"https:\/\/www.sikati.de\/fr\/wp-json\/wp\/v2\/product\/11885","targetHints":{"allow":["GET"]}}],"collection":[{"href":"https:\/\/www.sikati.de\/fr\/wp-json\/wp\/v2\/product"}],"about":[{"href":"https:\/\/www.sikati.de\/fr\/wp-json\/wp\/v2\/types\/product"}],"wp:featuredmedia":[{"embeddable":true,"href":"https:\/\/www.sikati.de\/fr\/wp-json\/wp\/v2\/media\/11886"}],"wp:attachment":[{"href":"https:\/\/www.sikati.de\/fr\/wp-json\/wp\/v2\/media?parent=11885"}],"wp:term":[{"taxonomy":"product_brand","embeddable":true,"href":"https:\/\/www.sikati.de\/fr\/wp-json\/wp\/v2\/product_brand?post=11885"},{"taxonomy":"product_cat","embeddable":true,"href":"https:\/\/www.sikati.de\/fr\/wp-json\/wp\/v2\/product_cat?post=11885"},{"taxonomy":"product_tag","embeddable":true,"href":"https:\/\/www.sikati.de\/fr\/wp-json\/wp\/v2\/product_tag?post=11885"}],"curies":[{"name":"wp","href":"https:\/\/api.w.org\/{rel}","templated":true}]}}