{"id":11904,"date":"2025-04-26T22:54:27","date_gmt":"2025-04-26T20:54:27","guid":{"rendered":"https:\/\/www.sikati.de\/?post_type=product&#038;p=11904"},"modified":"2026-01-19T20:01:59","modified_gmt":"2026-01-19T19:01:59","slug":"wendbare-bomberjacke-aus-batikstoff-und-traditionell-handgewebtem-stoff","status":"publish","type":"product","link":"https:\/\/www.sikati.de\/fr\/produit\/wendbare-bomberjacke-aus-batikstoff-und-traditionell-handgewebtem-stoff\/","title":{"rendered":"Blouson aviateur r\u00e9versible confectionn\u00e9 en tissu batik et en tissu traditionnel tiss\u00e9 \u00e0 la main"},"content":{"rendered":"<p>Ce blouson bomber unique allie style urbain moderne et savoir-faire traditionnel. Un c\u00f4t\u00e9 arbore un tissu tie-dye turquoise et marron \u00e9clatant, tandis que l&#039;autre est confectionn\u00e9 dans une mati\u00e8re unie classique, tiss\u00e9e \u00e0 la main selon des techniques traditionnelles. R\u00e9versible, il offre deux styles en un. Sa coupe sportive, ses mat\u00e9riaux de haute qualit\u00e9 et le logo \u201e\u00a0Sikati\u00a0\u201c discret au dos en font une pi\u00e8ce qui ne passe pas inaper\u00e7ue \u2013 id\u00e9ale pour des tenues urbaines empreintes d&#039;authenticit\u00e9.<\/p>\n<p><strong data-start=\"674\" data-end=\"692\">Conseils d&#039;entretien\u00a0:<\/strong> Lavage en machine \u00e0 30\u00b0C.<\/p>\n<p>&nbsp;<\/p>","protected":false},"excerpt":{"rendered":"<p>Blouson aviateur r\u00e9versible en batik et tissu tiss\u00e9 \u00e0 la main, design moderne avec une touche traditionnelle.<\/p>\n<p>Pas de facture de TVA, en tant que petite entreprise selon l&#039;article 19 (1) de la loi allemande sur la TVA (UStG).<\/p>","protected":false},"featured_media":11926,"template":"","meta":{"_acf_changed":false},"product_brand":[],"product_cat":[1457,163,1449],"product_tag":[1025,1724,1519,1725,1531,1718,1726,1727,1481,1714],"class_list":{"0":"post-11904","1":"product","2":"type-product","3":"status-publish","4":"has-post-thumbnail","6":"product_cat-bomberjacken-unisex-sikati-style","7":"product_cat-sikati-designs","8":"product_cat-unisex","9":"product_tag-afro-chic","10":"product_tag-batikjacke","11":"product_tag-bomberjacke","12":"product_tag-handgewebter-stoff","13":"product_tag-sikati","14":"product_tag-streetstyle","15":"product_tag-tradition-trifft-moderne","16":"product_tag-unisex-mode","17":"product_tag-urban-fashion","18":"product_tag-wendeblouson","20":"first","21":"instock","22":"sale","23":"shipping-taxable","24":"purchasable","25":"product-type-variable"},"acf":[],"yoast_head":"<!-- This site is optimized with the Yoast SEO plugin v27.4 - https:\/\/yoast.com\/product\/yoast-seo-wordpress\/ -->\n<title>Wendbare Bomberjacke aus Batikstoff und traditionell handgewebtem Stoff - Sikat\u00ed<\/title>\n<meta name=\"description\" content=\"%\" \/>\n<meta name=\"robots\" content=\"index, follow, max-snippet:-1, max-image-preview:large, max-video-preview:-1\" \/>\n<link rel=\"canonical\" href=\"https:\/\/www.sikati.de\/fr\/produit\/wendbare-bomberjacke-aus-batikstoff-und-traditionell-handgewebtem-stoff\/\" \/>\n<meta property=\"og:locale\" content=\"fr_FR\" \/>\n<meta property=\"og:type\" content=\"article\" \/>\n<meta property=\"og:title\" content=\"Wendbare Bomberjacke aus Batikstoff und traditionell handgewebtem Stoff - Sikat\u00ed\" \/>\n<meta property=\"og:description\" content=\"%\" \/>\n<meta property=\"og:url\" content=\"https:\/\/www.sikati.de\/fr\/produit\/wendbare-bomberjacke-aus-batikstoff-und-traditionell-handgewebtem-stoff\/\" \/>\n<meta property=\"og:site_name\" content=\"Sikat\u00ed\" \/>\n<meta property=\"article:publisher\" content=\"https:\/\/www.facebook.com\/Arts.Decoration.Style\" \/>\n<meta property=\"article:modified_time\" content=\"2026-01-19T19:01:59+00:00\" \/>\n<meta property=\"og:image\" content=\"https:\/\/www.sikati.de\/wp-content\/uploads\/2025\/04\/14042025-IMG_5099-scaled.jpg\" \/>\n\t<meta property=\"og:image:width\" content=\"1707\" \/>\n\t<meta property=\"og:image:height\" content=\"2560\" \/>\n\t<meta property=\"og:image:type\" content=\"image\/jpeg\" \/>\n<meta name=\"twitter:card\" content=\"summary_large_image\" \/>\n<meta name=\"twitter:label1\" content=\"Dur\u00e9e de lecture estim\u00e9e\" \/>\n\t<meta name=\"twitter:data1\" content=\"1 minute\" \/>\n<script type=\"application\/ld+json\" class=\"yoast-schema-graph\">{\"@context\":\"https:\\\/\\\/schema.org\",\"@graph\":[{\"@type\":\"WebPage\",\"@id\":\"https:\\\/\\\/www.sikati.de\\\/produkt\\\/wendbare-bomberjacke-aus-batikstoff-und-traditionell-handgewebtem-stoff\\\/\",\"url\":\"https:\\\/\\\/www.sikati.de\\\/produkt\\\/wendbare-bomberjacke-aus-batikstoff-und-traditionell-handgewebtem-stoff\\\/\",\"name\":\"Wendbare Bomberjacke aus Batikstoff und traditionell handgewebtem Stoff - Sikat\u00ed\",\"isPartOf\":{\"@id\":\"https:\\\/\\\/www.sikati.de\\\/#website\"},\"primaryImageOfPage\":{\"@id\":\"https:\\\/\\\/www.sikati.de\\\/produkt\\\/wendbare-bomberjacke-aus-batikstoff-und-traditionell-handgewebtem-stoff\\\/#primaryimage\"},\"image\":{\"@id\":\"https:\\\/\\\/www.sikati.de\\\/produkt\\\/wendbare-bomberjacke-aus-batikstoff-und-traditionell-handgewebtem-stoff\\\/#primaryimage\"},\"thumbnailUrl\":\"https:\\\/\\\/www.sikati.de\\\/wp-content\\\/uploads\\\/2025\\\/04\\\/14042025-IMG_5099-scaled.jpg\",\"datePublished\":\"2025-04-26T20:54:27+00:00\",\"dateModified\":\"2026-01-19T19:01:59+00:00\",\"description\":\"%\",\"breadcrumb\":{\"@id\":\"https:\\\/\\\/www.sikati.de\\\/produkt\\\/wendbare-bomberjacke-aus-batikstoff-und-traditionell-handgewebtem-stoff\\\/#breadcrumb\"},\"inLanguage\":\"fr-FR\",\"potentialAction\":[{\"@type\":\"ReadAction\",\"target\":[\"https:\\\/\\\/www.sikati.de\\\/produkt\\\/wendbare-bomberjacke-aus-batikstoff-und-traditionell-handgewebtem-stoff\\\/\"]}]},{\"@type\":\"ImageObject\",\"inLanguage\":\"fr-FR\",\"@id\":\"https:\\\/\\\/www.sikati.de\\\/produkt\\\/wendbare-bomberjacke-aus-batikstoff-und-traditionell-handgewebtem-stoff\\\/#primaryimage\",\"url\":\"https:\\\/\\\/www.sikati.de\\\/wp-content\\\/uploads\\\/2025\\\/04\\\/14042025-IMG_5099-scaled.jpg\",\"contentUrl\":\"https:\\\/\\\/www.sikati.de\\\/wp-content\\\/uploads\\\/2025\\\/04\\\/14042025-IMG_5099-scaled.jpg\",\"width\":1707,\"height\":2560},{\"@type\":\"BreadcrumbList\",\"@id\":\"https:\\\/\\\/www.sikati.de\\\/produkt\\\/wendbare-bomberjacke-aus-batikstoff-und-traditionell-handgewebtem-stoff\\\/#breadcrumb\",\"itemListElement\":[{\"@type\":\"ListItem\",\"position\":1,\"name\":\"Startseite\",\"item\":\"https:\\\/\\\/www.sikati.de\\\/\"},{\"@type\":\"ListItem\",\"position\":2,\"name\":\"Produkte\",\"item\":\"https:\\\/\\\/www.sikati.de\\\/shop\\\/\"},{\"@type\":\"ListItem\",\"position\":3,\"name\":\"Wendbare Bomberjacke aus Batikstoff und traditionell handgewebtem Stoff\"}]},{\"@type\":\"WebSite\",\"@id\":\"https:\\\/\\\/www.sikati.de\\\/#website\",\"url\":\"https:\\\/\\\/www.sikati.de\\\/\",\"name\":\"Sikat\u00ed\",\"description\":\"Afro Contemporary Fashion &amp; Living\",\"publisher\":{\"@id\":\"https:\\\/\\\/www.sikati.de\\\/#organization\"},\"potentialAction\":[{\"@type\":\"SearchAction\",\"target\":{\"@type\":\"EntryPoint\",\"urlTemplate\":\"https:\\\/\\\/www.sikati.de\\\/?s={search_term_string}\"},\"query-input\":{\"@type\":\"PropertyValueSpecification\",\"valueRequired\":true,\"valueName\":\"search_term_string\"}}],\"inLanguage\":\"fr-FR\"},{\"@type\":\"Organization\",\"@id\":\"https:\\\/\\\/www.sikati.de\\\/#organization\",\"name\":\"Sikat\u00ed\",\"url\":\"https:\\\/\\\/www.sikati.de\\\/\",\"logo\":{\"@type\":\"ImageObject\",\"inLanguage\":\"fr-FR\",\"@id\":\"https:\\\/\\\/www.sikati.de\\\/#\\\/schema\\\/logo\\\/image\\\/\",\"url\":\"https:\\\/\\\/www.sikati.de\\\/wp-content\\\/uploads\\\/2019\\\/03\\\/cropped-cropped-sikati-logo.png\",\"contentUrl\":\"https:\\\/\\\/www.sikati.de\\\/wp-content\\\/uploads\\\/2019\\\/03\\\/cropped-cropped-sikati-logo.png\",\"width\":500,\"height\":201,\"caption\":\"Sikat\u00ed\"},\"image\":{\"@id\":\"https:\\\/\\\/www.sikati.de\\\/#\\\/schema\\\/logo\\\/image\\\/\"},\"sameAs\":[\"https:\\\/\\\/www.facebook.com\\\/Arts.Decoration.Style\",\"https:\\\/\\\/www.instagram.com\\\/sikati_arts\\\/\",\"https:\\\/\\\/www.tiktok.com\\\/@sikati_arts\"]}]}<\/script>\n<!-- \/ Yoast SEO plugin. -->","yoast_head_json":{"title":"Wendbare Bomberjacke aus Batikstoff und traditionell handgewebtem Stoff - Sikat\u00ed","description":"%","robots":{"index":"index","follow":"follow","max-snippet":"max-snippet:-1","max-image-preview":"max-image-preview:large","max-video-preview":"max-video-preview:-1"},"canonical":"https:\/\/www.sikati.de\/fr\/produit\/wendbare-bomberjacke-aus-batikstoff-und-traditionell-handgewebtem-stoff\/","og_locale":"fr_FR","og_type":"article","og_title":"Wendbare Bomberjacke aus Batikstoff und traditionell handgewebtem Stoff - Sikat\u00ed","og_description":"%","og_url":"https:\/\/www.sikati.de\/fr\/produit\/wendbare-bomberjacke-aus-batikstoff-und-traditionell-handgewebtem-stoff\/","og_site_name":"Sikat\u00ed","article_publisher":"https:\/\/www.facebook.com\/Arts.Decoration.Style","article_modified_time":"2026-01-19T19:01:59+00:00","og_image":[{"width":1707,"height":2560,"url":"https:\/\/www.sikati.de\/wp-content\/uploads\/2025\/04\/14042025-IMG_5099-scaled.jpg","type":"image\/jpeg"}],"twitter_card":"summary_large_image","twitter_misc":{"Dur\u00e9e de lecture estim\u00e9e":"1 minute"},"schema":{"@context":"https:\/\/schema.org","@graph":[{"@type":"WebPage","@id":"https:\/\/www.sikati.de\/produkt\/wendbare-bomberjacke-aus-batikstoff-und-traditionell-handgewebtem-stoff\/","url":"https:\/\/www.sikati.de\/produkt\/wendbare-bomberjacke-aus-batikstoff-und-traditionell-handgewebtem-stoff\/","name":"Wendbare Bomberjacke aus Batikstoff und traditionell handgewebtem Stoff - Sikat\u00ed","isPartOf":{"@id":"https:\/\/www.sikati.de\/#website"},"primaryImageOfPage":{"@id":"https:\/\/www.sikati.de\/produkt\/wendbare-bomberjacke-aus-batikstoff-und-traditionell-handgewebtem-stoff\/#primaryimage"},"image":{"@id":"https:\/\/www.sikati.de\/produkt\/wendbare-bomberjacke-aus-batikstoff-und-traditionell-handgewebtem-stoff\/#primaryimage"},"thumbnailUrl":"https:\/\/www.sikati.de\/wp-content\/uploads\/2025\/04\/14042025-IMG_5099-scaled.jpg","datePublished":"2025-04-26T20:54:27+00:00","dateModified":"2026-01-19T19:01:59+00:00","description":"%","breadcrumb":{"@id":"https:\/\/www.sikati.de\/produkt\/wendbare-bomberjacke-aus-batikstoff-und-traditionell-handgewebtem-stoff\/#breadcrumb"},"inLanguage":"fr-FR","potentialAction":[{"@type":"ReadAction","target":["https:\/\/www.sikati.de\/produkt\/wendbare-bomberjacke-aus-batikstoff-und-traditionell-handgewebtem-stoff\/"]}]},{"@type":"ImageObject","inLanguage":"fr-FR","@id":"https:\/\/www.sikati.de\/produkt\/wendbare-bomberjacke-aus-batikstoff-und-traditionell-handgewebtem-stoff\/#primaryimage","url":"https:\/\/www.sikati.de\/wp-content\/uploads\/2025\/04\/14042025-IMG_5099-scaled.jpg","contentUrl":"https:\/\/www.sikati.de\/wp-content\/uploads\/2025\/04\/14042025-IMG_5099-scaled.jpg","width":1707,"height":2560},{"@type":"BreadcrumbList","@id":"https:\/\/www.sikati.de\/produkt\/wendbare-bomberjacke-aus-batikstoff-und-traditionell-handgewebtem-stoff\/#breadcrumb","itemListElement":[{"@type":"ListItem","position":1,"name":"Startseite","item":"https:\/\/www.sikati.de\/"},{"@type":"ListItem","position":2,"name":"Produkte","item":"https:\/\/www.sikati.de\/shop\/"},{"@type":"ListItem","position":3,"name":"Wendbare Bomberjacke aus Batikstoff und traditionell handgewebtem Stoff"}]},{"@type":"WebSite","@id":"https:\/\/www.sikati.de\/#website","url":"https:\/\/www.sikati.de\/","name":"Sika\u00ed","description":"Afro Contemporary Fashion &amp; Living","publisher":{"@id":"https:\/\/www.sikati.de\/#organization"},"potentialAction":[{"@type":"SearchAction","target":{"@type":"EntryPoint","urlTemplate":"https:\/\/www.sikati.de\/?s={search_term_string}"},"query-input":{"@type":"PropertyValueSpecification","valueRequired":true,"valueName":"search_term_string"}}],"inLanguage":"fr-FR"},{"@type":"Organization","@id":"https:\/\/www.sikati.de\/#organization","name":"Sika\u00ed","url":"https:\/\/www.sikati.de\/","logo":{"@type":"ImageObject","inLanguage":"fr-FR","@id":"https:\/\/www.sikati.de\/#\/schema\/logo\/image\/","url":"https:\/\/www.sikati.de\/wp-content\/uploads\/2019\/03\/cropped-cropped-sikati-logo.png","contentUrl":"https:\/\/www.sikati.de\/wp-content\/uploads\/2019\/03\/cropped-cropped-sikati-logo.png","width":500,"height":201,"caption":"Sikat\u00ed"},"image":{"@id":"https:\/\/www.sikati.de\/#\/schema\/logo\/image\/"},"sameAs":["https:\/\/www.facebook.com\/Arts.Decoration.Style","https:\/\/www.instagram.com\/sikati_arts\/","https:\/\/www.tiktok.com\/@sikati_arts"]}]}},"_links":{"self":[{"href":"https:\/\/www.sikati.de\/fr\/wp-json\/wp\/v2\/product\/11904","targetHints":{"allow":["GET"]}}],"collection":[{"href":"https:\/\/www.sikati.de\/fr\/wp-json\/wp\/v2\/product"}],"about":[{"href":"https:\/\/www.sikati.de\/fr\/wp-json\/wp\/v2\/types\/product"}],"wp:featuredmedia":[{"embeddable":true,"href":"https:\/\/www.sikati.de\/fr\/wp-json\/wp\/v2\/media\/11926"}],"wp:attachment":[{"href":"https:\/\/www.sikati.de\/fr\/wp-json\/wp\/v2\/media?parent=11904"}],"wp:term":[{"taxonomy":"product_brand","embeddable":true,"href":"https:\/\/www.sikati.de\/fr\/wp-json\/wp\/v2\/product_brand?post=11904"},{"taxonomy":"product_cat","embeddable":true,"href":"https:\/\/www.sikati.de\/fr\/wp-json\/wp\/v2\/product_cat?post=11904"},{"taxonomy":"product_tag","embeddable":true,"href":"https:\/\/www.sikati.de\/fr\/wp-json\/wp\/v2\/product_tag?post=11904"}],"curies":[{"name":"wp","href":"https:\/\/api.w.org\/{rel}","templated":true}]}}