{"id":11937,"date":"2025-04-26T23:33:38","date_gmt":"2025-04-26T21:33:38","guid":{"rendered":"https:\/\/www.sikati.de\/?post_type=product&#038;p=11937"},"modified":"2026-01-19T20:07:52","modified_gmt":"2026-01-19T19:07:52","slug":"wendbare-bomberjacke-aus-batikstoff-schwarz-dunkles-pink","status":"publish","type":"product","link":"https:\/\/www.sikati.de\/fr\/produit\/wendbare-bomberjacke-aus-batikstoff-schwarz-dunkles-pink\/","title":{"rendered":"Blouson bomber r\u00e9versible en batik \u2013 noir et rose fonc\u00e9"},"content":{"rendered":"<p>Ce blouson bomber \u00e9l\u00e9gant allie design moderne et savoir-faire traditionnel. Un c\u00f4t\u00e9 pr\u00e9sente un noir classique avec des manches en batik et un tissu tiss\u00e9 traditionnel rose fonc\u00e9. L&#039;autre c\u00f4t\u00e9 arbore un motif batik vibrant dans la m\u00eame teinte. Gr\u00e2ce \u00e0 sa conception r\u00e9versible et \u00e0 ses mat\u00e9riaux de haute qualit\u00e9, ce blouson est polyvalent et id\u00e9al pour des looks urbains et cr\u00e9atifs.<br data-start=\"710\" data-end=\"713\" \/><strong data-start=\"713\" data-end=\"731\">Conseils d&#039;entretien\u00a0:<\/strong> Lavage en machine \u00e0 30\u00b0C.<\/p>","protected":false},"excerpt":{"rendered":"<p>Blouson bomber r\u00e9versible en tissu batik noir et rose fonc\u00e9 \u2013 deux styles en une seule veste.<\/p>\n<p>Pas de facture de TVA, en tant que petite entreprise selon l&#039;article 19 (1) de la loi allemande sur la TVA (UStG).<\/p>","protected":false},"featured_media":11931,"template":"","meta":{"_acf_changed":false},"product_brand":[],"product_cat":[1457,163,1449],"product_tag":[1646,1716,1519,1719,1729,1730,1728,1531,1718,1720,1714],"class_list":{"0":"post-11937","1":"product","2":"type-product","3":"status-publish","4":"has-post-thumbnail","6":"product_cat-bomberjacken-unisex-sikati-style","7":"product_cat-sikati-designs","8":"product_cat-unisex","9":"product_tag-afrikanische-mode","10":"product_tag-batikstoff","11":"product_tag-bomberjacke","12":"product_tag-damenjacke","13":"product_tag-dunkles-pink","14":"product_tag-pagne-tisse","15":"product_tag-schwarze-jacke","16":"product_tag-sikati","17":"product_tag-streetstyle","18":"product_tag-uebergangsjacke","19":"product_tag-wendeblouson","21":"first","22":"instock","23":"sale","24":"shipping-taxable","25":"purchasable","26":"product-type-variable"},"acf":[],"yoast_head":"<!-- This site is optimized with the Yoast SEO plugin v27.4 - https:\/\/yoast.com\/product\/yoast-seo-wordpress\/ -->\n<title>Wendbare Bomberjacke aus Batikstoff \u2013 Schwarz &amp; dunkles Pink - Sikat\u00ed<\/title>\n<meta name=\"description\" content=\"%\" \/>\n<meta name=\"robots\" content=\"index, follow, max-snippet:-1, max-image-preview:large, max-video-preview:-1\" \/>\n<link rel=\"canonical\" href=\"https:\/\/www.sikati.de\/fr\/produit\/wendbare-bomberjacke-aus-batikstoff-schwarz-dunkles-pink\/\" \/>\n<meta property=\"og:locale\" content=\"fr_FR\" \/>\n<meta property=\"og:type\" content=\"article\" \/>\n<meta property=\"og:title\" content=\"Wendbare Bomberjacke aus Batikstoff \u2013 Schwarz &amp; dunkles Pink - Sikat\u00ed\" \/>\n<meta property=\"og:description\" content=\"%\" \/>\n<meta property=\"og:url\" content=\"https:\/\/www.sikati.de\/fr\/produit\/wendbare-bomberjacke-aus-batikstoff-schwarz-dunkles-pink\/\" \/>\n<meta property=\"og:site_name\" content=\"Sikat\u00ed\" \/>\n<meta property=\"article:publisher\" content=\"https:\/\/www.facebook.com\/Arts.Decoration.Style\" \/>\n<meta property=\"article:modified_time\" content=\"2026-01-19T19:07:52+00:00\" \/>\n<meta property=\"og:image\" content=\"https:\/\/www.sikati.de\/wp-content\/uploads\/2025\/04\/14042025-IMG_5015-scaled.jpg\" \/>\n\t<meta property=\"og:image:width\" content=\"1707\" \/>\n\t<meta property=\"og:image:height\" content=\"2560\" \/>\n\t<meta property=\"og:image:type\" content=\"image\/jpeg\" \/>\n<meta name=\"twitter:card\" content=\"summary_large_image\" \/>\n<meta name=\"twitter:label1\" content=\"Dur\u00e9e de lecture estim\u00e9e\" \/>\n\t<meta name=\"twitter:data1\" content=\"1 minute\" \/>\n<script type=\"application\/ld+json\" class=\"yoast-schema-graph\">{\"@context\":\"https:\\\/\\\/schema.org\",\"@graph\":[{\"@type\":\"WebPage\",\"@id\":\"https:\\\/\\\/www.sikati.de\\\/produkt\\\/wendbare-bomberjacke-aus-batikstoff-schwarz-dunkles-pink\\\/\",\"url\":\"https:\\\/\\\/www.sikati.de\\\/produkt\\\/wendbare-bomberjacke-aus-batikstoff-schwarz-dunkles-pink\\\/\",\"name\":\"Wendbare Bomberjacke aus Batikstoff \u2013 Schwarz & dunkles Pink - Sikat\u00ed\",\"isPartOf\":{\"@id\":\"https:\\\/\\\/www.sikati.de\\\/#website\"},\"primaryImageOfPage\":{\"@id\":\"https:\\\/\\\/www.sikati.de\\\/produkt\\\/wendbare-bomberjacke-aus-batikstoff-schwarz-dunkles-pink\\\/#primaryimage\"},\"image\":{\"@id\":\"https:\\\/\\\/www.sikati.de\\\/produkt\\\/wendbare-bomberjacke-aus-batikstoff-schwarz-dunkles-pink\\\/#primaryimage\"},\"thumbnailUrl\":\"https:\\\/\\\/www.sikati.de\\\/wp-content\\\/uploads\\\/2025\\\/04\\\/14042025-IMG_5015-scaled.jpg\",\"datePublished\":\"2025-04-26T21:33:38+00:00\",\"dateModified\":\"2026-01-19T19:07:52+00:00\",\"description\":\"%\",\"breadcrumb\":{\"@id\":\"https:\\\/\\\/www.sikati.de\\\/produkt\\\/wendbare-bomberjacke-aus-batikstoff-schwarz-dunkles-pink\\\/#breadcrumb\"},\"inLanguage\":\"fr-FR\",\"potentialAction\":[{\"@type\":\"ReadAction\",\"target\":[\"https:\\\/\\\/www.sikati.de\\\/produkt\\\/wendbare-bomberjacke-aus-batikstoff-schwarz-dunkles-pink\\\/\"]}]},{\"@type\":\"ImageObject\",\"inLanguage\":\"fr-FR\",\"@id\":\"https:\\\/\\\/www.sikati.de\\\/produkt\\\/wendbare-bomberjacke-aus-batikstoff-schwarz-dunkles-pink\\\/#primaryimage\",\"url\":\"https:\\\/\\\/www.sikati.de\\\/wp-content\\\/uploads\\\/2025\\\/04\\\/14042025-IMG_5015-scaled.jpg\",\"contentUrl\":\"https:\\\/\\\/www.sikati.de\\\/wp-content\\\/uploads\\\/2025\\\/04\\\/14042025-IMG_5015-scaled.jpg\",\"width\":1707,\"height\":2560},{\"@type\":\"BreadcrumbList\",\"@id\":\"https:\\\/\\\/www.sikati.de\\\/produkt\\\/wendbare-bomberjacke-aus-batikstoff-schwarz-dunkles-pink\\\/#breadcrumb\",\"itemListElement\":[{\"@type\":\"ListItem\",\"position\":1,\"name\":\"Startseite\",\"item\":\"https:\\\/\\\/www.sikati.de\\\/\"},{\"@type\":\"ListItem\",\"position\":2,\"name\":\"Produkte\",\"item\":\"https:\\\/\\\/www.sikati.de\\\/shop\\\/\"},{\"@type\":\"ListItem\",\"position\":3,\"name\":\"Wendbare Bomberjacke aus Batikstoff \u2013 Schwarz &#038; dunkles Pink\"}]},{\"@type\":\"WebSite\",\"@id\":\"https:\\\/\\\/www.sikati.de\\\/#website\",\"url\":\"https:\\\/\\\/www.sikati.de\\\/\",\"name\":\"Sikat\u00ed\",\"description\":\"Afro Contemporary Fashion &amp; Living\",\"publisher\":{\"@id\":\"https:\\\/\\\/www.sikati.de\\\/#organization\"},\"potentialAction\":[{\"@type\":\"SearchAction\",\"target\":{\"@type\":\"EntryPoint\",\"urlTemplate\":\"https:\\\/\\\/www.sikati.de\\\/?s={search_term_string}\"},\"query-input\":{\"@type\":\"PropertyValueSpecification\",\"valueRequired\":true,\"valueName\":\"search_term_string\"}}],\"inLanguage\":\"fr-FR\"},{\"@type\":\"Organization\",\"@id\":\"https:\\\/\\\/www.sikati.de\\\/#organization\",\"name\":\"Sikat\u00ed\",\"url\":\"https:\\\/\\\/www.sikati.de\\\/\",\"logo\":{\"@type\":\"ImageObject\",\"inLanguage\":\"fr-FR\",\"@id\":\"https:\\\/\\\/www.sikati.de\\\/#\\\/schema\\\/logo\\\/image\\\/\",\"url\":\"https:\\\/\\\/www.sikati.de\\\/wp-content\\\/uploads\\\/2019\\\/03\\\/cropped-cropped-sikati-logo.png\",\"contentUrl\":\"https:\\\/\\\/www.sikati.de\\\/wp-content\\\/uploads\\\/2019\\\/03\\\/cropped-cropped-sikati-logo.png\",\"width\":500,\"height\":201,\"caption\":\"Sikat\u00ed\"},\"image\":{\"@id\":\"https:\\\/\\\/www.sikati.de\\\/#\\\/schema\\\/logo\\\/image\\\/\"},\"sameAs\":[\"https:\\\/\\\/www.facebook.com\\\/Arts.Decoration.Style\",\"https:\\\/\\\/www.instagram.com\\\/sikati_arts\\\/\",\"https:\\\/\\\/www.tiktok.com\\\/@sikati_arts\"]}]}<\/script>\n<!-- \/ Yoast SEO plugin. -->","yoast_head_json":{"title":"Wendbare Bomberjacke aus Batikstoff \u2013 Schwarz & dunkles Pink - Sikat\u00ed","description":"%","robots":{"index":"index","follow":"follow","max-snippet":"max-snippet:-1","max-image-preview":"max-image-preview:large","max-video-preview":"max-video-preview:-1"},"canonical":"https:\/\/www.sikati.de\/fr\/produit\/wendbare-bomberjacke-aus-batikstoff-schwarz-dunkles-pink\/","og_locale":"fr_FR","og_type":"article","og_title":"Wendbare Bomberjacke aus Batikstoff \u2013 Schwarz & dunkles Pink - Sikat\u00ed","og_description":"%","og_url":"https:\/\/www.sikati.de\/fr\/produit\/wendbare-bomberjacke-aus-batikstoff-schwarz-dunkles-pink\/","og_site_name":"Sikat\u00ed","article_publisher":"https:\/\/www.facebook.com\/Arts.Decoration.Style","article_modified_time":"2026-01-19T19:07:52+00:00","og_image":[{"width":1707,"height":2560,"url":"https:\/\/www.sikati.de\/wp-content\/uploads\/2025\/04\/14042025-IMG_5015-scaled.jpg","type":"image\/jpeg"}],"twitter_card":"summary_large_image","twitter_misc":{"Dur\u00e9e de lecture estim\u00e9e":"1 minute"},"schema":{"@context":"https:\/\/schema.org","@graph":[{"@type":"WebPage","@id":"https:\/\/www.sikati.de\/produkt\/wendbare-bomberjacke-aus-batikstoff-schwarz-dunkles-pink\/","url":"https:\/\/www.sikati.de\/produkt\/wendbare-bomberjacke-aus-batikstoff-schwarz-dunkles-pink\/","name":"Wendbare Bomberjacke aus Batikstoff \u2013 Schwarz & dunkles Pink - Sikat\u00ed","isPartOf":{"@id":"https:\/\/www.sikati.de\/#website"},"primaryImageOfPage":{"@id":"https:\/\/www.sikati.de\/produkt\/wendbare-bomberjacke-aus-batikstoff-schwarz-dunkles-pink\/#primaryimage"},"image":{"@id":"https:\/\/www.sikati.de\/produkt\/wendbare-bomberjacke-aus-batikstoff-schwarz-dunkles-pink\/#primaryimage"},"thumbnailUrl":"https:\/\/www.sikati.de\/wp-content\/uploads\/2025\/04\/14042025-IMG_5015-scaled.jpg","datePublished":"2025-04-26T21:33:38+00:00","dateModified":"2026-01-19T19:07:52+00:00","description":"%","breadcrumb":{"@id":"https:\/\/www.sikati.de\/produkt\/wendbare-bomberjacke-aus-batikstoff-schwarz-dunkles-pink\/#breadcrumb"},"inLanguage":"fr-FR","potentialAction":[{"@type":"ReadAction","target":["https:\/\/www.sikati.de\/produkt\/wendbare-bomberjacke-aus-batikstoff-schwarz-dunkles-pink\/"]}]},{"@type":"ImageObject","inLanguage":"fr-FR","@id":"https:\/\/www.sikati.de\/produkt\/wendbare-bomberjacke-aus-batikstoff-schwarz-dunkles-pink\/#primaryimage","url":"https:\/\/www.sikati.de\/wp-content\/uploads\/2025\/04\/14042025-IMG_5015-scaled.jpg","contentUrl":"https:\/\/www.sikati.de\/wp-content\/uploads\/2025\/04\/14042025-IMG_5015-scaled.jpg","width":1707,"height":2560},{"@type":"BreadcrumbList","@id":"https:\/\/www.sikati.de\/produkt\/wendbare-bomberjacke-aus-batikstoff-schwarz-dunkles-pink\/#breadcrumb","itemListElement":[{"@type":"ListItem","position":1,"name":"Startseite","item":"https:\/\/www.sikati.de\/"},{"@type":"ListItem","position":2,"name":"Produkte","item":"https:\/\/www.sikati.de\/shop\/"},{"@type":"ListItem","position":3,"name":"Wendbare Bomberjacke aus Batikstoff \u2013 Schwarz &#038; dunkles Pink"}]},{"@type":"WebSite","@id":"https:\/\/www.sikati.de\/#website","url":"https:\/\/www.sikati.de\/","name":"Sika\u00ed","description":"Afro Contemporary Fashion &amp; Living","publisher":{"@id":"https:\/\/www.sikati.de\/#organization"},"potentialAction":[{"@type":"SearchAction","target":{"@type":"EntryPoint","urlTemplate":"https:\/\/www.sikati.de\/?s={search_term_string}"},"query-input":{"@type":"PropertyValueSpecification","valueRequired":true,"valueName":"search_term_string"}}],"inLanguage":"fr-FR"},{"@type":"Organization","@id":"https:\/\/www.sikati.de\/#organization","name":"Sika\u00ed","url":"https:\/\/www.sikati.de\/","logo":{"@type":"ImageObject","inLanguage":"fr-FR","@id":"https:\/\/www.sikati.de\/#\/schema\/logo\/image\/","url":"https:\/\/www.sikati.de\/wp-content\/uploads\/2019\/03\/cropped-cropped-sikati-logo.png","contentUrl":"https:\/\/www.sikati.de\/wp-content\/uploads\/2019\/03\/cropped-cropped-sikati-logo.png","width":500,"height":201,"caption":"Sikat\u00ed"},"image":{"@id":"https:\/\/www.sikati.de\/#\/schema\/logo\/image\/"},"sameAs":["https:\/\/www.facebook.com\/Arts.Decoration.Style","https:\/\/www.instagram.com\/sikati_arts\/","https:\/\/www.tiktok.com\/@sikati_arts"]}]}},"_links":{"self":[{"href":"https:\/\/www.sikati.de\/fr\/wp-json\/wp\/v2\/product\/11937","targetHints":{"allow":["GET"]}}],"collection":[{"href":"https:\/\/www.sikati.de\/fr\/wp-json\/wp\/v2\/product"}],"about":[{"href":"https:\/\/www.sikati.de\/fr\/wp-json\/wp\/v2\/types\/product"}],"wp:featuredmedia":[{"embeddable":true,"href":"https:\/\/www.sikati.de\/fr\/wp-json\/wp\/v2\/media\/11931"}],"wp:attachment":[{"href":"https:\/\/www.sikati.de\/fr\/wp-json\/wp\/v2\/media?parent=11937"}],"wp:term":[{"taxonomy":"product_brand","embeddable":true,"href":"https:\/\/www.sikati.de\/fr\/wp-json\/wp\/v2\/product_brand?post=11937"},{"taxonomy":"product_cat","embeddable":true,"href":"https:\/\/www.sikati.de\/fr\/wp-json\/wp\/v2\/product_cat?post=11937"},{"taxonomy":"product_tag","embeddable":true,"href":"https:\/\/www.sikati.de\/fr\/wp-json\/wp\/v2\/product_tag?post=11937"}],"curies":[{"name":"wp","href":"https:\/\/api.w.org\/{rel}","templated":true}]}}