{"id":11994,"date":"2025-04-27T21:20:17","date_gmt":"2025-04-27T19:20:17","guid":{"rendered":"https:\/\/www.sikati.de\/?post_type=product&#038;p=11994"},"modified":"2026-03-20T22:27:54","modified_gmt":"2026-03-20T21:27:54","slug":"oversize-t-shirt-streetstyle-im-hello-kitty-design","status":"publish","type":"product","link":"https:\/\/www.sikati.de\/fr\/produit\/oversize-t-shirt-streetstyle-im-hello-kitty-design\/","title":{"rendered":"T-shirt oversize \u2013 Motif Hello Kitty style streetwear"},"content":{"rendered":"<p>Ce t-shirt oversize tendance allie un design ludique \u00e0 un style urbain affirm\u00e9. Hello Kitty s&#039;affiche sur le devant dans un look graffiti styl\u00e9, lunettes de soleil sur le nez. L&#039;inscription \u201e Fragile Trouble \u201c au dos apporte une touche d&#039;originalit\u00e9. Sa coupe confortable et sa mati\u00e8re douce en font le compagnon id\u00e9al de tenues d\u00e9contract\u00e9es et modernes.<\/p>\n<p><strong data-start=\"564\" data-end=\"579\">Informations sur les tailles\u00a0:<\/strong> Le mannequin porte une taille L\/XL. Ce t-shirt taille normalement et convient aux femmes de la taille 36 \u00e0 48.<\/p>\n<p>Conseils d&#039;entretien : Lavage en machine \u00e0 40 \u00b0C.<\/p>","protected":false},"excerpt":{"rendered":"<p>T-shirt oversize avec imprim\u00e9 Hello Kitty style streetwear sur le devant et inscription \u201e Fragile Trouble \u201c au dos. Taille standard (36\u201348).<\/p>\n<p>Pas de facture de TVA, en tant que petite entreprise selon l&#039;article 19 (1) de la loi allemande sur la TVA (UStG).<\/p>","protected":false},"featured_media":11958,"template":"","meta":{"_acf_changed":false},"product_brand":[],"product_cat":[1430,1419,1444],"product_tag":[1737,1744,1742,1739,1743,1732,1740,1741],"class_list":{"0":"post-11994","1":"product","2":"type-product","3":"status-publish","4":"has-post-thumbnail","6":"product_cat-fruehjahr-sommer-kollektion","7":"product_cat-lyne-collections","8":"product_cat-t-shirts-damen","9":"product_tag-damen-t-shirt","10":"product_tag-freizeitshirt","11":"product_tag-graffiti-style","12":"product_tag-hello-kitty-shirt","13":"product_tag-laessiges-shirt","14":"product_tag-oversize-t-shirt","15":"product_tag-streetstyle-t-shirt","16":"product_tag-urban-look","18":"first","19":"instock","20":"shipping-taxable","21":"purchasable","22":"product-type-simple"},"acf":[],"yoast_head":"<!-- This site is optimized with the Yoast SEO plugin v27.4 - https:\/\/yoast.com\/product\/yoast-seo-wordpress\/ -->\n<title>Oversize T-Shirt \u2013 Streetstyle Hello Kitty Design - Sikat\u00ed<\/title>\n<meta name=\"description\" content=\"L\u00e4ssiges Oversize T-Shirt mit Hello Kitty Motiv \u2013 angesagter Streetstyle f\u00fcr trendige Looks. Bequem, stylisch &amp; auff\u00e4llig. Jetzt entdecken &amp; kombinieren!\" \/>\n<meta name=\"robots\" content=\"index, follow, max-snippet:-1, max-image-preview:large, max-video-preview:-1\" \/>\n<link rel=\"canonical\" href=\"https:\/\/www.sikati.de\/fr\/produit\/oversize-t-shirt-streetstyle-im-hello-kitty-design\/\" \/>\n<meta property=\"og:locale\" content=\"fr_FR\" \/>\n<meta property=\"og:type\" content=\"article\" \/>\n<meta property=\"og:title\" content=\"Oversize T-Shirt \u2013 Streetstyle Hello Kitty Design - Sikat\u00ed\" \/>\n<meta property=\"og:description\" content=\"L\u00e4ssiges Oversize T-Shirt mit Hello Kitty Motiv \u2013 angesagter Streetstyle f\u00fcr trendige Looks. Bequem, stylisch &amp; auff\u00e4llig. Jetzt entdecken &amp; kombinieren!\" \/>\n<meta property=\"og:url\" content=\"https:\/\/www.sikati.de\/fr\/produit\/oversize-t-shirt-streetstyle-im-hello-kitty-design\/\" \/>\n<meta property=\"og:site_name\" content=\"Sikat\u00ed\" \/>\n<meta property=\"article:publisher\" content=\"https:\/\/www.facebook.com\/Arts.Decoration.Style\" \/>\n<meta property=\"article:modified_time\" content=\"2026-03-20T21:27:54+00:00\" \/>\n<meta property=\"og:image\" content=\"https:\/\/www.sikati.de\/wp-content\/uploads\/2025\/04\/17042025-IMG_5757-scaled.jpg\" \/>\n\t<meta property=\"og:image:width\" content=\"1707\" \/>\n\t<meta property=\"og:image:height\" content=\"2560\" \/>\n\t<meta property=\"og:image:type\" content=\"image\/jpeg\" \/>\n<meta name=\"twitter:card\" content=\"summary_large_image\" \/>\n<meta name=\"twitter:label1\" content=\"Dur\u00e9e de lecture estim\u00e9e\" \/>\n\t<meta name=\"twitter:data1\" content=\"1 minute\" \/>\n<script type=\"application\/ld+json\" class=\"yoast-schema-graph\">{\"@context\":\"https:\\\/\\\/schema.org\",\"@graph\":[{\"@type\":\"WebPage\",\"@id\":\"https:\\\/\\\/www.sikati.de\\\/produkt\\\/oversize-t-shirt-streetstyle-im-hello-kitty-design\\\/\",\"url\":\"https:\\\/\\\/www.sikati.de\\\/produkt\\\/oversize-t-shirt-streetstyle-im-hello-kitty-design\\\/\",\"name\":\"Oversize T-Shirt \u2013 Streetstyle Hello Kitty Design - Sikat\u00ed\",\"isPartOf\":{\"@id\":\"https:\\\/\\\/www.sikati.de\\\/#website\"},\"primaryImageOfPage\":{\"@id\":\"https:\\\/\\\/www.sikati.de\\\/produkt\\\/oversize-t-shirt-streetstyle-im-hello-kitty-design\\\/#primaryimage\"},\"image\":{\"@id\":\"https:\\\/\\\/www.sikati.de\\\/produkt\\\/oversize-t-shirt-streetstyle-im-hello-kitty-design\\\/#primaryimage\"},\"thumbnailUrl\":\"https:\\\/\\\/www.sikati.de\\\/wp-content\\\/uploads\\\/2025\\\/04\\\/17042025-IMG_5757-scaled.jpg\",\"datePublished\":\"2025-04-27T19:20:17+00:00\",\"dateModified\":\"2026-03-20T21:27:54+00:00\",\"description\":\"L\u00e4ssiges Oversize T-Shirt mit Hello Kitty Motiv \u2013 angesagter Streetstyle f\u00fcr trendige Looks. Bequem, stylisch & auff\u00e4llig. Jetzt entdecken & kombinieren!\",\"breadcrumb\":{\"@id\":\"https:\\\/\\\/www.sikati.de\\\/produkt\\\/oversize-t-shirt-streetstyle-im-hello-kitty-design\\\/#breadcrumb\"},\"inLanguage\":\"fr-FR\",\"potentialAction\":[{\"@type\":\"ReadAction\",\"target\":[\"https:\\\/\\\/www.sikati.de\\\/produkt\\\/oversize-t-shirt-streetstyle-im-hello-kitty-design\\\/\"]}]},{\"@type\":\"ImageObject\",\"inLanguage\":\"fr-FR\",\"@id\":\"https:\\\/\\\/www.sikati.de\\\/produkt\\\/oversize-t-shirt-streetstyle-im-hello-kitty-design\\\/#primaryimage\",\"url\":\"https:\\\/\\\/www.sikati.de\\\/wp-content\\\/uploads\\\/2025\\\/04\\\/17042025-IMG_5757-scaled.jpg\",\"contentUrl\":\"https:\\\/\\\/www.sikati.de\\\/wp-content\\\/uploads\\\/2025\\\/04\\\/17042025-IMG_5757-scaled.jpg\",\"width\":1707,\"height\":2560},{\"@type\":\"BreadcrumbList\",\"@id\":\"https:\\\/\\\/www.sikati.de\\\/produkt\\\/oversize-t-shirt-streetstyle-im-hello-kitty-design\\\/#breadcrumb\",\"itemListElement\":[{\"@type\":\"ListItem\",\"position\":1,\"name\":\"Startseite\",\"item\":\"https:\\\/\\\/www.sikati.de\\\/\"},{\"@type\":\"ListItem\",\"position\":2,\"name\":\"Produkte\",\"item\":\"https:\\\/\\\/www.sikati.de\\\/shop\\\/\"},{\"@type\":\"ListItem\",\"position\":3,\"name\":\"Oversize T-Shirt \u2013 Streetstyle Hello Kitty Design\"}]},{\"@type\":\"WebSite\",\"@id\":\"https:\\\/\\\/www.sikati.de\\\/#website\",\"url\":\"https:\\\/\\\/www.sikati.de\\\/\",\"name\":\"Sikat\u00ed\",\"description\":\"Afro Contemporary Fashion &amp; Living\",\"publisher\":{\"@id\":\"https:\\\/\\\/www.sikati.de\\\/#organization\"},\"potentialAction\":[{\"@type\":\"SearchAction\",\"target\":{\"@type\":\"EntryPoint\",\"urlTemplate\":\"https:\\\/\\\/www.sikati.de\\\/?s={search_term_string}\"},\"query-input\":{\"@type\":\"PropertyValueSpecification\",\"valueRequired\":true,\"valueName\":\"search_term_string\"}}],\"inLanguage\":\"fr-FR\"},{\"@type\":\"Organization\",\"@id\":\"https:\\\/\\\/www.sikati.de\\\/#organization\",\"name\":\"Sikat\u00ed\",\"url\":\"https:\\\/\\\/www.sikati.de\\\/\",\"logo\":{\"@type\":\"ImageObject\",\"inLanguage\":\"fr-FR\",\"@id\":\"https:\\\/\\\/www.sikati.de\\\/#\\\/schema\\\/logo\\\/image\\\/\",\"url\":\"https:\\\/\\\/www.sikati.de\\\/wp-content\\\/uploads\\\/2019\\\/03\\\/cropped-cropped-sikati-logo.png\",\"contentUrl\":\"https:\\\/\\\/www.sikati.de\\\/wp-content\\\/uploads\\\/2019\\\/03\\\/cropped-cropped-sikati-logo.png\",\"width\":500,\"height\":201,\"caption\":\"Sikat\u00ed\"},\"image\":{\"@id\":\"https:\\\/\\\/www.sikati.de\\\/#\\\/schema\\\/logo\\\/image\\\/\"},\"sameAs\":[\"https:\\\/\\\/www.facebook.com\\\/Arts.Decoration.Style\",\"https:\\\/\\\/www.instagram.com\\\/sikati_arts\\\/\",\"https:\\\/\\\/www.tiktok.com\\\/@sikati_arts\"]}]}<\/script>\n<!-- \/ Yoast SEO plugin. -->","yoast_head_json":{"title":"Oversize T-Shirt \u2013 Streetstyle Hello Kitty Design - Sikat\u00ed","description":"L\u00e4ssiges Oversize T-Shirt mit Hello Kitty Motiv \u2013 angesagter Streetstyle f\u00fcr trendige Looks. Bequem, stylisch & auff\u00e4llig. Jetzt entdecken & kombinieren!","robots":{"index":"index","follow":"follow","max-snippet":"max-snippet:-1","max-image-preview":"max-image-preview:large","max-video-preview":"max-video-preview:-1"},"canonical":"https:\/\/www.sikati.de\/fr\/produit\/oversize-t-shirt-streetstyle-im-hello-kitty-design\/","og_locale":"fr_FR","og_type":"article","og_title":"Oversize T-Shirt \u2013 Streetstyle Hello Kitty Design - Sikat\u00ed","og_description":"L\u00e4ssiges Oversize T-Shirt mit Hello Kitty Motiv \u2013 angesagter Streetstyle f\u00fcr trendige Looks. Bequem, stylisch & auff\u00e4llig. Jetzt entdecken & kombinieren!","og_url":"https:\/\/www.sikati.de\/fr\/produit\/oversize-t-shirt-streetstyle-im-hello-kitty-design\/","og_site_name":"Sikat\u00ed","article_publisher":"https:\/\/www.facebook.com\/Arts.Decoration.Style","article_modified_time":"2026-03-20T21:27:54+00:00","og_image":[{"width":1707,"height":2560,"url":"https:\/\/www.sikati.de\/wp-content\/uploads\/2025\/04\/17042025-IMG_5757-scaled.jpg","type":"image\/jpeg"}],"twitter_card":"summary_large_image","twitter_misc":{"Dur\u00e9e de lecture estim\u00e9e":"1 minute"},"schema":{"@context":"https:\/\/schema.org","@graph":[{"@type":"WebPage","@id":"https:\/\/www.sikati.de\/produkt\/oversize-t-shirt-streetstyle-im-hello-kitty-design\/","url":"https:\/\/www.sikati.de\/produkt\/oversize-t-shirt-streetstyle-im-hello-kitty-design\/","name":"Oversize T-Shirt \u2013 Streetstyle Hello Kitty Design - Sikat\u00ed","isPartOf":{"@id":"https:\/\/www.sikati.de\/#website"},"primaryImageOfPage":{"@id":"https:\/\/www.sikati.de\/produkt\/oversize-t-shirt-streetstyle-im-hello-kitty-design\/#primaryimage"},"image":{"@id":"https:\/\/www.sikati.de\/produkt\/oversize-t-shirt-streetstyle-im-hello-kitty-design\/#primaryimage"},"thumbnailUrl":"https:\/\/www.sikati.de\/wp-content\/uploads\/2025\/04\/17042025-IMG_5757-scaled.jpg","datePublished":"2025-04-27T19:20:17+00:00","dateModified":"2026-03-20T21:27:54+00:00","description":"L\u00e4ssiges Oversize T-Shirt mit Hello Kitty Motiv \u2013 angesagter Streetstyle f\u00fcr trendige Looks. Bequem, stylisch & auff\u00e4llig. Jetzt entdecken & kombinieren!","breadcrumb":{"@id":"https:\/\/www.sikati.de\/produkt\/oversize-t-shirt-streetstyle-im-hello-kitty-design\/#breadcrumb"},"inLanguage":"fr-FR","potentialAction":[{"@type":"ReadAction","target":["https:\/\/www.sikati.de\/produkt\/oversize-t-shirt-streetstyle-im-hello-kitty-design\/"]}]},{"@type":"ImageObject","inLanguage":"fr-FR","@id":"https:\/\/www.sikati.de\/produkt\/oversize-t-shirt-streetstyle-im-hello-kitty-design\/#primaryimage","url":"https:\/\/www.sikati.de\/wp-content\/uploads\/2025\/04\/17042025-IMG_5757-scaled.jpg","contentUrl":"https:\/\/www.sikati.de\/wp-content\/uploads\/2025\/04\/17042025-IMG_5757-scaled.jpg","width":1707,"height":2560},{"@type":"BreadcrumbList","@id":"https:\/\/www.sikati.de\/produkt\/oversize-t-shirt-streetstyle-im-hello-kitty-design\/#breadcrumb","itemListElement":[{"@type":"ListItem","position":1,"name":"Startseite","item":"https:\/\/www.sikati.de\/"},{"@type":"ListItem","position":2,"name":"Produkte","item":"https:\/\/www.sikati.de\/shop\/"},{"@type":"ListItem","position":3,"name":"Oversize T-Shirt \u2013 Streetstyle Hello Kitty Design"}]},{"@type":"WebSite","@id":"https:\/\/www.sikati.de\/#website","url":"https:\/\/www.sikati.de\/","name":"Sika\u00ed","description":"Afro Contemporary Fashion &amp; Living","publisher":{"@id":"https:\/\/www.sikati.de\/#organization"},"potentialAction":[{"@type":"SearchAction","target":{"@type":"EntryPoint","urlTemplate":"https:\/\/www.sikati.de\/?s={search_term_string}"},"query-input":{"@type":"PropertyValueSpecification","valueRequired":true,"valueName":"search_term_string"}}],"inLanguage":"fr-FR"},{"@type":"Organization","@id":"https:\/\/www.sikati.de\/#organization","name":"Sika\u00ed","url":"https:\/\/www.sikati.de\/","logo":{"@type":"ImageObject","inLanguage":"fr-FR","@id":"https:\/\/www.sikati.de\/#\/schema\/logo\/image\/","url":"https:\/\/www.sikati.de\/wp-content\/uploads\/2019\/03\/cropped-cropped-sikati-logo.png","contentUrl":"https:\/\/www.sikati.de\/wp-content\/uploads\/2019\/03\/cropped-cropped-sikati-logo.png","width":500,"height":201,"caption":"Sikat\u00ed"},"image":{"@id":"https:\/\/www.sikati.de\/#\/schema\/logo\/image\/"},"sameAs":["https:\/\/www.facebook.com\/Arts.Decoration.Style","https:\/\/www.instagram.com\/sikati_arts\/","https:\/\/www.tiktok.com\/@sikati_arts"]}]}},"_links":{"self":[{"href":"https:\/\/www.sikati.de\/fr\/wp-json\/wp\/v2\/product\/11994","targetHints":{"allow":["GET"]}}],"collection":[{"href":"https:\/\/www.sikati.de\/fr\/wp-json\/wp\/v2\/product"}],"about":[{"href":"https:\/\/www.sikati.de\/fr\/wp-json\/wp\/v2\/types\/product"}],"wp:featuredmedia":[{"embeddable":true,"href":"https:\/\/www.sikati.de\/fr\/wp-json\/wp\/v2\/media\/11958"}],"wp:attachment":[{"href":"https:\/\/www.sikati.de\/fr\/wp-json\/wp\/v2\/media?parent=11994"}],"wp:term":[{"taxonomy":"product_brand","embeddable":true,"href":"https:\/\/www.sikati.de\/fr\/wp-json\/wp\/v2\/product_brand?post=11994"},{"taxonomy":"product_cat","embeddable":true,"href":"https:\/\/www.sikati.de\/fr\/wp-json\/wp\/v2\/product_cat?post=11994"},{"taxonomy":"product_tag","embeddable":true,"href":"https:\/\/www.sikati.de\/fr\/wp-json\/wp\/v2\/product_tag?post=11994"}],"curies":[{"name":"wp","href":"https:\/\/api.w.org\/{rel}","templated":true}]}}