{"id":12214,"date":"2025-05-13T22:56:34","date_gmt":"2025-05-13T20:56:34","guid":{"rendered":"https:\/\/www.sikati.de\/?post_type=product&#038;p=12214"},"modified":"2026-03-07T09:34:20","modified_gmt":"2026-03-07T08:34:20","slug":"kaftankleid-solea-in-pink-mit-goldenen-pailletten","status":"publish","type":"product","link":"https:\/\/www.sikati.de\/fr\/produit\/kaftankleid-solea-in-pink-mit-goldenen-pailletten\/","title":{"rendered":"Robe caftan \u201e Solea \u201c rose \u00e0 sequins dor\u00e9s"},"content":{"rendered":"<p class=\"\" data-start=\"208\" data-end=\"595\">Avec la robe caftan <em data-start=\"228\" data-end=\"235\">Solea<\/em> Vous ferez sensation avec cette robe. Le rose \u00e9clatant du tissu Mikado scintillant se marie \u00e0 de glamourux sequins dor\u00e9s en forme de V \u2013 un v\u00e9ritable atout charme pour les occasions sp\u00e9ciales. Sa coupe oversize assure une allure l\u00e9g\u00e8re et a\u00e9rienne et flatte toutes les silhouettes. Festive, moderne ou tout simplement audacieuse\u2026 <em data-start=\"555\" data-end=\"562\">Solea<\/em> Cela donne de l&#039;\u00e9clat \u00e0 votre apparence.<\/p>\n<ul data-start=\"597\" data-end=\"983\">\n<li class=\"\" data-start=\"597\" data-end=\"665\">\n<p class=\"\" data-start=\"599\" data-end=\"665\"><strong data-start=\"599\" data-end=\"612\">Mat\u00e9riel:<\/strong> Mikado en polyester brillant avec garniture de sequins<\/p>\n<\/li>\n<li class=\"\" data-start=\"666\" data-end=\"707\">\n<p class=\"\" data-start=\"668\" data-end=\"707\"><strong data-start=\"668\" data-end=\"678\">Couleur:<\/strong> Rose avec des accents dor\u00e9s<\/p>\n<\/li>\n<li class=\"\" data-start=\"708\" data-end=\"754\">\n<p class=\"\" data-start=\"710\" data-end=\"754\"><strong data-start=\"710\" data-end=\"719\">Style:<\/strong> Coupe ample, manches courtes, longueur genou<\/p>\n<\/li>\n<li class=\"\" data-start=\"755\" data-end=\"855\">\n<p class=\"\" data-start=\"757\" data-end=\"855\"><strong data-start=\"757\" data-end=\"776\">Caract\u00e9ristiques sp\u00e9ciales :<\/strong> D\u00e9collet\u00e9 en V orn\u00e9 de sequins dor\u00e9s en chevrons, coupe ample.<\/p>\n<\/li>\n<li class=\"\" data-start=\"755\" data-end=\"855\">\n<p class=\"\" data-start=\"757\" data-end=\"855\"><strong data-start=\"916\" data-end=\"926\">Taille:<\/strong> Le mannequin mesure 1,78 m et porte une taille 42. Cette robe est id\u00e9ale pour les femmes portant les tailles 40 \u00e0 46, tout en conservant un effet oversize. Pour une coupe plus ajust\u00e9e, elle peut \u00e9galement \u00eatre port\u00e9e jusqu&#039;\u00e0 la taille 48.<\/p>\n<\/li>\n<\/ul>","protected":false},"excerpt":{"rendered":"<p>Robe caftan rose oversize \u00e0 sequins dor\u00e9s \u2013 audacieuse, festive et confortable. Taille unique \u2013 id\u00e9ale pour les tailles 42 \u00e0 46.<\/p>\n<p>Pas de facture de TVA, en tant que petite entreprise selon l&#039;article 19 (1) de la loi allemande sur la TVA (UStG).<\/p>","protected":false},"featured_media":12027,"template":"","meta":{"_acf_changed":false},"product_brand":[],"product_cat":[871,1618,163],"product_tag":[1674,1647,1779,1778,1780,1774,1777,1524,1776,1775,1608],"class_list":{"0":"post-12214","1":"product","2":"type-product","3":"status-publish","4":"has-post-thumbnail","6":"product_cat-damen-mode","7":"product_cat-kleider-damen-mode","8":"product_cat-sikati-designs","9":"product_tag-abendkleid","10":"product_tag-festliches-kleid","11":"product_tag-gala-look","12":"product_tag-grosse-groessen","13":"product_tag-hochzeit","14":"product_tag-kaftankleid","15":"product_tag-mikado-stoff","16":"product_tag-oversize","17":"product_tag-pailletten","18":"product_tag-pink","19":"product_tag-sikati-style","21":"first","22":"instock","23":"shipping-taxable","24":"purchasable","25":"product-type-simple"},"acf":[],"yoast_head":"<!-- This site is optimized with the Yoast SEO plugin v27.4 - https:\/\/yoast.com\/product\/yoast-seo-wordpress\/ -->\n<title>Kaftankleid \u201eSolea\u201c in Pink mit goldenen Pailletten - Sikat\u00ed<\/title>\n<meta name=\"description\" content=\"%\" \/>\n<meta name=\"robots\" content=\"index, follow, max-snippet:-1, max-image-preview:large, max-video-preview:-1\" \/>\n<link rel=\"canonical\" href=\"https:\/\/www.sikati.de\/fr\/produit\/kaftankleid-solea-in-pink-mit-goldenen-pailletten\/\" \/>\n<meta property=\"og:locale\" content=\"fr_FR\" \/>\n<meta property=\"og:type\" content=\"article\" \/>\n<meta property=\"og:title\" content=\"Kaftankleid \u201eSolea\u201c in Pink mit goldenen Pailletten - Sikat\u00ed\" \/>\n<meta property=\"og:description\" content=\"%\" \/>\n<meta property=\"og:url\" content=\"https:\/\/www.sikati.de\/fr\/produit\/kaftankleid-solea-in-pink-mit-goldenen-pailletten\/\" \/>\n<meta property=\"og:site_name\" content=\"Sikat\u00ed\" \/>\n<meta property=\"article:publisher\" content=\"https:\/\/www.facebook.com\/Arts.Decoration.Style\" \/>\n<meta property=\"article:modified_time\" content=\"2026-03-07T08:34:20+00:00\" \/>\n<meta property=\"og:image\" content=\"https:\/\/www.sikati.de\/wp-content\/uploads\/2025\/05\/17042025-IMG_5138-scaled.jpg\" \/>\n\t<meta property=\"og:image:width\" content=\"1707\" \/>\n\t<meta property=\"og:image:height\" content=\"2560\" \/>\n\t<meta property=\"og:image:type\" content=\"image\/jpeg\" \/>\n<meta name=\"twitter:card\" content=\"summary_large_image\" \/>\n<meta name=\"twitter:label1\" content=\"Dur\u00e9e de lecture estim\u00e9e\" \/>\n\t<meta name=\"twitter:data1\" content=\"1 minute\" \/>\n<script type=\"application\/ld+json\" class=\"yoast-schema-graph\">{\"@context\":\"https:\\\/\\\/schema.org\",\"@graph\":[{\"@type\":\"WebPage\",\"@id\":\"https:\\\/\\\/www.sikati.de\\\/produkt\\\/kaftankleid-solea-in-pink-mit-goldenen-pailletten\\\/\",\"url\":\"https:\\\/\\\/www.sikati.de\\\/produkt\\\/kaftankleid-solea-in-pink-mit-goldenen-pailletten\\\/\",\"name\":\"Kaftankleid \u201eSolea\u201c in Pink mit goldenen Pailletten - Sikat\u00ed\",\"isPartOf\":{\"@id\":\"https:\\\/\\\/www.sikati.de\\\/#website\"},\"primaryImageOfPage\":{\"@id\":\"https:\\\/\\\/www.sikati.de\\\/produkt\\\/kaftankleid-solea-in-pink-mit-goldenen-pailletten\\\/#primaryimage\"},\"image\":{\"@id\":\"https:\\\/\\\/www.sikati.de\\\/produkt\\\/kaftankleid-solea-in-pink-mit-goldenen-pailletten\\\/#primaryimage\"},\"thumbnailUrl\":\"https:\\\/\\\/www.sikati.de\\\/wp-content\\\/uploads\\\/2025\\\/05\\\/17042025-IMG_5138-scaled.jpg\",\"datePublished\":\"2025-05-13T20:56:34+00:00\",\"dateModified\":\"2026-03-07T08:34:20+00:00\",\"description\":\"%\",\"breadcrumb\":{\"@id\":\"https:\\\/\\\/www.sikati.de\\\/produkt\\\/kaftankleid-solea-in-pink-mit-goldenen-pailletten\\\/#breadcrumb\"},\"inLanguage\":\"fr-FR\",\"potentialAction\":[{\"@type\":\"ReadAction\",\"target\":[\"https:\\\/\\\/www.sikati.de\\\/produkt\\\/kaftankleid-solea-in-pink-mit-goldenen-pailletten\\\/\"]}]},{\"@type\":\"ImageObject\",\"inLanguage\":\"fr-FR\",\"@id\":\"https:\\\/\\\/www.sikati.de\\\/produkt\\\/kaftankleid-solea-in-pink-mit-goldenen-pailletten\\\/#primaryimage\",\"url\":\"https:\\\/\\\/www.sikati.de\\\/wp-content\\\/uploads\\\/2025\\\/05\\\/17042025-IMG_5138-scaled.jpg\",\"contentUrl\":\"https:\\\/\\\/www.sikati.de\\\/wp-content\\\/uploads\\\/2025\\\/05\\\/17042025-IMG_5138-scaled.jpg\",\"width\":1707,\"height\":2560},{\"@type\":\"BreadcrumbList\",\"@id\":\"https:\\\/\\\/www.sikati.de\\\/produkt\\\/kaftankleid-solea-in-pink-mit-goldenen-pailletten\\\/#breadcrumb\",\"itemListElement\":[{\"@type\":\"ListItem\",\"position\":1,\"name\":\"Startseite\",\"item\":\"https:\\\/\\\/www.sikati.de\\\/\"},{\"@type\":\"ListItem\",\"position\":2,\"name\":\"Produkte\",\"item\":\"https:\\\/\\\/www.sikati.de\\\/shop\\\/\"},{\"@type\":\"ListItem\",\"position\":3,\"name\":\"Kaftankleid \u201eSolea\u201c in Pink mit goldenen Pailletten\"}]},{\"@type\":\"WebSite\",\"@id\":\"https:\\\/\\\/www.sikati.de\\\/#website\",\"url\":\"https:\\\/\\\/www.sikati.de\\\/\",\"name\":\"Sikat\u00ed\",\"description\":\"Afro Contemporary Fashion &amp; Living\",\"publisher\":{\"@id\":\"https:\\\/\\\/www.sikati.de\\\/#organization\"},\"potentialAction\":[{\"@type\":\"SearchAction\",\"target\":{\"@type\":\"EntryPoint\",\"urlTemplate\":\"https:\\\/\\\/www.sikati.de\\\/?s={search_term_string}\"},\"query-input\":{\"@type\":\"PropertyValueSpecification\",\"valueRequired\":true,\"valueName\":\"search_term_string\"}}],\"inLanguage\":\"fr-FR\"},{\"@type\":\"Organization\",\"@id\":\"https:\\\/\\\/www.sikati.de\\\/#organization\",\"name\":\"Sikat\u00ed\",\"url\":\"https:\\\/\\\/www.sikati.de\\\/\",\"logo\":{\"@type\":\"ImageObject\",\"inLanguage\":\"fr-FR\",\"@id\":\"https:\\\/\\\/www.sikati.de\\\/#\\\/schema\\\/logo\\\/image\\\/\",\"url\":\"https:\\\/\\\/www.sikati.de\\\/wp-content\\\/uploads\\\/2019\\\/03\\\/cropped-cropped-sikati-logo.png\",\"contentUrl\":\"https:\\\/\\\/www.sikati.de\\\/wp-content\\\/uploads\\\/2019\\\/03\\\/cropped-cropped-sikati-logo.png\",\"width\":500,\"height\":201,\"caption\":\"Sikat\u00ed\"},\"image\":{\"@id\":\"https:\\\/\\\/www.sikati.de\\\/#\\\/schema\\\/logo\\\/image\\\/\"},\"sameAs\":[\"https:\\\/\\\/www.facebook.com\\\/Arts.Decoration.Style\",\"https:\\\/\\\/www.instagram.com\\\/sikati_arts\\\/\",\"https:\\\/\\\/www.tiktok.com\\\/@sikati_arts\"]}]}<\/script>\n<!-- \/ Yoast SEO plugin. -->","yoast_head_json":{"title":"Kaftankleid \u201eSolea\u201c in Pink mit goldenen Pailletten - Sikat\u00ed","description":"%","robots":{"index":"index","follow":"follow","max-snippet":"max-snippet:-1","max-image-preview":"max-image-preview:large","max-video-preview":"max-video-preview:-1"},"canonical":"https:\/\/www.sikati.de\/fr\/produit\/kaftankleid-solea-in-pink-mit-goldenen-pailletten\/","og_locale":"fr_FR","og_type":"article","og_title":"Kaftankleid \u201eSolea\u201c in Pink mit goldenen Pailletten - Sikat\u00ed","og_description":"%","og_url":"https:\/\/www.sikati.de\/fr\/produit\/kaftankleid-solea-in-pink-mit-goldenen-pailletten\/","og_site_name":"Sikat\u00ed","article_publisher":"https:\/\/www.facebook.com\/Arts.Decoration.Style","article_modified_time":"2026-03-07T08:34:20+00:00","og_image":[{"width":1707,"height":2560,"url":"https:\/\/www.sikati.de\/wp-content\/uploads\/2025\/05\/17042025-IMG_5138-scaled.jpg","type":"image\/jpeg"}],"twitter_card":"summary_large_image","twitter_misc":{"Dur\u00e9e de lecture estim\u00e9e":"1 minute"},"schema":{"@context":"https:\/\/schema.org","@graph":[{"@type":"WebPage","@id":"https:\/\/www.sikati.de\/produkt\/kaftankleid-solea-in-pink-mit-goldenen-pailletten\/","url":"https:\/\/www.sikati.de\/produkt\/kaftankleid-solea-in-pink-mit-goldenen-pailletten\/","name":"Kaftankleid \u201eSolea\u201c in Pink mit goldenen Pailletten - Sikat\u00ed","isPartOf":{"@id":"https:\/\/www.sikati.de\/#website"},"primaryImageOfPage":{"@id":"https:\/\/www.sikati.de\/produkt\/kaftankleid-solea-in-pink-mit-goldenen-pailletten\/#primaryimage"},"image":{"@id":"https:\/\/www.sikati.de\/produkt\/kaftankleid-solea-in-pink-mit-goldenen-pailletten\/#primaryimage"},"thumbnailUrl":"https:\/\/www.sikati.de\/wp-content\/uploads\/2025\/05\/17042025-IMG_5138-scaled.jpg","datePublished":"2025-05-13T20:56:34+00:00","dateModified":"2026-03-07T08:34:20+00:00","description":"%","breadcrumb":{"@id":"https:\/\/www.sikati.de\/produkt\/kaftankleid-solea-in-pink-mit-goldenen-pailletten\/#breadcrumb"},"inLanguage":"fr-FR","potentialAction":[{"@type":"ReadAction","target":["https:\/\/www.sikati.de\/produkt\/kaftankleid-solea-in-pink-mit-goldenen-pailletten\/"]}]},{"@type":"ImageObject","inLanguage":"fr-FR","@id":"https:\/\/www.sikati.de\/produkt\/kaftankleid-solea-in-pink-mit-goldenen-pailletten\/#primaryimage","url":"https:\/\/www.sikati.de\/wp-content\/uploads\/2025\/05\/17042025-IMG_5138-scaled.jpg","contentUrl":"https:\/\/www.sikati.de\/wp-content\/uploads\/2025\/05\/17042025-IMG_5138-scaled.jpg","width":1707,"height":2560},{"@type":"BreadcrumbList","@id":"https:\/\/www.sikati.de\/produkt\/kaftankleid-solea-in-pink-mit-goldenen-pailletten\/#breadcrumb","itemListElement":[{"@type":"ListItem","position":1,"name":"Startseite","item":"https:\/\/www.sikati.de\/"},{"@type":"ListItem","position":2,"name":"Produkte","item":"https:\/\/www.sikati.de\/shop\/"},{"@type":"ListItem","position":3,"name":"Kaftankleid \u201eSolea\u201c in Pink mit goldenen Pailletten"}]},{"@type":"WebSite","@id":"https:\/\/www.sikati.de\/#website","url":"https:\/\/www.sikati.de\/","name":"Sika\u00ed","description":"Afro Contemporary Fashion &amp; Living","publisher":{"@id":"https:\/\/www.sikati.de\/#organization"},"potentialAction":[{"@type":"SearchAction","target":{"@type":"EntryPoint","urlTemplate":"https:\/\/www.sikati.de\/?s={search_term_string}"},"query-input":{"@type":"PropertyValueSpecification","valueRequired":true,"valueName":"search_term_string"}}],"inLanguage":"fr-FR"},{"@type":"Organization","@id":"https:\/\/www.sikati.de\/#organization","name":"Sika\u00ed","url":"https:\/\/www.sikati.de\/","logo":{"@type":"ImageObject","inLanguage":"fr-FR","@id":"https:\/\/www.sikati.de\/#\/schema\/logo\/image\/","url":"https:\/\/www.sikati.de\/wp-content\/uploads\/2019\/03\/cropped-cropped-sikati-logo.png","contentUrl":"https:\/\/www.sikati.de\/wp-content\/uploads\/2019\/03\/cropped-cropped-sikati-logo.png","width":500,"height":201,"caption":"Sikat\u00ed"},"image":{"@id":"https:\/\/www.sikati.de\/#\/schema\/logo\/image\/"},"sameAs":["https:\/\/www.facebook.com\/Arts.Decoration.Style","https:\/\/www.instagram.com\/sikati_arts\/","https:\/\/www.tiktok.com\/@sikati_arts"]}]}},"_links":{"self":[{"href":"https:\/\/www.sikati.de\/fr\/wp-json\/wp\/v2\/product\/12214","targetHints":{"allow":["GET"]}}],"collection":[{"href":"https:\/\/www.sikati.de\/fr\/wp-json\/wp\/v2\/product"}],"about":[{"href":"https:\/\/www.sikati.de\/fr\/wp-json\/wp\/v2\/types\/product"}],"wp:featuredmedia":[{"embeddable":true,"href":"https:\/\/www.sikati.de\/fr\/wp-json\/wp\/v2\/media\/12027"}],"wp:attachment":[{"href":"https:\/\/www.sikati.de\/fr\/wp-json\/wp\/v2\/media?parent=12214"}],"wp:term":[{"taxonomy":"product_brand","embeddable":true,"href":"https:\/\/www.sikati.de\/fr\/wp-json\/wp\/v2\/product_brand?post=12214"},{"taxonomy":"product_cat","embeddable":true,"href":"https:\/\/www.sikati.de\/fr\/wp-json\/wp\/v2\/product_cat?post=12214"},{"taxonomy":"product_tag","embeddable":true,"href":"https:\/\/www.sikati.de\/fr\/wp-json\/wp\/v2\/product_tag?post=12214"}],"curies":[{"name":"wp","href":"https:\/\/api.w.org\/{rel}","templated":true}]}}