{"id":12215,"date":"2025-05-13T23:36:47","date_gmt":"2025-05-13T21:36:47","guid":{"rendered":"https:\/\/www.sikati.de\/?post_type=product&#038;p=12215"},"modified":"2026-03-07T09:35:34","modified_gmt":"2026-03-07T08:35:34","slug":"kaftankleid-amara-in-schwarz-mit-pinken-pailletten","status":"publish","type":"product","link":"https:\/\/www.sikati.de\/fr\/produit\/kaftankleid-amara-in-schwarz-mit-pinken-pailletten\/","title":{"rendered":"Kaftankleid \u201eAmara\u201c in Schwarz mit pinken Pailletten"},"content":{"rendered":"<p class=\"\" data-start=\"171\" data-end=\"562\">Das Kaftankleid <em data-start=\"187\" data-end=\"194\">Amara<\/em> kombiniert klassische Eleganz mit einem modernen Twist. Der tiefschwarze Mikado-Stoff bildet die perfekte Leinwand f\u00fcr die auff\u00e4llige pinke Paillettenverzierung in V-Form. Dieses Kleid strahlt gleichzeitig St\u00e4rke und Raffinesse aus. Die weite Passform sorgt f\u00fcr Komfort und Bewegungsfreiheit \u2013 ideal f\u00fcr stilvolle Auftritte auf Events, Feiern oder abends in der City.<\/p>\n<ul data-start=\"564\" data-end=\"947\">\n<li class=\"\" data-start=\"564\" data-end=\"632\">\n<p class=\"\" data-start=\"566\" data-end=\"632\"><strong data-start=\"566\" data-end=\"579\">Mat\u00e9riel:<\/strong> Mikado-Polyester mit Glanzfinish, Paillettenbesatz<\/p>\n<\/li>\n<li class=\"\" data-start=\"633\" data-end=\"675\">\n<p class=\"\" data-start=\"635\" data-end=\"675\"><strong data-start=\"635\" data-end=\"645\">Couleur:<\/strong> Schwarz mit pinken Akzenten<\/p>\n<\/li>\n<li class=\"\" data-start=\"676\" data-end=\"722\">\n<p class=\"\" data-start=\"678\" data-end=\"722\"><strong data-start=\"678\" data-end=\"687\">Stil:<\/strong> Oversized, kurz\u00e4rmelig, knielang<\/p>\n<\/li>\n<li class=\"\" data-start=\"723\" data-end=\"819\">\n<p class=\"\" data-start=\"725\" data-end=\"819\"><strong data-start=\"725\" data-end=\"744\">Caract\u00e9ristiques sp\u00e9ciales :<\/strong> Leuchtende pinke Pailletten im Chevron-Muster, V-Ausschnitt, edler Glanz<\/p>\n<\/li>\n<li class=\"\" data-start=\"820\" data-end=\"947\">\n<p class=\"\" data-start=\"822\" data-end=\"947\"><strong data-start=\"822\" data-end=\"832\">Taille:<\/strong> Das Model ist 1,78\u202fm gro\u00df und tr\u00e4gt Gr\u00f6\u00dfe 42. Das Kleid passt ideal f\u00fcr Gr\u00f6\u00dfen 42 bis 46, bei weniger Oversize-Look auch bis Gr\u00f6\u00dfe 48.<\/p>\n<\/li>\n<\/ul>","protected":false},"excerpt":{"rendered":"<p>Oversized Kaftankleid in Schwarz mit pinken Pailletten \u2013 edel, mutig und bequem. One size &#8211; Ideal f\u00fcr Gr\u00f6\u00dfen 42\u201346.<br data-start=\"1088\" data-end=\"1091\" \/>Pas de facture de TVA, en tant que petite entreprise selon l&#039;article 19 (1) de la loi allemande sur la TVA (UStG).<\/p>","protected":false},"featured_media":12032,"template":"","meta":{"_acf_changed":false},"product_brand":[],"product_cat":[871,1618,163],"product_tag":[1646,1785,1647,1771,1762,1783,1763,1704,1782,1770,1781,1531,1784],"class_list":{"0":"post-12215","1":"product","2":"type-product","3":"status-publish","4":"has-post-thumbnail","6":"product_cat-damen-mode","7":"product_cat-kleider-damen-mode","8":"product_cat-sikati-designs","9":"product_tag-afrikanische-mode","10":"product_tag-chevron-pailletten","11":"product_tag-festliches-kleid","12":"product_tag-groesse-42-48","13":"product_tag-kaftan","14":"product_tag-mikado-polyester","15":"product_tag-oversize-kleid","16":"product_tag-partykleid","17":"product_tag-pinke-pailletten","18":"product_tag-plus-size","19":"product_tag-schwarzes-kleid","20":"product_tag-sikati","21":"product_tag-statement-kleid","23":"first","24":"instock","25":"shipping-taxable","26":"purchasable","27":"product-type-simple"},"acf":[],"yoast_head":"<!-- This site is optimized with the Yoast SEO plugin v27.3 - https:\/\/yoast.com\/product\/yoast-seo-wordpress\/ -->\n<title>Kaftankleid \u201eAmara\u201c in Schwarz mit pinken Pailletten - Sikat\u00ed<\/title>\n<meta name=\"description\" content=\"%\" \/>\n<meta name=\"robots\" content=\"index, follow, max-snippet:-1, max-image-preview:large, max-video-preview:-1\" \/>\n<link rel=\"canonical\" href=\"https:\/\/www.sikati.de\/fr\/product\/kaftankleid-amara-in-schwarz-mit-pinken-pailletten\/\" \/>\n<meta property=\"og:locale\" content=\"fr_FR\" \/>\n<meta property=\"og:type\" content=\"article\" \/>\n<meta property=\"og:title\" content=\"Kaftankleid \u201eAmara\u201c in Schwarz mit pinken Pailletten - Sikat\u00ed\" \/>\n<meta property=\"og:description\" content=\"%\" \/>\n<meta property=\"og:url\" content=\"https:\/\/www.sikati.de\/fr\/product\/kaftankleid-amara-in-schwarz-mit-pinken-pailletten\/\" \/>\n<meta property=\"og:site_name\" content=\"Sikat\u00ed\" \/>\n<meta property=\"article:publisher\" content=\"https:\/\/www.facebook.com\/Arts.Decoration.Style\" \/>\n<meta property=\"article:modified_time\" content=\"2026-03-07T08:35:34+00:00\" \/>\n<meta property=\"og:image\" content=\"https:\/\/www.sikati.de\/wp-content\/uploads\/2025\/05\/17042025-IMG_5146-scaled.jpg\" \/>\n\t<meta property=\"og:image:width\" content=\"1707\" \/>\n\t<meta property=\"og:image:height\" content=\"2560\" \/>\n\t<meta property=\"og:image:type\" content=\"image\/jpeg\" \/>\n<meta name=\"twitter:card\" content=\"summary_large_image\" \/>\n<meta name=\"twitter:label1\" content=\"Dur\u00e9e de lecture estim\u00e9e\" \/>\n\t<meta name=\"twitter:data1\" content=\"1 minute\" \/>\n<script type=\"application\/ld+json\" class=\"yoast-schema-graph\">{\"@context\":\"https:\\\/\\\/schema.org\",\"@graph\":[{\"@type\":\"WebPage\",\"@id\":\"https:\\\/\\\/www.sikati.de\\\/produkt\\\/kaftankleid-amara-in-schwarz-mit-pinken-pailletten\\\/\",\"url\":\"https:\\\/\\\/www.sikati.de\\\/produkt\\\/kaftankleid-amara-in-schwarz-mit-pinken-pailletten\\\/\",\"name\":\"Kaftankleid \u201eAmara\u201c in Schwarz mit pinken Pailletten - Sikat\u00ed\",\"isPartOf\":{\"@id\":\"https:\\\/\\\/www.sikati.de\\\/#website\"},\"primaryImageOfPage\":{\"@id\":\"https:\\\/\\\/www.sikati.de\\\/produkt\\\/kaftankleid-amara-in-schwarz-mit-pinken-pailletten\\\/#primaryimage\"},\"image\":{\"@id\":\"https:\\\/\\\/www.sikati.de\\\/produkt\\\/kaftankleid-amara-in-schwarz-mit-pinken-pailletten\\\/#primaryimage\"},\"thumbnailUrl\":\"https:\\\/\\\/www.sikati.de\\\/wp-content\\\/uploads\\\/2025\\\/05\\\/17042025-IMG_5146-scaled.jpg\",\"datePublished\":\"2025-05-13T21:36:47+00:00\",\"dateModified\":\"2026-03-07T08:35:34+00:00\",\"description\":\"%\",\"breadcrumb\":{\"@id\":\"https:\\\/\\\/www.sikati.de\\\/produkt\\\/kaftankleid-amara-in-schwarz-mit-pinken-pailletten\\\/#breadcrumb\"},\"inLanguage\":\"fr-FR\",\"potentialAction\":[{\"@type\":\"ReadAction\",\"target\":[\"https:\\\/\\\/www.sikati.de\\\/produkt\\\/kaftankleid-amara-in-schwarz-mit-pinken-pailletten\\\/\"]}]},{\"@type\":\"ImageObject\",\"inLanguage\":\"fr-FR\",\"@id\":\"https:\\\/\\\/www.sikati.de\\\/produkt\\\/kaftankleid-amara-in-schwarz-mit-pinken-pailletten\\\/#primaryimage\",\"url\":\"https:\\\/\\\/www.sikati.de\\\/wp-content\\\/uploads\\\/2025\\\/05\\\/17042025-IMG_5146-scaled.jpg\",\"contentUrl\":\"https:\\\/\\\/www.sikati.de\\\/wp-content\\\/uploads\\\/2025\\\/05\\\/17042025-IMG_5146-scaled.jpg\",\"width\":1707,\"height\":2560},{\"@type\":\"BreadcrumbList\",\"@id\":\"https:\\\/\\\/www.sikati.de\\\/produkt\\\/kaftankleid-amara-in-schwarz-mit-pinken-pailletten\\\/#breadcrumb\",\"itemListElement\":[{\"@type\":\"ListItem\",\"position\":1,\"name\":\"Startseite\",\"item\":\"https:\\\/\\\/www.sikati.de\\\/\"},{\"@type\":\"ListItem\",\"position\":2,\"name\":\"Produkte\",\"item\":\"https:\\\/\\\/www.sikati.de\\\/shop\\\/\"},{\"@type\":\"ListItem\",\"position\":3,\"name\":\"Kaftankleid \u201eAmara\u201c in Schwarz mit pinken Pailletten\"}]},{\"@type\":\"WebSite\",\"@id\":\"https:\\\/\\\/www.sikati.de\\\/#website\",\"url\":\"https:\\\/\\\/www.sikati.de\\\/\",\"name\":\"Sikat\u00ed\",\"description\":\"Afro Contemporary Fashion &amp; Living\",\"publisher\":{\"@id\":\"https:\\\/\\\/www.sikati.de\\\/#organization\"},\"potentialAction\":[{\"@type\":\"SearchAction\",\"target\":{\"@type\":\"EntryPoint\",\"urlTemplate\":\"https:\\\/\\\/www.sikati.de\\\/?s={search_term_string}\"},\"query-input\":{\"@type\":\"PropertyValueSpecification\",\"valueRequired\":true,\"valueName\":\"search_term_string\"}}],\"inLanguage\":\"fr-FR\"},{\"@type\":\"Organization\",\"@id\":\"https:\\\/\\\/www.sikati.de\\\/#organization\",\"name\":\"Sikat\u00ed\",\"url\":\"https:\\\/\\\/www.sikati.de\\\/\",\"logo\":{\"@type\":\"ImageObject\",\"inLanguage\":\"fr-FR\",\"@id\":\"https:\\\/\\\/www.sikati.de\\\/#\\\/schema\\\/logo\\\/image\\\/\",\"url\":\"https:\\\/\\\/www.sikati.de\\\/wp-content\\\/uploads\\\/2019\\\/03\\\/cropped-cropped-sikati-logo.png\",\"contentUrl\":\"https:\\\/\\\/www.sikati.de\\\/wp-content\\\/uploads\\\/2019\\\/03\\\/cropped-cropped-sikati-logo.png\",\"width\":500,\"height\":201,\"caption\":\"Sikat\u00ed\"},\"image\":{\"@id\":\"https:\\\/\\\/www.sikati.de\\\/#\\\/schema\\\/logo\\\/image\\\/\"},\"sameAs\":[\"https:\\\/\\\/www.facebook.com\\\/Arts.Decoration.Style\",\"https:\\\/\\\/www.instagram.com\\\/sikati_arts\\\/\",\"https:\\\/\\\/www.tiktok.com\\\/@sikati_arts\"]}]}<\/script>\n<!-- \/ Yoast SEO plugin. -->","yoast_head_json":{"title":"Kaftankleid \u201eAmara\u201c in Schwarz mit pinken Pailletten - Sikat\u00ed","description":"%","robots":{"index":"index","follow":"follow","max-snippet":"max-snippet:-1","max-image-preview":"max-image-preview:large","max-video-preview":"max-video-preview:-1"},"canonical":"https:\/\/www.sikati.de\/fr\/product\/kaftankleid-amara-in-schwarz-mit-pinken-pailletten\/","og_locale":"fr_FR","og_type":"article","og_title":"Kaftankleid \u201eAmara\u201c in Schwarz mit pinken Pailletten - Sikat\u00ed","og_description":"%","og_url":"https:\/\/www.sikati.de\/fr\/product\/kaftankleid-amara-in-schwarz-mit-pinken-pailletten\/","og_site_name":"Sikat\u00ed","article_publisher":"https:\/\/www.facebook.com\/Arts.Decoration.Style","article_modified_time":"2026-03-07T08:35:34+00:00","og_image":[{"width":1707,"height":2560,"url":"https:\/\/www.sikati.de\/wp-content\/uploads\/2025\/05\/17042025-IMG_5146-scaled.jpg","type":"image\/jpeg"}],"twitter_card":"summary_large_image","twitter_misc":{"Dur\u00e9e de lecture estim\u00e9e":"1 minute"},"schema":{"@context":"https:\/\/schema.org","@graph":[{"@type":"WebPage","@id":"https:\/\/www.sikati.de\/produkt\/kaftankleid-amara-in-schwarz-mit-pinken-pailletten\/","url":"https:\/\/www.sikati.de\/produkt\/kaftankleid-amara-in-schwarz-mit-pinken-pailletten\/","name":"Kaftankleid \u201eAmara\u201c in Schwarz mit pinken Pailletten - Sikat\u00ed","isPartOf":{"@id":"https:\/\/www.sikati.de\/#website"},"primaryImageOfPage":{"@id":"https:\/\/www.sikati.de\/produkt\/kaftankleid-amara-in-schwarz-mit-pinken-pailletten\/#primaryimage"},"image":{"@id":"https:\/\/www.sikati.de\/produkt\/kaftankleid-amara-in-schwarz-mit-pinken-pailletten\/#primaryimage"},"thumbnailUrl":"https:\/\/www.sikati.de\/wp-content\/uploads\/2025\/05\/17042025-IMG_5146-scaled.jpg","datePublished":"2025-05-13T21:36:47+00:00","dateModified":"2026-03-07T08:35:34+00:00","description":"%","breadcrumb":{"@id":"https:\/\/www.sikati.de\/produkt\/kaftankleid-amara-in-schwarz-mit-pinken-pailletten\/#breadcrumb"},"inLanguage":"fr-FR","potentialAction":[{"@type":"ReadAction","target":["https:\/\/www.sikati.de\/produkt\/kaftankleid-amara-in-schwarz-mit-pinken-pailletten\/"]}]},{"@type":"ImageObject","inLanguage":"fr-FR","@id":"https:\/\/www.sikati.de\/produkt\/kaftankleid-amara-in-schwarz-mit-pinken-pailletten\/#primaryimage","url":"https:\/\/www.sikati.de\/wp-content\/uploads\/2025\/05\/17042025-IMG_5146-scaled.jpg","contentUrl":"https:\/\/www.sikati.de\/wp-content\/uploads\/2025\/05\/17042025-IMG_5146-scaled.jpg","width":1707,"height":2560},{"@type":"BreadcrumbList","@id":"https:\/\/www.sikati.de\/produkt\/kaftankleid-amara-in-schwarz-mit-pinken-pailletten\/#breadcrumb","itemListElement":[{"@type":"ListItem","position":1,"name":"Startseite","item":"https:\/\/www.sikati.de\/"},{"@type":"ListItem","position":2,"name":"Produkte","item":"https:\/\/www.sikati.de\/shop\/"},{"@type":"ListItem","position":3,"name":"Kaftankleid \u201eAmara\u201c in Schwarz mit pinken Pailletten"}]},{"@type":"WebSite","@id":"https:\/\/www.sikati.de\/#website","url":"https:\/\/www.sikati.de\/","name":"Sika\u00ed","description":"Afro Contemporary Fashion &amp; Living","publisher":{"@id":"https:\/\/www.sikati.de\/#organization"},"potentialAction":[{"@type":"SearchAction","target":{"@type":"EntryPoint","urlTemplate":"https:\/\/www.sikati.de\/?s={search_term_string}"},"query-input":{"@type":"PropertyValueSpecification","valueRequired":true,"valueName":"search_term_string"}}],"inLanguage":"fr-FR"},{"@type":"Organization","@id":"https:\/\/www.sikati.de\/#organization","name":"Sika\u00ed","url":"https:\/\/www.sikati.de\/","logo":{"@type":"ImageObject","inLanguage":"fr-FR","@id":"https:\/\/www.sikati.de\/#\/schema\/logo\/image\/","url":"https:\/\/www.sikati.de\/wp-content\/uploads\/2019\/03\/cropped-cropped-sikati-logo.png","contentUrl":"https:\/\/www.sikati.de\/wp-content\/uploads\/2019\/03\/cropped-cropped-sikati-logo.png","width":500,"height":201,"caption":"Sikat\u00ed"},"image":{"@id":"https:\/\/www.sikati.de\/#\/schema\/logo\/image\/"},"sameAs":["https:\/\/www.facebook.com\/Arts.Decoration.Style","https:\/\/www.instagram.com\/sikati_arts\/","https:\/\/www.tiktok.com\/@sikati_arts"]}]}},"_links":{"self":[{"href":"https:\/\/www.sikati.de\/fr\/wp-json\/wp\/v2\/product\/12215","targetHints":{"allow":["GET"]}}],"collection":[{"href":"https:\/\/www.sikati.de\/fr\/wp-json\/wp\/v2\/product"}],"about":[{"href":"https:\/\/www.sikati.de\/fr\/wp-json\/wp\/v2\/types\/product"}],"wp:featuredmedia":[{"embeddable":true,"href":"https:\/\/www.sikati.de\/fr\/wp-json\/wp\/v2\/media\/12032"}],"wp:attachment":[{"href":"https:\/\/www.sikati.de\/fr\/wp-json\/wp\/v2\/media?parent=12215"}],"wp:term":[{"taxonomy":"product_brand","embeddable":true,"href":"https:\/\/www.sikati.de\/fr\/wp-json\/wp\/v2\/product_brand?post=12215"},{"taxonomy":"product_cat","embeddable":true,"href":"https:\/\/www.sikati.de\/fr\/wp-json\/wp\/v2\/product_cat?post=12215"},{"taxonomy":"product_tag","embeddable":true,"href":"https:\/\/www.sikati.de\/fr\/wp-json\/wp\/v2\/product_tag?post=12215"}],"curies":[{"name":"wp","href":"https:\/\/api.w.org\/{rel}","templated":true}]}}