{"id":12217,"date":"2025-05-14T00:04:21","date_gmt":"2025-05-13T22:04:21","guid":{"rendered":"https:\/\/www.sikati.de\/?post_type=product&#038;p=12217"},"modified":"2026-03-21T19:42:29","modified_gmt":"2026-03-21T18:42:29","slug":"kaftankleid-nayeli-in-koenigsblau-mit-pinken-pailletten","status":"publish","type":"product","link":"https:\/\/www.sikati.de\/fr\/produit\/kaftankleid-nayeli-in-koenigsblau-mit-pinken-pailletten\/","title":{"rendered":"Sikat\u00ed \u201eRoyal Glow Kaftan Kleid\u201c \u2013 mit pinken Akzenten"},"content":{"rendered":"<p class=\"\" data-start=\"198\" data-end=\"611\">Le <strong data-start=\"390\" data-end=\"426\">SIKAT\u00cd \u201eRoyal Glow Kaftan Dress\u201c<\/strong> ist ein exklusives Couture-Runway-Piece, das auf der <strong data-start=\"480\" data-end=\"518\">Semaine de la mode africaine de Cologne (AFWC)<\/strong> pr\u00e4sentiert wurde.<br data-start=\"537\" data-end=\"540\" \/>Das Kleid beeindruckt durch seinen intensiven Royalblau-Ton aus gl\u00e4nzendem <strong data-start=\"629\" data-end=\"638\">Satin<\/strong>, der bei jeder Bewegung Licht reflektiert und dem Look einen luxuri\u00f6sen Charakter verleiht.<\/p>\n<ul data-start=\"613\" data-end=\"1038\">\n<li class=\"\" data-start=\"613\" data-end=\"681\">\n<p class=\"\" data-start=\"615\" data-end=\"681\"><strong data-start=\"1159\" data-end=\"1172\">Mat\u00e9riel:<\/strong> Gl\u00e4nzender Satin, weich fallend, mit kr\u00e4ftigem Farbton und dekorativem Paillettenbesatz<\/p>\n<\/li>\n<li class=\"\" data-start=\"682\" data-end=\"727\">\n<p class=\"\" data-start=\"684\" data-end=\"727\"><strong data-start=\"684\" data-end=\"694\">Couleur:<\/strong> K\u00f6nigsblau mit pinken Akzenten<\/p>\n<\/li>\n<li class=\"\" data-start=\"728\" data-end=\"803\">\n<p class=\"\" data-start=\"730\" data-end=\"803\"><strong data-start=\"730\" data-end=\"739\">Stil:<\/strong> Oversized, kurz\u00e4rmelig, knielang mit leicht abgerundetem Saum<\/p>\n<\/li>\n<li class=\"\" data-start=\"804\" data-end=\"911\">\n<p class=\"\" data-start=\"806\" data-end=\"911\"><strong data-start=\"806\" data-end=\"825\">Caract\u00e9ristiques sp\u00e9ciales :<\/strong> V-Ausschnitt mit pinker Paillettenverzierung, weiter Schnitt, flie\u00dfender Glanzstoff<\/p>\n<\/li>\n<li class=\"\" data-start=\"912\" data-end=\"1038\">\n<p class=\"\" data-start=\"914\" data-end=\"1038\"><strong data-start=\"914\" data-end=\"924\">Taille:<\/strong> Das Model ist 1,78\u202fm gro\u00df und tr\u00e4gt Gr\u00f6\u00dfe 42. Das Kleid passt ideal f\u00fcr Gr\u00f6\u00dfen 44 bis 52.<\/p>\n<\/li>\n<\/ul>","protected":false},"excerpt":{"rendered":"<p>Royalblaues Satin-Kaftankleid mit pinken Perlenakzenten \u2013 pr\u00e4sentiert auf der <strong data-start=\"1603\" data-end=\"1641\">Semaine de la mode africaine de Cologne (AFWC)<\/strong>. One size &#8211; Ideal f\u00fcr Gr\u00f6\u00dfen 44\u201352.<\/p>\n<p>Image de mode : \u00a9 Inxframe<\/p>\n<p>Pas de facture de TVA, en tant que petite entreprise selon l&#039;article 19 (1) de la loi allemande sur la TVA (UStG).<\/p>","protected":false},"featured_media":13907,"template":"","meta":{"_acf_changed":false},"product_brand":[],"product_cat":[871,1618,163],"product_tag":[2230,2192,2243,1899,2229,2241,2240,2242,2225,2223],"class_list":{"0":"post-12217","1":"product","2":"type-product","3":"status-publish","4":"has-post-thumbnail","6":"product_cat-damen-mode","7":"product_cat-kleider-damen-mode","8":"product_cat-sikati-designs","9":"product_tag-african-couture-dress","10":"product_tag-afwc-runway-dress","11":"product_tag-blaues-designer-kleid","12":"product_tag-festliches-kaftankleid","13":"product_tag-perlenverzierung-kleid","14":"product_tag-royal-glow-dress","15":"product_tag-runway-fashion","16":"product_tag-satin-kaftankleid","17":"product_tag-sikati-kaftan","18":"product_tag-sikati-mode","20":"first","21":"instock","22":"sale","23":"shipping-taxable","24":"purchasable","25":"product-type-simple"},"acf":[],"yoast_head":"<!-- This site is optimized with the Yoast SEO plugin v27.3 - https:\/\/yoast.com\/product\/yoast-seo-wordpress\/ -->\n<title>Sikat\u00ed \u201eRoyal Glow Kaftan Kleid\u201c \u2013 mit pinken Akzenten - Sikat\u00ed<\/title>\n<meta name=\"description\" content=\"%\" \/>\n<meta name=\"robots\" content=\"index, follow, max-snippet:-1, max-image-preview:large, max-video-preview:-1\" \/>\n<link rel=\"canonical\" href=\"https:\/\/www.sikati.de\/fr\/produit\/kaftankleid-nayeli-in-koenigsblau-mit-pinken-pailletten\/\" \/>\n<meta property=\"og:locale\" content=\"fr_FR\" \/>\n<meta property=\"og:type\" content=\"article\" \/>\n<meta property=\"og:title\" content=\"Sikat\u00ed \u201eRoyal Glow Kaftan Kleid\u201c \u2013 mit pinken Akzenten - Sikat\u00ed\" \/>\n<meta property=\"og:description\" content=\"%\" \/>\n<meta property=\"og:url\" content=\"https:\/\/www.sikati.de\/fr\/produit\/kaftankleid-nayeli-in-koenigsblau-mit-pinken-pailletten\/\" \/>\n<meta property=\"og:site_name\" content=\"Sikat\u00ed\" \/>\n<meta property=\"article:publisher\" content=\"https:\/\/www.facebook.com\/Arts.Decoration.Style\" \/>\n<meta property=\"article:modified_time\" content=\"2026-03-21T18:42:29+00:00\" \/>\n<meta property=\"og:image\" content=\"https:\/\/www.sikati.de\/wp-content\/uploads\/2025\/11\/IMG_3573-scaled.jpg\" \/>\n\t<meta property=\"og:image:width\" content=\"1707\" \/>\n\t<meta property=\"og:image:height\" content=\"2560\" \/>\n\t<meta property=\"og:image:type\" content=\"image\/jpeg\" \/>\n<meta name=\"twitter:card\" content=\"summary_large_image\" \/>\n<meta name=\"twitter:label1\" content=\"Dur\u00e9e de lecture estim\u00e9e\" \/>\n\t<meta name=\"twitter:data1\" content=\"1 minute\" \/>\n<script type=\"application\/ld+json\" class=\"yoast-schema-graph\">{\"@context\":\"https:\\\/\\\/schema.org\",\"@graph\":[{\"@type\":\"WebPage\",\"@id\":\"https:\\\/\\\/www.sikati.de\\\/produkt\\\/kaftankleid-nayeli-in-koenigsblau-mit-pinken-pailletten\\\/\",\"url\":\"https:\\\/\\\/www.sikati.de\\\/produkt\\\/kaftankleid-nayeli-in-koenigsblau-mit-pinken-pailletten\\\/\",\"name\":\"Sikat\u00ed \u201eRoyal Glow Kaftan Kleid\u201c \u2013 mit pinken Akzenten - Sikat\u00ed\",\"isPartOf\":{\"@id\":\"https:\\\/\\\/www.sikati.de\\\/#website\"},\"primaryImageOfPage\":{\"@id\":\"https:\\\/\\\/www.sikati.de\\\/produkt\\\/kaftankleid-nayeli-in-koenigsblau-mit-pinken-pailletten\\\/#primaryimage\"},\"image\":{\"@id\":\"https:\\\/\\\/www.sikati.de\\\/produkt\\\/kaftankleid-nayeli-in-koenigsblau-mit-pinken-pailletten\\\/#primaryimage\"},\"thumbnailUrl\":\"https:\\\/\\\/www.sikati.de\\\/wp-content\\\/uploads\\\/2025\\\/11\\\/IMG_3573-scaled.jpg\",\"datePublished\":\"2025-05-13T22:04:21+00:00\",\"dateModified\":\"2026-03-21T18:42:29+00:00\",\"description\":\"%\",\"breadcrumb\":{\"@id\":\"https:\\\/\\\/www.sikati.de\\\/produkt\\\/kaftankleid-nayeli-in-koenigsblau-mit-pinken-pailletten\\\/#breadcrumb\"},\"inLanguage\":\"fr-FR\",\"potentialAction\":[{\"@type\":\"ReadAction\",\"target\":[\"https:\\\/\\\/www.sikati.de\\\/produkt\\\/kaftankleid-nayeli-in-koenigsblau-mit-pinken-pailletten\\\/\"]}]},{\"@type\":\"ImageObject\",\"inLanguage\":\"fr-FR\",\"@id\":\"https:\\\/\\\/www.sikati.de\\\/produkt\\\/kaftankleid-nayeli-in-koenigsblau-mit-pinken-pailletten\\\/#primaryimage\",\"url\":\"https:\\\/\\\/www.sikati.de\\\/wp-content\\\/uploads\\\/2025\\\/11\\\/IMG_3573-scaled.jpg\",\"contentUrl\":\"https:\\\/\\\/www.sikati.de\\\/wp-content\\\/uploads\\\/2025\\\/11\\\/IMG_3573-scaled.jpg\",\"width\":1707,\"height\":2560},{\"@type\":\"BreadcrumbList\",\"@id\":\"https:\\\/\\\/www.sikati.de\\\/produkt\\\/kaftankleid-nayeli-in-koenigsblau-mit-pinken-pailletten\\\/#breadcrumb\",\"itemListElement\":[{\"@type\":\"ListItem\",\"position\":1,\"name\":\"Startseite\",\"item\":\"https:\\\/\\\/www.sikati.de\\\/\"},{\"@type\":\"ListItem\",\"position\":2,\"name\":\"Produkte\",\"item\":\"https:\\\/\\\/www.sikati.de\\\/shop\\\/\"},{\"@type\":\"ListItem\",\"position\":3,\"name\":\"Sikat\u00ed \u201eRoyal Glow Kaftan Kleid\u201c \u2013 mit pinken Akzenten\"}]},{\"@type\":\"WebSite\",\"@id\":\"https:\\\/\\\/www.sikati.de\\\/#website\",\"url\":\"https:\\\/\\\/www.sikati.de\\\/\",\"name\":\"Sikat\u00ed\",\"description\":\"Afro Contemporary Fashion &amp; Living\",\"publisher\":{\"@id\":\"https:\\\/\\\/www.sikati.de\\\/#organization\"},\"potentialAction\":[{\"@type\":\"SearchAction\",\"target\":{\"@type\":\"EntryPoint\",\"urlTemplate\":\"https:\\\/\\\/www.sikati.de\\\/?s={search_term_string}\"},\"query-input\":{\"@type\":\"PropertyValueSpecification\",\"valueRequired\":true,\"valueName\":\"search_term_string\"}}],\"inLanguage\":\"fr-FR\"},{\"@type\":\"Organization\",\"@id\":\"https:\\\/\\\/www.sikati.de\\\/#organization\",\"name\":\"Sikat\u00ed\",\"url\":\"https:\\\/\\\/www.sikati.de\\\/\",\"logo\":{\"@type\":\"ImageObject\",\"inLanguage\":\"fr-FR\",\"@id\":\"https:\\\/\\\/www.sikati.de\\\/#\\\/schema\\\/logo\\\/image\\\/\",\"url\":\"https:\\\/\\\/www.sikati.de\\\/wp-content\\\/uploads\\\/2019\\\/03\\\/cropped-cropped-sikati-logo.png\",\"contentUrl\":\"https:\\\/\\\/www.sikati.de\\\/wp-content\\\/uploads\\\/2019\\\/03\\\/cropped-cropped-sikati-logo.png\",\"width\":500,\"height\":201,\"caption\":\"Sikat\u00ed\"},\"image\":{\"@id\":\"https:\\\/\\\/www.sikati.de\\\/#\\\/schema\\\/logo\\\/image\\\/\"},\"sameAs\":[\"https:\\\/\\\/www.facebook.com\\\/Arts.Decoration.Style\",\"https:\\\/\\\/www.instagram.com\\\/sikati_arts\\\/\",\"https:\\\/\\\/www.tiktok.com\\\/@sikati_arts\"]}]}<\/script>\n<!-- \/ Yoast SEO plugin. -->","yoast_head_json":{"title":"Sikat\u00ed \u201eRoyal Glow Kaftan Kleid\u201c \u2013 mit pinken Akzenten - Sikat\u00ed","description":"%","robots":{"index":"index","follow":"follow","max-snippet":"max-snippet:-1","max-image-preview":"max-image-preview:large","max-video-preview":"max-video-preview:-1"},"canonical":"https:\/\/www.sikati.de\/fr\/produit\/kaftankleid-nayeli-in-koenigsblau-mit-pinken-pailletten\/","og_locale":"fr_FR","og_type":"article","og_title":"Sikat\u00ed \u201eRoyal Glow Kaftan Kleid\u201c \u2013 mit pinken Akzenten - Sikat\u00ed","og_description":"%","og_url":"https:\/\/www.sikati.de\/fr\/produit\/kaftankleid-nayeli-in-koenigsblau-mit-pinken-pailletten\/","og_site_name":"Sikat\u00ed","article_publisher":"https:\/\/www.facebook.com\/Arts.Decoration.Style","article_modified_time":"2026-03-21T18:42:29+00:00","og_image":[{"width":1707,"height":2560,"url":"https:\/\/www.sikati.de\/wp-content\/uploads\/2025\/11\/IMG_3573-scaled.jpg","type":"image\/jpeg"}],"twitter_card":"summary_large_image","twitter_misc":{"Dur\u00e9e de lecture estim\u00e9e":"1 minute"},"schema":{"@context":"https:\/\/schema.org","@graph":[{"@type":"WebPage","@id":"https:\/\/www.sikati.de\/produkt\/kaftankleid-nayeli-in-koenigsblau-mit-pinken-pailletten\/","url":"https:\/\/www.sikati.de\/produkt\/kaftankleid-nayeli-in-koenigsblau-mit-pinken-pailletten\/","name":"Sikat\u00ed \u201eRoyal Glow Kaftan Kleid\u201c \u2013 mit pinken Akzenten - Sikat\u00ed","isPartOf":{"@id":"https:\/\/www.sikati.de\/#website"},"primaryImageOfPage":{"@id":"https:\/\/www.sikati.de\/produkt\/kaftankleid-nayeli-in-koenigsblau-mit-pinken-pailletten\/#primaryimage"},"image":{"@id":"https:\/\/www.sikati.de\/produkt\/kaftankleid-nayeli-in-koenigsblau-mit-pinken-pailletten\/#primaryimage"},"thumbnailUrl":"https:\/\/www.sikati.de\/wp-content\/uploads\/2025\/11\/IMG_3573-scaled.jpg","datePublished":"2025-05-13T22:04:21+00:00","dateModified":"2026-03-21T18:42:29+00:00","description":"%","breadcrumb":{"@id":"https:\/\/www.sikati.de\/produkt\/kaftankleid-nayeli-in-koenigsblau-mit-pinken-pailletten\/#breadcrumb"},"inLanguage":"fr-FR","potentialAction":[{"@type":"ReadAction","target":["https:\/\/www.sikati.de\/produkt\/kaftankleid-nayeli-in-koenigsblau-mit-pinken-pailletten\/"]}]},{"@type":"ImageObject","inLanguage":"fr-FR","@id":"https:\/\/www.sikati.de\/produkt\/kaftankleid-nayeli-in-koenigsblau-mit-pinken-pailletten\/#primaryimage","url":"https:\/\/www.sikati.de\/wp-content\/uploads\/2025\/11\/IMG_3573-scaled.jpg","contentUrl":"https:\/\/www.sikati.de\/wp-content\/uploads\/2025\/11\/IMG_3573-scaled.jpg","width":1707,"height":2560},{"@type":"BreadcrumbList","@id":"https:\/\/www.sikati.de\/produkt\/kaftankleid-nayeli-in-koenigsblau-mit-pinken-pailletten\/#breadcrumb","itemListElement":[{"@type":"ListItem","position":1,"name":"Startseite","item":"https:\/\/www.sikati.de\/"},{"@type":"ListItem","position":2,"name":"Produkte","item":"https:\/\/www.sikati.de\/shop\/"},{"@type":"ListItem","position":3,"name":"Sikat\u00ed \u201eRoyal Glow Kaftan Kleid\u201c \u2013 mit pinken Akzenten"}]},{"@type":"WebSite","@id":"https:\/\/www.sikati.de\/#website","url":"https:\/\/www.sikati.de\/","name":"Sika\u00ed","description":"Afro Contemporary Fashion &amp; Living","publisher":{"@id":"https:\/\/www.sikati.de\/#organization"},"potentialAction":[{"@type":"SearchAction","target":{"@type":"EntryPoint","urlTemplate":"https:\/\/www.sikati.de\/?s={search_term_string}"},"query-input":{"@type":"PropertyValueSpecification","valueRequired":true,"valueName":"search_term_string"}}],"inLanguage":"fr-FR"},{"@type":"Organization","@id":"https:\/\/www.sikati.de\/#organization","name":"Sika\u00ed","url":"https:\/\/www.sikati.de\/","logo":{"@type":"ImageObject","inLanguage":"fr-FR","@id":"https:\/\/www.sikati.de\/#\/schema\/logo\/image\/","url":"https:\/\/www.sikati.de\/wp-content\/uploads\/2019\/03\/cropped-cropped-sikati-logo.png","contentUrl":"https:\/\/www.sikati.de\/wp-content\/uploads\/2019\/03\/cropped-cropped-sikati-logo.png","width":500,"height":201,"caption":"Sikat\u00ed"},"image":{"@id":"https:\/\/www.sikati.de\/#\/schema\/logo\/image\/"},"sameAs":["https:\/\/www.facebook.com\/Arts.Decoration.Style","https:\/\/www.instagram.com\/sikati_arts\/","https:\/\/www.tiktok.com\/@sikati_arts"]}]}},"_links":{"self":[{"href":"https:\/\/www.sikati.de\/fr\/wp-json\/wp\/v2\/product\/12217","targetHints":{"allow":["GET"]}}],"collection":[{"href":"https:\/\/www.sikati.de\/fr\/wp-json\/wp\/v2\/product"}],"about":[{"href":"https:\/\/www.sikati.de\/fr\/wp-json\/wp\/v2\/types\/product"}],"wp:featuredmedia":[{"embeddable":true,"href":"https:\/\/www.sikati.de\/fr\/wp-json\/wp\/v2\/media\/13907"}],"wp:attachment":[{"href":"https:\/\/www.sikati.de\/fr\/wp-json\/wp\/v2\/media?parent=12217"}],"wp:term":[{"taxonomy":"product_brand","embeddable":true,"href":"https:\/\/www.sikati.de\/fr\/wp-json\/wp\/v2\/product_brand?post=12217"},{"taxonomy":"product_cat","embeddable":true,"href":"https:\/\/www.sikati.de\/fr\/wp-json\/wp\/v2\/product_cat?post=12217"},{"taxonomy":"product_tag","embeddable":true,"href":"https:\/\/www.sikati.de\/fr\/wp-json\/wp\/v2\/product_tag?post=12217"}],"curies":[{"name":"wp","href":"https:\/\/api.w.org\/{rel}","templated":true}]}}