{"id":12225,"date":"2025-05-28T21:38:16","date_gmt":"2025-05-28T19:38:16","guid":{"rendered":"https:\/\/www.sikati.de\/?post_type=product&#038;p=12225"},"modified":"2026-03-21T20:02:38","modified_gmt":"2026-03-21T19:02:38","slug":"kaftankleid-mira-in-pink-mit-schwarzen-pailletten","status":"publish","type":"product","link":"https:\/\/www.sikati.de\/fr\/produit\/kaftankleid-mira-in-pink-mit-schwarzen-pailletten\/","title":{"rendered":"Kaftankleid \u201eMira\u201c in Rosa mit schwarzen Pailletten"},"content":{"rendered":"<p data-start=\"219\" data-end=\"664\"><strong>Mit dem Kaftankleid \u201eMira\u201c<\/strong> setzt du auf feminine Eleganz mit einem modernen Touch. Der zart gl\u00e4nzende Rosaton des Mikado-Stoffs trifft auf ein schwarzes Pailletten-Dreieck in Chevron-Optik \u2013 ein stilvoller Kontrast, der das Kleid zu einem echten Blickfang macht. Der Oversized-Schnitt sorgt f\u00fcr ein angenehmes Tragegef\u00fchl und einen legeren Fall \u2013 ideal f\u00fcr festliche Anl\u00e4sse, besondere Auftritte oder warme Sommertage.<\/p>\n<p data-start=\"752\" data-end=\"815\"><strong data-start=\"752\" data-end=\"765\">Mat\u00e9riel: <\/strong>Gl\u00e4nzender Mikado (Polyester), Paillettenbesatz<\/p>\n<p data-start=\"817\" data-end=\"857\"><strong data-start=\"817\" data-end=\"827\">Couleur: <\/strong>Rosa mit schwarzen Akzenten<\/p>\n<p data-start=\"859\" data-end=\"944\"><strong data-start=\"859\" data-end=\"878\">Stil &amp; Schnitt: <\/strong>Oversized, kurz\u00e4rmelig, knielang<br data-start=\"913\" data-end=\"916\" \/>V-Ausschnitt, locker fallend<\/p>\n<p data-start=\"946\" data-end=\"967\"><strong data-start=\"946\" data-end=\"965\">Caract\u00e9ristiques sp\u00e9ciales :<\/strong><\/p>\n<ul data-start=\"968\" data-end=\"1146\">\n<li data-start=\"968\" data-end=\"1009\">\n<p data-start=\"970\" data-end=\"1009\">Paillettenverzierung in Chevron-Optik<\/p>\n<\/li>\n<li data-start=\"1010\" data-end=\"1076\">\n<p data-start=\"1012\" data-end=\"1076\">Fester, leicht strukturierter Mikado-Stoff mit elegantem Glanz<\/p>\n<\/li>\n<li data-start=\"1077\" data-end=\"1107\">\n<p data-start=\"1079\" data-end=\"1107\">Bequemer Oversized-Schnitt<\/p>\n<\/li>\n<\/ul>\n<p data-start=\"1148\" data-end=\"1348\"><strong data-start=\"1148\" data-end=\"1158\">Taille:<\/strong><br data-start=\"1158\" data-end=\"1161\" \/>Das Model ist 1,78\u202fm gro\u00df und tr\u00e4gt Gr\u00f6\u00dfe 42.<br data-start=\"1206\" data-end=\"1209\" \/>Das Kleid passt ideal f\u00fcr Gr\u00f6\u00dfen 42\u201348 mit lockerem Sitz.<\/p>\n<p data-start=\"658\" data-end=\"761\">.<\/p>","protected":false},"excerpt":{"rendered":"<p data-start=\"1350\" data-end=\"1501\">Kaftankleid aus rosafarbenem Mikado mit schwarzen Pailletten. Oversized-Schnitt f\u00fcr Gr\u00f6\u00dfen 42\u201348. One size, stilvoll, bequem und modern.<\/p>\n<p>Pas de facture de TVA, en tant que petite entreprise selon l&#039;article 19 (1) de la loi allemande sur la TVA (UStG).<\/p>","protected":false},"featured_media":12055,"template":"","meta":{"_acf_changed":false},"product_brand":[],"product_cat":[871,1618,163],"product_tag":[1798,1623,1800,1762,1797,1796,1776,1770,1535,1531],"class_list":{"0":"post-12225","1":"product","2":"type-product","3":"status-publish","4":"has-post-thumbnail","6":"product_cat-damen-mode","7":"product_cat-kleider-damen-mode","8":"product_cat-sikati-designs","9":"product_tag-chevron","10":"product_tag-elegant","11":"product_tag-glanz","12":"product_tag-kaftan","13":"product_tag-mikado","14":"product_tag-oversized","15":"product_tag-pailletten","16":"product_tag-plus-size","17":"product_tag-rosa","18":"product_tag-sikati","20":"first","21":"instock","22":"sale","23":"shipping-taxable","24":"purchasable","25":"product-type-simple"},"acf":[],"yoast_head":"<!-- This site is optimized with the Yoast SEO plugin v27.3 - https:\/\/yoast.com\/product\/yoast-seo-wordpress\/ -->\n<title>Kaftankleid \u201eMira\u201c in Rosa mit schwarzen Pailletten - Sikat\u00ed<\/title>\n<meta name=\"description\" content=\"%\" \/>\n<meta name=\"robots\" content=\"index, follow, max-snippet:-1, max-image-preview:large, max-video-preview:-1\" \/>\n<link rel=\"canonical\" href=\"https:\/\/www.sikati.de\/fr\/produit\/kaftankleid-mira-in-pink-mit-schwarzen-pailletten\/\" \/>\n<meta property=\"og:locale\" content=\"fr_FR\" \/>\n<meta property=\"og:type\" content=\"article\" \/>\n<meta property=\"og:title\" content=\"Kaftankleid \u201eMira\u201c in Rosa mit schwarzen Pailletten - Sikat\u00ed\" \/>\n<meta property=\"og:description\" content=\"%\" \/>\n<meta property=\"og:url\" content=\"https:\/\/www.sikati.de\/fr\/produit\/kaftankleid-mira-in-pink-mit-schwarzen-pailletten\/\" \/>\n<meta property=\"og:site_name\" content=\"Sikat\u00ed\" \/>\n<meta property=\"article:publisher\" content=\"https:\/\/www.facebook.com\/Arts.Decoration.Style\" \/>\n<meta property=\"article:modified_time\" content=\"2026-03-21T19:02:38+00:00\" \/>\n<meta property=\"og:image\" content=\"https:\/\/www.sikati.de\/wp-content\/uploads\/2025\/05\/17042025-IMG_5257-scaled.jpg\" \/>\n\t<meta property=\"og:image:width\" content=\"1707\" \/>\n\t<meta property=\"og:image:height\" content=\"2560\" \/>\n\t<meta property=\"og:image:type\" content=\"image\/jpeg\" \/>\n<meta name=\"twitter:card\" content=\"summary_large_image\" \/>\n<meta name=\"twitter:label1\" content=\"Dur\u00e9e de lecture estim\u00e9e\" \/>\n\t<meta name=\"twitter:data1\" content=\"1 minute\" \/>\n<script type=\"application\/ld+json\" class=\"yoast-schema-graph\">{\"@context\":\"https:\\\/\\\/schema.org\",\"@graph\":[{\"@type\":\"WebPage\",\"@id\":\"https:\\\/\\\/www.sikati.de\\\/produkt\\\/kaftankleid-mira-in-pink-mit-schwarzen-pailletten\\\/\",\"url\":\"https:\\\/\\\/www.sikati.de\\\/produkt\\\/kaftankleid-mira-in-pink-mit-schwarzen-pailletten\\\/\",\"name\":\"Kaftankleid \u201eMira\u201c in Rosa mit schwarzen Pailletten - Sikat\u00ed\",\"isPartOf\":{\"@id\":\"https:\\\/\\\/www.sikati.de\\\/#website\"},\"primaryImageOfPage\":{\"@id\":\"https:\\\/\\\/www.sikati.de\\\/produkt\\\/kaftankleid-mira-in-pink-mit-schwarzen-pailletten\\\/#primaryimage\"},\"image\":{\"@id\":\"https:\\\/\\\/www.sikati.de\\\/produkt\\\/kaftankleid-mira-in-pink-mit-schwarzen-pailletten\\\/#primaryimage\"},\"thumbnailUrl\":\"https:\\\/\\\/www.sikati.de\\\/wp-content\\\/uploads\\\/2025\\\/05\\\/17042025-IMG_5257-scaled.jpg\",\"datePublished\":\"2025-05-28T19:38:16+00:00\",\"dateModified\":\"2026-03-21T19:02:38+00:00\",\"description\":\"%\",\"breadcrumb\":{\"@id\":\"https:\\\/\\\/www.sikati.de\\\/produkt\\\/kaftankleid-mira-in-pink-mit-schwarzen-pailletten\\\/#breadcrumb\"},\"inLanguage\":\"fr-FR\",\"potentialAction\":[{\"@type\":\"ReadAction\",\"target\":[\"https:\\\/\\\/www.sikati.de\\\/produkt\\\/kaftankleid-mira-in-pink-mit-schwarzen-pailletten\\\/\"]}]},{\"@type\":\"ImageObject\",\"inLanguage\":\"fr-FR\",\"@id\":\"https:\\\/\\\/www.sikati.de\\\/produkt\\\/kaftankleid-mira-in-pink-mit-schwarzen-pailletten\\\/#primaryimage\",\"url\":\"https:\\\/\\\/www.sikati.de\\\/wp-content\\\/uploads\\\/2025\\\/05\\\/17042025-IMG_5257-scaled.jpg\",\"contentUrl\":\"https:\\\/\\\/www.sikati.de\\\/wp-content\\\/uploads\\\/2025\\\/05\\\/17042025-IMG_5257-scaled.jpg\",\"width\":1707,\"height\":2560},{\"@type\":\"BreadcrumbList\",\"@id\":\"https:\\\/\\\/www.sikati.de\\\/produkt\\\/kaftankleid-mira-in-pink-mit-schwarzen-pailletten\\\/#breadcrumb\",\"itemListElement\":[{\"@type\":\"ListItem\",\"position\":1,\"name\":\"Startseite\",\"item\":\"https:\\\/\\\/www.sikati.de\\\/\"},{\"@type\":\"ListItem\",\"position\":2,\"name\":\"Produkte\",\"item\":\"https:\\\/\\\/www.sikati.de\\\/shop\\\/\"},{\"@type\":\"ListItem\",\"position\":3,\"name\":\"Kaftankleid \u201eMira\u201c in Rosa mit schwarzen Pailletten\"}]},{\"@type\":\"WebSite\",\"@id\":\"https:\\\/\\\/www.sikati.de\\\/#website\",\"url\":\"https:\\\/\\\/www.sikati.de\\\/\",\"name\":\"Sikat\u00ed\",\"description\":\"Afro Contemporary Fashion &amp; Living\",\"publisher\":{\"@id\":\"https:\\\/\\\/www.sikati.de\\\/#organization\"},\"potentialAction\":[{\"@type\":\"SearchAction\",\"target\":{\"@type\":\"EntryPoint\",\"urlTemplate\":\"https:\\\/\\\/www.sikati.de\\\/?s={search_term_string}\"},\"query-input\":{\"@type\":\"PropertyValueSpecification\",\"valueRequired\":true,\"valueName\":\"search_term_string\"}}],\"inLanguage\":\"fr-FR\"},{\"@type\":\"Organization\",\"@id\":\"https:\\\/\\\/www.sikati.de\\\/#organization\",\"name\":\"Sikat\u00ed\",\"url\":\"https:\\\/\\\/www.sikati.de\\\/\",\"logo\":{\"@type\":\"ImageObject\",\"inLanguage\":\"fr-FR\",\"@id\":\"https:\\\/\\\/www.sikati.de\\\/#\\\/schema\\\/logo\\\/image\\\/\",\"url\":\"https:\\\/\\\/www.sikati.de\\\/wp-content\\\/uploads\\\/2019\\\/03\\\/cropped-cropped-sikati-logo.png\",\"contentUrl\":\"https:\\\/\\\/www.sikati.de\\\/wp-content\\\/uploads\\\/2019\\\/03\\\/cropped-cropped-sikati-logo.png\",\"width\":500,\"height\":201,\"caption\":\"Sikat\u00ed\"},\"image\":{\"@id\":\"https:\\\/\\\/www.sikati.de\\\/#\\\/schema\\\/logo\\\/image\\\/\"},\"sameAs\":[\"https:\\\/\\\/www.facebook.com\\\/Arts.Decoration.Style\",\"https:\\\/\\\/www.instagram.com\\\/sikati_arts\\\/\",\"https:\\\/\\\/www.tiktok.com\\\/@sikati_arts\"]}]}<\/script>\n<!-- \/ Yoast SEO plugin. -->","yoast_head_json":{"title":"Kaftankleid \u201eMira\u201c in Rosa mit schwarzen Pailletten - Sikat\u00ed","description":"%","robots":{"index":"index","follow":"follow","max-snippet":"max-snippet:-1","max-image-preview":"max-image-preview:large","max-video-preview":"max-video-preview:-1"},"canonical":"https:\/\/www.sikati.de\/fr\/produit\/kaftankleid-mira-in-pink-mit-schwarzen-pailletten\/","og_locale":"fr_FR","og_type":"article","og_title":"Kaftankleid \u201eMira\u201c in Rosa mit schwarzen Pailletten - Sikat\u00ed","og_description":"%","og_url":"https:\/\/www.sikati.de\/fr\/produit\/kaftankleid-mira-in-pink-mit-schwarzen-pailletten\/","og_site_name":"Sikat\u00ed","article_publisher":"https:\/\/www.facebook.com\/Arts.Decoration.Style","article_modified_time":"2026-03-21T19:02:38+00:00","og_image":[{"width":1707,"height":2560,"url":"https:\/\/www.sikati.de\/wp-content\/uploads\/2025\/05\/17042025-IMG_5257-scaled.jpg","type":"image\/jpeg"}],"twitter_card":"summary_large_image","twitter_misc":{"Dur\u00e9e de lecture estim\u00e9e":"1 minute"},"schema":{"@context":"https:\/\/schema.org","@graph":[{"@type":"WebPage","@id":"https:\/\/www.sikati.de\/produkt\/kaftankleid-mira-in-pink-mit-schwarzen-pailletten\/","url":"https:\/\/www.sikati.de\/produkt\/kaftankleid-mira-in-pink-mit-schwarzen-pailletten\/","name":"Kaftankleid \u201eMira\u201c in Rosa mit schwarzen Pailletten - Sikat\u00ed","isPartOf":{"@id":"https:\/\/www.sikati.de\/#website"},"primaryImageOfPage":{"@id":"https:\/\/www.sikati.de\/produkt\/kaftankleid-mira-in-pink-mit-schwarzen-pailletten\/#primaryimage"},"image":{"@id":"https:\/\/www.sikati.de\/produkt\/kaftankleid-mira-in-pink-mit-schwarzen-pailletten\/#primaryimage"},"thumbnailUrl":"https:\/\/www.sikati.de\/wp-content\/uploads\/2025\/05\/17042025-IMG_5257-scaled.jpg","datePublished":"2025-05-28T19:38:16+00:00","dateModified":"2026-03-21T19:02:38+00:00","description":"%","breadcrumb":{"@id":"https:\/\/www.sikati.de\/produkt\/kaftankleid-mira-in-pink-mit-schwarzen-pailletten\/#breadcrumb"},"inLanguage":"fr-FR","potentialAction":[{"@type":"ReadAction","target":["https:\/\/www.sikati.de\/produkt\/kaftankleid-mira-in-pink-mit-schwarzen-pailletten\/"]}]},{"@type":"ImageObject","inLanguage":"fr-FR","@id":"https:\/\/www.sikati.de\/produkt\/kaftankleid-mira-in-pink-mit-schwarzen-pailletten\/#primaryimage","url":"https:\/\/www.sikati.de\/wp-content\/uploads\/2025\/05\/17042025-IMG_5257-scaled.jpg","contentUrl":"https:\/\/www.sikati.de\/wp-content\/uploads\/2025\/05\/17042025-IMG_5257-scaled.jpg","width":1707,"height":2560},{"@type":"BreadcrumbList","@id":"https:\/\/www.sikati.de\/produkt\/kaftankleid-mira-in-pink-mit-schwarzen-pailletten\/#breadcrumb","itemListElement":[{"@type":"ListItem","position":1,"name":"Startseite","item":"https:\/\/www.sikati.de\/"},{"@type":"ListItem","position":2,"name":"Produkte","item":"https:\/\/www.sikati.de\/shop\/"},{"@type":"ListItem","position":3,"name":"Kaftankleid \u201eMira\u201c in Rosa mit schwarzen Pailletten"}]},{"@type":"WebSite","@id":"https:\/\/www.sikati.de\/#website","url":"https:\/\/www.sikati.de\/","name":"Sika\u00ed","description":"Afro Contemporary Fashion &amp; Living","publisher":{"@id":"https:\/\/www.sikati.de\/#organization"},"potentialAction":[{"@type":"SearchAction","target":{"@type":"EntryPoint","urlTemplate":"https:\/\/www.sikati.de\/?s={search_term_string}"},"query-input":{"@type":"PropertyValueSpecification","valueRequired":true,"valueName":"search_term_string"}}],"inLanguage":"fr-FR"},{"@type":"Organization","@id":"https:\/\/www.sikati.de\/#organization","name":"Sika\u00ed","url":"https:\/\/www.sikati.de\/","logo":{"@type":"ImageObject","inLanguage":"fr-FR","@id":"https:\/\/www.sikati.de\/#\/schema\/logo\/image\/","url":"https:\/\/www.sikati.de\/wp-content\/uploads\/2019\/03\/cropped-cropped-sikati-logo.png","contentUrl":"https:\/\/www.sikati.de\/wp-content\/uploads\/2019\/03\/cropped-cropped-sikati-logo.png","width":500,"height":201,"caption":"Sikat\u00ed"},"image":{"@id":"https:\/\/www.sikati.de\/#\/schema\/logo\/image\/"},"sameAs":["https:\/\/www.facebook.com\/Arts.Decoration.Style","https:\/\/www.instagram.com\/sikati_arts\/","https:\/\/www.tiktok.com\/@sikati_arts"]}]}},"_links":{"self":[{"href":"https:\/\/www.sikati.de\/fr\/wp-json\/wp\/v2\/product\/12225","targetHints":{"allow":["GET"]}}],"collection":[{"href":"https:\/\/www.sikati.de\/fr\/wp-json\/wp\/v2\/product"}],"about":[{"href":"https:\/\/www.sikati.de\/fr\/wp-json\/wp\/v2\/types\/product"}],"wp:featuredmedia":[{"embeddable":true,"href":"https:\/\/www.sikati.de\/fr\/wp-json\/wp\/v2\/media\/12055"}],"wp:attachment":[{"href":"https:\/\/www.sikati.de\/fr\/wp-json\/wp\/v2\/media?parent=12225"}],"wp:term":[{"taxonomy":"product_brand","embeddable":true,"href":"https:\/\/www.sikati.de\/fr\/wp-json\/wp\/v2\/product_brand?post=12225"},{"taxonomy":"product_cat","embeddable":true,"href":"https:\/\/www.sikati.de\/fr\/wp-json\/wp\/v2\/product_cat?post=12225"},{"taxonomy":"product_tag","embeddable":true,"href":"https:\/\/www.sikati.de\/fr\/wp-json\/wp\/v2\/product_tag?post=12225"}],"curies":[{"name":"wp","href":"https:\/\/api.w.org\/{rel}","templated":true}]}}