{"id":12599,"date":"2025-07-13T22:17:16","date_gmt":"2025-07-13T20:17:16","guid":{"rendered":"https:\/\/www.sikati.de\/?post_type=product&#038;p=12599"},"modified":"2026-03-21T20:02:05","modified_gmt":"2026-03-21T19:02:05","slug":"kaftan-power-sparkle","status":"publish","type":"product","link":"https:\/\/www.sikati.de\/fr\/produit\/kaftan-power-sparkle\/","title":{"rendered":"Kaftan \u201e\u00a0\u00c9clat de puissance\u00a0\u201c"},"content":{"rendered":"<p data-start=\"146\" data-end=\"658\">Le caftan \u201e\u00a0Power Sparkle\u00a0\u201c allie force et glamour \u00e0 la perfection. Confectionn\u00e9 en satin noir mi-lourd, il apporte profondeur et texture \u00e0 la silhouette. Son motif de sequins en forme de V, d&#039;un rose-rouge \u00e9clatant, dynamise la pi\u00e8ce et attire tous les regards. Sa coupe ample et ses manches courtes assurent une grande libert\u00e9 de mouvement et un style r\u00e9solument moderne. Ce caftan convient parfaitement aux tailles 44 \u00e0 52.<\/p>\n<p data-start=\"660\" data-end=\"672\"><strong data-start=\"660\" data-end=\"672\">D\u00e9tails:<\/strong><\/p>\n<ul data-start=\"673\" data-end=\"988\">\n<li data-start=\"673\" data-end=\"716\">\n<p data-start=\"675\" data-end=\"716\">Couleur : Noir avec des paillettes rose-rouge<\/p>\n<\/li>\n<li data-start=\"717\" data-end=\"769\">\n<p data-start=\"719\" data-end=\"769\">Mati\u00e8re : Satin de poids moyen et tissu \u00e0 paillettes<\/p>\n<\/li>\n<li data-start=\"770\" data-end=\"807\">\n<p data-start=\"772\" data-end=\"807\">Coupe : Ample, longueur genou<\/p>\n<\/li>\n<li data-start=\"808\" data-end=\"844\">\n<p data-start=\"810\" data-end=\"844\">Mod\u00e8le : Col en V, coupe caftan<\/p>\n<\/li>\n<li data-start=\"845\" data-end=\"874\">\n<p data-start=\"847\" data-end=\"874\">Dos : Noir uni<\/p>\n<\/li>\n<li data-start=\"875\" data-end=\"919\">\n<p data-start=\"877\" data-end=\"919\">Taille : Taille unique (convient aux tailles 44 \u00e0 52)<\/p>\n<\/li>\n<\/ul>","protected":false},"excerpt":{"rendered":"<p>Robe caftan noire \u00e0 sequins rose-rouge audacieux \u2013 glamour, saisissante et confortable. Taille unique \u2013 convient aux tailles 44 \u00e0 52.<\/p>\n<p>Pas de facture de TVA, en tant que petite entreprise selon l&#039;article 19 (1) de la loi allemande sur la TVA (UStG).<\/p>","protected":false},"featured_media":12123,"template":"","meta":{"_acf_changed":false},"product_brand":[],"product_cat":[871,1618,163],"product_tag":[1881,1690,1883,1874,1878,1880,1884,1882,1879],"class_list":{"0":"post-12599","1":"product","2":"type-product","3":"status-publish","4":"has-post-thumbnail","6":"product_cat-damen-mode","7":"product_cat-kleider-damen-mode","8":"product_cat-sikati-designs","9":"product_tag-ausgehkleid-mit-glitzer","10":"product_tag-festliches-kleid-schwarz","11":"product_tag-glitzerkleid-schwarz-rot","12":"product_tag-kaftan-mit-v-ausschnitt","13":"product_tag-kaftan-schwarz-pink","14":"product_tag-kaftankleid-elegant","15":"product_tag-kleid-fuer-events-damen","16":"product_tag-oversize-kaftan-modern","17":"product_tag-pailletten-kleid-damen","19":"first","20":"instock","21":"sale","22":"shipping-taxable","23":"purchasable","24":"product-type-simple"},"acf":[],"yoast_head":"<!-- This site is optimized with the Yoast SEO plugin v27.4 - https:\/\/yoast.com\/product\/yoast-seo-wordpress\/ -->\n<title>Kaftan \u201ePower Sparkle\u201c - Sikat\u00ed<\/title>\n<meta name=\"description\" content=\"%\" \/>\n<meta name=\"robots\" content=\"index, follow, max-snippet:-1, max-image-preview:large, max-video-preview:-1\" \/>\n<link rel=\"canonical\" href=\"https:\/\/www.sikati.de\/fr\/produit\/kaftan-power-sparkle\/\" \/>\n<meta property=\"og:locale\" content=\"fr_FR\" \/>\n<meta property=\"og:type\" content=\"article\" \/>\n<meta property=\"og:title\" content=\"Kaftan \u201ePower Sparkle\u201c - Sikat\u00ed\" \/>\n<meta property=\"og:description\" content=\"%\" \/>\n<meta property=\"og:url\" content=\"https:\/\/www.sikati.de\/fr\/produit\/kaftan-power-sparkle\/\" \/>\n<meta property=\"og:site_name\" content=\"Sikat\u00ed\" \/>\n<meta property=\"article:publisher\" content=\"https:\/\/www.facebook.com\/Arts.Decoration.Style\" \/>\n<meta property=\"article:modified_time\" content=\"2026-03-21T19:02:05+00:00\" \/>\n<meta property=\"og:image\" content=\"https:\/\/www.sikati.de\/wp-content\/uploads\/2025\/05\/17042025-IMG_5584-scaled.jpg\" \/>\n\t<meta property=\"og:image:width\" content=\"1707\" \/>\n\t<meta property=\"og:image:height\" content=\"2560\" \/>\n\t<meta property=\"og:image:type\" content=\"image\/jpeg\" \/>\n<meta name=\"twitter:card\" content=\"summary_large_image\" \/>\n<meta name=\"twitter:label1\" content=\"Dur\u00e9e de lecture estim\u00e9e\" \/>\n\t<meta name=\"twitter:data1\" content=\"1 minute\" \/>\n<script type=\"application\/ld+json\" class=\"yoast-schema-graph\">{\"@context\":\"https:\\\/\\\/schema.org\",\"@graph\":[{\"@type\":\"WebPage\",\"@id\":\"https:\\\/\\\/www.sikati.de\\\/produkt\\\/kaftan-power-sparkle\\\/\",\"url\":\"https:\\\/\\\/www.sikati.de\\\/produkt\\\/kaftan-power-sparkle\\\/\",\"name\":\"Kaftan \u201ePower Sparkle\u201c - Sikat\u00ed\",\"isPartOf\":{\"@id\":\"https:\\\/\\\/www.sikati.de\\\/#website\"},\"primaryImageOfPage\":{\"@id\":\"https:\\\/\\\/www.sikati.de\\\/produkt\\\/kaftan-power-sparkle\\\/#primaryimage\"},\"image\":{\"@id\":\"https:\\\/\\\/www.sikati.de\\\/produkt\\\/kaftan-power-sparkle\\\/#primaryimage\"},\"thumbnailUrl\":\"https:\\\/\\\/www.sikati.de\\\/wp-content\\\/uploads\\\/2025\\\/05\\\/17042025-IMG_5584-scaled.jpg\",\"datePublished\":\"2025-07-13T20:17:16+00:00\",\"dateModified\":\"2026-03-21T19:02:05+00:00\",\"description\":\"%\",\"breadcrumb\":{\"@id\":\"https:\\\/\\\/www.sikati.de\\\/produkt\\\/kaftan-power-sparkle\\\/#breadcrumb\"},\"inLanguage\":\"fr-FR\",\"potentialAction\":[{\"@type\":\"ReadAction\",\"target\":[\"https:\\\/\\\/www.sikati.de\\\/produkt\\\/kaftan-power-sparkle\\\/\"]}]},{\"@type\":\"ImageObject\",\"inLanguage\":\"fr-FR\",\"@id\":\"https:\\\/\\\/www.sikati.de\\\/produkt\\\/kaftan-power-sparkle\\\/#primaryimage\",\"url\":\"https:\\\/\\\/www.sikati.de\\\/wp-content\\\/uploads\\\/2025\\\/05\\\/17042025-IMG_5584-scaled.jpg\",\"contentUrl\":\"https:\\\/\\\/www.sikati.de\\\/wp-content\\\/uploads\\\/2025\\\/05\\\/17042025-IMG_5584-scaled.jpg\",\"width\":1707,\"height\":2560},{\"@type\":\"BreadcrumbList\",\"@id\":\"https:\\\/\\\/www.sikati.de\\\/produkt\\\/kaftan-power-sparkle\\\/#breadcrumb\",\"itemListElement\":[{\"@type\":\"ListItem\",\"position\":1,\"name\":\"Startseite\",\"item\":\"https:\\\/\\\/www.sikati.de\\\/\"},{\"@type\":\"ListItem\",\"position\":2,\"name\":\"Produkte\",\"item\":\"https:\\\/\\\/www.sikati.de\\\/shop\\\/\"},{\"@type\":\"ListItem\",\"position\":3,\"name\":\"Kaftan \u201ePower Sparkle\u201c\"}]},{\"@type\":\"WebSite\",\"@id\":\"https:\\\/\\\/www.sikati.de\\\/#website\",\"url\":\"https:\\\/\\\/www.sikati.de\\\/\",\"name\":\"Sikat\u00ed\",\"description\":\"Afro Contemporary Fashion &amp; Living\",\"publisher\":{\"@id\":\"https:\\\/\\\/www.sikati.de\\\/#organization\"},\"potentialAction\":[{\"@type\":\"SearchAction\",\"target\":{\"@type\":\"EntryPoint\",\"urlTemplate\":\"https:\\\/\\\/www.sikati.de\\\/?s={search_term_string}\"},\"query-input\":{\"@type\":\"PropertyValueSpecification\",\"valueRequired\":true,\"valueName\":\"search_term_string\"}}],\"inLanguage\":\"fr-FR\"},{\"@type\":\"Organization\",\"@id\":\"https:\\\/\\\/www.sikati.de\\\/#organization\",\"name\":\"Sikat\u00ed\",\"url\":\"https:\\\/\\\/www.sikati.de\\\/\",\"logo\":{\"@type\":\"ImageObject\",\"inLanguage\":\"fr-FR\",\"@id\":\"https:\\\/\\\/www.sikati.de\\\/#\\\/schema\\\/logo\\\/image\\\/\",\"url\":\"https:\\\/\\\/www.sikati.de\\\/wp-content\\\/uploads\\\/2019\\\/03\\\/cropped-cropped-sikati-logo.png\",\"contentUrl\":\"https:\\\/\\\/www.sikati.de\\\/wp-content\\\/uploads\\\/2019\\\/03\\\/cropped-cropped-sikati-logo.png\",\"width\":500,\"height\":201,\"caption\":\"Sikat\u00ed\"},\"image\":{\"@id\":\"https:\\\/\\\/www.sikati.de\\\/#\\\/schema\\\/logo\\\/image\\\/\"},\"sameAs\":[\"https:\\\/\\\/www.facebook.com\\\/Arts.Decoration.Style\",\"https:\\\/\\\/www.instagram.com\\\/sikati_arts\\\/\",\"https:\\\/\\\/www.tiktok.com\\\/@sikati_arts\"]}]}<\/script>\n<!-- \/ Yoast SEO plugin. -->","yoast_head_json":{"title":"Kaftan \u201ePower Sparkle\u201c - Sikat\u00ed","description":"%","robots":{"index":"index","follow":"follow","max-snippet":"max-snippet:-1","max-image-preview":"max-image-preview:large","max-video-preview":"max-video-preview:-1"},"canonical":"https:\/\/www.sikati.de\/fr\/produit\/kaftan-power-sparkle\/","og_locale":"fr_FR","og_type":"article","og_title":"Kaftan \u201ePower Sparkle\u201c - Sikat\u00ed","og_description":"%","og_url":"https:\/\/www.sikati.de\/fr\/produit\/kaftan-power-sparkle\/","og_site_name":"Sikat\u00ed","article_publisher":"https:\/\/www.facebook.com\/Arts.Decoration.Style","article_modified_time":"2026-03-21T19:02:05+00:00","og_image":[{"width":1707,"height":2560,"url":"https:\/\/www.sikati.de\/wp-content\/uploads\/2025\/05\/17042025-IMG_5584-scaled.jpg","type":"image\/jpeg"}],"twitter_card":"summary_large_image","twitter_misc":{"Dur\u00e9e de lecture estim\u00e9e":"1 minute"},"schema":{"@context":"https:\/\/schema.org","@graph":[{"@type":"WebPage","@id":"https:\/\/www.sikati.de\/produkt\/kaftan-power-sparkle\/","url":"https:\/\/www.sikati.de\/produkt\/kaftan-power-sparkle\/","name":"Kaftan \u201ePower Sparkle\u201c - Sikat\u00ed","isPartOf":{"@id":"https:\/\/www.sikati.de\/#website"},"primaryImageOfPage":{"@id":"https:\/\/www.sikati.de\/produkt\/kaftan-power-sparkle\/#primaryimage"},"image":{"@id":"https:\/\/www.sikati.de\/produkt\/kaftan-power-sparkle\/#primaryimage"},"thumbnailUrl":"https:\/\/www.sikati.de\/wp-content\/uploads\/2025\/05\/17042025-IMG_5584-scaled.jpg","datePublished":"2025-07-13T20:17:16+00:00","dateModified":"2026-03-21T19:02:05+00:00","description":"%","breadcrumb":{"@id":"https:\/\/www.sikati.de\/produkt\/kaftan-power-sparkle\/#breadcrumb"},"inLanguage":"fr-FR","potentialAction":[{"@type":"ReadAction","target":["https:\/\/www.sikati.de\/produkt\/kaftan-power-sparkle\/"]}]},{"@type":"ImageObject","inLanguage":"fr-FR","@id":"https:\/\/www.sikati.de\/produkt\/kaftan-power-sparkle\/#primaryimage","url":"https:\/\/www.sikati.de\/wp-content\/uploads\/2025\/05\/17042025-IMG_5584-scaled.jpg","contentUrl":"https:\/\/www.sikati.de\/wp-content\/uploads\/2025\/05\/17042025-IMG_5584-scaled.jpg","width":1707,"height":2560},{"@type":"BreadcrumbList","@id":"https:\/\/www.sikati.de\/produkt\/kaftan-power-sparkle\/#breadcrumb","itemListElement":[{"@type":"ListItem","position":1,"name":"Startseite","item":"https:\/\/www.sikati.de\/"},{"@type":"ListItem","position":2,"name":"Produkte","item":"https:\/\/www.sikati.de\/shop\/"},{"@type":"ListItem","position":3,"name":"Kaftan \u201ePower Sparkle\u201c"}]},{"@type":"WebSite","@id":"https:\/\/www.sikati.de\/#website","url":"https:\/\/www.sikati.de\/","name":"Sika\u00ed","description":"Afro Contemporary Fashion &amp; Living","publisher":{"@id":"https:\/\/www.sikati.de\/#organization"},"potentialAction":[{"@type":"SearchAction","target":{"@type":"EntryPoint","urlTemplate":"https:\/\/www.sikati.de\/?s={search_term_string}"},"query-input":{"@type":"PropertyValueSpecification","valueRequired":true,"valueName":"search_term_string"}}],"inLanguage":"fr-FR"},{"@type":"Organization","@id":"https:\/\/www.sikati.de\/#organization","name":"Sika\u00ed","url":"https:\/\/www.sikati.de\/","logo":{"@type":"ImageObject","inLanguage":"fr-FR","@id":"https:\/\/www.sikati.de\/#\/schema\/logo\/image\/","url":"https:\/\/www.sikati.de\/wp-content\/uploads\/2019\/03\/cropped-cropped-sikati-logo.png","contentUrl":"https:\/\/www.sikati.de\/wp-content\/uploads\/2019\/03\/cropped-cropped-sikati-logo.png","width":500,"height":201,"caption":"Sikat\u00ed"},"image":{"@id":"https:\/\/www.sikati.de\/#\/schema\/logo\/image\/"},"sameAs":["https:\/\/www.facebook.com\/Arts.Decoration.Style","https:\/\/www.instagram.com\/sikati_arts\/","https:\/\/www.tiktok.com\/@sikati_arts"]}]}},"_links":{"self":[{"href":"https:\/\/www.sikati.de\/fr\/wp-json\/wp\/v2\/product\/12599","targetHints":{"allow":["GET"]}}],"collection":[{"href":"https:\/\/www.sikati.de\/fr\/wp-json\/wp\/v2\/product"}],"about":[{"href":"https:\/\/www.sikati.de\/fr\/wp-json\/wp\/v2\/types\/product"}],"wp:featuredmedia":[{"embeddable":true,"href":"https:\/\/www.sikati.de\/fr\/wp-json\/wp\/v2\/media\/12123"}],"wp:attachment":[{"href":"https:\/\/www.sikati.de\/fr\/wp-json\/wp\/v2\/media?parent=12599"}],"wp:term":[{"taxonomy":"product_brand","embeddable":true,"href":"https:\/\/www.sikati.de\/fr\/wp-json\/wp\/v2\/product_brand?post=12599"},{"taxonomy":"product_cat","embeddable":true,"href":"https:\/\/www.sikati.de\/fr\/wp-json\/wp\/v2\/product_cat?post=12599"},{"taxonomy":"product_tag","embeddable":true,"href":"https:\/\/www.sikati.de\/fr\/wp-json\/wp\/v2\/product_tag?post=12599"}],"curies":[{"name":"wp","href":"https:\/\/api.w.org\/{rel}","templated":true}]}}