{"id":12603,"date":"2025-07-14T00:14:33","date_gmt":"2025-07-13T22:14:33","guid":{"rendered":"https:\/\/www.sikati.de\/?post_type=product&#038;p=12603"},"modified":"2026-03-07T10:04:41","modified_gmt":"2026-03-07T09:04:41","slug":"produktname-beiger-satin-kaftan-mit-jacquard-detail","status":"publish","type":"product","link":"https:\/\/www.sikati.de\/fr\/produit\/produktname-beiger-satin-kaftan-mit-jacquard-detail\/","title":{"rendered":"Kaftan en satin beige avec d\u00e9tails jacquard"},"content":{"rendered":"<p data-start=\"271\" data-end=\"537\">D\u00e9couvrez l&#039;\u00e9l\u00e9gance de ce caftan artisanal en satin Mikado de haute qualit\u00e9. Cette robe beige aux reflets subtils pr\u00e9sente une coupe droite et de larges manches trois-quarts, pour une allure \u00e0 la fois d\u00e9contract\u00e9e et raffin\u00e9e.<\/p>\n<p data-start=\"539\" data-end=\"854\">L&#039;empi\u00e8cement jacquard structur\u00e9 sur le devant, aux reflets jaune dor\u00e9 et au motif abstrait, est particuli\u00e8rement remarquable. La petite fente \u00e0 l&#039;encolure apporte une touche de modernit\u00e9 \u00e0 la silhouette.<\/p>\n<p><strong>D\u00e9tails du produit\u00a0:<\/strong><\/p>\n<ul>\n<li data-start=\"1157\" data-end=\"1236\">\n<p data-start=\"1159\" data-end=\"1236\"><strong data-start=\"1159\" data-end=\"1172\">Mat\u00e9riel:<\/strong>\u00a0Mikado de haute qualit\u00e9 (textur\u00e9, satin l\u00e9g\u00e8rement brillant)<\/p>\n<\/li>\n<li data-start=\"1237\" data-end=\"1299\">\n<p data-start=\"1239\" data-end=\"1299\"><strong data-start=\"1239\" data-end=\"1249\">Couleur:<\/strong> Beige \u00e0 jacquard dor\u00e9<\/p>\n<\/li>\n<li data-start=\"1300\" data-end=\"1351\">\n<p data-start=\"1302\" data-end=\"1351\"><strong data-start=\"1302\" data-end=\"1314\">Couper:<\/strong>\u00a0Style caftan \u2013 ample et arrivant au genou<\/p>\n<\/li>\n<li data-start=\"1352\" data-end=\"1399\">\n<p data-start=\"1354\" data-end=\"1399\"><strong data-start=\"1354\" data-end=\"1364\">Taille:<\/strong>\u00a0Taille unique \u2013 convient aux tailles 42 \u00e0 50<\/p>\n<\/li>\n<li data-start=\"1400\" data-end=\"1443\">\n<p data-start=\"1402\" data-end=\"1443\"><strong data-start=\"1402\" data-end=\"1412\">Manche:<\/strong>\u00a0De longueur moyenne et large (style caftan)<\/p>\n<\/li>\n<li data-start=\"1444\" data-end=\"1504\">\n<p data-start=\"1446\" data-end=\"1504\"><strong data-start=\"1446\" data-end=\"1461\">Extrait:<\/strong>\u00a0Col rond avec fente (\u00e9ventuellement en forme de V)<\/p>\n<\/li>\n<li data-start=\"1505\" data-end=\"1583\">\n<p data-start=\"1507\" data-end=\"1583\"><strong data-start=\"1507\" data-end=\"1524\">Caract\u00e9ristique sp\u00e9ciale :<\/strong>\u00a0Empi\u00e8cement en tissu jacquard sur le devant, attirant le regard avec une touche artistique.<\/p>\n<\/li>\n<li data-start=\"1584\" data-end=\"1647\">\n<p data-start=\"1586\" data-end=\"1647\"><strong data-start=\"1586\" data-end=\"1601\">Accessoire:<\/strong>\u00a0Disponible en option avec un bandeau assorti<\/p>\n<\/li>\n<li data-start=\"1648\" data-end=\"1704\">\n<p data-start=\"1650\" data-end=\"1704\"><strong data-start=\"1345\" data-end=\"1356\">Soins:<\/strong>\u00a0Lavage en machine \u00e0 40 \u00b0C, laver sur l&#039;envers, ne pas s\u00e9cher en machine<\/p>\n<\/li>\n<\/ul>","protected":false},"excerpt":{"rendered":"<p>Caftan beige en satin Mikado avec empi\u00e8cement jacquard dor\u00e9 et manches larges aux coudes \u2013 \u00e9l\u00e9gant, moderne et confortable.<\/p>\n<p>Pas de facture de TVA, en tant que petite entreprise selon l&#039;article 19 (1) de la loi allemande sur la TVA (UStG).<\/p>","protected":false},"featured_media":12104,"template":"","meta":{"_acf_changed":false},"product_brand":[],"product_cat":[871,1618,163],"product_tag":[1902,1897,1903,1906,1899,1647,1898,1905,1900,1907,1904,1896,1873,1895,1901],"class_list":{"0":"post-12603","1":"product","2":"type-product","3":"status-publish","4":"has-post-thumbnail","6":"product_cat-damen-mode","7":"product_cat-kleider-damen-mode","8":"product_cat-sikati-designs","9":"product_tag-afrikanisches-design-kleid","10":"product_tag-beiges-kleid","11":"product_tag-designer-kaftan-damen","12":"product_tag-ethno-chic-kleid","13":"product_tag-festliches-kaftankleid","14":"product_tag-festliches-kleid","15":"product_tag-jacquard-kaftan","16":"product_tag-kaftan-beige-gold","17":"product_tag-kaftan-mit-gold-detail","18":"product_tag-kaftan-modern","19":"product_tag-knieumspielendes-kleid","20":"product_tag-mikado-kleid","21":"product_tag-oversize-kaftan","22":"product_tag-satin-kaftan","23":"product_tag-sommerkleid-elegant","25":"first","26":"instock","27":"shipping-taxable","28":"purchasable","29":"product-type-simple"},"acf":[],"yoast_head":"<!-- This site is optimized with the Yoast SEO plugin v27.4 - https:\/\/yoast.com\/product\/yoast-seo-wordpress\/ -->\n<title>Beiger Satin-Kaftan mit Jacquard-Detail - Sikat\u00ed<\/title>\n<meta name=\"description\" content=\"%\" \/>\n<meta name=\"robots\" content=\"index, follow, max-snippet:-1, max-image-preview:large, max-video-preview:-1\" \/>\n<link rel=\"canonical\" href=\"https:\/\/www.sikati.de\/fr\/produit\/produktname-beiger-satin-kaftan-mit-jacquard-detail\/\" \/>\n<meta property=\"og:locale\" content=\"fr_FR\" \/>\n<meta property=\"og:type\" content=\"article\" \/>\n<meta property=\"og:title\" content=\"Beiger Satin-Kaftan mit Jacquard-Detail - Sikat\u00ed\" \/>\n<meta property=\"og:description\" content=\"%\" \/>\n<meta property=\"og:url\" content=\"https:\/\/www.sikati.de\/fr\/produit\/produktname-beiger-satin-kaftan-mit-jacquard-detail\/\" \/>\n<meta property=\"og:site_name\" content=\"Sikat\u00ed\" \/>\n<meta property=\"article:publisher\" content=\"https:\/\/www.facebook.com\/Arts.Decoration.Style\" \/>\n<meta property=\"article:modified_time\" content=\"2026-03-07T09:04:41+00:00\" \/>\n<meta property=\"og:image\" content=\"https:\/\/www.sikati.de\/wp-content\/uploads\/2025\/05\/17042025-IMG_5482-scaled.jpg\" \/>\n\t<meta property=\"og:image:width\" content=\"1707\" \/>\n\t<meta property=\"og:image:height\" content=\"2560\" \/>\n\t<meta property=\"og:image:type\" content=\"image\/jpeg\" \/>\n<meta name=\"twitter:card\" content=\"summary_large_image\" \/>\n<meta name=\"twitter:label1\" content=\"Dur\u00e9e de lecture estim\u00e9e\" \/>\n\t<meta name=\"twitter:data1\" content=\"1 minute\" \/>\n<script type=\"application\/ld+json\" class=\"yoast-schema-graph\">{\"@context\":\"https:\\\/\\\/schema.org\",\"@graph\":[{\"@type\":\"WebPage\",\"@id\":\"https:\\\/\\\/www.sikati.de\\\/produkt\\\/produktname-beiger-satin-kaftan-mit-jacquard-detail\\\/\",\"url\":\"https:\\\/\\\/www.sikati.de\\\/produkt\\\/produktname-beiger-satin-kaftan-mit-jacquard-detail\\\/\",\"name\":\"Beiger Satin-Kaftan mit Jacquard-Detail - Sikat\u00ed\",\"isPartOf\":{\"@id\":\"https:\\\/\\\/www.sikati.de\\\/#website\"},\"primaryImageOfPage\":{\"@id\":\"https:\\\/\\\/www.sikati.de\\\/produkt\\\/produktname-beiger-satin-kaftan-mit-jacquard-detail\\\/#primaryimage\"},\"image\":{\"@id\":\"https:\\\/\\\/www.sikati.de\\\/produkt\\\/produktname-beiger-satin-kaftan-mit-jacquard-detail\\\/#primaryimage\"},\"thumbnailUrl\":\"https:\\\/\\\/www.sikati.de\\\/wp-content\\\/uploads\\\/2025\\\/05\\\/17042025-IMG_5482-scaled.jpg\",\"datePublished\":\"2025-07-13T22:14:33+00:00\",\"dateModified\":\"2026-03-07T09:04:41+00:00\",\"description\":\"%\",\"breadcrumb\":{\"@id\":\"https:\\\/\\\/www.sikati.de\\\/produkt\\\/produktname-beiger-satin-kaftan-mit-jacquard-detail\\\/#breadcrumb\"},\"inLanguage\":\"fr-FR\",\"potentialAction\":[{\"@type\":\"ReadAction\",\"target\":[\"https:\\\/\\\/www.sikati.de\\\/produkt\\\/produktname-beiger-satin-kaftan-mit-jacquard-detail\\\/\"]}]},{\"@type\":\"ImageObject\",\"inLanguage\":\"fr-FR\",\"@id\":\"https:\\\/\\\/www.sikati.de\\\/produkt\\\/produktname-beiger-satin-kaftan-mit-jacquard-detail\\\/#primaryimage\",\"url\":\"https:\\\/\\\/www.sikati.de\\\/wp-content\\\/uploads\\\/2025\\\/05\\\/17042025-IMG_5482-scaled.jpg\",\"contentUrl\":\"https:\\\/\\\/www.sikati.de\\\/wp-content\\\/uploads\\\/2025\\\/05\\\/17042025-IMG_5482-scaled.jpg\",\"width\":1707,\"height\":2560},{\"@type\":\"BreadcrumbList\",\"@id\":\"https:\\\/\\\/www.sikati.de\\\/produkt\\\/produktname-beiger-satin-kaftan-mit-jacquard-detail\\\/#breadcrumb\",\"itemListElement\":[{\"@type\":\"ListItem\",\"position\":1,\"name\":\"Startseite\",\"item\":\"https:\\\/\\\/www.sikati.de\\\/\"},{\"@type\":\"ListItem\",\"position\":2,\"name\":\"Produkte\",\"item\":\"https:\\\/\\\/www.sikati.de\\\/shop\\\/\"},{\"@type\":\"ListItem\",\"position\":3,\"name\":\"Beiger Satin-Kaftan mit Jacquard-Detail\"}]},{\"@type\":\"WebSite\",\"@id\":\"https:\\\/\\\/www.sikati.de\\\/#website\",\"url\":\"https:\\\/\\\/www.sikati.de\\\/\",\"name\":\"Sikat\u00ed\",\"description\":\"Afro Contemporary Fashion &amp; Living\",\"publisher\":{\"@id\":\"https:\\\/\\\/www.sikati.de\\\/#organization\"},\"potentialAction\":[{\"@type\":\"SearchAction\",\"target\":{\"@type\":\"EntryPoint\",\"urlTemplate\":\"https:\\\/\\\/www.sikati.de\\\/?s={search_term_string}\"},\"query-input\":{\"@type\":\"PropertyValueSpecification\",\"valueRequired\":true,\"valueName\":\"search_term_string\"}}],\"inLanguage\":\"fr-FR\"},{\"@type\":\"Organization\",\"@id\":\"https:\\\/\\\/www.sikati.de\\\/#organization\",\"name\":\"Sikat\u00ed\",\"url\":\"https:\\\/\\\/www.sikati.de\\\/\",\"logo\":{\"@type\":\"ImageObject\",\"inLanguage\":\"fr-FR\",\"@id\":\"https:\\\/\\\/www.sikati.de\\\/#\\\/schema\\\/logo\\\/image\\\/\",\"url\":\"https:\\\/\\\/www.sikati.de\\\/wp-content\\\/uploads\\\/2019\\\/03\\\/cropped-cropped-sikati-logo.png\",\"contentUrl\":\"https:\\\/\\\/www.sikati.de\\\/wp-content\\\/uploads\\\/2019\\\/03\\\/cropped-cropped-sikati-logo.png\",\"width\":500,\"height\":201,\"caption\":\"Sikat\u00ed\"},\"image\":{\"@id\":\"https:\\\/\\\/www.sikati.de\\\/#\\\/schema\\\/logo\\\/image\\\/\"},\"sameAs\":[\"https:\\\/\\\/www.facebook.com\\\/Arts.Decoration.Style\",\"https:\\\/\\\/www.instagram.com\\\/sikati_arts\\\/\",\"https:\\\/\\\/www.tiktok.com\\\/@sikati_arts\"]}]}<\/script>\n<!-- \/ Yoast SEO plugin. -->","yoast_head_json":{"title":"Beiger Satin-Kaftan mit Jacquard-Detail - Sikat\u00ed","description":"%","robots":{"index":"index","follow":"follow","max-snippet":"max-snippet:-1","max-image-preview":"max-image-preview:large","max-video-preview":"max-video-preview:-1"},"canonical":"https:\/\/www.sikati.de\/fr\/produit\/produktname-beiger-satin-kaftan-mit-jacquard-detail\/","og_locale":"fr_FR","og_type":"article","og_title":"Beiger Satin-Kaftan mit Jacquard-Detail - Sikat\u00ed","og_description":"%","og_url":"https:\/\/www.sikati.de\/fr\/produit\/produktname-beiger-satin-kaftan-mit-jacquard-detail\/","og_site_name":"Sikat\u00ed","article_publisher":"https:\/\/www.facebook.com\/Arts.Decoration.Style","article_modified_time":"2026-03-07T09:04:41+00:00","og_image":[{"width":1707,"height":2560,"url":"https:\/\/www.sikati.de\/wp-content\/uploads\/2025\/05\/17042025-IMG_5482-scaled.jpg","type":"image\/jpeg"}],"twitter_card":"summary_large_image","twitter_misc":{"Dur\u00e9e de lecture estim\u00e9e":"1 minute"},"schema":{"@context":"https:\/\/schema.org","@graph":[{"@type":"WebPage","@id":"https:\/\/www.sikati.de\/produkt\/produktname-beiger-satin-kaftan-mit-jacquard-detail\/","url":"https:\/\/www.sikati.de\/produkt\/produktname-beiger-satin-kaftan-mit-jacquard-detail\/","name":"Beiger Satin-Kaftan mit Jacquard-Detail - Sikat\u00ed","isPartOf":{"@id":"https:\/\/www.sikati.de\/#website"},"primaryImageOfPage":{"@id":"https:\/\/www.sikati.de\/produkt\/produktname-beiger-satin-kaftan-mit-jacquard-detail\/#primaryimage"},"image":{"@id":"https:\/\/www.sikati.de\/produkt\/produktname-beiger-satin-kaftan-mit-jacquard-detail\/#primaryimage"},"thumbnailUrl":"https:\/\/www.sikati.de\/wp-content\/uploads\/2025\/05\/17042025-IMG_5482-scaled.jpg","datePublished":"2025-07-13T22:14:33+00:00","dateModified":"2026-03-07T09:04:41+00:00","description":"%","breadcrumb":{"@id":"https:\/\/www.sikati.de\/produkt\/produktname-beiger-satin-kaftan-mit-jacquard-detail\/#breadcrumb"},"inLanguage":"fr-FR","potentialAction":[{"@type":"ReadAction","target":["https:\/\/www.sikati.de\/produkt\/produktname-beiger-satin-kaftan-mit-jacquard-detail\/"]}]},{"@type":"ImageObject","inLanguage":"fr-FR","@id":"https:\/\/www.sikati.de\/produkt\/produktname-beiger-satin-kaftan-mit-jacquard-detail\/#primaryimage","url":"https:\/\/www.sikati.de\/wp-content\/uploads\/2025\/05\/17042025-IMG_5482-scaled.jpg","contentUrl":"https:\/\/www.sikati.de\/wp-content\/uploads\/2025\/05\/17042025-IMG_5482-scaled.jpg","width":1707,"height":2560},{"@type":"BreadcrumbList","@id":"https:\/\/www.sikati.de\/produkt\/produktname-beiger-satin-kaftan-mit-jacquard-detail\/#breadcrumb","itemListElement":[{"@type":"ListItem","position":1,"name":"Startseite","item":"https:\/\/www.sikati.de\/"},{"@type":"ListItem","position":2,"name":"Produkte","item":"https:\/\/www.sikati.de\/shop\/"},{"@type":"ListItem","position":3,"name":"Beiger Satin-Kaftan mit Jacquard-Detail"}]},{"@type":"WebSite","@id":"https:\/\/www.sikati.de\/#website","url":"https:\/\/www.sikati.de\/","name":"Sika\u00ed","description":"Afro Contemporary Fashion &amp; Living","publisher":{"@id":"https:\/\/www.sikati.de\/#organization"},"potentialAction":[{"@type":"SearchAction","target":{"@type":"EntryPoint","urlTemplate":"https:\/\/www.sikati.de\/?s={search_term_string}"},"query-input":{"@type":"PropertyValueSpecification","valueRequired":true,"valueName":"search_term_string"}}],"inLanguage":"fr-FR"},{"@type":"Organization","@id":"https:\/\/www.sikati.de\/#organization","name":"Sika\u00ed","url":"https:\/\/www.sikati.de\/","logo":{"@type":"ImageObject","inLanguage":"fr-FR","@id":"https:\/\/www.sikati.de\/#\/schema\/logo\/image\/","url":"https:\/\/www.sikati.de\/wp-content\/uploads\/2019\/03\/cropped-cropped-sikati-logo.png","contentUrl":"https:\/\/www.sikati.de\/wp-content\/uploads\/2019\/03\/cropped-cropped-sikati-logo.png","width":500,"height":201,"caption":"Sikat\u00ed"},"image":{"@id":"https:\/\/www.sikati.de\/#\/schema\/logo\/image\/"},"sameAs":["https:\/\/www.facebook.com\/Arts.Decoration.Style","https:\/\/www.instagram.com\/sikati_arts\/","https:\/\/www.tiktok.com\/@sikati_arts"]}]}},"_links":{"self":[{"href":"https:\/\/www.sikati.de\/fr\/wp-json\/wp\/v2\/product\/12603","targetHints":{"allow":["GET"]}}],"collection":[{"href":"https:\/\/www.sikati.de\/fr\/wp-json\/wp\/v2\/product"}],"about":[{"href":"https:\/\/www.sikati.de\/fr\/wp-json\/wp\/v2\/types\/product"}],"wp:featuredmedia":[{"embeddable":true,"href":"https:\/\/www.sikati.de\/fr\/wp-json\/wp\/v2\/media\/12104"}],"wp:attachment":[{"href":"https:\/\/www.sikati.de\/fr\/wp-json\/wp\/v2\/media?parent=12603"}],"wp:term":[{"taxonomy":"product_brand","embeddable":true,"href":"https:\/\/www.sikati.de\/fr\/wp-json\/wp\/v2\/product_brand?post=12603"},{"taxonomy":"product_cat","embeddable":true,"href":"https:\/\/www.sikati.de\/fr\/wp-json\/wp\/v2\/product_cat?post=12603"},{"taxonomy":"product_tag","embeddable":true,"href":"https:\/\/www.sikati.de\/fr\/wp-json\/wp\/v2\/product_tag?post=12603"}],"curies":[{"name":"wp","href":"https:\/\/api.w.org\/{rel}","templated":true}]}}