{"id":13171,"date":"2025-09-20T21:23:42","date_gmt":"2025-09-20T19:23:42","guid":{"rendered":"https:\/\/www.sikati.de\/?post_type=product&#038;p=13171"},"modified":"2026-03-20T21:48:27","modified_gmt":"2026-03-20T20:48:27","slug":"brauner-super-mario-hoodie-mit-print","status":"publish","type":"product","link":"https:\/\/www.sikati.de\/fr\/produit\/brauner-super-mario-hoodie-mit-print\/","title":{"rendered":"Sweat \u00e0 capuche marron Super Mario avec imprim\u00e9"},"content":{"rendered":"<p data-start=\"207\" data-end=\"334\">\u00c9l\u00e9gant <strong data-start=\"218\" data-end=\"236\">pull \u00e0 capuche<\/strong> dans une chaleur <strong data-start=\"253\" data-end=\"273\">brun chocolat<\/strong> avec frappant <strong data-start=\"290\" data-end=\"311\">Impression Super Mario<\/strong> sur le devant.<\/p>\n<ul data-start=\"335\" data-end=\"928\">\n<li data-start=\"335\" data-end=\"372\">\n<p data-start=\"337\" data-end=\"372\"><strong data-start=\"337\" data-end=\"347\">Couleur:<\/strong> Marron \u00e0 imprim\u00e9s color\u00e9s<\/p>\n<\/li>\n<li data-start=\"373\" data-end=\"434\">\n<p data-start=\"375\" data-end=\"434\"><strong data-start=\"375\" data-end=\"387\">Couper:<\/strong> Coupe ample, style d\u00e9contract\u00e9 oversize<\/p>\n<\/li>\n<li data-start=\"435\" data-end=\"507\">\n<p data-start=\"437\" data-end=\"507\"><strong data-start=\"437\" data-end=\"450\">Ajuster:<\/strong> Confortable, taille unique (convient aux tailles 36 \u00e0 46)<\/p>\n<\/li>\n<li data-start=\"508\" data-end=\"571\">\n<p data-start=\"510\" data-end=\"571\"><strong data-start=\"510\" data-end=\"525\">Extrait:<\/strong> Sweat \u00e0 capuche classique avec col \u00e0 cordon<\/p>\n<\/li>\n<li data-start=\"572\" data-end=\"703\">\n<p data-start=\"574\" data-end=\"703\"><strong data-start=\"574\" data-end=\"586\">D\u00e9tails:<\/strong> Imprim\u00e9 sur le devant avec Mario, des pi\u00e8ces, des champignons et des \u00e9l\u00e9ments de jeu vid\u00e9o, poignets et ourlet c\u00f4tel\u00e9s<\/p>\n<\/li>\n<li data-start=\"704\" data-end=\"797\">\n<p data-start=\"706\" data-end=\"797\"><strong data-start=\"706\" data-end=\"719\">Mat\u00e9riel:<\/strong> M\u00e9lange de coton doux (coton et polyester) pour plus de confort et de durabilit\u00e9<\/p>\n<\/li>\n<li data-start=\"798\" data-end=\"928\">\n<p data-start=\"800\" data-end=\"928\"><strong data-start=\"800\" data-end=\"818\">Conseils d&#039;entretien\u00a0:<\/strong> Lavage en machine \u00e0 30 \u00b0C, laver \u00e0 l&#039;envers<\/p>\n<\/li>\n<\/ul>","protected":false},"excerpt":{"rendered":"<p>Sweat \u00e0 capuche marron tendance avec un imprim\u00e9 Super Mario embl\u00e9matique, coupe oversize. Taille unique (convient aux tailles 36 \u00e0 46).<br data-start=\"1059\" data-end=\"1062\" \/>Pas de facture de TVA, en tant que petite entreprise selon l&#039;article 19 (1) de la loi allemande sur la TVA (UStG).<\/p>","protected":false},"featured_media":13056,"template":"","meta":{"_acf_changed":false},"product_brand":[],"product_cat":[1430,1440,1419],"product_tag":[1919,1925,1923,1922,1920,1921,1924,1926],"class_list":{"0":"post-13171","1":"product","2":"type-product","3":"status-publish","4":"has-post-thumbnail","6":"product_cat-fruehjahr-sommer-kollektion","7":"product_cat-hoodies","8":"product_cat-lyne-collections","9":"product_tag-brauner-hoodie-damen","10":"product_tag-casual-hoodie-oversized","11":"product_tag-gamer-hoodie-damen","12":"product_tag-kapuzenpullover-damen-braun","13":"product_tag-mario-hoodie-braun","14":"product_tag-oversized-hoodie-mario","15":"product_tag-streetstyle-hoodie-damen","16":"product_tag-trend-hoodie-print","18":"first","19":"instock","20":"shipping-taxable","21":"purchasable","22":"product-type-simple"},"acf":[],"yoast_head":"<!-- This site is optimized with the Yoast SEO plugin v27.4 - https:\/\/yoast.com\/product\/yoast-seo-wordpress\/ -->\n<title>Brauner Super-Mario Hoodie mit Print - Sikat\u00ed<\/title>\n<meta name=\"description\" content=\"%\" \/>\n<meta name=\"robots\" content=\"index, follow, max-snippet:-1, max-image-preview:large, max-video-preview:-1\" \/>\n<link rel=\"canonical\" href=\"https:\/\/www.sikati.de\/fr\/produit\/brauner-super-mario-hoodie-mit-print\/\" \/>\n<meta property=\"og:locale\" content=\"fr_FR\" \/>\n<meta property=\"og:type\" content=\"article\" \/>\n<meta property=\"og:title\" content=\"Brauner Super-Mario Hoodie mit Print - Sikat\u00ed\" \/>\n<meta property=\"og:description\" content=\"%\" \/>\n<meta property=\"og:url\" content=\"https:\/\/www.sikati.de\/fr\/produit\/brauner-super-mario-hoodie-mit-print\/\" \/>\n<meta property=\"og:site_name\" content=\"Sikat\u00ed\" \/>\n<meta property=\"article:publisher\" content=\"https:\/\/www.facebook.com\/Arts.Decoration.Style\" \/>\n<meta property=\"article:modified_time\" content=\"2026-03-20T20:48:27+00:00\" \/>\n<meta property=\"og:image\" content=\"https:\/\/www.sikati.de\/wp-content\/uploads\/2025\/09\/26052025-IMG_6491-scaled.jpg\" \/>\n\t<meta property=\"og:image:width\" content=\"1707\" \/>\n\t<meta property=\"og:image:height\" content=\"2560\" \/>\n\t<meta property=\"og:image:type\" content=\"image\/jpeg\" \/>\n<meta name=\"twitter:card\" content=\"summary_large_image\" \/>\n<meta name=\"twitter:label1\" content=\"Dur\u00e9e de lecture estim\u00e9e\" \/>\n\t<meta name=\"twitter:data1\" content=\"1 minute\" \/>\n<script type=\"application\/ld+json\" class=\"yoast-schema-graph\">{\"@context\":\"https:\\\/\\\/schema.org\",\"@graph\":[{\"@type\":\"WebPage\",\"@id\":\"https:\\\/\\\/www.sikati.de\\\/produkt\\\/brauner-super-mario-hoodie-mit-print\\\/\",\"url\":\"https:\\\/\\\/www.sikati.de\\\/produkt\\\/brauner-super-mario-hoodie-mit-print\\\/\",\"name\":\"Brauner Super-Mario Hoodie mit Print - Sikat\u00ed\",\"isPartOf\":{\"@id\":\"https:\\\/\\\/www.sikati.de\\\/#website\"},\"primaryImageOfPage\":{\"@id\":\"https:\\\/\\\/www.sikati.de\\\/produkt\\\/brauner-super-mario-hoodie-mit-print\\\/#primaryimage\"},\"image\":{\"@id\":\"https:\\\/\\\/www.sikati.de\\\/produkt\\\/brauner-super-mario-hoodie-mit-print\\\/#primaryimage\"},\"thumbnailUrl\":\"https:\\\/\\\/www.sikati.de\\\/wp-content\\\/uploads\\\/2025\\\/09\\\/26052025-IMG_6491-scaled.jpg\",\"datePublished\":\"2025-09-20T19:23:42+00:00\",\"dateModified\":\"2026-03-20T20:48:27+00:00\",\"description\":\"%\",\"breadcrumb\":{\"@id\":\"https:\\\/\\\/www.sikati.de\\\/produkt\\\/brauner-super-mario-hoodie-mit-print\\\/#breadcrumb\"},\"inLanguage\":\"fr-FR\",\"potentialAction\":[{\"@type\":\"ReadAction\",\"target\":[\"https:\\\/\\\/www.sikati.de\\\/produkt\\\/brauner-super-mario-hoodie-mit-print\\\/\"]}]},{\"@type\":\"ImageObject\",\"inLanguage\":\"fr-FR\",\"@id\":\"https:\\\/\\\/www.sikati.de\\\/produkt\\\/brauner-super-mario-hoodie-mit-print\\\/#primaryimage\",\"url\":\"https:\\\/\\\/www.sikati.de\\\/wp-content\\\/uploads\\\/2025\\\/09\\\/26052025-IMG_6491-scaled.jpg\",\"contentUrl\":\"https:\\\/\\\/www.sikati.de\\\/wp-content\\\/uploads\\\/2025\\\/09\\\/26052025-IMG_6491-scaled.jpg\",\"width\":1707,\"height\":2560},{\"@type\":\"BreadcrumbList\",\"@id\":\"https:\\\/\\\/www.sikati.de\\\/produkt\\\/brauner-super-mario-hoodie-mit-print\\\/#breadcrumb\",\"itemListElement\":[{\"@type\":\"ListItem\",\"position\":1,\"name\":\"Startseite\",\"item\":\"https:\\\/\\\/www.sikati.de\\\/\"},{\"@type\":\"ListItem\",\"position\":2,\"name\":\"Produkte\",\"item\":\"https:\\\/\\\/www.sikati.de\\\/shop\\\/\"},{\"@type\":\"ListItem\",\"position\":3,\"name\":\"Brauner Super-Mario Hoodie mit Print\"}]},{\"@type\":\"WebSite\",\"@id\":\"https:\\\/\\\/www.sikati.de\\\/#website\",\"url\":\"https:\\\/\\\/www.sikati.de\\\/\",\"name\":\"Sikat\u00ed\",\"description\":\"Afro Contemporary Fashion &amp; Living\",\"publisher\":{\"@id\":\"https:\\\/\\\/www.sikati.de\\\/#organization\"},\"potentialAction\":[{\"@type\":\"SearchAction\",\"target\":{\"@type\":\"EntryPoint\",\"urlTemplate\":\"https:\\\/\\\/www.sikati.de\\\/?s={search_term_string}\"},\"query-input\":{\"@type\":\"PropertyValueSpecification\",\"valueRequired\":true,\"valueName\":\"search_term_string\"}}],\"inLanguage\":\"fr-FR\"},{\"@type\":\"Organization\",\"@id\":\"https:\\\/\\\/www.sikati.de\\\/#organization\",\"name\":\"Sikat\u00ed\",\"url\":\"https:\\\/\\\/www.sikati.de\\\/\",\"logo\":{\"@type\":\"ImageObject\",\"inLanguage\":\"fr-FR\",\"@id\":\"https:\\\/\\\/www.sikati.de\\\/#\\\/schema\\\/logo\\\/image\\\/\",\"url\":\"https:\\\/\\\/www.sikati.de\\\/wp-content\\\/uploads\\\/2019\\\/03\\\/cropped-cropped-sikati-logo.png\",\"contentUrl\":\"https:\\\/\\\/www.sikati.de\\\/wp-content\\\/uploads\\\/2019\\\/03\\\/cropped-cropped-sikati-logo.png\",\"width\":500,\"height\":201,\"caption\":\"Sikat\u00ed\"},\"image\":{\"@id\":\"https:\\\/\\\/www.sikati.de\\\/#\\\/schema\\\/logo\\\/image\\\/\"},\"sameAs\":[\"https:\\\/\\\/www.facebook.com\\\/Arts.Decoration.Style\",\"https:\\\/\\\/www.instagram.com\\\/sikati_arts\\\/\",\"https:\\\/\\\/www.tiktok.com\\\/@sikati_arts\"]}]}<\/script>\n<!-- \/ Yoast SEO plugin. -->","yoast_head_json":{"title":"Brauner Super-Mario Hoodie mit Print - Sikat\u00ed","description":"%","robots":{"index":"index","follow":"follow","max-snippet":"max-snippet:-1","max-image-preview":"max-image-preview:large","max-video-preview":"max-video-preview:-1"},"canonical":"https:\/\/www.sikati.de\/fr\/produit\/brauner-super-mario-hoodie-mit-print\/","og_locale":"fr_FR","og_type":"article","og_title":"Brauner Super-Mario Hoodie mit Print - Sikat\u00ed","og_description":"%","og_url":"https:\/\/www.sikati.de\/fr\/produit\/brauner-super-mario-hoodie-mit-print\/","og_site_name":"Sikat\u00ed","article_publisher":"https:\/\/www.facebook.com\/Arts.Decoration.Style","article_modified_time":"2026-03-20T20:48:27+00:00","og_image":[{"width":1707,"height":2560,"url":"https:\/\/www.sikati.de\/wp-content\/uploads\/2025\/09\/26052025-IMG_6491-scaled.jpg","type":"image\/jpeg"}],"twitter_card":"summary_large_image","twitter_misc":{"Dur\u00e9e de lecture estim\u00e9e":"1 minute"},"schema":{"@context":"https:\/\/schema.org","@graph":[{"@type":"WebPage","@id":"https:\/\/www.sikati.de\/produkt\/brauner-super-mario-hoodie-mit-print\/","url":"https:\/\/www.sikati.de\/produkt\/brauner-super-mario-hoodie-mit-print\/","name":"Brauner Super-Mario Hoodie mit Print - Sikat\u00ed","isPartOf":{"@id":"https:\/\/www.sikati.de\/#website"},"primaryImageOfPage":{"@id":"https:\/\/www.sikati.de\/produkt\/brauner-super-mario-hoodie-mit-print\/#primaryimage"},"image":{"@id":"https:\/\/www.sikati.de\/produkt\/brauner-super-mario-hoodie-mit-print\/#primaryimage"},"thumbnailUrl":"https:\/\/www.sikati.de\/wp-content\/uploads\/2025\/09\/26052025-IMG_6491-scaled.jpg","datePublished":"2025-09-20T19:23:42+00:00","dateModified":"2026-03-20T20:48:27+00:00","description":"%","breadcrumb":{"@id":"https:\/\/www.sikati.de\/produkt\/brauner-super-mario-hoodie-mit-print\/#breadcrumb"},"inLanguage":"fr-FR","potentialAction":[{"@type":"ReadAction","target":["https:\/\/www.sikati.de\/produkt\/brauner-super-mario-hoodie-mit-print\/"]}]},{"@type":"ImageObject","inLanguage":"fr-FR","@id":"https:\/\/www.sikati.de\/produkt\/brauner-super-mario-hoodie-mit-print\/#primaryimage","url":"https:\/\/www.sikati.de\/wp-content\/uploads\/2025\/09\/26052025-IMG_6491-scaled.jpg","contentUrl":"https:\/\/www.sikati.de\/wp-content\/uploads\/2025\/09\/26052025-IMG_6491-scaled.jpg","width":1707,"height":2560},{"@type":"BreadcrumbList","@id":"https:\/\/www.sikati.de\/produkt\/brauner-super-mario-hoodie-mit-print\/#breadcrumb","itemListElement":[{"@type":"ListItem","position":1,"name":"Startseite","item":"https:\/\/www.sikati.de\/"},{"@type":"ListItem","position":2,"name":"Produkte","item":"https:\/\/www.sikati.de\/shop\/"},{"@type":"ListItem","position":3,"name":"Brauner Super-Mario Hoodie mit Print"}]},{"@type":"WebSite","@id":"https:\/\/www.sikati.de\/#website","url":"https:\/\/www.sikati.de\/","name":"Sika\u00ed","description":"Afro Contemporary Fashion &amp; Living","publisher":{"@id":"https:\/\/www.sikati.de\/#organization"},"potentialAction":[{"@type":"SearchAction","target":{"@type":"EntryPoint","urlTemplate":"https:\/\/www.sikati.de\/?s={search_term_string}"},"query-input":{"@type":"PropertyValueSpecification","valueRequired":true,"valueName":"search_term_string"}}],"inLanguage":"fr-FR"},{"@type":"Organization","@id":"https:\/\/www.sikati.de\/#organization","name":"Sika\u00ed","url":"https:\/\/www.sikati.de\/","logo":{"@type":"ImageObject","inLanguage":"fr-FR","@id":"https:\/\/www.sikati.de\/#\/schema\/logo\/image\/","url":"https:\/\/www.sikati.de\/wp-content\/uploads\/2019\/03\/cropped-cropped-sikati-logo.png","contentUrl":"https:\/\/www.sikati.de\/wp-content\/uploads\/2019\/03\/cropped-cropped-sikati-logo.png","width":500,"height":201,"caption":"Sikat\u00ed"},"image":{"@id":"https:\/\/www.sikati.de\/#\/schema\/logo\/image\/"},"sameAs":["https:\/\/www.facebook.com\/Arts.Decoration.Style","https:\/\/www.instagram.com\/sikati_arts\/","https:\/\/www.tiktok.com\/@sikati_arts"]}]}},"_links":{"self":[{"href":"https:\/\/www.sikati.de\/fr\/wp-json\/wp\/v2\/product\/13171","targetHints":{"allow":["GET"]}}],"collection":[{"href":"https:\/\/www.sikati.de\/fr\/wp-json\/wp\/v2\/product"}],"about":[{"href":"https:\/\/www.sikati.de\/fr\/wp-json\/wp\/v2\/types\/product"}],"wp:featuredmedia":[{"embeddable":true,"href":"https:\/\/www.sikati.de\/fr\/wp-json\/wp\/v2\/media\/13056"}],"wp:attachment":[{"href":"https:\/\/www.sikati.de\/fr\/wp-json\/wp\/v2\/media?parent=13171"}],"wp:term":[{"taxonomy":"product_brand","embeddable":true,"href":"https:\/\/www.sikati.de\/fr\/wp-json\/wp\/v2\/product_brand?post=13171"},{"taxonomy":"product_cat","embeddable":true,"href":"https:\/\/www.sikati.de\/fr\/wp-json\/wp\/v2\/product_cat?post=13171"},{"taxonomy":"product_tag","embeddable":true,"href":"https:\/\/www.sikati.de\/fr\/wp-json\/wp\/v2\/product_tag?post=13171"}],"curies":[{"name":"wp","href":"https:\/\/api.w.org\/{rel}","templated":true}]}}