{"id":13180,"date":"2025-09-21T00:48:21","date_gmt":"2025-09-20T22:48:21","guid":{"rendered":"https:\/\/www.sikati.de\/?post_type=product&#038;p=13180"},"modified":"2026-03-20T21:51:52","modified_gmt":"2026-03-20T20:51:52","slug":"lila-oversized-sweater-mit-cartoon-print","status":"publish","type":"product","link":"https:\/\/www.sikati.de\/fr\/produit\/lila-oversized-sweater-mit-cartoon-print\/","title":{"rendered":"Pull violet oversize \u00e0 imprim\u00e9 dessin anim\u00e9"},"content":{"rendered":"<p data-start=\"208\" data-end=\"345\">Branch\u00e9 <strong data-start=\"218\" data-end=\"237\">Sweater in Lila<\/strong> mit gro\u00dfem <strong data-start=\"249\" data-end=\"279\">Cartoon-Print (Bugs Bunny)<\/strong> auf der Vorderseite \u2013 perfekt f\u00fcr auff\u00e4llige Streetstyle-Looks.<\/p>\n<ul data-start=\"346\" data-end=\"976\">\n<li data-start=\"346\" data-end=\"396\">\n<p data-start=\"348\" data-end=\"396\"><strong data-start=\"348\" data-end=\"358\">Couleur:<\/strong> Lila mit schwarzem und buntem Print<\/p>\n<\/li>\n<li data-start=\"397\" data-end=\"462\">\n<p data-start=\"399\" data-end=\"462\"><strong data-start=\"399\" data-end=\"411\">Couper:<\/strong> Locker, oversized geschnitten, mit weiten \u00c4rmeln<\/p>\n<\/li>\n<li data-start=\"463\" data-end=\"535\">\n<p data-start=\"465\" data-end=\"535\"><strong data-start=\"465\" data-end=\"478\">Ajuster:<\/strong> Confortable, taille unique (convient aux tailles 36 \u00e0 48)<\/p>\n<\/li>\n<li data-start=\"536\" data-end=\"604\">\n<p data-start=\"538\" data-end=\"604\"><strong data-start=\"538\" data-end=\"553\">Extrait:<\/strong> Rundhalsausschnitt mit kontrastierendem Rippbund<\/p>\n<\/li>\n<li data-start=\"605\" data-end=\"750\">\n<p data-start=\"607\" data-end=\"750\"><strong data-start=\"607\" data-end=\"619\">D\u00e9tails:<\/strong> Vorderseite mit gro\u00dfem Cartoon-Print und Glitzer-Details, R\u00fcckseite mit Schriftzug-Print, dekorative Kontrastn\u00e4hte an den \u00c4rmeln<\/p>\n<\/li>\n<li data-start=\"751\" data-end=\"845\">\n<p data-start=\"753\" data-end=\"845\"><strong data-start=\"753\" data-end=\"766\">Mat\u00e9riel:<\/strong> Baumwollmischgewebe (Baumwolle &amp; Polyester) \u2013 weich, bequem und pflegeleicht<\/p>\n<\/li>\n<li data-start=\"846\" data-end=\"976\">\n<p data-start=\"848\" data-end=\"976\"><strong data-start=\"848\" data-end=\"866\">Conseils d&#039;entretien\u00a0:<\/strong> Maschinenw\u00e4sche bei 30\u00b0C, auf links waschen, nicht direkt \u00fcber den Print b\u00fcgeln<\/p>\n<\/li>\n<\/ul>","protected":false},"excerpt":{"rendered":"<p>Lila Oversized-Sweater mit Bugs Bunny Cartoon-Print. Einheitsgr\u00f6\u00dfe (36\u201348).<br data-start=\"1090\" data-end=\"1093\" \/>Pas de facture de TVA, en tant que petite entreprise selon l&#039;article 19 (1) de la loi allemande sur la TVA (UStG).<\/p>","protected":false},"featured_media":13078,"template":"","meta":{"_acf_changed":false},"product_brand":[],"product_cat":[1430,1419,1439],"product_tag":[1973,1974,1976,1971,1972,1968,1975],"class_list":{"0":"post-13180","1":"product","2":"type-product","3":"status-publish","4":"has-post-thumbnail","6":"product_cat-fruehjahr-sommer-kollektion","7":"product_cat-lyne-collections","8":"product_cat-pullis","9":"product_tag-bugs-bunny-sweater","10":"product_tag-cartoon-print-sweater","11":"product_tag-casual-sweater-damen","12":"product_tag-lila-sweater-damen","13":"product_tag-oversized-sweater-lila","14":"product_tag-streetstyle-sweater-damen","15":"product_tag-trend-sweater-oversized","17":"first","18":"instock","19":"sale","20":"shipping-taxable","21":"purchasable","22":"product-type-simple"},"acf":[],"yoast_head":"<!-- This site is optimized with the Yoast SEO plugin v27.4 - https:\/\/yoast.com\/product\/yoast-seo-wordpress\/ -->\n<title>Lila Oversized-Sweater mit Cartoon-Print - Sikat\u00ed<\/title>\n<meta name=\"description\" content=\"%\" \/>\n<meta name=\"robots\" content=\"index, follow, max-snippet:-1, max-image-preview:large, max-video-preview:-1\" \/>\n<link rel=\"canonical\" href=\"https:\/\/www.sikati.de\/fr\/produit\/lila-oversized-sweater-mit-cartoon-print\/\" \/>\n<meta property=\"og:locale\" content=\"fr_FR\" \/>\n<meta property=\"og:type\" content=\"article\" \/>\n<meta property=\"og:title\" content=\"Lila Oversized-Sweater mit Cartoon-Print - Sikat\u00ed\" \/>\n<meta property=\"og:description\" content=\"%\" \/>\n<meta property=\"og:url\" content=\"https:\/\/www.sikati.de\/fr\/produit\/lila-oversized-sweater-mit-cartoon-print\/\" \/>\n<meta property=\"og:site_name\" content=\"Sikat\u00ed\" \/>\n<meta property=\"article:publisher\" content=\"https:\/\/www.facebook.com\/Arts.Decoration.Style\" \/>\n<meta property=\"article:modified_time\" content=\"2026-03-20T20:51:52+00:00\" \/>\n<meta property=\"og:image\" content=\"https:\/\/www.sikati.de\/wp-content\/uploads\/2025\/09\/26052025-IMG_6533-scaled.jpg\" \/>\n\t<meta property=\"og:image:width\" content=\"1776\" \/>\n\t<meta property=\"og:image:height\" content=\"2560\" \/>\n\t<meta property=\"og:image:type\" content=\"image\/jpeg\" \/>\n<meta name=\"twitter:card\" content=\"summary_large_image\" \/>\n<meta name=\"twitter:label1\" content=\"Dur\u00e9e de lecture estim\u00e9e\" \/>\n\t<meta name=\"twitter:data1\" content=\"1 minute\" \/>\n<script type=\"application\/ld+json\" class=\"yoast-schema-graph\">{\"@context\":\"https:\\\/\\\/schema.org\",\"@graph\":[{\"@type\":\"WebPage\",\"@id\":\"https:\\\/\\\/www.sikati.de\\\/produkt\\\/lila-oversized-sweater-mit-cartoon-print\\\/\",\"url\":\"https:\\\/\\\/www.sikati.de\\\/produkt\\\/lila-oversized-sweater-mit-cartoon-print\\\/\",\"name\":\"Lila Oversized-Sweater mit Cartoon-Print - Sikat\u00ed\",\"isPartOf\":{\"@id\":\"https:\\\/\\\/www.sikati.de\\\/#website\"},\"primaryImageOfPage\":{\"@id\":\"https:\\\/\\\/www.sikati.de\\\/produkt\\\/lila-oversized-sweater-mit-cartoon-print\\\/#primaryimage\"},\"image\":{\"@id\":\"https:\\\/\\\/www.sikati.de\\\/produkt\\\/lila-oversized-sweater-mit-cartoon-print\\\/#primaryimage\"},\"thumbnailUrl\":\"https:\\\/\\\/www.sikati.de\\\/wp-content\\\/uploads\\\/2025\\\/09\\\/26052025-IMG_6533-scaled.jpg\",\"datePublished\":\"2025-09-20T22:48:21+00:00\",\"dateModified\":\"2026-03-20T20:51:52+00:00\",\"description\":\"%\",\"breadcrumb\":{\"@id\":\"https:\\\/\\\/www.sikati.de\\\/produkt\\\/lila-oversized-sweater-mit-cartoon-print\\\/#breadcrumb\"},\"inLanguage\":\"fr-FR\",\"potentialAction\":[{\"@type\":\"ReadAction\",\"target\":[\"https:\\\/\\\/www.sikati.de\\\/produkt\\\/lila-oversized-sweater-mit-cartoon-print\\\/\"]}]},{\"@type\":\"ImageObject\",\"inLanguage\":\"fr-FR\",\"@id\":\"https:\\\/\\\/www.sikati.de\\\/produkt\\\/lila-oversized-sweater-mit-cartoon-print\\\/#primaryimage\",\"url\":\"https:\\\/\\\/www.sikati.de\\\/wp-content\\\/uploads\\\/2025\\\/09\\\/26052025-IMG_6533-scaled.jpg\",\"contentUrl\":\"https:\\\/\\\/www.sikati.de\\\/wp-content\\\/uploads\\\/2025\\\/09\\\/26052025-IMG_6533-scaled.jpg\",\"width\":1776,\"height\":2560},{\"@type\":\"BreadcrumbList\",\"@id\":\"https:\\\/\\\/www.sikati.de\\\/produkt\\\/lila-oversized-sweater-mit-cartoon-print\\\/#breadcrumb\",\"itemListElement\":[{\"@type\":\"ListItem\",\"position\":1,\"name\":\"Startseite\",\"item\":\"https:\\\/\\\/www.sikati.de\\\/\"},{\"@type\":\"ListItem\",\"position\":2,\"name\":\"Produkte\",\"item\":\"https:\\\/\\\/www.sikati.de\\\/shop\\\/\"},{\"@type\":\"ListItem\",\"position\":3,\"name\":\"Lila Oversized-Sweater mit Cartoon-Print\"}]},{\"@type\":\"WebSite\",\"@id\":\"https:\\\/\\\/www.sikati.de\\\/#website\",\"url\":\"https:\\\/\\\/www.sikati.de\\\/\",\"name\":\"Sikat\u00ed\",\"description\":\"Afro Contemporary Fashion &amp; Living\",\"publisher\":{\"@id\":\"https:\\\/\\\/www.sikati.de\\\/#organization\"},\"potentialAction\":[{\"@type\":\"SearchAction\",\"target\":{\"@type\":\"EntryPoint\",\"urlTemplate\":\"https:\\\/\\\/www.sikati.de\\\/?s={search_term_string}\"},\"query-input\":{\"@type\":\"PropertyValueSpecification\",\"valueRequired\":true,\"valueName\":\"search_term_string\"}}],\"inLanguage\":\"fr-FR\"},{\"@type\":\"Organization\",\"@id\":\"https:\\\/\\\/www.sikati.de\\\/#organization\",\"name\":\"Sikat\u00ed\",\"url\":\"https:\\\/\\\/www.sikati.de\\\/\",\"logo\":{\"@type\":\"ImageObject\",\"inLanguage\":\"fr-FR\",\"@id\":\"https:\\\/\\\/www.sikati.de\\\/#\\\/schema\\\/logo\\\/image\\\/\",\"url\":\"https:\\\/\\\/www.sikati.de\\\/wp-content\\\/uploads\\\/2019\\\/03\\\/cropped-cropped-sikati-logo.png\",\"contentUrl\":\"https:\\\/\\\/www.sikati.de\\\/wp-content\\\/uploads\\\/2019\\\/03\\\/cropped-cropped-sikati-logo.png\",\"width\":500,\"height\":201,\"caption\":\"Sikat\u00ed\"},\"image\":{\"@id\":\"https:\\\/\\\/www.sikati.de\\\/#\\\/schema\\\/logo\\\/image\\\/\"},\"sameAs\":[\"https:\\\/\\\/www.facebook.com\\\/Arts.Decoration.Style\",\"https:\\\/\\\/www.instagram.com\\\/sikati_arts\\\/\",\"https:\\\/\\\/www.tiktok.com\\\/@sikati_arts\"]}]}<\/script>\n<!-- \/ Yoast SEO plugin. -->","yoast_head_json":{"title":"Lila Oversized-Sweater mit Cartoon-Print - Sikat\u00ed","description":"%","robots":{"index":"index","follow":"follow","max-snippet":"max-snippet:-1","max-image-preview":"max-image-preview:large","max-video-preview":"max-video-preview:-1"},"canonical":"https:\/\/www.sikati.de\/fr\/produit\/lila-oversized-sweater-mit-cartoon-print\/","og_locale":"fr_FR","og_type":"article","og_title":"Lila Oversized-Sweater mit Cartoon-Print - Sikat\u00ed","og_description":"%","og_url":"https:\/\/www.sikati.de\/fr\/produit\/lila-oversized-sweater-mit-cartoon-print\/","og_site_name":"Sikat\u00ed","article_publisher":"https:\/\/www.facebook.com\/Arts.Decoration.Style","article_modified_time":"2026-03-20T20:51:52+00:00","og_image":[{"width":1776,"height":2560,"url":"https:\/\/www.sikati.de\/wp-content\/uploads\/2025\/09\/26052025-IMG_6533-scaled.jpg","type":"image\/jpeg"}],"twitter_card":"summary_large_image","twitter_misc":{"Dur\u00e9e de lecture estim\u00e9e":"1 minute"},"schema":{"@context":"https:\/\/schema.org","@graph":[{"@type":"WebPage","@id":"https:\/\/www.sikati.de\/produkt\/lila-oversized-sweater-mit-cartoon-print\/","url":"https:\/\/www.sikati.de\/produkt\/lila-oversized-sweater-mit-cartoon-print\/","name":"Lila Oversized-Sweater mit Cartoon-Print - Sikat\u00ed","isPartOf":{"@id":"https:\/\/www.sikati.de\/#website"},"primaryImageOfPage":{"@id":"https:\/\/www.sikati.de\/produkt\/lila-oversized-sweater-mit-cartoon-print\/#primaryimage"},"image":{"@id":"https:\/\/www.sikati.de\/produkt\/lila-oversized-sweater-mit-cartoon-print\/#primaryimage"},"thumbnailUrl":"https:\/\/www.sikati.de\/wp-content\/uploads\/2025\/09\/26052025-IMG_6533-scaled.jpg","datePublished":"2025-09-20T22:48:21+00:00","dateModified":"2026-03-20T20:51:52+00:00","description":"%","breadcrumb":{"@id":"https:\/\/www.sikati.de\/produkt\/lila-oversized-sweater-mit-cartoon-print\/#breadcrumb"},"inLanguage":"fr-FR","potentialAction":[{"@type":"ReadAction","target":["https:\/\/www.sikati.de\/produkt\/lila-oversized-sweater-mit-cartoon-print\/"]}]},{"@type":"ImageObject","inLanguage":"fr-FR","@id":"https:\/\/www.sikati.de\/produkt\/lila-oversized-sweater-mit-cartoon-print\/#primaryimage","url":"https:\/\/www.sikati.de\/wp-content\/uploads\/2025\/09\/26052025-IMG_6533-scaled.jpg","contentUrl":"https:\/\/www.sikati.de\/wp-content\/uploads\/2025\/09\/26052025-IMG_6533-scaled.jpg","width":1776,"height":2560},{"@type":"BreadcrumbList","@id":"https:\/\/www.sikati.de\/produkt\/lila-oversized-sweater-mit-cartoon-print\/#breadcrumb","itemListElement":[{"@type":"ListItem","position":1,"name":"Startseite","item":"https:\/\/www.sikati.de\/"},{"@type":"ListItem","position":2,"name":"Produkte","item":"https:\/\/www.sikati.de\/shop\/"},{"@type":"ListItem","position":3,"name":"Lila Oversized-Sweater mit Cartoon-Print"}]},{"@type":"WebSite","@id":"https:\/\/www.sikati.de\/#website","url":"https:\/\/www.sikati.de\/","name":"Sika\u00ed","description":"Afro Contemporary Fashion &amp; Living","publisher":{"@id":"https:\/\/www.sikati.de\/#organization"},"potentialAction":[{"@type":"SearchAction","target":{"@type":"EntryPoint","urlTemplate":"https:\/\/www.sikati.de\/?s={search_term_string}"},"query-input":{"@type":"PropertyValueSpecification","valueRequired":true,"valueName":"search_term_string"}}],"inLanguage":"fr-FR"},{"@type":"Organization","@id":"https:\/\/www.sikati.de\/#organization","name":"Sika\u00ed","url":"https:\/\/www.sikati.de\/","logo":{"@type":"ImageObject","inLanguage":"fr-FR","@id":"https:\/\/www.sikati.de\/#\/schema\/logo\/image\/","url":"https:\/\/www.sikati.de\/wp-content\/uploads\/2019\/03\/cropped-cropped-sikati-logo.png","contentUrl":"https:\/\/www.sikati.de\/wp-content\/uploads\/2019\/03\/cropped-cropped-sikati-logo.png","width":500,"height":201,"caption":"Sikat\u00ed"},"image":{"@id":"https:\/\/www.sikati.de\/#\/schema\/logo\/image\/"},"sameAs":["https:\/\/www.facebook.com\/Arts.Decoration.Style","https:\/\/www.instagram.com\/sikati_arts\/","https:\/\/www.tiktok.com\/@sikati_arts"]}]}},"_links":{"self":[{"href":"https:\/\/www.sikati.de\/fr\/wp-json\/wp\/v2\/product\/13180","targetHints":{"allow":["GET"]}}],"collection":[{"href":"https:\/\/www.sikati.de\/fr\/wp-json\/wp\/v2\/product"}],"about":[{"href":"https:\/\/www.sikati.de\/fr\/wp-json\/wp\/v2\/types\/product"}],"wp:featuredmedia":[{"embeddable":true,"href":"https:\/\/www.sikati.de\/fr\/wp-json\/wp\/v2\/media\/13078"}],"wp:attachment":[{"href":"https:\/\/www.sikati.de\/fr\/wp-json\/wp\/v2\/media?parent=13180"}],"wp:term":[{"taxonomy":"product_brand","embeddable":true,"href":"https:\/\/www.sikati.de\/fr\/wp-json\/wp\/v2\/product_brand?post=13180"},{"taxonomy":"product_cat","embeddable":true,"href":"https:\/\/www.sikati.de\/fr\/wp-json\/wp\/v2\/product_cat?post=13180"},{"taxonomy":"product_tag","embeddable":true,"href":"https:\/\/www.sikati.de\/fr\/wp-json\/wp\/v2\/product_tag?post=13180"}],"curies":[{"name":"wp","href":"https:\/\/api.w.org\/{rel}","templated":true}]}}