{"id":13266,"date":"2025-09-22T21:07:15","date_gmt":"2025-09-22T19:07:15","guid":{"rendered":"https:\/\/www.sikati.de\/?post_type=product&#038;p=13266"},"modified":"2026-03-20T21:58:49","modified_gmt":"2026-03-20T20:58:49","slug":"oversized-patchwork-jacke-mit-kapuze-altrosa","status":"publish","type":"product","link":"https:\/\/www.sikati.de\/fr\/produit\/oversized-patchwork-jacke-mit-kapuze-altrosa\/","title":{"rendered":"Veste patchwork oversize \u00e0 capuche \u2013 rose poudr\u00e9"},"content":{"rendered":"<p data-start=\"223\" data-end=\"382\">\u00c9l\u00e9gant <strong data-start=\"233\" data-end=\"270\">Veste oversize \u00e0 l&#039;aspect patchwork<\/strong> avec une capuche <strong data-start=\"285\" data-end=\"296\">Rose poudr\u00e9<\/strong>. Un v\u00e9ritable atout pour les tenues d\u00e9contract\u00e9es de style urbain, parfait pour les journ\u00e9es plus fra\u00eeches.<\/p>\n<ul data-start=\"383\" data-end=\"928\">\n<li data-start=\"383\" data-end=\"437\">\n<p data-start=\"385\" data-end=\"437\"><strong data-start=\"385\" data-end=\"395\">Couleur:<\/strong> Rose poudr\u00e9 associ\u00e9 \u00e0 du noir et du gris<\/p>\n<\/li>\n<li data-start=\"438\" data-end=\"484\">\n<p data-start=\"440\" data-end=\"484\"><strong data-start=\"440\" data-end=\"452\">Couper:<\/strong> Ample, surdimensionn\u00e9, avec capuche<\/p>\n<\/li>\n<li data-start=\"485\" data-end=\"557\">\n<p data-start=\"487\" data-end=\"557\"><strong data-start=\"487\" data-end=\"500\">Ajuster:<\/strong> Confortable, taille unique (convient aux tailles 36 \u00e0 48)<\/p>\n<\/li>\n<li data-start=\"558\" data-end=\"598\">\n<p data-start=\"560\" data-end=\"598\"><strong data-start=\"560\" data-end=\"575\">Fermeture:<\/strong> Fermeture \u00e9clair avant<\/p>\n<\/li>\n<li data-start=\"599\" data-end=\"742\">\n<p data-start=\"601\" data-end=\"742\"><strong data-start=\"601\" data-end=\"613\">D\u00e9tails:<\/strong> Grandes poches plaqu\u00e9es, \u00e9cussons d\u00e9coratifs universitaires (chiffres et lettres), surpiq\u00fbres contrast\u00e9es, inscription au dos.<\/p>\n<\/li>\n<li data-start=\"743\" data-end=\"836\">\n<p data-start=\"745\" data-end=\"836\"><strong data-start=\"745\" data-end=\"758\">Mat\u00e9riel:<\/strong> Tissu en m\u00e9lange de coton avec d\u00e9tails en polaire \u2013 doux, chaud et confortable \u00e0 porter.<\/p>\n<\/li>\n<li data-start=\"837\" data-end=\"928\">\n<p data-start=\"839\" data-end=\"928\"><strong data-start=\"839\" data-end=\"857\">Conseils d&#039;entretien\u00a0:<\/strong> Lavage en machine \u00e0 30 \u00b0C, ne pas utiliser d&#039;eau de Javel<\/p>\n<\/li>\n<\/ul>","protected":false},"excerpt":{"rendered":"<p>Veste patchwork oversize \u00e0 capuche rose poudr\u00e9. Confortable et \u00e9l\u00e9gante. Taille unique (36\u201348).<br data-start=\"1059\" data-end=\"1062\" \/>Pas de facture de TVA, en tant que petite entreprise selon l&#039;article 19 (1) de la loi allemande sur la TVA (UStG).<\/p>","protected":false},"featured_media":13102,"template":"","meta":{"_acf_changed":false},"product_brand":[],"product_cat":[1430,1445,1419],"product_tag":[1981,1980,1979,1977,1978,1982],"class_list":{"0":"post-13266","1":"product","2":"type-product","3":"status-publish","4":"has-post-thumbnail","6":"product_cat-fruehjahr-sommer-kollektion","7":"product_cat-jacken","8":"product_cat-lyne-collections","9":"product_tag-altrosa-oversized-jacke","10":"product_tag-college-style-jacke-damen","11":"product_tag-jacke-mit-kapuze-oversize","12":"product_tag-oversized-jacke-altrosa","13":"product_tag-patchwork-jacke-damen","14":"product_tag-streetstyle-jacke-altrosa","16":"first","17":"instock","18":"sale","19":"shipping-taxable","20":"purchasable","21":"product-type-simple"},"acf":[],"yoast_head":"<!-- This site is optimized with the Yoast SEO plugin v27.4 - https:\/\/yoast.com\/product\/yoast-seo-wordpress\/ -->\n<title>Oversized Patchwork-Jacke mit Kapuze \u2013 Altrosa - Sikat\u00ed<\/title>\n<meta name=\"description\" content=\"%\" \/>\n<meta name=\"robots\" content=\"index, follow, max-snippet:-1, max-image-preview:large, max-video-preview:-1\" \/>\n<link rel=\"canonical\" href=\"https:\/\/www.sikati.de\/fr\/produit\/oversized-patchwork-jacke-mit-kapuze-altrosa\/\" \/>\n<meta property=\"og:locale\" content=\"fr_FR\" \/>\n<meta property=\"og:type\" content=\"article\" \/>\n<meta property=\"og:title\" content=\"Oversized Patchwork-Jacke mit Kapuze \u2013 Altrosa - Sikat\u00ed\" \/>\n<meta property=\"og:description\" content=\"%\" \/>\n<meta property=\"og:url\" content=\"https:\/\/www.sikati.de\/fr\/produit\/oversized-patchwork-jacke-mit-kapuze-altrosa\/\" \/>\n<meta property=\"og:site_name\" content=\"Sikat\u00ed\" \/>\n<meta property=\"article:publisher\" content=\"https:\/\/www.facebook.com\/Arts.Decoration.Style\" \/>\n<meta property=\"article:modified_time\" content=\"2026-03-20T20:58:49+00:00\" \/>\n<meta property=\"og:image\" content=\"https:\/\/www.sikati.de\/wp-content\/uploads\/2025\/09\/26052025-IMG_6580-scaled.jpg\" \/>\n\t<meta property=\"og:image:width\" content=\"1707\" \/>\n\t<meta property=\"og:image:height\" content=\"2560\" \/>\n\t<meta property=\"og:image:type\" content=\"image\/jpeg\" \/>\n<meta name=\"twitter:card\" content=\"summary_large_image\" \/>\n<meta name=\"twitter:label1\" content=\"Dur\u00e9e de lecture estim\u00e9e\" \/>\n\t<meta name=\"twitter:data1\" content=\"1 minute\" \/>\n<script type=\"application\/ld+json\" class=\"yoast-schema-graph\">{\"@context\":\"https:\\\/\\\/schema.org\",\"@graph\":[{\"@type\":\"WebPage\",\"@id\":\"https:\\\/\\\/www.sikati.de\\\/produkt\\\/oversized-patchwork-jacke-mit-kapuze-altrosa\\\/\",\"url\":\"https:\\\/\\\/www.sikati.de\\\/produkt\\\/oversized-patchwork-jacke-mit-kapuze-altrosa\\\/\",\"name\":\"Oversized Patchwork-Jacke mit Kapuze \u2013 Altrosa - Sikat\u00ed\",\"isPartOf\":{\"@id\":\"https:\\\/\\\/www.sikati.de\\\/#website\"},\"primaryImageOfPage\":{\"@id\":\"https:\\\/\\\/www.sikati.de\\\/produkt\\\/oversized-patchwork-jacke-mit-kapuze-altrosa\\\/#primaryimage\"},\"image\":{\"@id\":\"https:\\\/\\\/www.sikati.de\\\/produkt\\\/oversized-patchwork-jacke-mit-kapuze-altrosa\\\/#primaryimage\"},\"thumbnailUrl\":\"https:\\\/\\\/www.sikati.de\\\/wp-content\\\/uploads\\\/2025\\\/09\\\/26052025-IMG_6580-scaled.jpg\",\"datePublished\":\"2025-09-22T19:07:15+00:00\",\"dateModified\":\"2026-03-20T20:58:49+00:00\",\"description\":\"%\",\"breadcrumb\":{\"@id\":\"https:\\\/\\\/www.sikati.de\\\/produkt\\\/oversized-patchwork-jacke-mit-kapuze-altrosa\\\/#breadcrumb\"},\"inLanguage\":\"fr-FR\",\"potentialAction\":[{\"@type\":\"ReadAction\",\"target\":[\"https:\\\/\\\/www.sikati.de\\\/produkt\\\/oversized-patchwork-jacke-mit-kapuze-altrosa\\\/\"]}]},{\"@type\":\"ImageObject\",\"inLanguage\":\"fr-FR\",\"@id\":\"https:\\\/\\\/www.sikati.de\\\/produkt\\\/oversized-patchwork-jacke-mit-kapuze-altrosa\\\/#primaryimage\",\"url\":\"https:\\\/\\\/www.sikati.de\\\/wp-content\\\/uploads\\\/2025\\\/09\\\/26052025-IMG_6580-scaled.jpg\",\"contentUrl\":\"https:\\\/\\\/www.sikati.de\\\/wp-content\\\/uploads\\\/2025\\\/09\\\/26052025-IMG_6580-scaled.jpg\",\"width\":1707,\"height\":2560},{\"@type\":\"BreadcrumbList\",\"@id\":\"https:\\\/\\\/www.sikati.de\\\/produkt\\\/oversized-patchwork-jacke-mit-kapuze-altrosa\\\/#breadcrumb\",\"itemListElement\":[{\"@type\":\"ListItem\",\"position\":1,\"name\":\"Startseite\",\"item\":\"https:\\\/\\\/www.sikati.de\\\/\"},{\"@type\":\"ListItem\",\"position\":2,\"name\":\"Produkte\",\"item\":\"https:\\\/\\\/www.sikati.de\\\/shop\\\/\"},{\"@type\":\"ListItem\",\"position\":3,\"name\":\"Oversized Patchwork-Jacke mit Kapuze \u2013 Altrosa\"}]},{\"@type\":\"WebSite\",\"@id\":\"https:\\\/\\\/www.sikati.de\\\/#website\",\"url\":\"https:\\\/\\\/www.sikati.de\\\/\",\"name\":\"Sikat\u00ed\",\"description\":\"Afro Contemporary Fashion &amp; Living\",\"publisher\":{\"@id\":\"https:\\\/\\\/www.sikati.de\\\/#organization\"},\"potentialAction\":[{\"@type\":\"SearchAction\",\"target\":{\"@type\":\"EntryPoint\",\"urlTemplate\":\"https:\\\/\\\/www.sikati.de\\\/?s={search_term_string}\"},\"query-input\":{\"@type\":\"PropertyValueSpecification\",\"valueRequired\":true,\"valueName\":\"search_term_string\"}}],\"inLanguage\":\"fr-FR\"},{\"@type\":\"Organization\",\"@id\":\"https:\\\/\\\/www.sikati.de\\\/#organization\",\"name\":\"Sikat\u00ed\",\"url\":\"https:\\\/\\\/www.sikati.de\\\/\",\"logo\":{\"@type\":\"ImageObject\",\"inLanguage\":\"fr-FR\",\"@id\":\"https:\\\/\\\/www.sikati.de\\\/#\\\/schema\\\/logo\\\/image\\\/\",\"url\":\"https:\\\/\\\/www.sikati.de\\\/wp-content\\\/uploads\\\/2019\\\/03\\\/cropped-cropped-sikati-logo.png\",\"contentUrl\":\"https:\\\/\\\/www.sikati.de\\\/wp-content\\\/uploads\\\/2019\\\/03\\\/cropped-cropped-sikati-logo.png\",\"width\":500,\"height\":201,\"caption\":\"Sikat\u00ed\"},\"image\":{\"@id\":\"https:\\\/\\\/www.sikati.de\\\/#\\\/schema\\\/logo\\\/image\\\/\"},\"sameAs\":[\"https:\\\/\\\/www.facebook.com\\\/Arts.Decoration.Style\",\"https:\\\/\\\/www.instagram.com\\\/sikati_arts\\\/\",\"https:\\\/\\\/www.tiktok.com\\\/@sikati_arts\"]}]}<\/script>\n<!-- \/ Yoast SEO plugin. -->","yoast_head_json":{"title":"Oversized Patchwork-Jacke mit Kapuze \u2013 Altrosa - Sikat\u00ed","description":"%","robots":{"index":"index","follow":"follow","max-snippet":"max-snippet:-1","max-image-preview":"max-image-preview:large","max-video-preview":"max-video-preview:-1"},"canonical":"https:\/\/www.sikati.de\/fr\/produit\/oversized-patchwork-jacke-mit-kapuze-altrosa\/","og_locale":"fr_FR","og_type":"article","og_title":"Oversized Patchwork-Jacke mit Kapuze \u2013 Altrosa - Sikat\u00ed","og_description":"%","og_url":"https:\/\/www.sikati.de\/fr\/produit\/oversized-patchwork-jacke-mit-kapuze-altrosa\/","og_site_name":"Sikat\u00ed","article_publisher":"https:\/\/www.facebook.com\/Arts.Decoration.Style","article_modified_time":"2026-03-20T20:58:49+00:00","og_image":[{"width":1707,"height":2560,"url":"https:\/\/www.sikati.de\/wp-content\/uploads\/2025\/09\/26052025-IMG_6580-scaled.jpg","type":"image\/jpeg"}],"twitter_card":"summary_large_image","twitter_misc":{"Dur\u00e9e de lecture estim\u00e9e":"1 minute"},"schema":{"@context":"https:\/\/schema.org","@graph":[{"@type":"WebPage","@id":"https:\/\/www.sikati.de\/produkt\/oversized-patchwork-jacke-mit-kapuze-altrosa\/","url":"https:\/\/www.sikati.de\/produkt\/oversized-patchwork-jacke-mit-kapuze-altrosa\/","name":"Oversized Patchwork-Jacke mit Kapuze \u2013 Altrosa - Sikat\u00ed","isPartOf":{"@id":"https:\/\/www.sikati.de\/#website"},"primaryImageOfPage":{"@id":"https:\/\/www.sikati.de\/produkt\/oversized-patchwork-jacke-mit-kapuze-altrosa\/#primaryimage"},"image":{"@id":"https:\/\/www.sikati.de\/produkt\/oversized-patchwork-jacke-mit-kapuze-altrosa\/#primaryimage"},"thumbnailUrl":"https:\/\/www.sikati.de\/wp-content\/uploads\/2025\/09\/26052025-IMG_6580-scaled.jpg","datePublished":"2025-09-22T19:07:15+00:00","dateModified":"2026-03-20T20:58:49+00:00","description":"%","breadcrumb":{"@id":"https:\/\/www.sikati.de\/produkt\/oversized-patchwork-jacke-mit-kapuze-altrosa\/#breadcrumb"},"inLanguage":"fr-FR","potentialAction":[{"@type":"ReadAction","target":["https:\/\/www.sikati.de\/produkt\/oversized-patchwork-jacke-mit-kapuze-altrosa\/"]}]},{"@type":"ImageObject","inLanguage":"fr-FR","@id":"https:\/\/www.sikati.de\/produkt\/oversized-patchwork-jacke-mit-kapuze-altrosa\/#primaryimage","url":"https:\/\/www.sikati.de\/wp-content\/uploads\/2025\/09\/26052025-IMG_6580-scaled.jpg","contentUrl":"https:\/\/www.sikati.de\/wp-content\/uploads\/2025\/09\/26052025-IMG_6580-scaled.jpg","width":1707,"height":2560},{"@type":"BreadcrumbList","@id":"https:\/\/www.sikati.de\/produkt\/oversized-patchwork-jacke-mit-kapuze-altrosa\/#breadcrumb","itemListElement":[{"@type":"ListItem","position":1,"name":"Startseite","item":"https:\/\/www.sikati.de\/"},{"@type":"ListItem","position":2,"name":"Produkte","item":"https:\/\/www.sikati.de\/shop\/"},{"@type":"ListItem","position":3,"name":"Oversized Patchwork-Jacke mit Kapuze \u2013 Altrosa"}]},{"@type":"WebSite","@id":"https:\/\/www.sikati.de\/#website","url":"https:\/\/www.sikati.de\/","name":"Sika\u00ed","description":"Afro Contemporary Fashion &amp; Living","publisher":{"@id":"https:\/\/www.sikati.de\/#organization"},"potentialAction":[{"@type":"SearchAction","target":{"@type":"EntryPoint","urlTemplate":"https:\/\/www.sikati.de\/?s={search_term_string}"},"query-input":{"@type":"PropertyValueSpecification","valueRequired":true,"valueName":"search_term_string"}}],"inLanguage":"fr-FR"},{"@type":"Organization","@id":"https:\/\/www.sikati.de\/#organization","name":"Sika\u00ed","url":"https:\/\/www.sikati.de\/","logo":{"@type":"ImageObject","inLanguage":"fr-FR","@id":"https:\/\/www.sikati.de\/#\/schema\/logo\/image\/","url":"https:\/\/www.sikati.de\/wp-content\/uploads\/2019\/03\/cropped-cropped-sikati-logo.png","contentUrl":"https:\/\/www.sikati.de\/wp-content\/uploads\/2019\/03\/cropped-cropped-sikati-logo.png","width":500,"height":201,"caption":"Sikat\u00ed"},"image":{"@id":"https:\/\/www.sikati.de\/#\/schema\/logo\/image\/"},"sameAs":["https:\/\/www.facebook.com\/Arts.Decoration.Style","https:\/\/www.instagram.com\/sikati_arts\/","https:\/\/www.tiktok.com\/@sikati_arts"]}]}},"_links":{"self":[{"href":"https:\/\/www.sikati.de\/fr\/wp-json\/wp\/v2\/product\/13266","targetHints":{"allow":["GET"]}}],"collection":[{"href":"https:\/\/www.sikati.de\/fr\/wp-json\/wp\/v2\/product"}],"about":[{"href":"https:\/\/www.sikati.de\/fr\/wp-json\/wp\/v2\/types\/product"}],"wp:featuredmedia":[{"embeddable":true,"href":"https:\/\/www.sikati.de\/fr\/wp-json\/wp\/v2\/media\/13102"}],"wp:attachment":[{"href":"https:\/\/www.sikati.de\/fr\/wp-json\/wp\/v2\/media?parent=13266"}],"wp:term":[{"taxonomy":"product_brand","embeddable":true,"href":"https:\/\/www.sikati.de\/fr\/wp-json\/wp\/v2\/product_brand?post=13266"},{"taxonomy":"product_cat","embeddable":true,"href":"https:\/\/www.sikati.de\/fr\/wp-json\/wp\/v2\/product_cat?post=13266"},{"taxonomy":"product_tag","embeddable":true,"href":"https:\/\/www.sikati.de\/fr\/wp-json\/wp\/v2\/product_tag?post=13266"}],"curies":[{"name":"wp","href":"https:\/\/api.w.org\/{rel}","templated":true}]}}