{"id":13267,"date":"2025-09-22T21:20:31","date_gmt":"2025-09-22T19:20:31","guid":{"rendered":"https:\/\/www.sikati.de\/?post_type=product&#038;p=13267"},"modified":"2026-03-20T21:57:45","modified_gmt":"2026-03-20T20:57:45","slug":"oversized-patchwork-jacke-mit-kapuze-gelb","status":"publish","type":"product","link":"https:\/\/www.sikati.de\/fr\/produit\/oversized-patchwork-jacke-mit-kapuze-gelb\/","title":{"rendered":"Veste patchwork oversize \u00e0 capuche \u2013 Jaune"},"content":{"rendered":"<p data-start=\"258\" data-end=\"425\">Visible <strong data-start=\"269\" data-end=\"308\">Veste oversize \u00e0 motif patchwork<\/strong> avec une capuche <strong data-start=\"323\" data-end=\"350\">Jaune, marron et noir<\/strong>. Un look tendance et affirm\u00e9, typique du style universitaire, parfait pour les adeptes du streetwear.<\/p>\n<ul data-start=\"426\" data-end=\"963\">\n<li data-start=\"426\" data-end=\"478\">\n<p data-start=\"428\" data-end=\"478\"><strong data-start=\"428\" data-end=\"438\">Couleur:<\/strong> Jaune associ\u00e9 \u00e0 du brun et du noir<\/p>\n<\/li>\n<li data-start=\"479\" data-end=\"525\">\n<p data-start=\"481\" data-end=\"525\"><strong data-start=\"481\" data-end=\"493\">Couper:<\/strong> Ample, surdimensionn\u00e9, avec capuche<\/p>\n<\/li>\n<li data-start=\"526\" data-end=\"598\">\n<p data-start=\"528\" data-end=\"598\"><strong data-start=\"528\" data-end=\"541\">Ajuster:<\/strong> Confortable, taille unique (convient aux tailles 36 \u00e0 48)<\/p>\n<\/li>\n<li data-start=\"599\" data-end=\"639\">\n<p data-start=\"601\" data-end=\"639\"><strong data-start=\"601\" data-end=\"616\">Fermeture:<\/strong> Fermeture \u00e9clair avant<\/p>\n<\/li>\n<li data-start=\"640\" data-end=\"778\">\n<p data-start=\"642\" data-end=\"778\"><strong data-start=\"642\" data-end=\"654\">D\u00e9tails:<\/strong> Grandes poches plaqu\u00e9es, \u00e9cussons distinctifs des universit\u00e9s (chiffres et lettres), coutures contrast\u00e9es, grand lettrage au dos.<\/p>\n<\/li>\n<li data-start=\"779\" data-end=\"871\">\n<p data-start=\"781\" data-end=\"871\"><strong data-start=\"781\" data-end=\"794\">Mat\u00e9riel:<\/strong> Tissu en m\u00e9lange de coton avec des \u00e9l\u00e9ments polaires \u2013 doux, chaud et durable<\/p>\n<\/li>\n<li data-start=\"872\" data-end=\"963\">\n<p data-start=\"874\" data-end=\"963\"><strong data-start=\"874\" data-end=\"892\">Conseils d&#039;entretien\u00a0:<\/strong> Lavage en machine \u00e0 30\u00b0C<\/p>\n<\/li>\n<\/ul>","protected":false},"excerpt":{"rendered":"<p>Veste patchwork oversize \u00e0 capuche, jaune, marron et noire. Un look streetwear confortable. Taille unique (36\u201348).<br data-start=\"1111\" data-end=\"1114\" \/>Pas de facture de TVA, en tant que petite entreprise selon l&#039;article 19 (1) de la loi allemande sur la TVA (UStG).<\/p>","protected":false},"featured_media":13108,"template":"","meta":{"_acf_changed":false},"product_brand":[],"product_cat":[1430,1445,1419],"product_tag":[1985,1986,1987,1983,1978,1984],"class_list":{"0":"post-13267","1":"product","2":"type-product","3":"status-publish","4":"has-post-thumbnail","6":"product_cat-fruehjahr-sommer-kollektion","7":"product_cat-jacken","8":"product_cat-lyne-collections","9":"product_tag-college-style-oversized-jacke","10":"product_tag-gelb-braun-jacke-damen","11":"product_tag-oversized-hoodie-jacke","12":"product_tag-oversized-jacke-gelb","13":"product_tag-patchwork-jacke-damen","14":"product_tag-streetstyle-jacke-kapuze","16":"first","17":"instock","18":"sale","19":"shipping-taxable","20":"purchasable","21":"product-type-simple"},"acf":[],"yoast_head":"<!-- This site is optimized with the Yoast SEO plugin v27.4 - https:\/\/yoast.com\/product\/yoast-seo-wordpress\/ -->\n<title>Oversized Patchwork-Jacke mit Kapuze \u2013 Gelb - Sikat\u00ed<\/title>\n<meta name=\"description\" content=\"%\" \/>\n<meta name=\"robots\" content=\"index, follow, max-snippet:-1, max-image-preview:large, max-video-preview:-1\" \/>\n<link rel=\"canonical\" href=\"https:\/\/www.sikati.de\/fr\/produit\/oversized-patchwork-jacke-mit-kapuze-gelb\/\" \/>\n<meta property=\"og:locale\" content=\"fr_FR\" \/>\n<meta property=\"og:type\" content=\"article\" \/>\n<meta property=\"og:title\" content=\"Oversized Patchwork-Jacke mit Kapuze \u2013 Gelb - Sikat\u00ed\" \/>\n<meta property=\"og:description\" content=\"%\" \/>\n<meta property=\"og:url\" content=\"https:\/\/www.sikati.de\/fr\/produit\/oversized-patchwork-jacke-mit-kapuze-gelb\/\" \/>\n<meta property=\"og:site_name\" content=\"Sikat\u00ed\" \/>\n<meta property=\"article:publisher\" content=\"https:\/\/www.facebook.com\/Arts.Decoration.Style\" \/>\n<meta property=\"article:modified_time\" content=\"2026-03-20T20:57:45+00:00\" \/>\n<meta property=\"og:image\" content=\"https:\/\/www.sikati.de\/wp-content\/uploads\/2025\/09\/26052025-IMG_6592-scaled.jpg\" \/>\n\t<meta property=\"og:image:width\" content=\"1707\" \/>\n\t<meta property=\"og:image:height\" content=\"2560\" \/>\n\t<meta property=\"og:image:type\" content=\"image\/jpeg\" \/>\n<meta name=\"twitter:card\" content=\"summary_large_image\" \/>\n<meta name=\"twitter:label1\" content=\"Dur\u00e9e de lecture estim\u00e9e\" \/>\n\t<meta name=\"twitter:data1\" content=\"1 minute\" \/>\n<script type=\"application\/ld+json\" class=\"yoast-schema-graph\">{\"@context\":\"https:\\\/\\\/schema.org\",\"@graph\":[{\"@type\":\"WebPage\",\"@id\":\"https:\\\/\\\/www.sikati.de\\\/produkt\\\/oversized-patchwork-jacke-mit-kapuze-gelb\\\/\",\"url\":\"https:\\\/\\\/www.sikati.de\\\/produkt\\\/oversized-patchwork-jacke-mit-kapuze-gelb\\\/\",\"name\":\"Oversized Patchwork-Jacke mit Kapuze \u2013 Gelb - Sikat\u00ed\",\"isPartOf\":{\"@id\":\"https:\\\/\\\/www.sikati.de\\\/#website\"},\"primaryImageOfPage\":{\"@id\":\"https:\\\/\\\/www.sikati.de\\\/produkt\\\/oversized-patchwork-jacke-mit-kapuze-gelb\\\/#primaryimage\"},\"image\":{\"@id\":\"https:\\\/\\\/www.sikati.de\\\/produkt\\\/oversized-patchwork-jacke-mit-kapuze-gelb\\\/#primaryimage\"},\"thumbnailUrl\":\"https:\\\/\\\/www.sikati.de\\\/wp-content\\\/uploads\\\/2025\\\/09\\\/26052025-IMG_6592-scaled.jpg\",\"datePublished\":\"2025-09-22T19:20:31+00:00\",\"dateModified\":\"2026-03-20T20:57:45+00:00\",\"description\":\"%\",\"breadcrumb\":{\"@id\":\"https:\\\/\\\/www.sikati.de\\\/produkt\\\/oversized-patchwork-jacke-mit-kapuze-gelb\\\/#breadcrumb\"},\"inLanguage\":\"fr-FR\",\"potentialAction\":[{\"@type\":\"ReadAction\",\"target\":[\"https:\\\/\\\/www.sikati.de\\\/produkt\\\/oversized-patchwork-jacke-mit-kapuze-gelb\\\/\"]}]},{\"@type\":\"ImageObject\",\"inLanguage\":\"fr-FR\",\"@id\":\"https:\\\/\\\/www.sikati.de\\\/produkt\\\/oversized-patchwork-jacke-mit-kapuze-gelb\\\/#primaryimage\",\"url\":\"https:\\\/\\\/www.sikati.de\\\/wp-content\\\/uploads\\\/2025\\\/09\\\/26052025-IMG_6592-scaled.jpg\",\"contentUrl\":\"https:\\\/\\\/www.sikati.de\\\/wp-content\\\/uploads\\\/2025\\\/09\\\/26052025-IMG_6592-scaled.jpg\",\"width\":1707,\"height\":2560},{\"@type\":\"BreadcrumbList\",\"@id\":\"https:\\\/\\\/www.sikati.de\\\/produkt\\\/oversized-patchwork-jacke-mit-kapuze-gelb\\\/#breadcrumb\",\"itemListElement\":[{\"@type\":\"ListItem\",\"position\":1,\"name\":\"Startseite\",\"item\":\"https:\\\/\\\/www.sikati.de\\\/\"},{\"@type\":\"ListItem\",\"position\":2,\"name\":\"Produkte\",\"item\":\"https:\\\/\\\/www.sikati.de\\\/shop\\\/\"},{\"@type\":\"ListItem\",\"position\":3,\"name\":\"Oversized Patchwork-Jacke mit Kapuze \u2013 Gelb\"}]},{\"@type\":\"WebSite\",\"@id\":\"https:\\\/\\\/www.sikati.de\\\/#website\",\"url\":\"https:\\\/\\\/www.sikati.de\\\/\",\"name\":\"Sikat\u00ed\",\"description\":\"Afro Contemporary Fashion &amp; Living\",\"publisher\":{\"@id\":\"https:\\\/\\\/www.sikati.de\\\/#organization\"},\"potentialAction\":[{\"@type\":\"SearchAction\",\"target\":{\"@type\":\"EntryPoint\",\"urlTemplate\":\"https:\\\/\\\/www.sikati.de\\\/?s={search_term_string}\"},\"query-input\":{\"@type\":\"PropertyValueSpecification\",\"valueRequired\":true,\"valueName\":\"search_term_string\"}}],\"inLanguage\":\"fr-FR\"},{\"@type\":\"Organization\",\"@id\":\"https:\\\/\\\/www.sikati.de\\\/#organization\",\"name\":\"Sikat\u00ed\",\"url\":\"https:\\\/\\\/www.sikati.de\\\/\",\"logo\":{\"@type\":\"ImageObject\",\"inLanguage\":\"fr-FR\",\"@id\":\"https:\\\/\\\/www.sikati.de\\\/#\\\/schema\\\/logo\\\/image\\\/\",\"url\":\"https:\\\/\\\/www.sikati.de\\\/wp-content\\\/uploads\\\/2019\\\/03\\\/cropped-cropped-sikati-logo.png\",\"contentUrl\":\"https:\\\/\\\/www.sikati.de\\\/wp-content\\\/uploads\\\/2019\\\/03\\\/cropped-cropped-sikati-logo.png\",\"width\":500,\"height\":201,\"caption\":\"Sikat\u00ed\"},\"image\":{\"@id\":\"https:\\\/\\\/www.sikati.de\\\/#\\\/schema\\\/logo\\\/image\\\/\"},\"sameAs\":[\"https:\\\/\\\/www.facebook.com\\\/Arts.Decoration.Style\",\"https:\\\/\\\/www.instagram.com\\\/sikati_arts\\\/\",\"https:\\\/\\\/www.tiktok.com\\\/@sikati_arts\"]}]}<\/script>\n<!-- \/ Yoast SEO plugin. -->","yoast_head_json":{"title":"Oversized Patchwork-Jacke mit Kapuze \u2013 Gelb - Sikat\u00ed","description":"%","robots":{"index":"index","follow":"follow","max-snippet":"max-snippet:-1","max-image-preview":"max-image-preview:large","max-video-preview":"max-video-preview:-1"},"canonical":"https:\/\/www.sikati.de\/fr\/produit\/oversized-patchwork-jacke-mit-kapuze-gelb\/","og_locale":"fr_FR","og_type":"article","og_title":"Oversized Patchwork-Jacke mit Kapuze \u2013 Gelb - Sikat\u00ed","og_description":"%","og_url":"https:\/\/www.sikati.de\/fr\/produit\/oversized-patchwork-jacke-mit-kapuze-gelb\/","og_site_name":"Sikat\u00ed","article_publisher":"https:\/\/www.facebook.com\/Arts.Decoration.Style","article_modified_time":"2026-03-20T20:57:45+00:00","og_image":[{"width":1707,"height":2560,"url":"https:\/\/www.sikati.de\/wp-content\/uploads\/2025\/09\/26052025-IMG_6592-scaled.jpg","type":"image\/jpeg"}],"twitter_card":"summary_large_image","twitter_misc":{"Dur\u00e9e de lecture estim\u00e9e":"1 minute"},"schema":{"@context":"https:\/\/schema.org","@graph":[{"@type":"WebPage","@id":"https:\/\/www.sikati.de\/produkt\/oversized-patchwork-jacke-mit-kapuze-gelb\/","url":"https:\/\/www.sikati.de\/produkt\/oversized-patchwork-jacke-mit-kapuze-gelb\/","name":"Oversized Patchwork-Jacke mit Kapuze \u2013 Gelb - Sikat\u00ed","isPartOf":{"@id":"https:\/\/www.sikati.de\/#website"},"primaryImageOfPage":{"@id":"https:\/\/www.sikati.de\/produkt\/oversized-patchwork-jacke-mit-kapuze-gelb\/#primaryimage"},"image":{"@id":"https:\/\/www.sikati.de\/produkt\/oversized-patchwork-jacke-mit-kapuze-gelb\/#primaryimage"},"thumbnailUrl":"https:\/\/www.sikati.de\/wp-content\/uploads\/2025\/09\/26052025-IMG_6592-scaled.jpg","datePublished":"2025-09-22T19:20:31+00:00","dateModified":"2026-03-20T20:57:45+00:00","description":"%","breadcrumb":{"@id":"https:\/\/www.sikati.de\/produkt\/oversized-patchwork-jacke-mit-kapuze-gelb\/#breadcrumb"},"inLanguage":"fr-FR","potentialAction":[{"@type":"ReadAction","target":["https:\/\/www.sikati.de\/produkt\/oversized-patchwork-jacke-mit-kapuze-gelb\/"]}]},{"@type":"ImageObject","inLanguage":"fr-FR","@id":"https:\/\/www.sikati.de\/produkt\/oversized-patchwork-jacke-mit-kapuze-gelb\/#primaryimage","url":"https:\/\/www.sikati.de\/wp-content\/uploads\/2025\/09\/26052025-IMG_6592-scaled.jpg","contentUrl":"https:\/\/www.sikati.de\/wp-content\/uploads\/2025\/09\/26052025-IMG_6592-scaled.jpg","width":1707,"height":2560},{"@type":"BreadcrumbList","@id":"https:\/\/www.sikati.de\/produkt\/oversized-patchwork-jacke-mit-kapuze-gelb\/#breadcrumb","itemListElement":[{"@type":"ListItem","position":1,"name":"Startseite","item":"https:\/\/www.sikati.de\/"},{"@type":"ListItem","position":2,"name":"Produkte","item":"https:\/\/www.sikati.de\/shop\/"},{"@type":"ListItem","position":3,"name":"Oversized Patchwork-Jacke mit Kapuze \u2013 Gelb"}]},{"@type":"WebSite","@id":"https:\/\/www.sikati.de\/#website","url":"https:\/\/www.sikati.de\/","name":"Sika\u00ed","description":"Afro Contemporary Fashion &amp; Living","publisher":{"@id":"https:\/\/www.sikati.de\/#organization"},"potentialAction":[{"@type":"SearchAction","target":{"@type":"EntryPoint","urlTemplate":"https:\/\/www.sikati.de\/?s={search_term_string}"},"query-input":{"@type":"PropertyValueSpecification","valueRequired":true,"valueName":"search_term_string"}}],"inLanguage":"fr-FR"},{"@type":"Organization","@id":"https:\/\/www.sikati.de\/#organization","name":"Sika\u00ed","url":"https:\/\/www.sikati.de\/","logo":{"@type":"ImageObject","inLanguage":"fr-FR","@id":"https:\/\/www.sikati.de\/#\/schema\/logo\/image\/","url":"https:\/\/www.sikati.de\/wp-content\/uploads\/2019\/03\/cropped-cropped-sikati-logo.png","contentUrl":"https:\/\/www.sikati.de\/wp-content\/uploads\/2019\/03\/cropped-cropped-sikati-logo.png","width":500,"height":201,"caption":"Sikat\u00ed"},"image":{"@id":"https:\/\/www.sikati.de\/#\/schema\/logo\/image\/"},"sameAs":["https:\/\/www.facebook.com\/Arts.Decoration.Style","https:\/\/www.instagram.com\/sikati_arts\/","https:\/\/www.tiktok.com\/@sikati_arts"]}]}},"_links":{"self":[{"href":"https:\/\/www.sikati.de\/fr\/wp-json\/wp\/v2\/product\/13267","targetHints":{"allow":["GET"]}}],"collection":[{"href":"https:\/\/www.sikati.de\/fr\/wp-json\/wp\/v2\/product"}],"about":[{"href":"https:\/\/www.sikati.de\/fr\/wp-json\/wp\/v2\/types\/product"}],"wp:featuredmedia":[{"embeddable":true,"href":"https:\/\/www.sikati.de\/fr\/wp-json\/wp\/v2\/media\/13108"}],"wp:attachment":[{"href":"https:\/\/www.sikati.de\/fr\/wp-json\/wp\/v2\/media?parent=13267"}],"wp:term":[{"taxonomy":"product_brand","embeddable":true,"href":"https:\/\/www.sikati.de\/fr\/wp-json\/wp\/v2\/product_brand?post=13267"},{"taxonomy":"product_cat","embeddable":true,"href":"https:\/\/www.sikati.de\/fr\/wp-json\/wp\/v2\/product_cat?post=13267"},{"taxonomy":"product_tag","embeddable":true,"href":"https:\/\/www.sikati.de\/fr\/wp-json\/wp\/v2\/product_tag?post=13267"}],"curies":[{"name":"wp","href":"https:\/\/api.w.org\/{rel}","templated":true}]}}