{"id":13268,"date":"2025-09-22T21:51:29","date_gmt":"2025-09-22T19:51:29","guid":{"rendered":"https:\/\/www.sikati.de\/?post_type=product&#038;p=13268"},"modified":"2026-03-20T21:58:01","modified_gmt":"2026-03-20T20:58:01","slug":"oversized-patchwork-jacke-mit-kapuze-khaki","status":"publish","type":"product","link":"https:\/\/www.sikati.de\/fr\/produit\/oversized-patchwork-jacke-mit-kapuze-khaki\/","title":{"rendered":"Veste patchwork oversize \u00e0 capuche \u2013 Kaki"},"content":{"rendered":"<p data-start=\"264\" data-end=\"415\">Occasionnel <strong data-start=\"272\" data-end=\"309\">Veste oversize \u00e0 l&#039;aspect patchwork<\/strong> avec une capuche <strong data-start=\"324\" data-end=\"352\">Kaki, marron et noir<\/strong>. Id\u00e9al pour des tenues streetwear styl\u00e9es et des journ\u00e9es cocooning.<\/p>\n<ul data-start=\"416\" data-end=\"893\">\n<li data-start=\"416\" data-end=\"469\">\n<p data-start=\"418\" data-end=\"469\"><strong data-start=\"418\" data-end=\"428\">Couleur:<\/strong> Kaki associ\u00e9 \u00e0 du marron et du noir<\/p>\n<\/li>\n<li data-start=\"470\" data-end=\"508\">\n<p data-start=\"472\" data-end=\"508\"><strong data-start=\"472\" data-end=\"484\">Couper:<\/strong> surdimensionn\u00e9, avec capuche<\/p>\n<\/li>\n<li data-start=\"509\" data-end=\"561\">\n<p data-start=\"511\" data-end=\"561\"><strong data-start=\"511\" data-end=\"524\">Ajuster:<\/strong> Taille unique (convient confortablement aux tailles 36 \u00e0 48)<\/p>\n<\/li>\n<li data-start=\"562\" data-end=\"602\">\n<p data-start=\"564\" data-end=\"602\"><strong data-start=\"564\" data-end=\"579\">Fermeture:<\/strong> Fermeture \u00e9clair avant<\/p>\n<\/li>\n<li data-start=\"603\" data-end=\"734\">\n<p data-start=\"605\" data-end=\"734\"><strong data-start=\"605\" data-end=\"617\">D\u00e9tails:<\/strong> Grandes poches, \u00e9cussons universitaires attrayants (chiffres et lettres), coutures contrast\u00e9es, dos avec inscription percutante.<\/p>\n<\/li>\n<li data-start=\"735\" data-end=\"801\">\n<p data-start=\"737\" data-end=\"801\"><strong data-start=\"737\" data-end=\"750\">Mat\u00e9riel:<\/strong> Tissu en m\u00e9lange de coton avec des \u00e9l\u00e9ments en polaire douce<\/p>\n<\/li>\n<li data-start=\"802\" data-end=\"893\">\n<p data-start=\"804\" data-end=\"893\"><strong data-start=\"804\" data-end=\"822\">Conseils d&#039;entretien\u00a0:<\/strong> Lavage en machine \u00e0 30 \u00b0C, ne pas utiliser d&#039;eau de Javel<\/p>\n<\/li>\n<\/ul>","protected":false},"excerpt":{"rendered":"<p>Veste patchwork oversize \u00e0 capuche, coloris kaki, marron et noir. Confortable, chaude et \u00e9l\u00e9gante. Taille unique (convient \u00e0 la plupart des morphologies, du 36 au 48).<br data-start=\"1042\" data-end=\"1045\" \/>Pas de facture de TVA, en tant que petite entreprise selon l&#039;article 19 (1) de la loi allemande sur la TVA (UStG).<\/p>","protected":false},"featured_media":13128,"template":"","meta":{"_acf_changed":false},"product_brand":[],"product_cat":[1430,1445,1419],"product_tag":[1990,1991,1988,1978,1989],"class_list":{"0":"post-13268","1":"product","2":"type-product","3":"status-publish","4":"has-post-thumbnail","6":"product_cat-fruehjahr-sommer-kollektion","7":"product_cat-jacken","8":"product_cat-lyne-collections","9":"product_tag-college-style-jacke-oversized","10":"product_tag-khaki-braun-schwarz-jacke","11":"product_tag-oversized-jacke-khaki","12":"product_tag-patchwork-jacke-damen","13":"product_tag-streetstyle-kapuzenjacke","15":"first","16":"instock","17":"sale","18":"shipping-taxable","19":"purchasable","20":"product-type-simple"},"acf":[],"yoast_head":"<!-- This site is optimized with the Yoast SEO plugin v27.4 - https:\/\/yoast.com\/product\/yoast-seo-wordpress\/ -->\n<title>Oversized Patchwork-Jacke mit Kapuze \u2013 Khaki - Sikat\u00ed<\/title>\n<meta name=\"description\" content=\"%\" \/>\n<meta name=\"robots\" content=\"index, follow, max-snippet:-1, max-image-preview:large, max-video-preview:-1\" \/>\n<link rel=\"canonical\" href=\"https:\/\/www.sikati.de\/fr\/produit\/oversized-patchwork-jacke-mit-kapuze-khaki\/\" \/>\n<meta property=\"og:locale\" content=\"fr_FR\" \/>\n<meta property=\"og:type\" content=\"article\" \/>\n<meta property=\"og:title\" content=\"Oversized Patchwork-Jacke mit Kapuze \u2013 Khaki - Sikat\u00ed\" \/>\n<meta property=\"og:description\" content=\"%\" \/>\n<meta property=\"og:url\" content=\"https:\/\/www.sikati.de\/fr\/produit\/oversized-patchwork-jacke-mit-kapuze-khaki\/\" \/>\n<meta property=\"og:site_name\" content=\"Sikat\u00ed\" \/>\n<meta property=\"article:publisher\" content=\"https:\/\/www.facebook.com\/Arts.Decoration.Style\" \/>\n<meta property=\"article:modified_time\" content=\"2026-03-20T20:58:01+00:00\" \/>\n<meta property=\"og:image\" content=\"https:\/\/www.sikati.de\/wp-content\/uploads\/2025\/09\/26052025-IMG_6624-scaled.jpg\" \/>\n\t<meta property=\"og:image:width\" content=\"1707\" \/>\n\t<meta property=\"og:image:height\" content=\"2560\" \/>\n\t<meta property=\"og:image:type\" content=\"image\/jpeg\" \/>\n<meta name=\"twitter:card\" content=\"summary_large_image\" \/>\n<meta name=\"twitter:label1\" content=\"Dur\u00e9e de lecture estim\u00e9e\" \/>\n\t<meta name=\"twitter:data1\" content=\"1 minute\" \/>\n<script type=\"application\/ld+json\" class=\"yoast-schema-graph\">{\"@context\":\"https:\\\/\\\/schema.org\",\"@graph\":[{\"@type\":\"WebPage\",\"@id\":\"https:\\\/\\\/www.sikati.de\\\/produkt\\\/oversized-patchwork-jacke-mit-kapuze-khaki\\\/\",\"url\":\"https:\\\/\\\/www.sikati.de\\\/produkt\\\/oversized-patchwork-jacke-mit-kapuze-khaki\\\/\",\"name\":\"Oversized Patchwork-Jacke mit Kapuze \u2013 Khaki - Sikat\u00ed\",\"isPartOf\":{\"@id\":\"https:\\\/\\\/www.sikati.de\\\/#website\"},\"primaryImageOfPage\":{\"@id\":\"https:\\\/\\\/www.sikati.de\\\/produkt\\\/oversized-patchwork-jacke-mit-kapuze-khaki\\\/#primaryimage\"},\"image\":{\"@id\":\"https:\\\/\\\/www.sikati.de\\\/produkt\\\/oversized-patchwork-jacke-mit-kapuze-khaki\\\/#primaryimage\"},\"thumbnailUrl\":\"https:\\\/\\\/www.sikati.de\\\/wp-content\\\/uploads\\\/2025\\\/09\\\/26052025-IMG_6624-scaled.jpg\",\"datePublished\":\"2025-09-22T19:51:29+00:00\",\"dateModified\":\"2026-03-20T20:58:01+00:00\",\"description\":\"%\",\"breadcrumb\":{\"@id\":\"https:\\\/\\\/www.sikati.de\\\/produkt\\\/oversized-patchwork-jacke-mit-kapuze-khaki\\\/#breadcrumb\"},\"inLanguage\":\"fr-FR\",\"potentialAction\":[{\"@type\":\"ReadAction\",\"target\":[\"https:\\\/\\\/www.sikati.de\\\/produkt\\\/oversized-patchwork-jacke-mit-kapuze-khaki\\\/\"]}]},{\"@type\":\"ImageObject\",\"inLanguage\":\"fr-FR\",\"@id\":\"https:\\\/\\\/www.sikati.de\\\/produkt\\\/oversized-patchwork-jacke-mit-kapuze-khaki\\\/#primaryimage\",\"url\":\"https:\\\/\\\/www.sikati.de\\\/wp-content\\\/uploads\\\/2025\\\/09\\\/26052025-IMG_6624-scaled.jpg\",\"contentUrl\":\"https:\\\/\\\/www.sikati.de\\\/wp-content\\\/uploads\\\/2025\\\/09\\\/26052025-IMG_6624-scaled.jpg\",\"width\":1707,\"height\":2560},{\"@type\":\"BreadcrumbList\",\"@id\":\"https:\\\/\\\/www.sikati.de\\\/produkt\\\/oversized-patchwork-jacke-mit-kapuze-khaki\\\/#breadcrumb\",\"itemListElement\":[{\"@type\":\"ListItem\",\"position\":1,\"name\":\"Startseite\",\"item\":\"https:\\\/\\\/www.sikati.de\\\/\"},{\"@type\":\"ListItem\",\"position\":2,\"name\":\"Produkte\",\"item\":\"https:\\\/\\\/www.sikati.de\\\/shop\\\/\"},{\"@type\":\"ListItem\",\"position\":3,\"name\":\"Oversized Patchwork-Jacke mit Kapuze \u2013 Khaki\"}]},{\"@type\":\"WebSite\",\"@id\":\"https:\\\/\\\/www.sikati.de\\\/#website\",\"url\":\"https:\\\/\\\/www.sikati.de\\\/\",\"name\":\"Sikat\u00ed\",\"description\":\"Afro Contemporary Fashion &amp; Living\",\"publisher\":{\"@id\":\"https:\\\/\\\/www.sikati.de\\\/#organization\"},\"potentialAction\":[{\"@type\":\"SearchAction\",\"target\":{\"@type\":\"EntryPoint\",\"urlTemplate\":\"https:\\\/\\\/www.sikati.de\\\/?s={search_term_string}\"},\"query-input\":{\"@type\":\"PropertyValueSpecification\",\"valueRequired\":true,\"valueName\":\"search_term_string\"}}],\"inLanguage\":\"fr-FR\"},{\"@type\":\"Organization\",\"@id\":\"https:\\\/\\\/www.sikati.de\\\/#organization\",\"name\":\"Sikat\u00ed\",\"url\":\"https:\\\/\\\/www.sikati.de\\\/\",\"logo\":{\"@type\":\"ImageObject\",\"inLanguage\":\"fr-FR\",\"@id\":\"https:\\\/\\\/www.sikati.de\\\/#\\\/schema\\\/logo\\\/image\\\/\",\"url\":\"https:\\\/\\\/www.sikati.de\\\/wp-content\\\/uploads\\\/2019\\\/03\\\/cropped-cropped-sikati-logo.png\",\"contentUrl\":\"https:\\\/\\\/www.sikati.de\\\/wp-content\\\/uploads\\\/2019\\\/03\\\/cropped-cropped-sikati-logo.png\",\"width\":500,\"height\":201,\"caption\":\"Sikat\u00ed\"},\"image\":{\"@id\":\"https:\\\/\\\/www.sikati.de\\\/#\\\/schema\\\/logo\\\/image\\\/\"},\"sameAs\":[\"https:\\\/\\\/www.facebook.com\\\/Arts.Decoration.Style\",\"https:\\\/\\\/www.instagram.com\\\/sikati_arts\\\/\",\"https:\\\/\\\/www.tiktok.com\\\/@sikati_arts\"]}]}<\/script>\n<!-- \/ Yoast SEO plugin. -->","yoast_head_json":{"title":"Oversized Patchwork-Jacke mit Kapuze \u2013 Khaki - Sikat\u00ed","description":"%","robots":{"index":"index","follow":"follow","max-snippet":"max-snippet:-1","max-image-preview":"max-image-preview:large","max-video-preview":"max-video-preview:-1"},"canonical":"https:\/\/www.sikati.de\/fr\/produit\/oversized-patchwork-jacke-mit-kapuze-khaki\/","og_locale":"fr_FR","og_type":"article","og_title":"Oversized Patchwork-Jacke mit Kapuze \u2013 Khaki - Sikat\u00ed","og_description":"%","og_url":"https:\/\/www.sikati.de\/fr\/produit\/oversized-patchwork-jacke-mit-kapuze-khaki\/","og_site_name":"Sikat\u00ed","article_publisher":"https:\/\/www.facebook.com\/Arts.Decoration.Style","article_modified_time":"2026-03-20T20:58:01+00:00","og_image":[{"width":1707,"height":2560,"url":"https:\/\/www.sikati.de\/wp-content\/uploads\/2025\/09\/26052025-IMG_6624-scaled.jpg","type":"image\/jpeg"}],"twitter_card":"summary_large_image","twitter_misc":{"Dur\u00e9e de lecture estim\u00e9e":"1 minute"},"schema":{"@context":"https:\/\/schema.org","@graph":[{"@type":"WebPage","@id":"https:\/\/www.sikati.de\/produkt\/oversized-patchwork-jacke-mit-kapuze-khaki\/","url":"https:\/\/www.sikati.de\/produkt\/oversized-patchwork-jacke-mit-kapuze-khaki\/","name":"Oversized Patchwork-Jacke mit Kapuze \u2013 Khaki - Sikat\u00ed","isPartOf":{"@id":"https:\/\/www.sikati.de\/#website"},"primaryImageOfPage":{"@id":"https:\/\/www.sikati.de\/produkt\/oversized-patchwork-jacke-mit-kapuze-khaki\/#primaryimage"},"image":{"@id":"https:\/\/www.sikati.de\/produkt\/oversized-patchwork-jacke-mit-kapuze-khaki\/#primaryimage"},"thumbnailUrl":"https:\/\/www.sikati.de\/wp-content\/uploads\/2025\/09\/26052025-IMG_6624-scaled.jpg","datePublished":"2025-09-22T19:51:29+00:00","dateModified":"2026-03-20T20:58:01+00:00","description":"%","breadcrumb":{"@id":"https:\/\/www.sikati.de\/produkt\/oversized-patchwork-jacke-mit-kapuze-khaki\/#breadcrumb"},"inLanguage":"fr-FR","potentialAction":[{"@type":"ReadAction","target":["https:\/\/www.sikati.de\/produkt\/oversized-patchwork-jacke-mit-kapuze-khaki\/"]}]},{"@type":"ImageObject","inLanguage":"fr-FR","@id":"https:\/\/www.sikati.de\/produkt\/oversized-patchwork-jacke-mit-kapuze-khaki\/#primaryimage","url":"https:\/\/www.sikati.de\/wp-content\/uploads\/2025\/09\/26052025-IMG_6624-scaled.jpg","contentUrl":"https:\/\/www.sikati.de\/wp-content\/uploads\/2025\/09\/26052025-IMG_6624-scaled.jpg","width":1707,"height":2560},{"@type":"BreadcrumbList","@id":"https:\/\/www.sikati.de\/produkt\/oversized-patchwork-jacke-mit-kapuze-khaki\/#breadcrumb","itemListElement":[{"@type":"ListItem","position":1,"name":"Startseite","item":"https:\/\/www.sikati.de\/"},{"@type":"ListItem","position":2,"name":"Produkte","item":"https:\/\/www.sikati.de\/shop\/"},{"@type":"ListItem","position":3,"name":"Oversized Patchwork-Jacke mit Kapuze \u2013 Khaki"}]},{"@type":"WebSite","@id":"https:\/\/www.sikati.de\/#website","url":"https:\/\/www.sikati.de\/","name":"Sika\u00ed","description":"Afro Contemporary Fashion &amp; Living","publisher":{"@id":"https:\/\/www.sikati.de\/#organization"},"potentialAction":[{"@type":"SearchAction","target":{"@type":"EntryPoint","urlTemplate":"https:\/\/www.sikati.de\/?s={search_term_string}"},"query-input":{"@type":"PropertyValueSpecification","valueRequired":true,"valueName":"search_term_string"}}],"inLanguage":"fr-FR"},{"@type":"Organization","@id":"https:\/\/www.sikati.de\/#organization","name":"Sika\u00ed","url":"https:\/\/www.sikati.de\/","logo":{"@type":"ImageObject","inLanguage":"fr-FR","@id":"https:\/\/www.sikati.de\/#\/schema\/logo\/image\/","url":"https:\/\/www.sikati.de\/wp-content\/uploads\/2019\/03\/cropped-cropped-sikati-logo.png","contentUrl":"https:\/\/www.sikati.de\/wp-content\/uploads\/2019\/03\/cropped-cropped-sikati-logo.png","width":500,"height":201,"caption":"Sikat\u00ed"},"image":{"@id":"https:\/\/www.sikati.de\/#\/schema\/logo\/image\/"},"sameAs":["https:\/\/www.facebook.com\/Arts.Decoration.Style","https:\/\/www.instagram.com\/sikati_arts\/","https:\/\/www.tiktok.com\/@sikati_arts"]}]}},"_links":{"self":[{"href":"https:\/\/www.sikati.de\/fr\/wp-json\/wp\/v2\/product\/13268","targetHints":{"allow":["GET"]}}],"collection":[{"href":"https:\/\/www.sikati.de\/fr\/wp-json\/wp\/v2\/product"}],"about":[{"href":"https:\/\/www.sikati.de\/fr\/wp-json\/wp\/v2\/types\/product"}],"wp:featuredmedia":[{"embeddable":true,"href":"https:\/\/www.sikati.de\/fr\/wp-json\/wp\/v2\/media\/13128"}],"wp:attachment":[{"href":"https:\/\/www.sikati.de\/fr\/wp-json\/wp\/v2\/media?parent=13268"}],"wp:term":[{"taxonomy":"product_brand","embeddable":true,"href":"https:\/\/www.sikati.de\/fr\/wp-json\/wp\/v2\/product_brand?post=13268"},{"taxonomy":"product_cat","embeddable":true,"href":"https:\/\/www.sikati.de\/fr\/wp-json\/wp\/v2\/product_cat?post=13268"},{"taxonomy":"product_tag","embeddable":true,"href":"https:\/\/www.sikati.de\/fr\/wp-json\/wp\/v2\/product_tag?post=13268"}],"curies":[{"name":"wp","href":"https:\/\/api.w.org\/{rel}","templated":true}]}}