{"id":13274,"date":"2025-09-23T10:59:23","date_gmt":"2025-09-23T08:59:23","guid":{"rendered":"https:\/\/www.sikati.de\/?post_type=product&#038;p=13274"},"modified":"2025-09-23T12:04:51","modified_gmt":"2025-09-23T10:04:51","slug":"kuschelige-schal-kollektion-kariert-floral-ethno-muster","status":"publish","type":"product","link":"https:\/\/www.sikati.de\/fr\/produit\/kuschelige-schal-kollektion-kariert-floral-ethno-muster\/","title":{"rendered":"Collection d&#039;\u00e9charpes douillettes \u2013 \u00e0 carreaux, \u00e0 fleurs et \u00e0 motifs ethniques"},"content":{"rendered":"<p data-start=\"286\" data-end=\"534\">Notre collection d&#039;\u00e9charpes allie des mati\u00e8res chaudes et douces \u00e0 des motifs polyvalents \u2013 parfaits pour l&#039;automne et l&#039;hiver. Carreaux classiques, imprim\u00e9s ethniques originaux ou d\u00e9tails floraux\u00a0: ces \u00e9charpes sont l&#039;accessoire id\u00e9al pour sublimer toutes vos tenues.<\/p>\n<p data-start=\"536\" data-end=\"560\"><strong data-start=\"538\" data-end=\"558\">Couleurs et motifs :<\/strong><\/p>\n<ul data-start=\"561\" data-end=\"788\">\n<li data-start=\"561\" data-end=\"672\">\n<p data-start=\"563\" data-end=\"672\">Motifs \u00e0 carreaux\u00a0: rose\/beige, bleu\/marron, rouge\/vert, noir\/blanc, camel\/beige, vert\/marron, bleu\/orange, gris\/noir<\/p>\n<\/li>\n<li data-start=\"673\" data-end=\"711\">\n<p data-start=\"675\" data-end=\"711\">Motifs floraux : Motifs floraux sur fond noir<\/p>\n<\/li>\n<li data-start=\"712\" data-end=\"788\">\n<p data-start=\"714\" data-end=\"788\">Ethnique\/Oriental\u00a0: Rouge \u00e0 ornements color\u00e9s, beige \u00e0 motifs vari\u00e9s, multicolore<\/p>\n<\/li>\n<\/ul>\n<p data-start=\"790\" data-end=\"1113\"><strong data-start=\"793\" data-end=\"803\">Taille:<\/strong> environ 180 \u00d7 70 cm (selon le mod\u00e8le)<br data-start=\"836\" data-end=\"839\" \/><strong data-start=\"842\" data-end=\"855\">Mat\u00e9riel:<\/strong> M\u00e9lange de fibres synth\u00e9tiques douces (confortable \u00e0 porter, facile d&#039;entretien)<br data-start=\"917\" data-end=\"920\" \/><strong data-start=\"923\" data-end=\"942\">Caract\u00e9ristiques sp\u00e9ciales :<\/strong> Mod\u00e8le classique \u00e0 franges, polyvalent et pouvant \u00e9galement \u00eatre port\u00e9 comme une \u00e9tole.<br data-start=\"1031\" data-end=\"1034\" \/><strong data-start=\"1037\" data-end=\"1055\">Conseils d&#039;entretien\u00a0:<\/strong> Lavage d\u00e9licat \u00e0 30\u00b0C<\/p>","protected":false},"excerpt":{"rendered":"<p>\u00c9charpes chaudes et douces d\u00e9clin\u00e9es en 11 motifs diff\u00e9rents\u00a0: \u00e0 carreaux, \u00e0 fleurs ou ethniques. Id\u00e9ales pour l\u2019automne et l\u2019hiver.\u00a0<br data-start=\"1295\" data-end=\"1298\" \/>Pas de facture de TVA, en tant que petite entreprise selon l&#039;article 19 (1) de la loi allemande sur la TVA (UStG).<\/p>","protected":false},"featured_media":13147,"template":"","meta":{"_acf_changed":false},"product_brand":[],"product_cat":[1429,1419,1436],"product_tag":[1999,2000,2005,2003,2001,1997,2004,2002,1998],"class_list":{"0":"post-13274","1":"product","2":"type-product","3":"status-publish","4":"has-post-thumbnail","6":"product_cat-accessoires-lyne-collections","7":"product_cat-lyne-collections","8":"product_cat-schals","9":"product_tag-ethno-schal-bunt","10":"product_tag-floral-muster-schal","11":"product_tag-herren","12":"product_tag-kuscheliger-schal-winter","13":"product_tag-oversize-schal-damen","14":"product_tag-schal-damen-kariert","15":"product_tag-schal-kollektion-damen","16":"product_tag-stola-karo-damen","17":"product_tag-winter-schal-warm","19":"first","20":"instock","21":"shipping-taxable","22":"purchasable","23":"product-type-variable"},"acf":[],"yoast_head":"<!-- This site is optimized with the Yoast SEO plugin v27.4 - https:\/\/yoast.com\/product\/yoast-seo-wordpress\/ -->\n<title>Kuschelige Schal-Kollektion \u2013 Kariert, Floral &amp; Ethno-Muster - Sikat\u00ed<\/title>\n<meta name=\"description\" content=\"%\" \/>\n<meta name=\"robots\" content=\"index, follow, max-snippet:-1, max-image-preview:large, max-video-preview:-1\" \/>\n<link rel=\"canonical\" href=\"https:\/\/www.sikati.de\/fr\/produit\/kuschelige-schal-kollektion-kariert-floral-ethno-muster\/\" \/>\n<meta property=\"og:locale\" content=\"fr_FR\" \/>\n<meta property=\"og:type\" content=\"article\" \/>\n<meta property=\"og:title\" content=\"Kuschelige Schal-Kollektion \u2013 Kariert, Floral &amp; Ethno-Muster - Sikat\u00ed\" \/>\n<meta property=\"og:description\" content=\"%\" \/>\n<meta property=\"og:url\" content=\"https:\/\/www.sikati.de\/fr\/produit\/kuschelige-schal-kollektion-kariert-floral-ethno-muster\/\" \/>\n<meta property=\"og:site_name\" content=\"Sikat\u00ed\" \/>\n<meta property=\"article:publisher\" content=\"https:\/\/www.facebook.com\/Arts.Decoration.Style\" \/>\n<meta property=\"article:modified_time\" content=\"2025-09-23T10:04:51+00:00\" \/>\n<meta property=\"og:image\" content=\"https:\/\/www.sikati.de\/wp-content\/uploads\/2025\/09\/26052025-IMG_6672-scaled.jpg\" \/>\n\t<meta property=\"og:image:width\" content=\"1707\" \/>\n\t<meta property=\"og:image:height\" content=\"2560\" \/>\n\t<meta property=\"og:image:type\" content=\"image\/jpeg\" \/>\n<meta name=\"twitter:card\" content=\"summary_large_image\" \/>\n<meta name=\"twitter:label1\" content=\"Dur\u00e9e de lecture estim\u00e9e\" \/>\n\t<meta name=\"twitter:data1\" content=\"1 minute\" \/>\n<script type=\"application\/ld+json\" class=\"yoast-schema-graph\">{\"@context\":\"https:\\\/\\\/schema.org\",\"@graph\":[{\"@type\":\"WebPage\",\"@id\":\"https:\\\/\\\/www.sikati.de\\\/produkt\\\/kuschelige-schal-kollektion-kariert-floral-ethno-muster\\\/\",\"url\":\"https:\\\/\\\/www.sikati.de\\\/produkt\\\/kuschelige-schal-kollektion-kariert-floral-ethno-muster\\\/\",\"name\":\"Kuschelige Schal-Kollektion \u2013 Kariert, Floral & Ethno-Muster - Sikat\u00ed\",\"isPartOf\":{\"@id\":\"https:\\\/\\\/www.sikati.de\\\/#website\"},\"primaryImageOfPage\":{\"@id\":\"https:\\\/\\\/www.sikati.de\\\/produkt\\\/kuschelige-schal-kollektion-kariert-floral-ethno-muster\\\/#primaryimage\"},\"image\":{\"@id\":\"https:\\\/\\\/www.sikati.de\\\/produkt\\\/kuschelige-schal-kollektion-kariert-floral-ethno-muster\\\/#primaryimage\"},\"thumbnailUrl\":\"https:\\\/\\\/www.sikati.de\\\/wp-content\\\/uploads\\\/2025\\\/09\\\/26052025-IMG_6672-scaled.jpg\",\"datePublished\":\"2025-09-23T08:59:23+00:00\",\"dateModified\":\"2025-09-23T10:04:51+00:00\",\"description\":\"%\",\"breadcrumb\":{\"@id\":\"https:\\\/\\\/www.sikati.de\\\/produkt\\\/kuschelige-schal-kollektion-kariert-floral-ethno-muster\\\/#breadcrumb\"},\"inLanguage\":\"fr-FR\",\"potentialAction\":[{\"@type\":\"ReadAction\",\"target\":[\"https:\\\/\\\/www.sikati.de\\\/produkt\\\/kuschelige-schal-kollektion-kariert-floral-ethno-muster\\\/\"]}]},{\"@type\":\"ImageObject\",\"inLanguage\":\"fr-FR\",\"@id\":\"https:\\\/\\\/www.sikati.de\\\/produkt\\\/kuschelige-schal-kollektion-kariert-floral-ethno-muster\\\/#primaryimage\",\"url\":\"https:\\\/\\\/www.sikati.de\\\/wp-content\\\/uploads\\\/2025\\\/09\\\/26052025-IMG_6672-scaled.jpg\",\"contentUrl\":\"https:\\\/\\\/www.sikati.de\\\/wp-content\\\/uploads\\\/2025\\\/09\\\/26052025-IMG_6672-scaled.jpg\",\"width\":1707,\"height\":2560},{\"@type\":\"BreadcrumbList\",\"@id\":\"https:\\\/\\\/www.sikati.de\\\/produkt\\\/kuschelige-schal-kollektion-kariert-floral-ethno-muster\\\/#breadcrumb\",\"itemListElement\":[{\"@type\":\"ListItem\",\"position\":1,\"name\":\"Startseite\",\"item\":\"https:\\\/\\\/www.sikati.de\\\/\"},{\"@type\":\"ListItem\",\"position\":2,\"name\":\"Produkte\",\"item\":\"https:\\\/\\\/www.sikati.de\\\/shop\\\/\"},{\"@type\":\"ListItem\",\"position\":3,\"name\":\"Kuschelige Schal-Kollektion \u2013 Kariert, Floral &#038; Ethno-Muster\"}]},{\"@type\":\"WebSite\",\"@id\":\"https:\\\/\\\/www.sikati.de\\\/#website\",\"url\":\"https:\\\/\\\/www.sikati.de\\\/\",\"name\":\"Sikat\u00ed\",\"description\":\"Afro Contemporary Fashion &amp; Living\",\"publisher\":{\"@id\":\"https:\\\/\\\/www.sikati.de\\\/#organization\"},\"potentialAction\":[{\"@type\":\"SearchAction\",\"target\":{\"@type\":\"EntryPoint\",\"urlTemplate\":\"https:\\\/\\\/www.sikati.de\\\/?s={search_term_string}\"},\"query-input\":{\"@type\":\"PropertyValueSpecification\",\"valueRequired\":true,\"valueName\":\"search_term_string\"}}],\"inLanguage\":\"fr-FR\"},{\"@type\":\"Organization\",\"@id\":\"https:\\\/\\\/www.sikati.de\\\/#organization\",\"name\":\"Sikat\u00ed\",\"url\":\"https:\\\/\\\/www.sikati.de\\\/\",\"logo\":{\"@type\":\"ImageObject\",\"inLanguage\":\"fr-FR\",\"@id\":\"https:\\\/\\\/www.sikati.de\\\/#\\\/schema\\\/logo\\\/image\\\/\",\"url\":\"https:\\\/\\\/www.sikati.de\\\/wp-content\\\/uploads\\\/2019\\\/03\\\/cropped-cropped-sikati-logo.png\",\"contentUrl\":\"https:\\\/\\\/www.sikati.de\\\/wp-content\\\/uploads\\\/2019\\\/03\\\/cropped-cropped-sikati-logo.png\",\"width\":500,\"height\":201,\"caption\":\"Sikat\u00ed\"},\"image\":{\"@id\":\"https:\\\/\\\/www.sikati.de\\\/#\\\/schema\\\/logo\\\/image\\\/\"},\"sameAs\":[\"https:\\\/\\\/www.facebook.com\\\/Arts.Decoration.Style\",\"https:\\\/\\\/www.instagram.com\\\/sikati_arts\\\/\",\"https:\\\/\\\/www.tiktok.com\\\/@sikati_arts\"]}]}<\/script>\n<!-- \/ Yoast SEO plugin. -->","yoast_head_json":{"title":"Kuschelige Schal-Kollektion \u2013 Kariert, Floral & Ethno-Muster - Sikat\u00ed","description":"%","robots":{"index":"index","follow":"follow","max-snippet":"max-snippet:-1","max-image-preview":"max-image-preview:large","max-video-preview":"max-video-preview:-1"},"canonical":"https:\/\/www.sikati.de\/fr\/produit\/kuschelige-schal-kollektion-kariert-floral-ethno-muster\/","og_locale":"fr_FR","og_type":"article","og_title":"Kuschelige Schal-Kollektion \u2013 Kariert, Floral & Ethno-Muster - Sikat\u00ed","og_description":"%","og_url":"https:\/\/www.sikati.de\/fr\/produit\/kuschelige-schal-kollektion-kariert-floral-ethno-muster\/","og_site_name":"Sikat\u00ed","article_publisher":"https:\/\/www.facebook.com\/Arts.Decoration.Style","article_modified_time":"2025-09-23T10:04:51+00:00","og_image":[{"width":1707,"height":2560,"url":"https:\/\/www.sikati.de\/wp-content\/uploads\/2025\/09\/26052025-IMG_6672-scaled.jpg","type":"image\/jpeg"}],"twitter_card":"summary_large_image","twitter_misc":{"Dur\u00e9e de lecture estim\u00e9e":"1 minute"},"schema":{"@context":"https:\/\/schema.org","@graph":[{"@type":"WebPage","@id":"https:\/\/www.sikati.de\/produkt\/kuschelige-schal-kollektion-kariert-floral-ethno-muster\/","url":"https:\/\/www.sikati.de\/produkt\/kuschelige-schal-kollektion-kariert-floral-ethno-muster\/","name":"Kuschelige Schal-Kollektion \u2013 Kariert, Floral & Ethno-Muster - Sikat\u00ed","isPartOf":{"@id":"https:\/\/www.sikati.de\/#website"},"primaryImageOfPage":{"@id":"https:\/\/www.sikati.de\/produkt\/kuschelige-schal-kollektion-kariert-floral-ethno-muster\/#primaryimage"},"image":{"@id":"https:\/\/www.sikati.de\/produkt\/kuschelige-schal-kollektion-kariert-floral-ethno-muster\/#primaryimage"},"thumbnailUrl":"https:\/\/www.sikati.de\/wp-content\/uploads\/2025\/09\/26052025-IMG_6672-scaled.jpg","datePublished":"2025-09-23T08:59:23+00:00","dateModified":"2025-09-23T10:04:51+00:00","description":"%","breadcrumb":{"@id":"https:\/\/www.sikati.de\/produkt\/kuschelige-schal-kollektion-kariert-floral-ethno-muster\/#breadcrumb"},"inLanguage":"fr-FR","potentialAction":[{"@type":"ReadAction","target":["https:\/\/www.sikati.de\/produkt\/kuschelige-schal-kollektion-kariert-floral-ethno-muster\/"]}]},{"@type":"ImageObject","inLanguage":"fr-FR","@id":"https:\/\/www.sikati.de\/produkt\/kuschelige-schal-kollektion-kariert-floral-ethno-muster\/#primaryimage","url":"https:\/\/www.sikati.de\/wp-content\/uploads\/2025\/09\/26052025-IMG_6672-scaled.jpg","contentUrl":"https:\/\/www.sikati.de\/wp-content\/uploads\/2025\/09\/26052025-IMG_6672-scaled.jpg","width":1707,"height":2560},{"@type":"BreadcrumbList","@id":"https:\/\/www.sikati.de\/produkt\/kuschelige-schal-kollektion-kariert-floral-ethno-muster\/#breadcrumb","itemListElement":[{"@type":"ListItem","position":1,"name":"Startseite","item":"https:\/\/www.sikati.de\/"},{"@type":"ListItem","position":2,"name":"Produkte","item":"https:\/\/www.sikati.de\/shop\/"},{"@type":"ListItem","position":3,"name":"Kuschelige Schal-Kollektion \u2013 Kariert, Floral &#038; Ethno-Muster"}]},{"@type":"WebSite","@id":"https:\/\/www.sikati.de\/#website","url":"https:\/\/www.sikati.de\/","name":"Sika\u00ed","description":"Afro Contemporary Fashion &amp; Living","publisher":{"@id":"https:\/\/www.sikati.de\/#organization"},"potentialAction":[{"@type":"SearchAction","target":{"@type":"EntryPoint","urlTemplate":"https:\/\/www.sikati.de\/?s={search_term_string}"},"query-input":{"@type":"PropertyValueSpecification","valueRequired":true,"valueName":"search_term_string"}}],"inLanguage":"fr-FR"},{"@type":"Organization","@id":"https:\/\/www.sikati.de\/#organization","name":"Sika\u00ed","url":"https:\/\/www.sikati.de\/","logo":{"@type":"ImageObject","inLanguage":"fr-FR","@id":"https:\/\/www.sikati.de\/#\/schema\/logo\/image\/","url":"https:\/\/www.sikati.de\/wp-content\/uploads\/2019\/03\/cropped-cropped-sikati-logo.png","contentUrl":"https:\/\/www.sikati.de\/wp-content\/uploads\/2019\/03\/cropped-cropped-sikati-logo.png","width":500,"height":201,"caption":"Sikat\u00ed"},"image":{"@id":"https:\/\/www.sikati.de\/#\/schema\/logo\/image\/"},"sameAs":["https:\/\/www.facebook.com\/Arts.Decoration.Style","https:\/\/www.instagram.com\/sikati_arts\/","https:\/\/www.tiktok.com\/@sikati_arts"]}]}},"_links":{"self":[{"href":"https:\/\/www.sikati.de\/fr\/wp-json\/wp\/v2\/product\/13274","targetHints":{"allow":["GET"]}}],"collection":[{"href":"https:\/\/www.sikati.de\/fr\/wp-json\/wp\/v2\/product"}],"about":[{"href":"https:\/\/www.sikati.de\/fr\/wp-json\/wp\/v2\/types\/product"}],"wp:featuredmedia":[{"embeddable":true,"href":"https:\/\/www.sikati.de\/fr\/wp-json\/wp\/v2\/media\/13147"}],"wp:attachment":[{"href":"https:\/\/www.sikati.de\/fr\/wp-json\/wp\/v2\/media?parent=13274"}],"wp:term":[{"taxonomy":"product_brand","embeddable":true,"href":"https:\/\/www.sikati.de\/fr\/wp-json\/wp\/v2\/product_brand?post=13274"},{"taxonomy":"product_cat","embeddable":true,"href":"https:\/\/www.sikati.de\/fr\/wp-json\/wp\/v2\/product_cat?post=13274"},{"taxonomy":"product_tag","embeddable":true,"href":"https:\/\/www.sikati.de\/fr\/wp-json\/wp\/v2\/product_tag?post=13274"}],"curies":[{"name":"wp","href":"https:\/\/api.w.org\/{rel}","templated":true}]}}