{"id":13331,"date":"2025-09-23T22:58:35","date_gmt":"2025-09-23T20:58:35","guid":{"rendered":"https:\/\/www.sikati.de\/?post_type=product&#038;p=13331"},"modified":"2026-03-07T11:23:35","modified_gmt":"2026-03-07T10:23:35","slug":"zweiteiler-set-in-rot-schwarz-langarmshirt-minirock","status":"publish","type":"product","link":"https:\/\/www.sikati.de\/fr\/produit\/zweiteiler-set-in-rot-schwarz-langarmshirt-minirock\/","title":{"rendered":"Ensemble deux pi\u00e8ces rouge et noir \u2013 chemise \u00e0 manches longues et mini-jupe"},"content":{"rendered":"<p data-start=\"153\" data-end=\"556\">Un \u00e9l\u00e9gant ensemble deux pi\u00e8ces <strong data-start=\"216\" data-end=\"231\">Rouge-Noir<\/strong>, Compos\u00e9e d&#039;une chemise ample \u00e0 manches longues et d&#039;une mini-jupe moulante, cette tenue arbore un motif original qui lui conf\u00e8re une allure \u00e0 la fois \u00e9l\u00e9gante et moderne. Fabriqu\u00e9e en <strong data-start=\"406\" data-end=\"424\">Coton 100%<\/strong>, Cet ensemble est confortable \u00e0 porter, doux pour la peau et facile d&#039;entretien. Id\u00e9al au quotidien, pour les sorties ou les occasions sp\u00e9ciales.<\/p>\n<ul data-start=\"558\" data-end=\"860\">\n<li data-start=\"558\" data-end=\"594\">\n<p data-start=\"560\" data-end=\"594\"><strong data-start=\"560\" data-end=\"570\">Couleur:<\/strong> \u00e0 motifs rouges et noirs<\/p>\n<\/li>\n<li data-start=\"595\" data-end=\"627\">\n<p data-start=\"597\" data-end=\"627\"><strong data-start=\"597\" data-end=\"605\">Ensemble:<\/strong> Haut + minijupe<\/p>\n<\/li>\n<li data-start=\"628\" data-end=\"660\">\n<p data-start=\"630\" data-end=\"660\"><strong data-start=\"630\" data-end=\"643\">Mat\u00e9riel:<\/strong> Coton 100%<\/p>\n<\/li>\n<li data-start=\"661\" data-end=\"718\">\n<p data-start=\"663\" data-end=\"718\"><strong data-start=\"663\" data-end=\"676\">Ajuster:<\/strong> Jupe ajust\u00e9e, haut ample<\/p>\n<\/li>\n<li data-start=\"719\" data-end=\"785\">\n<p data-start=\"721\" data-end=\"785\"><strong data-start=\"721\" data-end=\"740\">Caract\u00e9ristiques sp\u00e9ciales :<\/strong> Doux pour la peau, respirant, facile d&#039;entretien<\/p>\n<\/li>\n<li data-start=\"786\" data-end=\"860\">\n<p data-start=\"788\" data-end=\"860\"><strong data-start=\"788\" data-end=\"806\">Conseils d&#039;entretien\u00a0:<\/strong> Lavage d\u00e9licat \u00e0 30 \u00b0C, ne pas utiliser d&#039;eau de Javel, laver \u00e0 l&#039;envers<\/p>\n<\/li>\n<\/ul>","protected":false},"excerpt":{"rendered":"<p>Ensemble deux pi\u00e8ces rouge et noir en coton 100% compos\u00e9 d&#039;une chemise \u00e0 manches longues et d&#039;une mini-jupe \u2013 tendance, confortable et facile d&#039;entretien.<\/p>\n<p>Pas de facture de TVA, en tant que petite entreprise selon l&#039;article 19 (1) de la loi allemande sur la TVA (UStG).<\/p>","protected":false},"featured_media":13320,"template":"","meta":{"_acf_changed":false},"product_brand":[],"product_cat":[871,2150,1456,163],"product_tag":[],"class_list":{"0":"post-13331","1":"product","2":"type-product","3":"status-publish","4":"has-post-thumbnail","6":"product_cat-damen-mode","7":"product_cat-prints","8":"product_cat-sets-damen-mode","9":"product_cat-sikati-designs","11":"first","12":"instock","13":"shipping-taxable","14":"purchasable","15":"product-type-variable"},"acf":[],"yoast_head":"<!-- This site is optimized with the Yoast SEO plugin v27.4 - https:\/\/yoast.com\/product\/yoast-seo-wordpress\/ -->\n<title>Zweiteiler-Set in Rot-Schwarz \u2013 Langarmshirt &amp; Minirock - Sikat\u00ed<\/title>\n<meta name=\"description\" content=\"%\" \/>\n<meta name=\"robots\" content=\"index, follow, max-snippet:-1, max-image-preview:large, max-video-preview:-1\" \/>\n<link rel=\"canonical\" href=\"https:\/\/www.sikati.de\/fr\/produit\/zweiteiler-set-in-rot-schwarz-langarmshirt-minirock\/\" \/>\n<meta property=\"og:locale\" content=\"fr_FR\" \/>\n<meta property=\"og:type\" content=\"article\" \/>\n<meta property=\"og:title\" content=\"Zweiteiler-Set in Rot-Schwarz \u2013 Langarmshirt &amp; Minirock - Sikat\u00ed\" \/>\n<meta property=\"og:description\" content=\"%\" \/>\n<meta property=\"og:url\" content=\"https:\/\/www.sikati.de\/fr\/produit\/zweiteiler-set-in-rot-schwarz-langarmshirt-minirock\/\" \/>\n<meta property=\"og:site_name\" content=\"Sikat\u00ed\" \/>\n<meta property=\"article:publisher\" content=\"https:\/\/www.facebook.com\/Arts.Decoration.Style\" \/>\n<meta property=\"article:modified_time\" content=\"2026-03-07T10:23:35+00:00\" \/>\n<meta property=\"og:image\" content=\"https:\/\/www.sikati.de\/wp-content\/uploads\/2025\/09\/Photoroom-20250923_130416_5.png\" \/>\n\t<meta property=\"og:image:width\" content=\"1706\" \/>\n\t<meta property=\"og:image:height\" content=\"2560\" \/>\n\t<meta property=\"og:image:type\" content=\"image\/png\" \/>\n<meta name=\"twitter:card\" content=\"summary_large_image\" \/>\n<meta name=\"twitter:label1\" content=\"Dur\u00e9e de lecture estim\u00e9e\" \/>\n\t<meta name=\"twitter:data1\" content=\"1 minute\" \/>\n<script type=\"application\/ld+json\" class=\"yoast-schema-graph\">{\"@context\":\"https:\\\/\\\/schema.org\",\"@graph\":[{\"@type\":\"WebPage\",\"@id\":\"https:\\\/\\\/www.sikati.de\\\/produkt\\\/zweiteiler-set-in-rot-schwarz-langarmshirt-minirock\\\/\",\"url\":\"https:\\\/\\\/www.sikati.de\\\/produkt\\\/zweiteiler-set-in-rot-schwarz-langarmshirt-minirock\\\/\",\"name\":\"Zweiteiler-Set in Rot-Schwarz \u2013 Langarmshirt & Minirock - Sikat\u00ed\",\"isPartOf\":{\"@id\":\"https:\\\/\\\/www.sikati.de\\\/#website\"},\"primaryImageOfPage\":{\"@id\":\"https:\\\/\\\/www.sikati.de\\\/produkt\\\/zweiteiler-set-in-rot-schwarz-langarmshirt-minirock\\\/#primaryimage\"},\"image\":{\"@id\":\"https:\\\/\\\/www.sikati.de\\\/produkt\\\/zweiteiler-set-in-rot-schwarz-langarmshirt-minirock\\\/#primaryimage\"},\"thumbnailUrl\":\"https:\\\/\\\/www.sikati.de\\\/wp-content\\\/uploads\\\/2025\\\/09\\\/Photoroom-20250923_130416_5.png\",\"datePublished\":\"2025-09-23T20:58:35+00:00\",\"dateModified\":\"2026-03-07T10:23:35+00:00\",\"description\":\"%\",\"breadcrumb\":{\"@id\":\"https:\\\/\\\/www.sikati.de\\\/produkt\\\/zweiteiler-set-in-rot-schwarz-langarmshirt-minirock\\\/#breadcrumb\"},\"inLanguage\":\"fr-FR\",\"potentialAction\":[{\"@type\":\"ReadAction\",\"target\":[\"https:\\\/\\\/www.sikati.de\\\/produkt\\\/zweiteiler-set-in-rot-schwarz-langarmshirt-minirock\\\/\"]}]},{\"@type\":\"ImageObject\",\"inLanguage\":\"fr-FR\",\"@id\":\"https:\\\/\\\/www.sikati.de\\\/produkt\\\/zweiteiler-set-in-rot-schwarz-langarmshirt-minirock\\\/#primaryimage\",\"url\":\"https:\\\/\\\/www.sikati.de\\\/wp-content\\\/uploads\\\/2025\\\/09\\\/Photoroom-20250923_130416_5.png\",\"contentUrl\":\"https:\\\/\\\/www.sikati.de\\\/wp-content\\\/uploads\\\/2025\\\/09\\\/Photoroom-20250923_130416_5.png\",\"width\":1706,\"height\":2560},{\"@type\":\"BreadcrumbList\",\"@id\":\"https:\\\/\\\/www.sikati.de\\\/produkt\\\/zweiteiler-set-in-rot-schwarz-langarmshirt-minirock\\\/#breadcrumb\",\"itemListElement\":[{\"@type\":\"ListItem\",\"position\":1,\"name\":\"Startseite\",\"item\":\"https:\\\/\\\/www.sikati.de\\\/\"},{\"@type\":\"ListItem\",\"position\":2,\"name\":\"Produkte\",\"item\":\"https:\\\/\\\/www.sikati.de\\\/shop\\\/\"},{\"@type\":\"ListItem\",\"position\":3,\"name\":\"Zweiteiler-Set in Rot-Schwarz \u2013 Langarmshirt &#038; Minirock\"}]},{\"@type\":\"WebSite\",\"@id\":\"https:\\\/\\\/www.sikati.de\\\/#website\",\"url\":\"https:\\\/\\\/www.sikati.de\\\/\",\"name\":\"Sikat\u00ed\",\"description\":\"Afro Contemporary Fashion &amp; Living\",\"publisher\":{\"@id\":\"https:\\\/\\\/www.sikati.de\\\/#organization\"},\"potentialAction\":[{\"@type\":\"SearchAction\",\"target\":{\"@type\":\"EntryPoint\",\"urlTemplate\":\"https:\\\/\\\/www.sikati.de\\\/?s={search_term_string}\"},\"query-input\":{\"@type\":\"PropertyValueSpecification\",\"valueRequired\":true,\"valueName\":\"search_term_string\"}}],\"inLanguage\":\"fr-FR\"},{\"@type\":\"Organization\",\"@id\":\"https:\\\/\\\/www.sikati.de\\\/#organization\",\"name\":\"Sikat\u00ed\",\"url\":\"https:\\\/\\\/www.sikati.de\\\/\",\"logo\":{\"@type\":\"ImageObject\",\"inLanguage\":\"fr-FR\",\"@id\":\"https:\\\/\\\/www.sikati.de\\\/#\\\/schema\\\/logo\\\/image\\\/\",\"url\":\"https:\\\/\\\/www.sikati.de\\\/wp-content\\\/uploads\\\/2019\\\/03\\\/cropped-cropped-sikati-logo.png\",\"contentUrl\":\"https:\\\/\\\/www.sikati.de\\\/wp-content\\\/uploads\\\/2019\\\/03\\\/cropped-cropped-sikati-logo.png\",\"width\":500,\"height\":201,\"caption\":\"Sikat\u00ed\"},\"image\":{\"@id\":\"https:\\\/\\\/www.sikati.de\\\/#\\\/schema\\\/logo\\\/image\\\/\"},\"sameAs\":[\"https:\\\/\\\/www.facebook.com\\\/Arts.Decoration.Style\",\"https:\\\/\\\/www.instagram.com\\\/sikati_arts\\\/\",\"https:\\\/\\\/www.tiktok.com\\\/@sikati_arts\"]}]}<\/script>\n<!-- \/ Yoast SEO plugin. -->","yoast_head_json":{"title":"Zweiteiler-Set in Rot-Schwarz \u2013 Langarmshirt & Minirock - Sikat\u00ed","description":"%","robots":{"index":"index","follow":"follow","max-snippet":"max-snippet:-1","max-image-preview":"max-image-preview:large","max-video-preview":"max-video-preview:-1"},"canonical":"https:\/\/www.sikati.de\/fr\/produit\/zweiteiler-set-in-rot-schwarz-langarmshirt-minirock\/","og_locale":"fr_FR","og_type":"article","og_title":"Zweiteiler-Set in Rot-Schwarz \u2013 Langarmshirt & Minirock - Sikat\u00ed","og_description":"%","og_url":"https:\/\/www.sikati.de\/fr\/produit\/zweiteiler-set-in-rot-schwarz-langarmshirt-minirock\/","og_site_name":"Sikat\u00ed","article_publisher":"https:\/\/www.facebook.com\/Arts.Decoration.Style","article_modified_time":"2026-03-07T10:23:35+00:00","og_image":[{"width":1706,"height":2560,"url":"https:\/\/www.sikati.de\/wp-content\/uploads\/2025\/09\/Photoroom-20250923_130416_5.png","type":"image\/png"}],"twitter_card":"summary_large_image","twitter_misc":{"Dur\u00e9e de lecture estim\u00e9e":"1 minute"},"schema":{"@context":"https:\/\/schema.org","@graph":[{"@type":"WebPage","@id":"https:\/\/www.sikati.de\/produkt\/zweiteiler-set-in-rot-schwarz-langarmshirt-minirock\/","url":"https:\/\/www.sikati.de\/produkt\/zweiteiler-set-in-rot-schwarz-langarmshirt-minirock\/","name":"Zweiteiler-Set in Rot-Schwarz \u2013 Langarmshirt & Minirock - Sikat\u00ed","isPartOf":{"@id":"https:\/\/www.sikati.de\/#website"},"primaryImageOfPage":{"@id":"https:\/\/www.sikati.de\/produkt\/zweiteiler-set-in-rot-schwarz-langarmshirt-minirock\/#primaryimage"},"image":{"@id":"https:\/\/www.sikati.de\/produkt\/zweiteiler-set-in-rot-schwarz-langarmshirt-minirock\/#primaryimage"},"thumbnailUrl":"https:\/\/www.sikati.de\/wp-content\/uploads\/2025\/09\/Photoroom-20250923_130416_5.png","datePublished":"2025-09-23T20:58:35+00:00","dateModified":"2026-03-07T10:23:35+00:00","description":"%","breadcrumb":{"@id":"https:\/\/www.sikati.de\/produkt\/zweiteiler-set-in-rot-schwarz-langarmshirt-minirock\/#breadcrumb"},"inLanguage":"fr-FR","potentialAction":[{"@type":"ReadAction","target":["https:\/\/www.sikati.de\/produkt\/zweiteiler-set-in-rot-schwarz-langarmshirt-minirock\/"]}]},{"@type":"ImageObject","inLanguage":"fr-FR","@id":"https:\/\/www.sikati.de\/produkt\/zweiteiler-set-in-rot-schwarz-langarmshirt-minirock\/#primaryimage","url":"https:\/\/www.sikati.de\/wp-content\/uploads\/2025\/09\/Photoroom-20250923_130416_5.png","contentUrl":"https:\/\/www.sikati.de\/wp-content\/uploads\/2025\/09\/Photoroom-20250923_130416_5.png","width":1706,"height":2560},{"@type":"BreadcrumbList","@id":"https:\/\/www.sikati.de\/produkt\/zweiteiler-set-in-rot-schwarz-langarmshirt-minirock\/#breadcrumb","itemListElement":[{"@type":"ListItem","position":1,"name":"Startseite","item":"https:\/\/www.sikati.de\/"},{"@type":"ListItem","position":2,"name":"Produkte","item":"https:\/\/www.sikati.de\/shop\/"},{"@type":"ListItem","position":3,"name":"Zweiteiler-Set in Rot-Schwarz \u2013 Langarmshirt &#038; Minirock"}]},{"@type":"WebSite","@id":"https:\/\/www.sikati.de\/#website","url":"https:\/\/www.sikati.de\/","name":"Sika\u00ed","description":"Afro Contemporary Fashion &amp; Living","publisher":{"@id":"https:\/\/www.sikati.de\/#organization"},"potentialAction":[{"@type":"SearchAction","target":{"@type":"EntryPoint","urlTemplate":"https:\/\/www.sikati.de\/?s={search_term_string}"},"query-input":{"@type":"PropertyValueSpecification","valueRequired":true,"valueName":"search_term_string"}}],"inLanguage":"fr-FR"},{"@type":"Organization","@id":"https:\/\/www.sikati.de\/#organization","name":"Sika\u00ed","url":"https:\/\/www.sikati.de\/","logo":{"@type":"ImageObject","inLanguage":"fr-FR","@id":"https:\/\/www.sikati.de\/#\/schema\/logo\/image\/","url":"https:\/\/www.sikati.de\/wp-content\/uploads\/2019\/03\/cropped-cropped-sikati-logo.png","contentUrl":"https:\/\/www.sikati.de\/wp-content\/uploads\/2019\/03\/cropped-cropped-sikati-logo.png","width":500,"height":201,"caption":"Sikat\u00ed"},"image":{"@id":"https:\/\/www.sikati.de\/#\/schema\/logo\/image\/"},"sameAs":["https:\/\/www.facebook.com\/Arts.Decoration.Style","https:\/\/www.instagram.com\/sikati_arts\/","https:\/\/www.tiktok.com\/@sikati_arts"]}]}},"_links":{"self":[{"href":"https:\/\/www.sikati.de\/fr\/wp-json\/wp\/v2\/product\/13331","targetHints":{"allow":["GET"]}}],"collection":[{"href":"https:\/\/www.sikati.de\/fr\/wp-json\/wp\/v2\/product"}],"about":[{"href":"https:\/\/www.sikati.de\/fr\/wp-json\/wp\/v2\/types\/product"}],"wp:featuredmedia":[{"embeddable":true,"href":"https:\/\/www.sikati.de\/fr\/wp-json\/wp\/v2\/media\/13320"}],"wp:attachment":[{"href":"https:\/\/www.sikati.de\/fr\/wp-json\/wp\/v2\/media?parent=13331"}],"wp:term":[{"taxonomy":"product_brand","embeddable":true,"href":"https:\/\/www.sikati.de\/fr\/wp-json\/wp\/v2\/product_brand?post=13331"},{"taxonomy":"product_cat","embeddable":true,"href":"https:\/\/www.sikati.de\/fr\/wp-json\/wp\/v2\/product_cat?post=13331"},{"taxonomy":"product_tag","embeddable":true,"href":"https:\/\/www.sikati.de\/fr\/wp-json\/wp\/v2\/product_tag?post=13331"}],"curies":[{"name":"wp","href":"https:\/\/api.w.org\/{rel}","templated":true}]}}