{"id":13351,"date":"2025-09-23T23:56:17","date_gmt":"2025-09-23T21:56:17","guid":{"rendered":"https:\/\/www.sikati.de\/?post_type=product&#038;p=13351"},"modified":"2026-03-07T11:44:37","modified_gmt":"2026-03-07T10:44:37","slug":"kimono-shorts-set-in-tuerkis-blau-schwarz","status":"publish","type":"product","link":"https:\/\/www.sikati.de\/fr\/product\/kimono-shorts-set-in-tuerkis-blau-schwarz\/","title":{"rendered":"Kimono &#038; Shorts Set in T\u00fcrkis, Blau-Schwarz"},"content":{"rendered":"<p data-start=\"182\" data-end=\"709\">Ce style <strong data-start=\"229\" data-end=\"276\">Kimono &amp; Shorts Set in T\u00fcrkis, Blau-Schwarz<\/strong> vereint Eleganz und Komfort in einem modernen Look. Der lange, flie\u00dfende Kimono mit weitem Schnitt wird mit einer passenden Shorts kombiniert und sorgt f\u00fcr ein auff\u00e4lliges Outfit mit viel Bewegungsfreiheit. Das geometrische Muster macht das Ensemble zu einem echten Hingucker, egal ob im Alltag, beim Ausgehen oder als besonderes Freizeitoutfit. Aus <strong data-start=\"627\" data-end=\"645\">Coton 100%<\/strong> gefertigt, bietet es hohen Tragekomfort und Atmungsaktivit\u00e4t.<\/p>\n<ul data-start=\"711\" data-end=\"1049\">\n<li data-start=\"711\" data-end=\"756\">\n<p data-start=\"713\" data-end=\"756\"><strong data-start=\"713\" data-end=\"723\">Couleur:<\/strong> T\u00fcrkis, Blau-Schwarz gemustert<\/p>\n<\/li>\n<li data-start=\"757\" data-end=\"792\">\n<p data-start=\"759\" data-end=\"792\"><strong data-start=\"759\" data-end=\"767\">Ensemble:<\/strong> Langer Kimono + Shorts<\/p>\n<\/li>\n<li data-start=\"793\" data-end=\"825\">\n<p data-start=\"795\" data-end=\"825\"><strong data-start=\"795\" data-end=\"808\">Mat\u00e9riel:<\/strong> Coton 100%<\/p>\n<\/li>\n<li data-start=\"826\" data-end=\"898\">\n<p data-start=\"828\" data-end=\"898\"><strong data-start=\"828\" data-end=\"841\">Ajuster:<\/strong> Weit geschnittener Kimono, Shorts mit elastischem Bund<\/p>\n<\/li>\n<li data-start=\"899\" data-end=\"974\">\n<p data-start=\"901\" data-end=\"974\"><strong data-start=\"901\" data-end=\"920\">Caract\u00e9ristiques sp\u00e9ciales :<\/strong> Leichtes Material, auff\u00e4lliges geometrisches Muster<\/p>\n<\/li>\n<li data-start=\"975\" data-end=\"1049\">\n<p data-start=\"977\" data-end=\"1049\"><strong data-start=\"977\" data-end=\"995\">Conseils d&#039;entretien\u00a0:<\/strong> Lavage d\u00e9licat \u00e0 30 \u00b0C, ne pas utiliser d&#039;eau de Javel, laver \u00e0 l&#039;envers<\/p>\n<\/li>\n<\/ul>","protected":false},"excerpt":{"rendered":"<p>Elegantes Kimono &amp; Shorts Set in T\u00fcrkis, Blau-Schwarz aus 100% Baumwolle \u2013 stilvoll, luftig und bequem.<\/p>\n<p>Pas de facture de TVA, en tant que petite entreprise selon l&#039;article 19 (1) de la loi allemande sur la TVA (UStG).<\/p>","protected":false},"featured_media":13294,"template":"","meta":{"_acf_changed":false},"product_brand":[],"product_cat":[871,2150,1456,163],"product_tag":[2024,2026,2022,2025,2023],"class_list":{"0":"post-13351","1":"product","2":"type-product","3":"status-publish","4":"has-post-thumbnail","6":"product_cat-damen-mode","7":"product_cat-prints","8":"product_cat-sets-damen-mode","9":"product_cat-sikati-designs","10":"product_tag-baumwolle-kimono-set-damen","11":"product_tag-geometrisches-muster-damen-set","12":"product_tag-kimono-shorts-set-damen","13":"product_tag-outfit-tuerkis-blau-schwarz","14":"product_tag-zweiteiler-kimono-sommer","16":"first","17":"instock","18":"shipping-taxable","19":"purchasable","20":"product-type-variable"},"acf":[],"yoast_head":"<!-- This site is optimized with the Yoast SEO plugin v27.3 - https:\/\/yoast.com\/product\/yoast-seo-wordpress\/ -->\n<title>Kimono &amp; Shorts Set in T\u00fcrkis, Blau-Schwarz - Sikat\u00ed<\/title>\n<meta name=\"description\" content=\"%\" \/>\n<meta name=\"robots\" content=\"index, follow, max-snippet:-1, max-image-preview:large, max-video-preview:-1\" \/>\n<link rel=\"canonical\" href=\"https:\/\/www.sikati.de\/fr\/product\/kimono-shorts-set-in-tuerkis-blau-schwarz\/\" \/>\n<meta property=\"og:locale\" content=\"fr_FR\" \/>\n<meta property=\"og:type\" content=\"article\" \/>\n<meta property=\"og:title\" content=\"Kimono &amp; Shorts Set in T\u00fcrkis, Blau-Schwarz - Sikat\u00ed\" \/>\n<meta property=\"og:description\" content=\"%\" \/>\n<meta property=\"og:url\" content=\"https:\/\/www.sikati.de\/fr\/product\/kimono-shorts-set-in-tuerkis-blau-schwarz\/\" \/>\n<meta property=\"og:site_name\" content=\"Sikat\u00ed\" \/>\n<meta property=\"article:publisher\" content=\"https:\/\/www.facebook.com\/Arts.Decoration.Style\" \/>\n<meta property=\"article:modified_time\" content=\"2026-03-07T10:44:37+00:00\" \/>\n<meta property=\"og:image\" content=\"https:\/\/www.sikati.de\/wp-content\/uploads\/2025\/09\/Photoroom-20250912_170604_4-682x1024.png\" \/>\n\t<meta property=\"og:image:width\" content=\"682\" \/>\n\t<meta property=\"og:image:height\" content=\"1024\" \/>\n\t<meta property=\"og:image:type\" content=\"image\/png\" \/>\n<meta name=\"twitter:card\" content=\"summary_large_image\" \/>\n<meta name=\"twitter:label1\" content=\"Est. reading time\" \/>\n\t<meta name=\"twitter:data1\" content=\"1 minute\" \/>\n<script type=\"application\/ld+json\" class=\"yoast-schema-graph\">{\"@context\":\"https:\\\/\\\/schema.org\",\"@graph\":[{\"@type\":\"WebPage\",\"@id\":\"https:\\\/\\\/www.sikati.de\\\/produkt\\\/kimono-shorts-set-in-tuerkis-blau-schwarz\\\/\",\"url\":\"https:\\\/\\\/www.sikati.de\\\/produkt\\\/kimono-shorts-set-in-tuerkis-blau-schwarz\\\/\",\"name\":\"Kimono & Shorts Set in T\u00fcrkis, Blau-Schwarz - Sikat\u00ed\",\"isPartOf\":{\"@id\":\"https:\\\/\\\/www.sikati.de\\\/#website\"},\"primaryImageOfPage\":{\"@id\":\"https:\\\/\\\/www.sikati.de\\\/produkt\\\/kimono-shorts-set-in-tuerkis-blau-schwarz\\\/#primaryimage\"},\"image\":{\"@id\":\"https:\\\/\\\/www.sikati.de\\\/produkt\\\/kimono-shorts-set-in-tuerkis-blau-schwarz\\\/#primaryimage\"},\"thumbnailUrl\":\"https:\\\/\\\/www.sikati.de\\\/wp-content\\\/uploads\\\/2025\\\/09\\\/Photoroom-20250912_170604_4.png\",\"datePublished\":\"2025-09-23T21:56:17+00:00\",\"dateModified\":\"2026-03-07T10:44:37+00:00\",\"description\":\"%\",\"breadcrumb\":{\"@id\":\"https:\\\/\\\/www.sikati.de\\\/produkt\\\/kimono-shorts-set-in-tuerkis-blau-schwarz\\\/#breadcrumb\"},\"inLanguage\":\"fr-FR\",\"potentialAction\":[{\"@type\":\"ReadAction\",\"target\":[\"https:\\\/\\\/www.sikati.de\\\/produkt\\\/kimono-shorts-set-in-tuerkis-blau-schwarz\\\/\"]}]},{\"@type\":\"ImageObject\",\"inLanguage\":\"fr-FR\",\"@id\":\"https:\\\/\\\/www.sikati.de\\\/produkt\\\/kimono-shorts-set-in-tuerkis-blau-schwarz\\\/#primaryimage\",\"url\":\"https:\\\/\\\/www.sikati.de\\\/wp-content\\\/uploads\\\/2025\\\/09\\\/Photoroom-20250912_170604_4.png\",\"contentUrl\":\"https:\\\/\\\/www.sikati.de\\\/wp-content\\\/uploads\\\/2025\\\/09\\\/Photoroom-20250912_170604_4.png\",\"width\":1706,\"height\":2560},{\"@type\":\"BreadcrumbList\",\"@id\":\"https:\\\/\\\/www.sikati.de\\\/produkt\\\/kimono-shorts-set-in-tuerkis-blau-schwarz\\\/#breadcrumb\",\"itemListElement\":[{\"@type\":\"ListItem\",\"position\":1,\"name\":\"Startseite\",\"item\":\"https:\\\/\\\/www.sikati.de\\\/\"},{\"@type\":\"ListItem\",\"position\":2,\"name\":\"Produkte\",\"item\":\"https:\\\/\\\/www.sikati.de\\\/shop\\\/\"},{\"@type\":\"ListItem\",\"position\":3,\"name\":\"Kimono &#038; Shorts Set in T\u00fcrkis, Blau-Schwarz\"}]},{\"@type\":\"WebSite\",\"@id\":\"https:\\\/\\\/www.sikati.de\\\/#website\",\"url\":\"https:\\\/\\\/www.sikati.de\\\/\",\"name\":\"Sikat\u00ed\",\"description\":\"Afro Contemporary Fashion &amp; Living\",\"publisher\":{\"@id\":\"https:\\\/\\\/www.sikati.de\\\/#organization\"},\"potentialAction\":[{\"@type\":\"SearchAction\",\"target\":{\"@type\":\"EntryPoint\",\"urlTemplate\":\"https:\\\/\\\/www.sikati.de\\\/?s={search_term_string}\"},\"query-input\":{\"@type\":\"PropertyValueSpecification\",\"valueRequired\":true,\"valueName\":\"search_term_string\"}}],\"inLanguage\":\"fr-FR\"},{\"@type\":\"Organization\",\"@id\":\"https:\\\/\\\/www.sikati.de\\\/#organization\",\"name\":\"Sikat\u00ed\",\"url\":\"https:\\\/\\\/www.sikati.de\\\/\",\"logo\":{\"@type\":\"ImageObject\",\"inLanguage\":\"fr-FR\",\"@id\":\"https:\\\/\\\/www.sikati.de\\\/#\\\/schema\\\/logo\\\/image\\\/\",\"url\":\"https:\\\/\\\/www.sikati.de\\\/wp-content\\\/uploads\\\/2019\\\/03\\\/cropped-cropped-sikati-logo.png\",\"contentUrl\":\"https:\\\/\\\/www.sikati.de\\\/wp-content\\\/uploads\\\/2019\\\/03\\\/cropped-cropped-sikati-logo.png\",\"width\":500,\"height\":201,\"caption\":\"Sikat\u00ed\"},\"image\":{\"@id\":\"https:\\\/\\\/www.sikati.de\\\/#\\\/schema\\\/logo\\\/image\\\/\"},\"sameAs\":[\"https:\\\/\\\/www.facebook.com\\\/Arts.Decoration.Style\",\"https:\\\/\\\/www.instagram.com\\\/sikati_arts\\\/\",\"https:\\\/\\\/www.tiktok.com\\\/@sikati_arts\"]}]}<\/script>\n<!-- \/ Yoast SEO plugin. -->","yoast_head_json":{"title":"Kimono & Shorts Set in T\u00fcrkis, Blau-Schwarz - Sikat\u00ed","description":"%","robots":{"index":"index","follow":"follow","max-snippet":"max-snippet:-1","max-image-preview":"max-image-preview:large","max-video-preview":"max-video-preview:-1"},"canonical":"https:\/\/www.sikati.de\/fr\/product\/kimono-shorts-set-in-tuerkis-blau-schwarz\/","og_locale":"fr_FR","og_type":"article","og_title":"Kimono & Shorts Set in T\u00fcrkis, Blau-Schwarz - Sikat\u00ed","og_description":"%","og_url":"https:\/\/www.sikati.de\/fr\/product\/kimono-shorts-set-in-tuerkis-blau-schwarz\/","og_site_name":"Sikat\u00ed","article_publisher":"https:\/\/www.facebook.com\/Arts.Decoration.Style","article_modified_time":"2026-03-07T10:44:37+00:00","og_image":[{"width":682,"height":1024,"url":"https:\/\/www.sikati.de\/wp-content\/uploads\/2025\/09\/Photoroom-20250912_170604_4-682x1024.png","type":"image\/png"}],"twitter_card":"summary_large_image","twitter_misc":{"Est. reading time":"1 minute"},"schema":{"@context":"https:\/\/schema.org","@graph":[{"@type":"WebPage","@id":"https:\/\/www.sikati.de\/produkt\/kimono-shorts-set-in-tuerkis-blau-schwarz\/","url":"https:\/\/www.sikati.de\/produkt\/kimono-shorts-set-in-tuerkis-blau-schwarz\/","name":"Kimono & Shorts Set in T\u00fcrkis, Blau-Schwarz - Sikat\u00ed","isPartOf":{"@id":"https:\/\/www.sikati.de\/#website"},"primaryImageOfPage":{"@id":"https:\/\/www.sikati.de\/produkt\/kimono-shorts-set-in-tuerkis-blau-schwarz\/#primaryimage"},"image":{"@id":"https:\/\/www.sikati.de\/produkt\/kimono-shorts-set-in-tuerkis-blau-schwarz\/#primaryimage"},"thumbnailUrl":"https:\/\/www.sikati.de\/wp-content\/uploads\/2025\/09\/Photoroom-20250912_170604_4.png","datePublished":"2025-09-23T21:56:17+00:00","dateModified":"2026-03-07T10:44:37+00:00","description":"%","breadcrumb":{"@id":"https:\/\/www.sikati.de\/produkt\/kimono-shorts-set-in-tuerkis-blau-schwarz\/#breadcrumb"},"inLanguage":"fr-FR","potentialAction":[{"@type":"ReadAction","target":["https:\/\/www.sikati.de\/produkt\/kimono-shorts-set-in-tuerkis-blau-schwarz\/"]}]},{"@type":"ImageObject","inLanguage":"fr-FR","@id":"https:\/\/www.sikati.de\/produkt\/kimono-shorts-set-in-tuerkis-blau-schwarz\/#primaryimage","url":"https:\/\/www.sikati.de\/wp-content\/uploads\/2025\/09\/Photoroom-20250912_170604_4.png","contentUrl":"https:\/\/www.sikati.de\/wp-content\/uploads\/2025\/09\/Photoroom-20250912_170604_4.png","width":1706,"height":2560},{"@type":"BreadcrumbList","@id":"https:\/\/www.sikati.de\/produkt\/kimono-shorts-set-in-tuerkis-blau-schwarz\/#breadcrumb","itemListElement":[{"@type":"ListItem","position":1,"name":"Startseite","item":"https:\/\/www.sikati.de\/"},{"@type":"ListItem","position":2,"name":"Produkte","item":"https:\/\/www.sikati.de\/shop\/"},{"@type":"ListItem","position":3,"name":"Kimono &#038; Shorts Set in T\u00fcrkis, Blau-Schwarz"}]},{"@type":"WebSite","@id":"https:\/\/www.sikati.de\/#website","url":"https:\/\/www.sikati.de\/","name":"Sika\u00ed","description":"Afro Contemporary Fashion &amp; Living","publisher":{"@id":"https:\/\/www.sikati.de\/#organization"},"potentialAction":[{"@type":"SearchAction","target":{"@type":"EntryPoint","urlTemplate":"https:\/\/www.sikati.de\/?s={search_term_string}"},"query-input":{"@type":"PropertyValueSpecification","valueRequired":true,"valueName":"search_term_string"}}],"inLanguage":"fr-FR"},{"@type":"Organization","@id":"https:\/\/www.sikati.de\/#organization","name":"Sika\u00ed","url":"https:\/\/www.sikati.de\/","logo":{"@type":"ImageObject","inLanguage":"fr-FR","@id":"https:\/\/www.sikati.de\/#\/schema\/logo\/image\/","url":"https:\/\/www.sikati.de\/wp-content\/uploads\/2019\/03\/cropped-cropped-sikati-logo.png","contentUrl":"https:\/\/www.sikati.de\/wp-content\/uploads\/2019\/03\/cropped-cropped-sikati-logo.png","width":500,"height":201,"caption":"Sikat\u00ed"},"image":{"@id":"https:\/\/www.sikati.de\/#\/schema\/logo\/image\/"},"sameAs":["https:\/\/www.facebook.com\/Arts.Decoration.Style","https:\/\/www.instagram.com\/sikati_arts\/","https:\/\/www.tiktok.com\/@sikati_arts"]}]}},"_links":{"self":[{"href":"https:\/\/www.sikati.de\/fr\/wp-json\/wp\/v2\/product\/13351","targetHints":{"allow":["GET"]}}],"collection":[{"href":"https:\/\/www.sikati.de\/fr\/wp-json\/wp\/v2\/product"}],"about":[{"href":"https:\/\/www.sikati.de\/fr\/wp-json\/wp\/v2\/types\/product"}],"wp:featuredmedia":[{"embeddable":true,"href":"https:\/\/www.sikati.de\/fr\/wp-json\/wp\/v2\/media\/13294"}],"wp:attachment":[{"href":"https:\/\/www.sikati.de\/fr\/wp-json\/wp\/v2\/media?parent=13351"}],"wp:term":[{"taxonomy":"product_brand","embeddable":true,"href":"https:\/\/www.sikati.de\/fr\/wp-json\/wp\/v2\/product_brand?post=13351"},{"taxonomy":"product_cat","embeddable":true,"href":"https:\/\/www.sikati.de\/fr\/wp-json\/wp\/v2\/product_cat?post=13351"},{"taxonomy":"product_tag","embeddable":true,"href":"https:\/\/www.sikati.de\/fr\/wp-json\/wp\/v2\/product_tag?post=13351"}],"curies":[{"name":"wp","href":"https:\/\/api.w.org\/{rel}","templated":true}]}}