{"id":13453,"date":"2025-09-25T19:08:00","date_gmt":"2025-09-25T17:08:00","guid":{"rendered":"https:\/\/www.sikati.de\/?post_type=product&#038;p=13453"},"modified":"2026-01-19T20:26:01","modified_gmt":"2026-01-19T19:26:01","slug":"limitierte-baumwollhose-mit-schwarz-weiss-muster-handmade-in-afrika","status":"publish","type":"product","link":"https:\/\/www.sikati.de\/fr\/produit\/limitierte-baumwollhose-mit-schwarz-weiss-muster-handmade-in-afrika\/","title":{"rendered":"Pantalon ample imprim\u00e9 noir et blanc"},"content":{"rendered":"<p data-start=\"399\" data-end=\"463\">Ce pantalon exclusif allie confort et design culturel :<\/p>\n<ul data-start=\"464\" data-end=\"922\">\n<li data-start=\"464\" data-end=\"534\">\n<p data-start=\"466\" data-end=\"534\"><strong data-start=\"466\" data-end=\"489\">Fabriqu\u00e9 \u00e0 la main en Afrique<\/strong>\u2013 confectionn\u00e9 avec soin \u00e0 partir de coton.<\/p>\n<\/li>\n<li data-start=\"535\" data-end=\"636\">\n<p data-start=\"537\" data-end=\"636\"><strong data-start=\"537\" data-end=\"562\">motif noir et blanc<\/strong> Inspir\u00e9 des traditions africaines, pour un look unique.<\/p>\n<\/li>\n<li data-start=\"637\" data-end=\"721\">\n<p data-start=\"639\" data-end=\"721\"><strong data-start=\"639\" data-end=\"661\">\u00c9dition limit\u00e9e<\/strong> \u2013 non pas un article produit en masse, mais une pi\u00e8ce \u00e9l\u00e9gante et unique.<\/p>\n<\/li>\n<li data-start=\"722\" data-end=\"824\">\n<p data-start=\"724\" data-end=\"824\">Une coupe d\u00e9contract\u00e9e avec une taille haute et des poches lat\u00e9rales pratiques \u2013 confortable et \u00e9l\u00e9gante.<\/p>\n<\/li>\n<li data-start=\"825\" data-end=\"922\">\n<p data-start=\"827\" data-end=\"922\">Polyvalentes et faciles \u00e0 associer : avec des hauts simples pour le quotidien ou avec des chemisiers pour les occasions sp\u00e9ciales.<\/p>\n<\/li>\n<li data-start=\"825\" data-end=\"922\">\n<p data-start=\"827\" data-end=\"922\">REMARQUE IMPORTANTE\u00a0: <strong data-start=\"485\" data-end=\"512\">Le pantalon taille un peu grand.<\/strong> \u2013 La taille XL convient \u00e9galement aux clients qui portent habituellement du XXL.<\/p>\n<\/li>\n<li data-start=\"918\" data-end=\"1016\">\n<p data-start=\"920\" data-end=\"1016\"><strong data-start=\"920\" data-end=\"941\">Informations sur le mod\u00e8le\u00a0:<\/strong>\u00a0Le mannequin porte habituellement du M\/L et porte ici le pantalon en\u00a0<strong data-start=\"1003\" data-end=\"1014\">Taille L<\/strong><\/p>\n<\/li>\n<\/ul>\n<p data-start=\"924\" data-end=\"995\">Un accessoire de mode pour les femmes qui aiment l&#039;individualit\u00e9 et le style.<\/p>\n<p data-start=\"997\" data-end=\"1215\"><strong data-start=\"997\" data-end=\"1007\">Couleur:<\/strong> motifs noirs et blancs<br data-start=\"1030\" data-end=\"1033\" \/><strong data-start=\"1033\" data-end=\"1046\">Mat\u00e9riel:<\/strong> Coton<br data-start=\"1061\" data-end=\"1064\" \/><strong data-start=\"1064\" data-end=\"1077\">Ajuster:<\/strong> Coupe ample, taille haute, coupe droite<br data-start=\"1116\" data-end=\"1119\" \/><strong data-start=\"1119\" data-end=\"1131\">D\u00e9tails:<\/strong> Sacs lat\u00e9raux, \u00e9dition limit\u00e9e<br data-start=\"1156\" data-end=\"1159\" \/><strong data-start=\"1159\" data-end=\"1177\">Conseils d&#039;entretien\u00a0:<\/strong> Lavage d\u00e9licat \u00e0 30 \u00b0C, laver \u00e0 l&#039;envers<\/p>","protected":false},"excerpt":{"rendered":"<p>Pantalon en coton en \u00e9dition limit\u00e9e, orn\u00e9 d&#039;un motif traditionnel noir et blanc \u2013 fabriqu\u00e9 \u00e0 la main en Afrique.<\/p>\n<p>Moderne, confortable et exclusif. Pas de facture avec TVA, car nous sommes une petite entreprise au sens de l&#039;article 19 (1) de la loi allemande sur la TVA (UStG).<\/p>","protected":false},"featured_media":13315,"template":"","meta":{"_acf_changed":false},"product_brand":[],"product_cat":[871,2045,163],"product_tag":[2043,2040,2042,2044,2038,2039,2041],"class_list":{"0":"post-13453","1":"product","2":"type-product","3":"status-publish","4":"has-post-thumbnail","6":"product_cat-damen-mode","7":"product_cat-hosen","8":"product_cat-sikati-designs","9":"product_tag-afrikanische-mode-hose","10":"product_tag-afro-chic-hose","11":"product_tag-baumwollhose-damen-fair","12":"product_tag-boutique-hose-damen","13":"product_tag-handmade-hose-damen","14":"product_tag-limitierte-hose-damen","15":"product_tag-schwarz-weiss-muster-hose","17":"first","18":"instock","19":"shipping-taxable","20":"purchasable","21":"product-type-variable"},"acf":[],"yoast_head":"<!-- This site is optimized with the Yoast SEO plugin v27.4 - https:\/\/yoast.com\/product\/yoast-seo-wordpress\/ -->\n<title>Locker geschnittene Print-Hose in Schwarz-Wei\u00df - Sikat\u00ed<\/title>\n<meta name=\"description\" content=\"%\" \/>\n<meta name=\"robots\" content=\"index, follow, max-snippet:-1, max-image-preview:large, max-video-preview:-1\" \/>\n<link rel=\"canonical\" href=\"https:\/\/www.sikati.de\/fr\/produit\/limitierte-baumwollhose-mit-schwarz-weiss-muster-handmade-in-afrika\/\" \/>\n<meta property=\"og:locale\" content=\"fr_FR\" \/>\n<meta property=\"og:type\" content=\"article\" \/>\n<meta property=\"og:title\" content=\"Locker geschnittene Print-Hose in Schwarz-Wei\u00df - Sikat\u00ed\" \/>\n<meta property=\"og:description\" content=\"%\" \/>\n<meta property=\"og:url\" content=\"https:\/\/www.sikati.de\/fr\/produit\/limitierte-baumwollhose-mit-schwarz-weiss-muster-handmade-in-afrika\/\" \/>\n<meta property=\"og:site_name\" content=\"Sikat\u00ed\" \/>\n<meta property=\"article:publisher\" content=\"https:\/\/www.facebook.com\/Arts.Decoration.Style\" \/>\n<meta property=\"article:modified_time\" content=\"2026-01-19T19:26:01+00:00\" \/>\n<meta property=\"og:image\" content=\"https:\/\/www.sikati.de\/wp-content\/uploads\/2025\/09\/Photoroom-20250923_125830_8.png\" \/>\n\t<meta property=\"og:image:width\" content=\"1706\" \/>\n\t<meta property=\"og:image:height\" content=\"2560\" \/>\n\t<meta property=\"og:image:type\" content=\"image\/png\" \/>\n<meta name=\"twitter:card\" content=\"summary_large_image\" \/>\n<meta name=\"twitter:label1\" content=\"Dur\u00e9e de lecture estim\u00e9e\" \/>\n\t<meta name=\"twitter:data1\" content=\"1 minute\" \/>\n<script type=\"application\/ld+json\" class=\"yoast-schema-graph\">{\"@context\":\"https:\\\/\\\/schema.org\",\"@graph\":[{\"@type\":\"WebPage\",\"@id\":\"https:\\\/\\\/www.sikati.de\\\/produkt\\\/limitierte-baumwollhose-mit-schwarz-weiss-muster-handmade-in-afrika\\\/\",\"url\":\"https:\\\/\\\/www.sikati.de\\\/produkt\\\/limitierte-baumwollhose-mit-schwarz-weiss-muster-handmade-in-afrika\\\/\",\"name\":\"Locker geschnittene Print-Hose in Schwarz-Wei\u00df - Sikat\u00ed\",\"isPartOf\":{\"@id\":\"https:\\\/\\\/www.sikati.de\\\/#website\"},\"primaryImageOfPage\":{\"@id\":\"https:\\\/\\\/www.sikati.de\\\/produkt\\\/limitierte-baumwollhose-mit-schwarz-weiss-muster-handmade-in-afrika\\\/#primaryimage\"},\"image\":{\"@id\":\"https:\\\/\\\/www.sikati.de\\\/produkt\\\/limitierte-baumwollhose-mit-schwarz-weiss-muster-handmade-in-afrika\\\/#primaryimage\"},\"thumbnailUrl\":\"https:\\\/\\\/www.sikati.de\\\/wp-content\\\/uploads\\\/2025\\\/09\\\/Photoroom-20250923_125830_8.png\",\"datePublished\":\"2025-09-25T17:08:00+00:00\",\"dateModified\":\"2026-01-19T19:26:01+00:00\",\"description\":\"%\",\"breadcrumb\":{\"@id\":\"https:\\\/\\\/www.sikati.de\\\/produkt\\\/limitierte-baumwollhose-mit-schwarz-weiss-muster-handmade-in-afrika\\\/#breadcrumb\"},\"inLanguage\":\"fr-FR\",\"potentialAction\":[{\"@type\":\"ReadAction\",\"target\":[\"https:\\\/\\\/www.sikati.de\\\/produkt\\\/limitierte-baumwollhose-mit-schwarz-weiss-muster-handmade-in-afrika\\\/\"]}]},{\"@type\":\"ImageObject\",\"inLanguage\":\"fr-FR\",\"@id\":\"https:\\\/\\\/www.sikati.de\\\/produkt\\\/limitierte-baumwollhose-mit-schwarz-weiss-muster-handmade-in-afrika\\\/#primaryimage\",\"url\":\"https:\\\/\\\/www.sikati.de\\\/wp-content\\\/uploads\\\/2025\\\/09\\\/Photoroom-20250923_125830_8.png\",\"contentUrl\":\"https:\\\/\\\/www.sikati.de\\\/wp-content\\\/uploads\\\/2025\\\/09\\\/Photoroom-20250923_125830_8.png\",\"width\":1706,\"height\":2560},{\"@type\":\"BreadcrumbList\",\"@id\":\"https:\\\/\\\/www.sikati.de\\\/produkt\\\/limitierte-baumwollhose-mit-schwarz-weiss-muster-handmade-in-afrika\\\/#breadcrumb\",\"itemListElement\":[{\"@type\":\"ListItem\",\"position\":1,\"name\":\"Startseite\",\"item\":\"https:\\\/\\\/www.sikati.de\\\/\"},{\"@type\":\"ListItem\",\"position\":2,\"name\":\"Produkte\",\"item\":\"https:\\\/\\\/www.sikati.de\\\/shop\\\/\"},{\"@type\":\"ListItem\",\"position\":3,\"name\":\"Locker geschnittene Print-Hose in Schwarz-Wei\u00df\"}]},{\"@type\":\"WebSite\",\"@id\":\"https:\\\/\\\/www.sikati.de\\\/#website\",\"url\":\"https:\\\/\\\/www.sikati.de\\\/\",\"name\":\"Sikat\u00ed\",\"description\":\"Afro Contemporary Fashion &amp; Living\",\"publisher\":{\"@id\":\"https:\\\/\\\/www.sikati.de\\\/#organization\"},\"potentialAction\":[{\"@type\":\"SearchAction\",\"target\":{\"@type\":\"EntryPoint\",\"urlTemplate\":\"https:\\\/\\\/www.sikati.de\\\/?s={search_term_string}\"},\"query-input\":{\"@type\":\"PropertyValueSpecification\",\"valueRequired\":true,\"valueName\":\"search_term_string\"}}],\"inLanguage\":\"fr-FR\"},{\"@type\":\"Organization\",\"@id\":\"https:\\\/\\\/www.sikati.de\\\/#organization\",\"name\":\"Sikat\u00ed\",\"url\":\"https:\\\/\\\/www.sikati.de\\\/\",\"logo\":{\"@type\":\"ImageObject\",\"inLanguage\":\"fr-FR\",\"@id\":\"https:\\\/\\\/www.sikati.de\\\/#\\\/schema\\\/logo\\\/image\\\/\",\"url\":\"https:\\\/\\\/www.sikati.de\\\/wp-content\\\/uploads\\\/2019\\\/03\\\/cropped-cropped-sikati-logo.png\",\"contentUrl\":\"https:\\\/\\\/www.sikati.de\\\/wp-content\\\/uploads\\\/2019\\\/03\\\/cropped-cropped-sikati-logo.png\",\"width\":500,\"height\":201,\"caption\":\"Sikat\u00ed\"},\"image\":{\"@id\":\"https:\\\/\\\/www.sikati.de\\\/#\\\/schema\\\/logo\\\/image\\\/\"},\"sameAs\":[\"https:\\\/\\\/www.facebook.com\\\/Arts.Decoration.Style\",\"https:\\\/\\\/www.instagram.com\\\/sikati_arts\\\/\",\"https:\\\/\\\/www.tiktok.com\\\/@sikati_arts\"]}]}<\/script>\n<!-- \/ Yoast SEO plugin. -->","yoast_head_json":{"title":"Locker geschnittene Print-Hose in Schwarz-Wei\u00df - Sikat\u00ed","description":"%","robots":{"index":"index","follow":"follow","max-snippet":"max-snippet:-1","max-image-preview":"max-image-preview:large","max-video-preview":"max-video-preview:-1"},"canonical":"https:\/\/www.sikati.de\/fr\/produit\/limitierte-baumwollhose-mit-schwarz-weiss-muster-handmade-in-afrika\/","og_locale":"fr_FR","og_type":"article","og_title":"Locker geschnittene Print-Hose in Schwarz-Wei\u00df - Sikat\u00ed","og_description":"%","og_url":"https:\/\/www.sikati.de\/fr\/produit\/limitierte-baumwollhose-mit-schwarz-weiss-muster-handmade-in-afrika\/","og_site_name":"Sikat\u00ed","article_publisher":"https:\/\/www.facebook.com\/Arts.Decoration.Style","article_modified_time":"2026-01-19T19:26:01+00:00","og_image":[{"width":1706,"height":2560,"url":"https:\/\/www.sikati.de\/wp-content\/uploads\/2025\/09\/Photoroom-20250923_125830_8.png","type":"image\/png"}],"twitter_card":"summary_large_image","twitter_misc":{"Dur\u00e9e de lecture estim\u00e9e":"1 minute"},"schema":{"@context":"https:\/\/schema.org","@graph":[{"@type":"WebPage","@id":"https:\/\/www.sikati.de\/produkt\/limitierte-baumwollhose-mit-schwarz-weiss-muster-handmade-in-afrika\/","url":"https:\/\/www.sikati.de\/produkt\/limitierte-baumwollhose-mit-schwarz-weiss-muster-handmade-in-afrika\/","name":"Locker geschnittene Print-Hose in Schwarz-Wei\u00df - Sikat\u00ed","isPartOf":{"@id":"https:\/\/www.sikati.de\/#website"},"primaryImageOfPage":{"@id":"https:\/\/www.sikati.de\/produkt\/limitierte-baumwollhose-mit-schwarz-weiss-muster-handmade-in-afrika\/#primaryimage"},"image":{"@id":"https:\/\/www.sikati.de\/produkt\/limitierte-baumwollhose-mit-schwarz-weiss-muster-handmade-in-afrika\/#primaryimage"},"thumbnailUrl":"https:\/\/www.sikati.de\/wp-content\/uploads\/2025\/09\/Photoroom-20250923_125830_8.png","datePublished":"2025-09-25T17:08:00+00:00","dateModified":"2026-01-19T19:26:01+00:00","description":"%","breadcrumb":{"@id":"https:\/\/www.sikati.de\/produkt\/limitierte-baumwollhose-mit-schwarz-weiss-muster-handmade-in-afrika\/#breadcrumb"},"inLanguage":"fr-FR","potentialAction":[{"@type":"ReadAction","target":["https:\/\/www.sikati.de\/produkt\/limitierte-baumwollhose-mit-schwarz-weiss-muster-handmade-in-afrika\/"]}]},{"@type":"ImageObject","inLanguage":"fr-FR","@id":"https:\/\/www.sikati.de\/produkt\/limitierte-baumwollhose-mit-schwarz-weiss-muster-handmade-in-afrika\/#primaryimage","url":"https:\/\/www.sikati.de\/wp-content\/uploads\/2025\/09\/Photoroom-20250923_125830_8.png","contentUrl":"https:\/\/www.sikati.de\/wp-content\/uploads\/2025\/09\/Photoroom-20250923_125830_8.png","width":1706,"height":2560},{"@type":"BreadcrumbList","@id":"https:\/\/www.sikati.de\/produkt\/limitierte-baumwollhose-mit-schwarz-weiss-muster-handmade-in-afrika\/#breadcrumb","itemListElement":[{"@type":"ListItem","position":1,"name":"Startseite","item":"https:\/\/www.sikati.de\/"},{"@type":"ListItem","position":2,"name":"Produkte","item":"https:\/\/www.sikati.de\/shop\/"},{"@type":"ListItem","position":3,"name":"Locker geschnittene Print-Hose in Schwarz-Wei\u00df"}]},{"@type":"WebSite","@id":"https:\/\/www.sikati.de\/#website","url":"https:\/\/www.sikati.de\/","name":"Sika\u00ed","description":"Afro Contemporary Fashion &amp; Living","publisher":{"@id":"https:\/\/www.sikati.de\/#organization"},"potentialAction":[{"@type":"SearchAction","target":{"@type":"EntryPoint","urlTemplate":"https:\/\/www.sikati.de\/?s={search_term_string}"},"query-input":{"@type":"PropertyValueSpecification","valueRequired":true,"valueName":"search_term_string"}}],"inLanguage":"fr-FR"},{"@type":"Organization","@id":"https:\/\/www.sikati.de\/#organization","name":"Sika\u00ed","url":"https:\/\/www.sikati.de\/","logo":{"@type":"ImageObject","inLanguage":"fr-FR","@id":"https:\/\/www.sikati.de\/#\/schema\/logo\/image\/","url":"https:\/\/www.sikati.de\/wp-content\/uploads\/2019\/03\/cropped-cropped-sikati-logo.png","contentUrl":"https:\/\/www.sikati.de\/wp-content\/uploads\/2019\/03\/cropped-cropped-sikati-logo.png","width":500,"height":201,"caption":"Sikat\u00ed"},"image":{"@id":"https:\/\/www.sikati.de\/#\/schema\/logo\/image\/"},"sameAs":["https:\/\/www.facebook.com\/Arts.Decoration.Style","https:\/\/www.instagram.com\/sikati_arts\/","https:\/\/www.tiktok.com\/@sikati_arts"]}]}},"_links":{"self":[{"href":"https:\/\/www.sikati.de\/fr\/wp-json\/wp\/v2\/product\/13453","targetHints":{"allow":["GET"]}}],"collection":[{"href":"https:\/\/www.sikati.de\/fr\/wp-json\/wp\/v2\/product"}],"about":[{"href":"https:\/\/www.sikati.de\/fr\/wp-json\/wp\/v2\/types\/product"}],"wp:featuredmedia":[{"embeddable":true,"href":"https:\/\/www.sikati.de\/fr\/wp-json\/wp\/v2\/media\/13315"}],"wp:attachment":[{"href":"https:\/\/www.sikati.de\/fr\/wp-json\/wp\/v2\/media?parent=13453"}],"wp:term":[{"taxonomy":"product_brand","embeddable":true,"href":"https:\/\/www.sikati.de\/fr\/wp-json\/wp\/v2\/product_brand?post=13453"},{"taxonomy":"product_cat","embeddable":true,"href":"https:\/\/www.sikati.de\/fr\/wp-json\/wp\/v2\/product_cat?post=13453"},{"taxonomy":"product_tag","embeddable":true,"href":"https:\/\/www.sikati.de\/fr\/wp-json\/wp\/v2\/product_tag?post=13453"}],"curies":[{"name":"wp","href":"https:\/\/api.w.org\/{rel}","templated":true}]}}