{"id":13473,"date":"2025-09-26T00:17:42","date_gmt":"2025-09-25T22:17:42","guid":{"rendered":"https:\/\/www.sikati.de\/?post_type=product&#038;p=13473"},"modified":"2026-03-21T18:37:23","modified_gmt":"2026-03-21T17:37:23","slug":"zweiteiler-in-schwarz-weiss-mit-xoxo-print","status":"publish","type":"product","link":"https:\/\/www.sikati.de\/fr\/produit\/zweiteiler-in-schwarz-weiss-mit-xoxo-print\/","title":{"rendered":"Ensemble deux pi\u00e8ces noir et blanc \u00e0 imprim\u00e9 XOXO"},"content":{"rendered":"<p data-start=\"130\" data-end=\"613\">Ensemble deux pi\u00e8ces \u00e9l\u00e9gant compos\u00e9 d&#039;un pantalon \u00e0 jambes larges et d&#039;un haut d\u00e9contract\u00e9 orn\u00e9 d&#039;un imprim\u00e9 XOXO noir et blanc saisissant. Le pantalon \u00e0 coupe droite et taille \u00e9lastiqu\u00e9e offre un confort exceptionnel et une grande libert\u00e9 de mouvement, tandis que la coupe d\u00e9contract\u00e9e et les manches mi-longues du haut cr\u00e9ent un look moderne. Confectionn\u00e9 en <strong data-start=\"483\" data-end=\"501\">Coton 100%<\/strong> Fabriqu\u00e9 \u00e0 partir de mat\u00e9riaux durables, respirants et confortables \u2013 parfait pour le quotidien, les loisirs ou une occasion sp\u00e9ciale.<\/p>\n<ul data-start=\"615\" data-end=\"988\">\n<li data-start=\"615\" data-end=\"642\">\n<p data-start=\"617\" data-end=\"642\"><strong data-start=\"617\" data-end=\"627\">Couleur:<\/strong> Noir et blanc<\/p>\n<\/li>\n<li data-start=\"643\" data-end=\"675\">\n<p data-start=\"645\" data-end=\"675\"><strong data-start=\"645\" data-end=\"658\">Mat\u00e9riel:<\/strong> Coton 100%<\/p>\n<\/li>\n<li data-start=\"676\" data-end=\"738\">\n<p data-start=\"678\" data-end=\"738\"><strong data-start=\"678\" data-end=\"691\">Ajuster:<\/strong> Pantalon ample et confortable avec taille \u00e9lastiqu\u00e9e.<\/p>\n<\/li>\n<li data-start=\"739\" data-end=\"802\">\n<p data-start=\"741\" data-end=\"802\"><strong data-start=\"741\" data-end=\"753\">D\u00e9tails:<\/strong> Imprim\u00e9 XOXO moderne, coupe ample, manches courtes.<\/p>\n<\/li>\n<li data-start=\"803\" data-end=\"877\">\n<p data-start=\"805\" data-end=\"877\"><strong data-start=\"805\" data-end=\"823\">Conseils d&#039;entretien\u00a0:<\/strong> Lavage d\u00e9licat \u00e0 30 \u00b0C, laver \u00e0 l&#039;envers, ne pas utiliser d&#039;eau de Javel<\/p>\n<\/li>\n<li>Le pantalon est <strong data-start=\"589\" data-end=\"613\">bien coup\u00e9 long<\/strong> et a <strong data-start=\"631\" data-end=\"661\">poches lat\u00e9rales pratiques<\/strong>, Le haut a une coupe ample et offre une grande libert\u00e9 de mouvement. Les deux pi\u00e8ces peuvent \u00e9galement \u00eatre port\u00e9es s\u00e9par\u00e9ment et combin\u00e9es de multiples fa\u00e7ons.<\/li>\n<\/ul>","protected":false},"excerpt":{"rendered":"<p>Ensemble deux pi\u00e8ces moderne compos\u00e9 d&#039;un pantalon et d&#039;un haut \u00e0 imprim\u00e9 XOXO. 100% coton, confortable et \u00e9l\u00e9gant.<\/p>\n<p>Pas de facture de TVA, en tant que petite entreprise selon l&#039;article 19 (1) de la loi allemande sur la TVA (UStG).<\/p>","protected":false},"featured_media":13309,"template":"","meta":{"_acf_changed":false},"product_brand":[],"product_cat":[871,2150,1456,163],"product_tag":[2060,2062,2061,2059,2058],"class_list":{"0":"post-13473","1":"product","2":"type-product","3":"status-publish","4":"has-post-thumbnail","6":"product_cat-damen-mode","7":"product_cat-prints","8":"product_cat-sets-damen-mode","9":"product_cat-sikati-designs","10":"product_tag-baumwolle-zweiteiler-damen","11":"product_tag-hose-und-oberteil-set","12":"product_tag-sommer-outfit-damen-set","13":"product_tag-xoxo-print-outfit","14":"product_tag-zweiteiler-damen-schwarz-weiss","16":"first","17":"instock","18":"sale","19":"shipping-taxable","20":"purchasable","21":"product-type-variable"},"acf":[],"yoast_head":"<!-- This site is optimized with the Yoast SEO plugin v27.4 - https:\/\/yoast.com\/product\/yoast-seo-wordpress\/ -->\n<title>Zweiteiler in Schwarz-Wei\u00df mit XOXO-Print - Sikat\u00ed<\/title>\n<meta name=\"description\" content=\"%\" \/>\n<meta name=\"robots\" content=\"index, follow, max-snippet:-1, max-image-preview:large, max-video-preview:-1\" \/>\n<link rel=\"canonical\" href=\"https:\/\/www.sikati.de\/fr\/produit\/zweiteiler-in-schwarz-weiss-mit-xoxo-print\/\" \/>\n<meta property=\"og:locale\" content=\"fr_FR\" \/>\n<meta property=\"og:type\" content=\"article\" \/>\n<meta property=\"og:title\" content=\"Zweiteiler in Schwarz-Wei\u00df mit XOXO-Print - Sikat\u00ed\" \/>\n<meta property=\"og:description\" content=\"%\" \/>\n<meta property=\"og:url\" content=\"https:\/\/www.sikati.de\/fr\/produit\/zweiteiler-in-schwarz-weiss-mit-xoxo-print\/\" \/>\n<meta property=\"og:site_name\" content=\"Sikat\u00ed\" \/>\n<meta property=\"article:publisher\" content=\"https:\/\/www.facebook.com\/Arts.Decoration.Style\" \/>\n<meta property=\"article:modified_time\" content=\"2026-03-21T17:37:23+00:00\" \/>\n<meta property=\"og:image\" content=\"https:\/\/www.sikati.de\/wp-content\/uploads\/2025\/09\/Photoroom-20250923_125829_1.png\" \/>\n\t<meta property=\"og:image:width\" content=\"1706\" \/>\n\t<meta property=\"og:image:height\" content=\"2560\" \/>\n\t<meta property=\"og:image:type\" content=\"image\/png\" \/>\n<meta name=\"twitter:card\" content=\"summary_large_image\" \/>\n<meta name=\"twitter:label1\" content=\"Dur\u00e9e de lecture estim\u00e9e\" \/>\n\t<meta name=\"twitter:data1\" content=\"1 minute\" \/>\n<script type=\"application\/ld+json\" class=\"yoast-schema-graph\">{\"@context\":\"https:\\\/\\\/schema.org\",\"@graph\":[{\"@type\":\"WebPage\",\"@id\":\"https:\\\/\\\/www.sikati.de\\\/produkt\\\/zweiteiler-in-schwarz-weiss-mit-xoxo-print\\\/\",\"url\":\"https:\\\/\\\/www.sikati.de\\\/produkt\\\/zweiteiler-in-schwarz-weiss-mit-xoxo-print\\\/\",\"name\":\"Zweiteiler in Schwarz-Wei\u00df mit XOXO-Print - Sikat\u00ed\",\"isPartOf\":{\"@id\":\"https:\\\/\\\/www.sikati.de\\\/#website\"},\"primaryImageOfPage\":{\"@id\":\"https:\\\/\\\/www.sikati.de\\\/produkt\\\/zweiteiler-in-schwarz-weiss-mit-xoxo-print\\\/#primaryimage\"},\"image\":{\"@id\":\"https:\\\/\\\/www.sikati.de\\\/produkt\\\/zweiteiler-in-schwarz-weiss-mit-xoxo-print\\\/#primaryimage\"},\"thumbnailUrl\":\"https:\\\/\\\/www.sikati.de\\\/wp-content\\\/uploads\\\/2025\\\/09\\\/Photoroom-20250923_125829_1.png\",\"datePublished\":\"2025-09-25T22:17:42+00:00\",\"dateModified\":\"2026-03-21T17:37:23+00:00\",\"description\":\"%\",\"breadcrumb\":{\"@id\":\"https:\\\/\\\/www.sikati.de\\\/produkt\\\/zweiteiler-in-schwarz-weiss-mit-xoxo-print\\\/#breadcrumb\"},\"inLanguage\":\"fr-FR\",\"potentialAction\":[{\"@type\":\"ReadAction\",\"target\":[\"https:\\\/\\\/www.sikati.de\\\/produkt\\\/zweiteiler-in-schwarz-weiss-mit-xoxo-print\\\/\"]}]},{\"@type\":\"ImageObject\",\"inLanguage\":\"fr-FR\",\"@id\":\"https:\\\/\\\/www.sikati.de\\\/produkt\\\/zweiteiler-in-schwarz-weiss-mit-xoxo-print\\\/#primaryimage\",\"url\":\"https:\\\/\\\/www.sikati.de\\\/wp-content\\\/uploads\\\/2025\\\/09\\\/Photoroom-20250923_125829_1.png\",\"contentUrl\":\"https:\\\/\\\/www.sikati.de\\\/wp-content\\\/uploads\\\/2025\\\/09\\\/Photoroom-20250923_125829_1.png\",\"width\":1706,\"height\":2560},{\"@type\":\"BreadcrumbList\",\"@id\":\"https:\\\/\\\/www.sikati.de\\\/produkt\\\/zweiteiler-in-schwarz-weiss-mit-xoxo-print\\\/#breadcrumb\",\"itemListElement\":[{\"@type\":\"ListItem\",\"position\":1,\"name\":\"Startseite\",\"item\":\"https:\\\/\\\/www.sikati.de\\\/\"},{\"@type\":\"ListItem\",\"position\":2,\"name\":\"Produkte\",\"item\":\"https:\\\/\\\/www.sikati.de\\\/shop\\\/\"},{\"@type\":\"ListItem\",\"position\":3,\"name\":\"Zweiteiler in Schwarz-Wei\u00df mit XOXO-Print\"}]},{\"@type\":\"WebSite\",\"@id\":\"https:\\\/\\\/www.sikati.de\\\/#website\",\"url\":\"https:\\\/\\\/www.sikati.de\\\/\",\"name\":\"Sikat\u00ed\",\"description\":\"Afro Contemporary Fashion &amp; Living\",\"publisher\":{\"@id\":\"https:\\\/\\\/www.sikati.de\\\/#organization\"},\"potentialAction\":[{\"@type\":\"SearchAction\",\"target\":{\"@type\":\"EntryPoint\",\"urlTemplate\":\"https:\\\/\\\/www.sikati.de\\\/?s={search_term_string}\"},\"query-input\":{\"@type\":\"PropertyValueSpecification\",\"valueRequired\":true,\"valueName\":\"search_term_string\"}}],\"inLanguage\":\"fr-FR\"},{\"@type\":\"Organization\",\"@id\":\"https:\\\/\\\/www.sikati.de\\\/#organization\",\"name\":\"Sikat\u00ed\",\"url\":\"https:\\\/\\\/www.sikati.de\\\/\",\"logo\":{\"@type\":\"ImageObject\",\"inLanguage\":\"fr-FR\",\"@id\":\"https:\\\/\\\/www.sikati.de\\\/#\\\/schema\\\/logo\\\/image\\\/\",\"url\":\"https:\\\/\\\/www.sikati.de\\\/wp-content\\\/uploads\\\/2019\\\/03\\\/cropped-cropped-sikati-logo.png\",\"contentUrl\":\"https:\\\/\\\/www.sikati.de\\\/wp-content\\\/uploads\\\/2019\\\/03\\\/cropped-cropped-sikati-logo.png\",\"width\":500,\"height\":201,\"caption\":\"Sikat\u00ed\"},\"image\":{\"@id\":\"https:\\\/\\\/www.sikati.de\\\/#\\\/schema\\\/logo\\\/image\\\/\"},\"sameAs\":[\"https:\\\/\\\/www.facebook.com\\\/Arts.Decoration.Style\",\"https:\\\/\\\/www.instagram.com\\\/sikati_arts\\\/\",\"https:\\\/\\\/www.tiktok.com\\\/@sikati_arts\"]}]}<\/script>\n<!-- \/ Yoast SEO plugin. -->","yoast_head_json":{"title":"Zweiteiler in Schwarz-Wei\u00df mit XOXO-Print - Sikat\u00ed","description":"%","robots":{"index":"index","follow":"follow","max-snippet":"max-snippet:-1","max-image-preview":"max-image-preview:large","max-video-preview":"max-video-preview:-1"},"canonical":"https:\/\/www.sikati.de\/fr\/produit\/zweiteiler-in-schwarz-weiss-mit-xoxo-print\/","og_locale":"fr_FR","og_type":"article","og_title":"Zweiteiler in Schwarz-Wei\u00df mit XOXO-Print - Sikat\u00ed","og_description":"%","og_url":"https:\/\/www.sikati.de\/fr\/produit\/zweiteiler-in-schwarz-weiss-mit-xoxo-print\/","og_site_name":"Sikat\u00ed","article_publisher":"https:\/\/www.facebook.com\/Arts.Decoration.Style","article_modified_time":"2026-03-21T17:37:23+00:00","og_image":[{"width":1706,"height":2560,"url":"https:\/\/www.sikati.de\/wp-content\/uploads\/2025\/09\/Photoroom-20250923_125829_1.png","type":"image\/png"}],"twitter_card":"summary_large_image","twitter_misc":{"Dur\u00e9e de lecture estim\u00e9e":"1 minute"},"schema":{"@context":"https:\/\/schema.org","@graph":[{"@type":"WebPage","@id":"https:\/\/www.sikati.de\/produkt\/zweiteiler-in-schwarz-weiss-mit-xoxo-print\/","url":"https:\/\/www.sikati.de\/produkt\/zweiteiler-in-schwarz-weiss-mit-xoxo-print\/","name":"Zweiteiler in Schwarz-Wei\u00df mit XOXO-Print - Sikat\u00ed","isPartOf":{"@id":"https:\/\/www.sikati.de\/#website"},"primaryImageOfPage":{"@id":"https:\/\/www.sikati.de\/produkt\/zweiteiler-in-schwarz-weiss-mit-xoxo-print\/#primaryimage"},"image":{"@id":"https:\/\/www.sikati.de\/produkt\/zweiteiler-in-schwarz-weiss-mit-xoxo-print\/#primaryimage"},"thumbnailUrl":"https:\/\/www.sikati.de\/wp-content\/uploads\/2025\/09\/Photoroom-20250923_125829_1.png","datePublished":"2025-09-25T22:17:42+00:00","dateModified":"2026-03-21T17:37:23+00:00","description":"%","breadcrumb":{"@id":"https:\/\/www.sikati.de\/produkt\/zweiteiler-in-schwarz-weiss-mit-xoxo-print\/#breadcrumb"},"inLanguage":"fr-FR","potentialAction":[{"@type":"ReadAction","target":["https:\/\/www.sikati.de\/produkt\/zweiteiler-in-schwarz-weiss-mit-xoxo-print\/"]}]},{"@type":"ImageObject","inLanguage":"fr-FR","@id":"https:\/\/www.sikati.de\/produkt\/zweiteiler-in-schwarz-weiss-mit-xoxo-print\/#primaryimage","url":"https:\/\/www.sikati.de\/wp-content\/uploads\/2025\/09\/Photoroom-20250923_125829_1.png","contentUrl":"https:\/\/www.sikati.de\/wp-content\/uploads\/2025\/09\/Photoroom-20250923_125829_1.png","width":1706,"height":2560},{"@type":"BreadcrumbList","@id":"https:\/\/www.sikati.de\/produkt\/zweiteiler-in-schwarz-weiss-mit-xoxo-print\/#breadcrumb","itemListElement":[{"@type":"ListItem","position":1,"name":"Startseite","item":"https:\/\/www.sikati.de\/"},{"@type":"ListItem","position":2,"name":"Produkte","item":"https:\/\/www.sikati.de\/shop\/"},{"@type":"ListItem","position":3,"name":"Zweiteiler in Schwarz-Wei\u00df mit XOXO-Print"}]},{"@type":"WebSite","@id":"https:\/\/www.sikati.de\/#website","url":"https:\/\/www.sikati.de\/","name":"Sika\u00ed","description":"Afro Contemporary Fashion &amp; Living","publisher":{"@id":"https:\/\/www.sikati.de\/#organization"},"potentialAction":[{"@type":"SearchAction","target":{"@type":"EntryPoint","urlTemplate":"https:\/\/www.sikati.de\/?s={search_term_string}"},"query-input":{"@type":"PropertyValueSpecification","valueRequired":true,"valueName":"search_term_string"}}],"inLanguage":"fr-FR"},{"@type":"Organization","@id":"https:\/\/www.sikati.de\/#organization","name":"Sika\u00ed","url":"https:\/\/www.sikati.de\/","logo":{"@type":"ImageObject","inLanguage":"fr-FR","@id":"https:\/\/www.sikati.de\/#\/schema\/logo\/image\/","url":"https:\/\/www.sikati.de\/wp-content\/uploads\/2019\/03\/cropped-cropped-sikati-logo.png","contentUrl":"https:\/\/www.sikati.de\/wp-content\/uploads\/2019\/03\/cropped-cropped-sikati-logo.png","width":500,"height":201,"caption":"Sikat\u00ed"},"image":{"@id":"https:\/\/www.sikati.de\/#\/schema\/logo\/image\/"},"sameAs":["https:\/\/www.facebook.com\/Arts.Decoration.Style","https:\/\/www.instagram.com\/sikati_arts\/","https:\/\/www.tiktok.com\/@sikati_arts"]}]}},"_links":{"self":[{"href":"https:\/\/www.sikati.de\/fr\/wp-json\/wp\/v2\/product\/13473","targetHints":{"allow":["GET"]}}],"collection":[{"href":"https:\/\/www.sikati.de\/fr\/wp-json\/wp\/v2\/product"}],"about":[{"href":"https:\/\/www.sikati.de\/fr\/wp-json\/wp\/v2\/types\/product"}],"wp:featuredmedia":[{"embeddable":true,"href":"https:\/\/www.sikati.de\/fr\/wp-json\/wp\/v2\/media\/13309"}],"wp:attachment":[{"href":"https:\/\/www.sikati.de\/fr\/wp-json\/wp\/v2\/media?parent=13473"}],"wp:term":[{"taxonomy":"product_brand","embeddable":true,"href":"https:\/\/www.sikati.de\/fr\/wp-json\/wp\/v2\/product_brand?post=13473"},{"taxonomy":"product_cat","embeddable":true,"href":"https:\/\/www.sikati.de\/fr\/wp-json\/wp\/v2\/product_cat?post=13473"},{"taxonomy":"product_tag","embeddable":true,"href":"https:\/\/www.sikati.de\/fr\/wp-json\/wp\/v2\/product_tag?post=13473"}],"curies":[{"name":"wp","href":"https:\/\/api.w.org\/{rel}","templated":true}]}}