{"id":13477,"date":"2025-09-26T00:33:28","date_gmt":"2025-09-25T22:33:28","guid":{"rendered":"https:\/\/www.sikati.de\/?post_type=product&#038;p=13477"},"modified":"2026-03-21T18:56:51","modified_gmt":"2026-03-21T17:56:51","slug":"zweiteiler-in-schwarz-weiss-mit-grafischem-muster","status":"publish","type":"product","link":"https:\/\/www.sikati.de\/fr\/produit\/zweiteiler-in-schwarz-weiss-mit-grafischem-muster\/","title":{"rendered":"Costume deux pi\u00e8ces noir et blanc \u00e0 motif graphique"},"content":{"rendered":"<p data-start=\"165\" data-end=\"626\">Un ensemble deux pi\u00e8ces moderne compos\u00e9 d&#039;un haut \u00e0 la coupe d\u00e9contract\u00e9e et aux manches mi-longues et d&#039;un pantalon assorti, orn\u00e9 d&#039;un imprim\u00e9 noir et blanc saisissant. Sa coupe ample assure une grande libert\u00e9 de mouvement et un confort optimal. Fabriqu\u00e9 \u00e0 partir de <strong data-start=\"415\" data-end=\"433\">Coton 100%<\/strong>, Cet ensemble respirant est parfait au quotidien\u00a0: id\u00e9al pour les loisirs, les \u00e9v\u00e9nements ou les douces journ\u00e9es d\u2019\u00e9t\u00e9. Le pantalon est dot\u00e9 d\u2019une taille \u00e9lastiqu\u00e9e et de poches lat\u00e9rales pratiques.<\/p>\n<ul data-start=\"628\" data-end=\"1031\">\n<li data-start=\"628\" data-end=\"655\">\n<p data-start=\"630\" data-end=\"655\"><strong data-start=\"630\" data-end=\"640\">Couleur:<\/strong> Noir et blanc<\/p>\n<\/li>\n<li data-start=\"656\" data-end=\"688\">\n<p data-start=\"658\" data-end=\"688\"><strong data-start=\"658\" data-end=\"671\">Mat\u00e9riel:<\/strong> Coton 100%<\/p>\n<\/li>\n<li data-start=\"689\" data-end=\"760\">\n<p data-start=\"691\" data-end=\"760\"><strong data-start=\"691\" data-end=\"704\">Ajuster:<\/strong> Pantalon ample avec taille \u00e9lastiqu\u00e9e et poches lat\u00e9rales<\/p>\n<\/li>\n<li data-start=\"761\" data-end=\"831\">\n<p data-start=\"763\" data-end=\"831\"><strong data-start=\"763\" data-end=\"775\">D\u00e9tails:<\/strong> Motif graphique, l\u00e9ger et confortable, manches mi-longues.<\/p>\n<\/li>\n<li data-start=\"832\" data-end=\"920\">\n<p data-start=\"834\" data-end=\"920\"><strong data-start=\"834\" data-end=\"852\">Conseils d&#039;entretien\u00a0:<\/strong> Lavage d\u00e9licat \u00e0 30 \u00b0C, laver \u00e0 l&#039;envers, ne pas utiliser d&#039;eau de Javel, repasser mod\u00e9r\u00e9ment.<\/p>\n<\/li>\n<li data-start=\"832\" data-end=\"920\">Le pantalon est <strong data-start=\"589\" data-end=\"613\">bien coup\u00e9 long<\/strong>, Le haut a une coupe ample et offre une grande libert\u00e9 de mouvement. Les deux pi\u00e8ces peuvent \u00e9galement \u00eatre port\u00e9es s\u00e9par\u00e9ment et combin\u00e9es de multiples fa\u00e7ons.<\/li>\n<\/ul>","protected":false},"excerpt":{"rendered":"<p>Costume deux pi\u00e8ces l\u00e9ger en coton 100% \u00e0 motif graphique noir et blanc. Coupe d\u00e9contract\u00e9e, pantalon \u00e0 poches lat\u00e9rales.<\/p>\n<p>Pas de facture de TVA, en tant que petite entreprise selon l&#039;article 19 (1) de la loi allemande sur la TVA (UStG).<\/p>","protected":false},"featured_media":13311,"template":"","meta":{"_acf_changed":false},"product_brand":[],"product_cat":[871,2150,1456,163],"product_tag":[2060,2063,2064,2008,2058],"class_list":{"0":"post-13477","1":"product","2":"type-product","3":"status-publish","4":"has-post-thumbnail","6":"product_cat-damen-mode","7":"product_cat-prints","8":"product_cat-sets-damen-mode","9":"product_cat-sikati-designs","10":"product_tag-baumwolle-zweiteiler-damen","11":"product_tag-damen-outfit-set-baumwolle","12":"product_tag-hose-und-oberteil-schwarz-weiss","13":"product_tag-sommer-set-damen","14":"product_tag-zweiteiler-damen-schwarz-weiss","16":"first","17":"instock","18":"sale","19":"shipping-taxable","20":"purchasable","21":"product-type-variable"},"acf":[],"yoast_head":"<!-- This site is optimized with the Yoast SEO plugin v27.4 - https:\/\/yoast.com\/product\/yoast-seo-wordpress\/ -->\n<title>Zweiteiler in Schwarz-Wei\u00df mit grafischem Muster - Sikat\u00ed<\/title>\n<meta name=\"description\" content=\"%\" \/>\n<meta name=\"robots\" content=\"index, follow, max-snippet:-1, max-image-preview:large, max-video-preview:-1\" \/>\n<link rel=\"canonical\" href=\"https:\/\/www.sikati.de\/fr\/produit\/zweiteiler-in-schwarz-weiss-mit-grafischem-muster\/\" \/>\n<meta property=\"og:locale\" content=\"fr_FR\" \/>\n<meta property=\"og:type\" content=\"article\" \/>\n<meta property=\"og:title\" content=\"Zweiteiler in Schwarz-Wei\u00df mit grafischem Muster - Sikat\u00ed\" \/>\n<meta property=\"og:description\" content=\"%\" \/>\n<meta property=\"og:url\" content=\"https:\/\/www.sikati.de\/fr\/produit\/zweiteiler-in-schwarz-weiss-mit-grafischem-muster\/\" \/>\n<meta property=\"og:site_name\" content=\"Sikat\u00ed\" \/>\n<meta property=\"article:publisher\" content=\"https:\/\/www.facebook.com\/Arts.Decoration.Style\" \/>\n<meta property=\"article:modified_time\" content=\"2026-03-21T17:56:51+00:00\" \/>\n<meta property=\"og:image\" content=\"https:\/\/www.sikati.de\/wp-content\/uploads\/2025\/09\/Photoroom-20250923_125830_3-682x1024.png\" \/>\n\t<meta property=\"og:image:width\" content=\"682\" \/>\n\t<meta property=\"og:image:height\" content=\"1024\" \/>\n\t<meta property=\"og:image:type\" content=\"image\/png\" \/>\n<meta name=\"twitter:card\" content=\"summary_large_image\" \/>\n<meta name=\"twitter:label1\" content=\"Dur\u00e9e de lecture estim\u00e9e\" \/>\n\t<meta name=\"twitter:data1\" content=\"1 minute\" \/>\n<script type=\"application\/ld+json\" class=\"yoast-schema-graph\">{\"@context\":\"https:\\\/\\\/schema.org\",\"@graph\":[{\"@type\":\"WebPage\",\"@id\":\"https:\\\/\\\/www.sikati.de\\\/produkt\\\/zweiteiler-in-schwarz-weiss-mit-grafischem-muster\\\/\",\"url\":\"https:\\\/\\\/www.sikati.de\\\/produkt\\\/zweiteiler-in-schwarz-weiss-mit-grafischem-muster\\\/\",\"name\":\"Zweiteiler in Schwarz-Wei\u00df mit grafischem Muster - Sikat\u00ed\",\"isPartOf\":{\"@id\":\"https:\\\/\\\/www.sikati.de\\\/#website\"},\"primaryImageOfPage\":{\"@id\":\"https:\\\/\\\/www.sikati.de\\\/produkt\\\/zweiteiler-in-schwarz-weiss-mit-grafischem-muster\\\/#primaryimage\"},\"image\":{\"@id\":\"https:\\\/\\\/www.sikati.de\\\/produkt\\\/zweiteiler-in-schwarz-weiss-mit-grafischem-muster\\\/#primaryimage\"},\"thumbnailUrl\":\"https:\\\/\\\/www.sikati.de\\\/wp-content\\\/uploads\\\/2025\\\/09\\\/Photoroom-20250923_125830_3.png\",\"datePublished\":\"2025-09-25T22:33:28+00:00\",\"dateModified\":\"2026-03-21T17:56:51+00:00\",\"description\":\"%\",\"breadcrumb\":{\"@id\":\"https:\\\/\\\/www.sikati.de\\\/produkt\\\/zweiteiler-in-schwarz-weiss-mit-grafischem-muster\\\/#breadcrumb\"},\"inLanguage\":\"fr-FR\",\"potentialAction\":[{\"@type\":\"ReadAction\",\"target\":[\"https:\\\/\\\/www.sikati.de\\\/produkt\\\/zweiteiler-in-schwarz-weiss-mit-grafischem-muster\\\/\"]}]},{\"@type\":\"ImageObject\",\"inLanguage\":\"fr-FR\",\"@id\":\"https:\\\/\\\/www.sikati.de\\\/produkt\\\/zweiteiler-in-schwarz-weiss-mit-grafischem-muster\\\/#primaryimage\",\"url\":\"https:\\\/\\\/www.sikati.de\\\/wp-content\\\/uploads\\\/2025\\\/09\\\/Photoroom-20250923_125830_3.png\",\"contentUrl\":\"https:\\\/\\\/www.sikati.de\\\/wp-content\\\/uploads\\\/2025\\\/09\\\/Photoroom-20250923_125830_3.png\",\"width\":1706,\"height\":2560},{\"@type\":\"BreadcrumbList\",\"@id\":\"https:\\\/\\\/www.sikati.de\\\/produkt\\\/zweiteiler-in-schwarz-weiss-mit-grafischem-muster\\\/#breadcrumb\",\"itemListElement\":[{\"@type\":\"ListItem\",\"position\":1,\"name\":\"Startseite\",\"item\":\"https:\\\/\\\/www.sikati.de\\\/\"},{\"@type\":\"ListItem\",\"position\":2,\"name\":\"Produkte\",\"item\":\"https:\\\/\\\/www.sikati.de\\\/shop\\\/\"},{\"@type\":\"ListItem\",\"position\":3,\"name\":\"Zweiteiler in Schwarz-Wei\u00df mit grafischem Muster\"}]},{\"@type\":\"WebSite\",\"@id\":\"https:\\\/\\\/www.sikati.de\\\/#website\",\"url\":\"https:\\\/\\\/www.sikati.de\\\/\",\"name\":\"Sikat\u00ed\",\"description\":\"Afro Contemporary Fashion &amp; Living\",\"publisher\":{\"@id\":\"https:\\\/\\\/www.sikati.de\\\/#organization\"},\"potentialAction\":[{\"@type\":\"SearchAction\",\"target\":{\"@type\":\"EntryPoint\",\"urlTemplate\":\"https:\\\/\\\/www.sikati.de\\\/?s={search_term_string}\"},\"query-input\":{\"@type\":\"PropertyValueSpecification\",\"valueRequired\":true,\"valueName\":\"search_term_string\"}}],\"inLanguage\":\"fr-FR\"},{\"@type\":\"Organization\",\"@id\":\"https:\\\/\\\/www.sikati.de\\\/#organization\",\"name\":\"Sikat\u00ed\",\"url\":\"https:\\\/\\\/www.sikati.de\\\/\",\"logo\":{\"@type\":\"ImageObject\",\"inLanguage\":\"fr-FR\",\"@id\":\"https:\\\/\\\/www.sikati.de\\\/#\\\/schema\\\/logo\\\/image\\\/\",\"url\":\"https:\\\/\\\/www.sikati.de\\\/wp-content\\\/uploads\\\/2019\\\/03\\\/cropped-cropped-sikati-logo.png\",\"contentUrl\":\"https:\\\/\\\/www.sikati.de\\\/wp-content\\\/uploads\\\/2019\\\/03\\\/cropped-cropped-sikati-logo.png\",\"width\":500,\"height\":201,\"caption\":\"Sikat\u00ed\"},\"image\":{\"@id\":\"https:\\\/\\\/www.sikati.de\\\/#\\\/schema\\\/logo\\\/image\\\/\"},\"sameAs\":[\"https:\\\/\\\/www.facebook.com\\\/Arts.Decoration.Style\",\"https:\\\/\\\/www.instagram.com\\\/sikati_arts\\\/\",\"https:\\\/\\\/www.tiktok.com\\\/@sikati_arts\"]}]}<\/script>\n<!-- \/ Yoast SEO plugin. -->","yoast_head_json":{"title":"Zweiteiler in Schwarz-Wei\u00df mit grafischem Muster - Sikat\u00ed","description":"%","robots":{"index":"index","follow":"follow","max-snippet":"max-snippet:-1","max-image-preview":"max-image-preview:large","max-video-preview":"max-video-preview:-1"},"canonical":"https:\/\/www.sikati.de\/fr\/produit\/zweiteiler-in-schwarz-weiss-mit-grafischem-muster\/","og_locale":"fr_FR","og_type":"article","og_title":"Zweiteiler in Schwarz-Wei\u00df mit grafischem Muster - Sikat\u00ed","og_description":"%","og_url":"https:\/\/www.sikati.de\/fr\/produit\/zweiteiler-in-schwarz-weiss-mit-grafischem-muster\/","og_site_name":"Sikat\u00ed","article_publisher":"https:\/\/www.facebook.com\/Arts.Decoration.Style","article_modified_time":"2026-03-21T17:56:51+00:00","og_image":[{"width":682,"height":1024,"url":"https:\/\/www.sikati.de\/wp-content\/uploads\/2025\/09\/Photoroom-20250923_125830_3-682x1024.png","type":"image\/png"}],"twitter_card":"summary_large_image","twitter_misc":{"Dur\u00e9e de lecture estim\u00e9e":"1 minute"},"schema":{"@context":"https:\/\/schema.org","@graph":[{"@type":"WebPage","@id":"https:\/\/www.sikati.de\/produkt\/zweiteiler-in-schwarz-weiss-mit-grafischem-muster\/","url":"https:\/\/www.sikati.de\/produkt\/zweiteiler-in-schwarz-weiss-mit-grafischem-muster\/","name":"Zweiteiler in Schwarz-Wei\u00df mit grafischem Muster - Sikat\u00ed","isPartOf":{"@id":"https:\/\/www.sikati.de\/#website"},"primaryImageOfPage":{"@id":"https:\/\/www.sikati.de\/produkt\/zweiteiler-in-schwarz-weiss-mit-grafischem-muster\/#primaryimage"},"image":{"@id":"https:\/\/www.sikati.de\/produkt\/zweiteiler-in-schwarz-weiss-mit-grafischem-muster\/#primaryimage"},"thumbnailUrl":"https:\/\/www.sikati.de\/wp-content\/uploads\/2025\/09\/Photoroom-20250923_125830_3.png","datePublished":"2025-09-25T22:33:28+00:00","dateModified":"2026-03-21T17:56:51+00:00","description":"%","breadcrumb":{"@id":"https:\/\/www.sikati.de\/produkt\/zweiteiler-in-schwarz-weiss-mit-grafischem-muster\/#breadcrumb"},"inLanguage":"fr-FR","potentialAction":[{"@type":"ReadAction","target":["https:\/\/www.sikati.de\/produkt\/zweiteiler-in-schwarz-weiss-mit-grafischem-muster\/"]}]},{"@type":"ImageObject","inLanguage":"fr-FR","@id":"https:\/\/www.sikati.de\/produkt\/zweiteiler-in-schwarz-weiss-mit-grafischem-muster\/#primaryimage","url":"https:\/\/www.sikati.de\/wp-content\/uploads\/2025\/09\/Photoroom-20250923_125830_3.png","contentUrl":"https:\/\/www.sikati.de\/wp-content\/uploads\/2025\/09\/Photoroom-20250923_125830_3.png","width":1706,"height":2560},{"@type":"BreadcrumbList","@id":"https:\/\/www.sikati.de\/produkt\/zweiteiler-in-schwarz-weiss-mit-grafischem-muster\/#breadcrumb","itemListElement":[{"@type":"ListItem","position":1,"name":"Startseite","item":"https:\/\/www.sikati.de\/"},{"@type":"ListItem","position":2,"name":"Produkte","item":"https:\/\/www.sikati.de\/shop\/"},{"@type":"ListItem","position":3,"name":"Zweiteiler in Schwarz-Wei\u00df mit grafischem Muster"}]},{"@type":"WebSite","@id":"https:\/\/www.sikati.de\/#website","url":"https:\/\/www.sikati.de\/","name":"Sika\u00ed","description":"Afro Contemporary Fashion &amp; Living","publisher":{"@id":"https:\/\/www.sikati.de\/#organization"},"potentialAction":[{"@type":"SearchAction","target":{"@type":"EntryPoint","urlTemplate":"https:\/\/www.sikati.de\/?s={search_term_string}"},"query-input":{"@type":"PropertyValueSpecification","valueRequired":true,"valueName":"search_term_string"}}],"inLanguage":"fr-FR"},{"@type":"Organization","@id":"https:\/\/www.sikati.de\/#organization","name":"Sika\u00ed","url":"https:\/\/www.sikati.de\/","logo":{"@type":"ImageObject","inLanguage":"fr-FR","@id":"https:\/\/www.sikati.de\/#\/schema\/logo\/image\/","url":"https:\/\/www.sikati.de\/wp-content\/uploads\/2019\/03\/cropped-cropped-sikati-logo.png","contentUrl":"https:\/\/www.sikati.de\/wp-content\/uploads\/2019\/03\/cropped-cropped-sikati-logo.png","width":500,"height":201,"caption":"Sikat\u00ed"},"image":{"@id":"https:\/\/www.sikati.de\/#\/schema\/logo\/image\/"},"sameAs":["https:\/\/www.facebook.com\/Arts.Decoration.Style","https:\/\/www.instagram.com\/sikati_arts\/","https:\/\/www.tiktok.com\/@sikati_arts"]}]}},"_links":{"self":[{"href":"https:\/\/www.sikati.de\/fr\/wp-json\/wp\/v2\/product\/13477","targetHints":{"allow":["GET"]}}],"collection":[{"href":"https:\/\/www.sikati.de\/fr\/wp-json\/wp\/v2\/product"}],"about":[{"href":"https:\/\/www.sikati.de\/fr\/wp-json\/wp\/v2\/types\/product"}],"wp:featuredmedia":[{"embeddable":true,"href":"https:\/\/www.sikati.de\/fr\/wp-json\/wp\/v2\/media\/13311"}],"wp:attachment":[{"href":"https:\/\/www.sikati.de\/fr\/wp-json\/wp\/v2\/media?parent=13477"}],"wp:term":[{"taxonomy":"product_brand","embeddable":true,"href":"https:\/\/www.sikati.de\/fr\/wp-json\/wp\/v2\/product_brand?post=13477"},{"taxonomy":"product_cat","embeddable":true,"href":"https:\/\/www.sikati.de\/fr\/wp-json\/wp\/v2\/product_cat?post=13477"},{"taxonomy":"product_tag","embeddable":true,"href":"https:\/\/www.sikati.de\/fr\/wp-json\/wp\/v2\/product_tag?post=13477"}],"curies":[{"name":"wp","href":"https:\/\/api.w.org\/{rel}","templated":true}]}}