{"id":13482,"date":"2025-09-26T01:17:44","date_gmt":"2025-09-25T23:17:44","guid":{"rendered":"https:\/\/www.sikati.de\/?post_type=product&#038;p=13482"},"modified":"2026-03-21T18:54:43","modified_gmt":"2026-03-21T17:54:43","slug":"kimono-minirock-set-in-schwarz-weiss-muster","status":"publish","type":"product","link":"https:\/\/www.sikati.de\/fr\/produit\/kimono-minirock-set-in-schwarz-weiss-muster\/","title":{"rendered":"Ensemble kimono et mini-jupe \u00e0 motifs noirs et blancs"},"content":{"rendered":"<p data-start=\"171\" data-end=\"607\">Ensemble \u00e9l\u00e9gant compos\u00e9 de <strong data-start=\"230\" data-end=\"247\">kimono long<\/strong> et <strong data-start=\"252\" data-end=\"264\">mini jupe<\/strong> dans un motif noir et blanc saisissant. Fabriqu\u00e9 \u00e0 partir de <strong data-start=\"315\" data-end=\"333\">Coton 100%<\/strong>, Il offre un confort optimal et est parfait pour le quotidien, les sorties ou les occasions sp\u00e9ciales. Le kimono poss\u00e8de un drap\u00e9 ample et long, tandis que la mini-jupe met \u00e9l\u00e9gamment la silhouette en valeur. Pratique <strong data-start=\"533\" data-end=\"562\">poches lat\u00e9rales sur le kimono<\/strong> rendre l&#039;ensemble adapt\u00e9 \u00e0 un usage quotidien et confortable.<\/p>\n<ul data-start=\"609\" data-end=\"1031\">\n<li data-start=\"609\" data-end=\"636\">\n<p data-start=\"611\" data-end=\"636\"><strong data-start=\"611\" data-end=\"621\">Couleur:<\/strong> Noir et blanc<\/p>\n<\/li>\n<li data-start=\"637\" data-end=\"669\">\n<p data-start=\"639\" data-end=\"669\"><strong data-start=\"639\" data-end=\"652\">Mat\u00e9riel:<\/strong> Coton 100%<\/p>\n<\/li>\n<li data-start=\"670\" data-end=\"746\">\n<p data-start=\"672\" data-end=\"746\"><strong data-start=\"672\" data-end=\"685\">Ajuster:<\/strong> Kimono ample et long, jupe ajust\u00e9e, taille \u00e9lastiqu\u00e9e<\/p>\n<\/li>\n<li data-start=\"747\" data-end=\"843\">\n<p data-start=\"749\" data-end=\"843\"><strong data-start=\"749\" data-end=\"761\">D\u00e9tails:<\/strong> L\u00e9ger et a\u00e9rien, il peut \u00eatre port\u00e9 en ensemble ou s\u00e9par\u00e9ment, avec des poches lat\u00e9rales sur le kimono.<\/p>\n<\/li>\n<li data-start=\"844\" data-end=\"932\">\n<p data-start=\"846\" data-end=\"932\"><strong data-start=\"846\" data-end=\"864\">Conseils d&#039;entretien\u00a0:<\/strong> Lavage d\u00e9licat \u00e0 30 \u00b0C, laver \u00e0 l&#039;envers, ne pas utiliser d&#039;eau de Javel, repasser mod\u00e9r\u00e9ment.<\/p>\n<\/li>\n<\/ul>","protected":false},"excerpt":{"rendered":"<p data-start=\"1033\" data-end=\"1271\">Ensemble noir et blanc en coton 100%, compos\u00e9 d&#039;un kimono et d&#039;une minijupe. D\u00e9contract\u00e9, \u00e9l\u00e9gant et polyvalent. Le kimono est dot\u00e9 de poches lat\u00e9rales.<\/p>\n<p data-start=\"1033\" data-end=\"1271\">Pas de facture de TVA, en tant que petite entreprise selon l&#039;article 19 (1) de la loi allemande sur la TVA (UStG).<\/p>\n<p data-start=\"1273\" data-end=\"1407\">","protected":false},"featured_media":13308,"template":"","meta":{"_acf_changed":false},"product_brand":[],"product_cat":[871,2150,1456,163],"product_tag":[2068,2066,2065,2067,2008],"class_list":{"0":"post-13482","1":"product","2":"type-product","3":"status-publish","4":"has-post-thumbnail","6":"product_cat-damen-mode","7":"product_cat-prints","8":"product_cat-sets-damen-mode","9":"product_cat-sikati-designs","10":"product_tag-baumwoll-set-schwarz-weiss","11":"product_tag-kimono-mit-rock","12":"product_tag-kimono-set-damen","13":"product_tag-minirock-set-damen","14":"product_tag-sommer-set-damen","16":"first","17":"instock","18":"sale","19":"shipping-taxable","20":"purchasable","21":"product-type-variable"},"acf":[],"yoast_head":"<!-- This site is optimized with the Yoast SEO plugin v27.4 - https:\/\/yoast.com\/product\/yoast-seo-wordpress\/ -->\n<title>Kimono &amp; Minirock Set in Schwarz-Wei\u00df Muster - Sikat\u00ed<\/title>\n<meta name=\"description\" content=\"%\" \/>\n<meta name=\"robots\" content=\"index, follow, max-snippet:-1, max-image-preview:large, max-video-preview:-1\" \/>\n<link rel=\"canonical\" href=\"https:\/\/www.sikati.de\/fr\/produit\/kimono-minirock-set-in-schwarz-weiss-muster\/\" \/>\n<meta property=\"og:locale\" content=\"fr_FR\" \/>\n<meta property=\"og:type\" content=\"article\" \/>\n<meta property=\"og:title\" content=\"Kimono &amp; Minirock Set in Schwarz-Wei\u00df Muster - Sikat\u00ed\" \/>\n<meta property=\"og:description\" content=\"%\" \/>\n<meta property=\"og:url\" content=\"https:\/\/www.sikati.de\/fr\/produit\/kimono-minirock-set-in-schwarz-weiss-muster\/\" \/>\n<meta property=\"og:site_name\" content=\"Sikat\u00ed\" \/>\n<meta property=\"article:publisher\" content=\"https:\/\/www.facebook.com\/Arts.Decoration.Style\" \/>\n<meta property=\"article:modified_time\" content=\"2026-03-21T17:54:43+00:00\" \/>\n<meta property=\"og:image\" content=\"https:\/\/www.sikati.de\/wp-content\/uploads\/2025\/09\/Photoroom-20250912_172435_3.png\" \/>\n\t<meta property=\"og:image:width\" content=\"1706\" \/>\n\t<meta property=\"og:image:height\" content=\"2560\" \/>\n\t<meta property=\"og:image:type\" content=\"image\/png\" \/>\n<meta name=\"twitter:card\" content=\"summary_large_image\" \/>\n<meta name=\"twitter:label1\" content=\"Dur\u00e9e de lecture estim\u00e9e\" \/>\n\t<meta name=\"twitter:data1\" content=\"1 minute\" \/>\n<script type=\"application\/ld+json\" class=\"yoast-schema-graph\">{\"@context\":\"https:\\\/\\\/schema.org\",\"@graph\":[{\"@type\":\"WebPage\",\"@id\":\"https:\\\/\\\/www.sikati.de\\\/produkt\\\/kimono-minirock-set-in-schwarz-weiss-muster\\\/\",\"url\":\"https:\\\/\\\/www.sikati.de\\\/produkt\\\/kimono-minirock-set-in-schwarz-weiss-muster\\\/\",\"name\":\"Kimono & Minirock Set in Schwarz-Wei\u00df Muster - Sikat\u00ed\",\"isPartOf\":{\"@id\":\"https:\\\/\\\/www.sikati.de\\\/#website\"},\"primaryImageOfPage\":{\"@id\":\"https:\\\/\\\/www.sikati.de\\\/produkt\\\/kimono-minirock-set-in-schwarz-weiss-muster\\\/#primaryimage\"},\"image\":{\"@id\":\"https:\\\/\\\/www.sikati.de\\\/produkt\\\/kimono-minirock-set-in-schwarz-weiss-muster\\\/#primaryimage\"},\"thumbnailUrl\":\"https:\\\/\\\/www.sikati.de\\\/wp-content\\\/uploads\\\/2025\\\/09\\\/Photoroom-20250912_172435_3.png\",\"datePublished\":\"2025-09-25T23:17:44+00:00\",\"dateModified\":\"2026-03-21T17:54:43+00:00\",\"description\":\"%\",\"breadcrumb\":{\"@id\":\"https:\\\/\\\/www.sikati.de\\\/produkt\\\/kimono-minirock-set-in-schwarz-weiss-muster\\\/#breadcrumb\"},\"inLanguage\":\"fr-FR\",\"potentialAction\":[{\"@type\":\"ReadAction\",\"target\":[\"https:\\\/\\\/www.sikati.de\\\/produkt\\\/kimono-minirock-set-in-schwarz-weiss-muster\\\/\"]}]},{\"@type\":\"ImageObject\",\"inLanguage\":\"fr-FR\",\"@id\":\"https:\\\/\\\/www.sikati.de\\\/produkt\\\/kimono-minirock-set-in-schwarz-weiss-muster\\\/#primaryimage\",\"url\":\"https:\\\/\\\/www.sikati.de\\\/wp-content\\\/uploads\\\/2025\\\/09\\\/Photoroom-20250912_172435_3.png\",\"contentUrl\":\"https:\\\/\\\/www.sikati.de\\\/wp-content\\\/uploads\\\/2025\\\/09\\\/Photoroom-20250912_172435_3.png\",\"width\":1706,\"height\":2560},{\"@type\":\"BreadcrumbList\",\"@id\":\"https:\\\/\\\/www.sikati.de\\\/produkt\\\/kimono-minirock-set-in-schwarz-weiss-muster\\\/#breadcrumb\",\"itemListElement\":[{\"@type\":\"ListItem\",\"position\":1,\"name\":\"Startseite\",\"item\":\"https:\\\/\\\/www.sikati.de\\\/\"},{\"@type\":\"ListItem\",\"position\":2,\"name\":\"Produkte\",\"item\":\"https:\\\/\\\/www.sikati.de\\\/shop\\\/\"},{\"@type\":\"ListItem\",\"position\":3,\"name\":\"Kimono &#038; Minirock Set in Schwarz-Wei\u00df Muster\"}]},{\"@type\":\"WebSite\",\"@id\":\"https:\\\/\\\/www.sikati.de\\\/#website\",\"url\":\"https:\\\/\\\/www.sikati.de\\\/\",\"name\":\"Sikat\u00ed\",\"description\":\"Afro Contemporary Fashion &amp; Living\",\"publisher\":{\"@id\":\"https:\\\/\\\/www.sikati.de\\\/#organization\"},\"potentialAction\":[{\"@type\":\"SearchAction\",\"target\":{\"@type\":\"EntryPoint\",\"urlTemplate\":\"https:\\\/\\\/www.sikati.de\\\/?s={search_term_string}\"},\"query-input\":{\"@type\":\"PropertyValueSpecification\",\"valueRequired\":true,\"valueName\":\"search_term_string\"}}],\"inLanguage\":\"fr-FR\"},{\"@type\":\"Organization\",\"@id\":\"https:\\\/\\\/www.sikati.de\\\/#organization\",\"name\":\"Sikat\u00ed\",\"url\":\"https:\\\/\\\/www.sikati.de\\\/\",\"logo\":{\"@type\":\"ImageObject\",\"inLanguage\":\"fr-FR\",\"@id\":\"https:\\\/\\\/www.sikati.de\\\/#\\\/schema\\\/logo\\\/image\\\/\",\"url\":\"https:\\\/\\\/www.sikati.de\\\/wp-content\\\/uploads\\\/2019\\\/03\\\/cropped-cropped-sikati-logo.png\",\"contentUrl\":\"https:\\\/\\\/www.sikati.de\\\/wp-content\\\/uploads\\\/2019\\\/03\\\/cropped-cropped-sikati-logo.png\",\"width\":500,\"height\":201,\"caption\":\"Sikat\u00ed\"},\"image\":{\"@id\":\"https:\\\/\\\/www.sikati.de\\\/#\\\/schema\\\/logo\\\/image\\\/\"},\"sameAs\":[\"https:\\\/\\\/www.facebook.com\\\/Arts.Decoration.Style\",\"https:\\\/\\\/www.instagram.com\\\/sikati_arts\\\/\",\"https:\\\/\\\/www.tiktok.com\\\/@sikati_arts\"]}]}<\/script>\n<!-- \/ Yoast SEO plugin. -->","yoast_head_json":{"title":"Kimono & Minirock Set in Schwarz-Wei\u00df Muster - Sikat\u00ed","description":"%","robots":{"index":"index","follow":"follow","max-snippet":"max-snippet:-1","max-image-preview":"max-image-preview:large","max-video-preview":"max-video-preview:-1"},"canonical":"https:\/\/www.sikati.de\/fr\/produit\/kimono-minirock-set-in-schwarz-weiss-muster\/","og_locale":"fr_FR","og_type":"article","og_title":"Kimono & Minirock Set in Schwarz-Wei\u00df Muster - Sikat\u00ed","og_description":"%","og_url":"https:\/\/www.sikati.de\/fr\/produit\/kimono-minirock-set-in-schwarz-weiss-muster\/","og_site_name":"Sikat\u00ed","article_publisher":"https:\/\/www.facebook.com\/Arts.Decoration.Style","article_modified_time":"2026-03-21T17:54:43+00:00","og_image":[{"width":1706,"height":2560,"url":"https:\/\/www.sikati.de\/wp-content\/uploads\/2025\/09\/Photoroom-20250912_172435_3.png","type":"image\/png"}],"twitter_card":"summary_large_image","twitter_misc":{"Dur\u00e9e de lecture estim\u00e9e":"1 minute"},"schema":{"@context":"https:\/\/schema.org","@graph":[{"@type":"WebPage","@id":"https:\/\/www.sikati.de\/produkt\/kimono-minirock-set-in-schwarz-weiss-muster\/","url":"https:\/\/www.sikati.de\/produkt\/kimono-minirock-set-in-schwarz-weiss-muster\/","name":"Kimono & Minirock Set in Schwarz-Wei\u00df Muster - Sikat\u00ed","isPartOf":{"@id":"https:\/\/www.sikati.de\/#website"},"primaryImageOfPage":{"@id":"https:\/\/www.sikati.de\/produkt\/kimono-minirock-set-in-schwarz-weiss-muster\/#primaryimage"},"image":{"@id":"https:\/\/www.sikati.de\/produkt\/kimono-minirock-set-in-schwarz-weiss-muster\/#primaryimage"},"thumbnailUrl":"https:\/\/www.sikati.de\/wp-content\/uploads\/2025\/09\/Photoroom-20250912_172435_3.png","datePublished":"2025-09-25T23:17:44+00:00","dateModified":"2026-03-21T17:54:43+00:00","description":"%","breadcrumb":{"@id":"https:\/\/www.sikati.de\/produkt\/kimono-minirock-set-in-schwarz-weiss-muster\/#breadcrumb"},"inLanguage":"fr-FR","potentialAction":[{"@type":"ReadAction","target":["https:\/\/www.sikati.de\/produkt\/kimono-minirock-set-in-schwarz-weiss-muster\/"]}]},{"@type":"ImageObject","inLanguage":"fr-FR","@id":"https:\/\/www.sikati.de\/produkt\/kimono-minirock-set-in-schwarz-weiss-muster\/#primaryimage","url":"https:\/\/www.sikati.de\/wp-content\/uploads\/2025\/09\/Photoroom-20250912_172435_3.png","contentUrl":"https:\/\/www.sikati.de\/wp-content\/uploads\/2025\/09\/Photoroom-20250912_172435_3.png","width":1706,"height":2560},{"@type":"BreadcrumbList","@id":"https:\/\/www.sikati.de\/produkt\/kimono-minirock-set-in-schwarz-weiss-muster\/#breadcrumb","itemListElement":[{"@type":"ListItem","position":1,"name":"Startseite","item":"https:\/\/www.sikati.de\/"},{"@type":"ListItem","position":2,"name":"Produkte","item":"https:\/\/www.sikati.de\/shop\/"},{"@type":"ListItem","position":3,"name":"Kimono &#038; Minirock Set in Schwarz-Wei\u00df Muster"}]},{"@type":"WebSite","@id":"https:\/\/www.sikati.de\/#website","url":"https:\/\/www.sikati.de\/","name":"Sika\u00ed","description":"Afro Contemporary Fashion &amp; Living","publisher":{"@id":"https:\/\/www.sikati.de\/#organization"},"potentialAction":[{"@type":"SearchAction","target":{"@type":"EntryPoint","urlTemplate":"https:\/\/www.sikati.de\/?s={search_term_string}"},"query-input":{"@type":"PropertyValueSpecification","valueRequired":true,"valueName":"search_term_string"}}],"inLanguage":"fr-FR"},{"@type":"Organization","@id":"https:\/\/www.sikati.de\/#organization","name":"Sika\u00ed","url":"https:\/\/www.sikati.de\/","logo":{"@type":"ImageObject","inLanguage":"fr-FR","@id":"https:\/\/www.sikati.de\/#\/schema\/logo\/image\/","url":"https:\/\/www.sikati.de\/wp-content\/uploads\/2019\/03\/cropped-cropped-sikati-logo.png","contentUrl":"https:\/\/www.sikati.de\/wp-content\/uploads\/2019\/03\/cropped-cropped-sikati-logo.png","width":500,"height":201,"caption":"Sikat\u00ed"},"image":{"@id":"https:\/\/www.sikati.de\/#\/schema\/logo\/image\/"},"sameAs":["https:\/\/www.facebook.com\/Arts.Decoration.Style","https:\/\/www.instagram.com\/sikati_arts\/","https:\/\/www.tiktok.com\/@sikati_arts"]}]}},"_links":{"self":[{"href":"https:\/\/www.sikati.de\/fr\/wp-json\/wp\/v2\/product\/13482","targetHints":{"allow":["GET"]}}],"collection":[{"href":"https:\/\/www.sikati.de\/fr\/wp-json\/wp\/v2\/product"}],"about":[{"href":"https:\/\/www.sikati.de\/fr\/wp-json\/wp\/v2\/types\/product"}],"wp:featuredmedia":[{"embeddable":true,"href":"https:\/\/www.sikati.de\/fr\/wp-json\/wp\/v2\/media\/13308"}],"wp:attachment":[{"href":"https:\/\/www.sikati.de\/fr\/wp-json\/wp\/v2\/media?parent=13482"}],"wp:term":[{"taxonomy":"product_brand","embeddable":true,"href":"https:\/\/www.sikati.de\/fr\/wp-json\/wp\/v2\/product_brand?post=13482"},{"taxonomy":"product_cat","embeddable":true,"href":"https:\/\/www.sikati.de\/fr\/wp-json\/wp\/v2\/product_cat?post=13482"},{"taxonomy":"product_tag","embeddable":true,"href":"https:\/\/www.sikati.de\/fr\/wp-json\/wp\/v2\/product_tag?post=13482"}],"curies":[{"name":"wp","href":"https:\/\/api.w.org\/{rel}","templated":true}]}}