{"id":13531,"date":"2025-09-26T18:36:44","date_gmt":"2025-09-26T16:36:44","guid":{"rendered":"https:\/\/www.sikati.de\/?post_type=product&#038;p=13531"},"modified":"2026-03-20T20:51:44","modified_gmt":"2026-03-20T19:51:44","slug":"one-shoulder-kleid-in-mint","status":"publish","type":"product","link":"https:\/\/www.sikati.de\/fr\/produit\/one-shoulder-kleid-in-mint\/","title":{"rendered":"Robe Sikat\u00ed \u201e Aqua Breeze \u201c \u2013 mini-robe asym\u00e9trique"},"content":{"rendered":"<p data-start=\"362\" data-end=\"701\">Le <strong data-start=\"366\" data-end=\"396\">Robe SIKAT\u00cd \u201e\u00a0Aqua Breeze\u00a0\u201c<\/strong> est une pi\u00e8ce exclusive pr\u00e9sent\u00e9e lors du d\u00e9fil\u00e9 <strong data-start=\"450\" data-end=\"488\">Semaine de la mode africaine de Cologne (AFWC)<\/strong>.<br data-start=\"489\" data-end=\"492\" \/>Cette robe asym\u00e9trique exceptionnelle s\u00e9duit par sa magnifique silhouette en A, sublim\u00e9e par<strong data-start=\"599\" data-end=\"624\">\u00a0satin fin<\/strong> Elle conserve parfaitement sa forme et cr\u00e9e un volume impressionnant.<\/p>\n<p data-start=\"703\" data-end=\"1001\">La coupe asym\u00e9trique \u00e0 \u00e9paules d\u00e9nud\u00e9es conf\u00e8re \u00e0 la robe une allure moderne et \u00e9l\u00e9gante. Les manches longues et la large ceinture \u00e0 la taille soulignent la silhouette et cr\u00e9ent une harmonie f\u00e9minine. La teinte turquoise \u00e9clatante apporte dynamisme, luxe et une \u00e9nergie digne des podiums.<\/p>\n<ul data-start=\"607\" data-end=\"922\">\n<li data-start=\"607\" data-end=\"626\">\n<p data-start=\"609\" data-end=\"626\"><strong data-start=\"609\" data-end=\"619\">Couleur:<\/strong> Menthe<\/p>\n<\/li>\n<li data-start=\"627\" data-end=\"658\">\n<p data-start=\"629\" data-end=\"658\"><strong data-start=\"629\" data-end=\"642\">Mat\u00e9riel:<\/strong> Satin duchesse<\/p>\n<\/li>\n<li data-start=\"659\" data-end=\"715\">\n<p data-start=\"661\" data-end=\"715\"><strong data-start=\"661\" data-end=\"673\">Couper:<\/strong> Jupe \u00e9vas\u00e9e, mod\u00e8le asym\u00e9trique<\/p>\n<\/li>\n<li data-start=\"716\" data-end=\"778\">\n<p data-start=\"718\" data-end=\"778\"><strong data-start=\"718\" data-end=\"730\">D\u00e9tails:<\/strong> ceinture, manches longues, jupe \u00e9vas\u00e9e<\/p>\n<\/li>\n<li data-start=\"779\" data-end=\"866\">\n<p data-start=\"781\" data-end=\"866\"><strong data-start=\"781\" data-end=\"799\">Conseils d&#039;entretien\u00a0:<\/strong> Lavage d\u00e9licat \u00e0 40 \u00b0C, ne pas utiliser d&#039;eau de Javel, repasser \u00e0 basse temp\u00e9rature<\/p>\n<\/li>\n<li data-start=\"867\" data-end=\"922\">\n<p data-start=\"869\" data-end=\"922\"><strong data-start=\"869\" data-end=\"890\">Informations sur le mod\u00e8le\u00a0:<\/strong> Le mannequin porte une taille L.<\/p>\n<\/li>\n<\/ul>\n<p data-start=\"924\" data-end=\"1116\">","protected":false},"excerpt":{"rendered":"<p data-start=\"1516\" data-end=\"1676\">Robe courte asym\u00e9trique en satin turquoise luxueux, pr\u00e9sent\u00e9e lors de <strong data-start=\"1594\" data-end=\"1602\">AFWC<\/strong>.<\/p>\n<p data-start=\"1516\" data-end=\"1676\">Image de mode : \u00a9 Inxframe<\/p>\n<p data-start=\"1516\" data-end=\"1676\">Pas de facture de TVA, en tant que petite entreprise selon l&#039;article 19 (1) de la loi allemande sur la TVA (UStG).<\/p>","protected":false},"featured_media":13914,"template":"","meta":{"_acf_changed":false},"product_brand":[],"product_cat":[2117,2114,2037],"product_tag":[2230,2192,2245,2248,2246,2240,2249,2244,2223,2247],"class_list":{"0":"post-13531","1":"product","2":"type-product","3":"status-publish","4":"has-post-thumbnail","6":"product_cat-damen-afwc-2025","7":"product_cat-afwc-2025","8":"product_cat-runway-collection","9":"product_tag-african-couture-dress","10":"product_tag-afwc-runway-dress","11":"product_tag-aqua-satin-kleid","12":"product_tag-designer-minikleid","13":"product_tag-one-shoulder-dress","14":"product_tag-runway-fashion","15":"product_tag-satin-minikleid","16":"product_tag-sikati-dress","17":"product_tag-sikati-mode","18":"product_tag-voluminierte-a-linie","20":"first","21":"instock","22":"sale","23":"shipping-taxable","24":"purchasable","25":"product-type-variable"},"acf":[],"yoast_head":"<!-- This site is optimized with the Yoast SEO plugin v27.4 - https:\/\/yoast.com\/product\/yoast-seo-wordpress\/ -->\n<title>Sikat\u00ed \u201eAqua Breeze Dress\u201c \u2013 One-Shoulder Mini-Dress - Sikat\u00ed<\/title>\n<meta name=\"description\" content=\"%\" \/>\n<meta name=\"robots\" content=\"index, follow, max-snippet:-1, max-image-preview:large, max-video-preview:-1\" \/>\n<link rel=\"canonical\" href=\"https:\/\/www.sikati.de\/fr\/produit\/one-shoulder-kleid-in-mint\/\" \/>\n<meta property=\"og:locale\" content=\"fr_FR\" \/>\n<meta property=\"og:type\" content=\"article\" \/>\n<meta property=\"og:title\" content=\"Sikat\u00ed \u201eAqua Breeze Dress\u201c \u2013 One-Shoulder Mini-Dress - Sikat\u00ed\" \/>\n<meta property=\"og:description\" content=\"%\" \/>\n<meta property=\"og:url\" content=\"https:\/\/www.sikati.de\/fr\/produit\/one-shoulder-kleid-in-mint\/\" \/>\n<meta property=\"og:site_name\" content=\"Sikat\u00ed\" \/>\n<meta property=\"article:publisher\" content=\"https:\/\/www.facebook.com\/Arts.Decoration.Style\" \/>\n<meta property=\"article:modified_time\" content=\"2026-03-20T19:51:44+00:00\" \/>\n<meta property=\"og:image\" content=\"https:\/\/www.sikati.de\/wp-content\/uploads\/2025\/11\/IMG_3556-scaled.jpg\" \/>\n\t<meta property=\"og:image:width\" content=\"1707\" \/>\n\t<meta property=\"og:image:height\" content=\"2560\" \/>\n\t<meta property=\"og:image:type\" content=\"image\/jpeg\" \/>\n<meta name=\"twitter:card\" content=\"summary_large_image\" \/>\n<meta name=\"twitter:label1\" content=\"Dur\u00e9e de lecture estim\u00e9e\" \/>\n\t<meta name=\"twitter:data1\" content=\"1 minute\" \/>\n<script type=\"application\/ld+json\" class=\"yoast-schema-graph\">{\"@context\":\"https:\\\/\\\/schema.org\",\"@graph\":[{\"@type\":\"WebPage\",\"@id\":\"https:\\\/\\\/www.sikati.de\\\/produkt\\\/one-shoulder-kleid-in-mint\\\/\",\"url\":\"https:\\\/\\\/www.sikati.de\\\/produkt\\\/one-shoulder-kleid-in-mint\\\/\",\"name\":\"Sikat\u00ed \u201eAqua Breeze Dress\u201c \u2013 One-Shoulder Mini-Dress - Sikat\u00ed\",\"isPartOf\":{\"@id\":\"https:\\\/\\\/www.sikati.de\\\/#website\"},\"primaryImageOfPage\":{\"@id\":\"https:\\\/\\\/www.sikati.de\\\/produkt\\\/one-shoulder-kleid-in-mint\\\/#primaryimage\"},\"image\":{\"@id\":\"https:\\\/\\\/www.sikati.de\\\/produkt\\\/one-shoulder-kleid-in-mint\\\/#primaryimage\"},\"thumbnailUrl\":\"https:\\\/\\\/www.sikati.de\\\/wp-content\\\/uploads\\\/2025\\\/11\\\/IMG_3556-scaled.jpg\",\"datePublished\":\"2025-09-26T16:36:44+00:00\",\"dateModified\":\"2026-03-20T19:51:44+00:00\",\"description\":\"%\",\"breadcrumb\":{\"@id\":\"https:\\\/\\\/www.sikati.de\\\/produkt\\\/one-shoulder-kleid-in-mint\\\/#breadcrumb\"},\"inLanguage\":\"fr-FR\",\"potentialAction\":[{\"@type\":\"ReadAction\",\"target\":[\"https:\\\/\\\/www.sikati.de\\\/produkt\\\/one-shoulder-kleid-in-mint\\\/\"]}]},{\"@type\":\"ImageObject\",\"inLanguage\":\"fr-FR\",\"@id\":\"https:\\\/\\\/www.sikati.de\\\/produkt\\\/one-shoulder-kleid-in-mint\\\/#primaryimage\",\"url\":\"https:\\\/\\\/www.sikati.de\\\/wp-content\\\/uploads\\\/2025\\\/11\\\/IMG_3556-scaled.jpg\",\"contentUrl\":\"https:\\\/\\\/www.sikati.de\\\/wp-content\\\/uploads\\\/2025\\\/11\\\/IMG_3556-scaled.jpg\",\"width\":1707,\"height\":2560},{\"@type\":\"BreadcrumbList\",\"@id\":\"https:\\\/\\\/www.sikati.de\\\/produkt\\\/one-shoulder-kleid-in-mint\\\/#breadcrumb\",\"itemListElement\":[{\"@type\":\"ListItem\",\"position\":1,\"name\":\"Startseite\",\"item\":\"https:\\\/\\\/www.sikati.de\\\/\"},{\"@type\":\"ListItem\",\"position\":2,\"name\":\"Produkte\",\"item\":\"https:\\\/\\\/www.sikati.de\\\/shop\\\/\"},{\"@type\":\"ListItem\",\"position\":3,\"name\":\"Sikat\u00ed \u201eAqua Breeze Dress\u201c \u2013 One-Shoulder Mini-Dress\"}]},{\"@type\":\"WebSite\",\"@id\":\"https:\\\/\\\/www.sikati.de\\\/#website\",\"url\":\"https:\\\/\\\/www.sikati.de\\\/\",\"name\":\"Sikat\u00ed\",\"description\":\"Afro Contemporary Fashion &amp; Living\",\"publisher\":{\"@id\":\"https:\\\/\\\/www.sikati.de\\\/#organization\"},\"potentialAction\":[{\"@type\":\"SearchAction\",\"target\":{\"@type\":\"EntryPoint\",\"urlTemplate\":\"https:\\\/\\\/www.sikati.de\\\/?s={search_term_string}\"},\"query-input\":{\"@type\":\"PropertyValueSpecification\",\"valueRequired\":true,\"valueName\":\"search_term_string\"}}],\"inLanguage\":\"fr-FR\"},{\"@type\":\"Organization\",\"@id\":\"https:\\\/\\\/www.sikati.de\\\/#organization\",\"name\":\"Sikat\u00ed\",\"url\":\"https:\\\/\\\/www.sikati.de\\\/\",\"logo\":{\"@type\":\"ImageObject\",\"inLanguage\":\"fr-FR\",\"@id\":\"https:\\\/\\\/www.sikati.de\\\/#\\\/schema\\\/logo\\\/image\\\/\",\"url\":\"https:\\\/\\\/www.sikati.de\\\/wp-content\\\/uploads\\\/2019\\\/03\\\/cropped-cropped-sikati-logo.png\",\"contentUrl\":\"https:\\\/\\\/www.sikati.de\\\/wp-content\\\/uploads\\\/2019\\\/03\\\/cropped-cropped-sikati-logo.png\",\"width\":500,\"height\":201,\"caption\":\"Sikat\u00ed\"},\"image\":{\"@id\":\"https:\\\/\\\/www.sikati.de\\\/#\\\/schema\\\/logo\\\/image\\\/\"},\"sameAs\":[\"https:\\\/\\\/www.facebook.com\\\/Arts.Decoration.Style\",\"https:\\\/\\\/www.instagram.com\\\/sikati_arts\\\/\",\"https:\\\/\\\/www.tiktok.com\\\/@sikati_arts\"]}]}<\/script>\n<!-- \/ Yoast SEO plugin. -->","yoast_head_json":{"title":"Sikat\u00ed \u201eAqua Breeze Dress\u201c \u2013 One-Shoulder Mini-Dress - Sikat\u00ed","description":"%","robots":{"index":"index","follow":"follow","max-snippet":"max-snippet:-1","max-image-preview":"max-image-preview:large","max-video-preview":"max-video-preview:-1"},"canonical":"https:\/\/www.sikati.de\/fr\/produit\/one-shoulder-kleid-in-mint\/","og_locale":"fr_FR","og_type":"article","og_title":"Sikat\u00ed \u201eAqua Breeze Dress\u201c \u2013 One-Shoulder Mini-Dress - Sikat\u00ed","og_description":"%","og_url":"https:\/\/www.sikati.de\/fr\/produit\/one-shoulder-kleid-in-mint\/","og_site_name":"Sikat\u00ed","article_publisher":"https:\/\/www.facebook.com\/Arts.Decoration.Style","article_modified_time":"2026-03-20T19:51:44+00:00","og_image":[{"width":1707,"height":2560,"url":"https:\/\/www.sikati.de\/wp-content\/uploads\/2025\/11\/IMG_3556-scaled.jpg","type":"image\/jpeg"}],"twitter_card":"summary_large_image","twitter_misc":{"Dur\u00e9e de lecture estim\u00e9e":"1 minute"},"schema":{"@context":"https:\/\/schema.org","@graph":[{"@type":"WebPage","@id":"https:\/\/www.sikati.de\/produkt\/one-shoulder-kleid-in-mint\/","url":"https:\/\/www.sikati.de\/produkt\/one-shoulder-kleid-in-mint\/","name":"Sikat\u00ed \u201eAqua Breeze Dress\u201c \u2013 One-Shoulder Mini-Dress - Sikat\u00ed","isPartOf":{"@id":"https:\/\/www.sikati.de\/#website"},"primaryImageOfPage":{"@id":"https:\/\/www.sikati.de\/produkt\/one-shoulder-kleid-in-mint\/#primaryimage"},"image":{"@id":"https:\/\/www.sikati.de\/produkt\/one-shoulder-kleid-in-mint\/#primaryimage"},"thumbnailUrl":"https:\/\/www.sikati.de\/wp-content\/uploads\/2025\/11\/IMG_3556-scaled.jpg","datePublished":"2025-09-26T16:36:44+00:00","dateModified":"2026-03-20T19:51:44+00:00","description":"%","breadcrumb":{"@id":"https:\/\/www.sikati.de\/produkt\/one-shoulder-kleid-in-mint\/#breadcrumb"},"inLanguage":"fr-FR","potentialAction":[{"@type":"ReadAction","target":["https:\/\/www.sikati.de\/produkt\/one-shoulder-kleid-in-mint\/"]}]},{"@type":"ImageObject","inLanguage":"fr-FR","@id":"https:\/\/www.sikati.de\/produkt\/one-shoulder-kleid-in-mint\/#primaryimage","url":"https:\/\/www.sikati.de\/wp-content\/uploads\/2025\/11\/IMG_3556-scaled.jpg","contentUrl":"https:\/\/www.sikati.de\/wp-content\/uploads\/2025\/11\/IMG_3556-scaled.jpg","width":1707,"height":2560},{"@type":"BreadcrumbList","@id":"https:\/\/www.sikati.de\/produkt\/one-shoulder-kleid-in-mint\/#breadcrumb","itemListElement":[{"@type":"ListItem","position":1,"name":"Startseite","item":"https:\/\/www.sikati.de\/"},{"@type":"ListItem","position":2,"name":"Produkte","item":"https:\/\/www.sikati.de\/shop\/"},{"@type":"ListItem","position":3,"name":"Sikat\u00ed \u201eAqua Breeze Dress\u201c \u2013 One-Shoulder Mini-Dress"}]},{"@type":"WebSite","@id":"https:\/\/www.sikati.de\/#website","url":"https:\/\/www.sikati.de\/","name":"Sika\u00ed","description":"Afro Contemporary Fashion &amp; Living","publisher":{"@id":"https:\/\/www.sikati.de\/#organization"},"potentialAction":[{"@type":"SearchAction","target":{"@type":"EntryPoint","urlTemplate":"https:\/\/www.sikati.de\/?s={search_term_string}"},"query-input":{"@type":"PropertyValueSpecification","valueRequired":true,"valueName":"search_term_string"}}],"inLanguage":"fr-FR"},{"@type":"Organization","@id":"https:\/\/www.sikati.de\/#organization","name":"Sika\u00ed","url":"https:\/\/www.sikati.de\/","logo":{"@type":"ImageObject","inLanguage":"fr-FR","@id":"https:\/\/www.sikati.de\/#\/schema\/logo\/image\/","url":"https:\/\/www.sikati.de\/wp-content\/uploads\/2019\/03\/cropped-cropped-sikati-logo.png","contentUrl":"https:\/\/www.sikati.de\/wp-content\/uploads\/2019\/03\/cropped-cropped-sikati-logo.png","width":500,"height":201,"caption":"Sikat\u00ed"},"image":{"@id":"https:\/\/www.sikati.de\/#\/schema\/logo\/image\/"},"sameAs":["https:\/\/www.facebook.com\/Arts.Decoration.Style","https:\/\/www.instagram.com\/sikati_arts\/","https:\/\/www.tiktok.com\/@sikati_arts"]}]}},"_links":{"self":[{"href":"https:\/\/www.sikati.de\/fr\/wp-json\/wp\/v2\/product\/13531","targetHints":{"allow":["GET"]}}],"collection":[{"href":"https:\/\/www.sikati.de\/fr\/wp-json\/wp\/v2\/product"}],"about":[{"href":"https:\/\/www.sikati.de\/fr\/wp-json\/wp\/v2\/types\/product"}],"wp:featuredmedia":[{"embeddable":true,"href":"https:\/\/www.sikati.de\/fr\/wp-json\/wp\/v2\/media\/13914"}],"wp:attachment":[{"href":"https:\/\/www.sikati.de\/fr\/wp-json\/wp\/v2\/media?parent=13531"}],"wp:term":[{"taxonomy":"product_brand","embeddable":true,"href":"https:\/\/www.sikati.de\/fr\/wp-json\/wp\/v2\/product_brand?post=13531"},{"taxonomy":"product_cat","embeddable":true,"href":"https:\/\/www.sikati.de\/fr\/wp-json\/wp\/v2\/product_cat?post=13531"},{"taxonomy":"product_tag","embeddable":true,"href":"https:\/\/www.sikati.de\/fr\/wp-json\/wp\/v2\/product_tag?post=13531"}],"curies":[{"name":"wp","href":"https:\/\/api.w.org\/{rel}","templated":true}]}}