{"id":13553,"date":"2025-09-26T19:40:07","date_gmt":"2025-09-26T17:40:07","guid":{"rendered":"https:\/\/www.sikati.de\/?post_type=product&#038;p=13553"},"modified":"2026-03-21T18:41:01","modified_gmt":"2026-03-21T17:41:01","slug":"dunkelrot-off-shoulder-maxikleid-mit-volant-und-schlitz-sommer-abendkleid","status":"publish","type":"product","link":"https:\/\/www.sikati.de\/fr\/produit\/dunkelrot-off-shoulder-maxikleid-mit-volant-und-schlitz-sommer-abendkleid\/","title":{"rendered":"Robe maxi rouge \u2013 \u00e9paules d\u00e9nud\u00e9es"},"content":{"rendered":"<p data-start=\"263\" data-end=\"609\">Cette \u00e9l\u00e9gante <strong data-start=\"279\" data-end=\"316\">robe longue rouge fonc\u00e9 \u00e0 \u00e9paules d\u00e9nud\u00e9es<\/strong> Cette robe allie une l\u00e9g\u00e8ret\u00e9 romantique \u00e0 une \u00e9l\u00e9gance raffin\u00e9e. Son d\u00e9collet\u00e9 Carmen \u00e9paules d\u00e9nud\u00e9es orn\u00e9 d&#039;un volant lui conf\u00e8re une touche f\u00e9minine, tandis que sa taille \u00e9lastiqu\u00e9e souligne parfaitement la silhouette. La fente lat\u00e9rale assure une grande libert\u00e9 de mouvement et une allure moderne et sensuelle.<\/p>\n<p data-start=\"611\" data-end=\"756\">Que ce soit en tant que <strong data-start=\"618\" data-end=\"633\">robe d&#039;\u00e9t\u00e9<\/strong>, <strong data-start=\"635\" data-end=\"651\">robe de f\u00eate<\/strong> ou <strong data-start=\"657\" data-end=\"682\">robe de soir\u00e9e festive<\/strong> Cette robe longue est un accessoire polyvalent pour toutes les occasions.<\/p>\n<p data-start=\"758\" data-end=\"772\"><strong data-start=\"758\" data-end=\"770\">D\u00e9tails:<\/strong><\/p>\n<ul data-start=\"773\" data-end=\"993\">\n<li data-start=\"773\" data-end=\"793\">\n<p data-start=\"775\" data-end=\"793\">Couleur : Rouge fonc\u00e9<\/p>\n<\/li>\n<li data-start=\"794\" data-end=\"841\">\n<p data-start=\"796\" data-end=\"841\">\u00c9paules d\u00e9nud\u00e9es avec volant (encolure Carmen)<\/p>\n<\/li>\n<li data-start=\"842\" data-end=\"882\">\n<p data-start=\"844\" data-end=\"882\">Ceinture \u00e9lastique pour un confort optimal<\/p>\n<\/li>\n<li data-start=\"883\" data-end=\"919\">\n<p data-start=\"885\" data-end=\"919\">Fente lat\u00e9rale pour un look f\u00e9minin<\/p>\n<\/li>\n<li data-start=\"920\" data-end=\"935\">\n<p data-start=\"922\" data-end=\"935\">Longueur : Maxi<\/p>\n<\/li>\n<li data-start=\"936\" data-end=\"993\">\n<p data-start=\"938\" data-end=\"993\">Id\u00e9al pour l&#039;\u00e9t\u00e9, les vacances, les f\u00eates et les \u00e9v\u00e9nements<\/p>\n<\/li>\n<\/ul>","protected":false},"excerpt":{"rendered":"<p>Robe longue rouge fonc\u00e9 \u00e0 \u00e9paules d\u00e9nud\u00e9es, orn\u00e9e d&#039;un volant et d&#039;une fente \u2013 f\u00e9minine, \u00e9l\u00e9gante et fluide. Parfaite pour l&#039;\u00e9t\u00e9, les vacances et les soir\u00e9es.<\/p>\n<p>Pas de facture de TVA, en tant que petite entreprise selon l&#039;article 19 (1) de la loi allemande sur la TVA (UStG).<\/p>","protected":false},"featured_media":13535,"template":"","meta":{"_acf_changed":false},"product_brand":[],"product_cat":[871,1618,163],"product_tag":[2085,2083,2081,1863,2087,2082,2084,2088,2086],"class_list":{"0":"post-13553","1":"product","2":"type-product","3":"status-publish","4":"has-post-thumbnail","6":"product_cat-damen-mode","7":"product_cat-kleider-damen-mode","8":"product_cat-sikati-designs","9":"product_tag-abendkleid-damen-dunkelrot","10":"product_tag-carmen-ausschnitt-kleid","11":"product_tag-dunkelrot-maxikleid-damen","12":"product_tag-festliches-maxikleid","13":"product_tag-maxikleid-mit-schlitz","14":"product_tag-off-shoulder-maxikleid","15":"product_tag-sommerkleid-lang-dunkelrot","16":"product_tag-urlaubskleid-damen","17":"product_tag-volantkleid-lang","19":"first","20":"instock","21":"sale","22":"shipping-taxable","23":"purchasable","24":"product-type-variable"},"acf":[],"yoast_head":"<!-- This site is optimized with the Yoast SEO plugin v27.4 - https:\/\/yoast.com\/product\/yoast-seo-wordpress\/ -->\n<title>Maxikleid Rot \u2013 Off-Shoulder - Sikat\u00ed<\/title>\n<meta name=\"description\" content=\"%\" \/>\n<meta name=\"robots\" content=\"index, follow, max-snippet:-1, max-image-preview:large, max-video-preview:-1\" \/>\n<link rel=\"canonical\" href=\"https:\/\/www.sikati.de\/fr\/produit\/dunkelrot-off-shoulder-maxikleid-mit-volant-und-schlitz-sommer-abendkleid\/\" \/>\n<meta property=\"og:locale\" content=\"fr_FR\" \/>\n<meta property=\"og:type\" content=\"article\" \/>\n<meta property=\"og:title\" content=\"Maxikleid Rot \u2013 Off-Shoulder - Sikat\u00ed\" \/>\n<meta property=\"og:description\" content=\"%\" \/>\n<meta property=\"og:url\" content=\"https:\/\/www.sikati.de\/fr\/produit\/dunkelrot-off-shoulder-maxikleid-mit-volant-und-schlitz-sommer-abendkleid\/\" \/>\n<meta property=\"og:site_name\" content=\"Sikat\u00ed\" \/>\n<meta property=\"article:publisher\" content=\"https:\/\/www.facebook.com\/Arts.Decoration.Style\" \/>\n<meta property=\"article:modified_time\" content=\"2026-03-21T17:41:01+00:00\" \/>\n<meta property=\"og:image\" content=\"https:\/\/www.sikati.de\/wp-content\/uploads\/2025\/09\/Photoroom-20250912_154337_3-1.png\" \/>\n\t<meta property=\"og:image:width\" content=\"1706\" \/>\n\t<meta property=\"og:image:height\" content=\"2560\" \/>\n\t<meta property=\"og:image:type\" content=\"image\/png\" \/>\n<meta name=\"twitter:card\" content=\"summary_large_image\" \/>\n<meta name=\"twitter:label1\" content=\"Dur\u00e9e de lecture estim\u00e9e\" \/>\n\t<meta name=\"twitter:data1\" content=\"1 minute\" \/>\n<script type=\"application\/ld+json\" class=\"yoast-schema-graph\">{\"@context\":\"https:\\\/\\\/schema.org\",\"@graph\":[{\"@type\":\"WebPage\",\"@id\":\"https:\\\/\\\/www.sikati.de\\\/produkt\\\/dunkelrot-off-shoulder-maxikleid-mit-volant-und-schlitz-sommer-abendkleid\\\/\",\"url\":\"https:\\\/\\\/www.sikati.de\\\/produkt\\\/dunkelrot-off-shoulder-maxikleid-mit-volant-und-schlitz-sommer-abendkleid\\\/\",\"name\":\"Maxikleid Rot \u2013 Off-Shoulder - Sikat\u00ed\",\"isPartOf\":{\"@id\":\"https:\\\/\\\/www.sikati.de\\\/#website\"},\"primaryImageOfPage\":{\"@id\":\"https:\\\/\\\/www.sikati.de\\\/produkt\\\/dunkelrot-off-shoulder-maxikleid-mit-volant-und-schlitz-sommer-abendkleid\\\/#primaryimage\"},\"image\":{\"@id\":\"https:\\\/\\\/www.sikati.de\\\/produkt\\\/dunkelrot-off-shoulder-maxikleid-mit-volant-und-schlitz-sommer-abendkleid\\\/#primaryimage\"},\"thumbnailUrl\":\"https:\\\/\\\/www.sikati.de\\\/wp-content\\\/uploads\\\/2025\\\/09\\\/Photoroom-20250912_154337_3-1.png\",\"datePublished\":\"2025-09-26T17:40:07+00:00\",\"dateModified\":\"2026-03-21T17:41:01+00:00\",\"description\":\"%\",\"breadcrumb\":{\"@id\":\"https:\\\/\\\/www.sikati.de\\\/produkt\\\/dunkelrot-off-shoulder-maxikleid-mit-volant-und-schlitz-sommer-abendkleid\\\/#breadcrumb\"},\"inLanguage\":\"fr-FR\",\"potentialAction\":[{\"@type\":\"ReadAction\",\"target\":[\"https:\\\/\\\/www.sikati.de\\\/produkt\\\/dunkelrot-off-shoulder-maxikleid-mit-volant-und-schlitz-sommer-abendkleid\\\/\"]}]},{\"@type\":\"ImageObject\",\"inLanguage\":\"fr-FR\",\"@id\":\"https:\\\/\\\/www.sikati.de\\\/produkt\\\/dunkelrot-off-shoulder-maxikleid-mit-volant-und-schlitz-sommer-abendkleid\\\/#primaryimage\",\"url\":\"https:\\\/\\\/www.sikati.de\\\/wp-content\\\/uploads\\\/2025\\\/09\\\/Photoroom-20250912_154337_3-1.png\",\"contentUrl\":\"https:\\\/\\\/www.sikati.de\\\/wp-content\\\/uploads\\\/2025\\\/09\\\/Photoroom-20250912_154337_3-1.png\",\"width\":1706,\"height\":2560},{\"@type\":\"BreadcrumbList\",\"@id\":\"https:\\\/\\\/www.sikati.de\\\/produkt\\\/dunkelrot-off-shoulder-maxikleid-mit-volant-und-schlitz-sommer-abendkleid\\\/#breadcrumb\",\"itemListElement\":[{\"@type\":\"ListItem\",\"position\":1,\"name\":\"Startseite\",\"item\":\"https:\\\/\\\/www.sikati.de\\\/\"},{\"@type\":\"ListItem\",\"position\":2,\"name\":\"Produkte\",\"item\":\"https:\\\/\\\/www.sikati.de\\\/shop\\\/\"},{\"@type\":\"ListItem\",\"position\":3,\"name\":\"Maxikleid Rot \u2013 Off-Shoulder\"}]},{\"@type\":\"WebSite\",\"@id\":\"https:\\\/\\\/www.sikati.de\\\/#website\",\"url\":\"https:\\\/\\\/www.sikati.de\\\/\",\"name\":\"Sikat\u00ed\",\"description\":\"Afro Contemporary Fashion &amp; Living\",\"publisher\":{\"@id\":\"https:\\\/\\\/www.sikati.de\\\/#organization\"},\"potentialAction\":[{\"@type\":\"SearchAction\",\"target\":{\"@type\":\"EntryPoint\",\"urlTemplate\":\"https:\\\/\\\/www.sikati.de\\\/?s={search_term_string}\"},\"query-input\":{\"@type\":\"PropertyValueSpecification\",\"valueRequired\":true,\"valueName\":\"search_term_string\"}}],\"inLanguage\":\"fr-FR\"},{\"@type\":\"Organization\",\"@id\":\"https:\\\/\\\/www.sikati.de\\\/#organization\",\"name\":\"Sikat\u00ed\",\"url\":\"https:\\\/\\\/www.sikati.de\\\/\",\"logo\":{\"@type\":\"ImageObject\",\"inLanguage\":\"fr-FR\",\"@id\":\"https:\\\/\\\/www.sikati.de\\\/#\\\/schema\\\/logo\\\/image\\\/\",\"url\":\"https:\\\/\\\/www.sikati.de\\\/wp-content\\\/uploads\\\/2019\\\/03\\\/cropped-cropped-sikati-logo.png\",\"contentUrl\":\"https:\\\/\\\/www.sikati.de\\\/wp-content\\\/uploads\\\/2019\\\/03\\\/cropped-cropped-sikati-logo.png\",\"width\":500,\"height\":201,\"caption\":\"Sikat\u00ed\"},\"image\":{\"@id\":\"https:\\\/\\\/www.sikati.de\\\/#\\\/schema\\\/logo\\\/image\\\/\"},\"sameAs\":[\"https:\\\/\\\/www.facebook.com\\\/Arts.Decoration.Style\",\"https:\\\/\\\/www.instagram.com\\\/sikati_arts\\\/\",\"https:\\\/\\\/www.tiktok.com\\\/@sikati_arts\"]}]}<\/script>\n<!-- \/ Yoast SEO plugin. -->","yoast_head_json":{"title":"Maxikleid Rot \u2013 Off-Shoulder - Sikat\u00ed","description":"%","robots":{"index":"index","follow":"follow","max-snippet":"max-snippet:-1","max-image-preview":"max-image-preview:large","max-video-preview":"max-video-preview:-1"},"canonical":"https:\/\/www.sikati.de\/fr\/produit\/dunkelrot-off-shoulder-maxikleid-mit-volant-und-schlitz-sommer-abendkleid\/","og_locale":"fr_FR","og_type":"article","og_title":"Maxikleid Rot \u2013 Off-Shoulder - Sikat\u00ed","og_description":"%","og_url":"https:\/\/www.sikati.de\/fr\/produit\/dunkelrot-off-shoulder-maxikleid-mit-volant-und-schlitz-sommer-abendkleid\/","og_site_name":"Sikat\u00ed","article_publisher":"https:\/\/www.facebook.com\/Arts.Decoration.Style","article_modified_time":"2026-03-21T17:41:01+00:00","og_image":[{"width":1706,"height":2560,"url":"https:\/\/www.sikati.de\/wp-content\/uploads\/2025\/09\/Photoroom-20250912_154337_3-1.png","type":"image\/png"}],"twitter_card":"summary_large_image","twitter_misc":{"Dur\u00e9e de lecture estim\u00e9e":"1 minute"},"schema":{"@context":"https:\/\/schema.org","@graph":[{"@type":"WebPage","@id":"https:\/\/www.sikati.de\/produkt\/dunkelrot-off-shoulder-maxikleid-mit-volant-und-schlitz-sommer-abendkleid\/","url":"https:\/\/www.sikati.de\/produkt\/dunkelrot-off-shoulder-maxikleid-mit-volant-und-schlitz-sommer-abendkleid\/","name":"Maxikleid Rot \u2013 Off-Shoulder - Sikat\u00ed","isPartOf":{"@id":"https:\/\/www.sikati.de\/#website"},"primaryImageOfPage":{"@id":"https:\/\/www.sikati.de\/produkt\/dunkelrot-off-shoulder-maxikleid-mit-volant-und-schlitz-sommer-abendkleid\/#primaryimage"},"image":{"@id":"https:\/\/www.sikati.de\/produkt\/dunkelrot-off-shoulder-maxikleid-mit-volant-und-schlitz-sommer-abendkleid\/#primaryimage"},"thumbnailUrl":"https:\/\/www.sikati.de\/wp-content\/uploads\/2025\/09\/Photoroom-20250912_154337_3-1.png","datePublished":"2025-09-26T17:40:07+00:00","dateModified":"2026-03-21T17:41:01+00:00","description":"%","breadcrumb":{"@id":"https:\/\/www.sikati.de\/produkt\/dunkelrot-off-shoulder-maxikleid-mit-volant-und-schlitz-sommer-abendkleid\/#breadcrumb"},"inLanguage":"fr-FR","potentialAction":[{"@type":"ReadAction","target":["https:\/\/www.sikati.de\/produkt\/dunkelrot-off-shoulder-maxikleid-mit-volant-und-schlitz-sommer-abendkleid\/"]}]},{"@type":"ImageObject","inLanguage":"fr-FR","@id":"https:\/\/www.sikati.de\/produkt\/dunkelrot-off-shoulder-maxikleid-mit-volant-und-schlitz-sommer-abendkleid\/#primaryimage","url":"https:\/\/www.sikati.de\/wp-content\/uploads\/2025\/09\/Photoroom-20250912_154337_3-1.png","contentUrl":"https:\/\/www.sikati.de\/wp-content\/uploads\/2025\/09\/Photoroom-20250912_154337_3-1.png","width":1706,"height":2560},{"@type":"BreadcrumbList","@id":"https:\/\/www.sikati.de\/produkt\/dunkelrot-off-shoulder-maxikleid-mit-volant-und-schlitz-sommer-abendkleid\/#breadcrumb","itemListElement":[{"@type":"ListItem","position":1,"name":"Startseite","item":"https:\/\/www.sikati.de\/"},{"@type":"ListItem","position":2,"name":"Produkte","item":"https:\/\/www.sikati.de\/shop\/"},{"@type":"ListItem","position":3,"name":"Maxikleid Rot \u2013 Off-Shoulder"}]},{"@type":"WebSite","@id":"https:\/\/www.sikati.de\/#website","url":"https:\/\/www.sikati.de\/","name":"Sika\u00ed","description":"Afro Contemporary Fashion &amp; Living","publisher":{"@id":"https:\/\/www.sikati.de\/#organization"},"potentialAction":[{"@type":"SearchAction","target":{"@type":"EntryPoint","urlTemplate":"https:\/\/www.sikati.de\/?s={search_term_string}"},"query-input":{"@type":"PropertyValueSpecification","valueRequired":true,"valueName":"search_term_string"}}],"inLanguage":"fr-FR"},{"@type":"Organization","@id":"https:\/\/www.sikati.de\/#organization","name":"Sika\u00ed","url":"https:\/\/www.sikati.de\/","logo":{"@type":"ImageObject","inLanguage":"fr-FR","@id":"https:\/\/www.sikati.de\/#\/schema\/logo\/image\/","url":"https:\/\/www.sikati.de\/wp-content\/uploads\/2019\/03\/cropped-cropped-sikati-logo.png","contentUrl":"https:\/\/www.sikati.de\/wp-content\/uploads\/2019\/03\/cropped-cropped-sikati-logo.png","width":500,"height":201,"caption":"Sikat\u00ed"},"image":{"@id":"https:\/\/www.sikati.de\/#\/schema\/logo\/image\/"},"sameAs":["https:\/\/www.facebook.com\/Arts.Decoration.Style","https:\/\/www.instagram.com\/sikati_arts\/","https:\/\/www.tiktok.com\/@sikati_arts"]}]}},"_links":{"self":[{"href":"https:\/\/www.sikati.de\/fr\/wp-json\/wp\/v2\/product\/13553","targetHints":{"allow":["GET"]}}],"collection":[{"href":"https:\/\/www.sikati.de\/fr\/wp-json\/wp\/v2\/product"}],"about":[{"href":"https:\/\/www.sikati.de\/fr\/wp-json\/wp\/v2\/types\/product"}],"wp:featuredmedia":[{"embeddable":true,"href":"https:\/\/www.sikati.de\/fr\/wp-json\/wp\/v2\/media\/13535"}],"wp:attachment":[{"href":"https:\/\/www.sikati.de\/fr\/wp-json\/wp\/v2\/media?parent=13553"}],"wp:term":[{"taxonomy":"product_brand","embeddable":true,"href":"https:\/\/www.sikati.de\/fr\/wp-json\/wp\/v2\/product_brand?post=13553"},{"taxonomy":"product_cat","embeddable":true,"href":"https:\/\/www.sikati.de\/fr\/wp-json\/wp\/v2\/product_cat?post=13553"},{"taxonomy":"product_tag","embeddable":true,"href":"https:\/\/www.sikati.de\/fr\/wp-json\/wp\/v2\/product_tag?post=13553"}],"curies":[{"name":"wp","href":"https:\/\/api.w.org\/{rel}","templated":true}]}}