{"id":13561,"date":"2025-09-26T20:24:44","date_gmt":"2025-09-26T18:24:44","guid":{"rendered":"https:\/\/www.sikati.de\/?post_type=product&#038;p=13561"},"modified":"2026-03-21T18:23:06","modified_gmt":"2026-03-21T17:23:06","slug":"orangefarbener-zweiteiler-mit-crop-top-maxirock-mit-schlitz-sommer-abend-outfit","status":"publish","type":"product","link":"https:\/\/www.sikati.de\/fr\/product\/orangefarbener-zweiteiler-mit-crop-top-maxirock-mit-schlitz-sommer-abend-outfit\/","title":{"rendered":"Ensemble deux pi\u00e8ces orange \u2013 crop top et jupe longue"},"content":{"rendered":"<p data-start=\"247\" data-end=\"519\">Ce <strong data-start=\"254\" data-end=\"282\">costume deux pi\u00e8ces orange<\/strong> C&#039;est un v\u00e9ritable atout pour l&#039;\u00e9t\u00e9, les vacances et les occasions sp\u00e9ciales. L&#039;ensemble se compose d&#039;un \u00e9l\u00e9gant <strong data-start=\"386\" data-end=\"419\">Crop top \u00e0 fines bretelles<\/strong> et une longue <strong data-start=\"437\" data-end=\"467\">Jupe longue fendue jusqu&#039;en haut<\/strong>, ce qui garantit un look moderne et f\u00e9minin.<\/p>\n<p data-start=\"521\" data-end=\"771\">La teinte orange \u00e9clatante rayonne de joie de vivre et rend la tenue id\u00e9ale pour <strong data-start=\"600\" data-end=\"657\">festivals d&#039;\u00e9t\u00e9, f\u00eates, jours f\u00e9ri\u00e9s ou \u00e9v\u00e9nements en soir\u00e9e<\/strong>. Gr\u00e2ce \u00e0 sa coupe fluide, l&#039;ensemble est agr\u00e9ablement l\u00e9ger \u00e0 porter et parfait pour les saisons chaudes.<\/p>\n<p data-start=\"773\" data-end=\"787\"><strong data-start=\"773\" data-end=\"785\">D\u00e9tails:<\/strong><\/p>\n<ul>\n<li data-start=\"788\" data-end=\"805\">\n<p data-start=\"790\" data-end=\"805\">Couleur : Orange<\/p>\n<\/li>\n<li data-start=\"806\" data-end=\"841\">\n<p data-start=\"808\" data-end=\"841\">Ensemble deux pi\u00e8ces : crop top et jupe longue<\/p>\n<\/li>\n<li data-start=\"842\" data-end=\"880\">\n<p data-start=\"844\" data-end=\"880\">Ceinture ajust\u00e9e avec un large drap\u00e9<\/p>\n<\/li>\n<li data-start=\"881\" data-end=\"930\">\n<p data-start=\"883\" data-end=\"930\">Fente haute pour une libert\u00e9 de mouvement et une \u00e9l\u00e9gance incomparables<\/p>\n<\/li>\n<li data-start=\"931\" data-end=\"946\">\n<p data-start=\"933\" data-end=\"946\">Longueur : Maxi<\/p>\n<\/li>\n<li data-start=\"947\" data-end=\"994\">\n<p data-start=\"949\" data-end=\"994\">Id\u00e9al pour l&#039;\u00e9t\u00e9, les vacances, les f\u00eates et les \u00e9v\u00e9nements<\/p>\n<\/li>\n<li data-start=\"947\" data-end=\"994\">Mati\u00e8re : Cr\u00eape, lavable \u00e0 40 \u00b0C en cycle d\u00e9licat<\/li>\n<\/ul>","protected":false},"excerpt":{"rendered":"<p>Ensemble deux pi\u00e8ces orange compos\u00e9 d&#039;un crop top et d&#039;une jupe longue fendue \u2013 estival, moderne et \u00e9l\u00e9gant. Id\u00e9al pour les vacances, les f\u00eates et les soir\u00e9es.<br data-start=\"1244\" data-end=\"1247\" \/>Pas de facture de TVA, en tant que petite entreprise selon l&#039;article 19 (1) de la loi allemande sur la TVA (UStG).<\/p>","protected":false},"featured_media":13540,"template":"","meta":{"_acf_changed":false},"product_brand":[],"product_cat":[871,2149,1456,163],"product_tag":[2092,2090,2096,2093,2091,2094,2089,2095],"class_list":{"0":"post-13561","1":"product","2":"type-product","3":"status-publish","4":"has-post-thumbnail","6":"product_cat-damen-mode","7":"product_cat-one-colour","8":"product_cat-sets-damen-mode","9":"product_cat-sikati-designs","10":"product_tag-abendoutfit-orange","11":"product_tag-crop-top-und-maxirock","12":"product_tag-maxirock-crop-top-set","13":"product_tag-partyoutfit-damen-zweiteiler","14":"product_tag-sommer-zweiteiler-damen","15":"product_tag-sommeroutfit-elegant","16":"product_tag-zweiteiler-damen-orange","17":"product_tag-zweiteiler-mit-schlitz","19":"first","20":"instock","21":"sale","22":"shipping-taxable","23":"purchasable","24":"product-type-variable"},"acf":[],"yoast_head":"<!-- This site is optimized with the Yoast SEO plugin v27.3 - https:\/\/yoast.com\/product\/yoast-seo-wordpress\/ -->\n<title>Zweiteiler Orange - Crop-Top &amp; Maxirock - Sikat\u00ed<\/title>\n<meta name=\"description\" content=\"%\" \/>\n<meta name=\"robots\" content=\"index, follow, max-snippet:-1, max-image-preview:large, max-video-preview:-1\" \/>\n<link rel=\"canonical\" href=\"https:\/\/www.sikati.de\/fr\/product\/orangefarbener-zweiteiler-mit-crop-top-maxirock-mit-schlitz-sommer-abend-outfit\/\" \/>\n<meta property=\"og:locale\" content=\"fr_FR\" \/>\n<meta property=\"og:type\" content=\"article\" \/>\n<meta property=\"og:title\" content=\"Zweiteiler Orange - Crop-Top &amp; Maxirock - Sikat\u00ed\" \/>\n<meta property=\"og:description\" content=\"%\" \/>\n<meta property=\"og:url\" content=\"https:\/\/www.sikati.de\/fr\/product\/orangefarbener-zweiteiler-mit-crop-top-maxirock-mit-schlitz-sommer-abend-outfit\/\" \/>\n<meta property=\"og:site_name\" content=\"Sikat\u00ed\" \/>\n<meta property=\"article:publisher\" content=\"https:\/\/www.facebook.com\/Arts.Decoration.Style\" \/>\n<meta property=\"article:modified_time\" content=\"2026-03-21T17:23:06+00:00\" \/>\n<meta property=\"og:image\" content=\"https:\/\/www.sikati.de\/wp-content\/uploads\/2025\/09\/Photoroom-20250912_161934_6.png\" \/>\n\t<meta property=\"og:image:width\" content=\"1706\" \/>\n\t<meta property=\"og:image:height\" content=\"2560\" \/>\n\t<meta property=\"og:image:type\" content=\"image\/png\" \/>\n<meta name=\"twitter:card\" content=\"summary_large_image\" \/>\n<meta name=\"twitter:label1\" content=\"Est. reading time\" \/>\n\t<meta name=\"twitter:data1\" content=\"1 minute\" \/>\n<script type=\"application\/ld+json\" class=\"yoast-schema-graph\">{\"@context\":\"https:\\\/\\\/schema.org\",\"@graph\":[{\"@type\":\"WebPage\",\"@id\":\"https:\\\/\\\/www.sikati.de\\\/produkt\\\/orangefarbener-zweiteiler-mit-crop-top-maxirock-mit-schlitz-sommer-abend-outfit\\\/\",\"url\":\"https:\\\/\\\/www.sikati.de\\\/produkt\\\/orangefarbener-zweiteiler-mit-crop-top-maxirock-mit-schlitz-sommer-abend-outfit\\\/\",\"name\":\"Zweiteiler Orange - Crop-Top & Maxirock - Sikat\u00ed\",\"isPartOf\":{\"@id\":\"https:\\\/\\\/www.sikati.de\\\/#website\"},\"primaryImageOfPage\":{\"@id\":\"https:\\\/\\\/www.sikati.de\\\/produkt\\\/orangefarbener-zweiteiler-mit-crop-top-maxirock-mit-schlitz-sommer-abend-outfit\\\/#primaryimage\"},\"image\":{\"@id\":\"https:\\\/\\\/www.sikati.de\\\/produkt\\\/orangefarbener-zweiteiler-mit-crop-top-maxirock-mit-schlitz-sommer-abend-outfit\\\/#primaryimage\"},\"thumbnailUrl\":\"https:\\\/\\\/www.sikati.de\\\/wp-content\\\/uploads\\\/2025\\\/09\\\/Photoroom-20250912_161934_6.png\",\"datePublished\":\"2025-09-26T18:24:44+00:00\",\"dateModified\":\"2026-03-21T17:23:06+00:00\",\"description\":\"%\",\"breadcrumb\":{\"@id\":\"https:\\\/\\\/www.sikati.de\\\/produkt\\\/orangefarbener-zweiteiler-mit-crop-top-maxirock-mit-schlitz-sommer-abend-outfit\\\/#breadcrumb\"},\"inLanguage\":\"fr-FR\",\"potentialAction\":[{\"@type\":\"ReadAction\",\"target\":[\"https:\\\/\\\/www.sikati.de\\\/produkt\\\/orangefarbener-zweiteiler-mit-crop-top-maxirock-mit-schlitz-sommer-abend-outfit\\\/\"]}]},{\"@type\":\"ImageObject\",\"inLanguage\":\"fr-FR\",\"@id\":\"https:\\\/\\\/www.sikati.de\\\/produkt\\\/orangefarbener-zweiteiler-mit-crop-top-maxirock-mit-schlitz-sommer-abend-outfit\\\/#primaryimage\",\"url\":\"https:\\\/\\\/www.sikati.de\\\/wp-content\\\/uploads\\\/2025\\\/09\\\/Photoroom-20250912_161934_6.png\",\"contentUrl\":\"https:\\\/\\\/www.sikati.de\\\/wp-content\\\/uploads\\\/2025\\\/09\\\/Photoroom-20250912_161934_6.png\",\"width\":1706,\"height\":2560},{\"@type\":\"BreadcrumbList\",\"@id\":\"https:\\\/\\\/www.sikati.de\\\/produkt\\\/orangefarbener-zweiteiler-mit-crop-top-maxirock-mit-schlitz-sommer-abend-outfit\\\/#breadcrumb\",\"itemListElement\":[{\"@type\":\"ListItem\",\"position\":1,\"name\":\"Startseite\",\"item\":\"https:\\\/\\\/www.sikati.de\\\/\"},{\"@type\":\"ListItem\",\"position\":2,\"name\":\"Produkte\",\"item\":\"https:\\\/\\\/www.sikati.de\\\/shop\\\/\"},{\"@type\":\"ListItem\",\"position\":3,\"name\":\"Zweiteiler Orange &#8211; Crop-Top &#038; Maxirock\"}]},{\"@type\":\"WebSite\",\"@id\":\"https:\\\/\\\/www.sikati.de\\\/#website\",\"url\":\"https:\\\/\\\/www.sikati.de\\\/\",\"name\":\"Sikat\u00ed\",\"description\":\"Afro Contemporary Fashion &amp; Living\",\"publisher\":{\"@id\":\"https:\\\/\\\/www.sikati.de\\\/#organization\"},\"potentialAction\":[{\"@type\":\"SearchAction\",\"target\":{\"@type\":\"EntryPoint\",\"urlTemplate\":\"https:\\\/\\\/www.sikati.de\\\/?s={search_term_string}\"},\"query-input\":{\"@type\":\"PropertyValueSpecification\",\"valueRequired\":true,\"valueName\":\"search_term_string\"}}],\"inLanguage\":\"fr-FR\"},{\"@type\":\"Organization\",\"@id\":\"https:\\\/\\\/www.sikati.de\\\/#organization\",\"name\":\"Sikat\u00ed\",\"url\":\"https:\\\/\\\/www.sikati.de\\\/\",\"logo\":{\"@type\":\"ImageObject\",\"inLanguage\":\"fr-FR\",\"@id\":\"https:\\\/\\\/www.sikati.de\\\/#\\\/schema\\\/logo\\\/image\\\/\",\"url\":\"https:\\\/\\\/www.sikati.de\\\/wp-content\\\/uploads\\\/2019\\\/03\\\/cropped-cropped-sikati-logo.png\",\"contentUrl\":\"https:\\\/\\\/www.sikati.de\\\/wp-content\\\/uploads\\\/2019\\\/03\\\/cropped-cropped-sikati-logo.png\",\"width\":500,\"height\":201,\"caption\":\"Sikat\u00ed\"},\"image\":{\"@id\":\"https:\\\/\\\/www.sikati.de\\\/#\\\/schema\\\/logo\\\/image\\\/\"},\"sameAs\":[\"https:\\\/\\\/www.facebook.com\\\/Arts.Decoration.Style\",\"https:\\\/\\\/www.instagram.com\\\/sikati_arts\\\/\",\"https:\\\/\\\/www.tiktok.com\\\/@sikati_arts\"]}]}<\/script>\n<!-- \/ Yoast SEO plugin. -->","yoast_head_json":{"title":"Zweiteiler Orange - Crop-Top & Maxirock - Sikat\u00ed","description":"%","robots":{"index":"index","follow":"follow","max-snippet":"max-snippet:-1","max-image-preview":"max-image-preview:large","max-video-preview":"max-video-preview:-1"},"canonical":"https:\/\/www.sikati.de\/fr\/product\/orangefarbener-zweiteiler-mit-crop-top-maxirock-mit-schlitz-sommer-abend-outfit\/","og_locale":"fr_FR","og_type":"article","og_title":"Zweiteiler Orange - Crop-Top & Maxirock - Sikat\u00ed","og_description":"%","og_url":"https:\/\/www.sikati.de\/fr\/product\/orangefarbener-zweiteiler-mit-crop-top-maxirock-mit-schlitz-sommer-abend-outfit\/","og_site_name":"Sikat\u00ed","article_publisher":"https:\/\/www.facebook.com\/Arts.Decoration.Style","article_modified_time":"2026-03-21T17:23:06+00:00","og_image":[{"width":1706,"height":2560,"url":"https:\/\/www.sikati.de\/wp-content\/uploads\/2025\/09\/Photoroom-20250912_161934_6.png","type":"image\/png"}],"twitter_card":"summary_large_image","twitter_misc":{"Est. reading time":"1 minute"},"schema":{"@context":"https:\/\/schema.org","@graph":[{"@type":"WebPage","@id":"https:\/\/www.sikati.de\/produkt\/orangefarbener-zweiteiler-mit-crop-top-maxirock-mit-schlitz-sommer-abend-outfit\/","url":"https:\/\/www.sikati.de\/produkt\/orangefarbener-zweiteiler-mit-crop-top-maxirock-mit-schlitz-sommer-abend-outfit\/","name":"Zweiteiler Orange - Crop-Top & Maxirock - Sikat\u00ed","isPartOf":{"@id":"https:\/\/www.sikati.de\/#website"},"primaryImageOfPage":{"@id":"https:\/\/www.sikati.de\/produkt\/orangefarbener-zweiteiler-mit-crop-top-maxirock-mit-schlitz-sommer-abend-outfit\/#primaryimage"},"image":{"@id":"https:\/\/www.sikati.de\/produkt\/orangefarbener-zweiteiler-mit-crop-top-maxirock-mit-schlitz-sommer-abend-outfit\/#primaryimage"},"thumbnailUrl":"https:\/\/www.sikati.de\/wp-content\/uploads\/2025\/09\/Photoroom-20250912_161934_6.png","datePublished":"2025-09-26T18:24:44+00:00","dateModified":"2026-03-21T17:23:06+00:00","description":"%","breadcrumb":{"@id":"https:\/\/www.sikati.de\/produkt\/orangefarbener-zweiteiler-mit-crop-top-maxirock-mit-schlitz-sommer-abend-outfit\/#breadcrumb"},"inLanguage":"fr-FR","potentialAction":[{"@type":"ReadAction","target":["https:\/\/www.sikati.de\/produkt\/orangefarbener-zweiteiler-mit-crop-top-maxirock-mit-schlitz-sommer-abend-outfit\/"]}]},{"@type":"ImageObject","inLanguage":"fr-FR","@id":"https:\/\/www.sikati.de\/produkt\/orangefarbener-zweiteiler-mit-crop-top-maxirock-mit-schlitz-sommer-abend-outfit\/#primaryimage","url":"https:\/\/www.sikati.de\/wp-content\/uploads\/2025\/09\/Photoroom-20250912_161934_6.png","contentUrl":"https:\/\/www.sikati.de\/wp-content\/uploads\/2025\/09\/Photoroom-20250912_161934_6.png","width":1706,"height":2560},{"@type":"BreadcrumbList","@id":"https:\/\/www.sikati.de\/produkt\/orangefarbener-zweiteiler-mit-crop-top-maxirock-mit-schlitz-sommer-abend-outfit\/#breadcrumb","itemListElement":[{"@type":"ListItem","position":1,"name":"Startseite","item":"https:\/\/www.sikati.de\/"},{"@type":"ListItem","position":2,"name":"Produkte","item":"https:\/\/www.sikati.de\/shop\/"},{"@type":"ListItem","position":3,"name":"Zweiteiler Orange &#8211; Crop-Top &#038; Maxirock"}]},{"@type":"WebSite","@id":"https:\/\/www.sikati.de\/#website","url":"https:\/\/www.sikati.de\/","name":"Sika\u00ed","description":"Afro Contemporary Fashion &amp; Living","publisher":{"@id":"https:\/\/www.sikati.de\/#organization"},"potentialAction":[{"@type":"SearchAction","target":{"@type":"EntryPoint","urlTemplate":"https:\/\/www.sikati.de\/?s={search_term_string}"},"query-input":{"@type":"PropertyValueSpecification","valueRequired":true,"valueName":"search_term_string"}}],"inLanguage":"fr-FR"},{"@type":"Organization","@id":"https:\/\/www.sikati.de\/#organization","name":"Sika\u00ed","url":"https:\/\/www.sikati.de\/","logo":{"@type":"ImageObject","inLanguage":"fr-FR","@id":"https:\/\/www.sikati.de\/#\/schema\/logo\/image\/","url":"https:\/\/www.sikati.de\/wp-content\/uploads\/2019\/03\/cropped-cropped-sikati-logo.png","contentUrl":"https:\/\/www.sikati.de\/wp-content\/uploads\/2019\/03\/cropped-cropped-sikati-logo.png","width":500,"height":201,"caption":"Sikat\u00ed"},"image":{"@id":"https:\/\/www.sikati.de\/#\/schema\/logo\/image\/"},"sameAs":["https:\/\/www.facebook.com\/Arts.Decoration.Style","https:\/\/www.instagram.com\/sikati_arts\/","https:\/\/www.tiktok.com\/@sikati_arts"]}]}},"_links":{"self":[{"href":"https:\/\/www.sikati.de\/fr\/wp-json\/wp\/v2\/product\/13561","targetHints":{"allow":["GET"]}}],"collection":[{"href":"https:\/\/www.sikati.de\/fr\/wp-json\/wp\/v2\/product"}],"about":[{"href":"https:\/\/www.sikati.de\/fr\/wp-json\/wp\/v2\/types\/product"}],"wp:featuredmedia":[{"embeddable":true,"href":"https:\/\/www.sikati.de\/fr\/wp-json\/wp\/v2\/media\/13540"}],"wp:attachment":[{"href":"https:\/\/www.sikati.de\/fr\/wp-json\/wp\/v2\/media?parent=13561"}],"wp:term":[{"taxonomy":"product_brand","embeddable":true,"href":"https:\/\/www.sikati.de\/fr\/wp-json\/wp\/v2\/product_brand?post=13561"},{"taxonomy":"product_cat","embeddable":true,"href":"https:\/\/www.sikati.de\/fr\/wp-json\/wp\/v2\/product_cat?post=13561"},{"taxonomy":"product_tag","embeddable":true,"href":"https:\/\/www.sikati.de\/fr\/wp-json\/wp\/v2\/product_tag?post=13561"}],"curies":[{"name":"wp","href":"https:\/\/api.w.org\/{rel}","templated":true}]}}