{"id":13577,"date":"2025-09-26T23:25:59","date_gmt":"2025-09-26T21:25:59","guid":{"rendered":"https:\/\/www.sikati.de\/?post_type=product&#038;p=13577"},"modified":"2026-03-21T18:21:38","modified_gmt":"2026-03-21T17:21:38","slug":"schwarzes-off-shoulder-zweiteiler-set-mit-volant-top-maxirock-mit-schlitz-sommer-abendmode","status":"publish","type":"product","link":"https:\/\/www.sikati.de\/fr\/produit\/schwarzes-off-shoulder-zweiteiler-set-mit-volant-top-maxirock-mit-schlitz-sommer-abendmode\/","title":{"rendered":"Ensemble deux pi\u00e8ces noir \u00e0 \u00e9paules d\u00e9nud\u00e9es"},"content":{"rendered":"<p data-start=\"348\" data-end=\"504\">Ce style <strong data-start=\"365\" data-end=\"404\">Ensemble deux pi\u00e8ces en noir \u00e9l\u00e9gant<\/strong> est fabriqu\u00e9 \u00e0 partir de mat\u00e9riaux de haute qualit\u00e9 <strong data-start=\"426\" data-end=\"441\">tissu cr\u00eape<\/strong> Con\u00e7ue avec soin, elle allie sophistication f\u00e9minine et chic moderne.<\/p>\n<ul data-start=\"506\" data-end=\"1220\">\n<li data-start=\"506\" data-end=\"570\">\n<p data-start=\"508\" data-end=\"570\"><strong data-start=\"508\" data-end=\"518\">Couleur:<\/strong> Noir \u2013 \u00e9l\u00e9gant, intemporel et polyvalent<\/p>\n<\/li>\n<li data-start=\"571\" data-end=\"655\">\n<p data-start=\"573\" data-end=\"655\"><strong data-start=\"573\" data-end=\"586\">Mat\u00e9riel:<\/strong> Cr\u00eape \u2013 douce, fluide, respirante et confortable \u00e0 porter<\/p>\n<\/li>\n<li data-start=\"656\" data-end=\"782\">\n<p data-start=\"658\" data-end=\"782\"><strong data-start=\"658\" data-end=\"679\">D\u00e9coupe et design :<\/strong> Haut \u00e0 \u00e9paules d\u00e9nud\u00e9es et volants, taille \u00e9lastiqu\u00e9e, associ\u00e9 \u00e0 une longue jupe maxi fendue jusqu&#039;en haut de la cuisse.<\/p>\n<\/li>\n<li data-start=\"783\" data-end=\"879\">\n<p data-start=\"785\" data-end=\"879\"><strong data-start=\"785\" data-end=\"798\">Ajuster:<\/strong> La taille est cintr\u00e9e gr\u00e2ce \u00e0 la ceinture \u00e0 nouer, tandis que la jupe est ample et \u00e9l\u00e9gamment drap\u00e9e.<\/p>\n<\/li>\n<li data-start=\"880\" data-end=\"1015\">\n<p data-start=\"882\" data-end=\"1015\"><strong data-start=\"882\" data-end=\"894\">D\u00e9tails:<\/strong> Encolure f\u00e9minine \u00e0 volants, fente lat\u00e9rale pour une libert\u00e9 de mouvement optimale, ceinture \u00e0 nouer pour une silhouette flatteuse<\/p>\n<\/li>\n<li data-start=\"1016\" data-end=\"1132\">\n<p data-start=\"1018\" data-end=\"1132\"><strong data-start=\"1018\" data-end=\"1030\">Occasions :<\/strong> Parfait pour les f\u00eates d&#039;\u00e9t\u00e9, les vacances, les d\u00eeners, les soir\u00e9es ou comme tenue de ville moderne.<\/p>\n<\/li>\n<li data-start=\"1133\" data-end=\"1220\">\n<p data-start=\"1135\" data-end=\"1220\"><strong data-start=\"1135\" data-end=\"1153\">Conseils d&#039;entretien\u00a0: <\/strong>Lavable \u00e0 40 \u00b0C en cycle d\u00e9licat<\/p>\n<\/li>\n<\/ul>","protected":false},"excerpt":{"rendered":"<p>Ensemble deux pi\u00e8ces noir \u00e9l\u00e9gant compos\u00e9 d&#039;un haut \u00e0 volants \u00e9paules d\u00e9nud\u00e9es et d&#039;une jupe longue fendue. Parfait pour l&#039;\u00e9t\u00e9 et les soir\u00e9es.<br data-start=\"1476\" data-end=\"1479\" \/>Pas de facture de TVA, en tant que petite entreprise selon l&#039;article 19 (1) de la loi allemande sur la TVA (UStG).<\/p>","protected":false},"featured_media":13542,"template":"","meta":{"_acf_changed":false},"product_brand":[],"product_cat":[871,2149,1456,163],"product_tag":[2134,2140,2137,2136,2135,2139,2133,2138],"class_list":{"0":"post-13577","1":"product","2":"type-product","3":"status-publish","4":"has-post-thumbnail","6":"product_cat-damen-mode","7":"product_cat-one-colour","8":"product_cat-sets-damen-mode","9":"product_cat-sikati-designs","10":"product_tag-crepe-zweiteiler-damen","11":"product_tag-damen-zweiteiler-crepe-abendmode","12":"product_tag-elegantes-damen-set-schwarz","13":"product_tag-maxirock-mit-schlitz","14":"product_tag-off-shoulder-zweiteiler","15":"product_tag-schwarzes-abendoutfit-zweiteiler","16":"product_tag-schwarzes-zweiteiler-set-damen","17":"product_tag-sommermode-damen-crepe","19":"first","20":"instock","21":"sale","22":"shipping-taxable","23":"purchasable","24":"product-type-variable"},"acf":[],"yoast_head":"<!-- This site is optimized with the Yoast SEO plugin v27.4 - https:\/\/yoast.com\/product\/yoast-seo-wordpress\/ -->\n<title>Schwarzes Off-Shoulder Zweiteiler-Set - Sikat\u00ed<\/title>\n<meta name=\"description\" content=\"%\" \/>\n<meta name=\"robots\" content=\"index, follow, max-snippet:-1, max-image-preview:large, max-video-preview:-1\" \/>\n<link rel=\"canonical\" href=\"https:\/\/www.sikati.de\/fr\/produit\/schwarzes-off-shoulder-zweiteiler-set-mit-volant-top-maxirock-mit-schlitz-sommer-abendmode\/\" \/>\n<meta property=\"og:locale\" content=\"fr_FR\" \/>\n<meta property=\"og:type\" content=\"article\" \/>\n<meta property=\"og:title\" content=\"Schwarzes Off-Shoulder Zweiteiler-Set - Sikat\u00ed\" \/>\n<meta property=\"og:description\" content=\"%\" \/>\n<meta property=\"og:url\" content=\"https:\/\/www.sikati.de\/fr\/produit\/schwarzes-off-shoulder-zweiteiler-set-mit-volant-top-maxirock-mit-schlitz-sommer-abendmode\/\" \/>\n<meta property=\"og:site_name\" content=\"Sikat\u00ed\" \/>\n<meta property=\"article:publisher\" content=\"https:\/\/www.facebook.com\/Arts.Decoration.Style\" \/>\n<meta property=\"article:modified_time\" content=\"2026-03-21T17:21:38+00:00\" \/>\n<meta property=\"og:image\" content=\"https:\/\/www.sikati.de\/wp-content\/uploads\/2025\/09\/Photoroom-20250912_161934_8.png\" \/>\n\t<meta property=\"og:image:width\" content=\"1706\" \/>\n\t<meta property=\"og:image:height\" content=\"2560\" \/>\n\t<meta property=\"og:image:type\" content=\"image\/png\" \/>\n<meta name=\"twitter:card\" content=\"summary_large_image\" \/>\n<meta name=\"twitter:label1\" content=\"Dur\u00e9e de lecture estim\u00e9e\" \/>\n\t<meta name=\"twitter:data1\" content=\"1 minute\" \/>\n<script type=\"application\/ld+json\" class=\"yoast-schema-graph\">{\"@context\":\"https:\\\/\\\/schema.org\",\"@graph\":[{\"@type\":\"WebPage\",\"@id\":\"https:\\\/\\\/www.sikati.de\\\/produkt\\\/schwarzes-off-shoulder-zweiteiler-set-mit-volant-top-maxirock-mit-schlitz-sommer-abendmode\\\/\",\"url\":\"https:\\\/\\\/www.sikati.de\\\/produkt\\\/schwarzes-off-shoulder-zweiteiler-set-mit-volant-top-maxirock-mit-schlitz-sommer-abendmode\\\/\",\"name\":\"Schwarzes Off-Shoulder Zweiteiler-Set - Sikat\u00ed\",\"isPartOf\":{\"@id\":\"https:\\\/\\\/www.sikati.de\\\/#website\"},\"primaryImageOfPage\":{\"@id\":\"https:\\\/\\\/www.sikati.de\\\/produkt\\\/schwarzes-off-shoulder-zweiteiler-set-mit-volant-top-maxirock-mit-schlitz-sommer-abendmode\\\/#primaryimage\"},\"image\":{\"@id\":\"https:\\\/\\\/www.sikati.de\\\/produkt\\\/schwarzes-off-shoulder-zweiteiler-set-mit-volant-top-maxirock-mit-schlitz-sommer-abendmode\\\/#primaryimage\"},\"thumbnailUrl\":\"https:\\\/\\\/www.sikati.de\\\/wp-content\\\/uploads\\\/2025\\\/09\\\/Photoroom-20250912_161934_8.png\",\"datePublished\":\"2025-09-26T21:25:59+00:00\",\"dateModified\":\"2026-03-21T17:21:38+00:00\",\"description\":\"%\",\"breadcrumb\":{\"@id\":\"https:\\\/\\\/www.sikati.de\\\/produkt\\\/schwarzes-off-shoulder-zweiteiler-set-mit-volant-top-maxirock-mit-schlitz-sommer-abendmode\\\/#breadcrumb\"},\"inLanguage\":\"fr-FR\",\"potentialAction\":[{\"@type\":\"ReadAction\",\"target\":[\"https:\\\/\\\/www.sikati.de\\\/produkt\\\/schwarzes-off-shoulder-zweiteiler-set-mit-volant-top-maxirock-mit-schlitz-sommer-abendmode\\\/\"]}]},{\"@type\":\"ImageObject\",\"inLanguage\":\"fr-FR\",\"@id\":\"https:\\\/\\\/www.sikati.de\\\/produkt\\\/schwarzes-off-shoulder-zweiteiler-set-mit-volant-top-maxirock-mit-schlitz-sommer-abendmode\\\/#primaryimage\",\"url\":\"https:\\\/\\\/www.sikati.de\\\/wp-content\\\/uploads\\\/2025\\\/09\\\/Photoroom-20250912_161934_8.png\",\"contentUrl\":\"https:\\\/\\\/www.sikati.de\\\/wp-content\\\/uploads\\\/2025\\\/09\\\/Photoroom-20250912_161934_8.png\",\"width\":1706,\"height\":2560},{\"@type\":\"BreadcrumbList\",\"@id\":\"https:\\\/\\\/www.sikati.de\\\/produkt\\\/schwarzes-off-shoulder-zweiteiler-set-mit-volant-top-maxirock-mit-schlitz-sommer-abendmode\\\/#breadcrumb\",\"itemListElement\":[{\"@type\":\"ListItem\",\"position\":1,\"name\":\"Startseite\",\"item\":\"https:\\\/\\\/www.sikati.de\\\/\"},{\"@type\":\"ListItem\",\"position\":2,\"name\":\"Produkte\",\"item\":\"https:\\\/\\\/www.sikati.de\\\/shop\\\/\"},{\"@type\":\"ListItem\",\"position\":3,\"name\":\"Schwarzes Off-Shoulder Zweiteiler-Set\"}]},{\"@type\":\"WebSite\",\"@id\":\"https:\\\/\\\/www.sikati.de\\\/#website\",\"url\":\"https:\\\/\\\/www.sikati.de\\\/\",\"name\":\"Sikat\u00ed\",\"description\":\"Afro Contemporary Fashion &amp; Living\",\"publisher\":{\"@id\":\"https:\\\/\\\/www.sikati.de\\\/#organization\"},\"potentialAction\":[{\"@type\":\"SearchAction\",\"target\":{\"@type\":\"EntryPoint\",\"urlTemplate\":\"https:\\\/\\\/www.sikati.de\\\/?s={search_term_string}\"},\"query-input\":{\"@type\":\"PropertyValueSpecification\",\"valueRequired\":true,\"valueName\":\"search_term_string\"}}],\"inLanguage\":\"fr-FR\"},{\"@type\":\"Organization\",\"@id\":\"https:\\\/\\\/www.sikati.de\\\/#organization\",\"name\":\"Sikat\u00ed\",\"url\":\"https:\\\/\\\/www.sikati.de\\\/\",\"logo\":{\"@type\":\"ImageObject\",\"inLanguage\":\"fr-FR\",\"@id\":\"https:\\\/\\\/www.sikati.de\\\/#\\\/schema\\\/logo\\\/image\\\/\",\"url\":\"https:\\\/\\\/www.sikati.de\\\/wp-content\\\/uploads\\\/2019\\\/03\\\/cropped-cropped-sikati-logo.png\",\"contentUrl\":\"https:\\\/\\\/www.sikati.de\\\/wp-content\\\/uploads\\\/2019\\\/03\\\/cropped-cropped-sikati-logo.png\",\"width\":500,\"height\":201,\"caption\":\"Sikat\u00ed\"},\"image\":{\"@id\":\"https:\\\/\\\/www.sikati.de\\\/#\\\/schema\\\/logo\\\/image\\\/\"},\"sameAs\":[\"https:\\\/\\\/www.facebook.com\\\/Arts.Decoration.Style\",\"https:\\\/\\\/www.instagram.com\\\/sikati_arts\\\/\",\"https:\\\/\\\/www.tiktok.com\\\/@sikati_arts\"]}]}<\/script>\n<!-- \/ Yoast SEO plugin. -->","yoast_head_json":{"title":"Schwarzes Off-Shoulder Zweiteiler-Set - Sikat\u00ed","description":"%","robots":{"index":"index","follow":"follow","max-snippet":"max-snippet:-1","max-image-preview":"max-image-preview:large","max-video-preview":"max-video-preview:-1"},"canonical":"https:\/\/www.sikati.de\/fr\/produit\/schwarzes-off-shoulder-zweiteiler-set-mit-volant-top-maxirock-mit-schlitz-sommer-abendmode\/","og_locale":"fr_FR","og_type":"article","og_title":"Schwarzes Off-Shoulder Zweiteiler-Set - Sikat\u00ed","og_description":"%","og_url":"https:\/\/www.sikati.de\/fr\/produit\/schwarzes-off-shoulder-zweiteiler-set-mit-volant-top-maxirock-mit-schlitz-sommer-abendmode\/","og_site_name":"Sikat\u00ed","article_publisher":"https:\/\/www.facebook.com\/Arts.Decoration.Style","article_modified_time":"2026-03-21T17:21:38+00:00","og_image":[{"width":1706,"height":2560,"url":"https:\/\/www.sikati.de\/wp-content\/uploads\/2025\/09\/Photoroom-20250912_161934_8.png","type":"image\/png"}],"twitter_card":"summary_large_image","twitter_misc":{"Dur\u00e9e de lecture estim\u00e9e":"1 minute"},"schema":{"@context":"https:\/\/schema.org","@graph":[{"@type":"WebPage","@id":"https:\/\/www.sikati.de\/produkt\/schwarzes-off-shoulder-zweiteiler-set-mit-volant-top-maxirock-mit-schlitz-sommer-abendmode\/","url":"https:\/\/www.sikati.de\/produkt\/schwarzes-off-shoulder-zweiteiler-set-mit-volant-top-maxirock-mit-schlitz-sommer-abendmode\/","name":"Schwarzes Off-Shoulder Zweiteiler-Set - Sikat\u00ed","isPartOf":{"@id":"https:\/\/www.sikati.de\/#website"},"primaryImageOfPage":{"@id":"https:\/\/www.sikati.de\/produkt\/schwarzes-off-shoulder-zweiteiler-set-mit-volant-top-maxirock-mit-schlitz-sommer-abendmode\/#primaryimage"},"image":{"@id":"https:\/\/www.sikati.de\/produkt\/schwarzes-off-shoulder-zweiteiler-set-mit-volant-top-maxirock-mit-schlitz-sommer-abendmode\/#primaryimage"},"thumbnailUrl":"https:\/\/www.sikati.de\/wp-content\/uploads\/2025\/09\/Photoroom-20250912_161934_8.png","datePublished":"2025-09-26T21:25:59+00:00","dateModified":"2026-03-21T17:21:38+00:00","description":"%","breadcrumb":{"@id":"https:\/\/www.sikati.de\/produkt\/schwarzes-off-shoulder-zweiteiler-set-mit-volant-top-maxirock-mit-schlitz-sommer-abendmode\/#breadcrumb"},"inLanguage":"fr-FR","potentialAction":[{"@type":"ReadAction","target":["https:\/\/www.sikati.de\/produkt\/schwarzes-off-shoulder-zweiteiler-set-mit-volant-top-maxirock-mit-schlitz-sommer-abendmode\/"]}]},{"@type":"ImageObject","inLanguage":"fr-FR","@id":"https:\/\/www.sikati.de\/produkt\/schwarzes-off-shoulder-zweiteiler-set-mit-volant-top-maxirock-mit-schlitz-sommer-abendmode\/#primaryimage","url":"https:\/\/www.sikati.de\/wp-content\/uploads\/2025\/09\/Photoroom-20250912_161934_8.png","contentUrl":"https:\/\/www.sikati.de\/wp-content\/uploads\/2025\/09\/Photoroom-20250912_161934_8.png","width":1706,"height":2560},{"@type":"BreadcrumbList","@id":"https:\/\/www.sikati.de\/produkt\/schwarzes-off-shoulder-zweiteiler-set-mit-volant-top-maxirock-mit-schlitz-sommer-abendmode\/#breadcrumb","itemListElement":[{"@type":"ListItem","position":1,"name":"Startseite","item":"https:\/\/www.sikati.de\/"},{"@type":"ListItem","position":2,"name":"Produkte","item":"https:\/\/www.sikati.de\/shop\/"},{"@type":"ListItem","position":3,"name":"Schwarzes Off-Shoulder Zweiteiler-Set"}]},{"@type":"WebSite","@id":"https:\/\/www.sikati.de\/#website","url":"https:\/\/www.sikati.de\/","name":"Sika\u00ed","description":"Afro Contemporary Fashion &amp; Living","publisher":{"@id":"https:\/\/www.sikati.de\/#organization"},"potentialAction":[{"@type":"SearchAction","target":{"@type":"EntryPoint","urlTemplate":"https:\/\/www.sikati.de\/?s={search_term_string}"},"query-input":{"@type":"PropertyValueSpecification","valueRequired":true,"valueName":"search_term_string"}}],"inLanguage":"fr-FR"},{"@type":"Organization","@id":"https:\/\/www.sikati.de\/#organization","name":"Sika\u00ed","url":"https:\/\/www.sikati.de\/","logo":{"@type":"ImageObject","inLanguage":"fr-FR","@id":"https:\/\/www.sikati.de\/#\/schema\/logo\/image\/","url":"https:\/\/www.sikati.de\/wp-content\/uploads\/2019\/03\/cropped-cropped-sikati-logo.png","contentUrl":"https:\/\/www.sikati.de\/wp-content\/uploads\/2019\/03\/cropped-cropped-sikati-logo.png","width":500,"height":201,"caption":"Sikat\u00ed"},"image":{"@id":"https:\/\/www.sikati.de\/#\/schema\/logo\/image\/"},"sameAs":["https:\/\/www.facebook.com\/Arts.Decoration.Style","https:\/\/www.instagram.com\/sikati_arts\/","https:\/\/www.tiktok.com\/@sikati_arts"]}]}},"_links":{"self":[{"href":"https:\/\/www.sikati.de\/fr\/wp-json\/wp\/v2\/product\/13577","targetHints":{"allow":["GET"]}}],"collection":[{"href":"https:\/\/www.sikati.de\/fr\/wp-json\/wp\/v2\/product"}],"about":[{"href":"https:\/\/www.sikati.de\/fr\/wp-json\/wp\/v2\/types\/product"}],"wp:featuredmedia":[{"embeddable":true,"href":"https:\/\/www.sikati.de\/fr\/wp-json\/wp\/v2\/media\/13542"}],"wp:attachment":[{"href":"https:\/\/www.sikati.de\/fr\/wp-json\/wp\/v2\/media?parent=13577"}],"wp:term":[{"taxonomy":"product_brand","embeddable":true,"href":"https:\/\/www.sikati.de\/fr\/wp-json\/wp\/v2\/product_brand?post=13577"},{"taxonomy":"product_cat","embeddable":true,"href":"https:\/\/www.sikati.de\/fr\/wp-json\/wp\/v2\/product_cat?post=13577"},{"taxonomy":"product_tag","embeddable":true,"href":"https:\/\/www.sikati.de\/fr\/wp-json\/wp\/v2\/product_tag?post=13577"}],"curies":[{"name":"wp","href":"https:\/\/api.w.org\/{rel}","templated":true}]}}