{"id":13742,"date":"2025-10-13T22:24:07","date_gmt":"2025-10-13T20:24:07","guid":{"rendered":"https:\/\/www.sikati.de\/?post_type=product&#038;p=13742"},"modified":"2026-04-12T18:00:42","modified_gmt":"2026-04-12T16:00:42","slug":"afrikanischer-rucksack-im-modernen-ethno-design","status":"publish","type":"product","link":"https:\/\/www.sikati.de\/fr\/produit\/afrikanischer-rucksack-im-modernen-ethno-design\/","title":{"rendered":"Sac \u00e0 dos africain au design ethnique moderne"},"content":{"rendered":"<p>Ce sac \u00e0 dos artisanal en toile de jute de haute qualit\u00e9 allie naturel, stabilit\u00e9 et <strong data-start=\"384\" data-end=\"408\">motifs africains<\/strong>. Ce tissu robuste est \u00e0 la fois durable et l\u00e9ger, tandis que son motif color\u00e9 apporte une touche d&#039;originalit\u00e9 \u00e0 toutes vos tenues. Id\u00e9al au quotidien, \u00e0 l&#039;\u00e9cole ou en voyage, c&#039;est un accessoire \u00e9l\u00e9gant et culturel.<\/p>","protected":false},"excerpt":{"rendered":"<p>Sac \u00e0 dos l\u00e9ger et robuste en toile de jute \u00e0 motif africain \u2013 pratique, naturel et tendance.<br data-start=\"775\" data-end=\"778\" \/>Pas de facture de TVA, en tant que petite entreprise selon l&#039;article 19 (1) de la loi allemande sur la TVA (UStG).<\/p>","protected":false},"featured_media":13740,"template":"","meta":{"_acf_changed":false},"product_brand":[],"product_cat":[337,1813,198],"product_tag":[1603,2159,2161,2162,2163,2160,2165,1531,2164,2166],"class_list":{"0":"post-13742","1":"product","2":"type-product","3":"status-publish","4":"has-post-thumbnail","6":"product_cat-rucksacke-brusttaschen","7":"product_cat-sikati-accessoires","8":"product_cat-taschen","9":"product_tag-african-style","10":"product_tag-afrikanischer-rucksack","11":"product_tag-afrikanisches-design","12":"product_tag-ethno-look","13":"product_tag-handmade","14":"product_tag-jute-canvas","15":"product_tag-nachhaltige-tasche","16":"product_tag-sikati","17":"product_tag-stoffrucksack","18":"product_tag-unisex-backpack","20":"first","21":"instock","22":"shipping-taxable","23":"purchasable","24":"product-type-variable"},"acf":[],"yoast_head":"<!-- This site is optimized with the Yoast SEO plugin v27.4 - https:\/\/yoast.com\/product\/yoast-seo-wordpress\/ -->\n<title>Afrikanischer Rucksack im modernen Ethno-Design - Sikat\u00ed<\/title>\n<meta name=\"description\" content=\"%\" \/>\n<meta name=\"robots\" content=\"index, follow, max-snippet:-1, max-image-preview:large, max-video-preview:-1\" \/>\n<link rel=\"canonical\" href=\"https:\/\/www.sikati.de\/fr\/produit\/afrikanischer-rucksack-im-modernen-ethno-design\/\" \/>\n<meta property=\"og:locale\" content=\"fr_FR\" \/>\n<meta property=\"og:type\" content=\"article\" \/>\n<meta property=\"og:title\" content=\"Afrikanischer Rucksack im modernen Ethno-Design - Sikat\u00ed\" \/>\n<meta property=\"og:description\" content=\"%\" \/>\n<meta property=\"og:url\" content=\"https:\/\/www.sikati.de\/fr\/produit\/afrikanischer-rucksack-im-modernen-ethno-design\/\" \/>\n<meta property=\"og:site_name\" content=\"Sikat\u00ed\" \/>\n<meta property=\"article:publisher\" content=\"https:\/\/www.facebook.com\/Arts.Decoration.Style\" \/>\n<meta property=\"article:modified_time\" content=\"2026-04-12T16:00:42+00:00\" \/>\n<meta property=\"og:image\" content=\"https:\/\/www.sikati.de\/wp-content\/uploads\/2025\/10\/Photoroom-20251013_181708_3.png\" \/>\n\t<meta property=\"og:image:width\" content=\"1080\" \/>\n\t<meta property=\"og:image:height\" content=\"720\" \/>\n\t<meta property=\"og:image:type\" content=\"image\/png\" \/>\n<meta name=\"twitter:card\" content=\"summary_large_image\" \/>\n<meta name=\"twitter:label1\" content=\"Dur\u00e9e de lecture estim\u00e9e\" \/>\n\t<meta name=\"twitter:data1\" content=\"1 minute\" \/>\n<script type=\"application\/ld+json\" class=\"yoast-schema-graph\">{\"@context\":\"https:\\\/\\\/schema.org\",\"@graph\":[{\"@type\":\"WebPage\",\"@id\":\"https:\\\/\\\/www.sikati.de\\\/produkt\\\/afrikanischer-rucksack-im-modernen-ethno-design\\\/\",\"url\":\"https:\\\/\\\/www.sikati.de\\\/produkt\\\/afrikanischer-rucksack-im-modernen-ethno-design\\\/\",\"name\":\"Afrikanischer Rucksack im modernen Ethno-Design - Sikat\u00ed\",\"isPartOf\":{\"@id\":\"https:\\\/\\\/www.sikati.de\\\/#website\"},\"primaryImageOfPage\":{\"@id\":\"https:\\\/\\\/www.sikati.de\\\/produkt\\\/afrikanischer-rucksack-im-modernen-ethno-design\\\/#primaryimage\"},\"image\":{\"@id\":\"https:\\\/\\\/www.sikati.de\\\/produkt\\\/afrikanischer-rucksack-im-modernen-ethno-design\\\/#primaryimage\"},\"thumbnailUrl\":\"https:\\\/\\\/www.sikati.de\\\/wp-content\\\/uploads\\\/2025\\\/10\\\/Photoroom-20251013_181708_3.png\",\"datePublished\":\"2025-10-13T20:24:07+00:00\",\"dateModified\":\"2026-04-12T16:00:42+00:00\",\"description\":\"%\",\"breadcrumb\":{\"@id\":\"https:\\\/\\\/www.sikati.de\\\/produkt\\\/afrikanischer-rucksack-im-modernen-ethno-design\\\/#breadcrumb\"},\"inLanguage\":\"fr-FR\",\"potentialAction\":[{\"@type\":\"ReadAction\",\"target\":[\"https:\\\/\\\/www.sikati.de\\\/produkt\\\/afrikanischer-rucksack-im-modernen-ethno-design\\\/\"]}]},{\"@type\":\"ImageObject\",\"inLanguage\":\"fr-FR\",\"@id\":\"https:\\\/\\\/www.sikati.de\\\/produkt\\\/afrikanischer-rucksack-im-modernen-ethno-design\\\/#primaryimage\",\"url\":\"https:\\\/\\\/www.sikati.de\\\/wp-content\\\/uploads\\\/2025\\\/10\\\/Photoroom-20251013_181708_3.png\",\"contentUrl\":\"https:\\\/\\\/www.sikati.de\\\/wp-content\\\/uploads\\\/2025\\\/10\\\/Photoroom-20251013_181708_3.png\",\"width\":1080,\"height\":720},{\"@type\":\"BreadcrumbList\",\"@id\":\"https:\\\/\\\/www.sikati.de\\\/produkt\\\/afrikanischer-rucksack-im-modernen-ethno-design\\\/#breadcrumb\",\"itemListElement\":[{\"@type\":\"ListItem\",\"position\":1,\"name\":\"Startseite\",\"item\":\"https:\\\/\\\/www.sikati.de\\\/\"},{\"@type\":\"ListItem\",\"position\":2,\"name\":\"Produkte\",\"item\":\"https:\\\/\\\/www.sikati.de\\\/shop\\\/\"},{\"@type\":\"ListItem\",\"position\":3,\"name\":\"Afrikanischer Rucksack im modernen Ethno-Design\"}]},{\"@type\":\"WebSite\",\"@id\":\"https:\\\/\\\/www.sikati.de\\\/#website\",\"url\":\"https:\\\/\\\/www.sikati.de\\\/\",\"name\":\"Sikat\u00ed\",\"description\":\"Afro Contemporary Fashion &amp; Living\",\"publisher\":{\"@id\":\"https:\\\/\\\/www.sikati.de\\\/#organization\"},\"potentialAction\":[{\"@type\":\"SearchAction\",\"target\":{\"@type\":\"EntryPoint\",\"urlTemplate\":\"https:\\\/\\\/www.sikati.de\\\/?s={search_term_string}\"},\"query-input\":{\"@type\":\"PropertyValueSpecification\",\"valueRequired\":true,\"valueName\":\"search_term_string\"}}],\"inLanguage\":\"fr-FR\"},{\"@type\":\"Organization\",\"@id\":\"https:\\\/\\\/www.sikati.de\\\/#organization\",\"name\":\"Sikat\u00ed\",\"url\":\"https:\\\/\\\/www.sikati.de\\\/\",\"logo\":{\"@type\":\"ImageObject\",\"inLanguage\":\"fr-FR\",\"@id\":\"https:\\\/\\\/www.sikati.de\\\/#\\\/schema\\\/logo\\\/image\\\/\",\"url\":\"https:\\\/\\\/www.sikati.de\\\/wp-content\\\/uploads\\\/2019\\\/03\\\/cropped-cropped-sikati-logo.png\",\"contentUrl\":\"https:\\\/\\\/www.sikati.de\\\/wp-content\\\/uploads\\\/2019\\\/03\\\/cropped-cropped-sikati-logo.png\",\"width\":500,\"height\":201,\"caption\":\"Sikat\u00ed\"},\"image\":{\"@id\":\"https:\\\/\\\/www.sikati.de\\\/#\\\/schema\\\/logo\\\/image\\\/\"},\"sameAs\":[\"https:\\\/\\\/www.facebook.com\\\/Arts.Decoration.Style\",\"https:\\\/\\\/www.instagram.com\\\/sikati_arts\\\/\",\"https:\\\/\\\/www.tiktok.com\\\/@sikati_arts\"]}]}<\/script>\n<!-- \/ Yoast SEO plugin. -->","yoast_head_json":{"title":"Afrikanischer Rucksack im modernen Ethno-Design - Sikat\u00ed","description":"%","robots":{"index":"index","follow":"follow","max-snippet":"max-snippet:-1","max-image-preview":"max-image-preview:large","max-video-preview":"max-video-preview:-1"},"canonical":"https:\/\/www.sikati.de\/fr\/produit\/afrikanischer-rucksack-im-modernen-ethno-design\/","og_locale":"fr_FR","og_type":"article","og_title":"Afrikanischer Rucksack im modernen Ethno-Design - Sikat\u00ed","og_description":"%","og_url":"https:\/\/www.sikati.de\/fr\/produit\/afrikanischer-rucksack-im-modernen-ethno-design\/","og_site_name":"Sikat\u00ed","article_publisher":"https:\/\/www.facebook.com\/Arts.Decoration.Style","article_modified_time":"2026-04-12T16:00:42+00:00","og_image":[{"width":1080,"height":720,"url":"https:\/\/www.sikati.de\/wp-content\/uploads\/2025\/10\/Photoroom-20251013_181708_3.png","type":"image\/png"}],"twitter_card":"summary_large_image","twitter_misc":{"Dur\u00e9e de lecture estim\u00e9e":"1 minute"},"schema":{"@context":"https:\/\/schema.org","@graph":[{"@type":"WebPage","@id":"https:\/\/www.sikati.de\/produkt\/afrikanischer-rucksack-im-modernen-ethno-design\/","url":"https:\/\/www.sikati.de\/produkt\/afrikanischer-rucksack-im-modernen-ethno-design\/","name":"Afrikanischer Rucksack im modernen Ethno-Design - Sikat\u00ed","isPartOf":{"@id":"https:\/\/www.sikati.de\/#website"},"primaryImageOfPage":{"@id":"https:\/\/www.sikati.de\/produkt\/afrikanischer-rucksack-im-modernen-ethno-design\/#primaryimage"},"image":{"@id":"https:\/\/www.sikati.de\/produkt\/afrikanischer-rucksack-im-modernen-ethno-design\/#primaryimage"},"thumbnailUrl":"https:\/\/www.sikati.de\/wp-content\/uploads\/2025\/10\/Photoroom-20251013_181708_3.png","datePublished":"2025-10-13T20:24:07+00:00","dateModified":"2026-04-12T16:00:42+00:00","description":"%","breadcrumb":{"@id":"https:\/\/www.sikati.de\/produkt\/afrikanischer-rucksack-im-modernen-ethno-design\/#breadcrumb"},"inLanguage":"fr-FR","potentialAction":[{"@type":"ReadAction","target":["https:\/\/www.sikati.de\/produkt\/afrikanischer-rucksack-im-modernen-ethno-design\/"]}]},{"@type":"ImageObject","inLanguage":"fr-FR","@id":"https:\/\/www.sikati.de\/produkt\/afrikanischer-rucksack-im-modernen-ethno-design\/#primaryimage","url":"https:\/\/www.sikati.de\/wp-content\/uploads\/2025\/10\/Photoroom-20251013_181708_3.png","contentUrl":"https:\/\/www.sikati.de\/wp-content\/uploads\/2025\/10\/Photoroom-20251013_181708_3.png","width":1080,"height":720},{"@type":"BreadcrumbList","@id":"https:\/\/www.sikati.de\/produkt\/afrikanischer-rucksack-im-modernen-ethno-design\/#breadcrumb","itemListElement":[{"@type":"ListItem","position":1,"name":"Startseite","item":"https:\/\/www.sikati.de\/"},{"@type":"ListItem","position":2,"name":"Produkte","item":"https:\/\/www.sikati.de\/shop\/"},{"@type":"ListItem","position":3,"name":"Afrikanischer Rucksack im modernen Ethno-Design"}]},{"@type":"WebSite","@id":"https:\/\/www.sikati.de\/#website","url":"https:\/\/www.sikati.de\/","name":"Sika\u00ed","description":"Afro Contemporary Fashion &amp; Living","publisher":{"@id":"https:\/\/www.sikati.de\/#organization"},"potentialAction":[{"@type":"SearchAction","target":{"@type":"EntryPoint","urlTemplate":"https:\/\/www.sikati.de\/?s={search_term_string}"},"query-input":{"@type":"PropertyValueSpecification","valueRequired":true,"valueName":"search_term_string"}}],"inLanguage":"fr-FR"},{"@type":"Organization","@id":"https:\/\/www.sikati.de\/#organization","name":"Sika\u00ed","url":"https:\/\/www.sikati.de\/","logo":{"@type":"ImageObject","inLanguage":"fr-FR","@id":"https:\/\/www.sikati.de\/#\/schema\/logo\/image\/","url":"https:\/\/www.sikati.de\/wp-content\/uploads\/2019\/03\/cropped-cropped-sikati-logo.png","contentUrl":"https:\/\/www.sikati.de\/wp-content\/uploads\/2019\/03\/cropped-cropped-sikati-logo.png","width":500,"height":201,"caption":"Sikat\u00ed"},"image":{"@id":"https:\/\/www.sikati.de\/#\/schema\/logo\/image\/"},"sameAs":["https:\/\/www.facebook.com\/Arts.Decoration.Style","https:\/\/www.instagram.com\/sikati_arts\/","https:\/\/www.tiktok.com\/@sikati_arts"]}]}},"_links":{"self":[{"href":"https:\/\/www.sikati.de\/fr\/wp-json\/wp\/v2\/product\/13742","targetHints":{"allow":["GET"]}}],"collection":[{"href":"https:\/\/www.sikati.de\/fr\/wp-json\/wp\/v2\/product"}],"about":[{"href":"https:\/\/www.sikati.de\/fr\/wp-json\/wp\/v2\/types\/product"}],"wp:featuredmedia":[{"embeddable":true,"href":"https:\/\/www.sikati.de\/fr\/wp-json\/wp\/v2\/media\/13740"}],"wp:attachment":[{"href":"https:\/\/www.sikati.de\/fr\/wp-json\/wp\/v2\/media?parent=13742"}],"wp:term":[{"taxonomy":"product_brand","embeddable":true,"href":"https:\/\/www.sikati.de\/fr\/wp-json\/wp\/v2\/product_brand?post=13742"},{"taxonomy":"product_cat","embeddable":true,"href":"https:\/\/www.sikati.de\/fr\/wp-json\/wp\/v2\/product_cat?post=13742"},{"taxonomy":"product_tag","embeddable":true,"href":"https:\/\/www.sikati.de\/fr\/wp-json\/wp\/v2\/product_tag?post=13742"}],"curies":[{"name":"wp","href":"https:\/\/api.w.org\/{rel}","templated":true}]}}