{"id":13775,"date":"2025-10-14T22:58:22","date_gmt":"2025-10-14T20:58:22","guid":{"rendered":"https:\/\/www.sikati.de\/?post_type=product&#038;p=13775"},"modified":"2026-03-20T22:21:52","modified_gmt":"2026-03-20T21:21:52","slug":"colorgrid-rucksack-geometrisches-design-in-trendfarben","status":"publish","type":"product","link":"https:\/\/www.sikati.de\/fr\/produit\/colorgrid-rucksack-geometrisches-design-in-trendfarben\/","title":{"rendered":"ColorGrid Rucksack \u2013 Geometrisches Design in Trendfarben"},"content":{"rendered":"<p>Der <strong data-start=\"220\" data-end=\"242\">ColorGrid Rucksack<\/strong> vereint modernes Design mit Funktionalit\u00e4t. Das geometrische Linienmuster und die lebendigen Farbverl\u00e4ufe machen ihn zu einem echten Hingucker \u2013 egal ob in der Stadt, auf Reisen oder in der Schule.<br data-start=\"440\" data-end=\"443\" \/>Hergestellt aus robustem, leichtem Material bietet er genug Platz f\u00fcr Laptop, B\u00fccher oder Alltagsutensilien. Die gepolsterten Schultergurte sorgen f\u00fcr hohen Tragekomfort, w\u00e4hrend das auff\u00e4llige Design deinen Look perfekt abrundet.<br data-start=\"673\" data-end=\"676\" \/>Erh\u00e4ltlich in vier trendigen Farbvarianten: <strong data-start=\"720\" data-end=\"728\">Blau<\/strong>, <strong data-start=\"730\" data-end=\"740\">Orange<\/strong>, <strong data-start=\"742\" data-end=\"750\">Pink<\/strong> et <strong data-start=\"755\" data-end=\"767\">Gelbgr\u00fcn<\/strong>.<\/p>","protected":false},"excerpt":{"rendered":"<p>Stylischer Rucksack mit geometrischem Muster und kr\u00e4ftigen Farbverl\u00e4ufen \u2013 perfekt f\u00fcr Alltag, Schule und Freizeit.<br data-start=\"927\" data-end=\"930\" \/>Pas de facture de TVA, en tant que petite entreprise selon l&#039;article 19 (1) de la loi allemande sur la TVA (UStG).<\/p>","protected":false},"featured_media":13768,"template":"","meta":{"_acf_changed":false},"product_brand":[],"product_cat":[1429,1419,1731],"product_tag":[2167,2168,2170,1489,1497,2171,2174,1485,730,2169,2173,2166,2172,2175],"class_list":{"0":"post-13775","1":"product","2":"type-product","3":"status-publish","4":"has-post-thumbnail","6":"product_cat-accessoires-lyne-collections","7":"product_cat-lyne-collections","8":"product_cat-rucksaecke","9":"product_tag-colorgrid-rucksack","10":"product_tag-design-rucksack","11":"product_tag-farbiger-rucksack","12":"product_tag-freizeitrucksack","13":"product_tag-geometrisches-muster","14":"product_tag-laptoprucksack","15":"product_tag-mode-accessoire","16":"product_tag-moderner-rucksack","17":"product_tag-schulrucksack","18":"product_tag-stylischer-backpack","19":"product_tag-trendiger-rucksack","20":"product_tag-unisex-backpack","21":"product_tag-unisex-rucksack","22":"product_tag-urban-style-rucksack","24":"first","25":"instock","26":"sale","27":"shipping-taxable","28":"purchasable","29":"product-type-variable"},"acf":[],"yoast_head":"<!-- This site is optimized with the Yoast SEO plugin v27.3 - https:\/\/yoast.com\/product\/yoast-seo-wordpress\/ -->\n<title>ColorGrid Rucksack \u2013 Geometrisches Design in Trendfarben - Sikat\u00ed<\/title>\n<meta name=\"description\" content=\"%\" \/>\n<meta name=\"robots\" content=\"index, follow, max-snippet:-1, max-image-preview:large, max-video-preview:-1\" \/>\n<link rel=\"canonical\" href=\"https:\/\/www.sikati.de\/fr\/produit\/colorgrid-rucksack-geometrisches-design-in-trendfarben\/\" \/>\n<meta property=\"og:locale\" content=\"fr_FR\" \/>\n<meta property=\"og:type\" content=\"article\" \/>\n<meta property=\"og:title\" content=\"ColorGrid Rucksack \u2013 Geometrisches Design in Trendfarben - Sikat\u00ed\" \/>\n<meta property=\"og:description\" content=\"%\" \/>\n<meta property=\"og:url\" content=\"https:\/\/www.sikati.de\/fr\/produit\/colorgrid-rucksack-geometrisches-design-in-trendfarben\/\" \/>\n<meta property=\"og:site_name\" content=\"Sikat\u00ed\" \/>\n<meta property=\"article:publisher\" content=\"https:\/\/www.facebook.com\/Arts.Decoration.Style\" \/>\n<meta property=\"article:modified_time\" content=\"2026-03-20T21:21:52+00:00\" \/>\n<meta property=\"og:image\" content=\"https:\/\/www.sikati.de\/wp-content\/uploads\/2025\/10\/Photoroom-20250125_230910_6-1-1024x1024.png\" \/>\n\t<meta property=\"og:image:width\" content=\"1024\" \/>\n\t<meta property=\"og:image:height\" content=\"1024\" \/>\n\t<meta property=\"og:image:type\" content=\"image\/png\" \/>\n<meta name=\"twitter:card\" content=\"summary_large_image\" \/>\n<meta name=\"twitter:label1\" content=\"Dur\u00e9e de lecture estim\u00e9e\" \/>\n\t<meta name=\"twitter:data1\" content=\"1 minute\" \/>\n<script type=\"application\/ld+json\" class=\"yoast-schema-graph\">{\"@context\":\"https:\\\/\\\/schema.org\",\"@graph\":[{\"@type\":\"WebPage\",\"@id\":\"https:\\\/\\\/www.sikati.de\\\/produkt\\\/colorgrid-rucksack-geometrisches-design-in-trendfarben\\\/\",\"url\":\"https:\\\/\\\/www.sikati.de\\\/produkt\\\/colorgrid-rucksack-geometrisches-design-in-trendfarben\\\/\",\"name\":\"ColorGrid Rucksack \u2013 Geometrisches Design in Trendfarben - Sikat\u00ed\",\"isPartOf\":{\"@id\":\"https:\\\/\\\/www.sikati.de\\\/#website\"},\"primaryImageOfPage\":{\"@id\":\"https:\\\/\\\/www.sikati.de\\\/produkt\\\/colorgrid-rucksack-geometrisches-design-in-trendfarben\\\/#primaryimage\"},\"image\":{\"@id\":\"https:\\\/\\\/www.sikati.de\\\/produkt\\\/colorgrid-rucksack-geometrisches-design-in-trendfarben\\\/#primaryimage\"},\"thumbnailUrl\":\"https:\\\/\\\/www.sikati.de\\\/wp-content\\\/uploads\\\/2025\\\/10\\\/Photoroom-20250125_230910_6-1.png\",\"datePublished\":\"2025-10-14T20:58:22+00:00\",\"dateModified\":\"2026-03-20T21:21:52+00:00\",\"description\":\"%\",\"breadcrumb\":{\"@id\":\"https:\\\/\\\/www.sikati.de\\\/produkt\\\/colorgrid-rucksack-geometrisches-design-in-trendfarben\\\/#breadcrumb\"},\"inLanguage\":\"fr-FR\",\"potentialAction\":[{\"@type\":\"ReadAction\",\"target\":[\"https:\\\/\\\/www.sikati.de\\\/produkt\\\/colorgrid-rucksack-geometrisches-design-in-trendfarben\\\/\"]}]},{\"@type\":\"ImageObject\",\"inLanguage\":\"fr-FR\",\"@id\":\"https:\\\/\\\/www.sikati.de\\\/produkt\\\/colorgrid-rucksack-geometrisches-design-in-trendfarben\\\/#primaryimage\",\"url\":\"https:\\\/\\\/www.sikati.de\\\/wp-content\\\/uploads\\\/2025\\\/10\\\/Photoroom-20250125_230910_6-1.png\",\"contentUrl\":\"https:\\\/\\\/www.sikati.de\\\/wp-content\\\/uploads\\\/2025\\\/10\\\/Photoroom-20250125_230910_6-1.png\",\"width\":2000,\"height\":2000},{\"@type\":\"BreadcrumbList\",\"@id\":\"https:\\\/\\\/www.sikati.de\\\/produkt\\\/colorgrid-rucksack-geometrisches-design-in-trendfarben\\\/#breadcrumb\",\"itemListElement\":[{\"@type\":\"ListItem\",\"position\":1,\"name\":\"Startseite\",\"item\":\"https:\\\/\\\/www.sikati.de\\\/\"},{\"@type\":\"ListItem\",\"position\":2,\"name\":\"Produkte\",\"item\":\"https:\\\/\\\/www.sikati.de\\\/shop\\\/\"},{\"@type\":\"ListItem\",\"position\":3,\"name\":\"ColorGrid Rucksack \u2013 Geometrisches Design in Trendfarben\"}]},{\"@type\":\"WebSite\",\"@id\":\"https:\\\/\\\/www.sikati.de\\\/#website\",\"url\":\"https:\\\/\\\/www.sikati.de\\\/\",\"name\":\"Sikat\u00ed\",\"description\":\"Afro Contemporary Fashion &amp; Living\",\"publisher\":{\"@id\":\"https:\\\/\\\/www.sikati.de\\\/#organization\"},\"potentialAction\":[{\"@type\":\"SearchAction\",\"target\":{\"@type\":\"EntryPoint\",\"urlTemplate\":\"https:\\\/\\\/www.sikati.de\\\/?s={search_term_string}\"},\"query-input\":{\"@type\":\"PropertyValueSpecification\",\"valueRequired\":true,\"valueName\":\"search_term_string\"}}],\"inLanguage\":\"fr-FR\"},{\"@type\":\"Organization\",\"@id\":\"https:\\\/\\\/www.sikati.de\\\/#organization\",\"name\":\"Sikat\u00ed\",\"url\":\"https:\\\/\\\/www.sikati.de\\\/\",\"logo\":{\"@type\":\"ImageObject\",\"inLanguage\":\"fr-FR\",\"@id\":\"https:\\\/\\\/www.sikati.de\\\/#\\\/schema\\\/logo\\\/image\\\/\",\"url\":\"https:\\\/\\\/www.sikati.de\\\/wp-content\\\/uploads\\\/2019\\\/03\\\/cropped-cropped-sikati-logo.png\",\"contentUrl\":\"https:\\\/\\\/www.sikati.de\\\/wp-content\\\/uploads\\\/2019\\\/03\\\/cropped-cropped-sikati-logo.png\",\"width\":500,\"height\":201,\"caption\":\"Sikat\u00ed\"},\"image\":{\"@id\":\"https:\\\/\\\/www.sikati.de\\\/#\\\/schema\\\/logo\\\/image\\\/\"},\"sameAs\":[\"https:\\\/\\\/www.facebook.com\\\/Arts.Decoration.Style\",\"https:\\\/\\\/www.instagram.com\\\/sikati_arts\\\/\",\"https:\\\/\\\/www.tiktok.com\\\/@sikati_arts\"]}]}<\/script>\n<!-- \/ Yoast SEO plugin. -->","yoast_head_json":{"title":"ColorGrid Rucksack \u2013 Geometrisches Design in Trendfarben - Sikat\u00ed","description":"%","robots":{"index":"index","follow":"follow","max-snippet":"max-snippet:-1","max-image-preview":"max-image-preview:large","max-video-preview":"max-video-preview:-1"},"canonical":"https:\/\/www.sikati.de\/fr\/produit\/colorgrid-rucksack-geometrisches-design-in-trendfarben\/","og_locale":"fr_FR","og_type":"article","og_title":"ColorGrid Rucksack \u2013 Geometrisches Design in Trendfarben - Sikat\u00ed","og_description":"%","og_url":"https:\/\/www.sikati.de\/fr\/produit\/colorgrid-rucksack-geometrisches-design-in-trendfarben\/","og_site_name":"Sikat\u00ed","article_publisher":"https:\/\/www.facebook.com\/Arts.Decoration.Style","article_modified_time":"2026-03-20T21:21:52+00:00","og_image":[{"width":1024,"height":1024,"url":"https:\/\/www.sikati.de\/wp-content\/uploads\/2025\/10\/Photoroom-20250125_230910_6-1-1024x1024.png","type":"image\/png"}],"twitter_card":"summary_large_image","twitter_misc":{"Dur\u00e9e de lecture estim\u00e9e":"1 minute"},"schema":{"@context":"https:\/\/schema.org","@graph":[{"@type":"WebPage","@id":"https:\/\/www.sikati.de\/produkt\/colorgrid-rucksack-geometrisches-design-in-trendfarben\/","url":"https:\/\/www.sikati.de\/produkt\/colorgrid-rucksack-geometrisches-design-in-trendfarben\/","name":"ColorGrid Rucksack \u2013 Geometrisches Design in Trendfarben - Sikat\u00ed","isPartOf":{"@id":"https:\/\/www.sikati.de\/#website"},"primaryImageOfPage":{"@id":"https:\/\/www.sikati.de\/produkt\/colorgrid-rucksack-geometrisches-design-in-trendfarben\/#primaryimage"},"image":{"@id":"https:\/\/www.sikati.de\/produkt\/colorgrid-rucksack-geometrisches-design-in-trendfarben\/#primaryimage"},"thumbnailUrl":"https:\/\/www.sikati.de\/wp-content\/uploads\/2025\/10\/Photoroom-20250125_230910_6-1.png","datePublished":"2025-10-14T20:58:22+00:00","dateModified":"2026-03-20T21:21:52+00:00","description":"%","breadcrumb":{"@id":"https:\/\/www.sikati.de\/produkt\/colorgrid-rucksack-geometrisches-design-in-trendfarben\/#breadcrumb"},"inLanguage":"fr-FR","potentialAction":[{"@type":"ReadAction","target":["https:\/\/www.sikati.de\/produkt\/colorgrid-rucksack-geometrisches-design-in-trendfarben\/"]}]},{"@type":"ImageObject","inLanguage":"fr-FR","@id":"https:\/\/www.sikati.de\/produkt\/colorgrid-rucksack-geometrisches-design-in-trendfarben\/#primaryimage","url":"https:\/\/www.sikati.de\/wp-content\/uploads\/2025\/10\/Photoroom-20250125_230910_6-1.png","contentUrl":"https:\/\/www.sikati.de\/wp-content\/uploads\/2025\/10\/Photoroom-20250125_230910_6-1.png","width":2000,"height":2000},{"@type":"BreadcrumbList","@id":"https:\/\/www.sikati.de\/produkt\/colorgrid-rucksack-geometrisches-design-in-trendfarben\/#breadcrumb","itemListElement":[{"@type":"ListItem","position":1,"name":"Startseite","item":"https:\/\/www.sikati.de\/"},{"@type":"ListItem","position":2,"name":"Produkte","item":"https:\/\/www.sikati.de\/shop\/"},{"@type":"ListItem","position":3,"name":"ColorGrid Rucksack \u2013 Geometrisches Design in Trendfarben"}]},{"@type":"WebSite","@id":"https:\/\/www.sikati.de\/#website","url":"https:\/\/www.sikati.de\/","name":"Sika\u00ed","description":"Afro Contemporary Fashion &amp; Living","publisher":{"@id":"https:\/\/www.sikati.de\/#organization"},"potentialAction":[{"@type":"SearchAction","target":{"@type":"EntryPoint","urlTemplate":"https:\/\/www.sikati.de\/?s={search_term_string}"},"query-input":{"@type":"PropertyValueSpecification","valueRequired":true,"valueName":"search_term_string"}}],"inLanguage":"fr-FR"},{"@type":"Organization","@id":"https:\/\/www.sikati.de\/#organization","name":"Sika\u00ed","url":"https:\/\/www.sikati.de\/","logo":{"@type":"ImageObject","inLanguage":"fr-FR","@id":"https:\/\/www.sikati.de\/#\/schema\/logo\/image\/","url":"https:\/\/www.sikati.de\/wp-content\/uploads\/2019\/03\/cropped-cropped-sikati-logo.png","contentUrl":"https:\/\/www.sikati.de\/wp-content\/uploads\/2019\/03\/cropped-cropped-sikati-logo.png","width":500,"height":201,"caption":"Sikat\u00ed"},"image":{"@id":"https:\/\/www.sikati.de\/#\/schema\/logo\/image\/"},"sameAs":["https:\/\/www.facebook.com\/Arts.Decoration.Style","https:\/\/www.instagram.com\/sikati_arts\/","https:\/\/www.tiktok.com\/@sikati_arts"]}]}},"_links":{"self":[{"href":"https:\/\/www.sikati.de\/fr\/wp-json\/wp\/v2\/product\/13775","targetHints":{"allow":["GET"]}}],"collection":[{"href":"https:\/\/www.sikati.de\/fr\/wp-json\/wp\/v2\/product"}],"about":[{"href":"https:\/\/www.sikati.de\/fr\/wp-json\/wp\/v2\/types\/product"}],"wp:featuredmedia":[{"embeddable":true,"href":"https:\/\/www.sikati.de\/fr\/wp-json\/wp\/v2\/media\/13768"}],"wp:attachment":[{"href":"https:\/\/www.sikati.de\/fr\/wp-json\/wp\/v2\/media?parent=13775"}],"wp:term":[{"taxonomy":"product_brand","embeddable":true,"href":"https:\/\/www.sikati.de\/fr\/wp-json\/wp\/v2\/product_brand?post=13775"},{"taxonomy":"product_cat","embeddable":true,"href":"https:\/\/www.sikati.de\/fr\/wp-json\/wp\/v2\/product_cat?post=13775"},{"taxonomy":"product_tag","embeddable":true,"href":"https:\/\/www.sikati.de\/fr\/wp-json\/wp\/v2\/product_tag?post=13775"}],"curies":[{"name":"wp","href":"https:\/\/api.w.org\/{rel}","templated":true}]}}