{"id":13881,"date":"2025-11-16T22:37:28","date_gmt":"2025-11-16T21:37:28","guid":{"rendered":"https:\/\/www.sikati.de\/?post_type=product&#038;p=13881"},"modified":"2026-03-20T21:12:58","modified_gmt":"2026-03-20T20:12:58","slug":"sikati-mabela-runway-set-kimono-bustier-shorts","status":"publish","type":"product","link":"https:\/\/www.sikati.de\/fr\/produit\/sikati-mabela-runway-set-kimono-bustier-shorts\/","title":{"rendered":"Ensemble de d\u00e9fil\u00e9 Sikat\u00ed \u201c Mab\u00e9la \u201d \u2013 Kimono, bustier et short"},"content":{"rendered":"<p data-start=\"888\" data-end=\"1267\">Le <strong data-start=\"892\" data-end=\"915\">\u201cD\u00e9fil\u00e9 \u201d Mab\u00e9la \u00bb<\/strong> est un ensemble exclusif trois pi\u00e8ces de cr\u00e9ateur de la marque <strong data-start=\"970\" data-end=\"1003\">Collection Sikati Runway 2025<\/strong>.<br data-start=\"1004\" data-end=\"1007\" \/>Le kimono long, le bustier et le short taille haute arborent l&#039;imprim\u00e9 embl\u00e9matique Sikati en dor\u00e9 et marron et ont \u00e9t\u00e9 con\u00e7us sur le <strong data-start=\"1145\" data-end=\"1171\">D\u00e9fil\u00e9 de mode de Hambourg<\/strong> pr\u00e9sent\u00e9.<br data-start=\"1184\" data-end=\"1187\" \/>Un accessoire de grande qualit\u00e9 qui attire le regard lors d&#039;\u00e9v\u00e9nements, d&#039;apparitions sp\u00e9ciales et d&#039;occasions \u00e9l\u00e9gantes.<\/p>\n<p data-start=\"1269\" data-end=\"1309\"><strong data-start=\"568\" data-end=\"581\">Mat\u00e9riel:<\/strong> 100% coton (impression \u00e0 la cire)<br data-start=\"608\" data-end=\"611\" \/><strong data-start=\"611\" data-end=\"621\">Taille:<\/strong> S\/36<\/p>\n<p data-start=\"1311\" data-end=\"1521\"><strong data-start=\"1311\" data-end=\"1323\">Avis :<\/strong> Cet ensemble est un <strong data-start=\"1344\" data-end=\"1370\">\u00c9dition limit\u00e9e Runway<\/strong> et actuellement seulement <strong data-start=\"1387\" data-end=\"1407\">Disponible une seule fois<\/strong>. Une r\u00e9\u00e9dition ult\u00e9rieure est possible, mais avec un tissu cir\u00e9 diff\u00e9rent \u2013 l&#039;apparence peut donc l\u00e9g\u00e8rement varier.<\/p>","protected":false},"excerpt":{"rendered":"<p>Ensemble exclusif trois pi\u00e8ces pr\u00e9sent\u00e9 lors du d\u00e9fil\u00e9 de Hambourg\u00a0: kimono, bustier et short taille haute, imprim\u00e9 signature Sika\u00ed.<\/p>\n<p>Image de mode \u00a9 Christine Rauh \u2022 KOWA Berlin \u2022 Julia Fischer<br data-start=\"272\" data-end=\"275\" \/><br data-start=\"1670\" data-end=\"1673\" \/>Pas de facture de TVA, en tant que petite entreprise selon l&#039;article 19 (1) de la loi allemande sur la TVA (UStG).<\/p>","protected":false},"featured_media":13883,"template":"","meta":{"_acf_changed":false},"product_brand":[],"product_cat":[2117,2114,2037],"product_tag":[2184,2186,2181,2179,2190,2187,2178,2182,2180,2183,2188,2176,2177,2185,2189],"class_list":{"0":"post-13881","1":"product","2":"type-product","3":"status-publish","4":"has-post-thumbnail","6":"product_cat-damen-afwc-2025","7":"product_cat-afwc-2025","8":"product_cat-runway-collection","9":"product_tag-3-teiliges-set-kimono-damen","10":"product_tag-afrikanische-designer-mode","11":"product_tag-afrikanischer-wax-print-set","12":"product_tag-designer-set-damen","13":"product_tag-exklusives-damen-outfit","14":"product_tag-festival-outfit-elegant","15":"product_tag-hamburger-fashion-show-look","16":"product_tag-high-fashion-damen-set","17":"product_tag-kimono-bustier-shorts-set","18":"product_tag-limitierte-edition-damenmode","19":"product_tag-luxus-mode-damen-set","20":"product_tag-sikati-mabela-runway-set","21":"product_tag-sikati-runway-2025","22":"product_tag-sikati-signature-print","23":"product_tag-unique-runway-edition","25":"first","26":"instock","27":"sale","28":"shipping-taxable","29":"purchasable","30":"product-type-simple"},"acf":[],"yoast_head":"<!-- This site is optimized with the Yoast SEO plugin v27.3 - https:\/\/yoast.com\/product\/yoast-seo-wordpress\/ -->\n<title>Sikat\u00ed \u201cMab\u00e9la\u201d Runway Set \u2013 Kimono, Bustier &amp; Shorts - Sikat\u00ed<\/title>\n<meta name=\"description\" content=\"%\" \/>\n<meta name=\"robots\" content=\"index, follow, max-snippet:-1, max-image-preview:large, max-video-preview:-1\" \/>\n<link rel=\"canonical\" href=\"https:\/\/www.sikati.de\/fr\/produit\/sikati-mabela-runway-set-kimono-bustier-shorts\/\" \/>\n<meta property=\"og:locale\" content=\"fr_FR\" \/>\n<meta property=\"og:type\" content=\"article\" \/>\n<meta property=\"og:title\" content=\"Sikat\u00ed \u201cMab\u00e9la\u201d Runway Set \u2013 Kimono, Bustier &amp; Shorts - Sikat\u00ed\" \/>\n<meta property=\"og:description\" content=\"%\" \/>\n<meta property=\"og:url\" content=\"https:\/\/www.sikati.de\/fr\/produit\/sikati-mabela-runway-set-kimono-bustier-shorts\/\" \/>\n<meta property=\"og:site_name\" content=\"Sikat\u00ed\" \/>\n<meta property=\"article:publisher\" content=\"https:\/\/www.facebook.com\/Arts.Decoration.Style\" \/>\n<meta property=\"article:modified_time\" content=\"2026-03-20T20:12:58+00:00\" \/>\n<meta property=\"og:image\" content=\"https:\/\/www.sikati.de\/wp-content\/uploads\/2025\/11\/IMG_4323-scaled.jpg\" \/>\n\t<meta property=\"og:image:width\" content=\"2121\" \/>\n\t<meta property=\"og:image:height\" content=\"2560\" \/>\n\t<meta property=\"og:image:type\" content=\"image\/jpeg\" \/>\n<meta name=\"twitter:card\" content=\"summary_large_image\" \/>\n<meta name=\"twitter:label1\" content=\"Dur\u00e9e de lecture estim\u00e9e\" \/>\n\t<meta name=\"twitter:data1\" content=\"1 minute\" \/>\n<script type=\"application\/ld+json\" class=\"yoast-schema-graph\">{\"@context\":\"https:\\\/\\\/schema.org\",\"@graph\":[{\"@type\":\"WebPage\",\"@id\":\"https:\\\/\\\/www.sikati.de\\\/produkt\\\/sikati-mabela-runway-set-kimono-bustier-shorts\\\/\",\"url\":\"https:\\\/\\\/www.sikati.de\\\/produkt\\\/sikati-mabela-runway-set-kimono-bustier-shorts\\\/\",\"name\":\"Sikat\u00ed \u201cMab\u00e9la\u201d Runway Set \u2013 Kimono, Bustier & Shorts - Sikat\u00ed\",\"isPartOf\":{\"@id\":\"https:\\\/\\\/www.sikati.de\\\/#website\"},\"primaryImageOfPage\":{\"@id\":\"https:\\\/\\\/www.sikati.de\\\/produkt\\\/sikati-mabela-runway-set-kimono-bustier-shorts\\\/#primaryimage\"},\"image\":{\"@id\":\"https:\\\/\\\/www.sikati.de\\\/produkt\\\/sikati-mabela-runway-set-kimono-bustier-shorts\\\/#primaryimage\"},\"thumbnailUrl\":\"https:\\\/\\\/www.sikati.de\\\/wp-content\\\/uploads\\\/2025\\\/11\\\/IMG_4323-scaled.jpg\",\"datePublished\":\"2025-11-16T21:37:28+00:00\",\"dateModified\":\"2026-03-20T20:12:58+00:00\",\"description\":\"%\",\"breadcrumb\":{\"@id\":\"https:\\\/\\\/www.sikati.de\\\/produkt\\\/sikati-mabela-runway-set-kimono-bustier-shorts\\\/#breadcrumb\"},\"inLanguage\":\"fr-FR\",\"potentialAction\":[{\"@type\":\"ReadAction\",\"target\":[\"https:\\\/\\\/www.sikati.de\\\/produkt\\\/sikati-mabela-runway-set-kimono-bustier-shorts\\\/\"]}]},{\"@type\":\"ImageObject\",\"inLanguage\":\"fr-FR\",\"@id\":\"https:\\\/\\\/www.sikati.de\\\/produkt\\\/sikati-mabela-runway-set-kimono-bustier-shorts\\\/#primaryimage\",\"url\":\"https:\\\/\\\/www.sikati.de\\\/wp-content\\\/uploads\\\/2025\\\/11\\\/IMG_4323-scaled.jpg\",\"contentUrl\":\"https:\\\/\\\/www.sikati.de\\\/wp-content\\\/uploads\\\/2025\\\/11\\\/IMG_4323-scaled.jpg\",\"width\":2121,\"height\":2560},{\"@type\":\"BreadcrumbList\",\"@id\":\"https:\\\/\\\/www.sikati.de\\\/produkt\\\/sikati-mabela-runway-set-kimono-bustier-shorts\\\/#breadcrumb\",\"itemListElement\":[{\"@type\":\"ListItem\",\"position\":1,\"name\":\"Startseite\",\"item\":\"https:\\\/\\\/www.sikati.de\\\/\"},{\"@type\":\"ListItem\",\"position\":2,\"name\":\"Produkte\",\"item\":\"https:\\\/\\\/www.sikati.de\\\/shop\\\/\"},{\"@type\":\"ListItem\",\"position\":3,\"name\":\"Sikat\u00ed \u201cMab\u00e9la\u201d Runway Set \u2013 Kimono, Bustier &#038; Shorts\"}]},{\"@type\":\"WebSite\",\"@id\":\"https:\\\/\\\/www.sikati.de\\\/#website\",\"url\":\"https:\\\/\\\/www.sikati.de\\\/\",\"name\":\"Sikat\u00ed\",\"description\":\"Afro Contemporary Fashion &amp; Living\",\"publisher\":{\"@id\":\"https:\\\/\\\/www.sikati.de\\\/#organization\"},\"potentialAction\":[{\"@type\":\"SearchAction\",\"target\":{\"@type\":\"EntryPoint\",\"urlTemplate\":\"https:\\\/\\\/www.sikati.de\\\/?s={search_term_string}\"},\"query-input\":{\"@type\":\"PropertyValueSpecification\",\"valueRequired\":true,\"valueName\":\"search_term_string\"}}],\"inLanguage\":\"fr-FR\"},{\"@type\":\"Organization\",\"@id\":\"https:\\\/\\\/www.sikati.de\\\/#organization\",\"name\":\"Sikat\u00ed\",\"url\":\"https:\\\/\\\/www.sikati.de\\\/\",\"logo\":{\"@type\":\"ImageObject\",\"inLanguage\":\"fr-FR\",\"@id\":\"https:\\\/\\\/www.sikati.de\\\/#\\\/schema\\\/logo\\\/image\\\/\",\"url\":\"https:\\\/\\\/www.sikati.de\\\/wp-content\\\/uploads\\\/2019\\\/03\\\/cropped-cropped-sikati-logo.png\",\"contentUrl\":\"https:\\\/\\\/www.sikati.de\\\/wp-content\\\/uploads\\\/2019\\\/03\\\/cropped-cropped-sikati-logo.png\",\"width\":500,\"height\":201,\"caption\":\"Sikat\u00ed\"},\"image\":{\"@id\":\"https:\\\/\\\/www.sikati.de\\\/#\\\/schema\\\/logo\\\/image\\\/\"},\"sameAs\":[\"https:\\\/\\\/www.facebook.com\\\/Arts.Decoration.Style\",\"https:\\\/\\\/www.instagram.com\\\/sikati_arts\\\/\",\"https:\\\/\\\/www.tiktok.com\\\/@sikati_arts\"]}]}<\/script>\n<!-- \/ Yoast SEO plugin. -->","yoast_head_json":{"title":"Sikat\u00ed \u201cMab\u00e9la\u201d Runway Set \u2013 Kimono, Bustier & Shorts - Sikat\u00ed","description":"%","robots":{"index":"index","follow":"follow","max-snippet":"max-snippet:-1","max-image-preview":"max-image-preview:large","max-video-preview":"max-video-preview:-1"},"canonical":"https:\/\/www.sikati.de\/fr\/produit\/sikati-mabela-runway-set-kimono-bustier-shorts\/","og_locale":"fr_FR","og_type":"article","og_title":"Sikat\u00ed \u201cMab\u00e9la\u201d Runway Set \u2013 Kimono, Bustier & Shorts - Sikat\u00ed","og_description":"%","og_url":"https:\/\/www.sikati.de\/fr\/produit\/sikati-mabela-runway-set-kimono-bustier-shorts\/","og_site_name":"Sikat\u00ed","article_publisher":"https:\/\/www.facebook.com\/Arts.Decoration.Style","article_modified_time":"2026-03-20T20:12:58+00:00","og_image":[{"width":2121,"height":2560,"url":"https:\/\/www.sikati.de\/wp-content\/uploads\/2025\/11\/IMG_4323-scaled.jpg","type":"image\/jpeg"}],"twitter_card":"summary_large_image","twitter_misc":{"Dur\u00e9e de lecture estim\u00e9e":"1 minute"},"schema":{"@context":"https:\/\/schema.org","@graph":[{"@type":"WebPage","@id":"https:\/\/www.sikati.de\/produkt\/sikati-mabela-runway-set-kimono-bustier-shorts\/","url":"https:\/\/www.sikati.de\/produkt\/sikati-mabela-runway-set-kimono-bustier-shorts\/","name":"Sikat\u00ed \u201cMab\u00e9la\u201d Runway Set \u2013 Kimono, Bustier & Shorts - Sikat\u00ed","isPartOf":{"@id":"https:\/\/www.sikati.de\/#website"},"primaryImageOfPage":{"@id":"https:\/\/www.sikati.de\/produkt\/sikati-mabela-runway-set-kimono-bustier-shorts\/#primaryimage"},"image":{"@id":"https:\/\/www.sikati.de\/produkt\/sikati-mabela-runway-set-kimono-bustier-shorts\/#primaryimage"},"thumbnailUrl":"https:\/\/www.sikati.de\/wp-content\/uploads\/2025\/11\/IMG_4323-scaled.jpg","datePublished":"2025-11-16T21:37:28+00:00","dateModified":"2026-03-20T20:12:58+00:00","description":"%","breadcrumb":{"@id":"https:\/\/www.sikati.de\/produkt\/sikati-mabela-runway-set-kimono-bustier-shorts\/#breadcrumb"},"inLanguage":"fr-FR","potentialAction":[{"@type":"ReadAction","target":["https:\/\/www.sikati.de\/produkt\/sikati-mabela-runway-set-kimono-bustier-shorts\/"]}]},{"@type":"ImageObject","inLanguage":"fr-FR","@id":"https:\/\/www.sikati.de\/produkt\/sikati-mabela-runway-set-kimono-bustier-shorts\/#primaryimage","url":"https:\/\/www.sikati.de\/wp-content\/uploads\/2025\/11\/IMG_4323-scaled.jpg","contentUrl":"https:\/\/www.sikati.de\/wp-content\/uploads\/2025\/11\/IMG_4323-scaled.jpg","width":2121,"height":2560},{"@type":"BreadcrumbList","@id":"https:\/\/www.sikati.de\/produkt\/sikati-mabela-runway-set-kimono-bustier-shorts\/#breadcrumb","itemListElement":[{"@type":"ListItem","position":1,"name":"Startseite","item":"https:\/\/www.sikati.de\/"},{"@type":"ListItem","position":2,"name":"Produkte","item":"https:\/\/www.sikati.de\/shop\/"},{"@type":"ListItem","position":3,"name":"Sikat\u00ed \u201cMab\u00e9la\u201d Runway Set \u2013 Kimono, Bustier &#038; Shorts"}]},{"@type":"WebSite","@id":"https:\/\/www.sikati.de\/#website","url":"https:\/\/www.sikati.de\/","name":"Sika\u00ed","description":"Afro Contemporary Fashion &amp; Living","publisher":{"@id":"https:\/\/www.sikati.de\/#organization"},"potentialAction":[{"@type":"SearchAction","target":{"@type":"EntryPoint","urlTemplate":"https:\/\/www.sikati.de\/?s={search_term_string}"},"query-input":{"@type":"PropertyValueSpecification","valueRequired":true,"valueName":"search_term_string"}}],"inLanguage":"fr-FR"},{"@type":"Organization","@id":"https:\/\/www.sikati.de\/#organization","name":"Sika\u00ed","url":"https:\/\/www.sikati.de\/","logo":{"@type":"ImageObject","inLanguage":"fr-FR","@id":"https:\/\/www.sikati.de\/#\/schema\/logo\/image\/","url":"https:\/\/www.sikati.de\/wp-content\/uploads\/2019\/03\/cropped-cropped-sikati-logo.png","contentUrl":"https:\/\/www.sikati.de\/wp-content\/uploads\/2019\/03\/cropped-cropped-sikati-logo.png","width":500,"height":201,"caption":"Sikat\u00ed"},"image":{"@id":"https:\/\/www.sikati.de\/#\/schema\/logo\/image\/"},"sameAs":["https:\/\/www.facebook.com\/Arts.Decoration.Style","https:\/\/www.instagram.com\/sikati_arts\/","https:\/\/www.tiktok.com\/@sikati_arts"]}]}},"_links":{"self":[{"href":"https:\/\/www.sikati.de\/fr\/wp-json\/wp\/v2\/product\/13881","targetHints":{"allow":["GET"]}}],"collection":[{"href":"https:\/\/www.sikati.de\/fr\/wp-json\/wp\/v2\/product"}],"about":[{"href":"https:\/\/www.sikati.de\/fr\/wp-json\/wp\/v2\/types\/product"}],"wp:featuredmedia":[{"embeddable":true,"href":"https:\/\/www.sikati.de\/fr\/wp-json\/wp\/v2\/media\/13883"}],"wp:attachment":[{"href":"https:\/\/www.sikati.de\/fr\/wp-json\/wp\/v2\/media?parent=13881"}],"wp:term":[{"taxonomy":"product_brand","embeddable":true,"href":"https:\/\/www.sikati.de\/fr\/wp-json\/wp\/v2\/product_brand?post=13881"},{"taxonomy":"product_cat","embeddable":true,"href":"https:\/\/www.sikati.de\/fr\/wp-json\/wp\/v2\/product_cat?post=13881"},{"taxonomy":"product_tag","embeddable":true,"href":"https:\/\/www.sikati.de\/fr\/wp-json\/wp\/v2\/product_tag?post=13881"}],"curies":[{"name":"wp","href":"https:\/\/api.w.org\/{rel}","templated":true}]}}