{"id":13888,"date":"2025-11-16T23:09:37","date_gmt":"2025-11-16T22:09:37","guid":{"rendered":"https:\/\/www.sikati.de\/?post_type=product&#038;p=13888"},"modified":"2026-03-20T21:31:47","modified_gmt":"2026-03-20T20:31:47","slug":"sikati-kumalo-runway-mens-set-satin-look-top-cropped-trousers-hfs-afwc","status":"publish","type":"product","link":"https:\/\/www.sikati.de\/fr\/produit\/sikati-kumalo-runway-mens-set-satin-look-top-cropped-trousers-hfs-afwc\/","title":{"rendered":"Ensemble signature pour homme SIKAT\u00cd \u201e\u00a0Kum\u00e1lo\u00a0\u201c \u2013 comprenant collier et bracelets"},"content":{"rendered":"<p data-start=\"465\" data-end=\"922\">Le <strong data-start=\"469\" data-end=\"498\">\u201cEnsemble homme \u201d\u00a0Kum\u00e1lo\u00a0\u00bb<\/strong> est une tenue de cr\u00e9ateur minimaliste et de haute qualit\u00e9 de la marque <strong data-start=\"562\" data-end=\"595\">Collection Sikati Runway 2025<\/strong>, pr\u00e9sent\u00e9 \u00e0 la <strong data-start=\"614\" data-end=\"646\">Semaine de la mode africaine de Cologne<\/strong> et le <strong data-start=\"655\" data-end=\"681\">D\u00e9fil\u00e9 de mode de Hambourg<\/strong>.<br data-start=\"682\" data-end=\"685\" \/>Le luxueux satin Mikado conf\u00e8re \u00e0 cet ensemble deux pi\u00e8ces une allure sophistiqu\u00e9e et textur\u00e9e. Compos\u00e9 d&#039;un haut fluide et d&#039;un pantalon court, il offre un style moderne et \u00e9pur\u00e9, id\u00e9al pour les occasions sp\u00e9ciales, les \u00e9v\u00e9nements et les looks tendance.<\/p>\n<p data-start=\"924\" data-end=\"1040\"><strong data-start=\"924\" data-end=\"937\">Mat\u00e9riel:<\/strong> Satin Mikado (Tissu satin textur\u00e9 de qualit\u00e9 sup\u00e9rieure)<br data-start=\"987\" data-end=\"990\" \/><strong data-start=\"990\" data-end=\"1000\">Taille:<\/strong> M\u2013L (coupe unisexe ample et confortable)<\/p>\n<p data-start=\"1042\" data-end=\"1131\"><strong data-start=\"1042\" data-end=\"1054\">Avis :<\/strong> Cet ensemble est un <strong data-start=\"1075\" data-end=\"1101\">\u00c9dition limit\u00e9e Runway<\/strong> et seulement <strong data-start=\"1110\" data-end=\"1130\">Disponible une seule fois<\/strong>.<\/p>\n<p data-start=\"1042\" data-end=\"1131\">","protected":false},"excerpt":{"rendered":"<p>Ensemble deux pi\u00e8ces en satin \u00e9pais et luxueux \u2013 pr\u00e9sent\u00e9 \u00e0 <strong data-start=\"1575\" data-end=\"1589\">AFWC et HFS<\/strong>.<\/p>\n<p>Image de mode \u00a9 KOWA Berlin \u2022 Inxframe \u2022 Julia Fischer<\/p>\n<p>Pas de facture de TVA, en tant que petite entreprise selon l&#039;article 19 (1) de la loi allemande sur la TVA (UStG).<\/p>","protected":false},"featured_media":13889,"template":"","meta":{"_acf_changed":false},"product_brand":[],"product_cat":[2121,2114,2037],"product_tag":[2205,2207,2211,2208,2212,2206,2214,2213,2204,2210,2203,2201,2209],"class_list":{"0":"post-13888","1":"product","2":"type-product","3":"status-publish","4":"has-post-thumbnail","6":"product_cat-herren-afwc-2025","7":"product_cat-afwc-2025","8":"product_cat-runway-collection","9":"product_tag-african-fashion-week-cologne-outfit","10":"product_tag-afwc-hfs-menswear","11":"product_tag-cropped-satin-trousers-men","12":"product_tag-designer-herren-set","13":"product_tag-exklusive-herrenmode","14":"product_tag-hamburger-fashion-show-mens-look","15":"product_tag-high-fashion-menswear","16":"product_tag-limitierte-edition-maenner-outfit","17":"product_tag-mikado-satin-menswear","18":"product_tag-premium-satin-set-men","19":"product_tag-sikati-kumalo-runway-set","20":"product_tag-sikati-runway-collection","21":"product_tag-white-satin-mens-outfit","23":"first","24":"instock","25":"sale","26":"shipping-taxable","27":"purchasable","28":"product-type-simple"},"acf":[],"yoast_head":"<!-- This site is optimized with the Yoast SEO plugin v27.4 - https:\/\/yoast.com\/product\/yoast-seo-wordpress\/ -->\n<title>SIKAT\u00cd \u201eKum\u00e1lo\u201c Men\u2019s Signature Set \u2013 inkl. Kette &amp; Armb\u00e4nder - Sikat\u00ed<\/title>\n<meta name=\"description\" content=\"%\" \/>\n<meta name=\"robots\" content=\"index, follow, max-snippet:-1, max-image-preview:large, max-video-preview:-1\" \/>\n<link rel=\"canonical\" href=\"https:\/\/www.sikati.de\/fr\/produit\/sikati-kumalo-runway-mens-set-satin-look-top-cropped-trousers-hfs-afwc\/\" \/>\n<meta property=\"og:locale\" content=\"fr_FR\" \/>\n<meta property=\"og:type\" content=\"article\" \/>\n<meta property=\"og:title\" content=\"SIKAT\u00cd \u201eKum\u00e1lo\u201c Men\u2019s Signature Set \u2013 inkl. Kette &amp; Armb\u00e4nder - Sikat\u00ed\" \/>\n<meta property=\"og:description\" content=\"%\" \/>\n<meta property=\"og:url\" content=\"https:\/\/www.sikati.de\/fr\/produit\/sikati-kumalo-runway-mens-set-satin-look-top-cropped-trousers-hfs-afwc\/\" \/>\n<meta property=\"og:site_name\" content=\"Sikat\u00ed\" \/>\n<meta property=\"article:publisher\" content=\"https:\/\/www.facebook.com\/Arts.Decoration.Style\" \/>\n<meta property=\"article:modified_time\" content=\"2026-03-20T20:31:47+00:00\" \/>\n<meta property=\"og:image\" content=\"https:\/\/www.sikati.de\/wp-content\/uploads\/2025\/11\/IMG_4221.webp\" \/>\n\t<meta property=\"og:image:width\" content=\"933\" \/>\n\t<meta property=\"og:image:height\" content=\"1400\" \/>\n\t<meta property=\"og:image:type\" content=\"image\/webp\" \/>\n<meta name=\"twitter:card\" content=\"summary_large_image\" \/>\n<meta name=\"twitter:label1\" content=\"Dur\u00e9e de lecture estim\u00e9e\" \/>\n\t<meta name=\"twitter:data1\" content=\"1 minute\" \/>\n<script type=\"application\/ld+json\" class=\"yoast-schema-graph\">{\"@context\":\"https:\\\/\\\/schema.org\",\"@graph\":[{\"@type\":\"WebPage\",\"@id\":\"https:\\\/\\\/www.sikati.de\\\/produkt\\\/sikati-kumalo-runway-mens-set-satin-look-top-cropped-trousers-hfs-afwc\\\/\",\"url\":\"https:\\\/\\\/www.sikati.de\\\/produkt\\\/sikati-kumalo-runway-mens-set-satin-look-top-cropped-trousers-hfs-afwc\\\/\",\"name\":\"SIKAT\u00cd \u201eKum\u00e1lo\u201c Men\u2019s Signature Set \u2013 inkl. Kette & Armb\u00e4nder - Sikat\u00ed\",\"isPartOf\":{\"@id\":\"https:\\\/\\\/www.sikati.de\\\/#website\"},\"primaryImageOfPage\":{\"@id\":\"https:\\\/\\\/www.sikati.de\\\/produkt\\\/sikati-kumalo-runway-mens-set-satin-look-top-cropped-trousers-hfs-afwc\\\/#primaryimage\"},\"image\":{\"@id\":\"https:\\\/\\\/www.sikati.de\\\/produkt\\\/sikati-kumalo-runway-mens-set-satin-look-top-cropped-trousers-hfs-afwc\\\/#primaryimage\"},\"thumbnailUrl\":\"https:\\\/\\\/www.sikati.de\\\/wp-content\\\/uploads\\\/2025\\\/11\\\/IMG_4221.webp\",\"datePublished\":\"2025-11-16T22:09:37+00:00\",\"dateModified\":\"2026-03-20T20:31:47+00:00\",\"description\":\"%\",\"breadcrumb\":{\"@id\":\"https:\\\/\\\/www.sikati.de\\\/produkt\\\/sikati-kumalo-runway-mens-set-satin-look-top-cropped-trousers-hfs-afwc\\\/#breadcrumb\"},\"inLanguage\":\"fr-FR\",\"potentialAction\":[{\"@type\":\"ReadAction\",\"target\":[\"https:\\\/\\\/www.sikati.de\\\/produkt\\\/sikati-kumalo-runway-mens-set-satin-look-top-cropped-trousers-hfs-afwc\\\/\"]}]},{\"@type\":\"ImageObject\",\"inLanguage\":\"fr-FR\",\"@id\":\"https:\\\/\\\/www.sikati.de\\\/produkt\\\/sikati-kumalo-runway-mens-set-satin-look-top-cropped-trousers-hfs-afwc\\\/#primaryimage\",\"url\":\"https:\\\/\\\/www.sikati.de\\\/wp-content\\\/uploads\\\/2025\\\/11\\\/IMG_4221.webp\",\"contentUrl\":\"https:\\\/\\\/www.sikati.de\\\/wp-content\\\/uploads\\\/2025\\\/11\\\/IMG_4221.webp\",\"width\":933,\"height\":1400},{\"@type\":\"BreadcrumbList\",\"@id\":\"https:\\\/\\\/www.sikati.de\\\/produkt\\\/sikati-kumalo-runway-mens-set-satin-look-top-cropped-trousers-hfs-afwc\\\/#breadcrumb\",\"itemListElement\":[{\"@type\":\"ListItem\",\"position\":1,\"name\":\"Startseite\",\"item\":\"https:\\\/\\\/www.sikati.de\\\/\"},{\"@type\":\"ListItem\",\"position\":2,\"name\":\"Produkte\",\"item\":\"https:\\\/\\\/www.sikati.de\\\/shop\\\/\"},{\"@type\":\"ListItem\",\"position\":3,\"name\":\"SIKAT\u00cd \u201eKum\u00e1lo\u201c Men\u2019s Signature Set \u2013 inkl. Kette &#038; Armb\u00e4nder\"}]},{\"@type\":\"WebSite\",\"@id\":\"https:\\\/\\\/www.sikati.de\\\/#website\",\"url\":\"https:\\\/\\\/www.sikati.de\\\/\",\"name\":\"Sikat\u00ed\",\"description\":\"Afro Contemporary Fashion &amp; Living\",\"publisher\":{\"@id\":\"https:\\\/\\\/www.sikati.de\\\/#organization\"},\"potentialAction\":[{\"@type\":\"SearchAction\",\"target\":{\"@type\":\"EntryPoint\",\"urlTemplate\":\"https:\\\/\\\/www.sikati.de\\\/?s={search_term_string}\"},\"query-input\":{\"@type\":\"PropertyValueSpecification\",\"valueRequired\":true,\"valueName\":\"search_term_string\"}}],\"inLanguage\":\"fr-FR\"},{\"@type\":\"Organization\",\"@id\":\"https:\\\/\\\/www.sikati.de\\\/#organization\",\"name\":\"Sikat\u00ed\",\"url\":\"https:\\\/\\\/www.sikati.de\\\/\",\"logo\":{\"@type\":\"ImageObject\",\"inLanguage\":\"fr-FR\",\"@id\":\"https:\\\/\\\/www.sikati.de\\\/#\\\/schema\\\/logo\\\/image\\\/\",\"url\":\"https:\\\/\\\/www.sikati.de\\\/wp-content\\\/uploads\\\/2019\\\/03\\\/cropped-cropped-sikati-logo.png\",\"contentUrl\":\"https:\\\/\\\/www.sikati.de\\\/wp-content\\\/uploads\\\/2019\\\/03\\\/cropped-cropped-sikati-logo.png\",\"width\":500,\"height\":201,\"caption\":\"Sikat\u00ed\"},\"image\":{\"@id\":\"https:\\\/\\\/www.sikati.de\\\/#\\\/schema\\\/logo\\\/image\\\/\"},\"sameAs\":[\"https:\\\/\\\/www.facebook.com\\\/Arts.Decoration.Style\",\"https:\\\/\\\/www.instagram.com\\\/sikati_arts\\\/\",\"https:\\\/\\\/www.tiktok.com\\\/@sikati_arts\"]}]}<\/script>\n<!-- \/ Yoast SEO plugin. -->","yoast_head_json":{"title":"SIKAT\u00cd \u201eKum\u00e1lo\u201c Men\u2019s Signature Set \u2013 inkl. Kette & Armb\u00e4nder - Sikat\u00ed","description":"%","robots":{"index":"index","follow":"follow","max-snippet":"max-snippet:-1","max-image-preview":"max-image-preview:large","max-video-preview":"max-video-preview:-1"},"canonical":"https:\/\/www.sikati.de\/fr\/produit\/sikati-kumalo-runway-mens-set-satin-look-top-cropped-trousers-hfs-afwc\/","og_locale":"fr_FR","og_type":"article","og_title":"SIKAT\u00cd \u201eKum\u00e1lo\u201c Men\u2019s Signature Set \u2013 inkl. Kette & Armb\u00e4nder - Sikat\u00ed","og_description":"%","og_url":"https:\/\/www.sikati.de\/fr\/produit\/sikati-kumalo-runway-mens-set-satin-look-top-cropped-trousers-hfs-afwc\/","og_site_name":"Sikat\u00ed","article_publisher":"https:\/\/www.facebook.com\/Arts.Decoration.Style","article_modified_time":"2026-03-20T20:31:47+00:00","og_image":[{"width":933,"height":1400,"url":"https:\/\/www.sikati.de\/wp-content\/uploads\/2025\/11\/IMG_4221.webp","type":"image\/webp"}],"twitter_card":"summary_large_image","twitter_misc":{"Dur\u00e9e de lecture estim\u00e9e":"1 minute"},"schema":{"@context":"https:\/\/schema.org","@graph":[{"@type":"WebPage","@id":"https:\/\/www.sikati.de\/produkt\/sikati-kumalo-runway-mens-set-satin-look-top-cropped-trousers-hfs-afwc\/","url":"https:\/\/www.sikati.de\/produkt\/sikati-kumalo-runway-mens-set-satin-look-top-cropped-trousers-hfs-afwc\/","name":"SIKAT\u00cd \u201eKum\u00e1lo\u201c Men\u2019s Signature Set \u2013 inkl. Kette & Armb\u00e4nder - Sikat\u00ed","isPartOf":{"@id":"https:\/\/www.sikati.de\/#website"},"primaryImageOfPage":{"@id":"https:\/\/www.sikati.de\/produkt\/sikati-kumalo-runway-mens-set-satin-look-top-cropped-trousers-hfs-afwc\/#primaryimage"},"image":{"@id":"https:\/\/www.sikati.de\/produkt\/sikati-kumalo-runway-mens-set-satin-look-top-cropped-trousers-hfs-afwc\/#primaryimage"},"thumbnailUrl":"https:\/\/www.sikati.de\/wp-content\/uploads\/2025\/11\/IMG_4221.webp","datePublished":"2025-11-16T22:09:37+00:00","dateModified":"2026-03-20T20:31:47+00:00","description":"%","breadcrumb":{"@id":"https:\/\/www.sikati.de\/produkt\/sikati-kumalo-runway-mens-set-satin-look-top-cropped-trousers-hfs-afwc\/#breadcrumb"},"inLanguage":"fr-FR","potentialAction":[{"@type":"ReadAction","target":["https:\/\/www.sikati.de\/produkt\/sikati-kumalo-runway-mens-set-satin-look-top-cropped-trousers-hfs-afwc\/"]}]},{"@type":"ImageObject","inLanguage":"fr-FR","@id":"https:\/\/www.sikati.de\/produkt\/sikati-kumalo-runway-mens-set-satin-look-top-cropped-trousers-hfs-afwc\/#primaryimage","url":"https:\/\/www.sikati.de\/wp-content\/uploads\/2025\/11\/IMG_4221.webp","contentUrl":"https:\/\/www.sikati.de\/wp-content\/uploads\/2025\/11\/IMG_4221.webp","width":933,"height":1400},{"@type":"BreadcrumbList","@id":"https:\/\/www.sikati.de\/produkt\/sikati-kumalo-runway-mens-set-satin-look-top-cropped-trousers-hfs-afwc\/#breadcrumb","itemListElement":[{"@type":"ListItem","position":1,"name":"Startseite","item":"https:\/\/www.sikati.de\/"},{"@type":"ListItem","position":2,"name":"Produkte","item":"https:\/\/www.sikati.de\/shop\/"},{"@type":"ListItem","position":3,"name":"SIKAT\u00cd \u201eKum\u00e1lo\u201c Men\u2019s Signature Set \u2013 inkl. Kette &#038; Armb\u00e4nder"}]},{"@type":"WebSite","@id":"https:\/\/www.sikati.de\/#website","url":"https:\/\/www.sikati.de\/","name":"Sika\u00ed","description":"Afro Contemporary Fashion &amp; Living","publisher":{"@id":"https:\/\/www.sikati.de\/#organization"},"potentialAction":[{"@type":"SearchAction","target":{"@type":"EntryPoint","urlTemplate":"https:\/\/www.sikati.de\/?s={search_term_string}"},"query-input":{"@type":"PropertyValueSpecification","valueRequired":true,"valueName":"search_term_string"}}],"inLanguage":"fr-FR"},{"@type":"Organization","@id":"https:\/\/www.sikati.de\/#organization","name":"Sika\u00ed","url":"https:\/\/www.sikati.de\/","logo":{"@type":"ImageObject","inLanguage":"fr-FR","@id":"https:\/\/www.sikati.de\/#\/schema\/logo\/image\/","url":"https:\/\/www.sikati.de\/wp-content\/uploads\/2019\/03\/cropped-cropped-sikati-logo.png","contentUrl":"https:\/\/www.sikati.de\/wp-content\/uploads\/2019\/03\/cropped-cropped-sikati-logo.png","width":500,"height":201,"caption":"Sikat\u00ed"},"image":{"@id":"https:\/\/www.sikati.de\/#\/schema\/logo\/image\/"},"sameAs":["https:\/\/www.facebook.com\/Arts.Decoration.Style","https:\/\/www.instagram.com\/sikati_arts\/","https:\/\/www.tiktok.com\/@sikati_arts"]}]}},"_links":{"self":[{"href":"https:\/\/www.sikati.de\/fr\/wp-json\/wp\/v2\/product\/13888","targetHints":{"allow":["GET"]}}],"collection":[{"href":"https:\/\/www.sikati.de\/fr\/wp-json\/wp\/v2\/product"}],"about":[{"href":"https:\/\/www.sikati.de\/fr\/wp-json\/wp\/v2\/types\/product"}],"wp:featuredmedia":[{"embeddable":true,"href":"https:\/\/www.sikati.de\/fr\/wp-json\/wp\/v2\/media\/13889"}],"wp:attachment":[{"href":"https:\/\/www.sikati.de\/fr\/wp-json\/wp\/v2\/media?parent=13888"}],"wp:term":[{"taxonomy":"product_brand","embeddable":true,"href":"https:\/\/www.sikati.de\/fr\/wp-json\/wp\/v2\/product_brand?post=13888"},{"taxonomy":"product_cat","embeddable":true,"href":"https:\/\/www.sikati.de\/fr\/wp-json\/wp\/v2\/product_cat?post=13888"},{"taxonomy":"product_tag","embeddable":true,"href":"https:\/\/www.sikati.de\/fr\/wp-json\/wp\/v2\/product_tag?post=13888"}],"curies":[{"name":"wp","href":"https:\/\/api.w.org\/{rel}","templated":true}]}}