{"id":13922,"date":"2025-11-18T19:02:01","date_gmt":"2025-11-18T18:02:01","guid":{"rendered":"https:\/\/www.sikati.de\/?post_type=product&#038;p=13922"},"modified":"2026-03-20T21:22:11","modified_gmt":"2026-03-20T20:22:11","slug":"sikati-royal-pink-bloom-couture-dreiteiler-mit-statement-headpiece","status":"publish","type":"product","link":"https:\/\/www.sikati.de\/fr\/produit\/sikati-royal-pink-bloom-couture-dreiteiler-mit-statement-headpiece\/","title":{"rendered":"Sikat\u00ed \u201c\u00a0Royal Pink Bloom\u00a0\u201d \u2013 Ensemble trois pi\u00e8ces haute couture avec coiffe remarquable"},"content":{"rendered":"<p>Le \u201c Royal Pink Bloom \u201d de Sikati est un ensemble haute couture exclusif en trois pi\u00e8ces, pr\u00e9sent\u00e9 lors de <strong data-start=\"385\" data-end=\"417\">D\u00e9fil\u00e9 de mode de Hambourg (HFS)<\/strong>.<br data-start=\"418\" data-end=\"421\" \/>Ce look se compose d&#039;un haut en satin rose, d&#039;une mini-jupe assortie et d&#039;un kimono en brocart de haute qualit\u00e9 orn\u00e9 de d\u00e9tails dor\u00e9s. Une coiffe rose \u00e9clatante vient parfaire l&#039;ensemble, soulignant son allure de d\u00e9fil\u00e9 et son \u00e9l\u00e9gance.<br data-start=\"543\" data-end=\"546\" \/>Un look moderne et dynamique, parfait pour les d\u00e9fil\u00e9s, les s\u00e9ances photo et les occasions sp\u00e9ciales \u2013 pour les femmes qui aiment l&#039;\u00e9l\u00e9gance et la mode affirm\u00e9e.<\/p>\n<p>Informations sur les tailles\u00a0:<br data-start=\"84\" data-end=\"87\" \/>Haut et jupe : Taille M<br data-start=\"116\" data-end=\"119\" \/>Kimono : Taille unique<\/p>\n<p data-start=\"1355\" data-end=\"1506\">Mati\u00e8res : \u2022 Haut et jupe : satin Mikado<br data-start=\"1385\" data-end=\"1388\" \/>\u00a0 \u00a0 \u00a0 \u00a0 \u00a0 \u00a0 \u00a0 \u00a0\u2022 Kimono : Brocart de Damas \u00e0 motifs jacquard<\/p>","protected":false},"excerpt":{"rendered":"<p>Ensemble trois-pi\u00e8ces en satin rose avec kimono en brocart \u2013 un look couture exclusif pr\u00e9sent\u00e9 lors du d\u00e9fil\u00e9 <strong data-start=\"840\" data-end=\"847\">HFS<\/strong>.<\/p>\n<p>Image de mode \u00a9 Christine Rauh \u2022 Julia Fischer<\/p>\n<p>Aucune identification TVA conform\u00e9ment au \u00a719 (1) UStG.<\/p>","protected":false},"featured_media":13919,"template":"","meta":{"_acf_changed":false},"product_brand":[],"product_cat":[2117,2114,2037],"product_tag":[2273,2270,2272,2271,2275,2268,2269,2201,2274],"class_list":{"0":"post-13922","1":"product","2":"type-product","3":"status-publish","4":"has-post-thumbnail","6":"product_cat-damen-afwc-2025","7":"product_cat-afwc-2025","8":"product_cat-runway-collection","9":"product_tag-brokat-kimono","10":"product_tag-hfs-runway-look","11":"product_tag-mikado-satin-set","12":"product_tag-pink-dreiteiler","13":"product_tag-premium-runway-set","14":"product_tag-royal-pink-bloom","15":"product_tag-sikati-couture","16":"product_tag-sikati-runway-collection","17":"product_tag-statement-headpiece","19":"first","20":"instock","21":"sale","22":"shipping-taxable","23":"purchasable","24":"product-type-simple"},"acf":[],"yoast_head":"<!-- This site is optimized with the Yoast SEO plugin v27.3 - https:\/\/yoast.com\/product\/yoast-seo-wordpress\/ -->\n<title>Sikat\u00ed \u201cRoyal Pink Bloom\u201d \u2013 Couture Dreiteiler mit Statement-Headpiece - Sikat\u00ed<\/title>\n<meta name=\"description\" content=\"%\" \/>\n<meta name=\"robots\" content=\"index, follow, max-snippet:-1, max-image-preview:large, max-video-preview:-1\" \/>\n<link rel=\"canonical\" href=\"https:\/\/www.sikati.de\/fr\/produit\/sikati-royal-pink-bloom-couture-dreiteiler-mit-statement-headpiece\/\" \/>\n<meta property=\"og:locale\" content=\"fr_FR\" \/>\n<meta property=\"og:type\" content=\"article\" \/>\n<meta property=\"og:title\" content=\"Sikat\u00ed \u201cRoyal Pink Bloom\u201d \u2013 Couture Dreiteiler mit Statement-Headpiece - Sikat\u00ed\" \/>\n<meta property=\"og:description\" content=\"%\" \/>\n<meta property=\"og:url\" content=\"https:\/\/www.sikati.de\/fr\/produit\/sikati-royal-pink-bloom-couture-dreiteiler-mit-statement-headpiece\/\" \/>\n<meta property=\"og:site_name\" content=\"Sikat\u00ed\" \/>\n<meta property=\"article:publisher\" content=\"https:\/\/www.facebook.com\/Arts.Decoration.Style\" \/>\n<meta property=\"article:modified_time\" content=\"2026-03-20T20:22:11+00:00\" \/>\n<meta property=\"og:image\" content=\"https:\/\/www.sikati.de\/wp-content\/uploads\/2025\/11\/IMG_4325-scaled.jpg\" \/>\n\t<meta property=\"og:image:width\" content=\"1598\" \/>\n\t<meta property=\"og:image:height\" content=\"2560\" \/>\n\t<meta property=\"og:image:type\" content=\"image\/jpeg\" \/>\n<meta name=\"twitter:card\" content=\"summary_large_image\" \/>\n<meta name=\"twitter:label1\" content=\"Dur\u00e9e de lecture estim\u00e9e\" \/>\n\t<meta name=\"twitter:data1\" content=\"1 minute\" \/>\n<script type=\"application\/ld+json\" class=\"yoast-schema-graph\">{\"@context\":\"https:\\\/\\\/schema.org\",\"@graph\":[{\"@type\":\"WebPage\",\"@id\":\"https:\\\/\\\/www.sikati.de\\\/produkt\\\/sikati-royal-pink-bloom-couture-dreiteiler-mit-statement-headpiece\\\/\",\"url\":\"https:\\\/\\\/www.sikati.de\\\/produkt\\\/sikati-royal-pink-bloom-couture-dreiteiler-mit-statement-headpiece\\\/\",\"name\":\"Sikat\u00ed \u201cRoyal Pink Bloom\u201d \u2013 Couture Dreiteiler mit Statement-Headpiece - Sikat\u00ed\",\"isPartOf\":{\"@id\":\"https:\\\/\\\/www.sikati.de\\\/#website\"},\"primaryImageOfPage\":{\"@id\":\"https:\\\/\\\/www.sikati.de\\\/produkt\\\/sikati-royal-pink-bloom-couture-dreiteiler-mit-statement-headpiece\\\/#primaryimage\"},\"image\":{\"@id\":\"https:\\\/\\\/www.sikati.de\\\/produkt\\\/sikati-royal-pink-bloom-couture-dreiteiler-mit-statement-headpiece\\\/#primaryimage\"},\"thumbnailUrl\":\"https:\\\/\\\/www.sikati.de\\\/wp-content\\\/uploads\\\/2025\\\/11\\\/IMG_4325-scaled.jpg\",\"datePublished\":\"2025-11-18T18:02:01+00:00\",\"dateModified\":\"2026-03-20T20:22:11+00:00\",\"description\":\"%\",\"breadcrumb\":{\"@id\":\"https:\\\/\\\/www.sikati.de\\\/produkt\\\/sikati-royal-pink-bloom-couture-dreiteiler-mit-statement-headpiece\\\/#breadcrumb\"},\"inLanguage\":\"fr-FR\",\"potentialAction\":[{\"@type\":\"ReadAction\",\"target\":[\"https:\\\/\\\/www.sikati.de\\\/produkt\\\/sikati-royal-pink-bloom-couture-dreiteiler-mit-statement-headpiece\\\/\"]}]},{\"@type\":\"ImageObject\",\"inLanguage\":\"fr-FR\",\"@id\":\"https:\\\/\\\/www.sikati.de\\\/produkt\\\/sikati-royal-pink-bloom-couture-dreiteiler-mit-statement-headpiece\\\/#primaryimage\",\"url\":\"https:\\\/\\\/www.sikati.de\\\/wp-content\\\/uploads\\\/2025\\\/11\\\/IMG_4325-scaled.jpg\",\"contentUrl\":\"https:\\\/\\\/www.sikati.de\\\/wp-content\\\/uploads\\\/2025\\\/11\\\/IMG_4325-scaled.jpg\",\"width\":1598,\"height\":2560},{\"@type\":\"BreadcrumbList\",\"@id\":\"https:\\\/\\\/www.sikati.de\\\/produkt\\\/sikati-royal-pink-bloom-couture-dreiteiler-mit-statement-headpiece\\\/#breadcrumb\",\"itemListElement\":[{\"@type\":\"ListItem\",\"position\":1,\"name\":\"Startseite\",\"item\":\"https:\\\/\\\/www.sikati.de\\\/\"},{\"@type\":\"ListItem\",\"position\":2,\"name\":\"Produkte\",\"item\":\"https:\\\/\\\/www.sikati.de\\\/shop\\\/\"},{\"@type\":\"ListItem\",\"position\":3,\"name\":\"Sikat\u00ed \u201cRoyal Pink Bloom\u201d \u2013 Couture Dreiteiler mit Statement-Headpiece\"}]},{\"@type\":\"WebSite\",\"@id\":\"https:\\\/\\\/www.sikati.de\\\/#website\",\"url\":\"https:\\\/\\\/www.sikati.de\\\/\",\"name\":\"Sikat\u00ed\",\"description\":\"Afro Contemporary Fashion &amp; Living\",\"publisher\":{\"@id\":\"https:\\\/\\\/www.sikati.de\\\/#organization\"},\"potentialAction\":[{\"@type\":\"SearchAction\",\"target\":{\"@type\":\"EntryPoint\",\"urlTemplate\":\"https:\\\/\\\/www.sikati.de\\\/?s={search_term_string}\"},\"query-input\":{\"@type\":\"PropertyValueSpecification\",\"valueRequired\":true,\"valueName\":\"search_term_string\"}}],\"inLanguage\":\"fr-FR\"},{\"@type\":\"Organization\",\"@id\":\"https:\\\/\\\/www.sikati.de\\\/#organization\",\"name\":\"Sikat\u00ed\",\"url\":\"https:\\\/\\\/www.sikati.de\\\/\",\"logo\":{\"@type\":\"ImageObject\",\"inLanguage\":\"fr-FR\",\"@id\":\"https:\\\/\\\/www.sikati.de\\\/#\\\/schema\\\/logo\\\/image\\\/\",\"url\":\"https:\\\/\\\/www.sikati.de\\\/wp-content\\\/uploads\\\/2019\\\/03\\\/cropped-cropped-sikati-logo.png\",\"contentUrl\":\"https:\\\/\\\/www.sikati.de\\\/wp-content\\\/uploads\\\/2019\\\/03\\\/cropped-cropped-sikati-logo.png\",\"width\":500,\"height\":201,\"caption\":\"Sikat\u00ed\"},\"image\":{\"@id\":\"https:\\\/\\\/www.sikati.de\\\/#\\\/schema\\\/logo\\\/image\\\/\"},\"sameAs\":[\"https:\\\/\\\/www.facebook.com\\\/Arts.Decoration.Style\",\"https:\\\/\\\/www.instagram.com\\\/sikati_arts\\\/\",\"https:\\\/\\\/www.tiktok.com\\\/@sikati_arts\"]}]}<\/script>\n<!-- \/ Yoast SEO plugin. -->","yoast_head_json":{"title":"Sikat\u00ed \u201cRoyal Pink Bloom\u201d \u2013 Couture Dreiteiler mit Statement-Headpiece - Sikat\u00ed","description":"%","robots":{"index":"index","follow":"follow","max-snippet":"max-snippet:-1","max-image-preview":"max-image-preview:large","max-video-preview":"max-video-preview:-1"},"canonical":"https:\/\/www.sikati.de\/fr\/produit\/sikati-royal-pink-bloom-couture-dreiteiler-mit-statement-headpiece\/","og_locale":"fr_FR","og_type":"article","og_title":"Sikat\u00ed \u201cRoyal Pink Bloom\u201d \u2013 Couture Dreiteiler mit Statement-Headpiece - Sikat\u00ed","og_description":"%","og_url":"https:\/\/www.sikati.de\/fr\/produit\/sikati-royal-pink-bloom-couture-dreiteiler-mit-statement-headpiece\/","og_site_name":"Sikat\u00ed","article_publisher":"https:\/\/www.facebook.com\/Arts.Decoration.Style","article_modified_time":"2026-03-20T20:22:11+00:00","og_image":[{"width":1598,"height":2560,"url":"https:\/\/www.sikati.de\/wp-content\/uploads\/2025\/11\/IMG_4325-scaled.jpg","type":"image\/jpeg"}],"twitter_card":"summary_large_image","twitter_misc":{"Dur\u00e9e de lecture estim\u00e9e":"1 minute"},"schema":{"@context":"https:\/\/schema.org","@graph":[{"@type":"WebPage","@id":"https:\/\/www.sikati.de\/produkt\/sikati-royal-pink-bloom-couture-dreiteiler-mit-statement-headpiece\/","url":"https:\/\/www.sikati.de\/produkt\/sikati-royal-pink-bloom-couture-dreiteiler-mit-statement-headpiece\/","name":"Sikat\u00ed \u201cRoyal Pink Bloom\u201d \u2013 Couture Dreiteiler mit Statement-Headpiece - Sikat\u00ed","isPartOf":{"@id":"https:\/\/www.sikati.de\/#website"},"primaryImageOfPage":{"@id":"https:\/\/www.sikati.de\/produkt\/sikati-royal-pink-bloom-couture-dreiteiler-mit-statement-headpiece\/#primaryimage"},"image":{"@id":"https:\/\/www.sikati.de\/produkt\/sikati-royal-pink-bloom-couture-dreiteiler-mit-statement-headpiece\/#primaryimage"},"thumbnailUrl":"https:\/\/www.sikati.de\/wp-content\/uploads\/2025\/11\/IMG_4325-scaled.jpg","datePublished":"2025-11-18T18:02:01+00:00","dateModified":"2026-03-20T20:22:11+00:00","description":"%","breadcrumb":{"@id":"https:\/\/www.sikati.de\/produkt\/sikati-royal-pink-bloom-couture-dreiteiler-mit-statement-headpiece\/#breadcrumb"},"inLanguage":"fr-FR","potentialAction":[{"@type":"ReadAction","target":["https:\/\/www.sikati.de\/produkt\/sikati-royal-pink-bloom-couture-dreiteiler-mit-statement-headpiece\/"]}]},{"@type":"ImageObject","inLanguage":"fr-FR","@id":"https:\/\/www.sikati.de\/produkt\/sikati-royal-pink-bloom-couture-dreiteiler-mit-statement-headpiece\/#primaryimage","url":"https:\/\/www.sikati.de\/wp-content\/uploads\/2025\/11\/IMG_4325-scaled.jpg","contentUrl":"https:\/\/www.sikati.de\/wp-content\/uploads\/2025\/11\/IMG_4325-scaled.jpg","width":1598,"height":2560},{"@type":"BreadcrumbList","@id":"https:\/\/www.sikati.de\/produkt\/sikati-royal-pink-bloom-couture-dreiteiler-mit-statement-headpiece\/#breadcrumb","itemListElement":[{"@type":"ListItem","position":1,"name":"Startseite","item":"https:\/\/www.sikati.de\/"},{"@type":"ListItem","position":2,"name":"Produkte","item":"https:\/\/www.sikati.de\/shop\/"},{"@type":"ListItem","position":3,"name":"Sikat\u00ed \u201cRoyal Pink Bloom\u201d \u2013 Couture Dreiteiler mit Statement-Headpiece"}]},{"@type":"WebSite","@id":"https:\/\/www.sikati.de\/#website","url":"https:\/\/www.sikati.de\/","name":"Sika\u00ed","description":"Afro Contemporary Fashion &amp; Living","publisher":{"@id":"https:\/\/www.sikati.de\/#organization"},"potentialAction":[{"@type":"SearchAction","target":{"@type":"EntryPoint","urlTemplate":"https:\/\/www.sikati.de\/?s={search_term_string}"},"query-input":{"@type":"PropertyValueSpecification","valueRequired":true,"valueName":"search_term_string"}}],"inLanguage":"fr-FR"},{"@type":"Organization","@id":"https:\/\/www.sikati.de\/#organization","name":"Sika\u00ed","url":"https:\/\/www.sikati.de\/","logo":{"@type":"ImageObject","inLanguage":"fr-FR","@id":"https:\/\/www.sikati.de\/#\/schema\/logo\/image\/","url":"https:\/\/www.sikati.de\/wp-content\/uploads\/2019\/03\/cropped-cropped-sikati-logo.png","contentUrl":"https:\/\/www.sikati.de\/wp-content\/uploads\/2019\/03\/cropped-cropped-sikati-logo.png","width":500,"height":201,"caption":"Sikat\u00ed"},"image":{"@id":"https:\/\/www.sikati.de\/#\/schema\/logo\/image\/"},"sameAs":["https:\/\/www.facebook.com\/Arts.Decoration.Style","https:\/\/www.instagram.com\/sikati_arts\/","https:\/\/www.tiktok.com\/@sikati_arts"]}]}},"_links":{"self":[{"href":"https:\/\/www.sikati.de\/fr\/wp-json\/wp\/v2\/product\/13922","targetHints":{"allow":["GET"]}}],"collection":[{"href":"https:\/\/www.sikati.de\/fr\/wp-json\/wp\/v2\/product"}],"about":[{"href":"https:\/\/www.sikati.de\/fr\/wp-json\/wp\/v2\/types\/product"}],"wp:featuredmedia":[{"embeddable":true,"href":"https:\/\/www.sikati.de\/fr\/wp-json\/wp\/v2\/media\/13919"}],"wp:attachment":[{"href":"https:\/\/www.sikati.de\/fr\/wp-json\/wp\/v2\/media?parent=13922"}],"wp:term":[{"taxonomy":"product_brand","embeddable":true,"href":"https:\/\/www.sikati.de\/fr\/wp-json\/wp\/v2\/product_brand?post=13922"},{"taxonomy":"product_cat","embeddable":true,"href":"https:\/\/www.sikati.de\/fr\/wp-json\/wp\/v2\/product_cat?post=13922"},{"taxonomy":"product_tag","embeddable":true,"href":"https:\/\/www.sikati.de\/fr\/wp-json\/wp\/v2\/product_tag?post=13922"}],"curies":[{"name":"wp","href":"https:\/\/api.w.org\/{rel}","templated":true}]}}