{"id":14273,"date":"2025-12-20T15:42:54","date_gmt":"2025-12-20T14:42:54","guid":{"rendered":"https:\/\/www.sikati.de\/?post_type=product&#038;p=14273"},"modified":"2026-03-20T21:33:23","modified_gmt":"2026-03-20T20:33:23","slug":"sikati-amari-mens-signature-set","status":"publish","type":"product","link":"https:\/\/www.sikati.de\/fr\/produit\/sikati-amari-mens-signature-set\/","title":{"rendered":"SIKAT\u00cd Ensemble signature \u201e Am\u00e1ri \u201c pour hommes"},"content":{"rendered":"<p data-start=\"294\" data-end=\"575\">Le <strong data-start=\"298\" data-end=\"336\">SIKAT\u00cd Ensemble signature \u201e Am\u00e1ri \u201c pour hommes<\/strong> Cette pi\u00e8ce incarne une mode masculine moderne d&#039;inspiration afro, empreinte d&#039;une \u00e9l\u00e9gance sobre et raffin\u00e9e. L&#039;ensemble deux pi\u00e8ces se compose d&#039;une longue tunique \u00e0 l&#039;\u00e9l\u00e9gant contraste noir et blanc et d&#039;un pantalon court assorti \u00e0 la coupe fluide.<\/p>\n<p data-start=\"577\" data-end=\"810\">Ce mod\u00e8le allie minimalisme et expressivit\u00e9 graphique, affirmant une pr\u00e9sence assur\u00e9e et un style raffin\u00e9. Inspir\u00e9 des d\u00e9fil\u00e9s de mode, il est con\u00e7u pour les hommes qui appr\u00e9cient l&#039;individualit\u00e9, la ma\u00eetrise et les lignes \u00e9pur\u00e9es.<\/p>\n<p data-start=\"812\" data-end=\"951\">Id\u00e9al pour les spectacles, les \u00e9v\u00e9nements, les galas, les occasions sp\u00e9ciales ou les apparitions \u00e9l\u00e9gantes o\u00f9 un look moderne et \u00e9pur\u00e9 est requis.<\/p>\n<p data-start=\"953\" data-end=\"1020\">Mati\u00e8re : Cr\u00eape de coton<br data-start=\"109\" data-end=\"112\" \/>Taille du mannequin\u00a0: Le mannequin porte une taille S\/M<br data-start=\"157\" data-end=\"160\" \/>Conseils d&#039;entretien\u00a0: Lavable en machine \u00e0 30\u00a0\u00b0C en cycle d\u00e9licat. S\u00e9chage \u00e0 l&#039;air libre.<\/p>\n<p data-start=\"953\" data-end=\"1020\">","protected":false},"excerpt":{"rendered":"<p data-start=\"1065\" data-end=\"1195\">Ensemble masculin moderne embl\u00e9matique compos\u00e9 d&#039;un haut long et d&#039;un pantalon court, en noir et blanc.<\/p>\n<p data-start=\"1065\" data-end=\"1195\">Image de mode\u00a0: \u00a9 KOWA Berlin \u2022 Julia Fischer<\/p>\n<p data-start=\"1197\" data-end=\"1265\">Pas de facture de TVA, en tant que petite entreprise selon l&#039;article 19 (1) de la loi allemande sur la TVA (UStG).<\/p>","protected":false},"featured_media":14157,"template":"","meta":{"_acf_changed":false},"product_brand":[],"product_cat":[2121,2114,2037],"product_tag":[2297,2305,2298,2296,2301,2303,2304,2300,2299,2306,2295,2302],"class_list":{"0":"post-14273","1":"product","2":"type-product","3":"status-publish","4":"has-post-thumbnail","6":"product_cat-herren-afwc-2025","7":"product_cat-afwc-2025","8":"product_cat-runway-collection","9":"product_tag-afro-fashion-herren","10":"product_tag-afro-minimalismus","11":"product_tag-afro-runway-look","12":"product_tag-amari-mens-signature-set","13":"product_tag-designer-herrenmode","14":"product_tag-event-outfit-maenner","15":"product_tag-gala-outfit-herren","16":"product_tag-herren-zweiteiler","17":"product_tag-moderne-afrikanische-mode-herren","18":"product_tag-moderne-afro-aesthetik","19":"product_tag-sikati-herrenmode","20":"product_tag-statement-outfit-herren","22":"first","23":"instock","24":"sale","25":"shipping-taxable","26":"purchasable","27":"product-type-simple"},"acf":[],"yoast_head":"<!-- This site is optimized with the Yoast SEO plugin v27.4 - https:\/\/yoast.com\/product\/yoast-seo-wordpress\/ -->\n<title>SIKAT\u00cd \u201eAm\u00e1ri\u201c Men\u2019s Signature Set - Sikat\u00ed<\/title>\n<meta name=\"description\" content=\"%\" \/>\n<meta name=\"robots\" content=\"index, follow, max-snippet:-1, max-image-preview:large, max-video-preview:-1\" \/>\n<link rel=\"canonical\" href=\"https:\/\/www.sikati.de\/fr\/produit\/sikati-amari-mens-signature-set\/\" \/>\n<meta property=\"og:locale\" content=\"fr_FR\" \/>\n<meta property=\"og:type\" content=\"article\" \/>\n<meta property=\"og:title\" content=\"SIKAT\u00cd \u201eAm\u00e1ri\u201c Men\u2019s Signature Set - Sikat\u00ed\" \/>\n<meta property=\"og:description\" content=\"%\" \/>\n<meta property=\"og:url\" content=\"https:\/\/www.sikati.de\/fr\/produit\/sikati-amari-mens-signature-set\/\" \/>\n<meta property=\"og:site_name\" content=\"Sikat\u00ed\" \/>\n<meta property=\"article:publisher\" content=\"https:\/\/www.facebook.com\/Arts.Decoration.Style\" \/>\n<meta property=\"article:modified_time\" content=\"2026-03-20T20:33:23+00:00\" \/>\n<meta property=\"og:image\" content=\"https:\/\/www.sikati.de\/wp-content\/uploads\/2025\/12\/IMG_4219.webp\" \/>\n\t<meta property=\"og:image:width\" content=\"933\" \/>\n\t<meta property=\"og:image:height\" content=\"1400\" \/>\n\t<meta property=\"og:image:type\" content=\"image\/webp\" \/>\n<meta name=\"twitter:card\" content=\"summary_large_image\" \/>\n<meta name=\"twitter:label1\" content=\"Dur\u00e9e de lecture estim\u00e9e\" \/>\n\t<meta name=\"twitter:data1\" content=\"1 minute\" \/>\n<script type=\"application\/ld+json\" class=\"yoast-schema-graph\">{\"@context\":\"https:\\\/\\\/schema.org\",\"@graph\":[{\"@type\":\"WebPage\",\"@id\":\"https:\\\/\\\/www.sikati.de\\\/produkt\\\/sikati-amari-mens-signature-set\\\/\",\"url\":\"https:\\\/\\\/www.sikati.de\\\/produkt\\\/sikati-amari-mens-signature-set\\\/\",\"name\":\"SIKAT\u00cd \u201eAm\u00e1ri\u201c Men\u2019s Signature Set - Sikat\u00ed\",\"isPartOf\":{\"@id\":\"https:\\\/\\\/www.sikati.de\\\/#website\"},\"primaryImageOfPage\":{\"@id\":\"https:\\\/\\\/www.sikati.de\\\/produkt\\\/sikati-amari-mens-signature-set\\\/#primaryimage\"},\"image\":{\"@id\":\"https:\\\/\\\/www.sikati.de\\\/produkt\\\/sikati-amari-mens-signature-set\\\/#primaryimage\"},\"thumbnailUrl\":\"https:\\\/\\\/www.sikati.de\\\/wp-content\\\/uploads\\\/2025\\\/12\\\/IMG_4219.webp\",\"datePublished\":\"2025-12-20T14:42:54+00:00\",\"dateModified\":\"2026-03-20T20:33:23+00:00\",\"description\":\"%\",\"breadcrumb\":{\"@id\":\"https:\\\/\\\/www.sikati.de\\\/produkt\\\/sikati-amari-mens-signature-set\\\/#breadcrumb\"},\"inLanguage\":\"fr-FR\",\"potentialAction\":[{\"@type\":\"ReadAction\",\"target\":[\"https:\\\/\\\/www.sikati.de\\\/produkt\\\/sikati-amari-mens-signature-set\\\/\"]}]},{\"@type\":\"ImageObject\",\"inLanguage\":\"fr-FR\",\"@id\":\"https:\\\/\\\/www.sikati.de\\\/produkt\\\/sikati-amari-mens-signature-set\\\/#primaryimage\",\"url\":\"https:\\\/\\\/www.sikati.de\\\/wp-content\\\/uploads\\\/2025\\\/12\\\/IMG_4219.webp\",\"contentUrl\":\"https:\\\/\\\/www.sikati.de\\\/wp-content\\\/uploads\\\/2025\\\/12\\\/IMG_4219.webp\",\"width\":933,\"height\":1400},{\"@type\":\"BreadcrumbList\",\"@id\":\"https:\\\/\\\/www.sikati.de\\\/produkt\\\/sikati-amari-mens-signature-set\\\/#breadcrumb\",\"itemListElement\":[{\"@type\":\"ListItem\",\"position\":1,\"name\":\"Startseite\",\"item\":\"https:\\\/\\\/www.sikati.de\\\/\"},{\"@type\":\"ListItem\",\"position\":2,\"name\":\"Produkte\",\"item\":\"https:\\\/\\\/www.sikati.de\\\/shop\\\/\"},{\"@type\":\"ListItem\",\"position\":3,\"name\":\"SIKAT\u00cd \u201eAm\u00e1ri\u201c Men\u2019s Signature Set\"}]},{\"@type\":\"WebSite\",\"@id\":\"https:\\\/\\\/www.sikati.de\\\/#website\",\"url\":\"https:\\\/\\\/www.sikati.de\\\/\",\"name\":\"Sikat\u00ed\",\"description\":\"Afro Contemporary Fashion &amp; Living\",\"publisher\":{\"@id\":\"https:\\\/\\\/www.sikati.de\\\/#organization\"},\"potentialAction\":[{\"@type\":\"SearchAction\",\"target\":{\"@type\":\"EntryPoint\",\"urlTemplate\":\"https:\\\/\\\/www.sikati.de\\\/?s={search_term_string}\"},\"query-input\":{\"@type\":\"PropertyValueSpecification\",\"valueRequired\":true,\"valueName\":\"search_term_string\"}}],\"inLanguage\":\"fr-FR\"},{\"@type\":\"Organization\",\"@id\":\"https:\\\/\\\/www.sikati.de\\\/#organization\",\"name\":\"Sikat\u00ed\",\"url\":\"https:\\\/\\\/www.sikati.de\\\/\",\"logo\":{\"@type\":\"ImageObject\",\"inLanguage\":\"fr-FR\",\"@id\":\"https:\\\/\\\/www.sikati.de\\\/#\\\/schema\\\/logo\\\/image\\\/\",\"url\":\"https:\\\/\\\/www.sikati.de\\\/wp-content\\\/uploads\\\/2019\\\/03\\\/cropped-cropped-sikati-logo.png\",\"contentUrl\":\"https:\\\/\\\/www.sikati.de\\\/wp-content\\\/uploads\\\/2019\\\/03\\\/cropped-cropped-sikati-logo.png\",\"width\":500,\"height\":201,\"caption\":\"Sikat\u00ed\"},\"image\":{\"@id\":\"https:\\\/\\\/www.sikati.de\\\/#\\\/schema\\\/logo\\\/image\\\/\"},\"sameAs\":[\"https:\\\/\\\/www.facebook.com\\\/Arts.Decoration.Style\",\"https:\\\/\\\/www.instagram.com\\\/sikati_arts\\\/\",\"https:\\\/\\\/www.tiktok.com\\\/@sikati_arts\"]}]}<\/script>\n<!-- \/ Yoast SEO plugin. -->","yoast_head_json":{"title":"SIKAT\u00cd \u201eAm\u00e1ri\u201c Men\u2019s Signature Set - Sikat\u00ed","description":"%","robots":{"index":"index","follow":"follow","max-snippet":"max-snippet:-1","max-image-preview":"max-image-preview:large","max-video-preview":"max-video-preview:-1"},"canonical":"https:\/\/www.sikati.de\/fr\/produit\/sikati-amari-mens-signature-set\/","og_locale":"fr_FR","og_type":"article","og_title":"SIKAT\u00cd \u201eAm\u00e1ri\u201c Men\u2019s Signature Set - Sikat\u00ed","og_description":"%","og_url":"https:\/\/www.sikati.de\/fr\/produit\/sikati-amari-mens-signature-set\/","og_site_name":"Sikat\u00ed","article_publisher":"https:\/\/www.facebook.com\/Arts.Decoration.Style","article_modified_time":"2026-03-20T20:33:23+00:00","og_image":[{"width":933,"height":1400,"url":"https:\/\/www.sikati.de\/wp-content\/uploads\/2025\/12\/IMG_4219.webp","type":"image\/webp"}],"twitter_card":"summary_large_image","twitter_misc":{"Dur\u00e9e de lecture estim\u00e9e":"1 minute"},"schema":{"@context":"https:\/\/schema.org","@graph":[{"@type":"WebPage","@id":"https:\/\/www.sikati.de\/produkt\/sikati-amari-mens-signature-set\/","url":"https:\/\/www.sikati.de\/produkt\/sikati-amari-mens-signature-set\/","name":"SIKAT\u00cd \u201eAm\u00e1ri\u201c Men\u2019s Signature Set - Sikat\u00ed","isPartOf":{"@id":"https:\/\/www.sikati.de\/#website"},"primaryImageOfPage":{"@id":"https:\/\/www.sikati.de\/produkt\/sikati-amari-mens-signature-set\/#primaryimage"},"image":{"@id":"https:\/\/www.sikati.de\/produkt\/sikati-amari-mens-signature-set\/#primaryimage"},"thumbnailUrl":"https:\/\/www.sikati.de\/wp-content\/uploads\/2025\/12\/IMG_4219.webp","datePublished":"2025-12-20T14:42:54+00:00","dateModified":"2026-03-20T20:33:23+00:00","description":"%","breadcrumb":{"@id":"https:\/\/www.sikati.de\/produkt\/sikati-amari-mens-signature-set\/#breadcrumb"},"inLanguage":"fr-FR","potentialAction":[{"@type":"ReadAction","target":["https:\/\/www.sikati.de\/produkt\/sikati-amari-mens-signature-set\/"]}]},{"@type":"ImageObject","inLanguage":"fr-FR","@id":"https:\/\/www.sikati.de\/produkt\/sikati-amari-mens-signature-set\/#primaryimage","url":"https:\/\/www.sikati.de\/wp-content\/uploads\/2025\/12\/IMG_4219.webp","contentUrl":"https:\/\/www.sikati.de\/wp-content\/uploads\/2025\/12\/IMG_4219.webp","width":933,"height":1400},{"@type":"BreadcrumbList","@id":"https:\/\/www.sikati.de\/produkt\/sikati-amari-mens-signature-set\/#breadcrumb","itemListElement":[{"@type":"ListItem","position":1,"name":"Startseite","item":"https:\/\/www.sikati.de\/"},{"@type":"ListItem","position":2,"name":"Produkte","item":"https:\/\/www.sikati.de\/shop\/"},{"@type":"ListItem","position":3,"name":"SIKAT\u00cd \u201eAm\u00e1ri\u201c Men\u2019s Signature Set"}]},{"@type":"WebSite","@id":"https:\/\/www.sikati.de\/#website","url":"https:\/\/www.sikati.de\/","name":"Sika\u00ed","description":"Afro Contemporary Fashion &amp; Living","publisher":{"@id":"https:\/\/www.sikati.de\/#organization"},"potentialAction":[{"@type":"SearchAction","target":{"@type":"EntryPoint","urlTemplate":"https:\/\/www.sikati.de\/?s={search_term_string}"},"query-input":{"@type":"PropertyValueSpecification","valueRequired":true,"valueName":"search_term_string"}}],"inLanguage":"fr-FR"},{"@type":"Organization","@id":"https:\/\/www.sikati.de\/#organization","name":"Sika\u00ed","url":"https:\/\/www.sikati.de\/","logo":{"@type":"ImageObject","inLanguage":"fr-FR","@id":"https:\/\/www.sikati.de\/#\/schema\/logo\/image\/","url":"https:\/\/www.sikati.de\/wp-content\/uploads\/2019\/03\/cropped-cropped-sikati-logo.png","contentUrl":"https:\/\/www.sikati.de\/wp-content\/uploads\/2019\/03\/cropped-cropped-sikati-logo.png","width":500,"height":201,"caption":"Sikat\u00ed"},"image":{"@id":"https:\/\/www.sikati.de\/#\/schema\/logo\/image\/"},"sameAs":["https:\/\/www.facebook.com\/Arts.Decoration.Style","https:\/\/www.instagram.com\/sikati_arts\/","https:\/\/www.tiktok.com\/@sikati_arts"]}]}},"_links":{"self":[{"href":"https:\/\/www.sikati.de\/fr\/wp-json\/wp\/v2\/product\/14273","targetHints":{"allow":["GET"]}}],"collection":[{"href":"https:\/\/www.sikati.de\/fr\/wp-json\/wp\/v2\/product"}],"about":[{"href":"https:\/\/www.sikati.de\/fr\/wp-json\/wp\/v2\/types\/product"}],"wp:featuredmedia":[{"embeddable":true,"href":"https:\/\/www.sikati.de\/fr\/wp-json\/wp\/v2\/media\/14157"}],"wp:attachment":[{"href":"https:\/\/www.sikati.de\/fr\/wp-json\/wp\/v2\/media?parent=14273"}],"wp:term":[{"taxonomy":"product_brand","embeddable":true,"href":"https:\/\/www.sikati.de\/fr\/wp-json\/wp\/v2\/product_brand?post=14273"},{"taxonomy":"product_cat","embeddable":true,"href":"https:\/\/www.sikati.de\/fr\/wp-json\/wp\/v2\/product_cat?post=14273"},{"taxonomy":"product_tag","embeddable":true,"href":"https:\/\/www.sikati.de\/fr\/wp-json\/wp\/v2\/product_tag?post=14273"}],"curies":[{"name":"wp","href":"https:\/\/api.w.org\/{rel}","templated":true}]}}