{"id":14283,"date":"2025-12-20T17:21:55","date_gmt":"2025-12-20T16:21:55","guid":{"rendered":"https:\/\/www.sikati.de\/?post_type=product&#038;p=14283"},"modified":"2026-03-20T21:09:20","modified_gmt":"2026-03-20T20:09:20","slug":"sikati-nalea-designer-look-set-maxi-rock-hoodie","status":"publish","type":"product","link":"https:\/\/www.sikati.de\/fr\/product\/sikati-nalea-designer-look-set-maxi-rock-hoodie\/","title":{"rendered":"Ensemble SIKAT\u00cd \u201e Nal\u00e9a \u201c \u2013 Jupe longue, sweat \u00e0 capuche et sac \u00e0 main orange"},"content":{"rendered":"<p data-start=\"286\" data-end=\"562\">Le <strong data-start=\"290\" data-end=\"326\">Ensemble de look de cr\u00e9ateur SIKAT\u00cd \u201e Nal\u00e9a \u201c<\/strong> est un look affirm\u00e9 enti\u00e8rement soign\u00e9, compos\u00e9 de <strong data-start=\"378\" data-end=\"393\">trois parties<\/strong>: un <strong data-start=\"401\" data-end=\"437\">Jupe longue \u00e0 imprim\u00e9 multicolore<\/strong>, un <strong data-start=\"445\" data-end=\"491\">Sweat \u00e0 capuche noir avec un motif de masque saisissant<\/strong> et un <strong data-start=\"502\" data-end=\"538\">Sac \u00e0 main orange SIKAT\u00cd<\/strong> comme un accent puissant.<\/p>\n<p data-start=\"564\" data-end=\"897\">La jupe longue en coton apporte \u00e9l\u00e9gance et fluidit\u00e9 \u00e0 la tenue, tandis que le sweat \u00e0 capuche en polaire douce cr\u00e9e un contraste urbain et moderne. Le sac \u00e0 main structur\u00e9 orange vif compl\u00e8te l&#039;ensemble, lui conf\u00e9rant une allure affirm\u00e9e, moderne et unique.<\/p>\n<p data-start=\"899\" data-end=\"1128\">Cet ensemble s&#039;adresse aux femmes qui ne cherchent pas \u00e0 acheter des articles individuels, mais plut\u00f4t un look de cr\u00e9ateur complet\u00a0: <strong>Un regard, un effet, une affirmation.<\/strong><br data-start=\"1048\" data-end=\"1051\" \/>Le set sera <strong data-start=\"1064\" data-end=\"1111\">Vendu exclusivement comme look complet<\/strong>, comme sur la photo.<\/p>\n<p data-start=\"1130\" data-end=\"1230\">Mat\u00e9riel:<br data-start=\"1143\" data-end=\"1146\" \/>\u2013 Jupe longue : Coton<br data-start=\"1168\" data-end=\"1171\" \/>\u2013 Sweat \u00e0 capuche : polaire<br data-start=\"1187\" data-end=\"1190\" \/>\u2013 Sac \u00e0 main : aspect cuir<\/p>\n<p data-start=\"71\" data-end=\"120\">Taille du mod\u00e8le :<br data-start=\"86\" data-end=\"89\" \/>Le mod\u00e8le mesure 1,74 m de haut.<\/p>\n<p data-start=\"122\" data-end=\"213\">Informations sur les tailles\u00a0:<br data-start=\"140\" data-end=\"143\" \/>\u2013 Jupe maxi : Taille unique (40\u201346)<br data-start=\"185\" data-end=\"188\" \/>\u2013 Sweat \u00e0 capuche : Taille M\/L<\/p>\n<p data-start=\"1279\" data-end=\"1374\">Conseils d&#039;entretien (textile) :<br data-start=\"1306\" data-end=\"1309\" \/>Lavable \u00e0 30\u00b0C en cycle d\u00e9licat.<\/p>","protected":false},"excerpt":{"rendered":"<p data-start=\"1415\" data-end=\"1582\">Ensemble de cr\u00e9ateur compos\u00e9 d&#039;une jupe maxi \u00e0 imprim\u00e9 multicolore, d&#039;un sweat \u00e0 capuche noir \u00e0 motif de masque et d&#039;un sac \u00e0 main orange SIKAT\u00cd. <strong>Disponible exclusivement en coffret<\/strong>.<\/p>\n<p data-start=\"1415\" data-end=\"1582\">Image de mode \u00a9 KOWA Berlin \u2022 Julia Fischer<\/p>\n<p data-start=\"1584\" data-end=\"1652\">Pas de facture de TVA, en tant que petite entreprise selon l&#039;article 19 (1) de la loi allemande sur la TVA (UStG).<\/p>","protected":false},"featured_media":14158,"template":"","meta":{"_acf_changed":false},"product_brand":[],"product_cat":[2117,2114,2037],"product_tag":[1893,2318,2321,2179,2325,2319,2317,2324,2323,1591,2316,2312],"class_list":{"0":"post-14283","1":"product","2":"type-product","3":"status-publish","4":"has-post-thumbnail","6":"product_cat-damen-afwc-2025","7":"product_cat-afwc-2025","8":"product_cat-runway-collection","9":"product_tag-afrikanische-mode-modern","10":"product_tag-afro-look-set-damen","11":"product_tag-afro-streetstyle-damen","12":"product_tag-designer-set-damen","13":"product_tag-masken-hoodie","14":"product_tag-maxi-rock-hoodie-set","15":"product_tag-nalea-designer-look","16":"product_tag-orange-handtasche-damen","17":"product_tag-set-mit-handtasche","18":"product_tag-sikati-damenmode","19":"product_tag-sikati-look-set","20":"product_tag-statement-outfit-damen","22":"first","23":"instock","24":"sale","25":"shipping-taxable","26":"purchasable","27":"product-type-simple"},"acf":[],"yoast_head":"<!-- This site is optimized with the Yoast SEO plugin v27.3 - https:\/\/yoast.com\/product\/yoast-seo-wordpress\/ -->\n<title>SIKAT\u00cd \u201eNal\u00e9a\u201c Designer Look Set \u2013 Maxi Rock, Hoodie &amp; Orange Handtasche - Sikat\u00ed<\/title>\n<meta name=\"description\" content=\"%\" \/>\n<meta name=\"robots\" content=\"index, follow, max-snippet:-1, max-image-preview:large, max-video-preview:-1\" \/>\n<link rel=\"canonical\" href=\"https:\/\/www.sikati.de\/fr\/product\/sikati-nalea-designer-look-set-maxi-rock-hoodie\/\" \/>\n<meta property=\"og:locale\" content=\"fr_FR\" \/>\n<meta property=\"og:type\" content=\"article\" \/>\n<meta property=\"og:title\" content=\"SIKAT\u00cd \u201eNal\u00e9a\u201c Designer Look Set \u2013 Maxi Rock, Hoodie &amp; Orange Handtasche - Sikat\u00ed\" \/>\n<meta property=\"og:description\" content=\"%\" \/>\n<meta property=\"og:url\" content=\"https:\/\/www.sikati.de\/fr\/product\/sikati-nalea-designer-look-set-maxi-rock-hoodie\/\" \/>\n<meta property=\"og:site_name\" content=\"Sikat\u00ed\" \/>\n<meta property=\"article:publisher\" content=\"https:\/\/www.facebook.com\/Arts.Decoration.Style\" \/>\n<meta property=\"article:modified_time\" content=\"2026-03-20T20:09:20+00:00\" \/>\n<meta property=\"og:image\" content=\"https:\/\/www.sikati.de\/wp-content\/uploads\/2025\/12\/IMG_4242.webp\" \/>\n\t<meta property=\"og:image:width\" content=\"933\" \/>\n\t<meta property=\"og:image:height\" content=\"1400\" \/>\n\t<meta property=\"og:image:type\" content=\"image\/webp\" \/>\n<meta name=\"twitter:card\" content=\"summary_large_image\" \/>\n<meta name=\"twitter:label1\" content=\"Est. reading time\" \/>\n\t<meta name=\"twitter:data1\" content=\"1 minute\" \/>\n<script type=\"application\/ld+json\" class=\"yoast-schema-graph\">{\"@context\":\"https:\\\/\\\/schema.org\",\"@graph\":[{\"@type\":\"WebPage\",\"@id\":\"https:\\\/\\\/www.sikati.de\\\/produkt\\\/sikati-nalea-designer-look-set-maxi-rock-hoodie\\\/\",\"url\":\"https:\\\/\\\/www.sikati.de\\\/produkt\\\/sikati-nalea-designer-look-set-maxi-rock-hoodie\\\/\",\"name\":\"SIKAT\u00cd \u201eNal\u00e9a\u201c Designer Look Set \u2013 Maxi Rock, Hoodie & Orange Handtasche - Sikat\u00ed\",\"isPartOf\":{\"@id\":\"https:\\\/\\\/www.sikati.de\\\/#website\"},\"primaryImageOfPage\":{\"@id\":\"https:\\\/\\\/www.sikati.de\\\/produkt\\\/sikati-nalea-designer-look-set-maxi-rock-hoodie\\\/#primaryimage\"},\"image\":{\"@id\":\"https:\\\/\\\/www.sikati.de\\\/produkt\\\/sikati-nalea-designer-look-set-maxi-rock-hoodie\\\/#primaryimage\"},\"thumbnailUrl\":\"https:\\\/\\\/www.sikati.de\\\/wp-content\\\/uploads\\\/2025\\\/12\\\/IMG_4242.webp\",\"datePublished\":\"2025-12-20T16:21:55+00:00\",\"dateModified\":\"2026-03-20T20:09:20+00:00\",\"description\":\"%\",\"breadcrumb\":{\"@id\":\"https:\\\/\\\/www.sikati.de\\\/produkt\\\/sikati-nalea-designer-look-set-maxi-rock-hoodie\\\/#breadcrumb\"},\"inLanguage\":\"fr-FR\",\"potentialAction\":[{\"@type\":\"ReadAction\",\"target\":[\"https:\\\/\\\/www.sikati.de\\\/produkt\\\/sikati-nalea-designer-look-set-maxi-rock-hoodie\\\/\"]}]},{\"@type\":\"ImageObject\",\"inLanguage\":\"fr-FR\",\"@id\":\"https:\\\/\\\/www.sikati.de\\\/produkt\\\/sikati-nalea-designer-look-set-maxi-rock-hoodie\\\/#primaryimage\",\"url\":\"https:\\\/\\\/www.sikati.de\\\/wp-content\\\/uploads\\\/2025\\\/12\\\/IMG_4242.webp\",\"contentUrl\":\"https:\\\/\\\/www.sikati.de\\\/wp-content\\\/uploads\\\/2025\\\/12\\\/IMG_4242.webp\",\"width\":933,\"height\":1400},{\"@type\":\"BreadcrumbList\",\"@id\":\"https:\\\/\\\/www.sikati.de\\\/produkt\\\/sikati-nalea-designer-look-set-maxi-rock-hoodie\\\/#breadcrumb\",\"itemListElement\":[{\"@type\":\"ListItem\",\"position\":1,\"name\":\"Startseite\",\"item\":\"https:\\\/\\\/www.sikati.de\\\/\"},{\"@type\":\"ListItem\",\"position\":2,\"name\":\"Produkte\",\"item\":\"https:\\\/\\\/www.sikati.de\\\/shop\\\/\"},{\"@type\":\"ListItem\",\"position\":3,\"name\":\"SIKAT\u00cd \u201eNal\u00e9a\u201c Designer Look Set \u2013 Maxi Rock, Hoodie &#038; Orange Handtasche\"}]},{\"@type\":\"WebSite\",\"@id\":\"https:\\\/\\\/www.sikati.de\\\/#website\",\"url\":\"https:\\\/\\\/www.sikati.de\\\/\",\"name\":\"Sikat\u00ed\",\"description\":\"Afro Contemporary Fashion &amp; Living\",\"publisher\":{\"@id\":\"https:\\\/\\\/www.sikati.de\\\/#organization\"},\"potentialAction\":[{\"@type\":\"SearchAction\",\"target\":{\"@type\":\"EntryPoint\",\"urlTemplate\":\"https:\\\/\\\/www.sikati.de\\\/?s={search_term_string}\"},\"query-input\":{\"@type\":\"PropertyValueSpecification\",\"valueRequired\":true,\"valueName\":\"search_term_string\"}}],\"inLanguage\":\"fr-FR\"},{\"@type\":\"Organization\",\"@id\":\"https:\\\/\\\/www.sikati.de\\\/#organization\",\"name\":\"Sikat\u00ed\",\"url\":\"https:\\\/\\\/www.sikati.de\\\/\",\"logo\":{\"@type\":\"ImageObject\",\"inLanguage\":\"fr-FR\",\"@id\":\"https:\\\/\\\/www.sikati.de\\\/#\\\/schema\\\/logo\\\/image\\\/\",\"url\":\"https:\\\/\\\/www.sikati.de\\\/wp-content\\\/uploads\\\/2019\\\/03\\\/cropped-cropped-sikati-logo.png\",\"contentUrl\":\"https:\\\/\\\/www.sikati.de\\\/wp-content\\\/uploads\\\/2019\\\/03\\\/cropped-cropped-sikati-logo.png\",\"width\":500,\"height\":201,\"caption\":\"Sikat\u00ed\"},\"image\":{\"@id\":\"https:\\\/\\\/www.sikati.de\\\/#\\\/schema\\\/logo\\\/image\\\/\"},\"sameAs\":[\"https:\\\/\\\/www.facebook.com\\\/Arts.Decoration.Style\",\"https:\\\/\\\/www.instagram.com\\\/sikati_arts\\\/\",\"https:\\\/\\\/www.tiktok.com\\\/@sikati_arts\"]}]}<\/script>\n<!-- \/ Yoast SEO plugin. -->","yoast_head_json":{"title":"SIKAT\u00cd \u201eNal\u00e9a\u201c Designer Look Set \u2013 Maxi Rock, Hoodie & Orange Handtasche - Sikat\u00ed","description":"%","robots":{"index":"index","follow":"follow","max-snippet":"max-snippet:-1","max-image-preview":"max-image-preview:large","max-video-preview":"max-video-preview:-1"},"canonical":"https:\/\/www.sikati.de\/fr\/product\/sikati-nalea-designer-look-set-maxi-rock-hoodie\/","og_locale":"fr_FR","og_type":"article","og_title":"SIKAT\u00cd \u201eNal\u00e9a\u201c Designer Look Set \u2013 Maxi Rock, Hoodie & Orange Handtasche - Sikat\u00ed","og_description":"%","og_url":"https:\/\/www.sikati.de\/fr\/product\/sikati-nalea-designer-look-set-maxi-rock-hoodie\/","og_site_name":"Sikat\u00ed","article_publisher":"https:\/\/www.facebook.com\/Arts.Decoration.Style","article_modified_time":"2026-03-20T20:09:20+00:00","og_image":[{"width":933,"height":1400,"url":"https:\/\/www.sikati.de\/wp-content\/uploads\/2025\/12\/IMG_4242.webp","type":"image\/webp"}],"twitter_card":"summary_large_image","twitter_misc":{"Est. reading time":"1 minute"},"schema":{"@context":"https:\/\/schema.org","@graph":[{"@type":"WebPage","@id":"https:\/\/www.sikati.de\/produkt\/sikati-nalea-designer-look-set-maxi-rock-hoodie\/","url":"https:\/\/www.sikati.de\/produkt\/sikati-nalea-designer-look-set-maxi-rock-hoodie\/","name":"SIKAT\u00cd \u201eNal\u00e9a\u201c Designer Look Set \u2013 Maxi Rock, Hoodie & Orange Handtasche - Sikat\u00ed","isPartOf":{"@id":"https:\/\/www.sikati.de\/#website"},"primaryImageOfPage":{"@id":"https:\/\/www.sikati.de\/produkt\/sikati-nalea-designer-look-set-maxi-rock-hoodie\/#primaryimage"},"image":{"@id":"https:\/\/www.sikati.de\/produkt\/sikati-nalea-designer-look-set-maxi-rock-hoodie\/#primaryimage"},"thumbnailUrl":"https:\/\/www.sikati.de\/wp-content\/uploads\/2025\/12\/IMG_4242.webp","datePublished":"2025-12-20T16:21:55+00:00","dateModified":"2026-03-20T20:09:20+00:00","description":"%","breadcrumb":{"@id":"https:\/\/www.sikati.de\/produkt\/sikati-nalea-designer-look-set-maxi-rock-hoodie\/#breadcrumb"},"inLanguage":"fr-FR","potentialAction":[{"@type":"ReadAction","target":["https:\/\/www.sikati.de\/produkt\/sikati-nalea-designer-look-set-maxi-rock-hoodie\/"]}]},{"@type":"ImageObject","inLanguage":"fr-FR","@id":"https:\/\/www.sikati.de\/produkt\/sikati-nalea-designer-look-set-maxi-rock-hoodie\/#primaryimage","url":"https:\/\/www.sikati.de\/wp-content\/uploads\/2025\/12\/IMG_4242.webp","contentUrl":"https:\/\/www.sikati.de\/wp-content\/uploads\/2025\/12\/IMG_4242.webp","width":933,"height":1400},{"@type":"BreadcrumbList","@id":"https:\/\/www.sikati.de\/produkt\/sikati-nalea-designer-look-set-maxi-rock-hoodie\/#breadcrumb","itemListElement":[{"@type":"ListItem","position":1,"name":"Startseite","item":"https:\/\/www.sikati.de\/"},{"@type":"ListItem","position":2,"name":"Produkte","item":"https:\/\/www.sikati.de\/shop\/"},{"@type":"ListItem","position":3,"name":"SIKAT\u00cd \u201eNal\u00e9a\u201c Designer Look Set \u2013 Maxi Rock, Hoodie &#038; Orange Handtasche"}]},{"@type":"WebSite","@id":"https:\/\/www.sikati.de\/#website","url":"https:\/\/www.sikati.de\/","name":"Sika\u00ed","description":"Afro Contemporary Fashion &amp; Living","publisher":{"@id":"https:\/\/www.sikati.de\/#organization"},"potentialAction":[{"@type":"SearchAction","target":{"@type":"EntryPoint","urlTemplate":"https:\/\/www.sikati.de\/?s={search_term_string}"},"query-input":{"@type":"PropertyValueSpecification","valueRequired":true,"valueName":"search_term_string"}}],"inLanguage":"fr-FR"},{"@type":"Organization","@id":"https:\/\/www.sikati.de\/#organization","name":"Sika\u00ed","url":"https:\/\/www.sikati.de\/","logo":{"@type":"ImageObject","inLanguage":"fr-FR","@id":"https:\/\/www.sikati.de\/#\/schema\/logo\/image\/","url":"https:\/\/www.sikati.de\/wp-content\/uploads\/2019\/03\/cropped-cropped-sikati-logo.png","contentUrl":"https:\/\/www.sikati.de\/wp-content\/uploads\/2019\/03\/cropped-cropped-sikati-logo.png","width":500,"height":201,"caption":"Sikat\u00ed"},"image":{"@id":"https:\/\/www.sikati.de\/#\/schema\/logo\/image\/"},"sameAs":["https:\/\/www.facebook.com\/Arts.Decoration.Style","https:\/\/www.instagram.com\/sikati_arts\/","https:\/\/www.tiktok.com\/@sikati_arts"]}]}},"_links":{"self":[{"href":"https:\/\/www.sikati.de\/fr\/wp-json\/wp\/v2\/product\/14283","targetHints":{"allow":["GET"]}}],"collection":[{"href":"https:\/\/www.sikati.de\/fr\/wp-json\/wp\/v2\/product"}],"about":[{"href":"https:\/\/www.sikati.de\/fr\/wp-json\/wp\/v2\/types\/product"}],"wp:featuredmedia":[{"embeddable":true,"href":"https:\/\/www.sikati.de\/fr\/wp-json\/wp\/v2\/media\/14158"}],"wp:attachment":[{"href":"https:\/\/www.sikati.de\/fr\/wp-json\/wp\/v2\/media?parent=14283"}],"wp:term":[{"taxonomy":"product_brand","embeddable":true,"href":"https:\/\/www.sikati.de\/fr\/wp-json\/wp\/v2\/product_brand?post=14283"},{"taxonomy":"product_cat","embeddable":true,"href":"https:\/\/www.sikati.de\/fr\/wp-json\/wp\/v2\/product_cat?post=14283"},{"taxonomy":"product_tag","embeddable":true,"href":"https:\/\/www.sikati.de\/fr\/wp-json\/wp\/v2\/product_tag?post=14283"}],"curies":[{"name":"wp","href":"https:\/\/api.w.org\/{rel}","templated":true}]}}