{"id":14651,"date":"2026-03-22T16:26:55","date_gmt":"2026-03-22T15:26:55","guid":{"rendered":"https:\/\/www.sikati.de\/?post_type=product&#038;p=14651"},"modified":"2026-04-12T21:14:30","modified_gmt":"2026-04-12T19:14:30","slug":"sikati-mini-handtasche","status":"publish","type":"product","link":"https:\/\/www.sikati.de\/fr\/produit\/sikati-mini-handtasche\/","title":{"rendered":"SIKAT\u00cd Mini sac \u00e0 main"},"content":{"rendered":"<p data-start=\"344\" data-end=\"482\">Le <strong data-start=\"348\" data-end=\"374\">SIKAT\u00cd Mini sac \u00e0 main<\/strong> Elle allie design moderne et \u00e9l\u00e9gance intemporelle et apporte couleur, style et assurance \u00e0 chaque tenue.<\/p>\n<p data-start=\"484\" data-end=\"738\">Sa finition en similicuir de haute qualit\u00e9 lui conf\u00e8re une allure sophistiqu\u00e9e, tandis que les d\u00e9tails dor\u00e9s lui donnent un aspect luxueux. Son design \u00e9pur\u00e9 et structur\u00e9 en fait un accessoire \u00e9l\u00e9gant pour les occasions sp\u00e9ciales, les \u00e9v\u00e9nements ou le quotidien.<\/p>\n<p data-start=\"740\" data-end=\"872\">Gr\u00e2ce \u00e0 sa poign\u00e9e de transport robuste et \u00e0 sa cha\u00eene amovible, le sac peut \u00eatre port\u00e9 de mani\u00e8re flexible comme un sac \u00e0 main ou un sac \u00e0 bandouli\u00e8re.<\/p>\n<p data-start=\"874\" data-end=\"960\">\u2728 Disponible en plusieurs couleurs tendance :<br data-start=\"916\" data-end=\"919\" \/>Jaune, orange, vert, bleu, rose et marron.<\/p>\n<p data-start=\"874\" data-end=\"960\">\u00c9l\u00e9gant, moderne ou original, ce mini sac s&#039;adapte parfaitement \u00e0 votre style et affirme votre personnalit\u00e9.<\/p>\n<ul>\n<li data-section-id=\"ae2w3n\" data-start=\"1462\" data-end=\"1506\">Mati\u00e8re : Simili cuir de haute qualit\u00e9 (v\u00e9gan)<\/li>\n<li data-section-id=\"ivxgdu\" data-start=\"1525\" data-end=\"1542\">Longueur : 21 cm<\/li>\n<li data-section-id=\"ivxgdu\" data-start=\"1525\" data-end=\"1542\">Largeur : 6,5 cm<\/li>\n<li>Hauteur : 15,5 cm<\/li>\n<li data-section-id=\"915oci\" data-start=\"1543\" data-end=\"1586\">Fermeture : Fermoir \u00e0 tourniquet dor\u00e9<\/li>\n<li data-section-id=\"1wp01h0\" data-start=\"1587\" data-end=\"1634\">Options de transport : Poign\u00e9e et cha\u00eene amovible<\/li>\n<li data-section-id=\"lyw1vz\" data-start=\"1635\" data-end=\"1685\">Style\u00a0: \u00c9l\u00e9gant, moderne, polyvalent<\/li>\n<\/ul>\n<p data-start=\"962\" data-end=\"1089\">","protected":false},"excerpt":{"rendered":"<p data-start=\"1141\" data-end=\"1306\">\u00c9l\u00e9gant mini sac \u00e0 main en simili cuir de haute qualit\u00e9 avec d\u00e9tails dor\u00e9s.<br data-start=\"1214\" data-end=\"1217\" \/>Disponible dans plusieurs coloris tendance \u2013 parfait pour des looks \u00e9l\u00e9gants au quotidien et pour les grandes occasions.<\/p>\n<p data-start=\"1141\" data-end=\"1306\">Pas de facture de TVA, en tant que petite entreprise selon l&#039;article 19 (1) de la loi allemande sur la TVA (UStG).<\/p>","protected":false},"featured_media":14567,"template":"","meta":{"_acf_changed":false},"product_brand":[],"product_cat":[336,1813,198],"product_tag":[2347,1298,2345,2341,2339,2335,2342,2344,2351,2336,2338,2334,2350,2346,2343,2348,2340,2349,2337],"class_list":{"0":"post-14651","1":"product","2":"type-product","3":"status-publish","4":"has-post-thumbnail","6":"product_cat-handtaschen","7":"product_cat-sikati-accessoires","8":"product_cat-taschen","9":"product_tag-abendtasche-damen","10":"product_tag-blaue-tasche","11":"product_tag-braune-tasche","12":"product_tag-bunte-handtasche","13":"product_tag-designer-tasche-guenstig","14":"product_tag-elegante-tasche-damen","15":"product_tag-gelbe-tasche","16":"product_tag-gruene-tasche","17":"product_tag-kleine-elegante-tasche","18":"product_tag-kleine-handtasche","19":"product_tag-kunstleder-tasche","20":"product_tag-mini-handtasche-damen","21":"product_tag-modische-handtasche-damen","22":"product_tag-orange-tasche","23":"product_tag-pinke-tasche","24":"product_tag-schultertasche-damen","25":"product_tag-sikati-tasche","26":"product_tag-trend-tasche-2026","27":"product_tag-vegane-handtasche","29":"first","30":"instock","31":"shipping-taxable","32":"purchasable","33":"product-type-variable"},"acf":[],"yoast_head":"<!-- This site is optimized with the Yoast SEO plugin v27.3 - https:\/\/yoast.com\/product\/yoast-seo-wordpress\/ -->\n<title>SIKAT\u00cd Mini Handtasche - Sikat\u00ed<\/title>\n<meta name=\"description\" content=\"%\" \/>\n<meta name=\"robots\" content=\"index, follow, max-snippet:-1, max-image-preview:large, max-video-preview:-1\" \/>\n<link rel=\"canonical\" href=\"https:\/\/www.sikati.de\/fr\/produit\/sikati-mini-handtasche\/\" \/>\n<meta property=\"og:locale\" content=\"fr_FR\" \/>\n<meta property=\"og:type\" content=\"article\" \/>\n<meta property=\"og:title\" content=\"SIKAT\u00cd Mini Handtasche - Sikat\u00ed\" \/>\n<meta property=\"og:description\" content=\"%\" \/>\n<meta property=\"og:url\" content=\"https:\/\/www.sikati.de\/fr\/produit\/sikati-mini-handtasche\/\" \/>\n<meta property=\"og:site_name\" content=\"Sikat\u00ed\" \/>\n<meta property=\"article:publisher\" content=\"https:\/\/www.facebook.com\/Arts.Decoration.Style\" \/>\n<meta property=\"article:modified_time\" content=\"2026-04-12T19:14:30+00:00\" \/>\n<meta property=\"og:image\" content=\"https:\/\/www.sikati.de\/wp-content\/uploads\/2026\/03\/IMG_20260312_105951-Photoroom.png\" \/>\n\t<meta property=\"og:image:width\" content=\"1152\" \/>\n\t<meta property=\"og:image:height\" content=\"2048\" \/>\n\t<meta property=\"og:image:type\" content=\"image\/png\" \/>\n<meta name=\"twitter:card\" content=\"summary_large_image\" \/>\n<meta name=\"twitter:label1\" content=\"Dur\u00e9e de lecture estim\u00e9e\" \/>\n\t<meta name=\"twitter:data1\" content=\"1 minute\" \/>\n<script type=\"application\/ld+json\" class=\"yoast-schema-graph\">{\"@context\":\"https:\\\/\\\/schema.org\",\"@graph\":[{\"@type\":\"WebPage\",\"@id\":\"https:\\\/\\\/www.sikati.de\\\/produkt\\\/sikati-mini-handtasche\\\/\",\"url\":\"https:\\\/\\\/www.sikati.de\\\/produkt\\\/sikati-mini-handtasche\\\/\",\"name\":\"SIKAT\u00cd Mini Handtasche - Sikat\u00ed\",\"isPartOf\":{\"@id\":\"https:\\\/\\\/www.sikati.de\\\/#website\"},\"primaryImageOfPage\":{\"@id\":\"https:\\\/\\\/www.sikati.de\\\/produkt\\\/sikati-mini-handtasche\\\/#primaryimage\"},\"image\":{\"@id\":\"https:\\\/\\\/www.sikati.de\\\/produkt\\\/sikati-mini-handtasche\\\/#primaryimage\"},\"thumbnailUrl\":\"https:\\\/\\\/www.sikati.de\\\/wp-content\\\/uploads\\\/2026\\\/03\\\/IMG_20260312_105951-Photoroom.png\",\"datePublished\":\"2026-03-22T15:26:55+00:00\",\"dateModified\":\"2026-04-12T19:14:30+00:00\",\"description\":\"%\",\"breadcrumb\":{\"@id\":\"https:\\\/\\\/www.sikati.de\\\/produkt\\\/sikati-mini-handtasche\\\/#breadcrumb\"},\"inLanguage\":\"fr-FR\",\"potentialAction\":[{\"@type\":\"ReadAction\",\"target\":[\"https:\\\/\\\/www.sikati.de\\\/produkt\\\/sikati-mini-handtasche\\\/\"]}]},{\"@type\":\"ImageObject\",\"inLanguage\":\"fr-FR\",\"@id\":\"https:\\\/\\\/www.sikati.de\\\/produkt\\\/sikati-mini-handtasche\\\/#primaryimage\",\"url\":\"https:\\\/\\\/www.sikati.de\\\/wp-content\\\/uploads\\\/2026\\\/03\\\/IMG_20260312_105951-Photoroom.png\",\"contentUrl\":\"https:\\\/\\\/www.sikati.de\\\/wp-content\\\/uploads\\\/2026\\\/03\\\/IMG_20260312_105951-Photoroom.png\",\"width\":1152,\"height\":2048},{\"@type\":\"BreadcrumbList\",\"@id\":\"https:\\\/\\\/www.sikati.de\\\/produkt\\\/sikati-mini-handtasche\\\/#breadcrumb\",\"itemListElement\":[{\"@type\":\"ListItem\",\"position\":1,\"name\":\"Startseite\",\"item\":\"https:\\\/\\\/www.sikati.de\\\/\"},{\"@type\":\"ListItem\",\"position\":2,\"name\":\"Produkte\",\"item\":\"https:\\\/\\\/www.sikati.de\\\/shop\\\/\"},{\"@type\":\"ListItem\",\"position\":3,\"name\":\"SIKAT\u00cd Mini Handtasche\"}]},{\"@type\":\"WebSite\",\"@id\":\"https:\\\/\\\/www.sikati.de\\\/#website\",\"url\":\"https:\\\/\\\/www.sikati.de\\\/\",\"name\":\"Sikat\u00ed\",\"description\":\"Afro Contemporary Fashion &amp; Living\",\"publisher\":{\"@id\":\"https:\\\/\\\/www.sikati.de\\\/#organization\"},\"potentialAction\":[{\"@type\":\"SearchAction\",\"target\":{\"@type\":\"EntryPoint\",\"urlTemplate\":\"https:\\\/\\\/www.sikati.de\\\/?s={search_term_string}\"},\"query-input\":{\"@type\":\"PropertyValueSpecification\",\"valueRequired\":true,\"valueName\":\"search_term_string\"}}],\"inLanguage\":\"fr-FR\"},{\"@type\":\"Organization\",\"@id\":\"https:\\\/\\\/www.sikati.de\\\/#organization\",\"name\":\"Sikat\u00ed\",\"url\":\"https:\\\/\\\/www.sikati.de\\\/\",\"logo\":{\"@type\":\"ImageObject\",\"inLanguage\":\"fr-FR\",\"@id\":\"https:\\\/\\\/www.sikati.de\\\/#\\\/schema\\\/logo\\\/image\\\/\",\"url\":\"https:\\\/\\\/www.sikati.de\\\/wp-content\\\/uploads\\\/2019\\\/03\\\/cropped-cropped-sikati-logo.png\",\"contentUrl\":\"https:\\\/\\\/www.sikati.de\\\/wp-content\\\/uploads\\\/2019\\\/03\\\/cropped-cropped-sikati-logo.png\",\"width\":500,\"height\":201,\"caption\":\"Sikat\u00ed\"},\"image\":{\"@id\":\"https:\\\/\\\/www.sikati.de\\\/#\\\/schema\\\/logo\\\/image\\\/\"},\"sameAs\":[\"https:\\\/\\\/www.facebook.com\\\/Arts.Decoration.Style\",\"https:\\\/\\\/www.instagram.com\\\/sikati_arts\\\/\",\"https:\\\/\\\/www.tiktok.com\\\/@sikati_arts\"]}]}<\/script>\n<!-- \/ Yoast SEO plugin. -->","yoast_head_json":{"title":"SIKAT\u00cd Mini Handtasche - Sikat\u00ed","description":"%","robots":{"index":"index","follow":"follow","max-snippet":"max-snippet:-1","max-image-preview":"max-image-preview:large","max-video-preview":"max-video-preview:-1"},"canonical":"https:\/\/www.sikati.de\/fr\/produit\/sikati-mini-handtasche\/","og_locale":"fr_FR","og_type":"article","og_title":"SIKAT\u00cd Mini Handtasche - Sikat\u00ed","og_description":"%","og_url":"https:\/\/www.sikati.de\/fr\/produit\/sikati-mini-handtasche\/","og_site_name":"Sikat\u00ed","article_publisher":"https:\/\/www.facebook.com\/Arts.Decoration.Style","article_modified_time":"2026-04-12T19:14:30+00:00","og_image":[{"width":1152,"height":2048,"url":"https:\/\/www.sikati.de\/wp-content\/uploads\/2026\/03\/IMG_20260312_105951-Photoroom.png","type":"image\/png"}],"twitter_card":"summary_large_image","twitter_misc":{"Dur\u00e9e de lecture estim\u00e9e":"1 minute"},"schema":{"@context":"https:\/\/schema.org","@graph":[{"@type":"WebPage","@id":"https:\/\/www.sikati.de\/produkt\/sikati-mini-handtasche\/","url":"https:\/\/www.sikati.de\/produkt\/sikati-mini-handtasche\/","name":"SIKAT\u00cd Mini Handtasche - Sikat\u00ed","isPartOf":{"@id":"https:\/\/www.sikati.de\/#website"},"primaryImageOfPage":{"@id":"https:\/\/www.sikati.de\/produkt\/sikati-mini-handtasche\/#primaryimage"},"image":{"@id":"https:\/\/www.sikati.de\/produkt\/sikati-mini-handtasche\/#primaryimage"},"thumbnailUrl":"https:\/\/www.sikati.de\/wp-content\/uploads\/2026\/03\/IMG_20260312_105951-Photoroom.png","datePublished":"2026-03-22T15:26:55+00:00","dateModified":"2026-04-12T19:14:30+00:00","description":"%","breadcrumb":{"@id":"https:\/\/www.sikati.de\/produkt\/sikati-mini-handtasche\/#breadcrumb"},"inLanguage":"fr-FR","potentialAction":[{"@type":"ReadAction","target":["https:\/\/www.sikati.de\/produkt\/sikati-mini-handtasche\/"]}]},{"@type":"ImageObject","inLanguage":"fr-FR","@id":"https:\/\/www.sikati.de\/produkt\/sikati-mini-handtasche\/#primaryimage","url":"https:\/\/www.sikati.de\/wp-content\/uploads\/2026\/03\/IMG_20260312_105951-Photoroom.png","contentUrl":"https:\/\/www.sikati.de\/wp-content\/uploads\/2026\/03\/IMG_20260312_105951-Photoroom.png","width":1152,"height":2048},{"@type":"BreadcrumbList","@id":"https:\/\/www.sikati.de\/produkt\/sikati-mini-handtasche\/#breadcrumb","itemListElement":[{"@type":"ListItem","position":1,"name":"Startseite","item":"https:\/\/www.sikati.de\/"},{"@type":"ListItem","position":2,"name":"Produkte","item":"https:\/\/www.sikati.de\/shop\/"},{"@type":"ListItem","position":3,"name":"SIKAT\u00cd Mini Handtasche"}]},{"@type":"WebSite","@id":"https:\/\/www.sikati.de\/#website","url":"https:\/\/www.sikati.de\/","name":"Sika\u00ed","description":"Afro Contemporary Fashion &amp; Living","publisher":{"@id":"https:\/\/www.sikati.de\/#organization"},"potentialAction":[{"@type":"SearchAction","target":{"@type":"EntryPoint","urlTemplate":"https:\/\/www.sikati.de\/?s={search_term_string}"},"query-input":{"@type":"PropertyValueSpecification","valueRequired":true,"valueName":"search_term_string"}}],"inLanguage":"fr-FR"},{"@type":"Organization","@id":"https:\/\/www.sikati.de\/#organization","name":"Sika\u00ed","url":"https:\/\/www.sikati.de\/","logo":{"@type":"ImageObject","inLanguage":"fr-FR","@id":"https:\/\/www.sikati.de\/#\/schema\/logo\/image\/","url":"https:\/\/www.sikati.de\/wp-content\/uploads\/2019\/03\/cropped-cropped-sikati-logo.png","contentUrl":"https:\/\/www.sikati.de\/wp-content\/uploads\/2019\/03\/cropped-cropped-sikati-logo.png","width":500,"height":201,"caption":"Sikat\u00ed"},"image":{"@id":"https:\/\/www.sikati.de\/#\/schema\/logo\/image\/"},"sameAs":["https:\/\/www.facebook.com\/Arts.Decoration.Style","https:\/\/www.instagram.com\/sikati_arts\/","https:\/\/www.tiktok.com\/@sikati_arts"]}]}},"_links":{"self":[{"href":"https:\/\/www.sikati.de\/fr\/wp-json\/wp\/v2\/product\/14651","targetHints":{"allow":["GET"]}}],"collection":[{"href":"https:\/\/www.sikati.de\/fr\/wp-json\/wp\/v2\/product"}],"about":[{"href":"https:\/\/www.sikati.de\/fr\/wp-json\/wp\/v2\/types\/product"}],"wp:featuredmedia":[{"embeddable":true,"href":"https:\/\/www.sikati.de\/fr\/wp-json\/wp\/v2\/media\/14567"}],"wp:attachment":[{"href":"https:\/\/www.sikati.de\/fr\/wp-json\/wp\/v2\/media?parent=14651"}],"wp:term":[{"taxonomy":"product_brand","embeddable":true,"href":"https:\/\/www.sikati.de\/fr\/wp-json\/wp\/v2\/product_brand?post=14651"},{"taxonomy":"product_cat","embeddable":true,"href":"https:\/\/www.sikati.de\/fr\/wp-json\/wp\/v2\/product_cat?post=14651"},{"taxonomy":"product_tag","embeddable":true,"href":"https:\/\/www.sikati.de\/fr\/wp-json\/wp\/v2\/product_tag?post=14651"}],"curies":[{"name":"wp","href":"https:\/\/api.w.org\/{rel}","templated":true}]}}