{"id":14688,"date":"2026-04-12T20:18:18","date_gmt":"2026-04-12T18:18:18","guid":{"rendered":"https:\/\/www.sikati.de\/?post_type=product&#038;p=14688"},"modified":"2026-04-12T21:18:14","modified_gmt":"2026-04-12T19:18:14","slug":"sikati-ndop-mini-tasche-elegante-handtasche-aus-afrikanischem-stoff","status":"publish","type":"product","link":"https:\/\/www.sikati.de\/fr\/produit\/sikati-ndop-mini-tasche-elegante-handtasche-aus-afrikanischem-stoff\/","title":{"rendered":"SIKAT\u00cd Ndop Mini Sac"},"content":{"rendered":"<p data-start=\"125\" data-end=\"377\">D\u00e9couvrez l&#039;\u00e9l\u00e9gance <strong data-start=\"152\" data-end=\"179\">SIKAT\u00cd Ndop Mini Sac<\/strong>, Confectionn\u00e9 en tissu Ndop de haute qualit\u00e9, bleu et blanc, son design \u00e9l\u00e9gant et son fermoir dor\u00e9 en font l&#039;accessoire parfait pour les occasions sp\u00e9ciales ou les looks modernes du quotidien.<\/p>\n<p data-start=\"379\" data-end=\"496\">Ce sac allie le savoir-faire africain \u00e0 une \u00e9l\u00e9gance intemporelle et affirme un style unique.<\/p>\n<p data-start=\"498\" data-end=\"740\"><strong data-start=\"498\" data-end=\"517\">D\u00e9tails du produit\u00a0:<\/strong><br data-start=\"517\" data-end=\"520\" \/>Mati\u00e8re : Tissu Ndop de haute qualit\u00e9 provenant du Cameroun<br data-start=\"553\" data-end=\"556\" \/>Longueur : 21 cm<br data-start=\"568\" data-end=\"571\" \/>Largeur : 6,5 cm<br data-start=\"585\" data-end=\"588\" \/>Hauteur : 15,5 cm<br data-start=\"601\" data-end=\"604\" \/>Fermeture : Fermoir \u00e0 tourniquet dor\u00e9<br data-start=\"643\" data-end=\"646\" data-is-only-node=\"\" \/>Options de transport : Poign\u00e9e et cha\u00eene amovible<br data-start=\"689\" data-end=\"692\" \/>Style\u00a0: \u00c9l\u00e9gant, moderne, polyvalent<\/p>\n<p data-start=\"742\" data-end=\"844\">\u2714 Tissu Ndop traditionnel<br data-start=\"769\" data-end=\"772\" \/>\u2714 Design \u00e9l\u00e9gant et compact<br data-start=\"801\" data-end=\"804\" \/>\u2714 Id\u00e9al pour les \u00e9v\u00e9nements et les tenues \u00e9l\u00e9gantes<\/p>","protected":false},"excerpt":{"rendered":"<p>\u00c9l\u00e9gant mini sac \u00e0 main confectionn\u00e9 en tissu Ndop traditionnel bleu et blanc \u2013 un mod\u00e8le SIKAT\u00cd unique pour des looks styl\u00e9s.<\/p>\n<p>Pas de facture de TVA, en tant que petite entreprise selon l&#039;article 19 (1) de la loi allemande sur la TVA (UStG).<\/p>","protected":false},"featured_media":14542,"template":"","meta":{"_acf_changed":false},"product_brand":[],"product_cat":[336,1813,198],"product_tag":[2353,2360,2355,2361,2358,2359,2362,2357,2354,2356,2352,2340],"class_list":{"0":"post-14688","1":"product","2":"type-product","3":"status-publish","4":"has-post-thumbnail","6":"product_cat-handtaschen","7":"product_cat-sikati-accessoires","8":"product_cat-taschen","9":"product_tag-afrikanische-handtasche","10":"product_tag-afrikanische-luxus-tasche","11":"product_tag-afrikanische-mode-accessoires","12":"product_tag-damen-handtasche-klein","13":"product_tag-designer-tasche-afrika","14":"product_tag-ethno-tasche-elegant","15":"product_tag-exklusive-handtasche","16":"product_tag-handtasche-blau-weiss","17":"product_tag-mini-tasche-elegant","18":"product_tag-ndop-stoff-tasche","19":"product_tag-ndop-tasche","20":"product_tag-sikati-tasche","22":"first","23":"instock","24":"shipping-taxable","25":"purchasable","26":"product-type-variable"},"acf":[],"yoast_head":"<!-- This site is optimized with the Yoast SEO plugin v27.3 - https:\/\/yoast.com\/product\/yoast-seo-wordpress\/ -->\n<title>SIKAT\u00cd Ndop Mini Tasche - Sikat\u00ed<\/title>\n<meta name=\"description\" content=\"%\" \/>\n<meta name=\"robots\" content=\"index, follow, max-snippet:-1, max-image-preview:large, max-video-preview:-1\" \/>\n<link rel=\"canonical\" href=\"https:\/\/www.sikati.de\/fr\/produit\/sikati-ndop-mini-tasche-elegante-handtasche-aus-afrikanischem-stoff\/\" \/>\n<meta property=\"og:locale\" content=\"fr_FR\" \/>\n<meta property=\"og:type\" content=\"article\" \/>\n<meta property=\"og:title\" content=\"SIKAT\u00cd Ndop Mini Tasche - Sikat\u00ed\" \/>\n<meta property=\"og:description\" content=\"%\" \/>\n<meta property=\"og:url\" content=\"https:\/\/www.sikati.de\/fr\/produit\/sikati-ndop-mini-tasche-elegante-handtasche-aus-afrikanischem-stoff\/\" \/>\n<meta property=\"og:site_name\" content=\"Sikat\u00ed\" \/>\n<meta property=\"article:publisher\" content=\"https:\/\/www.facebook.com\/Arts.Decoration.Style\" \/>\n<meta property=\"article:modified_time\" content=\"2026-04-12T19:18:14+00:00\" \/>\n<meta property=\"og:image\" content=\"https:\/\/www.sikati.de\/wp-content\/uploads\/2026\/03\/IMG_20260312_104748-Photoroom.png\" \/>\n\t<meta property=\"og:image:width\" content=\"1152\" \/>\n\t<meta property=\"og:image:height\" content=\"2048\" \/>\n\t<meta property=\"og:image:type\" content=\"image\/png\" \/>\n<meta name=\"twitter:card\" content=\"summary_large_image\" \/>\n<meta name=\"twitter:label1\" content=\"Dur\u00e9e de lecture estim\u00e9e\" \/>\n\t<meta name=\"twitter:data1\" content=\"1 minute\" \/>\n<script type=\"application\/ld+json\" class=\"yoast-schema-graph\">{\"@context\":\"https:\\\/\\\/schema.org\",\"@graph\":[{\"@type\":\"WebPage\",\"@id\":\"https:\\\/\\\/www.sikati.de\\\/produkt\\\/sikati-ndop-mini-tasche-elegante-handtasche-aus-afrikanischem-stoff\\\/\",\"url\":\"https:\\\/\\\/www.sikati.de\\\/produkt\\\/sikati-ndop-mini-tasche-elegante-handtasche-aus-afrikanischem-stoff\\\/\",\"name\":\"SIKAT\u00cd Ndop Mini Tasche - Sikat\u00ed\",\"isPartOf\":{\"@id\":\"https:\\\/\\\/www.sikati.de\\\/#website\"},\"primaryImageOfPage\":{\"@id\":\"https:\\\/\\\/www.sikati.de\\\/produkt\\\/sikati-ndop-mini-tasche-elegante-handtasche-aus-afrikanischem-stoff\\\/#primaryimage\"},\"image\":{\"@id\":\"https:\\\/\\\/www.sikati.de\\\/produkt\\\/sikati-ndop-mini-tasche-elegante-handtasche-aus-afrikanischem-stoff\\\/#primaryimage\"},\"thumbnailUrl\":\"https:\\\/\\\/www.sikati.de\\\/wp-content\\\/uploads\\\/2026\\\/03\\\/IMG_20260312_104748-Photoroom.png\",\"datePublished\":\"2026-04-12T18:18:18+00:00\",\"dateModified\":\"2026-04-12T19:18:14+00:00\",\"description\":\"%\",\"breadcrumb\":{\"@id\":\"https:\\\/\\\/www.sikati.de\\\/produkt\\\/sikati-ndop-mini-tasche-elegante-handtasche-aus-afrikanischem-stoff\\\/#breadcrumb\"},\"inLanguage\":\"fr-FR\",\"potentialAction\":[{\"@type\":\"ReadAction\",\"target\":[\"https:\\\/\\\/www.sikati.de\\\/produkt\\\/sikati-ndop-mini-tasche-elegante-handtasche-aus-afrikanischem-stoff\\\/\"]}]},{\"@type\":\"ImageObject\",\"inLanguage\":\"fr-FR\",\"@id\":\"https:\\\/\\\/www.sikati.de\\\/produkt\\\/sikati-ndop-mini-tasche-elegante-handtasche-aus-afrikanischem-stoff\\\/#primaryimage\",\"url\":\"https:\\\/\\\/www.sikati.de\\\/wp-content\\\/uploads\\\/2026\\\/03\\\/IMG_20260312_104748-Photoroom.png\",\"contentUrl\":\"https:\\\/\\\/www.sikati.de\\\/wp-content\\\/uploads\\\/2026\\\/03\\\/IMG_20260312_104748-Photoroom.png\",\"width\":1152,\"height\":2048},{\"@type\":\"BreadcrumbList\",\"@id\":\"https:\\\/\\\/www.sikati.de\\\/produkt\\\/sikati-ndop-mini-tasche-elegante-handtasche-aus-afrikanischem-stoff\\\/#breadcrumb\",\"itemListElement\":[{\"@type\":\"ListItem\",\"position\":1,\"name\":\"Startseite\",\"item\":\"https:\\\/\\\/www.sikati.de\\\/\"},{\"@type\":\"ListItem\",\"position\":2,\"name\":\"Produkte\",\"item\":\"https:\\\/\\\/www.sikati.de\\\/shop\\\/\"},{\"@type\":\"ListItem\",\"position\":3,\"name\":\"SIKAT\u00cd Ndop Mini Tasche\"}]},{\"@type\":\"WebSite\",\"@id\":\"https:\\\/\\\/www.sikati.de\\\/#website\",\"url\":\"https:\\\/\\\/www.sikati.de\\\/\",\"name\":\"Sikat\u00ed\",\"description\":\"Afro Contemporary Fashion &amp; Living\",\"publisher\":{\"@id\":\"https:\\\/\\\/www.sikati.de\\\/#organization\"},\"potentialAction\":[{\"@type\":\"SearchAction\",\"target\":{\"@type\":\"EntryPoint\",\"urlTemplate\":\"https:\\\/\\\/www.sikati.de\\\/?s={search_term_string}\"},\"query-input\":{\"@type\":\"PropertyValueSpecification\",\"valueRequired\":true,\"valueName\":\"search_term_string\"}}],\"inLanguage\":\"fr-FR\"},{\"@type\":\"Organization\",\"@id\":\"https:\\\/\\\/www.sikati.de\\\/#organization\",\"name\":\"Sikat\u00ed\",\"url\":\"https:\\\/\\\/www.sikati.de\\\/\",\"logo\":{\"@type\":\"ImageObject\",\"inLanguage\":\"fr-FR\",\"@id\":\"https:\\\/\\\/www.sikati.de\\\/#\\\/schema\\\/logo\\\/image\\\/\",\"url\":\"https:\\\/\\\/www.sikati.de\\\/wp-content\\\/uploads\\\/2019\\\/03\\\/cropped-cropped-sikati-logo.png\",\"contentUrl\":\"https:\\\/\\\/www.sikati.de\\\/wp-content\\\/uploads\\\/2019\\\/03\\\/cropped-cropped-sikati-logo.png\",\"width\":500,\"height\":201,\"caption\":\"Sikat\u00ed\"},\"image\":{\"@id\":\"https:\\\/\\\/www.sikati.de\\\/#\\\/schema\\\/logo\\\/image\\\/\"},\"sameAs\":[\"https:\\\/\\\/www.facebook.com\\\/Arts.Decoration.Style\",\"https:\\\/\\\/www.instagram.com\\\/sikati_arts\\\/\",\"https:\\\/\\\/www.tiktok.com\\\/@sikati_arts\"]}]}<\/script>\n<!-- \/ Yoast SEO plugin. -->","yoast_head_json":{"title":"SIKAT\u00cd Ndop Mini Tasche - Sikat\u00ed","description":"%","robots":{"index":"index","follow":"follow","max-snippet":"max-snippet:-1","max-image-preview":"max-image-preview:large","max-video-preview":"max-video-preview:-1"},"canonical":"https:\/\/www.sikati.de\/fr\/produit\/sikati-ndop-mini-tasche-elegante-handtasche-aus-afrikanischem-stoff\/","og_locale":"fr_FR","og_type":"article","og_title":"SIKAT\u00cd Ndop Mini Tasche - Sikat\u00ed","og_description":"%","og_url":"https:\/\/www.sikati.de\/fr\/produit\/sikati-ndop-mini-tasche-elegante-handtasche-aus-afrikanischem-stoff\/","og_site_name":"Sikat\u00ed","article_publisher":"https:\/\/www.facebook.com\/Arts.Decoration.Style","article_modified_time":"2026-04-12T19:18:14+00:00","og_image":[{"width":1152,"height":2048,"url":"https:\/\/www.sikati.de\/wp-content\/uploads\/2026\/03\/IMG_20260312_104748-Photoroom.png","type":"image\/png"}],"twitter_card":"summary_large_image","twitter_misc":{"Dur\u00e9e de lecture estim\u00e9e":"1 minute"},"schema":{"@context":"https:\/\/schema.org","@graph":[{"@type":"WebPage","@id":"https:\/\/www.sikati.de\/produkt\/sikati-ndop-mini-tasche-elegante-handtasche-aus-afrikanischem-stoff\/","url":"https:\/\/www.sikati.de\/produkt\/sikati-ndop-mini-tasche-elegante-handtasche-aus-afrikanischem-stoff\/","name":"SIKAT\u00cd Ndop Mini Tasche - Sikat\u00ed","isPartOf":{"@id":"https:\/\/www.sikati.de\/#website"},"primaryImageOfPage":{"@id":"https:\/\/www.sikati.de\/produkt\/sikati-ndop-mini-tasche-elegante-handtasche-aus-afrikanischem-stoff\/#primaryimage"},"image":{"@id":"https:\/\/www.sikati.de\/produkt\/sikati-ndop-mini-tasche-elegante-handtasche-aus-afrikanischem-stoff\/#primaryimage"},"thumbnailUrl":"https:\/\/www.sikati.de\/wp-content\/uploads\/2026\/03\/IMG_20260312_104748-Photoroom.png","datePublished":"2026-04-12T18:18:18+00:00","dateModified":"2026-04-12T19:18:14+00:00","description":"%","breadcrumb":{"@id":"https:\/\/www.sikati.de\/produkt\/sikati-ndop-mini-tasche-elegante-handtasche-aus-afrikanischem-stoff\/#breadcrumb"},"inLanguage":"fr-FR","potentialAction":[{"@type":"ReadAction","target":["https:\/\/www.sikati.de\/produkt\/sikati-ndop-mini-tasche-elegante-handtasche-aus-afrikanischem-stoff\/"]}]},{"@type":"ImageObject","inLanguage":"fr-FR","@id":"https:\/\/www.sikati.de\/produkt\/sikati-ndop-mini-tasche-elegante-handtasche-aus-afrikanischem-stoff\/#primaryimage","url":"https:\/\/www.sikati.de\/wp-content\/uploads\/2026\/03\/IMG_20260312_104748-Photoroom.png","contentUrl":"https:\/\/www.sikati.de\/wp-content\/uploads\/2026\/03\/IMG_20260312_104748-Photoroom.png","width":1152,"height":2048},{"@type":"BreadcrumbList","@id":"https:\/\/www.sikati.de\/produkt\/sikati-ndop-mini-tasche-elegante-handtasche-aus-afrikanischem-stoff\/#breadcrumb","itemListElement":[{"@type":"ListItem","position":1,"name":"Startseite","item":"https:\/\/www.sikati.de\/"},{"@type":"ListItem","position":2,"name":"Produkte","item":"https:\/\/www.sikati.de\/shop\/"},{"@type":"ListItem","position":3,"name":"SIKAT\u00cd Ndop Mini Tasche"}]},{"@type":"WebSite","@id":"https:\/\/www.sikati.de\/#website","url":"https:\/\/www.sikati.de\/","name":"Sika\u00ed","description":"Afro Contemporary Fashion &amp; Living","publisher":{"@id":"https:\/\/www.sikati.de\/#organization"},"potentialAction":[{"@type":"SearchAction","target":{"@type":"EntryPoint","urlTemplate":"https:\/\/www.sikati.de\/?s={search_term_string}"},"query-input":{"@type":"PropertyValueSpecification","valueRequired":true,"valueName":"search_term_string"}}],"inLanguage":"fr-FR"},{"@type":"Organization","@id":"https:\/\/www.sikati.de\/#organization","name":"Sika\u00ed","url":"https:\/\/www.sikati.de\/","logo":{"@type":"ImageObject","inLanguage":"fr-FR","@id":"https:\/\/www.sikati.de\/#\/schema\/logo\/image\/","url":"https:\/\/www.sikati.de\/wp-content\/uploads\/2019\/03\/cropped-cropped-sikati-logo.png","contentUrl":"https:\/\/www.sikati.de\/wp-content\/uploads\/2019\/03\/cropped-cropped-sikati-logo.png","width":500,"height":201,"caption":"Sikat\u00ed"},"image":{"@id":"https:\/\/www.sikati.de\/#\/schema\/logo\/image\/"},"sameAs":["https:\/\/www.facebook.com\/Arts.Decoration.Style","https:\/\/www.instagram.com\/sikati_arts\/","https:\/\/www.tiktok.com\/@sikati_arts"]}]}},"_links":{"self":[{"href":"https:\/\/www.sikati.de\/fr\/wp-json\/wp\/v2\/product\/14688","targetHints":{"allow":["GET"]}}],"collection":[{"href":"https:\/\/www.sikati.de\/fr\/wp-json\/wp\/v2\/product"}],"about":[{"href":"https:\/\/www.sikati.de\/fr\/wp-json\/wp\/v2\/types\/product"}],"wp:featuredmedia":[{"embeddable":true,"href":"https:\/\/www.sikati.de\/fr\/wp-json\/wp\/v2\/media\/14542"}],"wp:attachment":[{"href":"https:\/\/www.sikati.de\/fr\/wp-json\/wp\/v2\/media?parent=14688"}],"wp:term":[{"taxonomy":"product_brand","embeddable":true,"href":"https:\/\/www.sikati.de\/fr\/wp-json\/wp\/v2\/product_brand?post=14688"},{"taxonomy":"product_cat","embeddable":true,"href":"https:\/\/www.sikati.de\/fr\/wp-json\/wp\/v2\/product_cat?post=14688"},{"taxonomy":"product_tag","embeddable":true,"href":"https:\/\/www.sikati.de\/fr\/wp-json\/wp\/v2\/product_tag?post=14688"}],"curies":[{"name":"wp","href":"https:\/\/api.w.org\/{rel}","templated":true}]}}