{"id":6785,"date":"2023-07-08T14:38:36","date_gmt":"2023-07-08T12:38:36","guid":{"rendered":"https:\/\/sikati.de\/?post_type=product&#038;p=6785"},"modified":"2026-03-21T21:14:27","modified_gmt":"2026-03-21T20:14:27","slug":"namji-perlenpuppe","status":"publish","type":"product","link":"https:\/\/www.sikati.de\/fr\/produit\/namji-perlenpuppe\/","title":{"rendered":"Poup\u00e9e Namji en perles Ngonja \u2013 jumelles"},"content":{"rendered":"<p>Les poup\u00e9es Namji sont traditionnellement sculpt\u00e9es dans du bois puis d\u00e9cor\u00e9es de perles, de coquillages cauris, de m\u00e9tal et d&#039;autres \u00e9l\u00e9ments d\u00e9coratifs. Souvent, des perles de verre color\u00e9es sont utilis\u00e9es selon des motifs complexes pour embellir les poup\u00e9es.<\/p>\n<p>Ces poup\u00e9es pr\u00e9sentent une forme humaine stylis\u00e9e, souvent f\u00e9minine. Leurs proportions sont accentu\u00e9es et abstraites, ce qui leur conf\u00e8re une esth\u00e9tique unique.<\/p>\n<p>\u00c0 l&#039;origine, les poup\u00e9es Namji \u00e9taient utilis\u00e9es comme symboles de fertilit\u00e9. Les jeunes femmes les portaient souvent pour assurer leur fertilit\u00e9 et une descendance saine. Elles \u00e9taient \u00e9galement consid\u00e9r\u00e9es comme des amulettes protectrices et \u00e9taient utilis\u00e9es lors de diverses occasions rituelles.<\/p>\n<p>Outre leur r\u00f4le dans les rituels de fertilit\u00e9, ces poup\u00e9es constituent \u00e9galement de pr\u00e9cieux objets culturels qui t\u00e9moignent du savoir-faire artistique et des croyances spirituelles du peuple Namji. Aujourd&#039;hui, elles sont aussi appr\u00e9ci\u00e9es comme \u0153uvres d&#039;art et objets de collection.<\/p>\n<p>Les poup\u00e9es Namji, fabriqu\u00e9es artisanalement, sont \u00e0 la fois des objets rituels et des \u0153uvres d&#039;art d\u00e9coratives, collectionn\u00e9es et expos\u00e9es dans le monde entier. Elles sont r\u00e9put\u00e9es pour leur fabrication soign\u00e9e et leur signification symbolique, profond\u00e9ment ancr\u00e9e dans la tradition Namji.<\/p>\n<p><strong>Ngonja :<\/strong>\u00a0\u201e La Fertile \u201c \u2013 Un nom qui refl\u00e8te la signification symbolique de la fertilit\u00e9 et de la croissance.<\/p>","protected":false},"excerpt":{"rendered":"<p>D\u00e9couvrez la beaut\u00e9 intemporelle et le charme culturel de la poup\u00e9e Namji, sculpt\u00e9e \u00e0 la main et orn\u00e9e de perles. Chaque pi\u00e8ce de cette collection exquise, confectionn\u00e9e avec minutie, refl\u00e8te la richesse des traditions africaines. La poup\u00e9e Namji incarne le lien puissant entre fertilit\u00e9, spiritualit\u00e9 et force f\u00e9minine. Sa surface finement d\u00e9cor\u00e9e de perles lui conf\u00e8re une aura myst\u00e9rieuse qui attire les regards. Fruit d&#039;un savoir-faire authentique et r\u00e9alis\u00e9e avec des mat\u00e9riaux de haute qualit\u00e9, chaque poup\u00e9e est une \u0153uvre d&#039;art unique qui raconte des histoires et apporte une touche d&#039;exotisme \u00e0 votre int\u00e9rieur. Laissez-vous inspirer par sa beaut\u00e9 et son symbolisme.<\/p>\n<p>Pas de facture de TVA, en tant que petite entreprise selon l&#039;article 19 (1) de la loi allemande sur la TVA (UStG).<\/p>\n<p>&nbsp;<\/p>","protected":false},"featured_media":3772,"template":"","meta":{"_acf_changed":false},"product_brand":[],"product_cat":[110,798,917,206],"product_tag":[938,950,948,925,935,952,946,947,942,927,941,905,944,943,940,949,945,931,951,939],"class_list":{"0":"post-6785","1":"product","2":"type-product","3":"status-publish","4":"has-post-thumbnail","6":"product_cat-dekoration","7":"product_cat-glasperlen-deko","8":"product_cat-perlenpuppen","9":"product_cat-wohnaccessoires","10":"product_tag-afrikanische-perlenkunst","11":"product_tag-afrikanische-ritualpuppen","12":"product_tag-dekorative-kunstwerke","13":"product_tag-ethnische-dekoration","14":"product_tag-ethnografische-artefakte","15":"product_tag-exotische-kunst","16":"product_tag-fruchtbarkeitssymbol","17":"product_tag-handgefertigte-skulpturen","18":"product_tag-handgeschnitzte-puppe","19":"product_tag-holzschnitzerei","20":"product_tag-kameruner-kunsthandwerk","21":"product_tag-kulturelles-erbe","22":"product_tag-kunstvolle-perlenarbeit","23":"product_tag-namji-puppen","24":"product_tag-rituelle-kunst","25":"product_tag-sammlerstueck-aus-afrika","26":"product_tag-schutzamulette","27":"product_tag-spirituelle-symbole","28":"product_tag-symbolische-puppen","29":"product_tag-traditionelle-fruchtbarkeitsfigur","31":"first","32":"instock","33":"sale","34":"shipping-taxable","35":"purchasable","36":"product-type-variable"},"acf":[],"yoast_head":"<!-- This site is optimized with the Yoast SEO plugin v27.4 - https:\/\/yoast.com\/product\/yoast-seo-wordpress\/ -->\n<title>Namji Perlenpuppe Ngonja - Zwillinge - Sikat\u00ed<\/title>\n<meta name=\"description\" content=\"%\" \/>\n<meta name=\"robots\" content=\"index, follow, max-snippet:-1, max-image-preview:large, max-video-preview:-1\" \/>\n<link rel=\"canonical\" href=\"https:\/\/www.sikati.de\/fr\/produit\/namji-perlenpuppe\/\" \/>\n<meta property=\"og:locale\" content=\"fr_FR\" \/>\n<meta property=\"og:type\" content=\"article\" \/>\n<meta property=\"og:title\" content=\"Namji Perlenpuppe Ngonja - Zwillinge - Sikat\u00ed\" \/>\n<meta property=\"og:description\" content=\"%\" \/>\n<meta property=\"og:url\" content=\"https:\/\/www.sikati.de\/fr\/produit\/namji-perlenpuppe\/\" \/>\n<meta property=\"og:site_name\" content=\"Sikat\u00ed\" \/>\n<meta property=\"article:publisher\" content=\"https:\/\/www.facebook.com\/Arts.Decoration.Style\" \/>\n<meta property=\"article:modified_time\" content=\"2026-03-21T20:14:27+00:00\" \/>\n<meta property=\"og:image\" content=\"https:\/\/www.sikati.de\/wp-content\/uploads\/2022\/03\/2021-07-22-11.02.16-scaled.jpeg\" \/>\n\t<meta property=\"og:image:width\" content=\"1709\" \/>\n\t<meta property=\"og:image:height\" content=\"2560\" \/>\n\t<meta property=\"og:image:type\" content=\"image\/jpeg\" \/>\n<meta name=\"twitter:card\" content=\"summary_large_image\" \/>\n<meta name=\"twitter:label1\" content=\"Dur\u00e9e de lecture estim\u00e9e\" \/>\n\t<meta name=\"twitter:data1\" content=\"2 minutes\" \/>\n<script type=\"application\/ld+json\" class=\"yoast-schema-graph\">{\"@context\":\"https:\\\/\\\/schema.org\",\"@graph\":[{\"@type\":\"WebPage\",\"@id\":\"https:\\\/\\\/www.sikati.de\\\/produkt\\\/namji-perlenpuppe\\\/\",\"url\":\"https:\\\/\\\/www.sikati.de\\\/produkt\\\/namji-perlenpuppe\\\/\",\"name\":\"Namji Perlenpuppe Ngonja - Zwillinge - Sikat\u00ed\",\"isPartOf\":{\"@id\":\"https:\\\/\\\/www.sikati.de\\\/#website\"},\"primaryImageOfPage\":{\"@id\":\"https:\\\/\\\/www.sikati.de\\\/produkt\\\/namji-perlenpuppe\\\/#primaryimage\"},\"image\":{\"@id\":\"https:\\\/\\\/www.sikati.de\\\/produkt\\\/namji-perlenpuppe\\\/#primaryimage\"},\"thumbnailUrl\":\"https:\\\/\\\/www.sikati.de\\\/wp-content\\\/uploads\\\/2022\\\/03\\\/2021-07-22-11.02.16-scaled.jpeg\",\"datePublished\":\"2023-07-08T12:38:36+00:00\",\"dateModified\":\"2026-03-21T20:14:27+00:00\",\"description\":\"%\",\"breadcrumb\":{\"@id\":\"https:\\\/\\\/www.sikati.de\\\/produkt\\\/namji-perlenpuppe\\\/#breadcrumb\"},\"inLanguage\":\"fr-FR\",\"potentialAction\":[{\"@type\":\"ReadAction\",\"target\":[\"https:\\\/\\\/www.sikati.de\\\/produkt\\\/namji-perlenpuppe\\\/\"]}]},{\"@type\":\"ImageObject\",\"inLanguage\":\"fr-FR\",\"@id\":\"https:\\\/\\\/www.sikati.de\\\/produkt\\\/namji-perlenpuppe\\\/#primaryimage\",\"url\":\"https:\\\/\\\/www.sikati.de\\\/wp-content\\\/uploads\\\/2022\\\/03\\\/2021-07-22-11.02.16-scaled.jpeg\",\"contentUrl\":\"https:\\\/\\\/www.sikati.de\\\/wp-content\\\/uploads\\\/2022\\\/03\\\/2021-07-22-11.02.16-scaled.jpeg\",\"width\":1709,\"height\":2560},{\"@type\":\"BreadcrumbList\",\"@id\":\"https:\\\/\\\/www.sikati.de\\\/produkt\\\/namji-perlenpuppe\\\/#breadcrumb\",\"itemListElement\":[{\"@type\":\"ListItem\",\"position\":1,\"name\":\"Startseite\",\"item\":\"https:\\\/\\\/www.sikati.de\\\/\"},{\"@type\":\"ListItem\",\"position\":2,\"name\":\"Produkte\",\"item\":\"https:\\\/\\\/www.sikati.de\\\/shop\\\/\"},{\"@type\":\"ListItem\",\"position\":3,\"name\":\"Namji Perlenpuppe Ngonja &#8211; Zwillinge\"}]},{\"@type\":\"WebSite\",\"@id\":\"https:\\\/\\\/www.sikati.de\\\/#website\",\"url\":\"https:\\\/\\\/www.sikati.de\\\/\",\"name\":\"Sikat\u00ed\",\"description\":\"Afro Contemporary Fashion &amp; Living\",\"publisher\":{\"@id\":\"https:\\\/\\\/www.sikati.de\\\/#organization\"},\"potentialAction\":[{\"@type\":\"SearchAction\",\"target\":{\"@type\":\"EntryPoint\",\"urlTemplate\":\"https:\\\/\\\/www.sikati.de\\\/?s={search_term_string}\"},\"query-input\":{\"@type\":\"PropertyValueSpecification\",\"valueRequired\":true,\"valueName\":\"search_term_string\"}}],\"inLanguage\":\"fr-FR\"},{\"@type\":\"Organization\",\"@id\":\"https:\\\/\\\/www.sikati.de\\\/#organization\",\"name\":\"Sikat\u00ed\",\"url\":\"https:\\\/\\\/www.sikati.de\\\/\",\"logo\":{\"@type\":\"ImageObject\",\"inLanguage\":\"fr-FR\",\"@id\":\"https:\\\/\\\/www.sikati.de\\\/#\\\/schema\\\/logo\\\/image\\\/\",\"url\":\"https:\\\/\\\/www.sikati.de\\\/wp-content\\\/uploads\\\/2019\\\/03\\\/cropped-cropped-sikati-logo.png\",\"contentUrl\":\"https:\\\/\\\/www.sikati.de\\\/wp-content\\\/uploads\\\/2019\\\/03\\\/cropped-cropped-sikati-logo.png\",\"width\":500,\"height\":201,\"caption\":\"Sikat\u00ed\"},\"image\":{\"@id\":\"https:\\\/\\\/www.sikati.de\\\/#\\\/schema\\\/logo\\\/image\\\/\"},\"sameAs\":[\"https:\\\/\\\/www.facebook.com\\\/Arts.Decoration.Style\",\"https:\\\/\\\/www.instagram.com\\\/sikati_arts\\\/\",\"https:\\\/\\\/www.tiktok.com\\\/@sikati_arts\"]}]}<\/script>\n<!-- \/ Yoast SEO plugin. -->","yoast_head_json":{"title":"Namji Perlenpuppe Ngonja - Zwillinge - Sikat\u00ed","description":"%","robots":{"index":"index","follow":"follow","max-snippet":"max-snippet:-1","max-image-preview":"max-image-preview:large","max-video-preview":"max-video-preview:-1"},"canonical":"https:\/\/www.sikati.de\/fr\/produit\/namji-perlenpuppe\/","og_locale":"fr_FR","og_type":"article","og_title":"Namji Perlenpuppe Ngonja - Zwillinge - Sikat\u00ed","og_description":"%","og_url":"https:\/\/www.sikati.de\/fr\/produit\/namji-perlenpuppe\/","og_site_name":"Sikat\u00ed","article_publisher":"https:\/\/www.facebook.com\/Arts.Decoration.Style","article_modified_time":"2026-03-21T20:14:27+00:00","og_image":[{"width":1709,"height":2560,"url":"https:\/\/www.sikati.de\/wp-content\/uploads\/2022\/03\/2021-07-22-11.02.16-scaled.jpeg","type":"image\/jpeg"}],"twitter_card":"summary_large_image","twitter_misc":{"Dur\u00e9e de lecture estim\u00e9e":"2 minutes"},"schema":{"@context":"https:\/\/schema.org","@graph":[{"@type":"WebPage","@id":"https:\/\/www.sikati.de\/produkt\/namji-perlenpuppe\/","url":"https:\/\/www.sikati.de\/produkt\/namji-perlenpuppe\/","name":"Namji Perlenpuppe Ngonja - Zwillinge - Sikat\u00ed","isPartOf":{"@id":"https:\/\/www.sikati.de\/#website"},"primaryImageOfPage":{"@id":"https:\/\/www.sikati.de\/produkt\/namji-perlenpuppe\/#primaryimage"},"image":{"@id":"https:\/\/www.sikati.de\/produkt\/namji-perlenpuppe\/#primaryimage"},"thumbnailUrl":"https:\/\/www.sikati.de\/wp-content\/uploads\/2022\/03\/2021-07-22-11.02.16-scaled.jpeg","datePublished":"2023-07-08T12:38:36+00:00","dateModified":"2026-03-21T20:14:27+00:00","description":"%","breadcrumb":{"@id":"https:\/\/www.sikati.de\/produkt\/namji-perlenpuppe\/#breadcrumb"},"inLanguage":"fr-FR","potentialAction":[{"@type":"ReadAction","target":["https:\/\/www.sikati.de\/produkt\/namji-perlenpuppe\/"]}]},{"@type":"ImageObject","inLanguage":"fr-FR","@id":"https:\/\/www.sikati.de\/produkt\/namji-perlenpuppe\/#primaryimage","url":"https:\/\/www.sikati.de\/wp-content\/uploads\/2022\/03\/2021-07-22-11.02.16-scaled.jpeg","contentUrl":"https:\/\/www.sikati.de\/wp-content\/uploads\/2022\/03\/2021-07-22-11.02.16-scaled.jpeg","width":1709,"height":2560},{"@type":"BreadcrumbList","@id":"https:\/\/www.sikati.de\/produkt\/namji-perlenpuppe\/#breadcrumb","itemListElement":[{"@type":"ListItem","position":1,"name":"Startseite","item":"https:\/\/www.sikati.de\/"},{"@type":"ListItem","position":2,"name":"Produkte","item":"https:\/\/www.sikati.de\/shop\/"},{"@type":"ListItem","position":3,"name":"Namji Perlenpuppe Ngonja &#8211; Zwillinge"}]},{"@type":"WebSite","@id":"https:\/\/www.sikati.de\/#website","url":"https:\/\/www.sikati.de\/","name":"Sika\u00ed","description":"Afro Contemporary Fashion &amp; Living","publisher":{"@id":"https:\/\/www.sikati.de\/#organization"},"potentialAction":[{"@type":"SearchAction","target":{"@type":"EntryPoint","urlTemplate":"https:\/\/www.sikati.de\/?s={search_term_string}"},"query-input":{"@type":"PropertyValueSpecification","valueRequired":true,"valueName":"search_term_string"}}],"inLanguage":"fr-FR"},{"@type":"Organization","@id":"https:\/\/www.sikati.de\/#organization","name":"Sika\u00ed","url":"https:\/\/www.sikati.de\/","logo":{"@type":"ImageObject","inLanguage":"fr-FR","@id":"https:\/\/www.sikati.de\/#\/schema\/logo\/image\/","url":"https:\/\/www.sikati.de\/wp-content\/uploads\/2019\/03\/cropped-cropped-sikati-logo.png","contentUrl":"https:\/\/www.sikati.de\/wp-content\/uploads\/2019\/03\/cropped-cropped-sikati-logo.png","width":500,"height":201,"caption":"Sikat\u00ed"},"image":{"@id":"https:\/\/www.sikati.de\/#\/schema\/logo\/image\/"},"sameAs":["https:\/\/www.facebook.com\/Arts.Decoration.Style","https:\/\/www.instagram.com\/sikati_arts\/","https:\/\/www.tiktok.com\/@sikati_arts"]}]}},"_links":{"self":[{"href":"https:\/\/www.sikati.de\/fr\/wp-json\/wp\/v2\/product\/6785","targetHints":{"allow":["GET"]}}],"collection":[{"href":"https:\/\/www.sikati.de\/fr\/wp-json\/wp\/v2\/product"}],"about":[{"href":"https:\/\/www.sikati.de\/fr\/wp-json\/wp\/v2\/types\/product"}],"wp:featuredmedia":[{"embeddable":true,"href":"https:\/\/www.sikati.de\/fr\/wp-json\/wp\/v2\/media\/3772"}],"wp:attachment":[{"href":"https:\/\/www.sikati.de\/fr\/wp-json\/wp\/v2\/media?parent=6785"}],"wp:term":[{"taxonomy":"product_brand","embeddable":true,"href":"https:\/\/www.sikati.de\/fr\/wp-json\/wp\/v2\/product_brand?post=6785"},{"taxonomy":"product_cat","embeddable":true,"href":"https:\/\/www.sikati.de\/fr\/wp-json\/wp\/v2\/product_cat?post=6785"},{"taxonomy":"product_tag","embeddable":true,"href":"https:\/\/www.sikati.de\/fr\/wp-json\/wp\/v2\/product_tag?post=6785"}],"curies":[{"name":"wp","href":"https:\/\/api.w.org\/{rel}","templated":true}]}}